{"id":442,"date":"2022-03-07T11:51:55","date_gmt":"2022-03-07T11:51:55","guid":{"rendered":"https:\/\/intl.phonak.com\/sk-sk\/pediatric-center\/"},"modified":"2026-03-25T13:49:43","modified_gmt":"2026-03-25T13:49:43","slug":"pediatric-center","status":"publish","type":"page","link":"https:\/\/intl.phonak.com\/sk-sk\/pediatric-center\/","title":{"rendered":"Pediatric Center"},"content":{"rendered":"\n<div class=\"wp-block-cover alignfull is-light\"><span aria-hidden=\"true\" class=\"wp-block-cover__background has-white-background-color has-background-dim-60 has-background-dim\"><\/span><img decoding=\"async\" class=\"wp-block-cover__image-background wp-image-5374\" alt=\"\" src=\"https:\/\/intl.phonak.com\/main-english\/wp-content\/uploads\/sites\/3\/2022\/03\/Banner-Ped-center.jpg\" style=\"object-position:45% 65%\" data-object-fit=\"cover\" data-object-position=\"45% 65%\"\/><div class=\"wp-block-cover__inner-container is-layout-flow wp-block-cover-is-layout-flow\">\n<h1 class=\"wp-block-heading has-text-align-center has-dark-grey-color has-text-color\" id=\"discover-your-child-s-hearing\">Discover your child&#8217;s hearing<\/h1>\n\n\n\n<p class=\"has-text-align-center has-dark-grey-color has-text-color has-lead-font-size\">Pediatric hearing solutions for every age<\/p>\n<\/div><\/div>\n\n\n\n<figure class=\"wp-block-image aligncenter size-full is-resized\"><img decoding=\"async\" src=\"https:\/\/intl.phonak.com\/main-english\/wp-content\/uploads\/sites\/3\/2022\/03\/Secondary_Logo_Inter_Approved_Pediatric_Hearing_Center.png\" alt=\"\" class=\"wp-image-5429\" style=\"width:411px;height:136px\"\/><\/figure>\n\n\n\n<div style=\"height:62px\" aria-hidden=\"true\" class=\"wp-block-spacer\"><\/div>\n\n\n\n<p class=\"has-text-align-center is-style-default\">A\u00a0Phonak International Approved Pediatric Hearing Center is an international certification that is given to leading centers which fulfill the following requirements: infrastructure adjusted to children and their needs, specialized measurement and diagnostics equipment, and of course dedicated and qualified pediatric hearing specialists to attend the needs of your child and you as a\u00a0parent.<\/p>\n\n\n\n<div style=\"height:63px\" aria-hidden=\"true\" class=\"wp-block-spacer\"><\/div>\n\n\n\n<h2 class=\"wp-block-heading has-text-align-center has-dark-grey-color has-text-color\">Our approved pediatric hearing centers<\/h2>\n\n\n\n<div style=\"height:54px\" aria-hidden=\"true\" class=\"wp-block-spacer\"><\/div>\n\n\n\n<div class=\"wp-block-columns is-layout-flex wp-container-core-columns-is-layout-9d6595d7 wp-block-columns-is-layout-flex\">\n<div class=\"wp-block-column is-layout-flow wp-block-column-is-layout-flow\">\n<figure class=\"wp-block-image aligncenter size-large is-resized\"><img decoding=\"async\" src=\"https:\/\/intl.phonak.com\/main-english\/wp-content\/uploads\/sites\/3\/2022\/03\/Ped-center-Phonak-logo.jpg?w=391\" alt=\"\" class=\"wp-image-5478\" style=\"width:298px;height:155px\"\/><\/figure>\n<\/div>\n\n\n\n<div class=\"wp-block-column is-layout-flow wp-block-column-is-layout-flow\">\n<h4 class=\"wp-block-heading has-text-align-center\">Hearing Center<\/h4>\n\n\n\n<p class=\"has-text-align-center\">Address 1, 111 00 City<br>+00 000 00 00 000 <br>welcome@hearing.com<br>www.phonak.com<\/p>\n<\/div>\n\n\n\n<div class=\"wp-block-column is-layout-flow wp-block-column-is-layout-flow\">\n<figure class=\"wp-block-image aligncenter size-large is-resized\"><img decoding=\"async\" src=\"https:\/\/intl.phonak.com\/main-english\/wp-content\/uploads\/sites\/3\/2023\/04\/Approved-icon_no-text.png?w=591\" alt=\"\" class=\"wp-image-6632\" style=\"width:-5px;height:-5px\"\/><\/figure>\n<\/div>\n<\/div>\n\n\n\n<div style=\"height:66px\" aria-hidden=\"true\" class=\"wp-block-spacer\"><\/div>\n\n\n\n<div class=\"wp-block-columns is-layout-flex wp-container-core-columns-is-layout-9d6595d7 wp-block-columns-is-layout-flex\">\n<div class=\"wp-block-column is-layout-flow wp-block-column-is-layout-flow\">\n<figure class=\"wp-block-image aligncenter size-large is-resized\"><img decoding=\"async\" src=\"https:\/\/intl.phonak.com\/main-english\/wp-content\/uploads\/sites\/3\/2022\/03\/Ped-center-Phonak-logo.jpg?w=391\" alt=\"\" class=\"wp-image-5478\" style=\"width:290px;height:149px\"\/><\/figure>\n<\/div>\n\n\n\n<div class=\"wp-block-column is-layout-flow wp-block-column-is-layout-flow\">\n<h4 class=\"wp-block-heading has-text-align-center\">Hearing Center<\/h4>\n\n\n\n<p class=\"has-text-align-center\">Address 1, 111 00 City<br>+00 000 00 00 000 <br>welcome@hearing.com<br>www.phonak.com<\/p>\n<\/div>\n\n\n\n<div class=\"wp-block-column is-layout-flow wp-block-column-is-layout-flow\">\n<figure class=\"wp-block-image aligncenter size-full is-resized\"><img decoding=\"async\" src=\"https:\/\/intl.phonak.com\/main-english\/wp-content\/uploads\/sites\/3\/2023\/04\/Approved-icon_no-text.png\" alt=\"\" class=\"wp-image-6632\" style=\"width:-19px;height:-19px\"\/><\/figure>\n<\/div>\n<\/div>\n\n\n\n<div style=\"height:32px\" aria-hidden=\"true\" class=\"wp-block-spacer\"><\/div>\n\n\n\n<h3 class=\"wp-block-heading has-text-align-center has-blue-color has-text-color\">Visiting an approved pediatric hearing center for first time<\/h3>\n\n\n\n<p class=\"has-text-align-center\">Every approved pediatric hearing center provides high quality services, including:<\/p>\n\n\n\n<div style=\"height:55px\" aria-hidden=\"true\" class=\"wp-block-spacer\"><\/div>\n\n\n\n<div class=\"wp-block-columns is-layout-flex wp-container-core-columns-is-layout-9d6595d7 wp-block-columns-is-layout-flex\">\n<div class=\"wp-block-column is-layout-flow wp-block-column-is-layout-flow\">\n<h5 class=\"wp-block-heading has-text-align-center has-blue-color has-text-color\">Counseling on children&#8217;s hearing ability<\/h5>\n\n\n\n<p class=\"has-text-align-center\">Our hearing care professionals are experts in pediatric hearing care. <\/p>\n<\/div>\n\n\n\n<div class=\"wp-block-column is-layout-flow wp-block-column-is-layout-flow\">\n<h5 class=\"wp-block-heading has-text-align-center has-blue-color has-text-color\">Hearing tests made for children<\/h5>\n\n\n\n<p class=\"has-text-align-center\">We use hearing tests and methods developed specifically for children.<\/p>\n<\/div>\n\n\n\n<div class=\"wp-block-column is-layout-flow wp-block-column-is-layout-flow\">\n<h5 class=\"wp-block-heading has-text-align-center has-blue-color has-text-color\">Selecting hearing aids and accessories<\/h5>\n\n\n\n<p class=\"has-text-align-center\">Our experts will advise you on what types of hearing aids and accessories are most suitable for your child.<\/p>\n<\/div>\n<\/div>\n\n\n\n<div style=\"height:61px\" aria-hidden=\"true\" class=\"wp-block-spacer\"><\/div>\n\n\n\n<div class=\"wp-block-columns is-layout-flex wp-container-core-columns-is-layout-9d6595d7 wp-block-columns-is-layout-flex\">\n<div class=\"wp-block-column is-layout-flow wp-block-column-is-layout-flow\">\n<h5 class=\"wp-block-heading has-text-align-center has-blue-color has-text-color\">Advice on educational and financial assistance<\/h5>\n\n\n\n<p class=\"has-text-align-center\">We can offer guidance and advise on educational and financial assistance for hearing aids and accessories.<\/p>\n<\/div>\n\n\n\n<div class=\"wp-block-column is-layout-flow wp-block-column-is-layout-flow\">\n<h5 class=\"wp-block-heading has-text-align-center has-blue-color has-text-color\">Practical communication tips <br><\/h5>\n\n\n\n<p class=\"has-text-align-center\">Ask your hearing care professional for practical tips on how to improve your child\u2019s speech.<\/p>\n<\/div>\n\n\n\n<div class=\"wp-block-column is-layout-flow wp-block-column-is-layout-flow\">\n<h5 class=\"wp-block-heading has-text-align-center has-blue-color has-text-color\">Regular monitoring<br><\/h5>\n\n\n\n<p class=\"has-text-align-center\">Since children are continuously growing, it is important to do regular hearing checks. Your hearing care professional will tell you more.<\/p>\n<\/div>\n<\/div>\n\n\n\n<div style=\"height:71px\" aria-hidden=\"true\" class=\"wp-block-spacer\"><\/div>\n\n\n\n<div class=\"wp-block-group alignfull is-style-default has-light-grey-background-color has-background is-layout-flow wp-block-group-is-layout-flow\">\n\t<div class=\"wp-block-pho-product-selection \">\n\t\t<div class=\"grid-x grid-padding-x grid-padding-y\">\n\n\t\t\t\t\t\t\t<div class=\"cell\">\n\t\t\t\t\t<h2 class=\"text-center\">Discover pediatric hearing solutions<\/h2>\n\t\t\t\t<\/div>\n\t\t\t\t\n\t\t\t\t<div class=\"cell medium-6 large-4 flex-container\">\n\t\t\t\t\t\n<article id=\"post-37\" class=\"product-card post-37 pho_products type-pho_products status-publish has-post-thumbnail hentry pho_product_type-deti-a-tinedzeri pho_product_type-vykonne-riesenie pho_product_category-deti pho_product_category-nacuvacie-pristroje pho_product_platforms-lumity\">\n\t\t<a class=\"flex-container flex-dir-column align-justify align-top\" href=\"https:\/\/intl.phonak.com\/sk-sk\/produkty\/phonak-sky-lumity\/\">\n\t\t<div class=\"product-card-content-wrapper\">\n\t\t\t\n\t\t\t\t<div class=\"product-image-wrapper\">\n\t\t\t\t\t<img loading=\"lazy\" decoding=\"async\" width=\"600\" height=\"600\" src=\"https:\/\/intl.phonak.com\/sk-sk\/wp-content\/uploads\/sites\/64\/2025\/06\/PH_Packshot_Love-Sky-L-Hook_M8-1.png?w=600\" class=\"attachment-post-thumbnail size-post-thumbnail wp-post-image\" alt=\"Phonak Sky Lumity\" srcset=\"https:\/\/intl.phonak.com\/sk-sk\/wp-content\/uploads\/sites\/64\/2025\/06\/PH_Packshot_Love-Sky-L-Hook_M8-1.png 600w, https:\/\/intl.phonak.com\/sk-sk\/wp-content\/uploads\/sites\/64\/2025\/06\/PH_Packshot_Love-Sky-L-Hook_M8-1.png?resize=150,150 150w, https:\/\/intl.phonak.com\/sk-sk\/wp-content\/uploads\/sites\/64\/2025\/06\/PH_Packshot_Love-Sky-L-Hook_M8-1.png?resize=300,300 300w\" sizes=\"auto, (max-width: 600px) 100vw, 600px\" \/>\t\t\t\t<\/div>\n\n\t\t\t\t<h3 class=\"entry-title\">Phonak Sky\u2122 Lumity<\/h3><p>Na\u010d\u00favacie pr\u00edstroje pre deti vybaven\u00e9 najnov\u0161ou technol\u00f3giou Lumity. Pon\u00faka \u0161irok\u00fa \u0161k\u00e1lu farebn\u00fdch kombin\u00e1ci\u00ed pre deti, ktor\u00e9 pod\u010diarknu ich osobnos\u0165.<\/p>\n\t\t<\/div>\n\t\t<div class=\"wp-block-button\">\n\t\t\t<div class=\"wp-block-button__link\">\u010c\u00edta\u0165 \u010falej<\/div>\n\t\t<\/div>\n\t<\/a>\n<\/article><!-- #post-37 -->\n\t\t\t\t<\/div>\n\n\t\t\t\t\n\t\t\t\t<div class=\"cell medium-6 large-4 flex-container\">\n\t\t\t\t\t\n<article id=\"post-160\" class=\"product-card post-160 pho_products type-pho_products status-publish has-post-thumbnail hentry pho_product_type-roger pho_product_category-vzdialene-mikrofony-roger pho_product_platforms-roger\">\n\t\t<a class=\"flex-container flex-dir-column align-justify align-top\" href=\"https:\/\/intl.phonak.com\/sk-sk\/produkty\/roger-on\/\">\n\t\t<div class=\"product-card-content-wrapper\">\n\t\t\t\n\t\t\t\t<div class=\"product-image-wrapper\">\n\t\t\t\t\t<img loading=\"lazy\" decoding=\"async\" width=\"600\" height=\"600\" src=\"https:\/\/intl.phonak.com\/sk-sk\/wp-content\/uploads\/sites\/64\/2025\/06\/PH_Packshot_Roger_On_front_perspective_056-3010-P7.png?w=600\" class=\"attachment-post-thumbnail size-post-thumbnail wp-post-image\" alt=\"Roger On\" srcset=\"https:\/\/intl.phonak.com\/sk-sk\/wp-content\/uploads\/sites\/64\/2025\/06\/PH_Packshot_Roger_On_front_perspective_056-3010-P7.png 600w, https:\/\/intl.phonak.com\/sk-sk\/wp-content\/uploads\/sites\/64\/2025\/06\/PH_Packshot_Roger_On_front_perspective_056-3010-P7.png?resize=150,150 150w, https:\/\/intl.phonak.com\/sk-sk\/wp-content\/uploads\/sites\/64\/2025\/06\/PH_Packshot_Roger_On_front_perspective_056-3010-P7.png?resize=300,300 300w\" sizes=\"auto, (max-width: 600px) 100vw, 600px\" \/>\t\t\t\t<\/div>\n\n\t\t\t\t<h3 class=\"entry-title\">Roger On\u2122<\/h3><p>Tento v\u0161estrann\u00fd mikrof\u00f3n pre na\u010d\u00favacie pr\u00edstroje je navrhnut\u00fd tak, aby zlep\u0161il zrozumite\u013enos\u0165 konverz\u00e1cie v\u00a0n\u00e1ro\u010dn\u00fdch posluchov\u00fdch situ\u00e1ci\u00e1ch. Rozpozn\u00e1va, \u010di re\u010d prich\u00e1dza z\u00a0\u013eavej alebo pravej strany, a\u00a0automaticky prep\u00edna medzi r\u00f4znymi re\u017eimami mikrof\u00f3nu v\u00a0z\u00e1vislosti od toho, \u010di ho pou\u017e\u00edvate polo\u017een\u00fd na stole, pripnut\u00fd na oble\u010den\u00ed alebo ho dr\u017e\u00edte v\u00a0ruke. <\/p>\n\t\t<\/div>\n\t\t<div class=\"wp-block-button\">\n\t\t\t<div class=\"wp-block-button__link\">\u010c\u00edta\u0165 \u010falej<\/div>\n\t\t<\/div>\n\t<\/a>\n<\/article><!-- #post-160 -->\n\t\t\t\t<\/div>\n\n\t\t\t\t\n\t\t\t\t<div class=\"cell medium-6 large-4 flex-container\">\n\t\t\t\t\t\n<article id=\"post-180\" class=\"product-card post-180 pho_products type-pho_products status-publish has-post-thumbnail hentry pho_product_type-deti-a-tinedzeri pho_product_type-roger pho_product_category-vzdialene-mikrofony-roger pho_product_platforms-roger\">\n\t\t<a class=\"flex-container flex-dir-column align-justify align-top\" href=\"https:\/\/intl.phonak.com\/sk-sk\/produkty\/roger-touchscreen-mic\/\">\n\t\t<div class=\"product-card-content-wrapper\">\n\t\t\t\n\t\t\t\t<div class=\"product-image-wrapper\">\n\t\t\t\t\t<img loading=\"lazy\" decoding=\"async\" width=\"600\" height=\"600\" src=\"https:\/\/intl.phonak.com\/sk-sk\/wp-content\/uploads\/sites\/64\/2025\/06\/Packshot_Roger_Touchscreen_Mic_Standing_Perspective_052-3297-P5.png?w=600\" class=\"attachment-post-thumbnail size-post-thumbnail wp-post-image\" alt=\"\" srcset=\"https:\/\/intl.phonak.com\/sk-sk\/wp-content\/uploads\/sites\/64\/2025\/06\/Packshot_Roger_Touchscreen_Mic_Standing_Perspective_052-3297-P5.png 600w, https:\/\/intl.phonak.com\/sk-sk\/wp-content\/uploads\/sites\/64\/2025\/06\/Packshot_Roger_Touchscreen_Mic_Standing_Perspective_052-3297-P5.png?resize=150,150 150w, https:\/\/intl.phonak.com\/sk-sk\/wp-content\/uploads\/sites\/64\/2025\/06\/Packshot_Roger_Touchscreen_Mic_Standing_Perspective_052-3297-P5.png?resize=300,300 300w\" sizes=\"auto, (max-width: 600px) 100vw, 600px\" \/>\t\t\t\t<\/div>\n\n\t\t\t\t<h3 class=\"entry-title\">Roger Touchscreen Mic<\/h3><p>Jednoduch\u00fd intuit\u00edvny mikrof\u00f3n, ktor\u00fd u\u010dite\u013e m\u00f4\u017ee nosi\u0165 zavesen\u00fd na krku alebo ho umiestni\u0165 na st\u00f4l a\u00a0zachyti\u0165 re\u010d celej skupiny \u0161tudentov.<\/p>\n\t\t<\/div>\n\t\t<div class=\"wp-block-button\">\n\t\t\t<div class=\"wp-block-button__link\">\u010c\u00edta\u0165 \u010falej<\/div>\n\t\t<\/div>\n\t<\/a>\n<\/article><!-- #post-180 -->\n\t\t\t\t<\/div>\n\n\t\t\t\t\n\t\t<\/div>\n\t<\/div>\n\n\t<\/div>\n\n\n\n<div style=\"height:100px\" aria-hidden=\"true\" class=\"wp-block-spacer\"><\/div>\n\n\n\n<div class=\"wp-block-media-text is-stacked-on-mobile cta-block\" style=\"grid-template-columns:35% auto\"><figure class=\"wp-block-media-text__media\"><img decoding=\"async\" src=\"https:\/\/intl.phonak.com\/main-english\/wp-content\/uploads\/sites\/3\/2021\/11\/cta-image.jpg?w=401\" alt=\"\" class=\"wp-image-6738 size-full\"\/><\/figure><div class=\"wp-block-media-text__content\">\n<div class=\"wp-block-create-block-icon-selector\"><i class=\"fal fa-map-marker-alt\"><\/i><\/div>   \n<h3 class=\"wp-block-heading\">Odborn\u00edci vo va\u0161ej bl\u00edzkosti<\/h3>   <p>Vami vybran\u00fd odborn\u00edk v\u00e1m pom\u00f4\u017ee urobi\u0165 v\u00fdber, ktor\u00fd je pre v\u00e1s ide\u00e1lny. Zoh\u013eadn\u00ed va\u0161e sluchov\u00e9 potreby, finan\u010dn\u00e9 mo\u017enosti, \u017eivotn\u00fd \u0161t\u00fdl a\u00a0individu\u00e1lne posluchov\u00e9 preferencie. <\/p>   <div class=\"wp-block-buttons is-layout-flex wp-block-buttons-is-layout-flex\">\n<div class=\"wp-block-button is-style-marker-green\"><a class=\"wp-block-button__link wp-element-button\" href=\"https:\/\/intl.phonak.com\/sk-sk\/najst-odbornika\/\">Vyh\u013eada\u0165 odborn\u00edka<\/a><\/div>\n<\/div>\n<\/div><\/div> ","protected":false},"excerpt":{"rendered":"<p>A\u00a0Phonak International Approved Pediatric Hearing Center is an international certification that is given to leading centers which fulfill the following&#8230;<\/p>\n","protected":false},"author":14,"featured_media":0,"parent":0,"menu_order":0,"comment_status":"closed","ping_status":"closed","template":"","meta":{"_acf_changed":false,"inline_featured_image":false,"footnotes":""},"class_list":["post-442","page","type-page","status-publish","hentry"],"acf":[],"yoast_head":"<!-- This site is optimized with the Yoast SEO plugin v26.9 - https:\/\/yoast.com\/product\/yoast-seo-wordpress\/ -->\n<title>Pediatric Center - Phonak - Slovensko<\/title>\n<meta name=\"robots\" content=\"index, follow, max-snippet:-1, max-image-preview:large, max-video-preview:-1\" \/>\n<link rel=\"canonical\" href=\"https:\/\/wordpress.sonova.com\/unitron-demo\/?page_id=5372\" \/>\n<meta property=\"og:locale\" content=\"sk_SK\" \/>\n<meta property=\"og:type\" content=\"article\" \/>\n<meta property=\"og:title\" content=\"Pediatric Center - Phonak - Slovensko\" \/>\n<meta property=\"og:description\" content=\"A\u00a0Phonak International Approved Pediatric Hearing Center is an international certification that is given to leading centers which fulfill the following...\" \/>\n<meta property=\"og:url\" content=\"https:\/\/intl.phonak.com\/sk-sk\/pediatric-center\/\" \/>\n<meta property=\"og:site_name\" content=\"Phonak - Slovensko\" \/>\n<meta property=\"article:modified_time\" content=\"2026-03-25T13:49:43+00:00\" \/>\n<meta property=\"og:image\" content=\"https:\/\/intl.phonak.com\/sk-sk\/wp-content\/uploads\/sites\/3\/2022\/03\/Banner-Ped-center.jpg\" \/>\n<meta name=\"twitter:card\" content=\"summary_large_image\" \/>\n<meta name=\"twitter:label1\" content=\"Est. reading time\" \/>\n\t<meta name=\"twitter:data1\" content=\"3 minutes\" \/>\n<script type=\"application\/ld+json\" class=\"yoast-schema-graph\">{\"@context\":\"https:\/\/schema.org\",\"@graph\":[{\"@type\":\"WebPage\",\"@id\":\"https:\/\/intl.phonak.com\/sk-sk\/?page_id=442\",\"url\":\"https:\/\/intl.phonak.com\/sk-sk\/?page_id=442\",\"name\":\"Pediatric Center - Phonak - Slovensko\",\"isPartOf\":{\"@id\":\"https:\/\/intl.phonak.com\/sk-sk\/#website\"},\"primaryImageOfPage\":{\"@id\":\"https:\/\/intl.phonak.com\/sk-sk\/?page_id=442#primaryimage\"},\"image\":{\"@id\":\"https:\/\/intl.phonak.com\/sk-sk\/?page_id=442#primaryimage\"},\"thumbnailUrl\":\"https:\/\/intl.phonak.com\/main-english\/wp-content\/uploads\/sites\/3\/2022\/03\/Banner-Ped-center.jpg\",\"datePublished\":\"2022-03-07T11:51:55+00:00\",\"dateModified\":\"2026-03-25T13:49:43+00:00\",\"breadcrumb\":{\"@id\":\"https:\/\/intl.phonak.com\/sk-sk\/?page_id=442#breadcrumb\"},\"inLanguage\":\"sk-SK\",\"potentialAction\":[{\"@type\":\"ReadAction\",\"target\":[\"https:\/\/intl.phonak.com\/sk-sk\/?page_id=442\"]}]},{\"@type\":\"ImageObject\",\"inLanguage\":\"sk-SK\",\"@id\":\"https:\/\/intl.phonak.com\/sk-sk\/?page_id=442#primaryimage\",\"url\":\"https:\/\/intl.phonak.com\/main-english\/wp-content\/uploads\/sites\/3\/2022\/03\/Banner-Ped-center.jpg\",\"contentUrl\":\"https:\/\/intl.phonak.com\/main-english\/wp-content\/uploads\/sites\/3\/2022\/03\/Banner-Ped-center.jpg\"},{\"@type\":\"BreadcrumbList\",\"@id\":\"https:\/\/intl.phonak.com\/sk-sk\/?page_id=442#breadcrumb\",\"itemListElement\":[{\"@type\":\"ListItem\",\"position\":1,\"name\":\"Home\",\"item\":\"https:\/\/intl.phonak.com\/sk-sk\/\"},{\"@type\":\"ListItem\",\"position\":2,\"name\":\"Centrum pre detsku starostlivost\"}]},{\"@type\":\"WebSite\",\"@id\":\"https:\/\/intl.phonak.com\/sk-sk\/#website\",\"url\":\"https:\/\/intl.phonak.com\/sk-sk\/\",\"name\":\"Phonak - Slovensko\",\"description\":\"Odhodlan\u00ed meni\u0165 \u017eivoty\",\"publisher\":{\"@id\":\"https:\/\/intl.phonak.com\/sk-sk\/#organization\"},\"potentialAction\":[{\"@type\":\"SearchAction\",\"target\":{\"@type\":\"EntryPoint\",\"urlTemplate\":\"https:\/\/intl.phonak.com\/sk-sk\/?s={search_term_string}\"},\"query-input\":{\"@type\":\"PropertyValueSpecification\",\"valueRequired\":true,\"valueName\":\"search_term_string\"}}],\"inLanguage\":\"sk-SK\"},{\"@type\":\"Organization\",\"@id\":\"https:\/\/intl.phonak.com\/sk-sk\/#organization\",\"name\":\"Phonak - Slovensko\",\"url\":\"https:\/\/intl.phonak.com\/sk-sk\/\",\"logo\":{\"@type\":\"ImageObject\",\"inLanguage\":\"sk-SK\",\"@id\":\"https:\/\/intl.phonak.com\/sk-sk\/#\/schema\/logo\/image\/\",\"url\":\"https:\/\/intl.phonak.com\/sk-sk\/wp-content\/uploads\/sites\/64\/2025\/06\/logo-phonak.svg\",\"contentUrl\":\"https:\/\/intl.phonak.com\/sk-sk\/wp-content\/uploads\/sites\/64\/2025\/06\/logo-phonak.svg\",\"caption\":\"Phonak - Slovensko\"},\"image\":{\"@id\":\"https:\/\/intl.phonak.com\/sk-sk\/#\/schema\/logo\/image\/\"}}]}<\/script>\n<!-- \/ Yoast SEO plugin. -->","yoast_head_json":{"title":"Pediatric Center - Phonak - Slovensko","robots":{"index":"index","follow":"follow","max-snippet":"max-snippet:-1","max-image-preview":"max-image-preview:large","max-video-preview":"max-video-preview:-1"},"canonical":"https:\/\/wordpress.sonova.com\/unitron-demo\/?page_id=5372","og_locale":"sk_SK","og_type":"article","og_title":"Pediatric Center - Phonak - Slovensko","og_description":"A\u00a0Phonak International Approved Pediatric Hearing Center is an international certification that is given to leading centers which fulfill the following...","og_url":"https:\/\/intl.phonak.com\/sk-sk\/pediatric-center\/","og_site_name":"Phonak - Slovensko","article_modified_time":"2026-03-25T13:49:43+00:00","og_image":[{"url":"https:\/\/intl.phonak.com\/sk-sk\/wp-content\/uploads\/sites\/3\/2022\/03\/Banner-Ped-center.jpg","type":"","width":"","height":""}],"twitter_card":"summary_large_image","twitter_misc":{"Est. reading time":"3 minutes"},"schema":{"@context":"https:\/\/schema.org","@graph":[{"@type":"WebPage","@id":"https:\/\/intl.phonak.com\/sk-sk\/?page_id=442","url":"https:\/\/intl.phonak.com\/sk-sk\/?page_id=442","name":"Pediatric Center - Phonak - Slovensko","isPartOf":{"@id":"https:\/\/intl.phonak.com\/sk-sk\/#website"},"primaryImageOfPage":{"@id":"https:\/\/intl.phonak.com\/sk-sk\/?page_id=442#primaryimage"},"image":{"@id":"https:\/\/intl.phonak.com\/sk-sk\/?page_id=442#primaryimage"},"thumbnailUrl":"https:\/\/intl.phonak.com\/main-english\/wp-content\/uploads\/sites\/3\/2022\/03\/Banner-Ped-center.jpg","datePublished":"2022-03-07T11:51:55+00:00","dateModified":"2026-03-25T13:49:43+00:00","breadcrumb":{"@id":"https:\/\/intl.phonak.com\/sk-sk\/?page_id=442#breadcrumb"},"inLanguage":"sk-SK","potentialAction":[{"@type":"ReadAction","target":["https:\/\/intl.phonak.com\/sk-sk\/?page_id=442"]}]},{"@type":"ImageObject","inLanguage":"sk-SK","@id":"https:\/\/intl.phonak.com\/sk-sk\/?page_id=442#primaryimage","url":"https:\/\/intl.phonak.com\/main-english\/wp-content\/uploads\/sites\/3\/2022\/03\/Banner-Ped-center.jpg","contentUrl":"https:\/\/intl.phonak.com\/main-english\/wp-content\/uploads\/sites\/3\/2022\/03\/Banner-Ped-center.jpg"},{"@type":"BreadcrumbList","@id":"https:\/\/intl.phonak.com\/sk-sk\/?page_id=442#breadcrumb","itemListElement":[{"@type":"ListItem","position":1,"name":"Home","item":"https:\/\/intl.phonak.com\/sk-sk\/"},{"@type":"ListItem","position":2,"name":"Centrum pre detsku starostlivost"}]},{"@type":"WebSite","@id":"https:\/\/intl.phonak.com\/sk-sk\/#website","url":"https:\/\/intl.phonak.com\/sk-sk\/","name":"Phonak - Slovensko","description":"Odhodlan\u00ed meni\u0165 \u017eivoty","publisher":{"@id":"https:\/\/intl.phonak.com\/sk-sk\/#organization"},"potentialAction":[{"@type":"SearchAction","target":{"@type":"EntryPoint","urlTemplate":"https:\/\/intl.phonak.com\/sk-sk\/?s={search_term_string}"},"query-input":{"@type":"PropertyValueSpecification","valueRequired":true,"valueName":"search_term_string"}}],"inLanguage":"sk-SK"},{"@type":"Organization","@id":"https:\/\/intl.phonak.com\/sk-sk\/#organization","name":"Phonak - Slovensko","url":"https:\/\/intl.phonak.com\/sk-sk\/","logo":{"@type":"ImageObject","inLanguage":"sk-SK","@id":"https:\/\/intl.phonak.com\/sk-sk\/#\/schema\/logo\/image\/","url":"https:\/\/intl.phonak.com\/sk-sk\/wp-content\/uploads\/sites\/64\/2025\/06\/logo-phonak.svg","contentUrl":"https:\/\/intl.phonak.com\/sk-sk\/wp-content\/uploads\/sites\/64\/2025\/06\/logo-phonak.svg","caption":"Phonak - Slovensko"},"image":{"@id":"https:\/\/intl.phonak.com\/sk-sk\/#\/schema\/logo\/image\/"}}]}},"jetpack_sharing_enabled":true,"distributor_meta":false,"distributor_terms":false,"distributor_media":false,"distributor_original_site_name":"Phonak - Slovensko","distributor_original_site_url":"https:\/\/intl.phonak.com\/sk-sk","push-errors":false,"_links":{"self":[{"href":"https:\/\/intl.phonak.com\/sk-sk\/wp-json\/wp\/v2\/pages\/442","targetHints":{"allow":["GET"]}}],"collection":[{"href":"https:\/\/intl.phonak.com\/sk-sk\/wp-json\/wp\/v2\/pages"}],"about":[{"href":"https:\/\/intl.phonak.com\/sk-sk\/wp-json\/wp\/v2\/types\/page"}],"author":[{"embeddable":true,"href":"https:\/\/intl.phonak.com\/sk-sk\/wp-json\/wp\/v2\/users\/14"}],"replies":[{"embeddable":true,"href":"https:\/\/intl.phonak.com\/sk-sk\/wp-json\/wp\/v2\/comments?post=442"}],"version-history":[{"count":8,"href":"https:\/\/intl.phonak.com\/sk-sk\/wp-json\/wp\/v2\/pages\/442\/revisions"}],"predecessor-version":[{"id":1506,"href":"https:\/\/intl.phonak.com\/sk-sk\/wp-json\/wp\/v2\/pages\/442\/revisions\/1506"}],"wp:attachment":[{"href":"https:\/\/intl.phonak.com\/sk-sk\/wp-json\/wp\/v2\/media?parent=442"}],"curies":[{"name":"wp","href":"https:\/\/api.w.org\/{rel}","templated":true}]}}