{"id":436,"date":"2021-11-17T21:17:45","date_gmt":"2021-11-17T21:17:45","guid":{"rendered":"https:\/\/intl.phonak.com\/sk-sk\/solutions\/"},"modified":"2025-12-08T15:43:39","modified_gmt":"2025-12-08T15:43:39","slug":"riesenie","status":"publish","type":"page","link":"https:\/\/intl.phonak.com\/sk-sk\/riesenie\/","title":{"rendered":"Rie\u0161enia"},"content":{"rendered":"\n<div class=\"wp-block-cover alignfull is-light\"><img decoding=\"async\" class=\"wp-block-cover__image-background wp-image-4530\" alt=\"Solutions\" src=\"https:\/\/intl.phonak.com\/sk-sk\/wp-content\/uploads\/sites\/3\/2022\/02\/Banner-solutions.jpg\" style=\"object-position:77% 33%\" data-object-fit=\"cover\" data-object-position=\"77% 33%\"\/><span aria-hidden=\"true\" class=\"wp-block-cover__background has-light-grey-background-color has-background-dim\"><\/span><div class=\"wp-block-cover__inner-container is-layout-flow wp-block-cover-is-layout-flow\">\n<h1 class=\"wp-block-heading has-text-align-center has-dark-grey-color has-text-color\" id=\"signs-of-hearing-loss-1\">Dokonal\u00e9 prisp\u00f4sobenie<\/h1>\n\n\n\n<p class=\"has-text-align-center has-dark-grey-color has-text-color has-lead-font-size\">Rie\u0161enia pre ka\u017ed\u00fa situ\u00e1ciu<\/p>\n<\/div><\/div>\n\n\n\n<h2 class=\"wp-block-heading has-text-align-center\" id=\"simplifying-life-with-a-brilliant-solution\">Zjednodu\u0161te si \u017eivot v\u010faka skvel\u00e9mu rie\u0161eniu<\/h2>\n\n\n\n<p class=\"has-text-align-center\">Sloboda \u00eds\u0165, kamko\u013evek si prajete bez obmedzen\u00ed spojen\u00fdch so stratou sluchu, je d\u00f4le\u017eit\u00e1 pre plnohodnotn\u00fd \u017eivot. Presne na to sa zameriavame pri v\u00fdvoji nov\u00fdch technol\u00f3gi\u00ed pre na\u010d\u00favacie pr\u00edstroje a\u00a0pr\u00edslu\u0161enstvo zna\u010dky Phonak.<\/p>\n\n\n\n<p class=\"has-text-align-center\">Na\u0161im cie\u013eom je vyv\u00edja\u0165 na\u010d\u00favacie pr\u00edstroje, ktor\u00e9 automaticky a\u00a0bez n\u00e1mahy zjednodu\u0161uj\u00fa \u017eivot a\u00a0z\u00e1rove\u0148 v\u00e1m zaka\u017ed\u00fdm a\u00a0kdeko\u013evek poskytn\u00fa v\u00fdnimo\u010dn\u00fd z\u00e1\u017eitok z\u00a0po\u010d\u00favania.<\/p>\n\n\n\n<p class=\"has-text-align-center\">Na\u010d\u00favacie pr\u00edstroje pre\u0161li v\u00a0posledn\u00fdch rokoch dlh\u00fa cestu. Nech u\u017e je va\u0161a strata sluchu ak\u00e1ko\u013evek \u2013 od miernej po ve\u013emi \u0165a\u017ek\u00fa \u2013 na\u010d\u00favacie pr\u00edstroje Phonak sa medzi sebou v\u00fdrazne odli\u0161uj\u00fa ve\u013ekos\u0165ou a\u00a0rozsahom vybavenia funkciami, aby sa mohli \u00faplne nepozorovane zapoji\u0165 do v\u00e1\u0161ho \u017eivota.<\/p>\n\n\n\n<div style=\"height:37px\" aria-hidden=\"true\" class=\"wp-block-spacer\"><\/div>\n\n\n\n\t<div class=\"wp-block-pho-product-selection \">\n\t\t<div class=\"grid-x grid-padding-x grid-padding-y\">\n\n\t\t\t\n\t\t\t\t<div class=\"cell medium-6 large-4 flex-container\">\n\t\t\t\t\t\n<article id=\"post-7\" class=\"product-card post-7 pho_products type-pho_products status-publish has-post-thumbnail hentry pho_product_type-prvopouzivatel pho_product_category-nacuvacie-pristroje pho_product_platforms-infinio\">\n\t\t<a class=\"flex-container flex-dir-column align-justify align-top\" href=\"https:\/\/intl.phonak.com\/sk-sk\/produkty\/phonak-audeo-sphere-infinio\/\">\n\t\t<div class=\"product-card-content-wrapper\">\n\t\t\t\n\t\t\t\t<div class=\"product-image-wrapper\">\n\t\t\t\t\t<img loading=\"lazy\" decoding=\"async\" width=\"1024\" height=\"1024\" src=\"https:\/\/intl.phonak.com\/sk-sk\/wp-content\/uploads\/sites\/64\/2026\/02\/PH_Packshot_Audeo-ISphereUltra-transparentIntl_1080x1080.png?w=1024\" class=\"attachment-post-thumbnail size-post-thumbnail wp-post-image\" alt=\"\" srcset=\"https:\/\/intl.phonak.com\/sk-sk\/wp-content\/uploads\/sites\/64\/2026\/02\/PH_Packshot_Audeo-ISphereUltra-transparentIntl_1080x1080.png 4500w, https:\/\/intl.phonak.com\/sk-sk\/wp-content\/uploads\/sites\/64\/2026\/02\/PH_Packshot_Audeo-ISphereUltra-transparentIntl_1080x1080.png?resize=150,150 150w, https:\/\/intl.phonak.com\/sk-sk\/wp-content\/uploads\/sites\/64\/2026\/02\/PH_Packshot_Audeo-ISphereUltra-transparentIntl_1080x1080.png?resize=300,300 300w, https:\/\/intl.phonak.com\/sk-sk\/wp-content\/uploads\/sites\/64\/2026\/02\/PH_Packshot_Audeo-ISphereUltra-transparentIntl_1080x1080.png?resize=768,768 768w, https:\/\/intl.phonak.com\/sk-sk\/wp-content\/uploads\/sites\/64\/2026\/02\/PH_Packshot_Audeo-ISphereUltra-transparentIntl_1080x1080.png?resize=1024,1024 1024w, https:\/\/intl.phonak.com\/sk-sk\/wp-content\/uploads\/sites\/64\/2026\/02\/PH_Packshot_Audeo-ISphereUltra-transparentIntl_1080x1080.png?resize=1536,1536 1536w, https:\/\/intl.phonak.com\/sk-sk\/wp-content\/uploads\/sites\/64\/2026\/02\/PH_Packshot_Audeo-ISphereUltra-transparentIntl_1080x1080.png?resize=2048,2048 2048w\" sizes=\"auto, (max-width: 1024px) 100vw, 1024px\" \/>\t\t\t\t<\/div>\n\n\t\t\t\t<h3 class=\"entry-title\">Phonak Aud\u00e9o Sphere\u2122 Infinio<\/h3><p>Na\u010d\u00favacie pr\u00edstroje Phonak Aud\u00e9o Sphere Infinio sprostredkuj\u00fa v\u00fdnimo\u010dn\u00fa \u010distotu re\u010di z\u00a0ak\u00e9hoko\u013evek smeru, v\u010faka unik\u00e1tnemu sp\u00f4sobu odfiltrovania hluku od re\u010di v\u00e1m umo\u017enia zrozumite\u013en\u00fa komunik\u00e1ciu s\u00a0priate\u013emi, rodinou alebo kolegami aj v\u00a0tom najhlu\u010dnej\u0161om prostred\u00ed.<\/p>\n\t\t<\/div>\n\t\t<div class=\"wp-block-button\">\n\t\t\t<div class=\"wp-block-button__link\">\u010c\u00edta\u0165 \u010falej<\/div>\n\t\t<\/div>\n\t<\/a>\n<\/article><!-- #post-7 -->\n\t\t\t\t<\/div>\n\n\t\t\t\t\n\t\t\t\t<div class=\"cell medium-6 large-4 flex-container\">\n\t\t\t\t\t\n<article id=\"post-13\" class=\"product-card post-13 pho_products type-pho_products status-publish has-post-thumbnail hentry pho_product_type-prvopouzivatel pho_product_category-nacuvacie-pristroje pho_product_platforms-infinio\">\n\t\t<a class=\"flex-container flex-dir-column align-justify align-top\" href=\"https:\/\/intl.phonak.com\/sk-sk\/produkty\/phonak-audeo-infinio\/\">\n\t\t<div class=\"product-card-content-wrapper\">\n\t\t\t\n\t\t\t\t<div class=\"product-image-wrapper\">\n\t\t\t\t\t<img loading=\"lazy\" decoding=\"async\" width=\"1024\" height=\"1024\" src=\"https:\/\/intl.phonak.com\/sk-sk\/wp-content\/uploads\/sites\/64\/2026\/02\/PH_Packshot_Audeo-I-RUltra-transparentIntl_1080x1080.png?w=1024\" class=\"attachment-post-thumbnail size-post-thumbnail wp-post-image\" alt=\"\" srcset=\"https:\/\/intl.phonak.com\/sk-sk\/wp-content\/uploads\/sites\/64\/2026\/02\/PH_Packshot_Audeo-I-RUltra-transparentIntl_1080x1080.png 4500w, https:\/\/intl.phonak.com\/sk-sk\/wp-content\/uploads\/sites\/64\/2026\/02\/PH_Packshot_Audeo-I-RUltra-transparentIntl_1080x1080.png?resize=150,150 150w, https:\/\/intl.phonak.com\/sk-sk\/wp-content\/uploads\/sites\/64\/2026\/02\/PH_Packshot_Audeo-I-RUltra-transparentIntl_1080x1080.png?resize=300,300 300w, https:\/\/intl.phonak.com\/sk-sk\/wp-content\/uploads\/sites\/64\/2026\/02\/PH_Packshot_Audeo-I-RUltra-transparentIntl_1080x1080.png?resize=768,768 768w, https:\/\/intl.phonak.com\/sk-sk\/wp-content\/uploads\/sites\/64\/2026\/02\/PH_Packshot_Audeo-I-RUltra-transparentIntl_1080x1080.png?resize=1024,1024 1024w, https:\/\/intl.phonak.com\/sk-sk\/wp-content\/uploads\/sites\/64\/2026\/02\/PH_Packshot_Audeo-I-RUltra-transparentIntl_1080x1080.png?resize=1536,1536 1536w, https:\/\/intl.phonak.com\/sk-sk\/wp-content\/uploads\/sites\/64\/2026\/02\/PH_Packshot_Audeo-I-RUltra-transparentIntl_1080x1080.png?resize=2048,2048 2048w\" sizes=\"auto, (max-width: 1024px) 100vw, 1024px\" \/>\t\t\t\t<\/div>\n\n\t\t\t\t<h3 class=\"entry-title\">Phonak Aud\u00e9o\u2122 Infinio<\/h3><p>Pre\u017eite ka\u017ed\u00fd okamih s\u00a0v\u00fdnimo\u010dnou kvalitou zvuku a\u00a0komfortu od prv\u00e9ho momentu pou\u017eitia na\u010d\u00favac\u00edch pr\u00edstrojov Aud\u00e9o Infinio. <\/p>\n\t\t<\/div>\n\t\t<div class=\"wp-block-button\">\n\t\t\t<div class=\"wp-block-button__link\">\u010c\u00edta\u0165 \u010falej<\/div>\n\t\t<\/div>\n\t<\/a>\n<\/article><!-- #post-13 -->\n\t\t\t\t<\/div>\n\n\t\t\t\t\n\t\t\t\t<div class=\"cell medium-6 large-4 flex-container\">\n\t\t\t\t\t\n<article id=\"post-17\" class=\"product-card post-17 pho_products type-pho_products status-publish has-post-thumbnail hentry pho_product_type-jednostranna-hluchota pho_product_category-nacuvacie-pristroje pho_product_platforms-infinio\">\n\t\t<a class=\"flex-container flex-dir-column align-justify align-top\" href=\"https:\/\/intl.phonak.com\/sk-sk\/produkty\/phonak-cros-infinio\/\">\n\t\t<div class=\"product-card-content-wrapper\">\n\t\t\t\n\t\t\t\t<div class=\"product-image-wrapper\">\n\t\t\t\t\t<img loading=\"lazy\" decoding=\"async\" width=\"600\" height=\"600\" src=\"https:\/\/intl.phonak.com\/sk-sk\/wp-content\/uploads\/sites\/64\/2024\/10\/PH_Packshot_CROS-I-R_050-1043-P5.png?w=600\" class=\"attachment-post-thumbnail size-post-thumbnail wp-post-image\" alt=\"Phonak CROS Infinio\" srcset=\"https:\/\/intl.phonak.com\/sk-sk\/wp-content\/uploads\/sites\/64\/2024\/10\/PH_Packshot_CROS-I-R_050-1043-P5.png 600w, https:\/\/intl.phonak.com\/sk-sk\/wp-content\/uploads\/sites\/64\/2024\/10\/PH_Packshot_CROS-I-R_050-1043-P5.png?resize=150,150 150w, https:\/\/intl.phonak.com\/sk-sk\/wp-content\/uploads\/sites\/64\/2024\/10\/PH_Packshot_CROS-I-R_050-1043-P5.png?resize=300,300 300w\" sizes=\"auto, (max-width: 600px) 100vw, 600px\" \/>\t\t\t\t<\/div>\n\n\t\t\t\t<h3 class=\"entry-title\">Phonak CROS Infinio<\/h3><p>Na\u0161e rie\u0161enie na platforme Infinio pre osoby s\u00a0jednostrannou hluchotou<\/p>\n\t\t<\/div>\n\t\t<div class=\"wp-block-button\">\n\t\t\t<div class=\"wp-block-button__link\">\u010c\u00edta\u0165 \u010falej<\/div>\n\t\t<\/div>\n\t<\/a>\n<\/article><!-- #post-17 -->\n\t\t\t\t<\/div>\n\n\t\t\t\t\n\t\t<\/div>\n\t<\/div>\n\n\t\n\n\n<div style=\"height:25px\" aria-hidden=\"true\" class=\"wp-block-spacer\"><\/div>\n\n\n\n<p class=\"has-text-align-center\"><a href=\"https:\/\/intl.phonak.com\/sk-sk\/riesenie\/typy-nacuvacich-pristrojov\/\">Presk\u00famajte na\u010d\u00favacie pr\u00edsstroje r\u00f4znych typov<\/a><\/p>\n\n\n\n<div style=\"height:34px\" aria-hidden=\"true\" class=\"wp-block-spacer\"><\/div>\n\n\n\n<div class=\"wp-block-media-text is-stacked-on-mobile cta-block\" style=\"grid-template-columns:35% auto\"><figure class=\"wp-block-media-text__media\"><img decoding=\"async\" src=\"https:\/\/intl.phonak.com\/main-english\/wp-content\/uploads\/sites\/3\/2021\/11\/cta-image.jpg?w=401\" alt=\"\" class=\"wp-image-6738 size-full\"\/><\/figure><div class=\"wp-block-media-text__content\">\n<div class=\"wp-block-create-block-icon-selector\"><i class=\"fal fa-map-marker-alt\"><\/i><\/div>   \n<h3 class=\"wp-block-heading\">Odborn\u00edci vo va\u0161ej bl\u00edzkosti<\/h3>   <p>Vami vybran\u00fd odborn\u00edk v\u00e1m pom\u00f4\u017ee urobi\u0165 v\u00fdber, ktor\u00fd je pre v\u00e1s ide\u00e1lny. Zoh\u013eadn\u00ed va\u0161e sluchov\u00e9 potreby, finan\u010dn\u00e9 mo\u017enosti, \u017eivotn\u00fd \u0161t\u00fdl a\u00a0individu\u00e1lne posluchov\u00e9 preferencie. <\/p>   <div class=\"wp-block-buttons is-layout-flex wp-block-buttons-is-layout-flex\">\n<div class=\"wp-block-button is-style-marker-green\"><a class=\"wp-block-button__link wp-element-button\" href=\"https:\/\/intl.phonak.com\/sk-sk\/najst-odbornika\/\">Vyh\u013eada\u0165 odborn\u00edka<\/a><\/div>\n<\/div>\n<\/div><\/div> ","protected":false},"excerpt":{"rendered":"<p>Zjednodu\u0161te si \u017eivot v\u010faka skvel\u00e9mu rie\u0161eniu Sloboda \u00eds\u0165, kamko\u013evek si prajete bez obmedzen\u00ed spojen\u00fdch so stratou sluchu, je d\u00f4le\u017eit\u00e1 pre&#8230;<\/p>\n","protected":false},"author":5,"featured_media":0,"parent":0,"menu_order":0,"comment_status":"closed","ping_status":"closed","template":"","meta":{"_acf_changed":false,"inline_featured_image":false,"footnotes":""},"class_list":["post-436","page","type-page","status-publish","hentry"],"acf":[],"yoast_head":"<!-- This site is optimized with the Yoast SEO plugin v26.9 - https:\/\/yoast.com\/product\/yoast-seo-wordpress\/ -->\n<title>Rie\u0161enia - Phonak - Slovensko<\/title>\n<meta name=\"robots\" content=\"index, follow, max-snippet:-1, max-image-preview:large, max-video-preview:-1\" \/>\n<link rel=\"canonical\" href=\"https:\/\/intl.phonak.com\/main-english\/solutions\/\" \/>\n<meta property=\"og:locale\" content=\"sk_SK\" \/>\n<meta property=\"og:type\" content=\"article\" \/>\n<meta property=\"og:title\" content=\"Rie\u0161enia - Phonak - Slovensko\" \/>\n<meta property=\"og:description\" content=\"Zjednodu\u0161te si \u017eivot v\u010faka skvel\u00e9mu rie\u0161eniu Sloboda \u00eds\u0165, kamko\u013evek si prajete bez obmedzen\u00ed spojen\u00fdch so stratou sluchu, je d\u00f4le\u017eit\u00e1 pre...\" \/>\n<meta property=\"og:url\" content=\"https:\/\/intl.phonak.com\/sk-sk\/riesenie\/\" \/>\n<meta property=\"og:site_name\" content=\"Phonak - Slovensko\" \/>\n<meta property=\"article:modified_time\" content=\"2025-12-08T15:43:39+00:00\" \/>\n<meta name=\"twitter:card\" content=\"summary_large_image\" \/>\n<meta name=\"twitter:label1\" content=\"Est. reading time\" \/>\n\t<meta name=\"twitter:data1\" content=\"2 minutes\" \/>\n<script type=\"application\/ld+json\" class=\"yoast-schema-graph\">{\"@context\":\"https:\/\/schema.org\",\"@graph\":[{\"@type\":\"WebPage\",\"@id\":\"https:\/\/intl.phonak.com\/sk-sk\/riesenie\/\",\"url\":\"https:\/\/intl.phonak.com\/sk-sk\/riesenie\/\",\"name\":\"Rie\u0161enia - Phonak - Slovensko\",\"isPartOf\":{\"@id\":\"https:\/\/intl.phonak.com\/sk-sk\/#website\"},\"primaryImageOfPage\":{\"@id\":\"https:\/\/intl.phonak.com\/sk-sk\/riesenie\/#primaryimage\"},\"image\":{\"@id\":\"https:\/\/intl.phonak.com\/sk-sk\/riesenie\/#primaryimage\"},\"thumbnailUrl\":\"https:\/\/intl.phonak.com\/sk-sk\/wp-content\/uploads\/sites\/3\/2022\/02\/Banner-solutions.jpg\",\"datePublished\":\"2021-11-17T21:17:45+00:00\",\"dateModified\":\"2025-12-08T15:43:39+00:00\",\"breadcrumb\":{\"@id\":\"https:\/\/intl.phonak.com\/sk-sk\/riesenie\/#breadcrumb\"},\"inLanguage\":\"sk-SK\",\"potentialAction\":[{\"@type\":\"ReadAction\",\"target\":[\"https:\/\/intl.phonak.com\/sk-sk\/riesenie\/\"]}]},{\"@type\":\"ImageObject\",\"inLanguage\":\"sk-SK\",\"@id\":\"https:\/\/intl.phonak.com\/sk-sk\/riesenie\/#primaryimage\",\"url\":\"\",\"contentUrl\":\"\"},{\"@type\":\"BreadcrumbList\",\"@id\":\"https:\/\/intl.phonak.com\/sk-sk\/riesenie\/#breadcrumb\",\"itemListElement\":[{\"@type\":\"ListItem\",\"position\":1,\"name\":\"Home\",\"item\":\"https:\/\/intl.phonak.com\/sk-sk\/\"},{\"@type\":\"ListItem\",\"position\":2,\"name\":\"Rie\u0161enia\"}]},{\"@type\":\"WebSite\",\"@id\":\"https:\/\/intl.phonak.com\/sk-sk\/#website\",\"url\":\"https:\/\/intl.phonak.com\/sk-sk\/\",\"name\":\"Phonak - Slovensko\",\"description\":\"Odhodlan\u00ed meni\u0165 \u017eivoty\",\"publisher\":{\"@id\":\"https:\/\/intl.phonak.com\/sk-sk\/#organization\"},\"potentialAction\":[{\"@type\":\"SearchAction\",\"target\":{\"@type\":\"EntryPoint\",\"urlTemplate\":\"https:\/\/intl.phonak.com\/sk-sk\/?s={search_term_string}\"},\"query-input\":{\"@type\":\"PropertyValueSpecification\",\"valueRequired\":true,\"valueName\":\"search_term_string\"}}],\"inLanguage\":\"sk-SK\"},{\"@type\":\"Organization\",\"@id\":\"https:\/\/intl.phonak.com\/sk-sk\/#organization\",\"name\":\"Phonak - Slovensko\",\"url\":\"https:\/\/intl.phonak.com\/sk-sk\/\",\"logo\":{\"@type\":\"ImageObject\",\"inLanguage\":\"sk-SK\",\"@id\":\"https:\/\/intl.phonak.com\/sk-sk\/#\/schema\/logo\/image\/\",\"url\":\"https:\/\/intl.phonak.com\/sk-sk\/wp-content\/uploads\/sites\/64\/2025\/06\/logo-phonak.svg\",\"contentUrl\":\"https:\/\/intl.phonak.com\/sk-sk\/wp-content\/uploads\/sites\/64\/2025\/06\/logo-phonak.svg\",\"caption\":\"Phonak - Slovensko\"},\"image\":{\"@id\":\"https:\/\/intl.phonak.com\/sk-sk\/#\/schema\/logo\/image\/\"}}]}<\/script>\n<!-- \/ Yoast SEO plugin. -->","yoast_head_json":{"title":"Rie\u0161enia - Phonak - Slovensko","robots":{"index":"index","follow":"follow","max-snippet":"max-snippet:-1","max-image-preview":"max-image-preview:large","max-video-preview":"max-video-preview:-1"},"canonical":"https:\/\/intl.phonak.com\/main-english\/solutions\/","og_locale":"sk_SK","og_type":"article","og_title":"Rie\u0161enia - Phonak - Slovensko","og_description":"Zjednodu\u0161te si \u017eivot v\u010faka skvel\u00e9mu rie\u0161eniu Sloboda \u00eds\u0165, kamko\u013evek si prajete bez obmedzen\u00ed spojen\u00fdch so stratou sluchu, je d\u00f4le\u017eit\u00e1 pre...","og_url":"https:\/\/intl.phonak.com\/sk-sk\/riesenie\/","og_site_name":"Phonak - Slovensko","article_modified_time":"2025-12-08T15:43:39+00:00","twitter_card":"summary_large_image","twitter_misc":{"Est. reading time":"2 minutes"},"schema":{"@context":"https:\/\/schema.org","@graph":[{"@type":"WebPage","@id":"https:\/\/intl.phonak.com\/sk-sk\/riesenie\/","url":"https:\/\/intl.phonak.com\/sk-sk\/riesenie\/","name":"Rie\u0161enia - Phonak - Slovensko","isPartOf":{"@id":"https:\/\/intl.phonak.com\/sk-sk\/#website"},"primaryImageOfPage":{"@id":"https:\/\/intl.phonak.com\/sk-sk\/riesenie\/#primaryimage"},"image":{"@id":"https:\/\/intl.phonak.com\/sk-sk\/riesenie\/#primaryimage"},"thumbnailUrl":"https:\/\/intl.phonak.com\/sk-sk\/wp-content\/uploads\/sites\/3\/2022\/02\/Banner-solutions.jpg","datePublished":"2021-11-17T21:17:45+00:00","dateModified":"2025-12-08T15:43:39+00:00","breadcrumb":{"@id":"https:\/\/intl.phonak.com\/sk-sk\/riesenie\/#breadcrumb"},"inLanguage":"sk-SK","potentialAction":[{"@type":"ReadAction","target":["https:\/\/intl.phonak.com\/sk-sk\/riesenie\/"]}]},{"@type":"ImageObject","inLanguage":"sk-SK","@id":"https:\/\/intl.phonak.com\/sk-sk\/riesenie\/#primaryimage","url":"","contentUrl":""},{"@type":"BreadcrumbList","@id":"https:\/\/intl.phonak.com\/sk-sk\/riesenie\/#breadcrumb","itemListElement":[{"@type":"ListItem","position":1,"name":"Home","item":"https:\/\/intl.phonak.com\/sk-sk\/"},{"@type":"ListItem","position":2,"name":"Rie\u0161enia"}]},{"@type":"WebSite","@id":"https:\/\/intl.phonak.com\/sk-sk\/#website","url":"https:\/\/intl.phonak.com\/sk-sk\/","name":"Phonak - Slovensko","description":"Odhodlan\u00ed meni\u0165 \u017eivoty","publisher":{"@id":"https:\/\/intl.phonak.com\/sk-sk\/#organization"},"potentialAction":[{"@type":"SearchAction","target":{"@type":"EntryPoint","urlTemplate":"https:\/\/intl.phonak.com\/sk-sk\/?s={search_term_string}"},"query-input":{"@type":"PropertyValueSpecification","valueRequired":true,"valueName":"search_term_string"}}],"inLanguage":"sk-SK"},{"@type":"Organization","@id":"https:\/\/intl.phonak.com\/sk-sk\/#organization","name":"Phonak - Slovensko","url":"https:\/\/intl.phonak.com\/sk-sk\/","logo":{"@type":"ImageObject","inLanguage":"sk-SK","@id":"https:\/\/intl.phonak.com\/sk-sk\/#\/schema\/logo\/image\/","url":"https:\/\/intl.phonak.com\/sk-sk\/wp-content\/uploads\/sites\/64\/2025\/06\/logo-phonak.svg","contentUrl":"https:\/\/intl.phonak.com\/sk-sk\/wp-content\/uploads\/sites\/64\/2025\/06\/logo-phonak.svg","caption":"Phonak - Slovensko"},"image":{"@id":"https:\/\/intl.phonak.com\/sk-sk\/#\/schema\/logo\/image\/"}}]}},"jetpack_sharing_enabled":true,"distributor_meta":false,"distributor_terms":false,"distributor_media":false,"distributor_original_site_name":"Phonak - Slovensko","distributor_original_site_url":"https:\/\/intl.phonak.com\/sk-sk","push-errors":false,"_links":{"self":[{"href":"https:\/\/intl.phonak.com\/sk-sk\/wp-json\/wp\/v2\/pages\/436","targetHints":{"allow":["GET"]}}],"collection":[{"href":"https:\/\/intl.phonak.com\/sk-sk\/wp-json\/wp\/v2\/pages"}],"about":[{"href":"https:\/\/intl.phonak.com\/sk-sk\/wp-json\/wp\/v2\/types\/page"}],"author":[{"embeddable":true,"href":"https:\/\/intl.phonak.com\/sk-sk\/wp-json\/wp\/v2\/users\/5"}],"replies":[{"embeddable":true,"href":"https:\/\/intl.phonak.com\/sk-sk\/wp-json\/wp\/v2\/comments?post=436"}],"version-history":[{"count":13,"href":"https:\/\/intl.phonak.com\/sk-sk\/wp-json\/wp\/v2\/pages\/436\/revisions"}],"predecessor-version":[{"id":1359,"href":"https:\/\/intl.phonak.com\/sk-sk\/wp-json\/wp\/v2\/pages\/436\/revisions\/1359"}],"wp:attachment":[{"href":"https:\/\/intl.phonak.com\/sk-sk\/wp-json\/wp\/v2\/media?parent=436"}],"curies":[{"name":"wp","href":"https:\/\/api.w.org\/{rel}","templated":true}]}}