{"id":431,"date":"2022-12-16T15:10:22","date_gmt":"2022-12-16T15:10:22","guid":{"rendered":"https:\/\/intl.phonak.com\/sk-sk\/privacy-notice\/"},"modified":"2026-02-03T15:25:11","modified_gmt":"2026-02-03T15:25:11","slug":"vyhlasenie-o-ochrane-osobnych-udajov","status":"publish","type":"page","link":"https:\/\/intl.phonak.com\/sk-sk\/vyhlasenie-o-ochrane-osobnych-udajov\/","title":{"rendered":"Vyhl\u00e1senie o\u00a0ochrane osobn\u00fdch \u00fadajov"},"content":{"rendered":" <p id=\"block-3110c4d0-6c3e-4d55-8d38-129cb027a120\">Posledn\u00e1 aktualiz\u00e1cia: apr\u00edl 2022<\/p>   <p id=\"block-e56d30a9-ff57-4997-85c2-75b5ef2450eb\">Toto Vyhl\u00e1senie o\u00a0ochrane osobn\u00fdch \u00fadajov opisuje, ako s\u00fa va\u0161e osobn\u00e9 \u00fadaje, vr\u00e1tane citliv\u00fdch \u00fadajov s\u00favisiacich s\u00a0kontaktn\u00fdm formul\u00e1rom, zhroma\u017e\u010fovan\u00e9 a\u00a0spracov\u00e1van\u00e9. V\u00a0tomto kontexte toto Vyhl\u00e1senie o\u00a0ochrane osobn\u00fdch \u00fadajov pokr\u00fdva spracovanie va\u0161ich osobn\u00fdch \u00fadajov vykonan\u00e9 prostredn\u00edctvom formul\u00e1ra, ktor\u00fd vyp\u013a\u0148ate.<\/p>   <p id=\"block-a3df515b-e1a3-4d69-a8f9-fd6a5dfd602e\">Spracovanie va\u0161ich osobn\u00fdch \u00fadajov je v\u00a0s\u00falade s\u00a0po\u017eiadavkami va\u0161ej krajiny na ochranu \u00fadajov, vr\u00e1tane \u0160vaj\u010diarskeho feder\u00e1lneho z\u00e1kona o\u00a0ochrane \u00fadajov (\u201eFDPA\u201c), Nariadenia (E\u00da) 2016\/679 Eur\u00f3pskeho parlamentu a\u00a0Rady z\u00a027. apr\u00edla 2016 (\u201eGDPR\u201c), a\u00a0\/ alebo, ak je to mo\u017en\u00e9, z\u00e1kona o\u00a0prenosnosti a\u00a0zodpovednosti zdravotn\u00e9ho poistenia z\u00a0roku 1996 (\u201eHIPAA\u201c) pre va\u0161e osobn\u00e9 \u00fadaje kvalifikovan\u00e9 ako chr\u00e1nen\u00e9 zdravotn\u00e9 inform\u00e1cie.<\/p>   <p id=\"block-1d87e0d9-df83-49dd-aaa9-7ee608294736\">Toto Vyhl\u00e1senie o\u00a0ochrane osobn\u00fdch \u00fadajov m\u00f4\u017ee by\u0165 \u010das od \u010dasu aktualizovan\u00e9. V\u00a0tomto pr\u00edpade v\u00e1s informujeme, \u017ee toto Vyhl\u00e1senie o\u00a0ochrane osobn\u00fdch \u00fadajov bolo upraven\u00e9 a\u00a0d\u00e1tum \u201eposlednej aktualiz\u00e1cie\u201c na vrchu tohto dokumentu bude upraven\u00fd. Odpor\u00fa\u010dame, aby ste pravidelne kontrolovali najnov\u0161iu verziu tohto Vyhl\u00e1senia o\u00a0ochrane osobn\u00fdch \u00fadajov.<\/p>   <p id=\"block-96a81fc1-3995-437b-a025-3900acfc3713\"><strong>1. KTO SME<\/strong><\/p>   <p id=\"block-5ec04ce4-ca54-430d-8742-940907142fc8\">Sonova AG, Laubisr\u00fctistrasse 28, 8712 St\u00e4fa, \u0160vaj\u010diarsko (<a href=\"http:\/\/www.sonova.com\/\">www.sonova.com<\/a>), (\u010falej len \u201eSonova AG\u201c) p\u00f4sob\u00ed ako spr\u00e1vca pre spracovanie uveden\u00e9 v\u00a0nasleduj\u00facej sekcii.<\/p>   <p id=\"block-4bcd26ae-20ae-4ab9-adef-a0bcbd2a5eb2\"><strong>2. OSOBN\u00c9 \u00daDAJE, KTOR\u00c9 OD V\u00c1S ZBIERAME A\u00a0PRE\u010cO<\/strong><\/p>   <p id=\"block-5381e53f-4ece-4513-b300-72951215d601\">Sonova AG spracov\u00e1va va\u0161e osobn\u00e9 \u00fadaje a\/alebo osobn\u00e9 \u00fadaje osoby, ktor\u00fa zastupujete (ktor\u00e9 ste s\u00a0nami zdie\u013eali po z\u00edskan\u00ed ich informovan\u00e9ho s\u00fahlasu), t. j.: titul, krstn\u00e9 meno, priezvisko, e-mail, predmet, spr\u00e1va.&nbsp;<\/p>   <p id=\"block-9d6808e7-302c-45ea-9296-ebf9f8a2f24b\">Pokia\u013e ide o\u00a0spr\u00e1vu, ktor\u00fa sa chyst\u00e1te odosla\u0165, vezmite pros\u00edm do \u00favahy, \u017ee vami nap\u00edsan\u00fd koment\u00e1r bude prenesen\u00fd v\u00a0oby\u010dajnom texte. Aby ste dodr\u017eali Z\u00e1sady ochrany \u00fadajov o\u00a0minim\u00e1lnom uv\u00e1dzan\u00ed inform\u00e1ci\u00ed, zadajte iba tie, ktor\u00e9 s\u00fa potrebn\u00e9 na vyjadrenie \u00fa\u010delu va\u0161ej spr\u00e1vy.&nbsp; Nezad\u00e1vajte pros\u00edm viac inform\u00e1ci\u00ed, ne\u017e je potrebn\u00e9, alebo zbyto\u010dn\u00e9 inform\u00e1cie o\u00a0v\u00e1s alebo inej osobe, napr\u00edklad, o\u00a0zamestnancovi alebo z\u00e1kazn\u00edkovi. Zv\u00e1\u017ete to najm\u00e4 vtedy, ke\u010f chcete uvies\u0165 zvl\u00e1\u0161\u0165 citliv\u00e9 \u00fadaje, ako s\u00fa ak\u00e9ko\u013evek \u00fadaje odha\u013euj\u00face rasov\u00fd alebo etnick\u00fd p\u00f4vod, politick\u00e9 n\u00e1zory, n\u00e1bo\u017eensk\u00e9 alebo filozofick\u00e9 presved\u010denie, \u010dlenstvo v\u00a0odboroch, genetick\u00e9 \u00fadaje, biometrick\u00e9 \u00fadaje, \u00fadaje t\u00fdkaj\u00face sa zdravia, sexu\u00e1lneho \u017eivota alebo sexu\u00e1lnej orient\u00e1cie.<\/p>   <p id=\"block-6ef8b4dc-fbc7-4339-b081-42fdd5e72f92\">Upozor\u0148ujeme, \u017ee vy\u0161\u0161ie uveden\u00e9 osobn\u00e9 \u00fadaje spracov\u00e1vame, aby sme zabezpe\u010dili pos\u00fadenie v\u00e1s alebo niekoho, koho zastupujete. Rob\u00edme to s\u00a0cie\u013eom vyrie\u0161i\u0165 va\u0161u \u017eiados\u0165 a\u00a0poskytn\u00fa\u0165 v\u00e1m vhodn\u00fa podporu a, ak to po\u017eadujete, odporu\u010di\u0165 v\u00e1m vhodn\u00e9 produkty\/slu\u017eby.<\/p>   <p id=\"block-d694b16d-bb1d-4f2a-ba31-dab1778385dc\">Upozor\u0148ujeme, \u017ee je to nevyhnutn\u00e9 na splnenie va\u0161ej po\u017eiadavky ako s\u00fa\u010das\u0165 plnenia zmluvy na nadviazanie kontaktu s\u00a0nami a\u00a0na\u0161imi d\u00f4veryhodn\u00fdmi distrib\u00fatormi. S\u00a0oh\u013eadom na to, ako s\u00fa\u010das\u0165 poskytovania va\u0161ich kontaktn\u00fdch \u00fadajov, v\u00e1s bude kontaktova\u0165 tretia strana konaj\u00faca v\u00a0na\u0161om mene nieko\u013eko dn\u00ed po odoslan\u00ed v\u00e1\u0161ho online formul\u00e1ra. &nbsp;<\/p>   <p id=\"block-107ecf70-8699-4e51-9212-2b3c45c196d4\"><strong>3. AKO ZDIE\u013dAME VA\u0160E OSOBN\u00c9 \u00daDAJE<\/strong><\/p>   <p id=\"block-bf3f85e8-d40b-4cdc-946e-cf7d14df10bd\">Pou\u017e\u00edvan\u00edm vy\u0161\u0161ie uvedenej slu\u017eby m\u00f4\u017eu by\u0165 va\u0161e osobn\u00e9 \u00fadaje zdie\u013ean\u00e9 v\u00a0obmedzenom rozsahu s\u00a0na\u0161imi obchodn\u00fdmi partnermi, ako s\u00fa zdravotn\u00edcki \u0161pecialisti, p\u00f4sobiaci ako nez\u00e1visl\u00ed alebo spolo\u010dn\u00ed spr\u00e1vci poskytuj\u00faci vami po\u017eadovan\u00fa slu\u017ebu. M\u00f4\u017eu v\u00e1s kontaktova\u0165, aby odpovedali na va\u0161u \u017eiados\u0165 a\u00a0n\u00e1sledne ju spracuj\u00fa poskytovatelia slu\u017eieb vystupuj\u00faci ako tretia strana.<\/p>  <div class=\"wp-list-block\"> <ul class=\"wp-block-list\" id=\"block-47a21154-6aea-47d7-b9de-279ba3c17e2d\">\n<li>Trew Knowledge: v\u00fdvoj\u00e1r internetovej str\u00e1nky,<\/li>   <li>WordPress VIP: redak\u010dn\u00fd syst\u00e9m\/internetov\u00e1 platforma,<\/li>   <li>Microsoft: spr\u00e1va a\u00a0\u00fadr\u017eba cloudovej infra\u0161trukt\u00fary a\u00a0poskytovanie technickej podpory.<\/li>\n<\/ul> <\/div>  <p id=\"block-d9424a7a-f94b-4d8a-8b17-41bc7dbc520a\">Va\u0161e osobn\u00e9 \u00fadaje m\u00f4\u017eu by\u0165 tie\u017e poskytnut\u00e9 in\u00fdm spolo\u010dnostiam v\u00a0na\u0161ej obchodnej skupine, napr. na\u0161im dc\u00e9rskym spolo\u010dnostiam, alebo in\u00fdm organiz\u00e1ci\u00e1m a\u00a0verejn\u00fdm org\u00e1nom vr\u00e1tane org\u00e1nov \u010dinn\u00fdch v\u00a0trestnom konan\u00ed, ak to vy\u017eaduje z\u00e1kon.<\/p>   <p id=\"block-8145bbcd-69e8-40f0-9111-3a95298b2a8f\">Predt\u00fdm, ako zverejn\u00edme ak\u00e9ko\u013evek osobn\u00e9 \u00fadaje (ktor\u00e9 nie s\u00fa uveden\u00e9 vy\u0161\u0161ie) tret\u00edm stran\u00e1m, v\u00fdslovne v\u00e1s po\u017eiadame o\u00a0v\u00e1\u0161 s\u00fahlas. Ak sme v\u0161ak pr\u00e1vne povinn\u00ed zverejni\u0165 osobn\u00e9 \u00fadaje bez v\u00e1\u0161ho s\u00fahlasu, zverejn\u00edme iba osobn\u00e9 \u00fadaje, ktor\u00e9 s\u00fa striktne potrebn\u00e9 na tento \u00fa\u010del, aby sme splnili svoje pr\u00e1vne povinnosti.<\/p>   <p id=\"block-e2ea32e7-a956-4300-9695-09d24ebba013\"><strong>4. MEDZIN\u00c1RODN\u00c9 PRENOSY OSOBN\u00ddCH \u00daDAJOV<\/strong><\/p>   <p id=\"block-72500bcf-8d04-47e8-b9d3-4df058b23228\">Upozor\u0148ujeme, \u017ee niektor\u00e9 z\u00a0vy\u0161\u0161ie uveden\u00fdch tret\u00edch str\u00e1n m\u00f4\u017eu p\u00f4sobi\u0165 mimo va\u0161ej krajiny. Preto m\u00f4\u017eu by\u0165 va\u0161e osobn\u00e9 \u00fadaje prenesen\u00e9 do kraj\u00edn, ktor\u00e9 neposkytuj\u00fa rovnak\u00fa \u00farove\u0148 ochrany osobn\u00fdch \u00fadajov, ako va\u0161a vlastn\u00e1 krajina. V\u00a0tak\u00fdchto pr\u00edpadoch implementujeme primeran\u00e9 opatrenia vr\u00e1tane vhodn\u00fdch organiza\u010dn\u00fdch, technick\u00fdch a\u00a0pr\u00e1vnych z\u00e1ruk, aby sme zariadili pr\u00edslu\u0161n\u00fd prenos a\u00a0zabezpe\u010dili potrebn\u00fa \u00farove\u0148 ochrany pod\u013ea platn\u00e9ho z\u00e1kona. &nbsp;<\/p>   <p id=\"block-533e1e30-9ef4-4e09-83f3-652b26c27011\"><strong>5. AKO DLHO UCHOV\u00c1VAME VA\u0160E OSOBN\u00c9 \u00daDAJE<\/strong><\/p>   <p id=\"block-348682c7-3643-476c-a078-b6f347994d0c\">Osobn\u00e9 \u00fadaje s\u00fa vymazan\u00e9 po 3 mesiacoch od ukon\u010denia n\u00e1\u0161ho obchodn\u00e9ho kontaktu. V\u00a0pr\u00edpade, \u017ee platn\u00e9 z\u00e1kony alebo in\u00e9 predpisy bud\u00fa vy\u017eadova\u0165 dlh\u0161iu dobu uchov\u00e1vania, pou\u017eijeme dlh\u0161iu dobu uchov\u00e1vania, aby sme splnili svoje pr\u00e1vne povinnosti.<\/p>   <p id=\"block-355074d9-2315-49f6-8b4f-bb2027139a72\">Okrem toho bud\u00fa va\u0161e osobn\u00e9 \u00fadaje spracovan\u00e9 distrib\u00fatormi (vr\u00e1tane zdravotn\u00edckych odborn\u00edkov) uchov\u00e1van\u00e9 v\u00a0s\u00falade s\u00a0platn\u00fdmi z\u00e1konmi. \u010eal\u0161ie inform\u00e1cie o\u00a0konkr\u00e9tnej dobe uchov\u00e1vania v\u00e1m poskytne vami vybran\u00fd odborn\u00edk.<\/p>   <p id=\"block-af4238c1-82d9-4b87-950a-7ea13455900f\"><strong>6. VA\u0160E Z\u00c1KONN\u00c9 PR\u00c1VA<\/strong><\/p>   <p id=\"block-f63d6cd0-5a52-499d-9d2d-84666073602c\">Pod\u013ea platn\u00e9ho z\u00e1kona m\u00f4\u017eete ma\u0165 pr\u00e1vo po\u017eiada\u0165 o\u00a0pr\u00edstup, \u00fapravu, vymazanie va\u0161ich osobn\u00fdch \u00fadajov alebo obmedzenie spracovania. Okrem toho m\u00f4\u017eete namieta\u0165 proti spracovaniu, po\u017eiada\u0165 o\u00a0prenos \u00fadajov a\u00a0kedyko\u013evek odvola\u0165 svoj s\u00fahlas. Pod\u013ea toho, z\u00a0akej ste krajiny, m\u00f4\u017eete ma\u0165 \u010fal\u0161ie pr\u00e1va. Napr\u00edklad, m\u00f4\u017eete poskytn\u00fa\u0165 pokyny, ako by sa mali va\u0161e osobn\u00e9 \u00fadaje spracov\u00e1va\u0165 v\u00a0pr\u00edpade va\u0161ej smrti. Pod\u013ea z\u00e1kona HIPAA m\u00f4\u017eete ma\u0165 tie\u017e pr\u00e1vo po\u017eadova\u0165 ozn\u00e1menie o\u00a0zverejnen\u00ed va\u0161ich osobn\u00fdch \u00fadajov a\u00a0pr\u00e1vo na papierov\u00fa k\u00f3piu tohto vyhl\u00e1senia na z\u00e1klade p\u00edsomnej \u017eiadosti.<\/p>   <p id=\"block-040fd872-a10c-401e-9d23-e9925f35b59a\">Svoje pr\u00e1vo vznies\u0165 n\u00e1mietku proti \u010fal\u0161iemu kontaktu m\u00f4\u017eete uplatni\u0165 tak, \u017ee n\u00e1m o\u00a0tom d\u00e1te vedie\u0165 kedyko\u013evek po\u010das hovoru pomocou n\u00e1\u0161ho \u201eodkazu na odhl\u00e1senie\u201c, ktor\u00fd je obsiahnut\u00fd v\u00a0na\u0161om e-maile, alebo n\u00e1s kontaktujete na e-mailovej adrese privacy@sonova.com.&nbsp;<a href=\"mailto:privacy@sonova.com\">privacy@sonova.com<\/a>. Po overen\u00ed bud\u00fa osobn\u00e9 \u00fadaje, ktor\u00e9 ste poskytli, vymazan\u00e9 zo zoznamov kontaktov pou\u017e\u00edvan\u00fdch pobo\u010dkami Sonovy a\u00a0tret\u00edmi stranami.<\/p>   <p id=\"block-e17f8407-1be6-4178-b813-3435b39b5d41\">Upozor\u0148ujeme, \u017ee v\u00fdkon tak\u00fdchto pr\u00e1v podlieha obmedzeniam stanoven\u00fdm platn\u00fdmi z\u00e1konmi.<\/p>   <p id=\"block-94f85d78-fad6-479b-8e63-5dc84d7183e2\">Ak sa domnievate, \u017ee spracovanie va\u0161ich osobn\u00fdch \u00fadajov poru\u0161uje platn\u00e9 z\u00e1kony, m\u00f4\u017eete tie\u017e poda\u0165 s\u0165a\u017enos\u0165 miestnemu dozorn\u00e9mu org\u00e1nu alebo pr\u00edslu\u0161n\u00e9mu regul\u00e1torovi.&nbsp;<\/p>   <p id=\"block-6e3d22c7-d924-4d86-a9d5-248990bfa7da\"><strong>7. AKO N\u00c1S M\u00d4\u017dETE KONTAKTOVA\u0164<\/strong><\/p>   <p id=\"block-0199cf36-d52c-4ccd-bd03-5b4ad64ab128\">V\u00a0pr\u00edpade ot\u00e1zok t\u00fdkaj\u00facich sa tohto Vyhl\u00e1senia o\u00a0ochrane osobn\u00fdch \u00fadajov alebo spracovania va\u0161ich osobn\u00fdch \u00fadajov, kontaktujte n\u00e1\u0161 t\u00edm pre ochranu osobn\u00fdch \u00fadajov na\u00a0<a href=\"mailto:privacy@sonova.com\">privacy@sonova.com<\/a>\u00a0alebo na telef\u00f3ne +41 58 928 01 01. Posledn\u00e1 aktualiz\u00e1cia: apr\u00edl 2022<\/p> ","protected":false},"excerpt":{"rendered":"<p>Posledn\u00e1 aktualiz\u00e1cia: apr\u00edl 2022 Toto Vyhl\u00e1senie o\u00a0ochrane osobn\u00fdch \u00fadajov opisuje, ako s\u00fa va\u0161e osobn\u00e9 \u00fadaje, vr\u00e1tane citliv\u00fdch \u00fadajov s\u00favisiacich s\u00a0kontaktn\u00fdm&#8230;<\/p>\n","protected":false},"author":4,"featured_media":0,"parent":0,"menu_order":0,"comment_status":"closed","ping_status":"closed","template":"","meta":{"_acf_changed":false,"inline_featured_image":false,"footnotes":""},"class_list":["post-431","page","type-page","status-publish","hentry"],"acf":[],"yoast_head":"<!-- This site is optimized with the Yoast SEO plugin v26.9 - https:\/\/yoast.com\/product\/yoast-seo-wordpress\/ -->\n<title>Vyhl\u00e1senie o ochrane osobn\u00fdch \u00fadajov - Phonak - Slovensko<\/title>\n<meta name=\"robots\" content=\"index, follow, max-snippet:-1, max-image-preview:large, max-video-preview:-1\" \/>\n<link rel=\"canonical\" href=\"https:\/\/intl.phonak.com\/main-english\/privacy-notice\/\" \/>\n<meta property=\"og:locale\" content=\"sk_SK\" \/>\n<meta property=\"og:type\" content=\"article\" \/>\n<meta property=\"og:title\" content=\"Vyhl\u00e1senie o ochrane osobn\u00fdch \u00fadajov - Phonak - Slovensko\" \/>\n<meta property=\"og:description\" content=\"Posledn\u00e1 aktualiz\u00e1cia: apr\u00edl 2022 Toto Vyhl\u00e1senie o\u00a0ochrane osobn\u00fdch \u00fadajov opisuje, ako s\u00fa va\u0161e osobn\u00e9 \u00fadaje, vr\u00e1tane citliv\u00fdch \u00fadajov s\u00favisiacich s\u00a0kontaktn\u00fdm...\" \/>\n<meta property=\"og:url\" content=\"https:\/\/intl.phonak.com\/sk-sk\/vyhlasenie-o-ochrane-osobnych-udajov\/\" \/>\n<meta property=\"og:site_name\" content=\"Phonak - Slovensko\" \/>\n<meta property=\"article:modified_time\" content=\"2026-02-03T15:25:11+00:00\" \/>\n<meta name=\"twitter:card\" content=\"summary_large_image\" \/>\n<meta name=\"twitter:label1\" content=\"Est. reading time\" \/>\n\t<meta name=\"twitter:data1\" content=\"5 minutes\" \/>\n<script type=\"application\/ld+json\" class=\"yoast-schema-graph\">{\"@context\":\"https:\/\/schema.org\",\"@graph\":[{\"@type\":\"WebPage\",\"@id\":\"https:\/\/intl.phonak.com\/sk-sk\/vyhlasenie-o-ochrane-osobnych-udajov\/\",\"url\":\"https:\/\/intl.phonak.com\/sk-sk\/vyhlasenie-o-ochrane-osobnych-udajov\/\",\"name\":\"Vyhl\u00e1senie o ochrane osobn\u00fdch \u00fadajov - Phonak - Slovensko\",\"isPartOf\":{\"@id\":\"https:\/\/intl.phonak.com\/sk-sk\/#website\"},\"datePublished\":\"2022-12-16T15:10:22+00:00\",\"dateModified\":\"2026-02-03T15:25:11+00:00\",\"breadcrumb\":{\"@id\":\"https:\/\/intl.phonak.com\/sk-sk\/vyhlasenie-o-ochrane-osobnych-udajov\/#breadcrumb\"},\"inLanguage\":\"sk-SK\",\"potentialAction\":[{\"@type\":\"ReadAction\",\"target\":[\"https:\/\/intl.phonak.com\/sk-sk\/vyhlasenie-o-ochrane-osobnych-udajov\/\"]}]},{\"@type\":\"BreadcrumbList\",\"@id\":\"https:\/\/intl.phonak.com\/sk-sk\/vyhlasenie-o-ochrane-osobnych-udajov\/#breadcrumb\",\"itemListElement\":[{\"@type\":\"ListItem\",\"position\":1,\"name\":\"Home\",\"item\":\"https:\/\/intl.phonak.com\/sk-sk\/\"},{\"@type\":\"ListItem\",\"position\":2,\"name\":\"Vyhl\u00e1senie o\u00a0ochrane osobn\u00fdch \u00fadajov\"}]},{\"@type\":\"WebSite\",\"@id\":\"https:\/\/intl.phonak.com\/sk-sk\/#website\",\"url\":\"https:\/\/intl.phonak.com\/sk-sk\/\",\"name\":\"Phonak - Slovensko\",\"description\":\"Odhodlan\u00ed meni\u0165 \u017eivoty\",\"publisher\":{\"@id\":\"https:\/\/intl.phonak.com\/sk-sk\/#organization\"},\"potentialAction\":[{\"@type\":\"SearchAction\",\"target\":{\"@type\":\"EntryPoint\",\"urlTemplate\":\"https:\/\/intl.phonak.com\/sk-sk\/?s={search_term_string}\"},\"query-input\":{\"@type\":\"PropertyValueSpecification\",\"valueRequired\":true,\"valueName\":\"search_term_string\"}}],\"inLanguage\":\"sk-SK\"},{\"@type\":\"Organization\",\"@id\":\"https:\/\/intl.phonak.com\/sk-sk\/#organization\",\"name\":\"Phonak - Slovensko\",\"url\":\"https:\/\/intl.phonak.com\/sk-sk\/\",\"logo\":{\"@type\":\"ImageObject\",\"inLanguage\":\"sk-SK\",\"@id\":\"https:\/\/intl.phonak.com\/sk-sk\/#\/schema\/logo\/image\/\",\"url\":\"https:\/\/intl.phonak.com\/sk-sk\/wp-content\/uploads\/sites\/64\/2025\/06\/logo-phonak.svg\",\"contentUrl\":\"https:\/\/intl.phonak.com\/sk-sk\/wp-content\/uploads\/sites\/64\/2025\/06\/logo-phonak.svg\",\"caption\":\"Phonak - Slovensko\"},\"image\":{\"@id\":\"https:\/\/intl.phonak.com\/sk-sk\/#\/schema\/logo\/image\/\"}}]}<\/script>\n<!-- \/ Yoast SEO plugin. -->","yoast_head_json":{"title":"Vyhl\u00e1senie o ochrane osobn\u00fdch \u00fadajov - Phonak - Slovensko","robots":{"index":"index","follow":"follow","max-snippet":"max-snippet:-1","max-image-preview":"max-image-preview:large","max-video-preview":"max-video-preview:-1"},"canonical":"https:\/\/intl.phonak.com\/main-english\/privacy-notice\/","og_locale":"sk_SK","og_type":"article","og_title":"Vyhl\u00e1senie o ochrane osobn\u00fdch \u00fadajov - Phonak - Slovensko","og_description":"Posledn\u00e1 aktualiz\u00e1cia: apr\u00edl 2022 Toto Vyhl\u00e1senie o\u00a0ochrane osobn\u00fdch \u00fadajov opisuje, ako s\u00fa va\u0161e osobn\u00e9 \u00fadaje, vr\u00e1tane citliv\u00fdch \u00fadajov s\u00favisiacich s\u00a0kontaktn\u00fdm...","og_url":"https:\/\/intl.phonak.com\/sk-sk\/vyhlasenie-o-ochrane-osobnych-udajov\/","og_site_name":"Phonak - Slovensko","article_modified_time":"2026-02-03T15:25:11+00:00","twitter_card":"summary_large_image","twitter_misc":{"Est. reading time":"5 minutes"},"schema":{"@context":"https:\/\/schema.org","@graph":[{"@type":"WebPage","@id":"https:\/\/intl.phonak.com\/sk-sk\/vyhlasenie-o-ochrane-osobnych-udajov\/","url":"https:\/\/intl.phonak.com\/sk-sk\/vyhlasenie-o-ochrane-osobnych-udajov\/","name":"Vyhl\u00e1senie o ochrane osobn\u00fdch \u00fadajov - Phonak - Slovensko","isPartOf":{"@id":"https:\/\/intl.phonak.com\/sk-sk\/#website"},"datePublished":"2022-12-16T15:10:22+00:00","dateModified":"2026-02-03T15:25:11+00:00","breadcrumb":{"@id":"https:\/\/intl.phonak.com\/sk-sk\/vyhlasenie-o-ochrane-osobnych-udajov\/#breadcrumb"},"inLanguage":"sk-SK","potentialAction":[{"@type":"ReadAction","target":["https:\/\/intl.phonak.com\/sk-sk\/vyhlasenie-o-ochrane-osobnych-udajov\/"]}]},{"@type":"BreadcrumbList","@id":"https:\/\/intl.phonak.com\/sk-sk\/vyhlasenie-o-ochrane-osobnych-udajov\/#breadcrumb","itemListElement":[{"@type":"ListItem","position":1,"name":"Home","item":"https:\/\/intl.phonak.com\/sk-sk\/"},{"@type":"ListItem","position":2,"name":"Vyhl\u00e1senie o\u00a0ochrane osobn\u00fdch \u00fadajov"}]},{"@type":"WebSite","@id":"https:\/\/intl.phonak.com\/sk-sk\/#website","url":"https:\/\/intl.phonak.com\/sk-sk\/","name":"Phonak - Slovensko","description":"Odhodlan\u00ed meni\u0165 \u017eivoty","publisher":{"@id":"https:\/\/intl.phonak.com\/sk-sk\/#organization"},"potentialAction":[{"@type":"SearchAction","target":{"@type":"EntryPoint","urlTemplate":"https:\/\/intl.phonak.com\/sk-sk\/?s={search_term_string}"},"query-input":{"@type":"PropertyValueSpecification","valueRequired":true,"valueName":"search_term_string"}}],"inLanguage":"sk-SK"},{"@type":"Organization","@id":"https:\/\/intl.phonak.com\/sk-sk\/#organization","name":"Phonak - Slovensko","url":"https:\/\/intl.phonak.com\/sk-sk\/","logo":{"@type":"ImageObject","inLanguage":"sk-SK","@id":"https:\/\/intl.phonak.com\/sk-sk\/#\/schema\/logo\/image\/","url":"https:\/\/intl.phonak.com\/sk-sk\/wp-content\/uploads\/sites\/64\/2025\/06\/logo-phonak.svg","contentUrl":"https:\/\/intl.phonak.com\/sk-sk\/wp-content\/uploads\/sites\/64\/2025\/06\/logo-phonak.svg","caption":"Phonak - Slovensko"},"image":{"@id":"https:\/\/intl.phonak.com\/sk-sk\/#\/schema\/logo\/image\/"}}]}},"jetpack_sharing_enabled":true,"distributor_meta":false,"distributor_terms":false,"distributor_media":false,"distributor_original_site_name":"Phonak - Slovensko","distributor_original_site_url":"https:\/\/intl.phonak.com\/sk-sk","push-errors":false,"_links":{"self":[{"href":"https:\/\/intl.phonak.com\/sk-sk\/wp-json\/wp\/v2\/pages\/431","targetHints":{"allow":["GET"]}}],"collection":[{"href":"https:\/\/intl.phonak.com\/sk-sk\/wp-json\/wp\/v2\/pages"}],"about":[{"href":"https:\/\/intl.phonak.com\/sk-sk\/wp-json\/wp\/v2\/types\/page"}],"author":[{"embeddable":true,"href":"https:\/\/intl.phonak.com\/sk-sk\/wp-json\/wp\/v2\/users\/4"}],"replies":[{"embeddable":true,"href":"https:\/\/intl.phonak.com\/sk-sk\/wp-json\/wp\/v2\/comments?post=431"}],"version-history":[{"count":6,"href":"https:\/\/intl.phonak.com\/sk-sk\/wp-json\/wp\/v2\/pages\/431\/revisions"}],"predecessor-version":[{"id":1462,"href":"https:\/\/intl.phonak.com\/sk-sk\/wp-json\/wp\/v2\/pages\/431\/revisions\/1462"}],"wp:attachment":[{"href":"https:\/\/intl.phonak.com\/sk-sk\/wp-json\/wp\/v2\/media?parent=431"}],"curies":[{"name":"wp","href":"https:\/\/api.w.org\/{rel}","templated":true}]}}