{"id":429,"date":"2022-12-16T15:11:36","date_gmt":"2022-12-16T15:11:36","guid":{"rendered":"https:\/\/intl.phonak.com\/sk-sk\/cookie-privacy-notice\/"},"modified":"2026-02-03T15:26:17","modified_gmt":"2026-02-03T15:26:17","slug":"predvolby-sukromia","status":"publish","type":"page","link":"https:\/\/intl.phonak.com\/sk-sk\/predvolby-sukromia\/","title":{"rendered":"Ozn\u00e1menie o\u00a0ochrane s\u00fakromia"},"content":{"rendered":"\n<div class=\"wp-block-group is-style-align-small is-layout-flow wp-block-group-is-layout-flow\">\n<p>Platn\u00e9 od: janu\u00e1r 2025<\/p>   <p><strong>A. \u010cO S\u00da S\u00daBORY COOKIES A\u00a0IN\u00c9 N\u00c1STROJE SLEDOVANIA?<\/strong><\/p>   <p>Cookies s\u00fa mal\u00e9 s\u00fabory ulo\u017een\u00e9 v\u00e4\u010d\u0161inou internetov\u00fdch prehliada\u010dov na sledovanie inform\u00e1ci\u00ed o\u00a0n\u00e1v\u0161tevn\u00edkoch a\u00a0umo\u017enenie spolo\u010dnosti Sonova, aby jej internetov\u00e1 ponuka bola pre v\u00e1s relevantnej\u0161ia. Spolo\u010dnos\u0165 Sonova pou\u017e\u00edva po\u010das va\u0161ej n\u00e1v\u0161tevy na\u0161ich internetov\u00fdch str\u00e1nok \u0161tyri druhy s\u00faborov cookies. Doba ich uchov\u00e1vania z\u00e1vis\u00ed od ka\u017edej krajiny a\u00a0aktu\u00e1lne platnej legislat\u00edvy. <\/p>   <p><strong>A.2 AK\u00c9 S\u00daBORY COOKIES POU\u017d\u00cdVAME A\u00a0PRE\u010cO?<\/strong><\/p>  <div class=\"wp-list-block\"> <ul class=\"wp-block-list\">\n<li> Nevyhnutn\u00e9 s\u00fabory cookies: tieto s\u00fabory cookies s\u00fa pre n\u00e1s nevyhnutn\u00e9, aby sme v\u00e1m mohli poskytn\u00fa\u0165 z\u00e1kladn\u00e9 funkcie na\u0161ich internetov\u00fdch str\u00e1nok, a\u00a0nemo\u017eno ich v\u00a0na\u0161ich syst\u00e9moch vypn\u00fa\u0165.<\/li>   <li>V\u00fdkonnostn\u00e9 a\u00a0analytick\u00e9 s\u00fabory cookie: tieto s\u00fabory cookies n\u00e1m umo\u017e\u0148uj\u00fa po\u010d\u00edta\u0165 n\u00e1v\u0161tevy a\u00a0zdroje n\u00e1v\u0161tevnosti za \u00fa\u010delom merania a\u00a0zlep\u0161ovania v\u00fdkonu na\u0161ich internetov\u00fdch str\u00e1nok.<\/li>   <li>Funk\u010dn\u00e9 s\u00fabory cookies: tieto s\u00fabory cookies sa pou\u017e\u00edvaj\u00fa na poskytovanie roz\u0161\u00edrenej funkcionality a\u00a0personaliz\u00e1cie po\u010das va\u0161ej n\u00e1v\u0161tevy.<\/li>   <li>Cielen\u00e9 alebo reklamn\u00e9 s\u00fabory cookies: tieto s\u00fabory cookies m\u00f4\u017eu by\u0165 nastaven\u00e9 prostredn\u00edctvom na\u0161ich internetov\u00fdch str\u00e1nok na\u0161imi reklamn\u00fdmi partnermi za \u00fa\u010delom vytvorenia profilu va\u0161ich z\u00e1ujmov a\u00a0navrhovania relevantn\u00fdch rekl\u00e1m.<\/li>\n<\/ul> <\/div>  <p>Niektor\u00e9 s\u00fabory cookies pou\u017e\u00edvan\u00e9 na\u0161imi internetov\u00fdmi str\u00e1nkami nastavujeme my a\u00a0niektor\u00e9 nastavuj\u00fa tretie strany v\u00a0mene spolo\u010dnosti Sonova. Ni\u017e\u0161ie n\u00e1jdete zoznam v\u0161etk\u00fdch typov s\u00faborov cookies a\u00a0\u010fal\u0161\u00edch sledovac\u00edch n\u00e1strojov pou\u017e\u00edvan\u00fdch touto internetovou str\u00e1nkou:<\/p>   \n<figure class=\"wp-block-table has-legal-font-size\"><table><tbody><tr><td><strong>Hostite\u013e<\/strong><\/td><td class=\"has-text-align-left\" data-align=\"left\"><strong>S\u00fabory cookies alebo in\u00e9 sledovacie n\u00e1stroje<\/strong><\/td><td><strong>Kateg\u00f3ria<\/strong><\/td><td><strong>\u017divotnos\u0165<\/strong><\/td><td><strong>Vlastn\u00e9 s\u00fabory cookies a\u00a0s\u00fabory tret\u00edch str\u00e1n<\/strong><\/td><\/tr><tr><td>intl.phonak.com<\/td><td class=\"has-text-align-left\" data-align=\"left\">wordpressuser_XXXXXXXXXXXXXXXXXXXXXXXXXXXXX, OptanonConsent, wordpress_test_cookie, wordpress_XXXXXXXXXXXXXXXXXXXXXXXXXXXX, wordpress_logged_in_XXXXXXXXXXXXXXXXXXXXXXXXXXX, jetpack_sso_original_request, wp-postpass_XXXXXXXXXXXXXXXXXXXXXXXXXXXX, wp-settings-, wordpress_sec_, jetpack_sso_redirect_to, wordpresspass_XXXXXXXXXXXXXXXXXXXXXXXXXXXX, OptanonAlertBoxClosed, wp-settings-time-X<\/td><td><\/td><td><\/td><td><\/td><\/tr><tr><td>phonak.com<\/td><td class=\"has-text-align-left\" data-align=\"left\">_ga_xxxxxxxxxx, _ga<\/td><td>V\u00fdkonnostn\u00e9 s\u00fabory cookies<\/td><td>1 rok<\/td><td>Prv\u00e1 strana<\/td><\/tr><\/tbody><\/table><\/figure>   <p> <strong>A.3 AKO SPRAVUJEME S\u00daBORY COOKIES?<\/strong><\/p>   <p>Ka\u017ed\u00fd typ s\u00faborov cookies odr\u00e1\u017ea \u0161pecifick\u00fd \u00fa\u010del. Na na\u0161ej internetovej str\u00e1nke m\u00f4\u017eete da\u0165 svoj s\u00fahlas na ka\u017ed\u00fd \u00fa\u010del zvl\u00e1\u0161\u0165. Prijat\u00edm v\u0161etk\u00fdch s\u00faborov cookies z\u00edskate plne personalizovan\u00fa internetov\u00fa sk\u00fasenos\u0165. M\u00e1te mo\u017enos\u0165 vybra\u0165 si, ktor\u00e9 typy s\u00faborov cookies prijmete alebo zablokujete, ale m\u00f4\u017ee to ovplyvni\u0165 va\u0161u sk\u00fasenos\u0165 s\u00a0pou\u017e\u00edvan\u00edm na\u0161ich str\u00e1nok a\u00a0slu\u017eieb, ktor\u00e9 pon\u00fakame. Napriek tomu m\u00f4\u017eete slu\u017ebu pou\u017e\u00edva\u0165 aj v\u00a0pr\u00edpade odmietnutia s\u00fahlasu s\u00a0niektor\u00fdmi s\u00fabormi cookies okrem t\u00fdch, ktor\u00e9 s\u00fa nevyhnutn\u00e9. Ak chcete odvola\u0165 alebo upravi\u0165 svoj s\u00fahlas, kliknite sem.<\/p>   <p>Ak nem\u00e1te z\u00e1ujem o\u00a0v\u00fdhody plyn\u00face z\u00a0na\u0161ich s\u00faborov cookies, funkcia \u201ePomoc\u201c vo va\u0161om prehliada\u010di v\u00e1m poskytne pokyny, ako zabr\u00e1ni\u0165 ukladaniu s\u00faborov cookies alebo ako vymaza\u0165 existuj\u00face s\u00fabory cookies. M\u00f4\u017eete sa tie\u017e dozvedie\u0165, ako zablokova\u0165 v\u0161etky nov\u00e9 s\u00fabory cookies vo va\u0161om prehliada\u010di a\u00a0ak\u00e9 kroky konfigur\u00e1cie s\u00fa potrebn\u00e9 na prijatie ozn\u00e1menia o\u00a0nov\u00fdch s\u00faboroch cookies. V\u00a0ka\u017edom pr\u00edpade bude va\u0161a vo\u013eba (s\u00fahlas\/odmietnutie) uchovan\u00e1 po dobu 6 mesiacov. Ve\u013emi u\u017eito\u010dn\u00e9 inform\u00e1cie o\u00a0s\u00faboroch cookies vo v\u0161eobecnosti n\u00e1jdete na t\u00fdchto internetov\u00fdch str\u00e1nkach: <a href=\"http:\/\/www.allaboutcookies.org\/\" target=\"_blank\" rel=\"noreferrer noopener\">http:\/\/www.allaboutcookies.org\/<\/a> alebo <a href=\"https:\/\/cookiepedia.co.uk\" target=\"_blank\" rel=\"noreferrer noopener\">https:\/\/cookiepedia.co.uk<\/a><\/p>   <p><strong>A.4 AKO N\u00c1S M\u00d4\u017dETE KONTAKTOVA\u0164?<\/strong><\/p>   <p>V\u00a0pr\u00edpade ak\u00fdchko\u013evek ot\u00e1zok, pripomienok alebo ob\u00e1v t\u00fdkaj\u00facich sa t\u00fdchto Z\u00e1sad alebo za \u00fa\u010delom uplatnenia va\u0161ich pr\u00e1v na ochranu s\u00fakromia povolen\u00fdch platn\u00fdmi pr\u00e1vnymi predpismi t\u00fdkaj\u00facimi sa Osobn\u00fdch \u00fadajov sa pros\u00edm obr\u00e1\u0165te na n\u00e1\u0161ho poverenca pre ochranu osobn\u00fdch \u00fadajov na nasleduj\u00facej e-mailovej adrese:  <a href=\"mailto:privacy@sonova.com\">privacy@sonova.com<\/a>. Pre \u010fal\u0161ie inform\u00e1cie sa pros\u00edm pozrite na na\u0161u politiku internetov\u00fdch str\u00e1nok  <a href=\"https:\/\/intl.phonak.com\/sk-sk\/web-privacy-cookie-policy\/\">a\u00a0s\u00faborov cookies<\/a>.<\/p>   <p>Platn\u00e9 od: janu\u00e1r 2025<\/p>\n<\/div> ","protected":false},"excerpt":{"rendered":"<p>Platn\u00e9 od: janu\u00e1r 2025 A. \u010cO S\u00da S\u00daBORY COOKIES A\u00a0IN\u00c9 N\u00c1STROJE SLEDOVANIA? Cookies s\u00fa mal\u00e9 s\u00fabory ulo\u017een\u00e9 v\u00e4\u010d\u0161inou internetov\u00fdch prehliada\u010dov&#8230;<\/p>\n","protected":false},"author":4,"featured_media":0,"parent":0,"menu_order":0,"comment_status":"closed","ping_status":"closed","template":"","meta":{"_acf_changed":false,"inline_featured_image":false,"footnotes":""},"class_list":["post-429","page","type-page","status-publish","hentry"],"acf":[],"yoast_head":"<!-- This site is optimized with the Yoast SEO plugin v26.9 - https:\/\/yoast.com\/product\/yoast-seo-wordpress\/ -->\n<title>Ozn\u00e1menie o ochrane s\u00fakromia - Phonak - Slovensko<\/title>\n<meta name=\"robots\" content=\"index, follow, max-snippet:-1, max-image-preview:large, max-video-preview:-1\" \/>\n<link rel=\"canonical\" href=\"https:\/\/intl.phonak.com\/main-english\/cookie-privacy-notice\/\" \/>\n<meta property=\"og:locale\" content=\"sk_SK\" \/>\n<meta property=\"og:type\" content=\"article\" \/>\n<meta property=\"og:title\" content=\"Ozn\u00e1menie o ochrane s\u00fakromia - Phonak - Slovensko\" \/>\n<meta property=\"og:description\" content=\"Platn\u00e9 od: janu\u00e1r 2025 A. \u010cO S\u00da S\u00daBORY COOKIES A\u00a0IN\u00c9 N\u00c1STROJE SLEDOVANIA? Cookies s\u00fa mal\u00e9 s\u00fabory ulo\u017een\u00e9 v\u00e4\u010d\u0161inou internetov\u00fdch prehliada\u010dov...\" \/>\n<meta property=\"og:url\" content=\"https:\/\/intl.phonak.com\/sk-sk\/predvolby-sukromia\/\" \/>\n<meta property=\"og:site_name\" content=\"Phonak - Slovensko\" \/>\n<meta property=\"article:modified_time\" content=\"2026-02-03T15:26:17+00:00\" \/>\n<meta name=\"twitter:card\" content=\"summary_large_image\" \/>\n<meta name=\"twitter:label1\" content=\"Est. reading time\" \/>\n\t<meta name=\"twitter:data1\" content=\"3 minutes\" \/>\n<script type=\"application\/ld+json\" class=\"yoast-schema-graph\">{\"@context\":\"https:\/\/schema.org\",\"@graph\":[{\"@type\":\"WebPage\",\"@id\":\"https:\/\/intl.phonak.com\/sk-sk\/predvolby-sukromia\/\",\"url\":\"https:\/\/intl.phonak.com\/sk-sk\/predvolby-sukromia\/\",\"name\":\"Ozn\u00e1menie o ochrane s\u00fakromia - Phonak - Slovensko\",\"isPartOf\":{\"@id\":\"https:\/\/intl.phonak.com\/sk-sk\/#website\"},\"datePublished\":\"2022-12-16T15:11:36+00:00\",\"dateModified\":\"2026-02-03T15:26:17+00:00\",\"breadcrumb\":{\"@id\":\"https:\/\/intl.phonak.com\/sk-sk\/predvolby-sukromia\/#breadcrumb\"},\"inLanguage\":\"sk-SK\",\"potentialAction\":[{\"@type\":\"ReadAction\",\"target\":[\"https:\/\/intl.phonak.com\/sk-sk\/predvolby-sukromia\/\"]}]},{\"@type\":\"BreadcrumbList\",\"@id\":\"https:\/\/intl.phonak.com\/sk-sk\/predvolby-sukromia\/#breadcrumb\",\"itemListElement\":[{\"@type\":\"ListItem\",\"position\":1,\"name\":\"Home\",\"item\":\"https:\/\/intl.phonak.com\/sk-sk\/\"},{\"@type\":\"ListItem\",\"position\":2,\"name\":\"Ozn\u00e1menie o\u00a0ochrane s\u00fakromia\"}]},{\"@type\":\"WebSite\",\"@id\":\"https:\/\/intl.phonak.com\/sk-sk\/#website\",\"url\":\"https:\/\/intl.phonak.com\/sk-sk\/\",\"name\":\"Phonak - Slovensko\",\"description\":\"Odhodlan\u00ed meni\u0165 \u017eivoty\",\"publisher\":{\"@id\":\"https:\/\/intl.phonak.com\/sk-sk\/#organization\"},\"potentialAction\":[{\"@type\":\"SearchAction\",\"target\":{\"@type\":\"EntryPoint\",\"urlTemplate\":\"https:\/\/intl.phonak.com\/sk-sk\/?s={search_term_string}\"},\"query-input\":{\"@type\":\"PropertyValueSpecification\",\"valueRequired\":true,\"valueName\":\"search_term_string\"}}],\"inLanguage\":\"sk-SK\"},{\"@type\":\"Organization\",\"@id\":\"https:\/\/intl.phonak.com\/sk-sk\/#organization\",\"name\":\"Phonak - Slovensko\",\"url\":\"https:\/\/intl.phonak.com\/sk-sk\/\",\"logo\":{\"@type\":\"ImageObject\",\"inLanguage\":\"sk-SK\",\"@id\":\"https:\/\/intl.phonak.com\/sk-sk\/#\/schema\/logo\/image\/\",\"url\":\"https:\/\/intl.phonak.com\/sk-sk\/wp-content\/uploads\/sites\/64\/2025\/06\/logo-phonak.svg\",\"contentUrl\":\"https:\/\/intl.phonak.com\/sk-sk\/wp-content\/uploads\/sites\/64\/2025\/06\/logo-phonak.svg\",\"caption\":\"Phonak - Slovensko\"},\"image\":{\"@id\":\"https:\/\/intl.phonak.com\/sk-sk\/#\/schema\/logo\/image\/\"}}]}<\/script>\n<!-- \/ Yoast SEO plugin. -->","yoast_head_json":{"title":"Ozn\u00e1menie o ochrane s\u00fakromia - Phonak - Slovensko","robots":{"index":"index","follow":"follow","max-snippet":"max-snippet:-1","max-image-preview":"max-image-preview:large","max-video-preview":"max-video-preview:-1"},"canonical":"https:\/\/intl.phonak.com\/main-english\/cookie-privacy-notice\/","og_locale":"sk_SK","og_type":"article","og_title":"Ozn\u00e1menie o ochrane s\u00fakromia - Phonak - Slovensko","og_description":"Platn\u00e9 od: janu\u00e1r 2025 A. \u010cO S\u00da S\u00daBORY COOKIES A\u00a0IN\u00c9 N\u00c1STROJE SLEDOVANIA? Cookies s\u00fa mal\u00e9 s\u00fabory ulo\u017een\u00e9 v\u00e4\u010d\u0161inou internetov\u00fdch prehliada\u010dov...","og_url":"https:\/\/intl.phonak.com\/sk-sk\/predvolby-sukromia\/","og_site_name":"Phonak - Slovensko","article_modified_time":"2026-02-03T15:26:17+00:00","twitter_card":"summary_large_image","twitter_misc":{"Est. reading time":"3 minutes"},"schema":{"@context":"https:\/\/schema.org","@graph":[{"@type":"WebPage","@id":"https:\/\/intl.phonak.com\/sk-sk\/predvolby-sukromia\/","url":"https:\/\/intl.phonak.com\/sk-sk\/predvolby-sukromia\/","name":"Ozn\u00e1menie o ochrane s\u00fakromia - Phonak - Slovensko","isPartOf":{"@id":"https:\/\/intl.phonak.com\/sk-sk\/#website"},"datePublished":"2022-12-16T15:11:36+00:00","dateModified":"2026-02-03T15:26:17+00:00","breadcrumb":{"@id":"https:\/\/intl.phonak.com\/sk-sk\/predvolby-sukromia\/#breadcrumb"},"inLanguage":"sk-SK","potentialAction":[{"@type":"ReadAction","target":["https:\/\/intl.phonak.com\/sk-sk\/predvolby-sukromia\/"]}]},{"@type":"BreadcrumbList","@id":"https:\/\/intl.phonak.com\/sk-sk\/predvolby-sukromia\/#breadcrumb","itemListElement":[{"@type":"ListItem","position":1,"name":"Home","item":"https:\/\/intl.phonak.com\/sk-sk\/"},{"@type":"ListItem","position":2,"name":"Ozn\u00e1menie o\u00a0ochrane s\u00fakromia"}]},{"@type":"WebSite","@id":"https:\/\/intl.phonak.com\/sk-sk\/#website","url":"https:\/\/intl.phonak.com\/sk-sk\/","name":"Phonak - Slovensko","description":"Odhodlan\u00ed meni\u0165 \u017eivoty","publisher":{"@id":"https:\/\/intl.phonak.com\/sk-sk\/#organization"},"potentialAction":[{"@type":"SearchAction","target":{"@type":"EntryPoint","urlTemplate":"https:\/\/intl.phonak.com\/sk-sk\/?s={search_term_string}"},"query-input":{"@type":"PropertyValueSpecification","valueRequired":true,"valueName":"search_term_string"}}],"inLanguage":"sk-SK"},{"@type":"Organization","@id":"https:\/\/intl.phonak.com\/sk-sk\/#organization","name":"Phonak - Slovensko","url":"https:\/\/intl.phonak.com\/sk-sk\/","logo":{"@type":"ImageObject","inLanguage":"sk-SK","@id":"https:\/\/intl.phonak.com\/sk-sk\/#\/schema\/logo\/image\/","url":"https:\/\/intl.phonak.com\/sk-sk\/wp-content\/uploads\/sites\/64\/2025\/06\/logo-phonak.svg","contentUrl":"https:\/\/intl.phonak.com\/sk-sk\/wp-content\/uploads\/sites\/64\/2025\/06\/logo-phonak.svg","caption":"Phonak - Slovensko"},"image":{"@id":"https:\/\/intl.phonak.com\/sk-sk\/#\/schema\/logo\/image\/"}}]}},"jetpack_sharing_enabled":true,"distributor_meta":false,"distributor_terms":false,"distributor_media":false,"distributor_original_site_name":"Phonak - Slovensko","distributor_original_site_url":"https:\/\/intl.phonak.com\/sk-sk","push-errors":false,"_links":{"self":[{"href":"https:\/\/intl.phonak.com\/sk-sk\/wp-json\/wp\/v2\/pages\/429","targetHints":{"allow":["GET"]}}],"collection":[{"href":"https:\/\/intl.phonak.com\/sk-sk\/wp-json\/wp\/v2\/pages"}],"about":[{"href":"https:\/\/intl.phonak.com\/sk-sk\/wp-json\/wp\/v2\/types\/page"}],"author":[{"embeddable":true,"href":"https:\/\/intl.phonak.com\/sk-sk\/wp-json\/wp\/v2\/users\/4"}],"replies":[{"embeddable":true,"href":"https:\/\/intl.phonak.com\/sk-sk\/wp-json\/wp\/v2\/comments?post=429"}],"version-history":[{"count":10,"href":"https:\/\/intl.phonak.com\/sk-sk\/wp-json\/wp\/v2\/pages\/429\/revisions"}],"predecessor-version":[{"id":1463,"href":"https:\/\/intl.phonak.com\/sk-sk\/wp-json\/wp\/v2\/pages\/429\/revisions\/1463"}],"wp:attachment":[{"href":"https:\/\/intl.phonak.com\/sk-sk\/wp-json\/wp\/v2\/media?parent=429"}],"curies":[{"name":"wp","href":"https:\/\/api.w.org\/{rel}","templated":true}]}}