{"id":427,"date":"2024-05-21T15:42:49","date_gmt":"2024-05-21T15:42:49","guid":{"rendered":"https:\/\/intl.phonak.com\/sk-sk\/terms-of-use\/"},"modified":"2026-02-03T15:19:25","modified_gmt":"2026-02-03T15:19:25","slug":"podmienky-pouzitia","status":"publish","type":"page","link":"https:\/\/intl.phonak.com\/sk-sk\/podmienky-pouzitia\/","title":{"rendered":"Podmienky pou\u017e\u00edvania"},"content":{"rendered":" <h2 class=\"wp-block-heading\">Podmienky pou\u017e\u00edvania<\/h2>   <p><strong>I. Akcept\u00e1cia<\/strong> T\u00fato internetov\u00fa str\u00e1nku vlastn\u00ed a\u00a0prev\u00e1dzkuje spolo\u010dnos\u0165 Sonova AG. Pr\u00edstupom a\u00a0prehliadan\u00edm tejto str\u00e1nky prij\u00edmate tieto podmienky.<\/p>   <p><strong>II. Vyhl\u00e1senie o\u00a0vyl\u00fa\u010den\u00ed z\u00e1ruk<\/strong> Vynalo\u017eili sme &#8211; a\u00a0na\u010falej budeme vynaklada\u0165 &#8211; v\u0161etko \u00fasilie na poskytovanie presn\u00fdch a\u00a0aktu\u00e1lnych inform\u00e1ci\u00ed. Neposkytujeme v\u0161ak \u017eiadnu z\u00e1ruku ani vyhl\u00e1senie, v\u00fdslovn\u00e9 ani implicitn\u00e9, \u017ee inform\u00e1cie tu obsiahnut\u00e9 alebo uveden\u00e9 s\u00fa presn\u00e9 alebo \u00fapln\u00e9. Spolo\u010dnos\u0165 Sonova nenesie \u017eiadnu zodpovednos\u0165 za priame, nepriame, n\u00e1hodn\u00e9, n\u00e1sledn\u00e9 ani repres\u00edvne \u0161kody, ktor\u00e9 by mohli vznikn\u00fa\u0165 v\u00a0d\u00f4sledku pou\u017eitia, pr\u00edstupu alebo nemo\u017enosti pou\u017ei\u0165 tieto inform\u00e1cie. Spolo\u010dnos\u0165 Sonova nenesie \u017eiadnu zodpovednos\u0165 za pr\u00edpadn\u00e9 chyby alebo opomenutia v\u00a0obsahu tohto dokumentu. To plat\u00ed najm\u00e4 pre ak\u00e9ko\u013evek odkazy na produkty a\u00a0slu\u017eby dod\u00e1van\u00e9 spolo\u010dnos\u0165ou Sonova AG. Inform\u00e1cie na t\u00fdchto internetov\u00fdch str\u00e1nkach m\u00f4\u017eu obsahova\u0165 technick\u00e9 nepresnosti alebo typografick\u00e9 chyby. Spolo\u010dnos\u0165 Sonova m\u00f4\u017ee tie\u017e kedyko\u013evek bez predch\u00e1dzaj\u00faceho upozornenia vykon\u00e1va\u0165 vylep\u0161enia a\/alebo zmeny produktov a\/alebo programov pop\u00edsan\u00fdch v\u00a0t\u00fdchto inform\u00e1ci\u00e1ch a\u00a0nebude \u017eiadnym sp\u00f4sobom zodpovedn\u00e1 za mo\u017en\u00e9 d\u00f4sledky tak\u00fdchto zmien.<\/p>   <p>Inform\u00e1cie, ktor\u00e9 spolo\u010dnos\u0165 Sonova zverej\u0148uje na internete, m\u00f4\u017eu obsahova\u0165 odkazy alebo kr\u00ed\u017eov\u00e9 odkazy na produkty, programy a\u00a0slu\u017eby spolo\u010dnosti Sonova, ilustrovan\u00e9 alebo pop\u00edsan\u00e9, ktor\u00e9 nie s\u00fa ozn\u00e1men\u00e9 alebo dostupn\u00e9 vo va\u0161ej krajine. Tak\u00e9to odkazy neznamenaj\u00fa, \u017ee spolo\u010dnos\u0165 Sonova m\u00e1 v\u00a0\u00famysle uvies\u0165 tak\u00e9 produkty, programy alebo slu\u017eby vo va\u0161ej krajine. \u010eal\u0161ie inform\u00e1cie m\u00f4\u017eete z\u00edska\u0165 od svojho miestneho distrib\u00fatora spolo\u010dnosti Sonova.<\/p>   <p>Mali by ste prija\u0165 opatrenia na zabezpe\u010denie toho, \u017ee softv\u00e9r alebo d\u00e1ta, ktor\u00e9 si vyberiete na pou\u017eitie, neobsahuj\u00fa v\u00edrusy, tr\u00f3jske kone a\u00a0in\u00e9 de\u0161trukt\u00edvne prvky. Spolo\u010dnos\u0165 Sonova v\u00a0\u017eiadnom pr\u00edpade nenesie zodpovednos\u0165 vo\u010di \u017eiadnej strane za ak\u00e9ko\u013evek priame, nepriame, zvl\u00e1\u0161tne alebo in\u00e9 n\u00e1sledn\u00e9 \u0161kody sp\u00f4soben\u00e9 ak\u00fdmko\u013evek pou\u017eit\u00edm tejto internetovej str\u00e1nky, okrem in\u00e9ho vr\u00e1tane ak\u00e9hoko\u013evek u\u0161l\u00e9ho zisku, preru\u0161enia podnikania, straty programov alebo in\u00fdch d\u00e1t vo va\u0161om syst\u00e9me na spracovanie inform\u00e1ci\u00ed alebo inak, a\u00a0to aj v\u00a0pr\u00edpade, \u017ee sme v\u00fdslovne upozornili na mo\u017enos\u0165 tak\u00fdchto \u0161k\u00f4d.<\/p>   <p><strong>III. Odkazy<\/strong> Obsah tret\u00edch str\u00e1n sa m\u00f4\u017ee objavi\u0165 na t\u00fdchto internetov\u00fdch str\u00e1nkach alebo m\u00f4\u017ee by\u0165 z\u00a0nich pr\u00edstupn\u00fd. Spolo\u010dnos\u0165 Sonova nenesie zodpovednos\u0165 a\u00a0nepreber\u00e1 \u017eiadnu zodpovednos\u0165 za ak\u00fdko\u013evek obsah tret\u00edch str\u00e1n. Okrem toho m\u00f4\u017eu tieto internetov\u00e9 str\u00e1nky obsahova\u0165 odkazy alebo referencie na in\u00e9 internetov\u00e9 str\u00e1nky, ktor\u00e9 nie s\u00fa spojen\u00e9 so spolo\u010dnos\u0165ou Sonova; spolo\u010dnos\u0165 Sonova v\u0161ak nenesie zodpovednos\u0165 za obsah t\u00fdchto in\u00fdch str\u00e1nok a\u00a0nenesie zodpovednos\u0165 za \u017eiadne \u0161kody alebo zranenia vypl\u00fdvaj\u00face z\u00a0pr\u00edstupu u\u017e\u00edvate\u013eov na tieto str\u00e1nky. Odkazy na in\u00e9 str\u00e1nky s\u00fa poskytovan\u00e9 iba pre komfort u\u017e\u00edvate\u013eov na\u0161ich internetov\u00fdch str\u00e1nok.<\/p>   <p><strong>IV. Autorsk\u00e9 pr\u00e1va<\/strong> V\u0161etok obsah t\u00fdchto internetov\u00fdch str\u00e1nok Sonova podlieha autorsk\u00fdm pr\u00e1vam so v\u0161etk\u00fdmi vyhraden\u00fdmi pr\u00e1vami. Str\u00e1nky si m\u00f4\u017eete vo\u013ene prehliada\u0165, ale m\u00f4\u017eete k\u00a0nim pristupova\u0165, s\u0165ahova\u0165 ich alebo pou\u017e\u00edva\u0165 iba inform\u00e1cie z\u00a0nich vr\u00e1tane textu, obr\u00e1zkov, audia a\u00a0videa (\u010falej len \u201eInform\u00e1cie\u201c) pre svoje vlastn\u00e9 nekomer\u010dn\u00e9 pou\u017eitie. Inform\u00e1cie nesmiete distribuova\u0165, upravova\u0165, pren\u00e1\u0161a\u0165, znovu pou\u017e\u00edva\u0165, preposiela\u0165 alebo pou\u017e\u00edva\u0165 na komer\u010dn\u00e9 \u00fa\u010dely bez p\u00edsomn\u00e9ho s\u00fahlasu spolo\u010dnosti Sonova AG. Mus\u00edte zachova\u0165 a\u00a0reprodukova\u0165 ka\u017ed\u00fa jednotliv\u00fa zmienku o\u00a0autorsk\u00fdch pr\u00e1vach alebo in\u00fa zmienku o\u00a0vlastn\u00edckych pr\u00e1vach obsiahnut\u00fa vo v\u0161etk\u00fdch inform\u00e1ci\u00e1ch, ktor\u00e9 si stiahnete.<\/p>   <p>Mali by ste predpoklada\u0165, \u017ee v\u0161etko, \u010do vid\u00edte alebo \u010d\u00edtate na t\u00fdchto str\u00e1nkach, je chr\u00e1nen\u00e9 autorsk\u00fdmi pr\u00e1vami, pokia\u013e nie je uveden\u00e9 inak, a\u00a0nesmie by\u0165 pou\u017eit\u00e9 inak, ne\u017e ako je uveden\u00e9 v\u00a0t\u00fdchto Podmienkach alebo v\u00a0texte na str\u00e1nkach bez p\u00edsomn\u00e9ho s\u00fahlasu spolo\u010dnosti Sonova AG.<\/p>   <p><strong>V. Ochrann\u00e9 zn\u00e1mky<\/strong> Mali by ste predpoklada\u0165, \u017ee v\u0161etky n\u00e1zvy produktov uveden\u00e9 na t\u00fdchto str\u00e1nkach, \u010di u\u017e s\u00fa uveden\u00e9 ve\u013ek\u00fdm p\u00edsmom, kurz\u00edvou alebo so symbolom ochrannej zn\u00e1mky, s\u00fa ochrann\u00fdmi zn\u00e1mkami spolo\u010dnosti Sonova AG alebo in\u00fdch str\u00e1n. \u017diadna licencia ani pr\u00e1vo k\u00a0t\u00fdmto ochrann\u00fdm zn\u00e1mkam v\u00e1m nie je udelen\u00e9 ani prepo\u017ei\u010dan\u00e9.<\/p>   <p><strong>VI. Rev\u00edzie<\/strong> Spolo\u010dnos\u0165 Sonova AG m\u00f4\u017ee tieto zmluvn\u00e9 Podmienky kedyko\u013evek revidova\u0165 aktualiz\u00e1ciou tohto ozn\u00e1menia. Ak\u00e9ko\u013evek tak\u00e9to zmeny s\u00fa pre v\u00e1s z\u00e1v\u00e4zn\u00e9, a\u00a0preto by ste mali pravidelne nav\u0161tevova\u0165 t\u00fato str\u00e1nku, aby ste si pre\u010d\u00edtali aktu\u00e1lne zmluvn\u00e9 Podmienky, ktor\u00fdmi ste viazan\u00ed.<\/p>   <p>D\u00e1tum \u00fa\u010dinnosti: 05\/07\/2015<\/p>   <p>D\u00e1tum poslednej aktualiz\u00e1cie: 05\/07\/2015<\/p> ","protected":false},"excerpt":{"rendered":"<p>Podmienky pou\u017e\u00edvania I. Akcept\u00e1cia T\u00fato internetov\u00fa str\u00e1nku vlastn\u00ed a\u00a0prev\u00e1dzkuje spolo\u010dnos\u0165 Sonova AG. Pr\u00edstupom a\u00a0prehliadan\u00edm tejto str\u00e1nky prij\u00edmate tieto podmienky. II&#8230;.<\/p>\n","protected":false},"author":42,"featured_media":0,"parent":0,"menu_order":0,"comment_status":"closed","ping_status":"closed","template":"","meta":{"_acf_changed":false,"inline_featured_image":false,"footnotes":""},"class_list":["post-427","page","type-page","status-publish","hentry"],"acf":[],"yoast_head":"<!-- This site is optimized with the Yoast SEO plugin v26.9 - https:\/\/yoast.com\/product\/yoast-seo-wordpress\/ -->\n<title>Podmienky pou\u017e\u00edvania - Phonak - Slovensko<\/title>\n<meta name=\"robots\" content=\"index, follow, max-snippet:-1, max-image-preview:large, max-video-preview:-1\" \/>\n<link rel=\"canonical\" href=\"https:\/\/intl.phonak.com\/main-english\/terms-of-use\/\" \/>\n<meta property=\"og:locale\" content=\"sk_SK\" \/>\n<meta property=\"og:type\" content=\"article\" \/>\n<meta property=\"og:title\" content=\"Podmienky pou\u017e\u00edvania - Phonak - Slovensko\" \/>\n<meta property=\"og:description\" content=\"Podmienky pou\u017e\u00edvania I. Akcept\u00e1cia T\u00fato internetov\u00fa str\u00e1nku vlastn\u00ed a\u00a0prev\u00e1dzkuje spolo\u010dnos\u0165 Sonova AG. Pr\u00edstupom a\u00a0prehliadan\u00edm tejto str\u00e1nky prij\u00edmate tieto podmienky. II....\" \/>\n<meta property=\"og:url\" content=\"https:\/\/intl.phonak.com\/sk-sk\/podmienky-pouzitia\/\" \/>\n<meta property=\"og:site_name\" content=\"Phonak - Slovensko\" \/>\n<meta property=\"article:modified_time\" content=\"2026-02-03T15:19:25+00:00\" \/>\n<meta name=\"twitter:card\" content=\"summary_large_image\" \/>\n<meta name=\"twitter:label1\" content=\"Est. reading time\" \/>\n\t<meta name=\"twitter:data1\" content=\"4 minutes\" \/>\n<script type=\"application\/ld+json\" class=\"yoast-schema-graph\">{\"@context\":\"https:\/\/schema.org\",\"@graph\":[{\"@type\":\"WebPage\",\"@id\":\"https:\/\/intl.phonak.com\/sk-sk\/podmienky-pouzitia\/\",\"url\":\"https:\/\/intl.phonak.com\/sk-sk\/podmienky-pouzitia\/\",\"name\":\"Podmienky pou\u017e\u00edvania - Phonak - Slovensko\",\"isPartOf\":{\"@id\":\"https:\/\/intl.phonak.com\/sk-sk\/#website\"},\"datePublished\":\"2024-05-21T15:42:49+00:00\",\"dateModified\":\"2026-02-03T15:19:25+00:00\",\"breadcrumb\":{\"@id\":\"https:\/\/intl.phonak.com\/sk-sk\/podmienky-pouzitia\/#breadcrumb\"},\"inLanguage\":\"sk-SK\",\"potentialAction\":[{\"@type\":\"ReadAction\",\"target\":[\"https:\/\/intl.phonak.com\/sk-sk\/podmienky-pouzitia\/\"]}]},{\"@type\":\"BreadcrumbList\",\"@id\":\"https:\/\/intl.phonak.com\/sk-sk\/podmienky-pouzitia\/#breadcrumb\",\"itemListElement\":[{\"@type\":\"ListItem\",\"position\":1,\"name\":\"Home\",\"item\":\"https:\/\/intl.phonak.com\/sk-sk\/\"},{\"@type\":\"ListItem\",\"position\":2,\"name\":\"Podmienky pou\u017e\u00edvania\"}]},{\"@type\":\"WebSite\",\"@id\":\"https:\/\/intl.phonak.com\/sk-sk\/#website\",\"url\":\"https:\/\/intl.phonak.com\/sk-sk\/\",\"name\":\"Phonak - Slovensko\",\"description\":\"Odhodlan\u00ed meni\u0165 \u017eivoty\",\"publisher\":{\"@id\":\"https:\/\/intl.phonak.com\/sk-sk\/#organization\"},\"potentialAction\":[{\"@type\":\"SearchAction\",\"target\":{\"@type\":\"EntryPoint\",\"urlTemplate\":\"https:\/\/intl.phonak.com\/sk-sk\/?s={search_term_string}\"},\"query-input\":{\"@type\":\"PropertyValueSpecification\",\"valueRequired\":true,\"valueName\":\"search_term_string\"}}],\"inLanguage\":\"sk-SK\"},{\"@type\":\"Organization\",\"@id\":\"https:\/\/intl.phonak.com\/sk-sk\/#organization\",\"name\":\"Phonak - Slovensko\",\"url\":\"https:\/\/intl.phonak.com\/sk-sk\/\",\"logo\":{\"@type\":\"ImageObject\",\"inLanguage\":\"sk-SK\",\"@id\":\"https:\/\/intl.phonak.com\/sk-sk\/#\/schema\/logo\/image\/\",\"url\":\"https:\/\/intl.phonak.com\/sk-sk\/wp-content\/uploads\/sites\/64\/2025\/06\/logo-phonak.svg\",\"contentUrl\":\"https:\/\/intl.phonak.com\/sk-sk\/wp-content\/uploads\/sites\/64\/2025\/06\/logo-phonak.svg\",\"caption\":\"Phonak - Slovensko\"},\"image\":{\"@id\":\"https:\/\/intl.phonak.com\/sk-sk\/#\/schema\/logo\/image\/\"}}]}<\/script>\n<!-- \/ Yoast SEO plugin. -->","yoast_head_json":{"title":"Podmienky pou\u017e\u00edvania - Phonak - Slovensko","robots":{"index":"index","follow":"follow","max-snippet":"max-snippet:-1","max-image-preview":"max-image-preview:large","max-video-preview":"max-video-preview:-1"},"canonical":"https:\/\/intl.phonak.com\/main-english\/terms-of-use\/","og_locale":"sk_SK","og_type":"article","og_title":"Podmienky pou\u017e\u00edvania - Phonak - Slovensko","og_description":"Podmienky pou\u017e\u00edvania I. Akcept\u00e1cia T\u00fato internetov\u00fa str\u00e1nku vlastn\u00ed a\u00a0prev\u00e1dzkuje spolo\u010dnos\u0165 Sonova AG. Pr\u00edstupom a\u00a0prehliadan\u00edm tejto str\u00e1nky prij\u00edmate tieto podmienky. II....","og_url":"https:\/\/intl.phonak.com\/sk-sk\/podmienky-pouzitia\/","og_site_name":"Phonak - Slovensko","article_modified_time":"2026-02-03T15:19:25+00:00","twitter_card":"summary_large_image","twitter_misc":{"Est. reading time":"4 minutes"},"schema":{"@context":"https:\/\/schema.org","@graph":[{"@type":"WebPage","@id":"https:\/\/intl.phonak.com\/sk-sk\/podmienky-pouzitia\/","url":"https:\/\/intl.phonak.com\/sk-sk\/podmienky-pouzitia\/","name":"Podmienky pou\u017e\u00edvania - Phonak - Slovensko","isPartOf":{"@id":"https:\/\/intl.phonak.com\/sk-sk\/#website"},"datePublished":"2024-05-21T15:42:49+00:00","dateModified":"2026-02-03T15:19:25+00:00","breadcrumb":{"@id":"https:\/\/intl.phonak.com\/sk-sk\/podmienky-pouzitia\/#breadcrumb"},"inLanguage":"sk-SK","potentialAction":[{"@type":"ReadAction","target":["https:\/\/intl.phonak.com\/sk-sk\/podmienky-pouzitia\/"]}]},{"@type":"BreadcrumbList","@id":"https:\/\/intl.phonak.com\/sk-sk\/podmienky-pouzitia\/#breadcrumb","itemListElement":[{"@type":"ListItem","position":1,"name":"Home","item":"https:\/\/intl.phonak.com\/sk-sk\/"},{"@type":"ListItem","position":2,"name":"Podmienky pou\u017e\u00edvania"}]},{"@type":"WebSite","@id":"https:\/\/intl.phonak.com\/sk-sk\/#website","url":"https:\/\/intl.phonak.com\/sk-sk\/","name":"Phonak - Slovensko","description":"Odhodlan\u00ed meni\u0165 \u017eivoty","publisher":{"@id":"https:\/\/intl.phonak.com\/sk-sk\/#organization"},"potentialAction":[{"@type":"SearchAction","target":{"@type":"EntryPoint","urlTemplate":"https:\/\/intl.phonak.com\/sk-sk\/?s={search_term_string}"},"query-input":{"@type":"PropertyValueSpecification","valueRequired":true,"valueName":"search_term_string"}}],"inLanguage":"sk-SK"},{"@type":"Organization","@id":"https:\/\/intl.phonak.com\/sk-sk\/#organization","name":"Phonak - Slovensko","url":"https:\/\/intl.phonak.com\/sk-sk\/","logo":{"@type":"ImageObject","inLanguage":"sk-SK","@id":"https:\/\/intl.phonak.com\/sk-sk\/#\/schema\/logo\/image\/","url":"https:\/\/intl.phonak.com\/sk-sk\/wp-content\/uploads\/sites\/64\/2025\/06\/logo-phonak.svg","contentUrl":"https:\/\/intl.phonak.com\/sk-sk\/wp-content\/uploads\/sites\/64\/2025\/06\/logo-phonak.svg","caption":"Phonak - Slovensko"},"image":{"@id":"https:\/\/intl.phonak.com\/sk-sk\/#\/schema\/logo\/image\/"}}]}},"jetpack_sharing_enabled":true,"distributor_meta":false,"distributor_terms":false,"distributor_media":false,"distributor_original_site_name":"Phonak - Slovensko","distributor_original_site_url":"https:\/\/intl.phonak.com\/sk-sk","push-errors":false,"_links":{"self":[{"href":"https:\/\/intl.phonak.com\/sk-sk\/wp-json\/wp\/v2\/pages\/427","targetHints":{"allow":["GET"]}}],"collection":[{"href":"https:\/\/intl.phonak.com\/sk-sk\/wp-json\/wp\/v2\/pages"}],"about":[{"href":"https:\/\/intl.phonak.com\/sk-sk\/wp-json\/wp\/v2\/types\/page"}],"author":[{"embeddable":true,"href":"https:\/\/intl.phonak.com\/sk-sk\/wp-json\/wp\/v2\/users\/42"}],"replies":[{"embeddable":true,"href":"https:\/\/intl.phonak.com\/sk-sk\/wp-json\/wp\/v2\/comments?post=427"}],"version-history":[{"count":4,"href":"https:\/\/intl.phonak.com\/sk-sk\/wp-json\/wp\/v2\/pages\/427\/revisions"}],"predecessor-version":[{"id":1459,"href":"https:\/\/intl.phonak.com\/sk-sk\/wp-json\/wp\/v2\/pages\/427\/revisions\/1459"}],"wp:attachment":[{"href":"https:\/\/intl.phonak.com\/sk-sk\/wp-json\/wp\/v2\/media?parent=427"}],"curies":[{"name":"wp","href":"https:\/\/api.w.org\/{rel}","templated":true}]}}