{"id":1058,"date":"2022-02-10T17:50:56","date_gmt":"2022-02-10T17:50:56","guid":{"rendered":"https:\/\/intl.phonak.com\/sk-sk\/?page_id=1058"},"modified":"2025-12-08T12:09:09","modified_gmt":"2025-12-08T12:09:09","slug":"online-test-sluchu","status":"publish","type":"page","link":"https:\/\/intl.phonak.com\/sk-sk\/online-test-sluchu\/","title":{"rendered":"Online test sluchu"},"content":{"rendered":"\n<div style=\"height:64px\" aria-hidden=\"true\" class=\"wp-block-spacer\"><\/div>   \n<figure class=\"wp-block-image aligncenter size-large\"><img decoding=\"async\" src=\"https:\/\/intl.phonak.com\/sk-sk\/wp-content\/uploads\/sites\/3\/2022\/02\/eScreener.jpg?w=550\" alt=\"Hearing screener\" class=\"wp-image-4464\"\/><\/figure>   \n<div class=\"wp-block-group is-style-align-small is-layout-flow wp-block-group-is-layout-flow\" style=\"padding-top:0px\">\n<div style=\"height:28px\" aria-hidden=\"true\" class=\"wp-block-spacer\"><\/div>   \n<h2 class=\"wp-block-heading has-text-align-center\" id=\"take-our-five-minute-online-hearing-test\">Urobte si n\u00e1\u0161 3 min\u00fatov\u00fd online test sluchu<\/h2>   <div class=\"wp-block-buttons is-layout-flex wp-block-buttons-is-layout-flex\">\n<div class=\"wp-block-button aligncenter\"><a class=\"wp-block-button__link wp-element-button\" href=\"https:\/\/hearing-screener.beyondhearing.org\/jhg4pj\/welcome\" target=\"_blank\" rel=\"noreferrer noopener\">Skontrolujte si svoj sluch<\/a><\/div>\n<\/div>   \n<div style=\"height:62px\" aria-hidden=\"true\" class=\"wp-block-spacer\"><\/div>   \n<p class=\"has-text-align-center\">Niekedy si stratu sluchu nev\u0161imneme, k\u00fdm neza\u010dne ovplyv\u0148ova\u0165 n\u00e1\u0161 ka\u017edodenn\u00fd \u017eivot. Ak nepo\u010dujete \u010das\u0165 konverz\u00e1cie so svojimi bl\u00edzkymi, kamar\u00e1tmi alebo kolegami, je \u013eahk\u00e9 strati\u0165 podstatu toho, o\u00a0\u010dom hovor\u00ed.<\/p>   \n<p class=\"has-text-align-center\">Urobte si online test sluchu od Phonaku z\u00a0pohodlia svojho domova. Odborn\u00edk s\u00a0vami potom prediskutuje tieto v\u00fdsledky a\u00a0pos\u00fadi va\u0161u potrebu pre kompenz\u00e1ciu sluchu na\u010d\u00favac\u00edmi pr\u00edstrojmi. Nasleduj\u00face stretnutia, vr\u00e1tane kompletn\u00e9ho diagnostick\u00e9ho vy\u0161etrenia, nastavenia a\u00a0jemn\u00e9ho ladenia na\u010d\u00favac\u00edch pr\u00edstrojov, je mo\u017en\u00e9 vykona\u0165 v\u00a0ordin\u00e1cii odborn\u00edka \u2013 poskytovate\u013ea na\u010d\u00favac\u00edch pr\u00edstrojov, alebo virtu\u00e1lne. V\u010faka digit\u00e1lnym alternat\u00edvam osobn\u00fdch n\u00e1v\u0161tev m\u00e1te pr\u00edstup k\u00a0slu\u017eb\u00e1m starostlivosti o\u00a0sluch pod\u013ea va\u0161ich individu\u00e1lnych potrieb, v\u00a0rovnakej kvalite pr\u00edstupu k\u00a0profesion\u00e1lnym a\u00a0personalizovan\u00fdm odborn\u00fdm znalostiam.<\/p>   \n<p class=\"has-text-align-center\">Ak by ste si rad\u0161ej chceli necha\u0165 vy\u0161etri\u0165 sluch v\u00a0bl\u00edzkosti v\u00e1\u0161ho bydliska, <a href=\"https:\/\/intl.phonak.com\/sk-sk\/najst-odbornika\/\">n\u00e1jdite si pros\u00edm odborn\u00edka na starostlivos\u0165 o\u00a0sluch<\/a> vo svojom okol\u00ed.<\/p>\n<\/div>   \n<div class=\"wp-block-group alignfull has-light-grey-background-color has-background is-layout-flow wp-block-group-is-layout-flow\">\n<h3 class=\"wp-block-heading has-text-align-center has-blue-color has-text-color\" id=\"how-to-get-the-most-out-of-this-test\">Ako najlep\u0161ie vyu\u017ei\u0165 tento test<\/h3>   \n<div class=\"wp-block-group is-style-align-small is-layout-flow wp-block-group-is-layout-flow\"><div class=\"wp-list-block\">\n<ul class=\"wp-block-list\">\n<li>Predt\u00fdm, ne\u017e za\u010dnete s\u00a0testom sluchu, uistite sa, \u017ee ste v\u00a0tichom prostred\u00ed<\/li>   <li>Namiesto vstavan\u00fdch reproduktorov pou\u017eite sl\u00fachadl\u00e1 a\u00a0nastavte hlasitos\u0165 zariadenia na 50 % <\/li>\n<\/ul>\n<\/div><\/div>\n<\/div>   \n<div style=\"height:47px\" aria-hidden=\"true\" class=\"wp-block-spacer\"><\/div>   \n<h3 class=\"wp-block-heading has-text-align-center has-blue-color has-text-color\" id=\"how-the-online-hearing-test-works\">Ako funguje online test sluchu<\/h3>   \n<div class=\"wp-block-media-text alignwide is-stacked-on-mobile\"><figure class=\"wp-block-media-text__media\"><img decoding=\"async\" src=\"https:\/\/intl.phonak.com\/sk-sk\/wp-content\/uploads\/sites\/3\/2022\/02\/Screener.jpg?w=550\" alt=\"Hearing screener\" class=\"wp-image-4525 size-full\"\/><\/figure><div class=\"wp-block-media-text__content\"><div class=\"wp-list-block\">\n<ul class=\"wp-block-list\">\n<li>Prv\u00e1 \u010das\u0165 testu hodnot\u00ed, ako dobre po\u010dujete na r\u00f4znych frekven\u010dn\u00fdch \u00farovniach. Budete po\u010du\u0165 nieko\u013eko t\u00f3nov v\u00a0r\u00f4znych v\u00fd\u0161kach a\u00a0po\u017eiadame v\u00e1s, aby ste upravili hlasitos\u0165, k\u00fdm nebudete po\u010du\u0165 zvuk.<\/li>   <li>V\u00a0druhej \u010dasti testu v\u00e1m polo\u017e\u00edme nieko\u013eko ot\u00e1zok o\u00a0va\u0161ej schopnosti po\u010du\u0165 v\u00a0n\u00e1ro\u010dn\u00fdch posluchov\u00fdch situ\u00e1ci\u00e1ch.<\/li>   <li>Potom v\u00e1m bude predlo\u017een\u00fd v\u00fdsledok testu sluchu a\u00a0pokyny, \u010do robi\u0165 \u010falej, ak zist\u00edme pr\u00edznaky straty sluchu.<\/li>\n<\/ul>\n<\/div><\/div><\/div>   \n<div class=\"wp-block-group alignfull is-style-default has-light-grey-background-color has-background is-layout-flow wp-block-group-is-layout-flow\">\n<div class=\"wp-block-group is-style-align-small is-layout-flow wp-block-group-is-layout-flow\">\n<h3 class=\"wp-block-heading has-blue-color has-text-color\" id=\"what-to-expect-at-your-first-appointment-1\">\u010co v\u00e1s \u010dak\u00e1 pri prvej n\u00e1v\u0161teve<\/h3>\n<\/div>   \n<p class=\"has-text-align-center\">Z\u00e1le\u017e\u00ed n\u00e1m na va\u0161om sluchu a\u00a0na probl\u00e9moch, ktor\u00e9 m\u00f4\u017ee strata sluchu predstavova\u0165 vo va\u0161om \u017eivote. Sme tu, aby sme v\u00e1m pomohli. Strata sluchu je prirodzen\u00e1 a\u00a0nie je sa \u010doho b\u00e1\u0165. S\u00a0modern\u00fdm rie\u0161en\u00edm od zna\u010dky Phonak v\u00e1m m\u00f4\u017eeme pom\u00f4c\u0165 op\u00e4\u0165 po\u010du\u0165 lep\u0161ie.<\/p>   \n<p class=\"has-text-align-center\"><\/p>\n<\/div>   \n<div style=\"height:52px\" aria-hidden=\"true\" class=\"wp-block-spacer\"><\/div>   \n<h3 class=\"wp-block-heading has-text-align-center has-blue-color has-text-color\" id=\"i-have-a-hearing-loss-what-comes-next\">M\u00e1m stratu sluchu, \u010do bude \u010falej?<\/h3>   \n<div style=\"height:37px\" aria-hidden=\"true\" class=\"wp-block-spacer\"><\/div>   <div class=\"wp-block-columns is-layout-flex wp-container-core-columns-is-layout-9d6595d7 wp-block-columns-is-layout-flex\">\n<div class=\"wp-block-column is-layout-flow wp-block-column-is-layout-flow\">\n<h4 class=\"wp-block-heading\">1) Vy hovor\u00edte, my na\u010d\u00favame<\/h4>   <p>Va\u0161a cesta za lep\u0161\u00edm sluchom za\u010d\u00edna n\u00e1v\u0161tevou odborn\u00edka na starostlivos\u0165 o\u00a0sluch. Je tu, aby v\u00e1s naviedol na v\u00fdber spr\u00e1vneho rie\u0161enia priamo pre v\u00e1s. My v\u00e1m na\u010d\u00favame, zatia\u013e \u010do vy hovor\u00edte o\u00a0svojom sluchu, o\u00a0tom, ako sa zmenil, a\u00a0s\u00a0ak\u00fdmi probl\u00e9mami sa stret\u00e1vate.<\/p>\n<\/div>   <div class=\"wp-block-column is-layout-flow wp-block-column-is-layout-flow\">\n<h4 class=\"wp-block-heading\">2) Test sluchu<\/h4>   <p>Potom, \u010do sa podel\u00edte o\u00a0svoje sk\u00fasenosti, otestujeme, \u010do po\u010dujete. Test sluchu je jednoduch\u00fd. Sta\u010d\u00ed sa posadi\u0165 a\u00a0po\u010d\u00fava\u0165. Akon\u00e1hle bud\u00fa v\u00fdsledky hotov\u00e9, porovn\u00e1me ich s\u00a0va\u0161imi probl\u00e9mami. T\u00fdm si potvrd\u00edme, \u017ee sa d\u00e1ta zhoduj\u00fa s\u00a0va\u0161imi sk\u00fasenos\u0165ami. N\u00e1sledne v\u00e1m odporu\u010d\u00edme najlep\u0161ie rie\u0161enie.<\/p>\n<\/div>   <div class=\"wp-block-column is-layout-flow wp-block-column-is-layout-flow\">\n<h4 class=\"wp-block-heading\">3) VY sa rozhodnete<\/h4>   <p>V\u00fdsledky vyhodnot\u00edme a\u00a0na z\u00e1klade inform\u00e1ci\u00ed, ktor\u00e9 ste n\u00e1m poskytli, v\u00e1m odporu\u010d\u00edme pre v\u00e1s najvhodnej\u0161ie rie\u0161enie. Nakoniec VY sami rozhodujete o\u00a0tom, ktor\u00e1 mo\u017enos\u0165 bude najlep\u0161ie vyhovova\u0165. Pri rozhodovan\u00ed by ste mali vzia\u0165 do \u00favahy v\u0161etky aspekty svojho \u017eivota, ako je rodina, pr\u00e1ca a\u00a0spolo\u010densk\u00fd \u017eivot.<\/p>\n<\/div>\n<\/div>   \n<div style=\"height:50px\" aria-hidden=\"true\" class=\"wp-block-spacer\"><\/div>   \n<div class=\"wp-block-media-text is-stacked-on-mobile cta-block\" style=\"grid-template-columns:35% auto\"><figure class=\"wp-block-media-text__media\"><img decoding=\"async\" src=\"https:\/\/intl.phonak.com\/main-english\/wp-content\/uploads\/sites\/3\/2021\/11\/cta-image.jpg?w=401\" alt=\"\" class=\"wp-image-6738 size-full\"\/><\/figure><div class=\"wp-block-media-text__content\">\n<div class=\"wp-block-create-block-icon-selector\"><i class=\"fal fa-map-marker-alt\"><\/i><\/div>   \n<h3 class=\"wp-block-heading\">Odborn\u00edci vo va\u0161ej bl\u00edzkosti<\/h3>   <p>Vami vybran\u00fd odborn\u00edk v\u00e1m pom\u00f4\u017ee urobi\u0165 v\u00fdber, ktor\u00fd je pre v\u00e1s ide\u00e1lny. Zoh\u013eadn\u00ed va\u0161e sluchov\u00e9 potreby, finan\u010dn\u00e9 mo\u017enosti, \u017eivotn\u00fd \u0161t\u00fdl a\u00a0individu\u00e1lne posluchov\u00e9 preferencie. <\/p>   <div class=\"wp-block-buttons is-layout-flex wp-block-buttons-is-layout-flex\">\n<div class=\"wp-block-button is-style-marker-green\"><a class=\"wp-block-button__link wp-element-button\" href=\"https:\/\/intl.phonak.com\/sk-sk\/najst-odbornika\/\">Vyh\u013eada\u0165 odborn\u00edka<\/a><\/div>\n<\/div>\n<\/div><\/div> ","protected":false},"excerpt":{"rendered":"<p>Urobte si n\u00e1\u0161 min\u00fatov\u00fd online test sluchu Niekedy si stratu sluchu nev\u0161imneme, k\u00fdm neza\u010dne ovplyv\u0148ova\u0165 n\u00e1\u0161 ka\u017edodenn\u00fd \u017eivot. Ak nepo\u010dujete&#8230;<\/p>\n","protected":false},"author":14,"featured_media":0,"parent":0,"menu_order":0,"comment_status":"closed","ping_status":"closed","template":"","meta":{"_acf_changed":false,"inline_featured_image":false,"footnotes":""},"class_list":["post-1058","page","type-page","status-publish","hentry"],"acf":[],"yoast_head":"<!-- This site is optimized with the Yoast SEO plugin v26.9 - https:\/\/yoast.com\/product\/yoast-seo-wordpress\/ -->\n<title>Online test sluchu - Phonak - Slovensko<\/title>\n<meta name=\"robots\" content=\"index, follow, max-snippet:-1, max-image-preview:large, max-video-preview:-1\" \/>\n<link rel=\"canonical\" href=\"https:\/\/intl.phonak.com\/main-english\/hearing-screener\/\" \/>\n<meta property=\"og:locale\" content=\"sk_SK\" \/>\n<meta property=\"og:type\" content=\"article\" \/>\n<meta property=\"og:title\" content=\"Online test sluchu - Phonak - Slovensko\" \/>\n<meta property=\"og:description\" content=\"Urobte si n\u00e1\u0161 min\u00fatov\u00fd online test sluchu Niekedy si stratu sluchu nev\u0161imneme, k\u00fdm neza\u010dne ovplyv\u0148ova\u0165 n\u00e1\u0161 ka\u017edodenn\u00fd \u017eivot. Ak nepo\u010dujete...\" \/>\n<meta property=\"og:url\" content=\"https:\/\/intl.phonak.com\/sk-sk\/online-test-sluchu\/\" \/>\n<meta property=\"og:site_name\" content=\"Phonak - Slovensko\" \/>\n<meta property=\"article:modified_time\" content=\"2025-12-08T12:09:09+00:00\" \/>\n<meta name=\"twitter:card\" content=\"summary_large_image\" \/>\n<meta name=\"twitter:label1\" content=\"Est. reading time\" \/>\n\t<meta name=\"twitter:data1\" content=\"6 minutes\" \/>\n<script type=\"application\/ld+json\" class=\"yoast-schema-graph\">{\"@context\":\"https:\/\/schema.org\",\"@graph\":[{\"@type\":\"WebPage\",\"@id\":\"https:\/\/intl.phonak.com\/sk-sk\/online-test-sluchu\/\",\"url\":\"https:\/\/intl.phonak.com\/sk-sk\/online-test-sluchu\/\",\"name\":\"Online test sluchu - Phonak - Slovensko\",\"isPartOf\":{\"@id\":\"https:\/\/intl.phonak.com\/sk-sk\/#website\"},\"primaryImageOfPage\":{\"@id\":\"https:\/\/intl.phonak.com\/sk-sk\/online-test-sluchu\/#primaryimage\"},\"image\":{\"@id\":\"https:\/\/intl.phonak.com\/sk-sk\/online-test-sluchu\/#primaryimage\"},\"thumbnailUrl\":\"https:\/\/intl.phonak.com\/sk-sk\/wp-content\/uploads\/sites\/3\/2022\/02\/eScreener.jpg?w=550\",\"datePublished\":\"2022-02-10T17:50:56+00:00\",\"dateModified\":\"2025-12-08T12:09:09+00:00\",\"breadcrumb\":{\"@id\":\"https:\/\/intl.phonak.com\/sk-sk\/online-test-sluchu\/#breadcrumb\"},\"inLanguage\":\"sk-SK\",\"potentialAction\":[{\"@type\":\"ReadAction\",\"target\":[\"https:\/\/intl.phonak.com\/sk-sk\/online-test-sluchu\/\"]}]},{\"@type\":\"ImageObject\",\"inLanguage\":\"sk-SK\",\"@id\":\"https:\/\/intl.phonak.com\/sk-sk\/online-test-sluchu\/#primaryimage\",\"url\":\"\",\"contentUrl\":\"\"},{\"@type\":\"BreadcrumbList\",\"@id\":\"https:\/\/intl.phonak.com\/sk-sk\/online-test-sluchu\/#breadcrumb\",\"itemListElement\":[{\"@type\":\"ListItem\",\"position\":1,\"name\":\"Home\",\"item\":\"https:\/\/intl.phonak.com\/sk-sk\/\"},{\"@type\":\"ListItem\",\"position\":2,\"name\":\"Online test sluchu\"}]},{\"@type\":\"WebSite\",\"@id\":\"https:\/\/intl.phonak.com\/sk-sk\/#website\",\"url\":\"https:\/\/intl.phonak.com\/sk-sk\/\",\"name\":\"Phonak - Slovensko\",\"description\":\"Odhodlan\u00ed meni\u0165 \u017eivoty\",\"publisher\":{\"@id\":\"https:\/\/intl.phonak.com\/sk-sk\/#organization\"},\"potentialAction\":[{\"@type\":\"SearchAction\",\"target\":{\"@type\":\"EntryPoint\",\"urlTemplate\":\"https:\/\/intl.phonak.com\/sk-sk\/?s={search_term_string}\"},\"query-input\":{\"@type\":\"PropertyValueSpecification\",\"valueRequired\":true,\"valueName\":\"search_term_string\"}}],\"inLanguage\":\"sk-SK\"},{\"@type\":\"Organization\",\"@id\":\"https:\/\/intl.phonak.com\/sk-sk\/#organization\",\"name\":\"Phonak - Slovensko\",\"url\":\"https:\/\/intl.phonak.com\/sk-sk\/\",\"logo\":{\"@type\":\"ImageObject\",\"inLanguage\":\"sk-SK\",\"@id\":\"https:\/\/intl.phonak.com\/sk-sk\/#\/schema\/logo\/image\/\",\"url\":\"https:\/\/intl.phonak.com\/sk-sk\/wp-content\/uploads\/sites\/64\/2025\/06\/logo-phonak.svg\",\"contentUrl\":\"https:\/\/intl.phonak.com\/sk-sk\/wp-content\/uploads\/sites\/64\/2025\/06\/logo-phonak.svg\",\"caption\":\"Phonak - Slovensko\"},\"image\":{\"@id\":\"https:\/\/intl.phonak.com\/sk-sk\/#\/schema\/logo\/image\/\"}}]}<\/script>\n<!-- \/ Yoast SEO plugin. -->","yoast_head_json":{"title":"Online test sluchu - Phonak - Slovensko","robots":{"index":"index","follow":"follow","max-snippet":"max-snippet:-1","max-image-preview":"max-image-preview:large","max-video-preview":"max-video-preview:-1"},"canonical":"https:\/\/intl.phonak.com\/main-english\/hearing-screener\/","og_locale":"sk_SK","og_type":"article","og_title":"Online test sluchu - Phonak - Slovensko","og_description":"Urobte si n\u00e1\u0161 min\u00fatov\u00fd online test sluchu Niekedy si stratu sluchu nev\u0161imneme, k\u00fdm neza\u010dne ovplyv\u0148ova\u0165 n\u00e1\u0161 ka\u017edodenn\u00fd \u017eivot. Ak nepo\u010dujete...","og_url":"https:\/\/intl.phonak.com\/sk-sk\/online-test-sluchu\/","og_site_name":"Phonak - Slovensko","article_modified_time":"2025-12-08T12:09:09+00:00","twitter_card":"summary_large_image","twitter_misc":{"Est. reading time":"6 minutes"},"schema":{"@context":"https:\/\/schema.org","@graph":[{"@type":"WebPage","@id":"https:\/\/intl.phonak.com\/sk-sk\/online-test-sluchu\/","url":"https:\/\/intl.phonak.com\/sk-sk\/online-test-sluchu\/","name":"Online test sluchu - Phonak - Slovensko","isPartOf":{"@id":"https:\/\/intl.phonak.com\/sk-sk\/#website"},"primaryImageOfPage":{"@id":"https:\/\/intl.phonak.com\/sk-sk\/online-test-sluchu\/#primaryimage"},"image":{"@id":"https:\/\/intl.phonak.com\/sk-sk\/online-test-sluchu\/#primaryimage"},"thumbnailUrl":"https:\/\/intl.phonak.com\/sk-sk\/wp-content\/uploads\/sites\/3\/2022\/02\/eScreener.jpg?w=550","datePublished":"2022-02-10T17:50:56+00:00","dateModified":"2025-12-08T12:09:09+00:00","breadcrumb":{"@id":"https:\/\/intl.phonak.com\/sk-sk\/online-test-sluchu\/#breadcrumb"},"inLanguage":"sk-SK","potentialAction":[{"@type":"ReadAction","target":["https:\/\/intl.phonak.com\/sk-sk\/online-test-sluchu\/"]}]},{"@type":"ImageObject","inLanguage":"sk-SK","@id":"https:\/\/intl.phonak.com\/sk-sk\/online-test-sluchu\/#primaryimage","url":"","contentUrl":""},{"@type":"BreadcrumbList","@id":"https:\/\/intl.phonak.com\/sk-sk\/online-test-sluchu\/#breadcrumb","itemListElement":[{"@type":"ListItem","position":1,"name":"Home","item":"https:\/\/intl.phonak.com\/sk-sk\/"},{"@type":"ListItem","position":2,"name":"Online test sluchu"}]},{"@type":"WebSite","@id":"https:\/\/intl.phonak.com\/sk-sk\/#website","url":"https:\/\/intl.phonak.com\/sk-sk\/","name":"Phonak - Slovensko","description":"Odhodlan\u00ed meni\u0165 \u017eivoty","publisher":{"@id":"https:\/\/intl.phonak.com\/sk-sk\/#organization"},"potentialAction":[{"@type":"SearchAction","target":{"@type":"EntryPoint","urlTemplate":"https:\/\/intl.phonak.com\/sk-sk\/?s={search_term_string}"},"query-input":{"@type":"PropertyValueSpecification","valueRequired":true,"valueName":"search_term_string"}}],"inLanguage":"sk-SK"},{"@type":"Organization","@id":"https:\/\/intl.phonak.com\/sk-sk\/#organization","name":"Phonak - Slovensko","url":"https:\/\/intl.phonak.com\/sk-sk\/","logo":{"@type":"ImageObject","inLanguage":"sk-SK","@id":"https:\/\/intl.phonak.com\/sk-sk\/#\/schema\/logo\/image\/","url":"https:\/\/intl.phonak.com\/sk-sk\/wp-content\/uploads\/sites\/64\/2025\/06\/logo-phonak.svg","contentUrl":"https:\/\/intl.phonak.com\/sk-sk\/wp-content\/uploads\/sites\/64\/2025\/06\/logo-phonak.svg","caption":"Phonak - Slovensko"},"image":{"@id":"https:\/\/intl.phonak.com\/sk-sk\/#\/schema\/logo\/image\/"}}]}},"jetpack_sharing_enabled":true,"distributor_meta":false,"distributor_terms":false,"distributor_media":false,"distributor_original_site_name":"Phonak - Slovensko","distributor_original_site_url":"https:\/\/intl.phonak.com\/sk-sk","push-errors":false,"_links":{"self":[{"href":"https:\/\/intl.phonak.com\/sk-sk\/wp-json\/wp\/v2\/pages\/1058","targetHints":{"allow":["GET"]}}],"collection":[{"href":"https:\/\/intl.phonak.com\/sk-sk\/wp-json\/wp\/v2\/pages"}],"about":[{"href":"https:\/\/intl.phonak.com\/sk-sk\/wp-json\/wp\/v2\/types\/page"}],"author":[{"embeddable":true,"href":"https:\/\/intl.phonak.com\/sk-sk\/wp-json\/wp\/v2\/users\/14"}],"replies":[{"embeddable":true,"href":"https:\/\/intl.phonak.com\/sk-sk\/wp-json\/wp\/v2\/comments?post=1058"}],"version-history":[{"count":4,"href":"https:\/\/intl.phonak.com\/sk-sk\/wp-json\/wp\/v2\/pages\/1058\/revisions"}],"predecessor-version":[{"id":1354,"href":"https:\/\/intl.phonak.com\/sk-sk\/wp-json\/wp\/v2\/pages\/1058\/revisions\/1354"}],"wp:attachment":[{"href":"https:\/\/intl.phonak.com\/sk-sk\/wp-json\/wp\/v2\/media?parent=1058"}],"curies":[{"name":"wp","href":"https:\/\/api.w.org\/{rel}","templated":true}]}}