{"id":559,"date":"2021-11-17T17:36:12","date_gmt":"2021-11-17T17:36:12","guid":{"rendered":"https:\/\/intl.phonak.com\/ro-ro\/accessories\/"},"modified":"2025-07-07T06:41:56","modified_gmt":"2025-07-07T06:41:56","slug":"accesorii","status":"publish","type":"page","link":"https:\/\/intl.phonak.com\/ro-ro\/solutii\/accesorii\/","title":{"rendered":"Accesorii"},"content":{"rendered":"\n<div class=\"wp-block-cover alignfull is-light\"><span aria-hidden=\"true\" class=\"wp-block-cover__background has-white-background-color has-background-dim\"><\/span><img decoding=\"async\" class=\"wp-block-cover__image-background wp-image-4764\" alt=\"\" src=\"https:\/\/intl.phonak.com\/ro-ro\/wp-content\/uploads\/sites\/3\/2022\/02\/Banner-accessories.jpg\" style=\"object-position:48% 21%\" data-object-fit=\"cover\" data-object-position=\"48% 21%\"\/><div class=\"wp-block-cover__inner-container is-layout-flow wp-block-cover-is-layout-flow\">\n<h1 class=\"wp-block-heading has-text-align-center has-dark-grey-color has-text-color\" id=\"boosting-performance\">Cre\u0219terea performan\u021bei<\/h1>   \n<p class=\"has-text-align-center has-dark-grey-color has-text-color has-lead-font-size\">Profita\u021bi la maximum de aparatele auditive \u0219i r\u0103m\u00e2ne\u021bi conectat<\/p>\n<\/div><\/div>   \n<div class=\"wp-block-group is-style-align-small is-layout-flow wp-block-group-is-layout-flow\" style=\"padding-top:0px\">\n<h2 class=\"wp-block-heading has-text-align-center\" id=\"better-communication-with-wireless-accessories\">Comunicare mai bun\u0103 cu accesoriile wireless<\/h2>   \n<p class=\"has-text-align-center\">Accesoriile wireless Phonak sunt complemente utile pentru a v\u0103 ajuta s\u0103 auzi\u021bi mai mult \u00een situa\u021bii dificile. Auzi\u021bi mai bine \u00een zgomot sau la distan\u021b\u0103, \u00een timpul apelurilor telefonice, \u00een clas\u0103 \u0219i c\u00e2nd asculta\u021bi televizor \u0219i multimedia. Sau ob\u021bine\u021bi acces u\u0219or la set\u0103rile aparatului auditiv cu o telecomand\u0103 Phonak.<\/p>\n<\/div>   \n<div\n\tclass=\"wp-block-phonak-products is-forntend alignwide\"\n\tdata-attributes=\"{&quot;categories&quot;:&quot;23&quot;,&quot;defaultPlatforms&quot;:[],&quot;align&quot;:&quot;wide&quot;,&quot;perPage&quot;:10,&quot;showPagination&quot;:true,&quot;showFilter&quot;:true,&quot;enabledFilters&quot;:[&quot;platforms&quot;,&quot;categories&quot;,&quot;productTypes&quot;],&quot;defaultCategories&quot;:[],&quot;defaultProductTypes&quot;:[]}\"\n\tdata-locale=\"ro_RO\">\n<\/div>\n\n\n\n<div class=\"wp-block-media-text is-stacked-on-mobile cta-block\" style=\"grid-template-columns:35% auto\"><figure class=\"wp-block-media-text__media\"><img decoding=\"async\" src=\"https:\/\/intl.phonak.com\/main-english\/wp-content\/uploads\/sites\/3\/2021\/11\/cta-image.jpg?w=401\" alt=\"\" class=\"wp-image-6738 size-full\"\/><\/figure><div class=\"wp-block-media-text__content\">\n<div class=\"wp-block-create-block-icon-selector\"><i class=\"fal fa-map-marker-alt\"><\/i><\/div>   \n<h3 class=\"wp-block-heading\">Exper\u021bi \u00een auz \u00een apropiere<\/h3>   <p>Profesioni\u0219tii din domeniul auzului v\u0103 pot ajuta s\u0103 face\u021bi alegerea perfect\u0103 pentru dvs. Ei vor lua \u00een considerare nevoile dvs. auditive, bugetul, stilul de via\u021b\u0103 \u0219i preferin\u021bele auditive individuale. <\/p>   <div class=\"wp-block-buttons is-layout-flex wp-block-buttons-is-layout-flex\">\n<div class=\"wp-block-button is-style-marker-green\"><a class=\"wp-block-button__link wp-element-button\" href=\"https:\/\/intl.phonak.com\/main-english\/find-an-expert\/\">G\u0103si\u021bi un expert<\/a><\/div>\n<\/div>\n<\/div><\/div> ","protected":false},"excerpt":{"rendered":"<p>Comunicare mai bun\u0103 cu accesoriile wireless Accesoriile wireless Phonak sunt complemente utile pentru a v\u0103 ajuta s\u0103 auzi\u021bi mai mult&#8230;<\/p>\n","protected":false},"author":5,"featured_media":0,"parent":516,"menu_order":0,"comment_status":"closed","ping_status":"closed","template":"","meta":{"_acf_changed":false,"inline_featured_image":false,"footnotes":""},"class_list":["post-559","page","type-page","status-publish","hentry"],"acf":[],"yoast_head":"<!-- This site is optimized with the Yoast SEO plugin v26.9 - https:\/\/yoast.com\/product\/yoast-seo-wordpress\/ -->\n<title>Accesorii - Phonak - Rom\u00e2nia<\/title>\n<meta name=\"robots\" content=\"index, follow, max-snippet:-1, max-image-preview:large, max-video-preview:-1\" \/>\n<link rel=\"canonical\" href=\"https:\/\/intl.phonak.com\/main-english\/solutions\/accessories\/\" \/>\n<meta property=\"og:locale\" content=\"ro_RO\" \/>\n<meta property=\"og:type\" content=\"article\" \/>\n<meta property=\"og:title\" content=\"Accesorii - Phonak - Rom\u00e2nia\" \/>\n<meta property=\"og:description\" content=\"Comunicare mai bun\u0103 cu accesoriile wireless Accesoriile wireless Phonak sunt complemente utile pentru a v\u0103 ajuta s\u0103 auzi\u021bi mai mult...\" \/>\n<meta property=\"og:url\" content=\"https:\/\/intl.phonak.com\/ro-ro\/solutii\/accesorii\/\" \/>\n<meta property=\"og:site_name\" content=\"Phonak - Rom\u00e2nia\" \/>\n<meta property=\"article:modified_time\" content=\"2025-07-07T06:41:56+00:00\" \/>\n<meta name=\"twitter:card\" content=\"summary_large_image\" \/>\n<meta name=\"twitter:label1\" content=\"Est. reading time\" \/>\n\t<meta name=\"twitter:data1\" content=\"1 minute\" \/>\n<script type=\"application\/ld+json\" class=\"yoast-schema-graph\">{\"@context\":\"https:\/\/schema.org\",\"@graph\":[{\"@type\":\"WebPage\",\"@id\":\"https:\/\/intl.phonak.com\/ro-ro\/solutii\/accesorii\/\",\"url\":\"https:\/\/intl.phonak.com\/ro-ro\/solutii\/accesorii\/\",\"name\":\"Accesorii - Phonak - Rom\u00e2nia\",\"isPartOf\":{\"@id\":\"https:\/\/intl.phonak.com\/ro-ro\/#website\"},\"primaryImageOfPage\":{\"@id\":\"https:\/\/intl.phonak.com\/ro-ro\/solutii\/accesorii\/#primaryimage\"},\"image\":{\"@id\":\"https:\/\/intl.phonak.com\/ro-ro\/solutii\/accesorii\/#primaryimage\"},\"thumbnailUrl\":\"https:\/\/intl.phonak.com\/ro-ro\/wp-content\/uploads\/sites\/3\/2022\/02\/Banner-accessories.jpg\",\"datePublished\":\"2021-11-17T17:36:12+00:00\",\"dateModified\":\"2025-07-07T06:41:56+00:00\",\"breadcrumb\":{\"@id\":\"https:\/\/intl.phonak.com\/ro-ro\/solutii\/accesorii\/#breadcrumb\"},\"inLanguage\":\"ro-RO\",\"potentialAction\":[{\"@type\":\"ReadAction\",\"target\":[\"https:\/\/intl.phonak.com\/ro-ro\/solutii\/accesorii\/\"]}]},{\"@type\":\"ImageObject\",\"inLanguage\":\"ro-RO\",\"@id\":\"https:\/\/intl.phonak.com\/ro-ro\/solutii\/accesorii\/#primaryimage\",\"url\":\"\",\"contentUrl\":\"\"},{\"@type\":\"BreadcrumbList\",\"@id\":\"https:\/\/intl.phonak.com\/ro-ro\/solutii\/accesorii\/#breadcrumb\",\"itemListElement\":[{\"@type\":\"ListItem\",\"position\":1,\"name\":\"Home\",\"item\":\"https:\/\/intl.phonak.com\/ro-ro\/\"},{\"@type\":\"ListItem\",\"position\":2,\"name\":\"Solu\u0163ii\",\"item\":\"https:\/\/intl.phonak.com\/ro-ro\/solutii\/\"},{\"@type\":\"ListItem\",\"position\":3,\"name\":\"Accesorii\"}]},{\"@type\":\"WebSite\",\"@id\":\"https:\/\/intl.phonak.com\/ro-ro\/#website\",\"url\":\"https:\/\/intl.phonak.com\/ro-ro\/\",\"name\":\"Phonak - Rom\u00e2nia\",\"description\":\"\",\"potentialAction\":[{\"@type\":\"SearchAction\",\"target\":{\"@type\":\"EntryPoint\",\"urlTemplate\":\"https:\/\/intl.phonak.com\/ro-ro\/?s={search_term_string}\"},\"query-input\":{\"@type\":\"PropertyValueSpecification\",\"valueRequired\":true,\"valueName\":\"search_term_string\"}}],\"inLanguage\":\"ro-RO\"}]}<\/script>\n<!-- \/ Yoast SEO plugin. -->","yoast_head_json":{"title":"Accesorii - Phonak - Rom\u00e2nia","robots":{"index":"index","follow":"follow","max-snippet":"max-snippet:-1","max-image-preview":"max-image-preview:large","max-video-preview":"max-video-preview:-1"},"canonical":"https:\/\/intl.phonak.com\/main-english\/solutions\/accessories\/","og_locale":"ro_RO","og_type":"article","og_title":"Accesorii - Phonak - Rom\u00e2nia","og_description":"Comunicare mai bun\u0103 cu accesoriile wireless Accesoriile wireless Phonak sunt complemente utile pentru a v\u0103 ajuta s\u0103 auzi\u021bi mai mult...","og_url":"https:\/\/intl.phonak.com\/ro-ro\/solutii\/accesorii\/","og_site_name":"Phonak - Rom\u00e2nia","article_modified_time":"2025-07-07T06:41:56+00:00","twitter_card":"summary_large_image","twitter_misc":{"Est. reading time":"1 minute"},"schema":{"@context":"https:\/\/schema.org","@graph":[{"@type":"WebPage","@id":"https:\/\/intl.phonak.com\/ro-ro\/solutii\/accesorii\/","url":"https:\/\/intl.phonak.com\/ro-ro\/solutii\/accesorii\/","name":"Accesorii - Phonak - Rom\u00e2nia","isPartOf":{"@id":"https:\/\/intl.phonak.com\/ro-ro\/#website"},"primaryImageOfPage":{"@id":"https:\/\/intl.phonak.com\/ro-ro\/solutii\/accesorii\/#primaryimage"},"image":{"@id":"https:\/\/intl.phonak.com\/ro-ro\/solutii\/accesorii\/#primaryimage"},"thumbnailUrl":"https:\/\/intl.phonak.com\/ro-ro\/wp-content\/uploads\/sites\/3\/2022\/02\/Banner-accessories.jpg","datePublished":"2021-11-17T17:36:12+00:00","dateModified":"2025-07-07T06:41:56+00:00","breadcrumb":{"@id":"https:\/\/intl.phonak.com\/ro-ro\/solutii\/accesorii\/#breadcrumb"},"inLanguage":"ro-RO","potentialAction":[{"@type":"ReadAction","target":["https:\/\/intl.phonak.com\/ro-ro\/solutii\/accesorii\/"]}]},{"@type":"ImageObject","inLanguage":"ro-RO","@id":"https:\/\/intl.phonak.com\/ro-ro\/solutii\/accesorii\/#primaryimage","url":"","contentUrl":""},{"@type":"BreadcrumbList","@id":"https:\/\/intl.phonak.com\/ro-ro\/solutii\/accesorii\/#breadcrumb","itemListElement":[{"@type":"ListItem","position":1,"name":"Home","item":"https:\/\/intl.phonak.com\/ro-ro\/"},{"@type":"ListItem","position":2,"name":"Solu\u0163ii","item":"https:\/\/intl.phonak.com\/ro-ro\/solutii\/"},{"@type":"ListItem","position":3,"name":"Accesorii"}]},{"@type":"WebSite","@id":"https:\/\/intl.phonak.com\/ro-ro\/#website","url":"https:\/\/intl.phonak.com\/ro-ro\/","name":"Phonak - Rom\u00e2nia","description":"","potentialAction":[{"@type":"SearchAction","target":{"@type":"EntryPoint","urlTemplate":"https:\/\/intl.phonak.com\/ro-ro\/?s={search_term_string}"},"query-input":{"@type":"PropertyValueSpecification","valueRequired":true,"valueName":"search_term_string"}}],"inLanguage":"ro-RO"}]}},"jetpack_sharing_enabled":true,"distributor_meta":false,"distributor_terms":false,"distributor_media":false,"distributor_original_site_name":"Phonak -  Rom\u00e2nia","distributor_original_site_url":"https:\/\/intl.phonak.com\/ro-ro","push-errors":false,"_links":{"self":[{"href":"https:\/\/intl.phonak.com\/ro-ro\/wp-json\/wp\/v2\/pages\/559","targetHints":{"allow":["GET"]}}],"collection":[{"href":"https:\/\/intl.phonak.com\/ro-ro\/wp-json\/wp\/v2\/pages"}],"about":[{"href":"https:\/\/intl.phonak.com\/ro-ro\/wp-json\/wp\/v2\/types\/page"}],"author":[{"embeddable":true,"href":"https:\/\/intl.phonak.com\/ro-ro\/wp-json\/wp\/v2\/users\/5"}],"replies":[{"embeddable":true,"href":"https:\/\/intl.phonak.com\/ro-ro\/wp-json\/wp\/v2\/comments?post=559"}],"version-history":[{"count":8,"href":"https:\/\/intl.phonak.com\/ro-ro\/wp-json\/wp\/v2\/pages\/559\/revisions"}],"predecessor-version":[{"id":1204,"href":"https:\/\/intl.phonak.com\/ro-ro\/wp-json\/wp\/v2\/pages\/559\/revisions\/1204"}],"up":[{"embeddable":true,"href":"https:\/\/intl.phonak.com\/ro-ro\/wp-json\/wp\/v2\/pages\/516"}],"wp:attachment":[{"href":"https:\/\/intl.phonak.com\/ro-ro\/wp-json\/wp\/v2\/media?parent=559"}],"curies":[{"name":"wp","href":"https:\/\/api.w.org\/{rel}","templated":true}]}}