{"id":556,"date":"2021-11-18T16:56:57","date_gmt":"2021-11-18T16:56:57","guid":{"rendered":"https:\/\/intl.phonak.com\/ro-ro\/pediatric-solutions\/"},"modified":"2025-07-15T12:12:15","modified_gmt":"2025-07-15T12:12:15","slug":"solutii-pediatrice","status":"publish","type":"page","link":"https:\/\/intl.phonak.com\/ro-ro\/solutii\/solutii-pediatrice\/","title":{"rendered":"Solu\u021bii pediatrice"},"content":{"rendered":"\n<div class=\"wp-block-cover alignfull is-light\"><img decoding=\"async\" class=\"wp-block-cover__image-background wp-image-6552\" alt=\"\" src=\"https:\/\/intl.phonak.com\/ro-ro\/wp-content\/uploads\/sites\/3\/2023\/02\/PH_Pic_generic_kids_01.png\" data-object-fit=\"cover\"\/><span aria-hidden=\"true\" class=\"wp-block-cover__background has-white-background-color has-background-dim\"><\/span><div class=\"wp-block-cover__inner-container is-layout-flow wp-block-cover-is-layout-flow\">\n<h1 class=\"wp-block-heading has-text-align-center has-dark-grey-color has-text-color\" id=\"discover-your-child-s-hearing\">Descoper\u0103 auzul copilului t\u0103u<\/h1>\n\n\n\n<p class=\"has-text-align-center has-dark-grey-color has-text-color has-lead-font-size\">Solu\u021bii auditive pediatrice pentru fiecare v\u00e2rst\u0103<\/p>\n<\/div><\/div>\n\n\n\n<div style=\"height:21px\" aria-hidden=\"true\" class=\"wp-block-spacer\"><\/div>\n\n\n\n<h2 class=\"wp-block-heading has-text-align-center\">Solu\u021bii auditive pentru copii \u0219i adolescen\u021bi<\/h2>\n\n\n\n<p class=\"has-text-align-center is-style-default\">Fiecare copil este unic, la fel \u0219i nevoile sale de ascultare. Cu o gam\u0103 larg\u0103 de aparate auditive Phonak \u0219i accesorii de comunicare f\u0103r\u0103 fir, exist\u0103 o solu\u021bie tehnologic\u0103 pentru fiecare v\u00e2rst\u0103 a copilului.<\/p>\n\n\n\n<p class=\"has-text-align-center\">Accesul la cuvinte \u0219i conversa\u021bii este vital \u00een dezvoltarea copiilor \u0219i adolescen\u021bilor. Conversa\u021biile cu cei dragi \u2013 la cin\u0103, \u00een parc, \u00een ma\u0219in\u0103 \u2013 sunt printre cele mai esen\u021biale ingrediente \u00een modelarea dezvolt\u0103rii limbajului.<\/p>\n\n\n\n<p class=\"has-text-align-center\">Construirea unui mediu bogat \u00een limbaj pentru copiii cu pierdere de auz \u00eenseamn\u0103 maximizarea fiec\u0103rei oportunit\u0103\u021bi de interac\u021biune, iar aparatele auditive pentru copii concepute pentru a fi purtate confortabil toat\u0103 ziua ajut\u0103 copiii \u0219i adolescen\u021bii cu pierdere de auz s\u0103 maximizeze interac\u021biunile &#8220;serve\u0219te \u0219i returneaz\u0103&#8221; disponibile pentru ei printr-un flux de situa\u021bii \u00een continu\u0103 schimbare.<\/p>\n\n\n\n<div style=\"height:53px\" aria-hidden=\"true\" class=\"wp-block-spacer\"><\/div>\n\n\n\n<div class=\"wp-block-media-text has-media-on-the-right is-stacked-on-mobile\"><div class=\"wp-block-media-text__content\">\n<h3 class=\"wp-block-heading has-blue-color has-text-color\">Sugari \u0219i copii mici<\/h3>\n\n\n\n<p>Pentru aceast\u0103 grup\u0103 de v\u00e2rst\u0103, este important s\u0103 se ofere stimulare auditiv\u0103 \u0219i ca copilul s\u0103 poarte aparatele auditive c\u00e2t mai mult posibil. Bebelu\u0219ii \u0219i copiii mici poart\u0103 de obicei aparate auditive \u00een spatele urechii, deoarece ofer\u0103 cel mai bun confort, stabilitate \u0219i siguran\u021b\u0103 pentru aceast\u0103 grup\u0103 de v\u00e2rst\u0103.<\/p>\n\n\n\n<h5 class=\"wp-block-heading\"><strong>Controale auditive pentru copii<\/strong><\/h5>\n\n\n\n<p>Capacitatea de auz poate fi testat\u0103 pe bebelu\u0219ii nou-n\u0103scu\u021bi la scurt timp dup\u0103 na\u0219tere. Cu c\u00e2t este detectat\u0103 mai repede o pierdere a auzului, cu at\u00e2t este mai bine, deoarece interven\u021bia adecvat\u0103 este foarte important\u0103 pentru dezvoltarea vorbirii \u0219i a limbajului copilului dumneavoastr\u0103.<\/p>\n<\/div><figure class=\"wp-block-media-text__media\"><img decoding=\"async\" src=\"https:\/\/intl.phonak.com\/ro-ro\/wp-content\/uploads\/sites\/3\/2023\/12\/Visual_Sky-L-PR_ChildAndMomExhibitionBackdropCropped.jpg?w=592\" alt=\"Mom and daughter \" class=\"wp-image-7305 size-full\"\/><\/figure><\/div>\n\n\n\n<div class=\"wp-block-media-text is-stacked-on-mobile\"><figure class=\"wp-block-media-text__media\"><img decoding=\"async\" src=\"https:\/\/intl.phonak.com\/ro-ro\/wp-content\/uploads\/sites\/3\/2023\/12\/Visual_Sky-L-UP_Kid.jpg?w=592\" alt=\"Kids\" class=\"wp-image-7308 size-full\"\/><\/figure><div class=\"wp-block-media-text__content\">\n<h3 class=\"wp-block-heading has-blue-color has-text-color\">Copii de v\u00e2rst\u0103 \u0219colar\u0103<\/h3>\n\n\n\n<p>Copiii \u00eencep s\u0103 fie mai independen\u021bi \u0219i sunt expu\u0219i la situa\u021bii de comunicare mai complexe la aceast\u0103 v\u00e2rst\u0103. Pentru a face mai u\u0219or pentru copilul t\u0103u s\u0103 \u00een\u021beleag\u0103 ceea ce spune profesorul sau s\u0103 te aud\u0103 c\u00e2nd suni, exist\u0103 instrumente de comunicare wireless pentru a te ajuta. Diferitele combina\u021bii de culori fac distractiv pentru copilul t\u0103u s\u0103-\u0219i poarte aparatele auditive.<\/p>\n<\/div><\/div>\n\n\n\n<div class=\"wp-block-media-text has-media-on-the-right is-stacked-on-mobile\"><div class=\"wp-block-media-text__content\">\n<h3 class=\"wp-block-heading has-blue-color has-text-color\">Adolescenti<\/h3>\n\n\n\n<p>Adolescentul t\u0103u vrea s\u0103 fie ca orice alt adolescent: s\u0103 fac\u0103 sport, s\u0103 asculte muzic\u0103, s\u0103 petreac\u0103 timp cu prietenii, s\u0103-\u0219i arate unicitatea prin mod\u0103 sau coafuri etc. Adolescentul t\u0103u poate face toate acestea datorit\u0103 accesoriilor wireless care conecteaz\u0103 aparatele auditive cu mp3-player, mobil, tablet\u0103 sau televizor. Ascultarea antrenorului sau a prietenilor, chiar \u0219i la distan\u021b\u0103 sau \u00een medii zgomotoase, va fi u\u0219oar\u0103.<\/p>\n<\/div><figure class=\"wp-block-media-text__media\"><img decoding=\"async\" src=\"https:\/\/intl.phonak.com\/ro-ro\/wp-content\/uploads\/sites\/3\/2023\/12\/Visual_Audeo-L-RL_Teen-1-1-Converstations-in-Loud-1.jpg?w=592\" alt=\"Teenagers\" class=\"wp-image-7310 size-full\"\/><\/figure><\/div>\n\n\n\n<div style=\"height:39px\" aria-hidden=\"true\" class=\"wp-block-spacer\"><\/div>\n\n\n\n<div class=\"wp-block-media-text is-stacked-on-mobile\"><figure class=\"wp-block-media-text__media\"><img decoding=\"async\" src=\"https:\/\/intl.phonak.com\/ro-ro\/wp-content\/uploads\/sites\/3\/2022\/03\/Roger-Ped-accessories-RGB.jpg?w=1024\" alt=\"\" class=\"wp-image-5309 size-full\"\/><\/figure><div class=\"wp-block-media-text__content\">\n<h3 class=\"wp-block-heading has-blue-color has-text-color\" id=\"meet-roger\">Face\u021bi cuno\u0219tin\u021b\u0103 cu Roger pentru educa\u021bie<\/h3>\n\n\n\n<p>Multe situa\u021bii pot reprezenta o provocare de ascultare, astfel \u00eenc\u00e2t uneori chiar \u0219i cea mai avansat\u0103 tehnologie de aparate auditive are nevoie de un impuls. Cu accesoriile noastre wireless, copilul t\u0103u poate comunica mai u\u0219or \u0219i se poate conecta la tehnologia audio actual\u0103, cum ar fi smartphone-uri, dispozitive Bluetooth\u00ae, playere MP3 \u0219i televizoare.<\/p>\n\n\n\n<p><a href=\"https:\/\/intl.phonak.com\/ro-ro\/solutii\/roger-pentru-educatie\/\">Citi\u021bi mai multe despre Roger pentru educa\u021bie<\/a><\/p>\n<\/div><\/div>\n\n\n\n<div class=\"wp-block-group alignfull has-light-grey-background-color has-background is-layout-flow wp-block-group-is-layout-flow\">\n\t<div class=\"wp-block-pho-product-selection \">\n\t\t<div class=\"grid-x grid-padding-x grid-padding-y\">\n\n\t\t\t\t\t\t\t<div class=\"cell\">\n\t\t\t\t\t<h2 class=\"text-center\">Produse<\/h2>\n\t\t\t\t<\/div>\n\t\t\t\t\n\t\t\t\t<div class=\"cell medium-6 large-4 flex-container\">\n\t\t\t\t\t\n<article id=\"post-36\" class=\"product-card post-36 pho_products type-pho_products status-publish has-post-thumbnail hentry pho_product_type-copii-si-adolescenti pho_product_type-putere pho_product_category-aparate-auditive pho_product_category-pediatrie pho_product_platforms-lumity\">\n\t\t<a class=\"flex-container flex-dir-column align-justify align-top\" href=\"https:\/\/intl.phonak.com\/ro-ro\/produse\/phonak-sky-lumity\/\">\n\t\t<div class=\"product-card-content-wrapper\">\n\t\t\t\n\t\t\t\t<div class=\"product-image-wrapper\">\n\t\t\t\t\t<img loading=\"lazy\" decoding=\"async\" width=\"600\" height=\"600\" src=\"https:\/\/intl.phonak.com\/ro-ro\/wp-content\/uploads\/sites\/62\/2023\/10\/PH_Packshot_Love-Sky-L-Hook_M8-1.png?w=600\" class=\"attachment-post-thumbnail size-post-thumbnail wp-post-image\" alt=\"Phonak Sky Lumity\" srcset=\"https:\/\/intl.phonak.com\/ro-ro\/wp-content\/uploads\/sites\/62\/2023\/10\/PH_Packshot_Love-Sky-L-Hook_M8-1.png 600w, https:\/\/intl.phonak.com\/ro-ro\/wp-content\/uploads\/sites\/62\/2023\/10\/PH_Packshot_Love-Sky-L-Hook_M8-1.png?resize=150,150 150w, https:\/\/intl.phonak.com\/ro-ro\/wp-content\/uploads\/sites\/62\/2023\/10\/PH_Packshot_Love-Sky-L-Hook_M8-1.png?resize=300,300 300w\" sizes=\"auto, (max-width: 600px) 100vw, 600px\" \/>\t\t\t\t<\/div>\n\n\t\t\t\t<h3 class=\"entry-title\">Phonak Sky\u2122 Lumity<\/h3><p>Op\u021biunea pediatric\u0103, echipat\u0103 cu cea mai recent\u0103 tehnologie Lumity. Dispune de o gam\u0103 larg\u0103 de combina\u021bii de culori pediatrice, astfel \u00eenc\u00e2t copiii s\u0103-\u0219i poat\u0103 \u00eembr\u0103\u021bi\u0219a unicitatea.<\/p>\n\t\t<\/div>\n\t\t<div class=\"wp-block-button\">\n\t\t\t<div class=\"wp-block-button__link\">Cite\u0219te mai mult<\/div>\n\t\t<\/div>\n\t<\/a>\n<\/article><!-- #post-36 -->\n\t\t\t\t<\/div>\n\n\t\t\t\t\n\t\t\t\t<div class=\"cell medium-6 large-4 flex-container\">\n\t\t\t\t\t\n<article id=\"post-107\" class=\"product-card post-107 pho_products type-pho_products status-publish has-post-thumbnail hentry pho_product_type-bimodal pho_product_type-copii-si-adolescenti pho_product_type-putere pho_product_category-aparate-auditive pho_product_category-pediatrie\">\n\t\t<a class=\"flex-container flex-dir-column align-justify align-top\" href=\"https:\/\/intl.phonak.com\/ro-ro\/produse\/phonak-sky-link-m\/\">\n\t\t<div class=\"product-card-content-wrapper\">\n\t\t\t\n\t\t\t\t<div class=\"product-image-wrapper\">\n\t\t\t\t\t<img loading=\"lazy\" decoding=\"async\" width=\"1024\" height=\"1024\" src=\"https:\/\/intl.phonak.com\/ro-ro\/wp-content\/uploads\/sites\/62\/2022\/02\/PH_Packshot_Love_Sky_Link_M_Hook_R2_050-0802-Q3-e1654235126717.png?w=1024\" class=\"attachment-post-thumbnail size-post-thumbnail wp-post-image\" alt=\"Phonak Sky Link M pair\" srcset=\"https:\/\/intl.phonak.com\/ro-ro\/wp-content\/uploads\/sites\/62\/2022\/02\/PH_Packshot_Love_Sky_Link_M_Hook_R2_050-0802-Q3-e1654235126717.png 1200w, https:\/\/intl.phonak.com\/ro-ro\/wp-content\/uploads\/sites\/62\/2022\/02\/PH_Packshot_Love_Sky_Link_M_Hook_R2_050-0802-Q3-e1654235126717.png?resize=150,150 150w, https:\/\/intl.phonak.com\/ro-ro\/wp-content\/uploads\/sites\/62\/2022\/02\/PH_Packshot_Love_Sky_Link_M_Hook_R2_050-0802-Q3-e1654235126717.png?resize=300,300 300w, https:\/\/intl.phonak.com\/ro-ro\/wp-content\/uploads\/sites\/62\/2022\/02\/PH_Packshot_Love_Sky_Link_M_Hook_R2_050-0802-Q3-e1654235126717.png?resize=768,768 768w, https:\/\/intl.phonak.com\/ro-ro\/wp-content\/uploads\/sites\/62\/2022\/02\/PH_Packshot_Love_Sky_Link_M_Hook_R2_050-0802-Q3-e1654235126717.png?resize=1024,1024 1024w\" sizes=\"auto, (max-width: 1024px) 100vw, 1024px\" \/>\t\t\t\t<\/div>\n\n\t\t\t\t<h3 class=\"entry-title\">Phonak Sky\u2122 Link M<\/h3><p>Sky\u2122 Link M can be paired with an Advanced Bionics (AB) pediatric sound processor making a truly bimodal solution.<\/p>\n\t\t<\/div>\n\t\t<div class=\"wp-block-button\">\n\t\t\t<div class=\"wp-block-button__link\">Cite\u0219te mai mult<\/div>\n\t\t<\/div>\n\t<\/a>\n<\/article><!-- #post-107 -->\n\t\t\t\t<\/div>\n\n\t\t\t\t\n\t\t\t\t<div class=\"cell medium-6 large-4 flex-container\">\n\t\t\t\t\t\n<article id=\"post-24\" class=\"product-card post-24 pho_products type-pho_products status-publish has-post-thumbnail hentry pho_product_type-prima-utilizare pho_product_category-aparate-auditive pho_product_platforms-lumity\">\n\t\t<a class=\"flex-container flex-dir-column align-justify align-top\" href=\"https:\/\/intl.phonak.com\/ro-ro\/produse\/phonak-audeo-lumity\/\">\n\t\t<div class=\"product-card-content-wrapper\">\n\t\t\t\n\t\t\t\t<div class=\"product-image-wrapper\">\n\t\t\t\t\t<img loading=\"lazy\" decoding=\"async\" width=\"600\" height=\"600\" src=\"https:\/\/intl.phonak.com\/ro-ro\/wp-content\/uploads\/sites\/62\/2024\/03\/PH_Packshot_Audeo-L-R-P8-Pair_WithoutReceiver.png?w=600\" class=\"attachment-post-thumbnail size-post-thumbnail wp-post-image\" alt=\"Phonak Aud\u00e9o Lumity pair\" srcset=\"https:\/\/intl.phonak.com\/ro-ro\/wp-content\/uploads\/sites\/62\/2024\/03\/PH_Packshot_Audeo-L-R-P8-Pair_WithoutReceiver.png 600w, https:\/\/intl.phonak.com\/ro-ro\/wp-content\/uploads\/sites\/62\/2024\/03\/PH_Packshot_Audeo-L-R-P8-Pair_WithoutReceiver.png?resize=150,150 150w, https:\/\/intl.phonak.com\/ro-ro\/wp-content\/uploads\/sites\/62\/2024\/03\/PH_Packshot_Audeo-L-R-P8-Pair_WithoutReceiver.png?resize=300,300 300w\" sizes=\"auto, (max-width: 600px) 100vw, 600px\" \/>\t\t\t\t<\/div>\n\n\t\t\t\t<h3 class=\"entry-title\">Phonak Aud\u00e9o\u2122 Lumity<\/h3><p>The ideal Lumity solution for those who desire a discreet RIC housing, featuring the most advanced technology for those with mild to severe hearing loss. <\/p>\n\t\t<\/div>\n\t\t<div class=\"wp-block-button\">\n\t\t\t<div class=\"wp-block-button__link\">Cite\u0219te mai mult<\/div>\n\t\t<\/div>\n\t<\/a>\n<\/article><!-- #post-24 -->\n\t\t\t\t<\/div>\n\n\t\t\t\t\n\t\t<\/div>\n\t<\/div>\n\n\t\n\n\n<div class=\"wp-block-buttons is-content-justification-center is-layout-flex wp-container-core-buttons-is-layout-16018d1d wp-block-buttons-is-layout-flex\">\n<div class=\"wp-block-button\"><a class=\"wp-block-button__link wp-element-button\" href=\"https:\/\/intl.phonak.com\/ro-ro\/solutii\/produse\/\">Toate produsele<\/a><\/div>\n<\/div>\n<\/div>\n\n\n\n<div class=\"wp-block-media-text is-stacked-on-mobile cta-block\" style=\"grid-template-columns:35% auto\"><figure class=\"wp-block-media-text__media\"><img decoding=\"async\" src=\"https:\/\/intl.phonak.com\/main-english\/wp-content\/uploads\/sites\/3\/2021\/11\/cta-image.jpg?w=401\" alt=\"\" class=\"wp-image-6738 size-full\"\/><\/figure><div class=\"wp-block-media-text__content\">\n<div class=\"wp-block-create-block-icon-selector\"><i class=\"fal fa-map-marker-alt\"><\/i><\/div>   \n<h3 class=\"wp-block-heading\">Exper\u021bi \u00een auz \u00een apropiere<\/h3>   <p>Profesioni\u0219tii din domeniul auzului v\u0103 pot ajuta s\u0103 face\u021bi alegerea perfect\u0103 pentru dvs. Ei vor lua \u00een considerare nevoile dvs. auditive, bugetul, stilul de via\u021b\u0103 \u0219i preferin\u021bele auditive individuale. <\/p>   <div class=\"wp-block-buttons is-layout-flex wp-block-buttons-is-layout-flex\">\n<div class=\"wp-block-button is-style-marker-green\"><a class=\"wp-block-button__link wp-element-button\" href=\"https:\/\/intl.phonak.com\/main-english\/find-an-expert\/\">G\u0103si\u021bi un expert<\/a><\/div>\n<\/div>\n<\/div><\/div> ","protected":false},"excerpt":{"rendered":"<p>Solu\u021bii auditive pentru copii \u0219i adolescen\u021bi Fiecare copil este unic, la fel \u0219i nevoile sale de ascultare. Cu o gam\u0103&#8230;<\/p>\n","protected":false},"author":5,"featured_media":0,"parent":516,"menu_order":0,"comment_status":"closed","ping_status":"closed","template":"","meta":{"_acf_changed":false,"inline_featured_image":false,"footnotes":""},"class_list":["post-556","page","type-page","status-publish","hentry"],"acf":[],"yoast_head":"<!-- This site is optimized with the Yoast SEO plugin v26.9 - https:\/\/yoast.com\/product\/yoast-seo-wordpress\/ -->\n<title>Solu\u021bii pediatrice - Phonak - Rom\u00e2nia<\/title>\n<meta name=\"robots\" content=\"index, follow, max-snippet:-1, max-image-preview:large, max-video-preview:-1\" \/>\n<link rel=\"canonical\" href=\"https:\/\/intl.phonak.com\/main-english\/solutions\/pediatric-solutions\/\" \/>\n<meta property=\"og:locale\" content=\"ro_RO\" \/>\n<meta property=\"og:type\" content=\"article\" \/>\n<meta property=\"og:title\" content=\"Solu\u021bii pediatrice - Phonak - Rom\u00e2nia\" \/>\n<meta property=\"og:description\" content=\"Solu\u021bii auditive pentru copii \u0219i adolescen\u021bi Fiecare copil este unic, la fel \u0219i nevoile sale de ascultare. Cu o gam\u0103...\" \/>\n<meta property=\"og:url\" content=\"https:\/\/intl.phonak.com\/ro-ro\/solutii\/solutii-pediatrice\/\" \/>\n<meta property=\"og:site_name\" content=\"Phonak - Rom\u00e2nia\" \/>\n<meta property=\"article:modified_time\" content=\"2025-07-15T12:12:15+00:00\" \/>\n<meta name=\"twitter:card\" content=\"summary_large_image\" \/>\n<meta name=\"twitter:label1\" content=\"Est. reading time\" \/>\n\t<meta name=\"twitter:data1\" content=\"7 minutes\" \/>\n<script type=\"application\/ld+json\" class=\"yoast-schema-graph\">{\"@context\":\"https:\/\/schema.org\",\"@graph\":[{\"@type\":\"WebPage\",\"@id\":\"https:\/\/intl.phonak.com\/ro-ro\/solutii\/solutii-pediatrice\/\",\"url\":\"https:\/\/intl.phonak.com\/ro-ro\/solutii\/solutii-pediatrice\/\",\"name\":\"Solu\u021bii pediatrice - Phonak - Rom\u00e2nia\",\"isPartOf\":{\"@id\":\"https:\/\/intl.phonak.com\/ro-ro\/#website\"},\"primaryImageOfPage\":{\"@id\":\"https:\/\/intl.phonak.com\/ro-ro\/solutii\/solutii-pediatrice\/#primaryimage\"},\"image\":{\"@id\":\"https:\/\/intl.phonak.com\/ro-ro\/solutii\/solutii-pediatrice\/#primaryimage\"},\"thumbnailUrl\":\"https:\/\/intl.phonak.com\/ro-ro\/wp-content\/uploads\/sites\/3\/2023\/02\/PH_Pic_generic_kids_01.png\",\"datePublished\":\"2021-11-18T16:56:57+00:00\",\"dateModified\":\"2025-07-15T12:12:15+00:00\",\"breadcrumb\":{\"@id\":\"https:\/\/intl.phonak.com\/ro-ro\/solutii\/solutii-pediatrice\/#breadcrumb\"},\"inLanguage\":\"ro-RO\",\"potentialAction\":[{\"@type\":\"ReadAction\",\"target\":[\"https:\/\/intl.phonak.com\/ro-ro\/solutii\/solutii-pediatrice\/\"]}]},{\"@type\":\"ImageObject\",\"inLanguage\":\"ro-RO\",\"@id\":\"https:\/\/intl.phonak.com\/ro-ro\/solutii\/solutii-pediatrice\/#primaryimage\",\"url\":\"\",\"contentUrl\":\"\"},{\"@type\":\"BreadcrumbList\",\"@id\":\"https:\/\/intl.phonak.com\/ro-ro\/solutii\/solutii-pediatrice\/#breadcrumb\",\"itemListElement\":[{\"@type\":\"ListItem\",\"position\":1,\"name\":\"Home\",\"item\":\"https:\/\/intl.phonak.com\/ro-ro\/\"},{\"@type\":\"ListItem\",\"position\":2,\"name\":\"Solu\u0163ii\",\"item\":\"https:\/\/intl.phonak.com\/ro-ro\/solutii\/\"},{\"@type\":\"ListItem\",\"position\":3,\"name\":\"Solu\u021bii pediatrice\"}]},{\"@type\":\"WebSite\",\"@id\":\"https:\/\/intl.phonak.com\/ro-ro\/#website\",\"url\":\"https:\/\/intl.phonak.com\/ro-ro\/\",\"name\":\"Phonak - Rom\u00e2nia\",\"description\":\"\",\"potentialAction\":[{\"@type\":\"SearchAction\",\"target\":{\"@type\":\"EntryPoint\",\"urlTemplate\":\"https:\/\/intl.phonak.com\/ro-ro\/?s={search_term_string}\"},\"query-input\":{\"@type\":\"PropertyValueSpecification\",\"valueRequired\":true,\"valueName\":\"search_term_string\"}}],\"inLanguage\":\"ro-RO\"}]}<\/script>\n<!-- \/ Yoast SEO plugin. -->","yoast_head_json":{"title":"Solu\u021bii pediatrice - Phonak - Rom\u00e2nia","robots":{"index":"index","follow":"follow","max-snippet":"max-snippet:-1","max-image-preview":"max-image-preview:large","max-video-preview":"max-video-preview:-1"},"canonical":"https:\/\/intl.phonak.com\/main-english\/solutions\/pediatric-solutions\/","og_locale":"ro_RO","og_type":"article","og_title":"Solu\u021bii pediatrice - Phonak - Rom\u00e2nia","og_description":"Solu\u021bii auditive pentru copii \u0219i adolescen\u021bi Fiecare copil este unic, la fel \u0219i nevoile sale de ascultare. Cu o gam\u0103...","og_url":"https:\/\/intl.phonak.com\/ro-ro\/solutii\/solutii-pediatrice\/","og_site_name":"Phonak - Rom\u00e2nia","article_modified_time":"2025-07-15T12:12:15+00:00","twitter_card":"summary_large_image","twitter_misc":{"Est. reading time":"7 minutes"},"schema":{"@context":"https:\/\/schema.org","@graph":[{"@type":"WebPage","@id":"https:\/\/intl.phonak.com\/ro-ro\/solutii\/solutii-pediatrice\/","url":"https:\/\/intl.phonak.com\/ro-ro\/solutii\/solutii-pediatrice\/","name":"Solu\u021bii pediatrice - Phonak - Rom\u00e2nia","isPartOf":{"@id":"https:\/\/intl.phonak.com\/ro-ro\/#website"},"primaryImageOfPage":{"@id":"https:\/\/intl.phonak.com\/ro-ro\/solutii\/solutii-pediatrice\/#primaryimage"},"image":{"@id":"https:\/\/intl.phonak.com\/ro-ro\/solutii\/solutii-pediatrice\/#primaryimage"},"thumbnailUrl":"https:\/\/intl.phonak.com\/ro-ro\/wp-content\/uploads\/sites\/3\/2023\/02\/PH_Pic_generic_kids_01.png","datePublished":"2021-11-18T16:56:57+00:00","dateModified":"2025-07-15T12:12:15+00:00","breadcrumb":{"@id":"https:\/\/intl.phonak.com\/ro-ro\/solutii\/solutii-pediatrice\/#breadcrumb"},"inLanguage":"ro-RO","potentialAction":[{"@type":"ReadAction","target":["https:\/\/intl.phonak.com\/ro-ro\/solutii\/solutii-pediatrice\/"]}]},{"@type":"ImageObject","inLanguage":"ro-RO","@id":"https:\/\/intl.phonak.com\/ro-ro\/solutii\/solutii-pediatrice\/#primaryimage","url":"","contentUrl":""},{"@type":"BreadcrumbList","@id":"https:\/\/intl.phonak.com\/ro-ro\/solutii\/solutii-pediatrice\/#breadcrumb","itemListElement":[{"@type":"ListItem","position":1,"name":"Home","item":"https:\/\/intl.phonak.com\/ro-ro\/"},{"@type":"ListItem","position":2,"name":"Solu\u0163ii","item":"https:\/\/intl.phonak.com\/ro-ro\/solutii\/"},{"@type":"ListItem","position":3,"name":"Solu\u021bii pediatrice"}]},{"@type":"WebSite","@id":"https:\/\/intl.phonak.com\/ro-ro\/#website","url":"https:\/\/intl.phonak.com\/ro-ro\/","name":"Phonak - Rom\u00e2nia","description":"","potentialAction":[{"@type":"SearchAction","target":{"@type":"EntryPoint","urlTemplate":"https:\/\/intl.phonak.com\/ro-ro\/?s={search_term_string}"},"query-input":{"@type":"PropertyValueSpecification","valueRequired":true,"valueName":"search_term_string"}}],"inLanguage":"ro-RO"}]}},"jetpack_sharing_enabled":true,"distributor_meta":false,"distributor_terms":false,"distributor_media":false,"distributor_original_site_name":"Phonak -  Rom\u00e2nia","distributor_original_site_url":"https:\/\/intl.phonak.com\/ro-ro","push-errors":false,"_links":{"self":[{"href":"https:\/\/intl.phonak.com\/ro-ro\/wp-json\/wp\/v2\/pages\/556","targetHints":{"allow":["GET"]}}],"collection":[{"href":"https:\/\/intl.phonak.com\/ro-ro\/wp-json\/wp\/v2\/pages"}],"about":[{"href":"https:\/\/intl.phonak.com\/ro-ro\/wp-json\/wp\/v2\/types\/page"}],"author":[{"embeddable":true,"href":"https:\/\/intl.phonak.com\/ro-ro\/wp-json\/wp\/v2\/users\/5"}],"replies":[{"embeddable":true,"href":"https:\/\/intl.phonak.com\/ro-ro\/wp-json\/wp\/v2\/comments?post=556"}],"version-history":[{"count":17,"href":"https:\/\/intl.phonak.com\/ro-ro\/wp-json\/wp\/v2\/pages\/556\/revisions"}],"predecessor-version":[{"id":1498,"href":"https:\/\/intl.phonak.com\/ro-ro\/wp-json\/wp\/v2\/pages\/556\/revisions\/1498"}],"up":[{"embeddable":true,"href":"https:\/\/intl.phonak.com\/ro-ro\/wp-json\/wp\/v2\/pages\/516"}],"wp:attachment":[{"href":"https:\/\/intl.phonak.com\/ro-ro\/wp-json\/wp\/v2\/media?parent=556"}],"curies":[{"name":"wp","href":"https:\/\/api.w.org\/{rel}","templated":true}]}}