{"id":553,"date":"2021-11-29T20:47:45","date_gmt":"2021-11-29T20:47:45","guid":{"rendered":"https:\/\/intl.phonak.com\/ro-ro\/causes-of-hearing-loss\/"},"modified":"2025-08-28T06:38:30","modified_gmt":"2025-08-28T06:38:30","slug":"cauze-pierdere-auz","status":"publish","type":"page","link":"https:\/\/intl.phonak.com\/ro-ro\/pierderea-auzului\/cauze-pierdere-auz\/","title":{"rendered":"Cauzele pierderii auzului"},"content":{"rendered":"\n<div class=\"wp-block-cover alignfull is-light\"><img decoding=\"async\" class=\"wp-block-cover__image-background wp-image-4482\" alt=\"Signs of hearing loss\" src=\"https:\/\/intl.phonak.com\/ro-ro\/wp-content\/uploads\/sites\/3\/2022\/02\/Banner_ways-to-better-hearing.jpg\" style=\"object-position:15% 88%\" data-object-fit=\"cover\" data-object-position=\"15% 88%\"\/><span aria-hidden=\"true\" class=\"wp-block-cover__background has-white-background-color has-background-dim-40 has-background-dim\"><\/span><div class=\"wp-block-cover__inner-container is-layout-flow wp-block-cover-is-layout-flow\">\n<h1 class=\"wp-block-heading has-text-align-center has-dark-grey-color has-text-color\" id=\"causes-of-hearing-loss\">Cauzele pierderii auzului<\/h1>\n\n\n\n<p class=\"has-text-align-center has-dark-grey-color has-text-color has-lead-font-size\">O privire rapid\u0103 asupra motivului pentru care tu sau o persoan\u0103 drag\u0103 a\u021bi putea suferi de pierderea auzului<\/p>\n<\/div><\/div>\n\n\n\n<h2 class=\"wp-block-heading has-text-align-center\" id=\"listen-to-your-hearing\">Ascult\u0103-\u021bi auzul<\/h2>\n\n\n\n<p class=\"has-text-align-center\">\u00cen cele din urm\u0103, po\u021bi auzi doar ceea ce auzi. De aceea, lucrurile pe care le auzi\u021bi v\u0103 pot p\u0103rea \u00een continuare corecte, chiar dac\u0103 este posibil s\u0103 ave\u021bi deja o u\u0219oar\u0103 pierdere a auzului. Adev\u0103rul este c\u0103 creierul t\u0103u se adapteaz\u0103 pur \u0219i simplu la noua situa\u021bie \u0219i compenseaz\u0103 semnalele sl\u0103bite care vin de la urechi. Dup\u0103 un timp, creierul t\u0103u uit\u0103 literalmente cum s\u0103 aud\u0103, pentru c\u0103 nu-\u0219i aminte\u0219te sunetul cuvintelor.<br><\/p>\n\n\n\n<p class=\"has-text-align-center\">Pierderea auzului poate fi rezultatul deterior\u0103rii oric\u0103reia dintre aceste sec\u021biuni:<\/p>\n\n\n\n<div style=\"height:62px\" aria-hidden=\"true\" class=\"wp-block-spacer\"><\/div>\n\n\n\n<figure class=\"wp-block-image aligncenter size-large\"><img decoding=\"async\" src=\"https:\/\/intl.phonak.com\/ro-ro\/wp-content\/uploads\/sites\/3\/2024\/05\/Anatomy_Ear-neutral.jpg?w=809\" alt=\"\" class=\"wp-image-8161\"\/><\/figure>\n\n\n\n<div style=\"height:53px\" aria-hidden=\"true\" class=\"wp-block-spacer\"><\/div>\n\n\n\n<div class=\"wp-block-columns is-layout-flex wp-container-core-columns-is-layout-9d6595d7 wp-block-columns-is-layout-flex\">\n<div class=\"wp-block-column is-layout-flow wp-block-column-is-layout-flow\">\n<h4 class=\"wp-block-heading has-text-align-center has-blue-color has-text-color\" id=\"causes-in-the-outer-ear\">1. Cauze \u00een urechea extern\u0103<\/h4>\n\n\n\n<p class=\"has-text-align-center\">Problemele tipice cu urechea extern\u0103 includ dopuri de cear\u0103 \u0219i infec\u021bii ale canalului auditiv. De obicei, abordarea acestor probleme este foarte u\u0219oar\u0103. Dar este important s\u0103 ac\u021biona\u021bi rapid pentru a evita deteriorarea auzului.<\/p>\n<\/div>\n\n\n\n<div class=\"wp-block-column is-layout-flow wp-block-column-is-layout-flow\">\n<h4 class=\"wp-block-heading has-text-align-center has-blue-color has-text-color\" id=\"causes-in-the-middle-ear\">2. Cauze \u00een urechea medie<\/h4>\n\n\n\n<p class=\"has-text-align-center\">Inflama\u021bia, lichidul din spatele timpanului, perfora\u021biile timpanului \u0219i otoscleroza (o rigidizare a oaselor din urechea medie) sunt cele mai frecvente probleme care interfereaz\u0103 cu func\u021bia urechii medii. Majoritatea problemelor urechii externe \u0219i medii pot fi abordate eficient cu medicamente sau interven\u021bii chirurgicale. Dac\u0103 acest lucru nu este posibil, pierderea permanent\u0103 a auzului poate fi compensat\u0103 cu un aparat auditiv \u00een majoritatea cazurilor.<\/p>\n<\/div>\n\n\n\n<div class=\"wp-block-column is-layout-flow wp-block-column-is-layout-flow\">\n<h4 class=\"wp-block-heading has-text-align-center has-blue-color has-text-color\" id=\"causes-in-the-inner-ear\">3. Cauze \u00een urechea intern\u0103<\/h4>\n\n\n\n<p class=\"has-text-align-center\">Majoritatea problemelor de auz se refer\u0103 la urechea intern\u0103. Cea mai frecvent\u0103 cauz\u0103 este procesul natural de \u00eemb\u0103tr\u00e2nire. Dar zgomotul puternic, administrarea unor tipuri de medicamente sau fracturile craniene pot avea, de asemenea, o influen\u021b\u0103 negativ\u0103 asupra capacit\u0103\u021bii auditive a unei persoane. Aceste influen\u021be deterioreaz\u0103 celulele fine ale ciliului \u0219i afecteaz\u0103 transmiterea semnalelor c\u0103tre nervii auditivi. De obicei, pierderea auzului urechii interne nu poate fi abordat\u0103 medical. Cu toate acestea, acest tip de pierdere a auzului poate fi corectat cu un aparat auditiv \u00een majoritatea cazurilor.<\/p>\n<\/div>\n<\/div>\n\n\n\n<p><\/p>\n\n\n\n<p class=\"has-text-align-center\">Pierderea auzului cauzat\u0103 de un defect al urechii externe sau medii se nume\u0219te pierdere conductiv\u0103 a auzului. Deteriorarea urechii interne se nume\u0219te pierderea auzului neurosenzorial. Dac\u0103 ambele tipuri apar \u00eempreun\u0103, afec\u021biunea se nume\u0219te pierdere mixt\u0103 a auzului.<\/p>\n\n\n\n<div style=\"height:26px\" aria-hidden=\"true\" class=\"wp-block-spacer\"><\/div>\n\n\n\n<div class=\"wp-block-group alignfull has-light-grey-background-color has-background is-layout-flow wp-block-group-is-layout-flow\">\n<div class=\"wp-block-group is-style-align-small is-layout-flow wp-block-group-is-layout-flow\">\n<h3 class=\"wp-block-heading has-text-align-center has-blue-color has-text-color\" id=\"get-professional-help\">Ob\u021bine\u021bi ajutor profesional<\/h3>\n\n\n\n<p class=\"has-text-align-center\">Audiologul dumneavoastr\u0103 v\u0103 va ajuta s\u0103 face\u021bi alegerea perfect\u0103 pentru dvs. Ei vor lua \u00een considerare nevoile tale auditive, bugetul t\u0103u, stilul t\u0103u de via\u021b\u0103 \u0219i preferin\u021bele tale auditive individuale.<\/p>\n\n\n\n<p class=\"has-text-align-center\"><a href=\"https:\/\/intl.phonak.com\/ro-ro\/pierderea-auzului\/consulta-un-specialist-auz\/\">Afl\u0103 la ce s\u0103 te a\u0219tep\u021bi la prima \u00eent\u00e2lnire<\/a><\/p>\n<\/div>\n<\/div>\n\n\n\n<div class=\"wp-block-media-text is-stacked-on-mobile cta-block\" style=\"grid-template-columns:35% auto\"><figure class=\"wp-block-media-text__media\"><img decoding=\"async\" src=\"https:\/\/intl.phonak.com\/main-english\/wp-content\/uploads\/sites\/3\/2021\/11\/cta-image.jpg?w=401\" alt=\"\" class=\"wp-image-6738 size-full\"\/><\/figure><div class=\"wp-block-media-text__content\">\n<div class=\"wp-block-create-block-icon-selector\"><i class=\"fal fa-map-marker-alt\"><\/i><\/div>   \n<h3 class=\"wp-block-heading\">Exper\u021bi \u00een auz \u00een apropiere<\/h3>   <p>Profesioni\u0219tii din domeniul auzului v\u0103 pot ajuta s\u0103 face\u021bi alegerea perfect\u0103 pentru dvs. Ei vor lua \u00een considerare nevoile dvs. auditive, bugetul, stilul de via\u021b\u0103 \u0219i preferin\u021bele auditive individuale. <\/p>   <div class=\"wp-block-buttons is-layout-flex wp-block-buttons-is-layout-flex\">\n<div class=\"wp-block-button is-style-marker-green\"><a class=\"wp-block-button__link wp-element-button\" href=\"https:\/\/intl.phonak.com\/main-english\/find-an-expert\/\">G\u0103si\u021bi un expert<\/a><\/div>\n<\/div>\n<\/div><\/div> \n\n\n<p><\/p>\n","protected":false},"excerpt":{"rendered":"<p>Ascult\u0103-\u021bi auzul \u00cen cele din urm\u0103, po\u021bi auzi doar ceea ce auzi. De aceea, lucrurile pe care le auzi\u021bi v\u0103&#8230;<\/p>\n","protected":false},"author":5,"featured_media":0,"parent":528,"menu_order":0,"comment_status":"closed","ping_status":"closed","template":"","meta":{"_acf_changed":false,"inline_featured_image":false,"footnotes":""},"class_list":["post-553","page","type-page","status-publish","hentry"],"acf":[],"yoast_head":"<!-- This site is optimized with the Yoast SEO plugin v26.9 - https:\/\/yoast.com\/product\/yoast-seo-wordpress\/ -->\n<title>Cauzele pierderii auzului - Phonak - Rom\u00e2nia<\/title>\n<meta name=\"robots\" content=\"index, follow, max-snippet:-1, max-image-preview:large, max-video-preview:-1\" \/>\n<link rel=\"canonical\" href=\"https:\/\/intl.phonak.com\/main-english\/hearing-loss\/causes-of-hearing-loss\/\" \/>\n<meta property=\"og:locale\" content=\"ro_RO\" \/>\n<meta property=\"og:type\" content=\"article\" \/>\n<meta property=\"og:title\" content=\"Cauzele pierderii auzului - Phonak - Rom\u00e2nia\" \/>\n<meta property=\"og:description\" content=\"Ascult\u0103-\u021bi auzul \u00cen cele din urm\u0103, po\u021bi auzi doar ceea ce auzi. De aceea, lucrurile pe care le auzi\u021bi v\u0103...\" \/>\n<meta property=\"og:url\" content=\"https:\/\/intl.phonak.com\/ro-ro\/pierderea-auzului\/cauze-pierdere-auz\/\" \/>\n<meta property=\"og:site_name\" content=\"Phonak - Rom\u00e2nia\" \/>\n<meta property=\"article:modified_time\" content=\"2025-08-28T06:38:30+00:00\" \/>\n<meta name=\"twitter:card\" content=\"summary_large_image\" \/>\n<meta name=\"twitter:label1\" content=\"Est. reading time\" \/>\n\t<meta name=\"twitter:data1\" content=\"5 minutes\" \/>\n<script type=\"application\/ld+json\" class=\"yoast-schema-graph\">{\"@context\":\"https:\/\/schema.org\",\"@graph\":[{\"@type\":\"WebPage\",\"@id\":\"https:\/\/intl.phonak.com\/ro-ro\/pierderea-auzului\/cauze-pierdere-auz\/\",\"url\":\"https:\/\/intl.phonak.com\/ro-ro\/pierderea-auzului\/cauze-pierdere-auz\/\",\"name\":\"Cauzele pierderii auzului - Phonak - Rom\u00e2nia\",\"isPartOf\":{\"@id\":\"https:\/\/intl.phonak.com\/ro-ro\/#website\"},\"primaryImageOfPage\":{\"@id\":\"https:\/\/intl.phonak.com\/ro-ro\/pierderea-auzului\/cauze-pierdere-auz\/#primaryimage\"},\"image\":{\"@id\":\"https:\/\/intl.phonak.com\/ro-ro\/pierderea-auzului\/cauze-pierdere-auz\/#primaryimage\"},\"thumbnailUrl\":\"https:\/\/intl.phonak.com\/ro-ro\/wp-content\/uploads\/sites\/3\/2022\/02\/Banner_ways-to-better-hearing.jpg\",\"datePublished\":\"2021-11-29T20:47:45+00:00\",\"dateModified\":\"2025-08-28T06:38:30+00:00\",\"breadcrumb\":{\"@id\":\"https:\/\/intl.phonak.com\/ro-ro\/pierderea-auzului\/cauze-pierdere-auz\/#breadcrumb\"},\"inLanguage\":\"ro-RO\",\"potentialAction\":[{\"@type\":\"ReadAction\",\"target\":[\"https:\/\/intl.phonak.com\/ro-ro\/pierderea-auzului\/cauze-pierdere-auz\/\"]}]},{\"@type\":\"ImageObject\",\"inLanguage\":\"ro-RO\",\"@id\":\"https:\/\/intl.phonak.com\/ro-ro\/pierderea-auzului\/cauze-pierdere-auz\/#primaryimage\",\"url\":\"\",\"contentUrl\":\"\"},{\"@type\":\"BreadcrumbList\",\"@id\":\"https:\/\/intl.phonak.com\/ro-ro\/pierderea-auzului\/cauze-pierdere-auz\/#breadcrumb\",\"itemListElement\":[{\"@type\":\"ListItem\",\"position\":1,\"name\":\"Home\",\"item\":\"https:\/\/intl.phonak.com\/ro-ro\/\"},{\"@type\":\"ListItem\",\"position\":2,\"name\":\"Pierderea auzului\",\"item\":\"https:\/\/intl.phonak.com\/ro-ro\/pierderea-auzului\/\"},{\"@type\":\"ListItem\",\"position\":3,\"name\":\"Cauzele pierderii auzului\"}]},{\"@type\":\"WebSite\",\"@id\":\"https:\/\/intl.phonak.com\/ro-ro\/#website\",\"url\":\"https:\/\/intl.phonak.com\/ro-ro\/\",\"name\":\"Phonak - Rom\u00e2nia\",\"description\":\"\",\"potentialAction\":[{\"@type\":\"SearchAction\",\"target\":{\"@type\":\"EntryPoint\",\"urlTemplate\":\"https:\/\/intl.phonak.com\/ro-ro\/?s={search_term_string}\"},\"query-input\":{\"@type\":\"PropertyValueSpecification\",\"valueRequired\":true,\"valueName\":\"search_term_string\"}}],\"inLanguage\":\"ro-RO\"}]}<\/script>\n<!-- \/ Yoast SEO plugin. -->","yoast_head_json":{"title":"Cauzele pierderii auzului - Phonak - Rom\u00e2nia","robots":{"index":"index","follow":"follow","max-snippet":"max-snippet:-1","max-image-preview":"max-image-preview:large","max-video-preview":"max-video-preview:-1"},"canonical":"https:\/\/intl.phonak.com\/main-english\/hearing-loss\/causes-of-hearing-loss\/","og_locale":"ro_RO","og_type":"article","og_title":"Cauzele pierderii auzului - Phonak - Rom\u00e2nia","og_description":"Ascult\u0103-\u021bi auzul \u00cen cele din urm\u0103, po\u021bi auzi doar ceea ce auzi. De aceea, lucrurile pe care le auzi\u021bi v\u0103...","og_url":"https:\/\/intl.phonak.com\/ro-ro\/pierderea-auzului\/cauze-pierdere-auz\/","og_site_name":"Phonak - Rom\u00e2nia","article_modified_time":"2025-08-28T06:38:30+00:00","twitter_card":"summary_large_image","twitter_misc":{"Est. reading time":"5 minutes"},"schema":{"@context":"https:\/\/schema.org","@graph":[{"@type":"WebPage","@id":"https:\/\/intl.phonak.com\/ro-ro\/pierderea-auzului\/cauze-pierdere-auz\/","url":"https:\/\/intl.phonak.com\/ro-ro\/pierderea-auzului\/cauze-pierdere-auz\/","name":"Cauzele pierderii auzului - Phonak - Rom\u00e2nia","isPartOf":{"@id":"https:\/\/intl.phonak.com\/ro-ro\/#website"},"primaryImageOfPage":{"@id":"https:\/\/intl.phonak.com\/ro-ro\/pierderea-auzului\/cauze-pierdere-auz\/#primaryimage"},"image":{"@id":"https:\/\/intl.phonak.com\/ro-ro\/pierderea-auzului\/cauze-pierdere-auz\/#primaryimage"},"thumbnailUrl":"https:\/\/intl.phonak.com\/ro-ro\/wp-content\/uploads\/sites\/3\/2022\/02\/Banner_ways-to-better-hearing.jpg","datePublished":"2021-11-29T20:47:45+00:00","dateModified":"2025-08-28T06:38:30+00:00","breadcrumb":{"@id":"https:\/\/intl.phonak.com\/ro-ro\/pierderea-auzului\/cauze-pierdere-auz\/#breadcrumb"},"inLanguage":"ro-RO","potentialAction":[{"@type":"ReadAction","target":["https:\/\/intl.phonak.com\/ro-ro\/pierderea-auzului\/cauze-pierdere-auz\/"]}]},{"@type":"ImageObject","inLanguage":"ro-RO","@id":"https:\/\/intl.phonak.com\/ro-ro\/pierderea-auzului\/cauze-pierdere-auz\/#primaryimage","url":"","contentUrl":""},{"@type":"BreadcrumbList","@id":"https:\/\/intl.phonak.com\/ro-ro\/pierderea-auzului\/cauze-pierdere-auz\/#breadcrumb","itemListElement":[{"@type":"ListItem","position":1,"name":"Home","item":"https:\/\/intl.phonak.com\/ro-ro\/"},{"@type":"ListItem","position":2,"name":"Pierderea auzului","item":"https:\/\/intl.phonak.com\/ro-ro\/pierderea-auzului\/"},{"@type":"ListItem","position":3,"name":"Cauzele pierderii auzului"}]},{"@type":"WebSite","@id":"https:\/\/intl.phonak.com\/ro-ro\/#website","url":"https:\/\/intl.phonak.com\/ro-ro\/","name":"Phonak - Rom\u00e2nia","description":"","potentialAction":[{"@type":"SearchAction","target":{"@type":"EntryPoint","urlTemplate":"https:\/\/intl.phonak.com\/ro-ro\/?s={search_term_string}"},"query-input":{"@type":"PropertyValueSpecification","valueRequired":true,"valueName":"search_term_string"}}],"inLanguage":"ro-RO"}]}},"jetpack_sharing_enabled":true,"distributor_meta":false,"distributor_terms":false,"distributor_media":false,"distributor_original_site_name":"Phonak -  Rom\u00e2nia","distributor_original_site_url":"https:\/\/intl.phonak.com\/ro-ro","push-errors":false,"_links":{"self":[{"href":"https:\/\/intl.phonak.com\/ro-ro\/wp-json\/wp\/v2\/pages\/553","targetHints":{"allow":["GET"]}}],"collection":[{"href":"https:\/\/intl.phonak.com\/ro-ro\/wp-json\/wp\/v2\/pages"}],"about":[{"href":"https:\/\/intl.phonak.com\/ro-ro\/wp-json\/wp\/v2\/types\/page"}],"author":[{"embeddable":true,"href":"https:\/\/intl.phonak.com\/ro-ro\/wp-json\/wp\/v2\/users\/5"}],"replies":[{"embeddable":true,"href":"https:\/\/intl.phonak.com\/ro-ro\/wp-json\/wp\/v2\/comments?post=553"}],"version-history":[{"count":9,"href":"https:\/\/intl.phonak.com\/ro-ro\/wp-json\/wp\/v2\/pages\/553\/revisions"}],"predecessor-version":[{"id":1545,"href":"https:\/\/intl.phonak.com\/ro-ro\/wp-json\/wp\/v2\/pages\/553\/revisions\/1545"}],"up":[{"embeddable":true,"href":"https:\/\/intl.phonak.com\/ro-ro\/wp-json\/wp\/v2\/pages\/528"}],"wp:attachment":[{"href":"https:\/\/intl.phonak.com\/ro-ro\/wp-json\/wp\/v2\/media?parent=553"}],"curies":[{"name":"wp","href":"https:\/\/api.w.org\/{rel}","templated":true}]}}