{"id":550,"date":"2021-11-29T21:39:57","date_gmt":"2021-11-29T21:39:57","guid":{"rendered":"https:\/\/intl.phonak.com\/ro-ro\/go-to-a-hearing-expert\/"},"modified":"2025-07-18T09:54:15","modified_gmt":"2025-07-18T09:54:15","slug":"consulta-un-specialist-auz","status":"publish","type":"page","link":"https:\/\/intl.phonak.com\/ro-ro\/pierderea-auzului\/consulta-un-specialist-auz\/","title":{"rendered":"Merge\u021bi la un expert \u00een auz"},"content":{"rendered":"\n<div class=\"wp-block-cover alignfull\"><img decoding=\"async\" class=\"wp-block-cover__image-background wp-image-7280\" alt=\"HCP fitting a Client\" src=\"https:\/\/intl.phonak.com\/ro-ro\/wp-content\/uploads\/sites\/3\/2023\/12\/Hearing-banner_HCPFittingClient_01-1.jpg\" data-object-fit=\"cover\"\/><span aria-hidden=\"true\" class=\"wp-block-cover__background has-light-grey-background-color has-background-dim-60 has-background-dim\"><\/span><div class=\"wp-block-cover__inner-container is-layout-flow wp-block-cover-is-layout-flow\">\n<h1 class=\"wp-block-heading has-text-align-center has-grey-500-color has-text-color\" id=\"your-first-appointment-with-a-hearing-expert\">Prima ta \u00eent\u00e2lnire cu un expert \u00een auz.<\/h1>\n\n\n\n<p class=\"has-text-align-center has-grey-500-color has-text-color has-lead-font-size\">Testele regulate ale auzului v\u0103 ajut\u0103 s\u0103 recunoa\u0219te\u021bi pierderea auzului din timp. <br>C\u00e2nd v-a\u021bi testat ultima dat\u0103 auzul?<\/p>\n\n\n\n<div class=\"wp-block-buttons is-horizontal is-content-justification-center is-layout-flex wp-container-core-buttons-is-layout-499968f5 wp-block-buttons-is-layout-flex\">\n<div class=\"wp-block-button is-style-marker-green\"><a class=\"wp-block-button__link wp-element-button\" href=\"https:\/\/intl.phonak.com\/ro-ro\/gaseste-un-specialist\/\">G\u0103si\u021bi un expert<\/a><\/div>\n<\/div>\n<\/div><\/div>\n\n\n\n<div class=\"wp-block-group is-style-align-small is-layout-flow wp-block-group-is-layout-flow\" style=\"padding-top:0px\">\n<h2 class=\"wp-block-heading has-text-align-center\" id=\"what-to-expect\">La ce s\u0103 v\u0103 a\u0219tepta\u021bi<\/h2>\n\n\n\n<p class=\"has-text-align-center\">Probabil c\u0103 v-a\u021bi \u00eentrebat deja ce se va \u00eent\u00e2mpla \u00een timpul unei consulta\u021bii de specialitate. Permite\u021bi-ne s\u0103 v\u0103 lini\u0219tim mintea \u0219i s\u0103 v\u0103 oferim o idee despre ce v\u0103 pute\u021bi a\u0219tepta la prima \u00eent\u00e2lnire. <\/p>\n\n\n\n<h3 class=\"wp-block-heading has-blue-color has-text-color\" id=\"1-plan-enough-time\">1. Planifica\u021bi suficient timp<\/h3>\n\n\n\n<p class=\"has-text-align-left\">Prima vizit\u0103 va dura aproximativ o or\u0103. Dac\u0103 dori\u021bi, pute\u021bi cere unei rude sau unui prieten s\u0103 v\u0103 \u00eenso\u021beasc\u0103. Mul\u021bi oameni se simt mai \u00een siguran\u021b\u0103 \u00een acest fel. O fa\u021b\u0103 prietenoas\u0103 al\u0103turi de tine este deosebit de util\u0103 dac\u0103 exist\u0103 probleme de comunicare.<\/p>\n\n\n\n<h3 class=\"wp-block-heading has-blue-color has-text-color\" id=\"2-ear-examination\">2. Examinarea urechii<\/h3>\n\n\n\n<p>Audiologul, distribuitorul de aparate auditive sau specialistul ORL v\u0103 va examina urechile. Acest lucru este pentru a verifica problemele precum ceara excesiv\u0103 sau infec\u021biile urechii.<\/p>\n\n\n\n<h3 class=\"wp-block-heading has-blue-color has-text-color\" id=\"3-hearing-test\">3. Test de auz<\/h3>\n\n\n\n<p>Dup\u0103 examinare, audiologul, distribuitorul de aparate auditive sau specialistul ORL va face un test de auz. Vi se vor da c\u0103\u0219ti \u0219i expertul va reda o secven\u021b\u0103 de tonuri, unele dintre aceste tonuri vor fi puternice \u0219i u\u0219or de auzit, iar altele vor fi moi \u0219i pu\u021bin mai greu de auzit. Singurul lucru pe care trebuie s\u0103-l face\u021bi este s\u0103 anun\u021ba\u021bi expertul sau s\u0103 ap\u0103sa\u021bi un buton atunci c\u00e2nd auzi\u021bi un ton. Dup\u0103 examinare \u0219i testele auditive, expertul v\u0103 va putea spune mai multe despre auzul \u0219i pierderea auzului.<\/p>\n\n\n\n<h3 class=\"wp-block-heading has-blue-color has-text-color\" id=\"selection-of-hearing-solutions-1\">4. Selectarea solu\u021biilor auditive<\/h3>\n\n\n\n<p>La sf\u00e2r\u0219itul consulta\u021biei, expertul v\u0103 va explica toate op\u021biunile disponibile pentru a v\u0103 recupera auzul. Vi se va ar\u0103ta o selec\u021bie de aparate auditive potrivite pentru pierderea auzului. Diferen\u021bele \u0219i avantajele produselor v\u0103 vor fi explicate.<\/p>\n\n\n\n<p>Acum este un moment bun pentru a pune toate \u00eentreb\u0103rile pe care le-a\u021bi putea avea \u0219i pentru a oferi expertului c\u00e2t mai multe informa\u021bii posibile. Cu c\u00e2t \u0219tie mai multe despre tine, cu at\u00e2t mai bun va fi ajutorul pe care \u00eel vei primi. Prin urmare, este recomandabil s\u0103 v\u0103 g\u00e2ndi\u021bi la situa\u021biile \u00een care v\u0103 lupta\u021bi cu auzul (\u00een timpul \u00eent\u00e2lnirilor de familie, \u00een timpul \u00eent\u00e2lnirilor, \u00een medii zgomotoase, \u00een timp ce v\u0103 uita\u021bi la televizor, vorbi\u021bi la telefon, asculta\u021bi muzic\u0103 etc.) \u00eenainte de a veni la programare.<\/p>\n\n\n\n<div style=\"height:35px\" aria-hidden=\"true\" class=\"wp-block-spacer\"><\/div>\n<\/div>\n\n\n\n<div class=\"wp-block-group alignfull has-light-grey-background-color has-background is-layout-flow wp-block-group-is-layout-flow\">\n<div class=\"wp-block-group is-style-align-small is-layout-flow wp-block-group-is-layout-flow\">\n<p class=\"has-text-align-center is-style-default\"><strong>PASUL URM\u0102TOR:<\/strong><\/p>\n\n\n\n<h3 class=\"wp-block-heading has-text-align-center\" id=\"customization-of-your-new-hearing-aid-1\">Personalizarea noului aparat auditiv<\/h3>\n\n\n\n<p class=\"has-text-align-center is-style-default\">Phonak este lider global \u00een dezvoltarea de solu\u021bii auditive. Cu eforturile noastre continue de a g\u0103si noi solu\u021bii, reu\u0219im s\u0103 atingem una dintre cele mai mari rate de inovare din industrie. <\/p>\n\n\n\n<p class=\"has-text-align-center\"><a href=\"https:\/\/intl.phonak.com\/ro-ro\/solutii\/aparate-auditive\/\">Afla\u021bi mai multe despre aparatele auditive Phonak<\/a><\/p>\n\n\n\n<p class=\"has-text-align-center is-style-default\">Phonak&nbsp; Aparatele auditive sunt personalizabile pentru a se potrivi nevoilor dvs., dar trebuie optimizate pentru a v\u0103 asigura c\u0103 r\u0103m\u00e2ne\u021bi la curent, indiferent de locul \u00een care v\u0103 afla\u021bi.<\/p>\n\n\n\n<p class=\"has-text-align-center\"><a href=\"https:\/\/intl.phonak.com\/ro-ro\/pierderea-auzului\/personalizare-aparat-auditiv\/\">Afla\u021bi mai multe despre personalizarea aparatelor auditive<\/a><\/p>\n<\/div>\n<\/div>\n\n\n\n<div class=\"wp-block-media-text is-stacked-on-mobile cta-block\" style=\"grid-template-columns:35% auto\"><figure class=\"wp-block-media-text__media\"><img decoding=\"async\" src=\"https:\/\/intl.phonak.com\/main-english\/wp-content\/uploads\/sites\/3\/2021\/11\/cta-image.jpg?w=401\" alt=\"\" class=\"wp-image-6738 size-full\"\/><\/figure><div class=\"wp-block-media-text__content\">\n<div class=\"wp-block-create-block-icon-selector\"><i class=\"fal fa-map-marker-alt\"><\/i><\/div>   \n<h3 class=\"wp-block-heading\">Exper\u021bi \u00een auz \u00een apropiere<\/h3>   <p>Profesioni\u0219tii din domeniul auzului v\u0103 pot ajuta s\u0103 face\u021bi alegerea perfect\u0103 pentru dvs. Ei vor lua \u00een considerare nevoile dvs. auditive, bugetul, stilul de via\u021b\u0103 \u0219i preferin\u021bele auditive individuale. <\/p>   <div class=\"wp-block-buttons is-layout-flex wp-block-buttons-is-layout-flex\">\n<div class=\"wp-block-button is-style-marker-green\"><a class=\"wp-block-button__link wp-element-button\" href=\"https:\/\/intl.phonak.com\/main-english\/find-an-expert\/\">G\u0103si\u021bi un expert<\/a><\/div>\n<\/div>\n<\/div><\/div> ","protected":false},"excerpt":{"rendered":"<p>La ce s\u0103 v\u0103 a\u0219tepta\u021bi Probabil c\u0103 v-a\u021bi \u00eentrebat deja ce se va \u00eent\u00e2mpla \u00een timpul unei consulta\u021bii de specialitate&#8230;.<\/p>\n","protected":false},"author":5,"featured_media":0,"parent":528,"menu_order":0,"comment_status":"closed","ping_status":"closed","template":"","meta":{"_acf_changed":false,"inline_featured_image":false,"footnotes":""},"class_list":["post-550","page","type-page","status-publish","hentry"],"acf":[],"yoast_head":"<!-- This site is optimized with the Yoast SEO plugin v26.9 - https:\/\/yoast.com\/product\/yoast-seo-wordpress\/ -->\n<title>Merge\u021bi la un expert \u00een auz - Phonak - Rom\u00e2nia<\/title>\n<meta name=\"robots\" content=\"index, follow, max-snippet:-1, max-image-preview:large, max-video-preview:-1\" \/>\n<link rel=\"canonical\" href=\"https:\/\/intl.phonak.com\/main-english\/hearing-loss\/go-to-a-hearing-expert\/\" \/>\n<meta property=\"og:locale\" content=\"ro_RO\" \/>\n<meta property=\"og:type\" content=\"article\" \/>\n<meta property=\"og:title\" content=\"Merge\u021bi la un expert \u00een auz - Phonak - Rom\u00e2nia\" \/>\n<meta property=\"og:description\" content=\"La ce s\u0103 v\u0103 a\u0219tepta\u021bi Probabil c\u0103 v-a\u021bi \u00eentrebat deja ce se va \u00eent\u00e2mpla \u00een timpul unei consulta\u021bii de specialitate....\" \/>\n<meta property=\"og:url\" content=\"https:\/\/intl.phonak.com\/ro-ro\/pierderea-auzului\/consulta-un-specialist-auz\/\" \/>\n<meta property=\"og:site_name\" content=\"Phonak - Rom\u00e2nia\" \/>\n<meta property=\"article:modified_time\" content=\"2025-07-18T09:54:15+00:00\" \/>\n<meta name=\"twitter:card\" content=\"summary_large_image\" \/>\n<meta name=\"twitter:label1\" content=\"Est. reading time\" \/>\n\t<meta name=\"twitter:data1\" content=\"6 minutes\" \/>\n<script type=\"application\/ld+json\" class=\"yoast-schema-graph\">{\"@context\":\"https:\/\/schema.org\",\"@graph\":[{\"@type\":\"WebPage\",\"@id\":\"https:\/\/intl.phonak.com\/ro-ro\/pierderea-auzului\/consulta-un-specialist-auz\/\",\"url\":\"https:\/\/intl.phonak.com\/ro-ro\/pierderea-auzului\/consulta-un-specialist-auz\/\",\"name\":\"Merge\u021bi la un expert \u00een auz - Phonak - Rom\u00e2nia\",\"isPartOf\":{\"@id\":\"https:\/\/intl.phonak.com\/ro-ro\/#website\"},\"primaryImageOfPage\":{\"@id\":\"https:\/\/intl.phonak.com\/ro-ro\/pierderea-auzului\/consulta-un-specialist-auz\/#primaryimage\"},\"image\":{\"@id\":\"https:\/\/intl.phonak.com\/ro-ro\/pierderea-auzului\/consulta-un-specialist-auz\/#primaryimage\"},\"thumbnailUrl\":\"https:\/\/intl.phonak.com\/ro-ro\/wp-content\/uploads\/sites\/3\/2023\/12\/Hearing-banner_HCPFittingClient_01-1.jpg\",\"datePublished\":\"2021-11-29T21:39:57+00:00\",\"dateModified\":\"2025-07-18T09:54:15+00:00\",\"breadcrumb\":{\"@id\":\"https:\/\/intl.phonak.com\/ro-ro\/pierderea-auzului\/consulta-un-specialist-auz\/#breadcrumb\"},\"inLanguage\":\"ro-RO\",\"potentialAction\":[{\"@type\":\"ReadAction\",\"target\":[\"https:\/\/intl.phonak.com\/ro-ro\/pierderea-auzului\/consulta-un-specialist-auz\/\"]}]},{\"@type\":\"ImageObject\",\"inLanguage\":\"ro-RO\",\"@id\":\"https:\/\/intl.phonak.com\/ro-ro\/pierderea-auzului\/consulta-un-specialist-auz\/#primaryimage\",\"url\":\"\",\"contentUrl\":\"\"},{\"@type\":\"BreadcrumbList\",\"@id\":\"https:\/\/intl.phonak.com\/ro-ro\/pierderea-auzului\/consulta-un-specialist-auz\/#breadcrumb\",\"itemListElement\":[{\"@type\":\"ListItem\",\"position\":1,\"name\":\"Home\",\"item\":\"https:\/\/intl.phonak.com\/ro-ro\/\"},{\"@type\":\"ListItem\",\"position\":2,\"name\":\"Pierderea auzului\",\"item\":\"https:\/\/intl.phonak.com\/ro-ro\/pierderea-auzului\/\"},{\"@type\":\"ListItem\",\"position\":3,\"name\":\"Merge\u021bi la un expert \u00een auz\"}]},{\"@type\":\"WebSite\",\"@id\":\"https:\/\/intl.phonak.com\/ro-ro\/#website\",\"url\":\"https:\/\/intl.phonak.com\/ro-ro\/\",\"name\":\"Phonak - Rom\u00e2nia\",\"description\":\"\",\"potentialAction\":[{\"@type\":\"SearchAction\",\"target\":{\"@type\":\"EntryPoint\",\"urlTemplate\":\"https:\/\/intl.phonak.com\/ro-ro\/?s={search_term_string}\"},\"query-input\":{\"@type\":\"PropertyValueSpecification\",\"valueRequired\":true,\"valueName\":\"search_term_string\"}}],\"inLanguage\":\"ro-RO\"}]}<\/script>\n<!-- \/ Yoast SEO plugin. -->","yoast_head_json":{"title":"Merge\u021bi la un expert \u00een auz - Phonak - Rom\u00e2nia","robots":{"index":"index","follow":"follow","max-snippet":"max-snippet:-1","max-image-preview":"max-image-preview:large","max-video-preview":"max-video-preview:-1"},"canonical":"https:\/\/intl.phonak.com\/main-english\/hearing-loss\/go-to-a-hearing-expert\/","og_locale":"ro_RO","og_type":"article","og_title":"Merge\u021bi la un expert \u00een auz - Phonak - Rom\u00e2nia","og_description":"La ce s\u0103 v\u0103 a\u0219tepta\u021bi Probabil c\u0103 v-a\u021bi \u00eentrebat deja ce se va \u00eent\u00e2mpla \u00een timpul unei consulta\u021bii de specialitate....","og_url":"https:\/\/intl.phonak.com\/ro-ro\/pierderea-auzului\/consulta-un-specialist-auz\/","og_site_name":"Phonak - Rom\u00e2nia","article_modified_time":"2025-07-18T09:54:15+00:00","twitter_card":"summary_large_image","twitter_misc":{"Est. reading time":"6 minutes"},"schema":{"@context":"https:\/\/schema.org","@graph":[{"@type":"WebPage","@id":"https:\/\/intl.phonak.com\/ro-ro\/pierderea-auzului\/consulta-un-specialist-auz\/","url":"https:\/\/intl.phonak.com\/ro-ro\/pierderea-auzului\/consulta-un-specialist-auz\/","name":"Merge\u021bi la un expert \u00een auz - Phonak - Rom\u00e2nia","isPartOf":{"@id":"https:\/\/intl.phonak.com\/ro-ro\/#website"},"primaryImageOfPage":{"@id":"https:\/\/intl.phonak.com\/ro-ro\/pierderea-auzului\/consulta-un-specialist-auz\/#primaryimage"},"image":{"@id":"https:\/\/intl.phonak.com\/ro-ro\/pierderea-auzului\/consulta-un-specialist-auz\/#primaryimage"},"thumbnailUrl":"https:\/\/intl.phonak.com\/ro-ro\/wp-content\/uploads\/sites\/3\/2023\/12\/Hearing-banner_HCPFittingClient_01-1.jpg","datePublished":"2021-11-29T21:39:57+00:00","dateModified":"2025-07-18T09:54:15+00:00","breadcrumb":{"@id":"https:\/\/intl.phonak.com\/ro-ro\/pierderea-auzului\/consulta-un-specialist-auz\/#breadcrumb"},"inLanguage":"ro-RO","potentialAction":[{"@type":"ReadAction","target":["https:\/\/intl.phonak.com\/ro-ro\/pierderea-auzului\/consulta-un-specialist-auz\/"]}]},{"@type":"ImageObject","inLanguage":"ro-RO","@id":"https:\/\/intl.phonak.com\/ro-ro\/pierderea-auzului\/consulta-un-specialist-auz\/#primaryimage","url":"","contentUrl":""},{"@type":"BreadcrumbList","@id":"https:\/\/intl.phonak.com\/ro-ro\/pierderea-auzului\/consulta-un-specialist-auz\/#breadcrumb","itemListElement":[{"@type":"ListItem","position":1,"name":"Home","item":"https:\/\/intl.phonak.com\/ro-ro\/"},{"@type":"ListItem","position":2,"name":"Pierderea auzului","item":"https:\/\/intl.phonak.com\/ro-ro\/pierderea-auzului\/"},{"@type":"ListItem","position":3,"name":"Merge\u021bi la un expert \u00een auz"}]},{"@type":"WebSite","@id":"https:\/\/intl.phonak.com\/ro-ro\/#website","url":"https:\/\/intl.phonak.com\/ro-ro\/","name":"Phonak - Rom\u00e2nia","description":"","potentialAction":[{"@type":"SearchAction","target":{"@type":"EntryPoint","urlTemplate":"https:\/\/intl.phonak.com\/ro-ro\/?s={search_term_string}"},"query-input":{"@type":"PropertyValueSpecification","valueRequired":true,"valueName":"search_term_string"}}],"inLanguage":"ro-RO"}]}},"jetpack_sharing_enabled":true,"distributor_meta":false,"distributor_terms":false,"distributor_media":false,"distributor_original_site_name":"Phonak -  Rom\u00e2nia","distributor_original_site_url":"https:\/\/intl.phonak.com\/ro-ro","push-errors":false,"_links":{"self":[{"href":"https:\/\/intl.phonak.com\/ro-ro\/wp-json\/wp\/v2\/pages\/550","targetHints":{"allow":["GET"]}}],"collection":[{"href":"https:\/\/intl.phonak.com\/ro-ro\/wp-json\/wp\/v2\/pages"}],"about":[{"href":"https:\/\/intl.phonak.com\/ro-ro\/wp-json\/wp\/v2\/types\/page"}],"author":[{"embeddable":true,"href":"https:\/\/intl.phonak.com\/ro-ro\/wp-json\/wp\/v2\/users\/5"}],"replies":[{"embeddable":true,"href":"https:\/\/intl.phonak.com\/ro-ro\/wp-json\/wp\/v2\/comments?post=550"}],"version-history":[{"count":10,"href":"https:\/\/intl.phonak.com\/ro-ro\/wp-json\/wp\/v2\/pages\/550\/revisions"}],"predecessor-version":[{"id":1523,"href":"https:\/\/intl.phonak.com\/ro-ro\/wp-json\/wp\/v2\/pages\/550\/revisions\/1523"}],"up":[{"embeddable":true,"href":"https:\/\/intl.phonak.com\/ro-ro\/wp-json\/wp\/v2\/pages\/528"}],"wp:attachment":[{"href":"https:\/\/intl.phonak.com\/ro-ro\/wp-json\/wp\/v2\/media?parent=550"}],"curies":[{"name":"wp","href":"https:\/\/api.w.org\/{rel}","templated":true}]}}