{"id":547,"date":"2021-11-30T14:36:50","date_gmt":"2021-11-30T14:36:50","guid":{"rendered":"https:\/\/intl.phonak.com\/ro-ro\/hearing-aid-customization\/"},"modified":"2025-07-11T08:28:39","modified_gmt":"2025-07-11T08:28:39","slug":"personalizare-aparat-auditiv","status":"publish","type":"page","link":"https:\/\/intl.phonak.com\/ro-ro\/pierderea-auzului\/personalizare-aparat-auditiv\/","title":{"rendered":"Personalizarea aparatelor auditive"},"content":{"rendered":"\n<div class=\"wp-block-cover alignfull is-light\"><img decoding=\"async\" class=\"wp-block-cover__image-background wp-image-5329\" alt=\"\" src=\"https:\/\/intl.phonak.com\/ro-ro\/wp-content\/uploads\/sites\/3\/2022\/03\/Banner-01.jpg\" style=\"object-position:16% 56%\" data-object-fit=\"cover\" data-object-position=\"16% 56%\"\/><span aria-hidden=\"true\" class=\"wp-block-cover__background has-light-grey-background-color has-background-dim\"><\/span><div class=\"wp-block-cover__inner-container is-layout-flow wp-block-cover-is-layout-flow\">\n<h1 class=\"wp-block-heading has-text-align-center has-dark-grey-color has-text-color\" id=\"your-personal-hearing-aid\">Aparatul dumneavoastr\u0103 auditiv<\/h1>\n\n\n\n<p class=\"has-text-align-center margin-bottom-0 is-style-default has-dark-grey-color has-text-color has-lead-font-size\">Reglarea unui aparat auditiv se face \u00een mai mul\u021bi pa\u0219i pentru a se potrivi pierderii auzului, formei urechii \u0219i obiceiurilor auditive.<\/p>\n<\/div><\/div>\n\n\n\n<div class=\"wp-block-group is-style-align-small is-layout-flow wp-block-group-is-layout-flow\" style=\"padding-top:0px\">\n<h3 class=\"wp-block-heading has-text-align-center has-blue-color has-text-color\" id=\"get-to-know-your-hearing-aid\">Cunoa\u0219te-\u021bi aparatul auditiv<\/h3>\n\n\n\n<p class=\"has-text-align-center\">Specialistul v\u0103 va oferi instruc\u021biuni detaliate: Cum s\u0103 introduce\u021bi dispozitivul, cum s\u0103 \u00eel utiliza\u021bi \u0219i cum s\u0103 controla\u021bi volumul. De asemenea, v\u0103 va explica \u00eentre\u021binerea, cum s\u0103 \u00eenlocui\u021bi bateriile, cur\u0103\u021barea \u0219i uscarea dispozitivelor. \u00cen cele din urm\u0103, ve\u021bi afla mai multe despre cum reac\u021bioneaz\u0103 aparatul auditiv \u00een diferite situa\u021bii auditive. Acum v\u0103 pute\u021bi lua noile aparate auditive acas\u0103.<\/p>\n<\/div>\n\n\n\n<div class=\"wp-block-group alignfull has-light-grey-background-color has-background is-layout-flow wp-block-group-is-layout-flow\">\n<div class=\"wp-block-group is-style-align-small is-layout-flow wp-block-group-is-layout-flow\">\n<h3 class=\"wp-block-heading has-text-align-center has-blue-color has-text-color\" id=\"first-days-with-your-new-hearing-aid\">Primele zile cu noul aparat auditiv<\/h3>\n\n\n\n<p class=\"has-text-align-center\">\u00cen primele zile, ar trebui s\u0103 v\u0103 familiariza\u021bi cu noul aparat auditiv. La \u00eenceput, ar trebui s\u0103-l purta\u021bi c\u00e2teva ore pe zi \u00eentr-un mediu familiar. Unele lucruri pot p\u0103rea ciudate pentru tine \u00een aceast\u0103 perioad\u0103. Cel mai bun mod de a explora noua senza\u021bie de auz este s\u0103 vorbe\u0219ti cu oamenii sau s\u0103 te ui\u021bi la televizor. Propria ta voce poate suna ciudat sau prea tare pentru tine, deoarece este posibil s\u0103 fi dezvoltat un obicei de a vorbi prea tare pentru a-\u021bi auzi propria voce. Exersa\u021bi vorbirea mai \u00eencet. Scrie\u021bi-v\u0103 experien\u021bele \u2013 va ajuta specialistul s\u0103 v\u0103 regla\u021bi aparatul auditiv.<\/p>\n\n\n\n<p class=\"has-text-align-center is-style-default\"><a href=\"https:\/\/intl.phonak.com\/ro-ro\/pierderea-auzului\/intretinerea-aparatelor-auditive\/\">Ob\u021bine\u021bi asisten\u021b\u0103 suplimentar\u0103 din videoclipurile noastre despre \u00eentre\u021binerea aparatelor auditive<\/a><\/p>\n<\/div>\n<\/div>\n\n\n\n<div class=\"wp-block-group is-style-align-small is-layout-flow wp-block-group-is-layout-flow\">\n<h3 class=\"wp-block-heading has-text-align-center has-blue-color has-text-color\" id=\"final-adjustment-by-your-hearing-care-professional\">Reglarea final\u0103 de c\u0103tre specialistul dumneavoastr\u0103<\/h3>\n\n\n\n<p class=\"has-text-align-center\">Acum ve\u021bi avea ocazia s\u0103 discuta\u021bi despre primele experien\u021be cu specialistul.. Aparatul auditiv va fi apoi ajustat pentru a se potrivi nevoilor tale specifice. Specialistul v\u0103 va r\u0103spunde la toate \u00eentreb\u0103rile \u0219i v\u0103 va oferi sfaturi generale. Aparatul auditiv poate fi ajustat la aceast\u0103 \u00eent\u00e2lnire pentru a v\u0103 \u00eembun\u0103t\u0103\u021bi \u0219i mai mult confortul \u0219i \u00een\u021belegerea vorbirii.<\/p>\n\n\n\n<p class=\"has-text-align-center\">Acum ve\u021bi intra \u00eentr-o faz\u0103 \u00een care pute\u021bi rec\u00e2\u0219tiga pu\u021bin calitatea vie\u021bii \u00een fiecare zi. Continua\u021bi s\u0103 utiliza\u021bi aparatul auditiv c\u00e2teva ore pe zi. Nu v\u0103 gr\u0103bi\u021bi. Ve\u021bi \u00eenv\u0103\u021ba cum s\u0103 utiliza\u021bi c\u00e2t mai bine aparatul auditiv \u0219i \u00een cur\u00e2nd v\u0103 ve\u021bi bucura de toate beneficiile pe care le are de oferit.<\/p>\n\n\n\n<div class=\"wp-block-buttons is-horizontal is-content-justification-center is-layout-flex wp-container-core-buttons-is-layout-499968f5 wp-block-buttons-is-layout-flex\">\n<div class=\"wp-block-button is-style-download\"><a class=\"wp-block-button__link wp-element-button\" href=\"https:\/\/intl.phonak.com\/ro-ro\/wp-content\/uploads\/sites\/3\/2024\/10\/PH_Pamphlet_ReviveYourHearingPreviewIntl_94x210_EN_028-0776-02.pdf\" target=\"_blank\" rel=\"noreferrer noopener\">Reda\u021bi-v\u0103 auzul<\/a><\/div>\n<\/div>\n<\/div>\n\n\n\n<p class=\"has-text-align-center\"><a href=\"https:\/\/intl.phonak.com\/ro-ro\/solutii\/\">Afla\u021bi despre solu\u021biile auditive<\/a><\/p>\n\n\n\n<div class=\"wp-block-media-text is-stacked-on-mobile cta-block\" style=\"grid-template-columns:35% auto\"><figure class=\"wp-block-media-text__media\"><img decoding=\"async\" src=\"https:\/\/intl.phonak.com\/main-english\/wp-content\/uploads\/sites\/3\/2021\/11\/cta-image.jpg?w=401\" alt=\"\" class=\"wp-image-6738 size-full\"\/><\/figure><div class=\"wp-block-media-text__content\">\n<div class=\"wp-block-create-block-icon-selector\"><i class=\"fal fa-map-marker-alt\"><\/i><\/div>   \n<h3 class=\"wp-block-heading\">Exper\u021bi \u00een auz \u00een apropiere<\/h3>   <p>Profesioni\u0219tii din domeniul auzului v\u0103 pot ajuta s\u0103 face\u021bi alegerea perfect\u0103 pentru dvs. Ei vor lua \u00een considerare nevoile dvs. auditive, bugetul, stilul de via\u021b\u0103 \u0219i preferin\u021bele auditive individuale. <\/p>   <div class=\"wp-block-buttons is-layout-flex wp-block-buttons-is-layout-flex\">\n<div class=\"wp-block-button is-style-marker-green\"><a class=\"wp-block-button__link wp-element-button\" href=\"https:\/\/intl.phonak.com\/main-english\/find-an-expert\/\">G\u0103si\u021bi un expert<\/a><\/div>\n<\/div>\n<\/div><\/div> ","protected":false},"excerpt":{"rendered":"<p>Cunoa\u0219te-\u021bi aparatul auditiv Specialistul v\u0103 va oferi instruc\u021biuni detaliate: Cum s\u0103 introduce\u021bi dispozitivul, cum s\u0103 \u00eel utiliza\u021bi \u0219i cum s\u0103&#8230;<\/p>\n","protected":false},"author":5,"featured_media":0,"parent":528,"menu_order":0,"comment_status":"closed","ping_status":"closed","template":"","meta":{"_acf_changed":false,"inline_featured_image":false,"footnotes":""},"class_list":["post-547","page","type-page","status-publish","hentry"],"acf":[],"yoast_head":"<!-- This site is optimized with the Yoast SEO plugin v26.9 - https:\/\/yoast.com\/product\/yoast-seo-wordpress\/ -->\n<title>Personalizarea aparatelor auditive - Phonak - Rom\u00e2nia<\/title>\n<meta name=\"robots\" content=\"index, follow, max-snippet:-1, max-image-preview:large, max-video-preview:-1\" \/>\n<link rel=\"canonical\" href=\"https:\/\/intl.phonak.com\/main-english\/hearing-loss\/hearing-aid-customization\/\" \/>\n<meta property=\"og:locale\" content=\"ro_RO\" \/>\n<meta property=\"og:type\" content=\"article\" \/>\n<meta property=\"og:title\" content=\"Personalizarea aparatelor auditive - Phonak - Rom\u00e2nia\" \/>\n<meta property=\"og:description\" content=\"Cunoa\u0219te-\u021bi aparatul auditiv Specialistul v\u0103 va oferi instruc\u021biuni detaliate: Cum s\u0103 introduce\u021bi dispozitivul, cum s\u0103 \u00eel utiliza\u021bi \u0219i cum s\u0103...\" \/>\n<meta property=\"og:url\" content=\"https:\/\/intl.phonak.com\/ro-ro\/pierderea-auzului\/personalizare-aparat-auditiv\/\" \/>\n<meta property=\"og:site_name\" content=\"Phonak - Rom\u00e2nia\" \/>\n<meta property=\"article:modified_time\" content=\"2025-07-11T08:28:39+00:00\" \/>\n<meta name=\"twitter:card\" content=\"summary_large_image\" \/>\n<meta name=\"twitter:label1\" content=\"Est. reading time\" \/>\n\t<meta name=\"twitter:data1\" content=\"3 minutes\" \/>\n<script type=\"application\/ld+json\" class=\"yoast-schema-graph\">{\"@context\":\"https:\/\/schema.org\",\"@graph\":[{\"@type\":\"WebPage\",\"@id\":\"https:\/\/intl.phonak.com\/ro-ro\/pierderea-auzului\/personalizare-aparat-auditiv\/\",\"url\":\"https:\/\/intl.phonak.com\/ro-ro\/pierderea-auzului\/personalizare-aparat-auditiv\/\",\"name\":\"Personalizarea aparatelor auditive - Phonak - Rom\u00e2nia\",\"isPartOf\":{\"@id\":\"https:\/\/intl.phonak.com\/ro-ro\/#website\"},\"primaryImageOfPage\":{\"@id\":\"https:\/\/intl.phonak.com\/ro-ro\/pierderea-auzului\/personalizare-aparat-auditiv\/#primaryimage\"},\"image\":{\"@id\":\"https:\/\/intl.phonak.com\/ro-ro\/pierderea-auzului\/personalizare-aparat-auditiv\/#primaryimage\"},\"thumbnailUrl\":\"https:\/\/intl.phonak.com\/ro-ro\/wp-content\/uploads\/sites\/3\/2022\/03\/Banner-01.jpg\",\"datePublished\":\"2021-11-30T14:36:50+00:00\",\"dateModified\":\"2025-07-11T08:28:39+00:00\",\"breadcrumb\":{\"@id\":\"https:\/\/intl.phonak.com\/ro-ro\/pierderea-auzului\/personalizare-aparat-auditiv\/#breadcrumb\"},\"inLanguage\":\"ro-RO\",\"potentialAction\":[{\"@type\":\"ReadAction\",\"target\":[\"https:\/\/intl.phonak.com\/ro-ro\/pierderea-auzului\/personalizare-aparat-auditiv\/\"]}]},{\"@type\":\"ImageObject\",\"inLanguage\":\"ro-RO\",\"@id\":\"https:\/\/intl.phonak.com\/ro-ro\/pierderea-auzului\/personalizare-aparat-auditiv\/#primaryimage\",\"url\":\"\",\"contentUrl\":\"\"},{\"@type\":\"BreadcrumbList\",\"@id\":\"https:\/\/intl.phonak.com\/ro-ro\/pierderea-auzului\/personalizare-aparat-auditiv\/#breadcrumb\",\"itemListElement\":[{\"@type\":\"ListItem\",\"position\":1,\"name\":\"Home\",\"item\":\"https:\/\/intl.phonak.com\/ro-ro\/\"},{\"@type\":\"ListItem\",\"position\":2,\"name\":\"Pierderea auzului\",\"item\":\"https:\/\/intl.phonak.com\/ro-ro\/pierderea-auzului\/\"},{\"@type\":\"ListItem\",\"position\":3,\"name\":\"Personalizarea aparatelor auditive\"}]},{\"@type\":\"WebSite\",\"@id\":\"https:\/\/intl.phonak.com\/ro-ro\/#website\",\"url\":\"https:\/\/intl.phonak.com\/ro-ro\/\",\"name\":\"Phonak - Rom\u00e2nia\",\"description\":\"\",\"potentialAction\":[{\"@type\":\"SearchAction\",\"target\":{\"@type\":\"EntryPoint\",\"urlTemplate\":\"https:\/\/intl.phonak.com\/ro-ro\/?s={search_term_string}\"},\"query-input\":{\"@type\":\"PropertyValueSpecification\",\"valueRequired\":true,\"valueName\":\"search_term_string\"}}],\"inLanguage\":\"ro-RO\"}]}<\/script>\n<!-- \/ Yoast SEO plugin. -->","yoast_head_json":{"title":"Personalizarea aparatelor auditive - Phonak - Rom\u00e2nia","robots":{"index":"index","follow":"follow","max-snippet":"max-snippet:-1","max-image-preview":"max-image-preview:large","max-video-preview":"max-video-preview:-1"},"canonical":"https:\/\/intl.phonak.com\/main-english\/hearing-loss\/hearing-aid-customization\/","og_locale":"ro_RO","og_type":"article","og_title":"Personalizarea aparatelor auditive - Phonak - Rom\u00e2nia","og_description":"Cunoa\u0219te-\u021bi aparatul auditiv Specialistul v\u0103 va oferi instruc\u021biuni detaliate: Cum s\u0103 introduce\u021bi dispozitivul, cum s\u0103 \u00eel utiliza\u021bi \u0219i cum s\u0103...","og_url":"https:\/\/intl.phonak.com\/ro-ro\/pierderea-auzului\/personalizare-aparat-auditiv\/","og_site_name":"Phonak - Rom\u00e2nia","article_modified_time":"2025-07-11T08:28:39+00:00","twitter_card":"summary_large_image","twitter_misc":{"Est. reading time":"3 minutes"},"schema":{"@context":"https:\/\/schema.org","@graph":[{"@type":"WebPage","@id":"https:\/\/intl.phonak.com\/ro-ro\/pierderea-auzului\/personalizare-aparat-auditiv\/","url":"https:\/\/intl.phonak.com\/ro-ro\/pierderea-auzului\/personalizare-aparat-auditiv\/","name":"Personalizarea aparatelor auditive - Phonak - Rom\u00e2nia","isPartOf":{"@id":"https:\/\/intl.phonak.com\/ro-ro\/#website"},"primaryImageOfPage":{"@id":"https:\/\/intl.phonak.com\/ro-ro\/pierderea-auzului\/personalizare-aparat-auditiv\/#primaryimage"},"image":{"@id":"https:\/\/intl.phonak.com\/ro-ro\/pierderea-auzului\/personalizare-aparat-auditiv\/#primaryimage"},"thumbnailUrl":"https:\/\/intl.phonak.com\/ro-ro\/wp-content\/uploads\/sites\/3\/2022\/03\/Banner-01.jpg","datePublished":"2021-11-30T14:36:50+00:00","dateModified":"2025-07-11T08:28:39+00:00","breadcrumb":{"@id":"https:\/\/intl.phonak.com\/ro-ro\/pierderea-auzului\/personalizare-aparat-auditiv\/#breadcrumb"},"inLanguage":"ro-RO","potentialAction":[{"@type":"ReadAction","target":["https:\/\/intl.phonak.com\/ro-ro\/pierderea-auzului\/personalizare-aparat-auditiv\/"]}]},{"@type":"ImageObject","inLanguage":"ro-RO","@id":"https:\/\/intl.phonak.com\/ro-ro\/pierderea-auzului\/personalizare-aparat-auditiv\/#primaryimage","url":"","contentUrl":""},{"@type":"BreadcrumbList","@id":"https:\/\/intl.phonak.com\/ro-ro\/pierderea-auzului\/personalizare-aparat-auditiv\/#breadcrumb","itemListElement":[{"@type":"ListItem","position":1,"name":"Home","item":"https:\/\/intl.phonak.com\/ro-ro\/"},{"@type":"ListItem","position":2,"name":"Pierderea auzului","item":"https:\/\/intl.phonak.com\/ro-ro\/pierderea-auzului\/"},{"@type":"ListItem","position":3,"name":"Personalizarea aparatelor auditive"}]},{"@type":"WebSite","@id":"https:\/\/intl.phonak.com\/ro-ro\/#website","url":"https:\/\/intl.phonak.com\/ro-ro\/","name":"Phonak - Rom\u00e2nia","description":"","potentialAction":[{"@type":"SearchAction","target":{"@type":"EntryPoint","urlTemplate":"https:\/\/intl.phonak.com\/ro-ro\/?s={search_term_string}"},"query-input":{"@type":"PropertyValueSpecification","valueRequired":true,"valueName":"search_term_string"}}],"inLanguage":"ro-RO"}]}},"jetpack_sharing_enabled":true,"distributor_meta":false,"distributor_terms":false,"distributor_media":false,"distributor_original_site_name":"Phonak -  Rom\u00e2nia","distributor_original_site_url":"https:\/\/intl.phonak.com\/ro-ro","push-errors":false,"_links":{"self":[{"href":"https:\/\/intl.phonak.com\/ro-ro\/wp-json\/wp\/v2\/pages\/547","targetHints":{"allow":["GET"]}}],"collection":[{"href":"https:\/\/intl.phonak.com\/ro-ro\/wp-json\/wp\/v2\/pages"}],"about":[{"href":"https:\/\/intl.phonak.com\/ro-ro\/wp-json\/wp\/v2\/types\/page"}],"author":[{"embeddable":true,"href":"https:\/\/intl.phonak.com\/ro-ro\/wp-json\/wp\/v2\/users\/5"}],"replies":[{"embeddable":true,"href":"https:\/\/intl.phonak.com\/ro-ro\/wp-json\/wp\/v2\/comments?post=547"}],"version-history":[{"count":9,"href":"https:\/\/intl.phonak.com\/ro-ro\/wp-json\/wp\/v2\/pages\/547\/revisions"}],"predecessor-version":[{"id":1492,"href":"https:\/\/intl.phonak.com\/ro-ro\/wp-json\/wp\/v2\/pages\/547\/revisions\/1492"}],"up":[{"embeddable":true,"href":"https:\/\/intl.phonak.com\/ro-ro\/wp-json\/wp\/v2\/pages\/528"}],"wp:attachment":[{"href":"https:\/\/intl.phonak.com\/ro-ro\/wp-json\/wp\/v2\/media?parent=547"}],"curies":[{"name":"wp","href":"https:\/\/api.w.org\/{rel}","templated":true}]}}