{"id":540,"date":"2021-12-01T18:05:35","date_gmt":"2021-12-01T18:05:35","guid":{"rendered":"https:\/\/intl.phonak.com\/ro-ro\/sitemap\/"},"modified":"2026-04-21T17:08:34","modified_gmt":"2026-04-21T17:08:34","slug":"sitemap","status":"publish","type":"page","link":"https:\/\/intl.phonak.com\/ro-ro\/sitemap\/","title":{"rendered":"Sitemap"},"content":{"rendered":"<div class=\"sitemap\">\n\t<ul>\n\t<li class=\"page_item page-item-571\"><a href=\"https:\/\/intl.phonak.com\/ro-ro\/contact\/\">Contacteaz\u0103-ne<\/a><\/li>\n<li class=\"page_item page-item-509\"><a href=\"https:\/\/intl.phonak.com\/ro-ro\/cookie-privacy-notice\/\">Cookie Privacy Notice<\/a><\/li>\n<li class=\"page_item page-item-574\"><a href=\"https:\/\/intl.phonak.com\/ro-ro\/despre\/\">Despre<\/a><\/li>\n<li class=\"page_item page-item-577\"><a href=\"https:\/\/intl.phonak.com\/ro-ro\/\">Domiciliu<\/a><\/li>\n<li class=\"page_item page-item-1826\"><a href=\"https:\/\/intl.phonak.com\/ro-ro\/for-professionals\/\">For Professionals<\/a><\/li>\n<li class=\"page_item page-item-569\"><a href=\"https:\/\/intl.phonak.com\/ro-ro\/gaseste-un-specialist\/\">G\u0103si\u021bi un expert<\/a><\/li>\n<li class=\"page_item page-item-522\"><a href=\"https:\/\/intl.phonak.com\/ro-ro\/pediatric-center\/\">Pediatric Center<\/a><\/li>\n<li class=\"page_item page-item-528 page_item_has_children\"><a href=\"https:\/\/intl.phonak.com\/ro-ro\/pierderea-auzului\/\">Pierderea auzului<\/a>\n<ul class='children'>\n\t<li class=\"page_item page-item-553\"><a href=\"https:\/\/intl.phonak.com\/ro-ro\/pierderea-auzului\/cauze-pierdere-auz\/\">Cauzele pierderii auzului<\/a><\/li>\n\t<li class=\"page_item page-item-550\"><a href=\"https:\/\/intl.phonak.com\/ro-ro\/pierderea-auzului\/consulta-un-specialist-auz\/\">Merge\u021bi la un expert \u00een auz<\/a><\/li>\n\t<li class=\"page_item page-item-547\"><a href=\"https:\/\/intl.phonak.com\/ro-ro\/pierderea-auzului\/personalizare-aparat-auditiv\/\">Personalizarea aparatelor auditive<\/a><\/li>\n\t<li class=\"page_item page-item-525\"><a href=\"https:\/\/intl.phonak.com\/ro-ro\/pierderea-auzului\/phonak-auz-bun-viata-buna\/\">Phonak un auz bun \u00eenseamn\u0103 bun\u0103stare\u2122<\/a><\/li>\n\t<li class=\"page_item page-item-1221\"><a href=\"https:\/\/intl.phonak.com\/ro-ro\/pierderea-auzului\/intretinerea-aparatelor-auditive\/\">Videoclipuri de \u00eentre\u021binere a aparatelor auditive<\/a><\/li>\n<\/ul>\n<\/li>\n<li class=\"page_item page-item-511\"><a href=\"https:\/\/intl.phonak.com\/ro-ro\/privacy-notice\/\">Privacy Notice<\/a><\/li>\n<li class=\"page_item page-item-542\"><a href=\"https:\/\/intl.phonak.com\/ro-ro\/privacy-policy\/\">Privacy Policy<\/a><\/li>\n<li class=\"page_item page-item-534\"><a href=\"https:\/\/intl.phonak.com\/ro-ro\/protectii-auditive\/\">Protec\u021bii auditive<\/a><\/li>\n<li class=\"page_item page-item-540\"><a href=\"https:\/\/intl.phonak.com\/ro-ro\/sitemap\/\">Sitemap<\/a><\/li>\n<li class=\"page_item page-item-516 page_item_has_children\"><a href=\"https:\/\/intl.phonak.com\/ro-ro\/solutii\/\">Solu\u0163ii<\/a>\n<ul class='children'>\n\t<li class=\"page_item page-item-559\"><a href=\"https:\/\/intl.phonak.com\/ro-ro\/solutii\/accesorii\/\">Accesorii<\/a><\/li>\n\t<li class=\"page_item page-item-538\"><a href=\"https:\/\/intl.phonak.com\/ro-ro\/solutii\/aparate-auditive\/\">Aparate auditive<\/a><\/li>\n\t<li class=\"page_item page-item-563\"><a href=\"https:\/\/intl.phonak.com\/ro-ro\/solutii\/descarcari\/\">Desc\u0103rc\u0103ri<\/a><\/li>\n\t<li class=\"page_item page-item-565\"><a href=\"https:\/\/intl.phonak.com\/ro-ro\/solutii\/produse\/\">Produse<\/a><\/li>\n\t<li class=\"page_item page-item-513\"><a href=\"https:\/\/intl.phonak.com\/ro-ro\/solutii\/roger-pentru-educatie\/\">Roger\u2122 pentru educa\u021bie<\/a><\/li>\n\t<li class=\"page_item page-item-556\"><a href=\"https:\/\/intl.phonak.com\/ro-ro\/solutii\/solutii-pediatrice\/\">Solu\u021bii pediatrice<\/a><\/li>\n\t<li class=\"page_item page-item-544\"><a href=\"https:\/\/intl.phonak.com\/ro-ro\/solutii\/stiluri-aparate-auditive\/\">Stiluri de aparate auditive<\/a><\/li>\n\t<li class=\"page_item page-item-519\"><a href=\"https:\/\/intl.phonak.com\/ro-ro\/solutii\/tehnologie-roger\/\">Tehnologia Roger\u2122<\/a><\/li>\n<\/ul>\n<\/li>\n<li class=\"page_item page-item-507\"><a href=\"https:\/\/intl.phonak.com\/ro-ro\/terms-of-use\/\">Terms of use<\/a><\/li>\n<li class=\"page_item page-item-531\"><a href=\"https:\/\/intl.phonak.com\/ro-ro\/testare-auditiva\/\">Test de auz online<\/a><\/li>\n<li class=\"page_item page-item-505\"><a href=\"https:\/\/intl.phonak.com\/ro-ro\/web-privacy-cookie-policy\/\">Web Privacy &#038; Cookie Policy<\/a><\/li>\n\t<\/ul>\n<\/div>\n\n\n\n<div style=\"height:40px\" aria-hidden=\"true\" class=\"wp-block-spacer\"><\/div>\n","protected":false},"excerpt":{"rendered":"","protected":false},"author":5,"featured_media":0,"parent":0,"menu_order":0,"comment_status":"closed","ping_status":"closed","template":"","meta":{"_acf_changed":false,"inline_featured_image":false,"footnotes":""},"class_list":["post-540","page","type-page","status-publish","hentry"],"acf":[],"yoast_head":"<!-- This site is optimized with the Yoast SEO plugin v26.9 - https:\/\/yoast.com\/product\/yoast-seo-wordpress\/ -->\n<title>Sitemap - Phonak - Rom\u00e2nia<\/title>\n<meta name=\"robots\" content=\"index, follow, max-snippet:-1, max-image-preview:large, max-video-preview:-1\" \/>\n<link rel=\"canonical\" href=\"https:\/\/intl.phonak.com\/main-english\/sitemap\/\" \/>\n<meta property=\"og:locale\" content=\"ro_RO\" \/>\n<meta property=\"og:type\" content=\"article\" \/>\n<meta property=\"og:title\" content=\"Sitemap - Phonak - Rom\u00e2nia\" \/>\n<meta property=\"og:url\" content=\"https:\/\/intl.phonak.com\/ro-ro\/sitemap\/\" \/>\n<meta property=\"og:site_name\" content=\"Phonak - Rom\u00e2nia\" \/>\n<meta property=\"article:modified_time\" content=\"2026-04-21T17:08:34+00:00\" \/>\n<meta name=\"twitter:card\" content=\"summary_large_image\" \/>\n<script type=\"application\/ld+json\" class=\"yoast-schema-graph\">{\"@context\":\"https:\/\/schema.org\",\"@graph\":[{\"@type\":\"WebPage\",\"@id\":\"https:\/\/intl.phonak.com\/ro-ro\/harta-site\/\",\"url\":\"https:\/\/intl.phonak.com\/ro-ro\/harta-site\/\",\"name\":\"Sitemap - Phonak - Rom\u00e2nia\",\"isPartOf\":{\"@id\":\"https:\/\/intl.phonak.com\/ro-ro\/#website\"},\"datePublished\":\"2021-12-01T18:05:35+00:00\",\"dateModified\":\"2026-04-21T17:08:34+00:00\",\"breadcrumb\":{\"@id\":\"https:\/\/intl.phonak.com\/ro-ro\/harta-site\/#breadcrumb\"},\"inLanguage\":\"ro-RO\",\"potentialAction\":[{\"@type\":\"ReadAction\",\"target\":[\"https:\/\/intl.phonak.com\/ro-ro\/harta-site\/\"]}]},{\"@type\":\"BreadcrumbList\",\"@id\":\"https:\/\/intl.phonak.com\/ro-ro\/harta-site\/#breadcrumb\",\"itemListElement\":[{\"@type\":\"ListItem\",\"position\":1,\"name\":\"Home\",\"item\":\"https:\/\/intl.phonak.com\/ro-ro\/\"},{\"@type\":\"ListItem\",\"position\":2,\"name\":\"Sitemap\"}]},{\"@type\":\"WebSite\",\"@id\":\"https:\/\/intl.phonak.com\/ro-ro\/#website\",\"url\":\"https:\/\/intl.phonak.com\/ro-ro\/\",\"name\":\"Phonak - Rom\u00e2nia\",\"description\":\"\",\"potentialAction\":[{\"@type\":\"SearchAction\",\"target\":{\"@type\":\"EntryPoint\",\"urlTemplate\":\"https:\/\/intl.phonak.com\/ro-ro\/?s={search_term_string}\"},\"query-input\":{\"@type\":\"PropertyValueSpecification\",\"valueRequired\":true,\"valueName\":\"search_term_string\"}}],\"inLanguage\":\"ro-RO\"}]}<\/script>\n<!-- \/ Yoast SEO plugin. -->","yoast_head_json":{"title":"Sitemap - Phonak - Rom\u00e2nia","robots":{"index":"index","follow":"follow","max-snippet":"max-snippet:-1","max-image-preview":"max-image-preview:large","max-video-preview":"max-video-preview:-1"},"canonical":"https:\/\/intl.phonak.com\/main-english\/sitemap\/","og_locale":"ro_RO","og_type":"article","og_title":"Sitemap - Phonak - Rom\u00e2nia","og_url":"https:\/\/intl.phonak.com\/ro-ro\/sitemap\/","og_site_name":"Phonak - Rom\u00e2nia","article_modified_time":"2026-04-21T17:08:34+00:00","twitter_card":"summary_large_image","schema":{"@context":"https:\/\/schema.org","@graph":[{"@type":"WebPage","@id":"https:\/\/intl.phonak.com\/ro-ro\/harta-site\/","url":"https:\/\/intl.phonak.com\/ro-ro\/harta-site\/","name":"Sitemap - Phonak - Rom\u00e2nia","isPartOf":{"@id":"https:\/\/intl.phonak.com\/ro-ro\/#website"},"datePublished":"2021-12-01T18:05:35+00:00","dateModified":"2026-04-21T17:08:34+00:00","breadcrumb":{"@id":"https:\/\/intl.phonak.com\/ro-ro\/harta-site\/#breadcrumb"},"inLanguage":"ro-RO","potentialAction":[{"@type":"ReadAction","target":["https:\/\/intl.phonak.com\/ro-ro\/harta-site\/"]}]},{"@type":"BreadcrumbList","@id":"https:\/\/intl.phonak.com\/ro-ro\/harta-site\/#breadcrumb","itemListElement":[{"@type":"ListItem","position":1,"name":"Home","item":"https:\/\/intl.phonak.com\/ro-ro\/"},{"@type":"ListItem","position":2,"name":"Sitemap"}]},{"@type":"WebSite","@id":"https:\/\/intl.phonak.com\/ro-ro\/#website","url":"https:\/\/intl.phonak.com\/ro-ro\/","name":"Phonak - Rom\u00e2nia","description":"","potentialAction":[{"@type":"SearchAction","target":{"@type":"EntryPoint","urlTemplate":"https:\/\/intl.phonak.com\/ro-ro\/?s={search_term_string}"},"query-input":{"@type":"PropertyValueSpecification","valueRequired":true,"valueName":"search_term_string"}}],"inLanguage":"ro-RO"}]}},"jetpack_sharing_enabled":true,"distributor_meta":false,"distributor_terms":false,"distributor_media":false,"distributor_original_site_name":"Phonak -  Rom\u00e2nia","distributor_original_site_url":"https:\/\/intl.phonak.com\/ro-ro","push-errors":false,"_links":{"self":[{"href":"https:\/\/intl.phonak.com\/ro-ro\/wp-json\/wp\/v2\/pages\/540","targetHints":{"allow":["GET"]}}],"collection":[{"href":"https:\/\/intl.phonak.com\/ro-ro\/wp-json\/wp\/v2\/pages"}],"about":[{"href":"https:\/\/intl.phonak.com\/ro-ro\/wp-json\/wp\/v2\/types\/page"}],"author":[{"embeddable":true,"href":"https:\/\/intl.phonak.com\/ro-ro\/wp-json\/wp\/v2\/users\/5"}],"replies":[{"embeddable":true,"href":"https:\/\/intl.phonak.com\/ro-ro\/wp-json\/wp\/v2\/comments?post=540"}],"version-history":[{"count":1,"href":"https:\/\/intl.phonak.com\/ro-ro\/wp-json\/wp\/v2\/pages\/540\/revisions"}],"predecessor-version":[{"id":541,"href":"https:\/\/intl.phonak.com\/ro-ro\/wp-json\/wp\/v2\/pages\/540\/revisions\/541"}],"wp:attachment":[{"href":"https:\/\/intl.phonak.com\/ro-ro\/wp-json\/wp\/v2\/media?parent=540"}],"curies":[{"name":"wp","href":"https:\/\/api.w.org\/{rel}","templated":true}]}}