{"id":538,"date":"2021-12-02T15:55:10","date_gmt":"2021-12-02T15:55:10","guid":{"rendered":"https:\/\/intl.phonak.com\/ro-ro\/hearing-aids\/"},"modified":"2026-02-24T13:11:41","modified_gmt":"2026-02-24T13:11:41","slug":"aparate-auditive","status":"publish","type":"page","link":"https:\/\/intl.phonak.com\/ro-ro\/solutii\/aparate-auditive\/","title":{"rendered":"Aparate auditive"},"content":{"rendered":"\n<div class=\"wp-block-cover alignfull is-light\"><img loading=\"lazy\" decoding=\"async\" width=\"3802\" height=\"860\" class=\"wp-block-cover__image-background wp-image-1764 size-large\" alt=\"\" src=\"https:\/\/intl.phonak.com\/ro-ro\/wp-content\/uploads\/sites\/62\/2026\/02\/Banner_Hearing-aids.jpg?w=1024\" data-object-fit=\"cover\" srcset=\"https:\/\/intl.phonak.com\/ro-ro\/wp-content\/uploads\/sites\/62\/2026\/02\/Banner_Hearing-aids.jpg 3802w, https:\/\/intl.phonak.com\/ro-ro\/wp-content\/uploads\/sites\/62\/2026\/02\/Banner_Hearing-aids.jpg?resize=300,68 300w, https:\/\/intl.phonak.com\/ro-ro\/wp-content\/uploads\/sites\/62\/2026\/02\/Banner_Hearing-aids.jpg?resize=768,174 768w, https:\/\/intl.phonak.com\/ro-ro\/wp-content\/uploads\/sites\/62\/2026\/02\/Banner_Hearing-aids.jpg?resize=1024,232 1024w, https:\/\/intl.phonak.com\/ro-ro\/wp-content\/uploads\/sites\/62\/2026\/02\/Banner_Hearing-aids.jpg?resize=1536,347 1536w, https:\/\/intl.phonak.com\/ro-ro\/wp-content\/uploads\/sites\/62\/2026\/02\/Banner_Hearing-aids.jpg?resize=2048,463 2048w\" sizes=\"auto, (max-width: 3802px) 100vw, 3802px\" \/><span aria-hidden=\"true\" class=\"wp-block-cover__background has-white-background-color has-background-dim-40 has-background-dim\"><\/span><div class=\"wp-block-cover__inner-container is-layout-flow wp-block-cover-is-layout-flow\">\n<h1 class=\"wp-block-heading has-text-align-center has-dark-grey-color has-text-color\" id=\"participate-fully-in-life\">Particip\u0103 pe deplin la via\u021b\u0103<\/h1>\n\n\n\n<p class=\"has-text-align-center margin-bottom-0 has-dark-grey-color has-text-color has-lead-font-size\">Bucur\u0103-te de mai multe momente magice ale vie\u021bii<\/p>\n<\/div><\/div>\n\n\n\n<div class=\"wp-block-group is-style-align-small is-layout-flow wp-block-group-is-layout-flow\" style=\"padding-top:0px\">\n<h2 class=\"wp-block-heading has-text-align-center\" id=\"phonak-hearing-aids-flexible-forms-colors-and-styles\">Aparate auditive Phonak &#8211; <\/h2>\n\n\n\n<h2 class=\"wp-block-heading has-text-align-center\" id=\"phonak-hearing-aids-flexible-forms-colors-and-styles\">Forme, culori \u0219i stiluri flexibile<\/h2>\n\n\n\n<p class=\"has-text-align-center\">Phonak are aparatul auditiv potrivit pentru tine &#8211; indiferent de tipul t\u0103u de pierdere a auzului, stilul de via\u021b\u0103, preferin\u021bele personale, v\u00e2rsta sau bugetul t\u0103u. Am decis s\u0103 dezvolt\u0103m solu\u021bii auditive remarcabile pentru toat\u0103 lumea. Pute\u021bi g\u0103si mai multe detalii despre aceste produse mai jos sau pute\u021bi \u00eentreba audiologi\u0219tii.<\/p>\n<\/div>\n\n\n\n<div\n\tclass=\"wp-block-phonak-products is-forntend alignwide\"\n\tdata-attributes=\"{&quot;categories&quot;:&quot;3&quot;,&quot;perPage&quot;:&quot;9&quot;,&quot;defaultCategories&quot;:[3],&quot;align&quot;:&quot;wide&quot;,&quot;showPagination&quot;:true,&quot;showFilter&quot;:true,&quot;enabledFilters&quot;:[&quot;platforms&quot;,&quot;categories&quot;,&quot;productTypes&quot;],&quot;defaultPlatforms&quot;:[],&quot;defaultProductTypes&quot;:[]}\"\n\tdata-locale=\"ro_RO\">\n<\/div>\n","protected":false},"excerpt":{"rendered":"<p>Aparate auditive Phonak &#8211; Forme, culori \u0219i stiluri flexibile Phonak are aparatul auditiv potrivit pentru tine &#8211; indiferent de tipul&#8230;<\/p>\n","protected":false},"author":5,"featured_media":0,"parent":516,"menu_order":0,"comment_status":"closed","ping_status":"closed","template":"","meta":{"_acf_changed":false,"inline_featured_image":false,"footnotes":""},"class_list":["post-538","page","type-page","status-publish","hentry"],"acf":[],"yoast_head":"<!-- This site is optimized with the Yoast SEO plugin v26.9 - https:\/\/yoast.com\/product\/yoast-seo-wordpress\/ -->\n<title>Aparate auditive - Phonak - Rom\u00e2nia<\/title>\n<meta name=\"robots\" content=\"index, follow, max-snippet:-1, max-image-preview:large, max-video-preview:-1\" \/>\n<link rel=\"canonical\" href=\"https:\/\/intl.phonak.com\/main-english\/solutions\/hearing-aids\/\" \/>\n<meta property=\"og:locale\" content=\"ro_RO\" \/>\n<meta property=\"og:type\" content=\"article\" \/>\n<meta property=\"og:title\" content=\"Aparate auditive - Phonak - Rom\u00e2nia\" \/>\n<meta property=\"og:description\" content=\"Aparate auditive Phonak &#8211; Forme, culori \u0219i stiluri flexibile Phonak are aparatul auditiv potrivit pentru tine &#8211; indiferent de tipul...\" \/>\n<meta property=\"og:url\" content=\"https:\/\/intl.phonak.com\/ro-ro\/solutii\/aparate-auditive\/\" \/>\n<meta property=\"og:site_name\" content=\"Phonak - Rom\u00e2nia\" \/>\n<meta property=\"article:modified_time\" content=\"2026-02-24T13:11:41+00:00\" \/>\n<meta property=\"og:image\" content=\"https:\/\/intl.phonak.com\/ro-ro\/wp-content\/uploads\/sites\/62\/2026\/02\/Banner_Hearing-aids.jpg\" \/>\n\t<meta property=\"og:image:width\" content=\"3802\" \/>\n\t<meta property=\"og:image:height\" content=\"860\" \/>\n\t<meta property=\"og:image:type\" content=\"image\/jpeg\" \/>\n<meta name=\"twitter:card\" content=\"summary_large_image\" \/>\n<meta name=\"twitter:label1\" content=\"Est. reading time\" \/>\n\t<meta name=\"twitter:data1\" content=\"1 minute\" \/>\n<script type=\"application\/ld+json\" class=\"yoast-schema-graph\">{\"@context\":\"https:\/\/schema.org\",\"@graph\":[{\"@type\":\"WebPage\",\"@id\":\"https:\/\/intl.phonak.com\/ro-ro\/solutii\/aparate-auditive\/\",\"url\":\"https:\/\/intl.phonak.com\/ro-ro\/solutii\/aparate-auditive\/\",\"name\":\"Aparate auditive - Phonak - Rom\u00e2nia\",\"isPartOf\":{\"@id\":\"https:\/\/intl.phonak.com\/ro-ro\/#website\"},\"primaryImageOfPage\":{\"@id\":\"https:\/\/intl.phonak.com\/ro-ro\/solutii\/aparate-auditive\/#primaryimage\"},\"image\":{\"@id\":\"https:\/\/intl.phonak.com\/ro-ro\/solutii\/aparate-auditive\/#primaryimage\"},\"thumbnailUrl\":\"https:\/\/intl.phonak.com\/ro-ro\/wp-content\/uploads\/sites\/62\/2026\/02\/Banner_Hearing-aids.jpg?w=1024\",\"datePublished\":\"2021-12-02T15:55:10+00:00\",\"dateModified\":\"2026-02-24T13:11:41+00:00\",\"breadcrumb\":{\"@id\":\"https:\/\/intl.phonak.com\/ro-ro\/solutii\/aparate-auditive\/#breadcrumb\"},\"inLanguage\":\"ro-RO\",\"potentialAction\":[{\"@type\":\"ReadAction\",\"target\":[\"https:\/\/intl.phonak.com\/ro-ro\/solutii\/aparate-auditive\/\"]}]},{\"@type\":\"ImageObject\",\"inLanguage\":\"ro-RO\",\"@id\":\"https:\/\/intl.phonak.com\/ro-ro\/solutii\/aparate-auditive\/#primaryimage\",\"url\":\"https:\/\/intl.phonak.com\/ro-ro\/wp-content\/uploads\/sites\/62\/2026\/02\/Banner_Hearing-aids.jpg\",\"contentUrl\":\"https:\/\/intl.phonak.com\/ro-ro\/wp-content\/uploads\/sites\/62\/2026\/02\/Banner_Hearing-aids.jpg\",\"width\":3802,\"height\":860},{\"@type\":\"BreadcrumbList\",\"@id\":\"https:\/\/intl.phonak.com\/ro-ro\/solutii\/aparate-auditive\/#breadcrumb\",\"itemListElement\":[{\"@type\":\"ListItem\",\"position\":1,\"name\":\"Home\",\"item\":\"https:\/\/intl.phonak.com\/ro-ro\/\"},{\"@type\":\"ListItem\",\"position\":2,\"name\":\"Solu\u0163ii\",\"item\":\"https:\/\/intl.phonak.com\/ro-ro\/solutii\/\"},{\"@type\":\"ListItem\",\"position\":3,\"name\":\"Aparate auditive\"}]},{\"@type\":\"WebSite\",\"@id\":\"https:\/\/intl.phonak.com\/ro-ro\/#website\",\"url\":\"https:\/\/intl.phonak.com\/ro-ro\/\",\"name\":\"Phonak - Rom\u00e2nia\",\"description\":\"\",\"potentialAction\":[{\"@type\":\"SearchAction\",\"target\":{\"@type\":\"EntryPoint\",\"urlTemplate\":\"https:\/\/intl.phonak.com\/ro-ro\/?s={search_term_string}\"},\"query-input\":{\"@type\":\"PropertyValueSpecification\",\"valueRequired\":true,\"valueName\":\"search_term_string\"}}],\"inLanguage\":\"ro-RO\"}]}<\/script>\n<!-- \/ Yoast SEO plugin. -->","yoast_head_json":{"title":"Aparate auditive - Phonak - Rom\u00e2nia","robots":{"index":"index","follow":"follow","max-snippet":"max-snippet:-1","max-image-preview":"max-image-preview:large","max-video-preview":"max-video-preview:-1"},"canonical":"https:\/\/intl.phonak.com\/main-english\/solutions\/hearing-aids\/","og_locale":"ro_RO","og_type":"article","og_title":"Aparate auditive - Phonak - Rom\u00e2nia","og_description":"Aparate auditive Phonak &#8211; Forme, culori \u0219i stiluri flexibile Phonak are aparatul auditiv potrivit pentru tine &#8211; indiferent de tipul...","og_url":"https:\/\/intl.phonak.com\/ro-ro\/solutii\/aparate-auditive\/","og_site_name":"Phonak - Rom\u00e2nia","article_modified_time":"2026-02-24T13:11:41+00:00","og_image":[{"width":3802,"height":860,"url":"https:\/\/intl.phonak.com\/ro-ro\/wp-content\/uploads\/sites\/62\/2026\/02\/Banner_Hearing-aids.jpg","type":"image\/jpeg"}],"twitter_card":"summary_large_image","twitter_misc":{"Est. reading time":"1 minute"},"schema":{"@context":"https:\/\/schema.org","@graph":[{"@type":"WebPage","@id":"https:\/\/intl.phonak.com\/ro-ro\/solutii\/aparate-auditive\/","url":"https:\/\/intl.phonak.com\/ro-ro\/solutii\/aparate-auditive\/","name":"Aparate auditive - Phonak - Rom\u00e2nia","isPartOf":{"@id":"https:\/\/intl.phonak.com\/ro-ro\/#website"},"primaryImageOfPage":{"@id":"https:\/\/intl.phonak.com\/ro-ro\/solutii\/aparate-auditive\/#primaryimage"},"image":{"@id":"https:\/\/intl.phonak.com\/ro-ro\/solutii\/aparate-auditive\/#primaryimage"},"thumbnailUrl":"https:\/\/intl.phonak.com\/ro-ro\/wp-content\/uploads\/sites\/62\/2026\/02\/Banner_Hearing-aids.jpg?w=1024","datePublished":"2021-12-02T15:55:10+00:00","dateModified":"2026-02-24T13:11:41+00:00","breadcrumb":{"@id":"https:\/\/intl.phonak.com\/ro-ro\/solutii\/aparate-auditive\/#breadcrumb"},"inLanguage":"ro-RO","potentialAction":[{"@type":"ReadAction","target":["https:\/\/intl.phonak.com\/ro-ro\/solutii\/aparate-auditive\/"]}]},{"@type":"ImageObject","inLanguage":"ro-RO","@id":"https:\/\/intl.phonak.com\/ro-ro\/solutii\/aparate-auditive\/#primaryimage","url":"https:\/\/intl.phonak.com\/ro-ro\/wp-content\/uploads\/sites\/62\/2026\/02\/Banner_Hearing-aids.jpg","contentUrl":"https:\/\/intl.phonak.com\/ro-ro\/wp-content\/uploads\/sites\/62\/2026\/02\/Banner_Hearing-aids.jpg","width":3802,"height":860},{"@type":"BreadcrumbList","@id":"https:\/\/intl.phonak.com\/ro-ro\/solutii\/aparate-auditive\/#breadcrumb","itemListElement":[{"@type":"ListItem","position":1,"name":"Home","item":"https:\/\/intl.phonak.com\/ro-ro\/"},{"@type":"ListItem","position":2,"name":"Solu\u0163ii","item":"https:\/\/intl.phonak.com\/ro-ro\/solutii\/"},{"@type":"ListItem","position":3,"name":"Aparate auditive"}]},{"@type":"WebSite","@id":"https:\/\/intl.phonak.com\/ro-ro\/#website","url":"https:\/\/intl.phonak.com\/ro-ro\/","name":"Phonak - Rom\u00e2nia","description":"","potentialAction":[{"@type":"SearchAction","target":{"@type":"EntryPoint","urlTemplate":"https:\/\/intl.phonak.com\/ro-ro\/?s={search_term_string}"},"query-input":{"@type":"PropertyValueSpecification","valueRequired":true,"valueName":"search_term_string"}}],"inLanguage":"ro-RO"}]}},"jetpack_sharing_enabled":true,"distributor_meta":false,"distributor_terms":false,"distributor_media":false,"distributor_original_site_name":"Phonak -  Rom\u00e2nia","distributor_original_site_url":"https:\/\/intl.phonak.com\/ro-ro","push-errors":false,"_links":{"self":[{"href":"https:\/\/intl.phonak.com\/ro-ro\/wp-json\/wp\/v2\/pages\/538","targetHints":{"allow":["GET"]}}],"collection":[{"href":"https:\/\/intl.phonak.com\/ro-ro\/wp-json\/wp\/v2\/pages"}],"about":[{"href":"https:\/\/intl.phonak.com\/ro-ro\/wp-json\/wp\/v2\/types\/page"}],"author":[{"embeddable":true,"href":"https:\/\/intl.phonak.com\/ro-ro\/wp-json\/wp\/v2\/users\/5"}],"replies":[{"embeddable":true,"href":"https:\/\/intl.phonak.com\/ro-ro\/wp-json\/wp\/v2\/comments?post=538"}],"version-history":[{"count":3,"href":"https:\/\/intl.phonak.com\/ro-ro\/wp-json\/wp\/v2\/pages\/538\/revisions"}],"predecessor-version":[{"id":1765,"href":"https:\/\/intl.phonak.com\/ro-ro\/wp-json\/wp\/v2\/pages\/538\/revisions\/1765"}],"up":[{"embeddable":true,"href":"https:\/\/intl.phonak.com\/ro-ro\/wp-json\/wp\/v2\/pages\/516"}],"wp:attachment":[{"href":"https:\/\/intl.phonak.com\/ro-ro\/wp-json\/wp\/v2\/media?parent=538"}],"curies":[{"name":"wp","href":"https:\/\/api.w.org\/{rel}","templated":true}]}}