{"id":531,"date":"2022-02-10T17:50:56","date_gmt":"2022-02-10T17:50:56","guid":{"rendered":"https:\/\/intl.phonak.com\/ro-ro\/hearing-screener\/"},"modified":"2025-07-18T09:51:23","modified_gmt":"2025-07-18T09:51:23","slug":"testare-auditiva","status":"publish","type":"page","link":"https:\/\/intl.phonak.com\/ro-ro\/testare-auditiva\/","title":{"rendered":"Test de auz online"},"content":{"rendered":"\n<div style=\"height:64px\" aria-hidden=\"true\" class=\"wp-block-spacer\"><\/div>   \n<figure class=\"wp-block-image aligncenter size-large\"><img decoding=\"async\" src=\"https:\/\/intl.phonak.com\/ro-ro\/wp-content\/uploads\/sites\/3\/2022\/02\/eScreener.jpg?w=550\" alt=\"Hearing screener\" class=\"wp-image-4464\"\/><\/figure>   \n<div class=\"wp-block-group is-style-align-small is-layout-flow wp-block-group-is-layout-flow\" style=\"padding-top:0px\">\n<div style=\"height:28px\" aria-hidden=\"true\" class=\"wp-block-spacer\"><\/div>   \n<h2 class=\"wp-block-heading has-text-align-center\" id=\"take-our-five-minute-online-hearing-test\">Face\u021bi testul nostru de auz online 3 minute<\/h2>   <div class=\"wp-block-buttons is-layout-flex wp-block-buttons-is-layout-flex\">\n<div class=\"wp-block-button aligncenter\"><a class=\"wp-block-button__link wp-element-button\" href=\"https:\/\/hearing-screener.beyondhearing.org\/phonak\/t5LE0m\/welcome?Brand=Phonak&#038;Country=CA&#038;Language=EN\" target=\"_blank\" rel=\"noreferrer noopener\">Verifica\u021bi-v\u0103 auzul<\/a><\/div>\n<\/div>   \n<div style=\"height:62px\" aria-hidden=\"true\" class=\"wp-block-spacer\"><\/div>   \n<p class=\"has-text-align-center\">Uneori nu observ\u0103m pierderea auzului p\u00e2n\u0103 c\u00e2nd nu \u00eencepe s\u0103 ne afecteze stilul de via\u021b\u0103. Lupta de a auzi colegii de munc\u0103, prietenii sau familia sau pierderea unui sunet poate \u00eensemna pierderea \u00eentregii pove\u0219ti.<\/p>   \n<p class=\"has-text-align-center\">Completa\u021bi testul de auz online Phonak din confortul propriei case. Un specialist va discuta apoi aceste rezultate cu dumneavoastr\u0103 \u0219i v\u0103 va evalua candidatura pentru un aparat auditiv. Alte program\u0103ri, inclusiv o evaluare diagnostic\u0103 complet\u0103, ajust\u0103ri \u0219i ajust\u0103ri ale aparatelor auditive, pot fi efectuate \u00een cabinetul specialistului sau virtual. Cu alternative digitale la vizitele fa\u021b\u0103 \u00een fa\u021b\u0103, pute\u021bi accesa toate serviciile de \u00eengrijire auditiv\u0103 pentru a se potrivi nevoilor dumneavoastr\u0103 individuale, cu acela\u0219i acces la expertiz\u0103 profesional\u0103 \u0219i personalizat\u0103.<\/p>   \n<p class=\"has-text-align-center\">Dac\u0103 dori\u021bi s\u0103 face\u021bi un test de auz \u00een zona dvs., v\u0103 rug\u0103m <a href=\"https:\/\/intl.phonak.com\/ro-ro\/find-an-expert\/\">G\u0103si\u021bi un specialist<\/a> \u00een \u00eengrijirea auzului \u00een apropierea dvs.<\/p>\n<\/div>   \n<div class=\"wp-block-group alignfull has-light-grey-background-color has-background is-layout-flow wp-block-group-is-layout-flow\">\n<h3 class=\"wp-block-heading has-text-align-center has-blue-color has-text-color\" id=\"how-to-get-the-most-out-of-this-test\">Cum s\u0103 profita\u021bi la maximum de acest test<\/h3>   \n<div class=\"wp-block-group is-style-align-small is-layout-flow wp-block-group-is-layout-flow\"><div class=\"wp-list-block\">\n<ul class=\"wp-block-list\">\n<li>Asigura\u021bi-v\u0103 c\u0103 v\u0103 afla\u021bi \u00eentr-o zon\u0103 lini\u0219tit\u0103 \u00eenainte de a \u00eencepe testul de auz<\/li>   <li>Utiliza\u021bi c\u0103\u0219ti \u00een loc de difuzoare \u00eencorporate \u0219i seta\u021bi volumul dispozitivului la 50%<\/li>\n<\/ul>\n<\/div><\/div>\n<\/div>   \n<div style=\"height:47px\" aria-hidden=\"true\" class=\"wp-block-spacer\"><\/div>   \n<h3 class=\"wp-block-heading has-text-align-center has-blue-color has-text-color\" id=\"how-the-online-hearing-test-works\">Cum func\u021bioneaz\u0103 testul de auz online<\/h3>   \n<div class=\"wp-block-media-text alignwide is-stacked-on-mobile\"><figure class=\"wp-block-media-text__media\"><img decoding=\"async\" src=\"https:\/\/intl.phonak.com\/ro-ro\/wp-content\/uploads\/sites\/3\/2022\/02\/Screener.jpg?w=550\" alt=\"Hearing screener\" class=\"wp-image-4525 size-full\"\/><\/figure><div class=\"wp-block-media-text__content\"><div class=\"wp-list-block\">\n<ul class=\"wp-block-list\">\n<li>Prima parte a testului determin\u0103 c\u00e2t de bine pute\u021bi auzi la diferite niveluri de frecven\u021b\u0103. Ve\u021bi auzi un num\u0103r de tonuri la diferite \u00een\u0103l\u021bimi \u0219i vi se va cere s\u0103 regla\u021bi volumul p\u00e2n\u0103 c\u00e2nd pute\u021bi auzi sunetul<\/li>   <li>\u00cen a doua parte a testului, v\u0103 vom pune o serie de \u00eentreb\u0103ri despre capacitatea dumneavoastr\u0103 de a auzi \u00een situa\u021bii dificile de ascultare<\/li>   <li>Dup\u0103 aceea, vi se va prezenta rezultatul testului auditiv \u0219i \u00eendrum\u0103ri despre ce s\u0103 face\u021bi \u00een continuare dac\u0103 \u00eent\u00e2lnim semne de pierdere a auzului<\/li>\n<\/ul>\n<\/div><\/div><\/div>   \n<div class=\"wp-block-group alignfull is-style-default has-light-grey-background-color has-background is-layout-flow wp-block-group-is-layout-flow\">\n<div class=\"wp-block-group is-style-align-small is-layout-flow wp-block-group-is-layout-flow\">\n<h3 class=\"wp-block-heading has-blue-color has-text-color\" id=\"what-to-expect-at-your-first-appointment-1\">La ce s\u0103 v\u0103 a\u0219tepta\u021bi la prima \u00eent\u00e2lnire<\/h3>\n<\/div>   \n<p class=\"has-text-align-center\">Ne pas\u0103 de auzul dumneavoastr\u0103 \u0219i de dificult\u0103\u021bile pe care pierderea auzului le-ar fi putut aduce \u00een via\u021ba dumneavoastr\u0103. Suntem aici pentru a v\u0103 ajuta. Pierderea auzului este natural\u0103 \u0219i nu trebuie s\u0103 v\u0103 teme\u021bi. Cu o solu\u021bie modern\u0103 de la Phonak, v\u0103 putem ajuta s\u0103 auzi\u021bi din nou mai bine.<\/p>   \n<p class=\"has-text-align-center\"><\/p>\n<\/div>   \n<div style=\"height:52px\" aria-hidden=\"true\" class=\"wp-block-spacer\"><\/div>   \n<h3 class=\"wp-block-heading has-text-align-center has-blue-color has-text-color\" id=\"i-have-a-hearing-loss-what-comes-next\">Suf\u0103r de pierderea auzului, ce urmeaz\u0103?<\/h3>   \n<div style=\"height:37px\" aria-hidden=\"true\" class=\"wp-block-spacer\"><\/div>   <div class=\"wp-block-columns is-layout-flex wp-container-core-columns-is-layout-9d6595d7 wp-block-columns-is-layout-flex\">\n<div class=\"wp-block-column is-layout-flow wp-block-column-is-layout-flow\">\n<h4 class=\"wp-block-heading\">1) Dvs. vorbi\u021bi, noi ascult\u0103m<\/h4>   <p>C\u0103l\u0103toria dvs. \u00eencepe cu o vizit\u0103 la un specialist; Ei sunt acolo pentru a v\u0103 ghida c\u0103tre op\u021biunea corect\u0103 pentru dvs. Vorbi\u021bi despre auzul dvs., despre cum s-a schimbat, cu ce provoc\u0103ri v\u0103 confrunta\u021bi \u0219i v\u0103 ascult\u0103m.<\/p>\n<\/div>   <div class=\"wp-block-column is-layout-flow wp-block-column-is-layout-flow\">\n<h4 class=\"wp-block-heading\">2) Test de auz<\/h4>   <p>Dup\u0103 ce v-a\u021bi \u00eemp\u0103rt\u0103\u0219it experien\u021bele, test\u0103m pentru a vedea ce auzi\u021bi. Un test de auz este la fel de u\u0219or ca s\u0103 stai jos \u0219i s\u0103 ascul\u021bi. Dup\u0103 finalizare, lu\u0103m aceste rezultate, le asociem cu provoc\u0103rile dvs. pentru a ne asigura c\u0103 datele noastre se potrivesc cu experien\u021bele dvs.<\/p>\n<\/div>   <div class=\"wp-block-column is-layout-flow wp-block-column-is-layout-flow\">\n<h4 class=\"wp-block-heading\">3) Dumneavoastr\u0103 decide\u021bi<\/h4>   <p>Ne prezent\u0103m constat\u0103rile \u0219i oferim recomand\u0103ri pe baza a ceea ce ne-a\u021bi spus. \u00cen cele din urm\u0103, TU po\u021bi lua decizii cu privire la op\u021biunea care se potrive\u0219te cel mai bine vie\u021bii tale. Familia, munca \u0219i via\u021ba social\u0103 sunt toate lucruri de care ar trebui s\u0103 \u021bine\u021bi cont \u00eenainte de a decide s\u0103 v\u0103 asigura\u021bi c\u0103 solu\u021bia pe care o alege\u021bi este potrivit\u0103 pentru toate aspectele vie\u021bii dvs.<\/p>\n<\/div>\n<\/div>   \n<div style=\"height:50px\" aria-hidden=\"true\" class=\"wp-block-spacer\"><\/div>   \n<div class=\"wp-block-media-text is-stacked-on-mobile cta-block\" style=\"grid-template-columns:35% auto\"><figure class=\"wp-block-media-text__media\"><img decoding=\"async\" src=\"https:\/\/intl.phonak.com\/main-english\/wp-content\/uploads\/sites\/3\/2021\/11\/cta-image.jpg?w=401\" alt=\"\" class=\"wp-image-6738 size-full\"\/><\/figure><div class=\"wp-block-media-text__content\">\n<div class=\"wp-block-create-block-icon-selector\"><i class=\"fal fa-map-marker-alt\"><\/i><\/div>   \n<h3 class=\"wp-block-heading\">Exper\u021bi \u00een auz \u00een apropiere<\/h3>   <p>Profesioni\u0219tii din domeniul auzului v\u0103 pot ajuta s\u0103 face\u021bi alegerea perfect\u0103 pentru dvs. Ei vor lua \u00een considerare nevoile dvs. auditive, bugetul, stilul de via\u021b\u0103 \u0219i preferin\u021bele auditive individuale. <\/p>   <div class=\"wp-block-buttons is-layout-flex wp-block-buttons-is-layout-flex\">\n<div class=\"wp-block-button is-style-marker-green\"><a class=\"wp-block-button__link wp-element-button\" href=\"https:\/\/intl.phonak.com\/main-english\/find-an-expert\/\">G\u0103si\u021bi un expert<\/a><\/div>\n<\/div>\n<\/div><\/div> ","protected":false},"excerpt":{"rendered":"<p>Face\u021bi testul nostru de auz online minute Uneori nu observ\u0103m pierderea auzului p\u00e2n\u0103 c\u00e2nd nu \u00eencepe s\u0103 ne afecteze stilul&#8230;<\/p>\n","protected":false},"author":14,"featured_media":0,"parent":0,"menu_order":0,"comment_status":"closed","ping_status":"closed","template":"","meta":{"_acf_changed":false,"inline_featured_image":false,"footnotes":""},"class_list":["post-531","page","type-page","status-publish","hentry"],"acf":[],"yoast_head":"<!-- This site is optimized with the Yoast SEO plugin v26.9 - https:\/\/yoast.com\/product\/yoast-seo-wordpress\/ -->\n<title>Test de auz online - Phonak - Rom\u00e2nia<\/title>\n<meta name=\"robots\" content=\"index, follow, max-snippet:-1, max-image-preview:large, max-video-preview:-1\" \/>\n<link rel=\"canonical\" href=\"https:\/\/intl.phonak.com\/main-english\/hearing-screener\/\" \/>\n<meta property=\"og:locale\" content=\"ro_RO\" \/>\n<meta property=\"og:type\" content=\"article\" \/>\n<meta property=\"og:title\" content=\"Test de auz online - Phonak - Rom\u00e2nia\" \/>\n<meta property=\"og:description\" content=\"Face\u021bi testul nostru de auz online minute Uneori nu observ\u0103m pierderea auzului p\u00e2n\u0103 c\u00e2nd nu \u00eencepe s\u0103 ne afecteze stilul...\" \/>\n<meta property=\"og:url\" content=\"https:\/\/intl.phonak.com\/ro-ro\/testare-auditiva\/\" \/>\n<meta property=\"og:site_name\" content=\"Phonak - Rom\u00e2nia\" \/>\n<meta property=\"article:modified_time\" content=\"2025-07-18T09:51:23+00:00\" \/>\n<meta name=\"twitter:card\" content=\"summary_large_image\" \/>\n<meta name=\"twitter:label1\" content=\"Est. reading time\" \/>\n\t<meta name=\"twitter:data1\" content=\"7 minutes\" \/>\n<script type=\"application\/ld+json\" class=\"yoast-schema-graph\">{\"@context\":\"https:\/\/schema.org\",\"@graph\":[{\"@type\":\"WebPage\",\"@id\":\"https:\/\/intl.phonak.com\/ro-ro\/testare-auditiva\/\",\"url\":\"https:\/\/intl.phonak.com\/ro-ro\/testare-auditiva\/\",\"name\":\"Test de auz online - Phonak - Rom\u00e2nia\",\"isPartOf\":{\"@id\":\"https:\/\/intl.phonak.com\/ro-ro\/#website\"},\"primaryImageOfPage\":{\"@id\":\"https:\/\/intl.phonak.com\/ro-ro\/testare-auditiva\/#primaryimage\"},\"image\":{\"@id\":\"https:\/\/intl.phonak.com\/ro-ro\/testare-auditiva\/#primaryimage\"},\"thumbnailUrl\":\"https:\/\/intl.phonak.com\/ro-ro\/wp-content\/uploads\/sites\/3\/2022\/02\/eScreener.jpg?w=550\",\"datePublished\":\"2022-02-10T17:50:56+00:00\",\"dateModified\":\"2025-07-18T09:51:23+00:00\",\"breadcrumb\":{\"@id\":\"https:\/\/intl.phonak.com\/ro-ro\/testare-auditiva\/#breadcrumb\"},\"inLanguage\":\"ro-RO\",\"potentialAction\":[{\"@type\":\"ReadAction\",\"target\":[\"https:\/\/intl.phonak.com\/ro-ro\/testare-auditiva\/\"]}]},{\"@type\":\"ImageObject\",\"inLanguage\":\"ro-RO\",\"@id\":\"https:\/\/intl.phonak.com\/ro-ro\/testare-auditiva\/#primaryimage\",\"url\":\"\",\"contentUrl\":\"\"},{\"@type\":\"BreadcrumbList\",\"@id\":\"https:\/\/intl.phonak.com\/ro-ro\/testare-auditiva\/#breadcrumb\",\"itemListElement\":[{\"@type\":\"ListItem\",\"position\":1,\"name\":\"Home\",\"item\":\"https:\/\/intl.phonak.com\/ro-ro\/\"},{\"@type\":\"ListItem\",\"position\":2,\"name\":\"Test de auz online\"}]},{\"@type\":\"WebSite\",\"@id\":\"https:\/\/intl.phonak.com\/ro-ro\/#website\",\"url\":\"https:\/\/intl.phonak.com\/ro-ro\/\",\"name\":\"Phonak - Rom\u00e2nia\",\"description\":\"\",\"potentialAction\":[{\"@type\":\"SearchAction\",\"target\":{\"@type\":\"EntryPoint\",\"urlTemplate\":\"https:\/\/intl.phonak.com\/ro-ro\/?s={search_term_string}\"},\"query-input\":{\"@type\":\"PropertyValueSpecification\",\"valueRequired\":true,\"valueName\":\"search_term_string\"}}],\"inLanguage\":\"ro-RO\"}]}<\/script>\n<!-- \/ Yoast SEO plugin. -->","yoast_head_json":{"title":"Test de auz online - Phonak - Rom\u00e2nia","robots":{"index":"index","follow":"follow","max-snippet":"max-snippet:-1","max-image-preview":"max-image-preview:large","max-video-preview":"max-video-preview:-1"},"canonical":"https:\/\/intl.phonak.com\/main-english\/hearing-screener\/","og_locale":"ro_RO","og_type":"article","og_title":"Test de auz online - Phonak - Rom\u00e2nia","og_description":"Face\u021bi testul nostru de auz online minute Uneori nu observ\u0103m pierderea auzului p\u00e2n\u0103 c\u00e2nd nu \u00eencepe s\u0103 ne afecteze stilul...","og_url":"https:\/\/intl.phonak.com\/ro-ro\/testare-auditiva\/","og_site_name":"Phonak - Rom\u00e2nia","article_modified_time":"2025-07-18T09:51:23+00:00","twitter_card":"summary_large_image","twitter_misc":{"Est. reading time":"7 minutes"},"schema":{"@context":"https:\/\/schema.org","@graph":[{"@type":"WebPage","@id":"https:\/\/intl.phonak.com\/ro-ro\/testare-auditiva\/","url":"https:\/\/intl.phonak.com\/ro-ro\/testare-auditiva\/","name":"Test de auz online - Phonak - Rom\u00e2nia","isPartOf":{"@id":"https:\/\/intl.phonak.com\/ro-ro\/#website"},"primaryImageOfPage":{"@id":"https:\/\/intl.phonak.com\/ro-ro\/testare-auditiva\/#primaryimage"},"image":{"@id":"https:\/\/intl.phonak.com\/ro-ro\/testare-auditiva\/#primaryimage"},"thumbnailUrl":"https:\/\/intl.phonak.com\/ro-ro\/wp-content\/uploads\/sites\/3\/2022\/02\/eScreener.jpg?w=550","datePublished":"2022-02-10T17:50:56+00:00","dateModified":"2025-07-18T09:51:23+00:00","breadcrumb":{"@id":"https:\/\/intl.phonak.com\/ro-ro\/testare-auditiva\/#breadcrumb"},"inLanguage":"ro-RO","potentialAction":[{"@type":"ReadAction","target":["https:\/\/intl.phonak.com\/ro-ro\/testare-auditiva\/"]}]},{"@type":"ImageObject","inLanguage":"ro-RO","@id":"https:\/\/intl.phonak.com\/ro-ro\/testare-auditiva\/#primaryimage","url":"","contentUrl":""},{"@type":"BreadcrumbList","@id":"https:\/\/intl.phonak.com\/ro-ro\/testare-auditiva\/#breadcrumb","itemListElement":[{"@type":"ListItem","position":1,"name":"Home","item":"https:\/\/intl.phonak.com\/ro-ro\/"},{"@type":"ListItem","position":2,"name":"Test de auz online"}]},{"@type":"WebSite","@id":"https:\/\/intl.phonak.com\/ro-ro\/#website","url":"https:\/\/intl.phonak.com\/ro-ro\/","name":"Phonak - Rom\u00e2nia","description":"","potentialAction":[{"@type":"SearchAction","target":{"@type":"EntryPoint","urlTemplate":"https:\/\/intl.phonak.com\/ro-ro\/?s={search_term_string}"},"query-input":{"@type":"PropertyValueSpecification","valueRequired":true,"valueName":"search_term_string"}}],"inLanguage":"ro-RO"}]}},"jetpack_sharing_enabled":true,"distributor_meta":false,"distributor_terms":false,"distributor_media":false,"distributor_original_site_name":"Phonak -  Rom\u00e2nia","distributor_original_site_url":"https:\/\/intl.phonak.com\/ro-ro","push-errors":false,"_links":{"self":[{"href":"https:\/\/intl.phonak.com\/ro-ro\/wp-json\/wp\/v2\/pages\/531","targetHints":{"allow":["GET"]}}],"collection":[{"href":"https:\/\/intl.phonak.com\/ro-ro\/wp-json\/wp\/v2\/pages"}],"about":[{"href":"https:\/\/intl.phonak.com\/ro-ro\/wp-json\/wp\/v2\/types\/page"}],"author":[{"embeddable":true,"href":"https:\/\/intl.phonak.com\/ro-ro\/wp-json\/wp\/v2\/users\/14"}],"replies":[{"embeddable":true,"href":"https:\/\/intl.phonak.com\/ro-ro\/wp-json\/wp\/v2\/comments?post=531"}],"version-history":[{"count":6,"href":"https:\/\/intl.phonak.com\/ro-ro\/wp-json\/wp\/v2\/pages\/531\/revisions"}],"predecessor-version":[{"id":1317,"href":"https:\/\/intl.phonak.com\/ro-ro\/wp-json\/wp\/v2\/pages\/531\/revisions\/1317"}],"wp:attachment":[{"href":"https:\/\/intl.phonak.com\/ro-ro\/wp-json\/wp\/v2\/media?parent=531"}],"curies":[{"name":"wp","href":"https:\/\/api.w.org\/{rel}","templated":true}]}}