{"id":528,"date":"2021-11-18T15:12:00","date_gmt":"2021-11-18T15:12:00","guid":{"rendered":"https:\/\/intl.phonak.com\/ro-ro\/hearing-loss\/"},"modified":"2025-07-11T08:17:18","modified_gmt":"2025-07-11T08:17:18","slug":"pierderea-auzului","status":"publish","type":"page","link":"https:\/\/intl.phonak.com\/ro-ro\/pierderea-auzului\/","title":{"rendered":"Pierderea auzului"},"content":{"rendered":"\n<div class=\"wp-block-cover alignfull\"><img decoding=\"async\" class=\"wp-block-cover__image-background wp-image-4769\" alt=\"\" src=\"https:\/\/intl.phonak.com\/ro-ro\/wp-content\/uploads\/sites\/3\/2022\/02\/Banner-hearing-loss.jpg\" style=\"object-position:56% 51%\" data-object-fit=\"cover\" data-object-position=\"56% 51%\"\/><span aria-hidden=\"true\" class=\"wp-block-cover__background has-light-grey-background-color has-background-dim-60 has-background-dim\"><\/span><div class=\"wp-block-cover__inner-container is-layout-flow wp-block-cover-is-layout-flow\">\n<h1 class=\"wp-block-heading has-text-align-center has-grey-500-color has-text-color\" id=\"signs-of-hearing-loss-1\">Semne de pierdere a auzului<\/h1>\n\n\n\n<p class=\"has-text-align-center has-grey-500-color has-text-color has-lead-font-size\">Cum se detecteaz\u0103 pierderea auzului<\/p>\n<\/div><\/div>\n\n\n\n<h2 class=\"wp-block-heading has-text-align-center\" id=\"what-are-the-signs-and-symptoms-of-hearing-loss\">Care sunt semnele \u0219i simptomele pierderii auzului?<\/h2>\n\n\n\n<p class=\"has-text-align-center\">Urechile noastre sunt mereu active, la fel ca sunetele din jurul nostru. Telefoanele mobile sun\u0103, oamenii vorbesc, c\u00e2inii latr\u0103, traficul e zgomotos, p\u0103s\u0103rile ciripesc \u2013 se \u00eent\u00e2mpl\u0103 at\u00e2t de multe. Creierul nostru ne permite s\u0103 identific\u0103m \u0219i s\u0103 interpret\u0103m diferite sunete \u0219i s\u0103 ne concentr\u0103m pe ceea ce vrem s\u0103 auzim. Poate recunoa\u0219te instantaneu vocea unei persoane dragi sau v\u0103 permite s\u0103 citi\u021bi \u00een lini\u0219te o carte f\u0103r\u0103 a recunoa\u0219te sunetele de fundal.<\/p>\n\n\n\n<p class=\"has-text-align-center\">Dar uneori, nu func\u021bioneaz\u0103 a\u0219a. Uneori, creierul nostru nu poate identifica un sunet pentru c\u0103 urechile noastre nu \u00eel pot auzi de la \u00eenceput!<\/p>\n\n\n\n<p class=\"has-text-align-center\">E\u0219ti con\u0219tient de sunetele pe care nu le po\u021bi auzi?<\/p>\n\n\n\n<div style=\"height:60px\" aria-hidden=\"true\" class=\"wp-block-spacer\"><\/div>\n\n\n\n<h3 class=\"wp-block-heading has-text-align-center has-blue-color has-text-color\" id=\"signs-of-hearing-loss\">Semne de pierdere a auzului<\/h3>\n\n\n\n<p class=\"has-text-align-center\">Pierderea auzului nu \u00eenseamn\u0103 pur \u0219i simplu c\u0103 cineva are probleme cu auzul sunetelor slabe. Mai degrab\u0103, este mai frecvent, \u00een special \u00een pierderea auzului legat\u0103 de v\u00e2rst\u0103, ca capacitatea de a auzi sunete \u00eenalte s\u0103 fie afectat\u0103 mai \u00eent\u00e2i. De exemplu, primele sunete pe care cineva nu le poate auzi at\u00e2t de bine sunt ciripitul p\u0103s\u0103rilor \u0219i vocile feminine sau ale copiilor. Pierderea auzului diminueaz\u0103, de asemenea, capacitatea de a auzi anumite consoane \u00een vorbire, ceea ce poate \u00eengreuna urm\u0103rirea conversa\u021biilor pentru persoana cu pierdere de auz. \u00cen func\u021bie de cauza \u0219i tipul de pierdere a auzului, este posibil s\u0103 \u00eent\u00e2mpina\u021bi dificult\u0103\u021bi de auzire a frecven\u021belor medii sau chiar joase sau uniform pe toate frecven\u021bele. Un alt semn al pierderii auzului ar putea fi tinitusul<\/p>\n\n\n\n<div style=\"height:64px\" aria-hidden=\"true\" class=\"wp-block-spacer\"><\/div>\n\n\n\n<h3 class=\"wp-block-heading has-text-align-center has-blue-color has-text-color\" id=\"take-the-first-step-1\">E un semn<\/h3>\n\n\n\n<p class=\"has-text-align-left\"><strong>Urm\u0103toarele \u00eentreb\u0103ri v\u0103 vor ajuta s\u0103 \u00een\u021belege\u021bi dac\u0103 prezenta\u021bi simptome de pierdere a auzului:<\/strong><\/p>\n\n\n\n<div class=\"wp-block-columns is-layout-flex wp-container-core-columns-is-layout-9d6595d7 wp-block-columns-is-layout-flex\">\n<div class=\"wp-block-column is-layout-flow wp-block-column-is-layout-flow\" style=\"flex-basis:66.66%\"><div class=\"wp-list-block\">\n<ul class=\"wp-block-list\">\n<li>Oamenii par s\u0103 morm\u0103ie?<\/li>\n\n\n\n<li>Trebuie s\u0103 m\u0103ri\u021bi volumul televizorului sau radioului?<\/li>\n\n\n\n<li>\u021ai se pare mai u\u0219or s\u0103 \u00een\u021belegi vocea unui b\u0103rbat \u00een compara\u021bie cu vocea unei femei sau a unui copil?<\/li>\n\n\n\n<li>\u00ce\u021bi este greu s\u0103 auzi soneria sau telefonul?<\/li>\n\n\n\n<li>C\u00e2nd e\u0219ti \u00eentr-un grup sau \u00eentr-un restaurant aglomerat, \u00ee\u021bi este greu s\u0103 urm\u0103re\u0219ti conversa\u021bia?<\/li>\n\n\n\n<li>Ai tendin\u021ba de a-\u021bi limita activit\u0103\u021bile sociale pentru c\u0103 este dificil s\u0103 auzi \u0219i s\u0103 comunici?<\/li>\n\n\n\n<li>Cineva apropiat a men\u021bionat c\u0103 este posibil s\u0103 ave\u021bi o problem\u0103 cu auzul?<\/li>\n<\/ul>\n<\/div><\/div>\n\n\n\n<div class=\"wp-block-column is-vertically-aligned-center is-layout-flow wp-block-column-is-layout-flow\" style=\"flex-basis:33.33%\">\n<figure class=\"wp-block-image size-large\"><img decoding=\"async\" src=\"https:\/\/intl.phonak.com\/ro-ro\/wp-content\/uploads\/sites\/3\/2023\/12\/Hearing-loss_GenericIndoorsPC_01.jpg?w=329\" alt=\"Happy couple\" class=\"wp-image-7274\"\/><\/figure>\n\n\n\n<p><\/p>\n<\/div>\n<\/div>\n\n\n\n<div class=\"wp-block-group alignfull has-light-grey-background-color has-background is-layout-flow wp-block-group-is-layout-flow\">\n<div class=\"wp-block-group is-style-align-small is-layout-flow wp-block-group-is-layout-flow\">\n<p class=\"has-text-align-center\">Dac\u0103 a\u021bi r\u0103spuns &#8220;<strong>da<\/strong>&#8221; la una sau mai multe dintre \u00eentreb\u0103ri, v\u0103 sf\u0103tuim s\u0103 v\u0103 evalua\u021bi capacitatea auditiv\u0103 de c\u0103tre un audioterapeut. Pute\u021bi g\u0103si un audiolog certificat, un specialist in domeniul auzului sau o clinic\u0103 \u00een zona dvs.<\/p>\n\n\n\n<p><\/p>\n\n\n\n<p class=\"has-text-align-center\">Pentru a ob\u021bine imediat o indica\u021bie a capacit\u0103\u021bii tale auditive, po\u021bi \u00eencerca \u0219i testul nostru de auz online.<\/p>\n\n\n\n<div class=\"wp-block-buttons is-layout-flex wp-block-buttons-is-layout-flex\">\n<div class=\"wp-block-button aligncenter\"><a class=\"wp-block-button__link wp-element-button\" href=\"https:\/\/hearing-screener.beyondhearing.org\/phonak\/t5LE0m\/welcome?Brand=Phonak&#038;Country=CA&#038;Language=EN\" target=\"_blank\" rel=\"noreferrer noopener\">Test de auz online<\/a><\/div>\n<\/div>\n<\/div>\n<\/div>\n\n\n\n<div style=\"height:55px\" aria-hidden=\"true\" class=\"wp-block-spacer\"><\/div>\n\n\n\n<p class=\"has-text-align-center\"><a href=\"https:\/\/intl.phonak.com\/ro-ro\/pierderea-auzului\/phonak-auz-bun-viata-buna\/\">Afl\u0103 de ce auzul este at\u00e2t de important pentru bun\u0103starea ta<\/a><\/p>\n\n\n\n<div style=\"height:55px\" aria-hidden=\"true\" class=\"wp-block-spacer\"><\/div>\n\n\n\n<div class=\"wp-block-media-text is-stacked-on-mobile cta-block\" style=\"grid-template-columns:35% auto\"><figure class=\"wp-block-media-text__media\"><img decoding=\"async\" src=\"https:\/\/intl.phonak.com\/main-english\/wp-content\/uploads\/sites\/3\/2021\/11\/cta-image.jpg?w=401\" alt=\"\" class=\"wp-image-6738 size-full\"\/><\/figure><div class=\"wp-block-media-text__content\">\n<div class=\"wp-block-create-block-icon-selector\"><i class=\"fal fa-map-marker-alt\"><\/i><\/div>   \n<h3 class=\"wp-block-heading\">Exper\u021bi \u00een auz \u00een apropiere<\/h3>   <p>Profesioni\u0219tii din domeniul auzului v\u0103 pot ajuta s\u0103 face\u021bi alegerea perfect\u0103 pentru dvs. Ei vor lua \u00een considerare nevoile dvs. auditive, bugetul, stilul de via\u021b\u0103 \u0219i preferin\u021bele auditive individuale. <\/p>   <div class=\"wp-block-buttons is-layout-flex wp-block-buttons-is-layout-flex\">\n<div class=\"wp-block-button is-style-marker-green\"><a class=\"wp-block-button__link wp-element-button\" href=\"https:\/\/intl.phonak.com\/main-english\/find-an-expert\/\">G\u0103si\u021bi un expert<\/a><\/div>\n<\/div>\n<\/div><\/div> ","protected":false},"excerpt":{"rendered":"<p>Care sunt semnele \u0219i simptomele pierderii auzului? Urechile noastre sunt mereu active, la fel ca sunetele din jurul nostru. Telefoanele&#8230;<\/p>\n","protected":false},"author":5,"featured_media":0,"parent":0,"menu_order":0,"comment_status":"closed","ping_status":"closed","template":"","meta":{"_acf_changed":false,"inline_featured_image":false,"footnotes":""},"class_list":["post-528","page","type-page","status-publish","hentry"],"acf":[],"yoast_head":"<!-- This site is optimized with the Yoast SEO plugin v26.9 - https:\/\/yoast.com\/product\/yoast-seo-wordpress\/ -->\n<title>Pierderea auzului - Phonak - Rom\u00e2nia<\/title>\n<meta name=\"robots\" content=\"index, follow, max-snippet:-1, max-image-preview:large, max-video-preview:-1\" \/>\n<link rel=\"canonical\" href=\"https:\/\/intl.phonak.com\/main-english\/hearing-loss\/\" \/>\n<meta property=\"og:locale\" content=\"ro_RO\" \/>\n<meta property=\"og:type\" content=\"article\" \/>\n<meta property=\"og:title\" content=\"Pierderea auzului - Phonak - Rom\u00e2nia\" \/>\n<meta property=\"og:description\" content=\"Care sunt semnele \u0219i simptomele pierderii auzului? Urechile noastre sunt mereu active, la fel ca sunetele din jurul nostru. Telefoanele...\" \/>\n<meta property=\"og:url\" content=\"https:\/\/intl.phonak.com\/ro-ro\/pierderea-auzului\/\" \/>\n<meta property=\"og:site_name\" content=\"Phonak - Rom\u00e2nia\" \/>\n<meta property=\"article:modified_time\" content=\"2025-07-11T08:17:18+00:00\" \/>\n<meta name=\"twitter:card\" content=\"summary_large_image\" \/>\n<meta name=\"twitter:label1\" content=\"Est. reading time\" \/>\n\t<meta name=\"twitter:data1\" content=\"4 minutes\" \/>\n<script type=\"application\/ld+json\" class=\"yoast-schema-graph\">{\"@context\":\"https:\/\/schema.org\",\"@graph\":[{\"@type\":\"WebPage\",\"@id\":\"https:\/\/intl.phonak.com\/ro-ro\/pierderea-auzului\/\",\"url\":\"https:\/\/intl.phonak.com\/ro-ro\/pierderea-auzului\/\",\"name\":\"Pierderea auzului - Phonak - Rom\u00e2nia\",\"isPartOf\":{\"@id\":\"https:\/\/intl.phonak.com\/ro-ro\/#website\"},\"primaryImageOfPage\":{\"@id\":\"https:\/\/intl.phonak.com\/ro-ro\/pierderea-auzului\/#primaryimage\"},\"image\":{\"@id\":\"https:\/\/intl.phonak.com\/ro-ro\/pierderea-auzului\/#primaryimage\"},\"thumbnailUrl\":\"https:\/\/intl.phonak.com\/ro-ro\/wp-content\/uploads\/sites\/3\/2022\/02\/Banner-hearing-loss.jpg\",\"datePublished\":\"2021-11-18T15:12:00+00:00\",\"dateModified\":\"2025-07-11T08:17:18+00:00\",\"breadcrumb\":{\"@id\":\"https:\/\/intl.phonak.com\/ro-ro\/pierderea-auzului\/#breadcrumb\"},\"inLanguage\":\"ro-RO\",\"potentialAction\":[{\"@type\":\"ReadAction\",\"target\":[\"https:\/\/intl.phonak.com\/ro-ro\/pierderea-auzului\/\"]}]},{\"@type\":\"ImageObject\",\"inLanguage\":\"ro-RO\",\"@id\":\"https:\/\/intl.phonak.com\/ro-ro\/pierderea-auzului\/#primaryimage\",\"url\":\"\",\"contentUrl\":\"\"},{\"@type\":\"BreadcrumbList\",\"@id\":\"https:\/\/intl.phonak.com\/ro-ro\/pierderea-auzului\/#breadcrumb\",\"itemListElement\":[{\"@type\":\"ListItem\",\"position\":1,\"name\":\"Home\",\"item\":\"https:\/\/intl.phonak.com\/ro-ro\/\"},{\"@type\":\"ListItem\",\"position\":2,\"name\":\"Pierderea auzului\"}]},{\"@type\":\"WebSite\",\"@id\":\"https:\/\/intl.phonak.com\/ro-ro\/#website\",\"url\":\"https:\/\/intl.phonak.com\/ro-ro\/\",\"name\":\"Phonak - Rom\u00e2nia\",\"description\":\"\",\"potentialAction\":[{\"@type\":\"SearchAction\",\"target\":{\"@type\":\"EntryPoint\",\"urlTemplate\":\"https:\/\/intl.phonak.com\/ro-ro\/?s={search_term_string}\"},\"query-input\":{\"@type\":\"PropertyValueSpecification\",\"valueRequired\":true,\"valueName\":\"search_term_string\"}}],\"inLanguage\":\"ro-RO\"}]}<\/script>\n<!-- \/ Yoast SEO plugin. -->","yoast_head_json":{"title":"Pierderea auzului - Phonak - Rom\u00e2nia","robots":{"index":"index","follow":"follow","max-snippet":"max-snippet:-1","max-image-preview":"max-image-preview:large","max-video-preview":"max-video-preview:-1"},"canonical":"https:\/\/intl.phonak.com\/main-english\/hearing-loss\/","og_locale":"ro_RO","og_type":"article","og_title":"Pierderea auzului - Phonak - Rom\u00e2nia","og_description":"Care sunt semnele \u0219i simptomele pierderii auzului? Urechile noastre sunt mereu active, la fel ca sunetele din jurul nostru. Telefoanele...","og_url":"https:\/\/intl.phonak.com\/ro-ro\/pierderea-auzului\/","og_site_name":"Phonak - Rom\u00e2nia","article_modified_time":"2025-07-11T08:17:18+00:00","twitter_card":"summary_large_image","twitter_misc":{"Est. reading time":"4 minutes"},"schema":{"@context":"https:\/\/schema.org","@graph":[{"@type":"WebPage","@id":"https:\/\/intl.phonak.com\/ro-ro\/pierderea-auzului\/","url":"https:\/\/intl.phonak.com\/ro-ro\/pierderea-auzului\/","name":"Pierderea auzului - Phonak - Rom\u00e2nia","isPartOf":{"@id":"https:\/\/intl.phonak.com\/ro-ro\/#website"},"primaryImageOfPage":{"@id":"https:\/\/intl.phonak.com\/ro-ro\/pierderea-auzului\/#primaryimage"},"image":{"@id":"https:\/\/intl.phonak.com\/ro-ro\/pierderea-auzului\/#primaryimage"},"thumbnailUrl":"https:\/\/intl.phonak.com\/ro-ro\/wp-content\/uploads\/sites\/3\/2022\/02\/Banner-hearing-loss.jpg","datePublished":"2021-11-18T15:12:00+00:00","dateModified":"2025-07-11T08:17:18+00:00","breadcrumb":{"@id":"https:\/\/intl.phonak.com\/ro-ro\/pierderea-auzului\/#breadcrumb"},"inLanguage":"ro-RO","potentialAction":[{"@type":"ReadAction","target":["https:\/\/intl.phonak.com\/ro-ro\/pierderea-auzului\/"]}]},{"@type":"ImageObject","inLanguage":"ro-RO","@id":"https:\/\/intl.phonak.com\/ro-ro\/pierderea-auzului\/#primaryimage","url":"","contentUrl":""},{"@type":"BreadcrumbList","@id":"https:\/\/intl.phonak.com\/ro-ro\/pierderea-auzului\/#breadcrumb","itemListElement":[{"@type":"ListItem","position":1,"name":"Home","item":"https:\/\/intl.phonak.com\/ro-ro\/"},{"@type":"ListItem","position":2,"name":"Pierderea auzului"}]},{"@type":"WebSite","@id":"https:\/\/intl.phonak.com\/ro-ro\/#website","url":"https:\/\/intl.phonak.com\/ro-ro\/","name":"Phonak - Rom\u00e2nia","description":"","potentialAction":[{"@type":"SearchAction","target":{"@type":"EntryPoint","urlTemplate":"https:\/\/intl.phonak.com\/ro-ro\/?s={search_term_string}"},"query-input":{"@type":"PropertyValueSpecification","valueRequired":true,"valueName":"search_term_string"}}],"inLanguage":"ro-RO"}]}},"jetpack_sharing_enabled":true,"distributor_meta":false,"distributor_terms":false,"distributor_media":false,"distributor_original_site_name":"Phonak -  Rom\u00e2nia","distributor_original_site_url":"https:\/\/intl.phonak.com\/ro-ro","push-errors":false,"_links":{"self":[{"href":"https:\/\/intl.phonak.com\/ro-ro\/wp-json\/wp\/v2\/pages\/528","targetHints":{"allow":["GET"]}}],"collection":[{"href":"https:\/\/intl.phonak.com\/ro-ro\/wp-json\/wp\/v2\/pages"}],"about":[{"href":"https:\/\/intl.phonak.com\/ro-ro\/wp-json\/wp\/v2\/types\/page"}],"author":[{"embeddable":true,"href":"https:\/\/intl.phonak.com\/ro-ro\/wp-json\/wp\/v2\/users\/5"}],"replies":[{"embeddable":true,"href":"https:\/\/intl.phonak.com\/ro-ro\/wp-json\/wp\/v2\/comments?post=528"}],"version-history":[{"count":7,"href":"https:\/\/intl.phonak.com\/ro-ro\/wp-json\/wp\/v2\/pages\/528\/revisions"}],"predecessor-version":[{"id":1486,"href":"https:\/\/intl.phonak.com\/ro-ro\/wp-json\/wp\/v2\/pages\/528\/revisions\/1486"}],"wp:attachment":[{"href":"https:\/\/intl.phonak.com\/ro-ro\/wp-json\/wp\/v2\/media?parent=528"}],"curies":[{"name":"wp","href":"https:\/\/api.w.org\/{rel}","templated":true}]}}