{"id":525,"date":"2022-02-10T21:54:30","date_gmt":"2022-02-10T21:54:30","guid":{"rendered":"https:\/\/intl.phonak.com\/ro-ro\/phonak-well-hearing-is-well-being\/"},"modified":"2025-07-11T08:18:04","modified_gmt":"2025-07-11T08:18:04","slug":"phonak-auz-bun-viata-buna","status":"publish","type":"page","link":"https:\/\/intl.phonak.com\/ro-ro\/pierderea-auzului\/phonak-auz-bun-viata-buna\/","title":{"rendered":"Phonak un auz bun \u00eenseamn\u0103 bun\u0103stare\u2122"},"content":{"rendered":"\n<div class=\"wp-block-cover alignfull is-light\" style=\"min-height:430px;aspect-ratio:unset;\"><img decoding=\"async\" class=\"wp-block-cover__image-background wp-image-7289\" alt=\"Well-Hearing is Well-Being\" src=\"https:\/\/intl.phonak.com\/ro-ro\/wp-content\/uploads\/sites\/3\/2023\/12\/WHWB-banner_ComputeGame-OptionB.jpg\" data-object-fit=\"cover\"\/><span aria-hidden=\"true\" class=\"wp-block-cover__background has-white-background-color has-background-dim\"><\/span><div class=\"wp-block-cover__inner-container is-layout-flow wp-block-cover-is-layout-flow\">\n<h1 class=\"wp-block-heading has-text-align-center\" id=\"why-hearing-health-matters\">De ce conteaz\u0103 s\u0103n\u0103tatea auzului<\/h1>\n\n\n\n<p class=\"has-text-align-center has-grey-500-color has-text-color has-lead-font-size\">C\u00e2nd auzi bine, e\u0219ti preg\u0103tit pentru a \u00eembr\u0103\u021bi\u0219a via\u021ba pe care \u021bi-o dore\u0219ti<\/p>\n\n\n\n<div class=\"wp-block-buttons is-horizontal is-content-justification-center is-layout-flex wp-container-core-buttons-is-layout-499968f5 wp-block-buttons-is-layout-flex\">\n<div class=\"wp-block-button is-style-download\"><a class=\"wp-block-button__link wp-element-button\" href=\"https:\/\/intl.phonak.com\/ro-ro\/wp-content\/uploads\/sites\/3\/2022\/02\/PH_WHWB_Leaflet_148x210_EN_V1.00_028-2136-02.pdf\" target=\"_blank\" rel=\"noreferrer noopener\">Desc\u0103rca\u021bi bro\u0219ura<\/a><\/div>\n<\/div>\n<\/div><\/div>\n\n\n\n<div class=\"wp-block-media-text has-media-on-the-right is-stacked-on-mobile\"><div class=\"wp-block-media-text__content\">\n<p>La Phonak, credem c\u0103 auzul bun echivaleaz\u0103 cu bun\u0103starea \u0219i este esen\u021bial pentru a tr\u0103i via\u021ba la maximum.<\/p>\n\n\n\n<p>Din ce \u00een ce mai multe dovezi arat\u0103 c\u0103 tratarea pierderii auzului poate avea un impact pozitiv asupra bun\u0103st\u0103rii socio-emo\u021bionale, cognitive \u0219i fizice.<sup>1<\/sup><\/p>\n<\/div><figure class=\"wp-block-media-text__media\"><img decoding=\"async\" src=\"https:\/\/intl.phonak.com\/ro-ro\/wp-content\/uploads\/sites\/3\/2023\/03\/WHWB-wheel-neutral.jpg\" alt=\"\" class=\"wp-image-6565 size-full\"\/><\/figure><\/div>\n\n\n\n<div class=\"wp-block-media-text is-stacked-on-mobile\"><figure class=\"wp-block-media-text__media\"><img decoding=\"async\" src=\"https:\/\/intl.phonak.com\/ro-ro\/wp-content\/uploads\/sites\/3\/2023\/12\/Visual_WHWB_Restaurant_02_592x396-with-icon.jpg?w=592\" alt=\"Social-Emotional well-being\" class=\"wp-image-7300 size-full\"\/><\/figure><div class=\"wp-block-media-text__content\">\n<h4 class=\"wp-block-heading has-text-align-left has-blue-color has-text-color\" id=\"social-emotional-well-being\">Bun\u0103stare socio-emo\u021bional\u0103<\/h4>\n\n\n\n<p>Auzul bun ne permite s\u0103 fim activi social, s\u0103 ne conect\u0103m cu ceilal\u021bi \u0219i s\u0103 comunic\u0103m eficient \u2013 f\u0103r\u0103 bariere.<\/p>\n\n\n\n<p>Utilizarea aparatelor auditive v\u0103 poate \u00eembun\u0103t\u0103\u021bi calitatea vie\u021bii, interac\u021biunile sociale \u0219i satisfac\u021bia rela\u021biei pentru dumneavoastr\u0103 \u0219i cei dragi.<sup>2<\/sup><\/p>\n<\/div><\/div>\n\n\n\n<div class=\"wp-block-media-text has-media-on-the-right is-stacked-on-mobile\"><div class=\"wp-block-media-text__content\">\n<h4 class=\"wp-block-heading has-blue-color has-text-color\" id=\"cognitive-well-being\">Bun\u0103stare cognitiv\u0103<\/h4>\n\n\n\n<p>Creierul joac\u0103 un rol crucial \u00een ascultare \u0219i \u00een\u021belegerea vorbirii \u2013 este important s\u0103-l men\u021bii stimulat.<\/p>\n\n\n\n<p>Aici intr\u0103 \u00een joc aparatele auditive. Utilizarea aparatelor auditive este legat\u0103 de \u00eembun\u0103t\u0103\u021birea memoriei<sup>3<\/sup>&nbsp; \u0219i s-a demonstrat c\u0103 face ascultarea mai u\u0219oar\u0103.<sup>4<\/sup><\/p>\n<\/div><figure class=\"wp-block-media-text__media\"><img decoding=\"async\" src=\"https:\/\/intl.phonak.com\/ro-ro\/wp-content\/uploads\/sites\/3\/2023\/12\/WHWB-Cognitive-Dimension-Office-OptionB_592x396-with-icon.jpg?w=592\" alt=\"Cognitive well-being\" class=\"wp-image-7302 size-full\"\/><\/figure><\/div>\n\n\n\n<div class=\"wp-block-media-text is-stacked-on-mobile\"><figure class=\"wp-block-media-text__media\"><img decoding=\"async\" src=\"https:\/\/intl.phonak.com\/ro-ro\/wp-content\/uploads\/sites\/3\/2023\/12\/Visual_WHWB-ActivityOutdoors_01_592x396-with-icon.jpg?w=592\" alt=\"Physical well-being\" class=\"wp-image-7303 size-full\"\/><\/figure><div class=\"wp-block-media-text__content\">\n<h4 class=\"wp-block-heading has-blue-color has-text-color\" id=\"physical-well-being\">Bun\u0103stare fizic\u0103<\/h4>\n\n\n\n<p>A avea solu\u021bia auditiv\u0103 potrivit\u0103 \u00eenseamn\u0103 c\u0103 sunte\u021bi bine echipat pentru a face fa\u021b\u0103 diferitelor situa\u021bii de ascultare.<\/p>\n\n\n\n<p>Auzul bun v\u0103 ofer\u0103 o mai mare con\u0219tientizare a mediului, \u00eencuraj\u00e2nd sentimentele de siguran\u021b\u0103 \u0219i \u00eencredere.<\/p>\n<\/div><\/div>\n\n\n\n<p><\/p>\n\n\n\n<p class=\"is-style-default has-small-font-size\">Subsol<br>1. Vercammen, C., Ferguson, M., Kramer, S.E., et al. (2020). Starea de bine este bun\u0103stare.<em>Revizuirea<\/em>audierii, 27(3), 18-22.<br>2. Kamil RJ, Lin FR. Efectele deficien\u021bei de auz la adul\u021bii \u00een v\u00e2rst\u0103 asupra partenerilor de comunicare:&nbsp;<em>O revizuire<\/em>sistematic\u0103. J Am Acad Audiol. 2015; 26(2):155-182.<br>3. Karawani, H., Jenkins, K. \u0219i Anderson, S. (2018). Restabilirea intr\u0103rii senzoriale poate \u00eembun\u0103t\u0103\u021bi func\u021bia cognitiv\u0103 \u0219i neuronal\u0103.<em>Neuropsihologie<\/em>, 114, 203\u2013213.<br>4. Winneke, A., Schulte, M., Vormann, M., Latzel, M. (2018). Procesarea zgomotului spa\u021bial \u00een aparatele auditive moduleaz\u0103 markerii neuronali lega\u021bi de efortul de ascultare: un studiu EEG.<em>AudiologyOnline<\/em>, articolul 23858.<\/p>\n\n\n\n<div style=\"height:38px\" aria-hidden=\"true\" class=\"wp-block-spacer\"><\/div>\n\n\n\n<p class=\"has-text-align-center is-style-default\"><a href=\"https:\/\/intl.phonak.com\/ro-ro\/pierderea-auzului\/cauze-pierdere-auz\/\">Afla\u021bi ce cauzeaz\u0103 pierderea auzului<\/a><\/p>\n\n\n\n<div style=\"height:42px\" aria-hidden=\"true\" class=\"wp-block-spacer\"><\/div>\n\n\n\n<div class=\"wp-block-media-text is-stacked-on-mobile cta-block\" style=\"grid-template-columns:35% auto\"><figure class=\"wp-block-media-text__media\"><img decoding=\"async\" src=\"https:\/\/intl.phonak.com\/main-english\/wp-content\/uploads\/sites\/3\/2021\/11\/cta-image.jpg?w=401\" alt=\"\" class=\"wp-image-6738 size-full\"\/><\/figure><div class=\"wp-block-media-text__content\">\n<div class=\"wp-block-create-block-icon-selector\"><i class=\"fal fa-map-marker-alt\"><\/i><\/div>   \n<h3 class=\"wp-block-heading\">Exper\u021bi \u00een auz \u00een apropiere<\/h3>   <p>Profesioni\u0219tii din domeniul auzului v\u0103 pot ajuta s\u0103 face\u021bi alegerea perfect\u0103 pentru dvs. Ei vor lua \u00een considerare nevoile dvs. auditive, bugetul, stilul de via\u021b\u0103 \u0219i preferin\u021bele auditive individuale. <\/p>   <div class=\"wp-block-buttons is-layout-flex wp-block-buttons-is-layout-flex\">\n<div class=\"wp-block-button is-style-marker-green\"><a class=\"wp-block-button__link wp-element-button\" href=\"https:\/\/intl.phonak.com\/main-english\/find-an-expert\/\">G\u0103si\u021bi un expert<\/a><\/div>\n<\/div>\n<\/div><\/div> ","protected":false},"excerpt":{"rendered":"<p>La Phonak, credem c\u0103 auzul bun echivaleaz\u0103 cu bun\u0103starea \u0219i este esen\u021bial pentru a tr\u0103i via\u021ba la maximum. Din ce&#8230;<\/p>\n","protected":false},"author":14,"featured_media":0,"parent":528,"menu_order":0,"comment_status":"closed","ping_status":"closed","template":"","meta":{"_acf_changed":false,"inline_featured_image":false,"footnotes":""},"class_list":["post-525","page","type-page","status-publish","hentry"],"acf":[],"yoast_head":"<!-- This site is optimized with the Yoast SEO plugin v26.9 - https:\/\/yoast.com\/product\/yoast-seo-wordpress\/ -->\n<title>Phonak un auz bun \u00eenseamn\u0103 bun\u0103stare\u2122 - Phonak - Rom\u00e2nia<\/title>\n<meta name=\"robots\" content=\"index, follow, max-snippet:-1, max-image-preview:large, max-video-preview:-1\" \/>\n<link rel=\"canonical\" href=\"https:\/\/intl.phonak.com\/main-english\/hearing-loss\/phonak-well-hearing-is-well-being\/\" \/>\n<meta property=\"og:locale\" content=\"ro_RO\" \/>\n<meta property=\"og:type\" content=\"article\" \/>\n<meta property=\"og:title\" content=\"Phonak un auz bun \u00eenseamn\u0103 bun\u0103stare\u2122 - Phonak - Rom\u00e2nia\" \/>\n<meta property=\"og:description\" content=\"La Phonak, credem c\u0103 auzul bun echivaleaz\u0103 cu bun\u0103starea \u0219i este esen\u021bial pentru a tr\u0103i via\u021ba la maximum. Din ce...\" \/>\n<meta property=\"og:url\" content=\"https:\/\/intl.phonak.com\/ro-ro\/pierderea-auzului\/phonak-auz-bun-viata-buna\/\" \/>\n<meta property=\"og:site_name\" content=\"Phonak - Rom\u00e2nia\" \/>\n<meta property=\"article:modified_time\" content=\"2025-07-11T08:18:04+00:00\" \/>\n<meta name=\"twitter:card\" content=\"summary_large_image\" \/>\n<meta name=\"twitter:label1\" content=\"Est. reading time\" \/>\n\t<meta name=\"twitter:data1\" content=\"3 minutes\" \/>\n<script type=\"application\/ld+json\" class=\"yoast-schema-graph\">{\"@context\":\"https:\/\/schema.org\",\"@graph\":[{\"@type\":\"WebPage\",\"@id\":\"https:\/\/intl.phonak.com\/ro-ro\/pierderea-auzului\/phonak-auz-bun-viata-buna\/\",\"url\":\"https:\/\/intl.phonak.com\/ro-ro\/pierderea-auzului\/phonak-auz-bun-viata-buna\/\",\"name\":\"Phonak un auz bun \u00eenseamn\u0103 bun\u0103stare\u2122 - Phonak - Rom\u00e2nia\",\"isPartOf\":{\"@id\":\"https:\/\/intl.phonak.com\/ro-ro\/#website\"},\"primaryImageOfPage\":{\"@id\":\"https:\/\/intl.phonak.com\/ro-ro\/pierderea-auzului\/phonak-auz-bun-viata-buna\/#primaryimage\"},\"image\":{\"@id\":\"https:\/\/intl.phonak.com\/ro-ro\/pierderea-auzului\/phonak-auz-bun-viata-buna\/#primaryimage\"},\"thumbnailUrl\":\"https:\/\/intl.phonak.com\/ro-ro\/wp-content\/uploads\/sites\/3\/2023\/12\/WHWB-banner_ComputeGame-OptionB.jpg\",\"datePublished\":\"2022-02-10T21:54:30+00:00\",\"dateModified\":\"2025-07-11T08:18:04+00:00\",\"breadcrumb\":{\"@id\":\"https:\/\/intl.phonak.com\/ro-ro\/pierderea-auzului\/phonak-auz-bun-viata-buna\/#breadcrumb\"},\"inLanguage\":\"ro-RO\",\"potentialAction\":[{\"@type\":\"ReadAction\",\"target\":[\"https:\/\/intl.phonak.com\/ro-ro\/pierderea-auzului\/phonak-auz-bun-viata-buna\/\"]}]},{\"@type\":\"ImageObject\",\"inLanguage\":\"ro-RO\",\"@id\":\"https:\/\/intl.phonak.com\/ro-ro\/pierderea-auzului\/phonak-auz-bun-viata-buna\/#primaryimage\",\"url\":\"\",\"contentUrl\":\"\"},{\"@type\":\"BreadcrumbList\",\"@id\":\"https:\/\/intl.phonak.com\/ro-ro\/pierderea-auzului\/phonak-auz-bun-viata-buna\/#breadcrumb\",\"itemListElement\":[{\"@type\":\"ListItem\",\"position\":1,\"name\":\"Home\",\"item\":\"https:\/\/intl.phonak.com\/ro-ro\/\"},{\"@type\":\"ListItem\",\"position\":2,\"name\":\"Pierderea auzului\",\"item\":\"https:\/\/intl.phonak.com\/ro-ro\/pierderea-auzului\/\"},{\"@type\":\"ListItem\",\"position\":3,\"name\":\"Phonak un auz bun \u00eenseamn\u0103 bun\u0103stare\u2122\"}]},{\"@type\":\"WebSite\",\"@id\":\"https:\/\/intl.phonak.com\/ro-ro\/#website\",\"url\":\"https:\/\/intl.phonak.com\/ro-ro\/\",\"name\":\"Phonak - Rom\u00e2nia\",\"description\":\"\",\"potentialAction\":[{\"@type\":\"SearchAction\",\"target\":{\"@type\":\"EntryPoint\",\"urlTemplate\":\"https:\/\/intl.phonak.com\/ro-ro\/?s={search_term_string}\"},\"query-input\":{\"@type\":\"PropertyValueSpecification\",\"valueRequired\":true,\"valueName\":\"search_term_string\"}}],\"inLanguage\":\"ro-RO\"}]}<\/script>\n<!-- \/ Yoast SEO plugin. -->","yoast_head_json":{"title":"Phonak un auz bun \u00eenseamn\u0103 bun\u0103stare\u2122 - Phonak - Rom\u00e2nia","robots":{"index":"index","follow":"follow","max-snippet":"max-snippet:-1","max-image-preview":"max-image-preview:large","max-video-preview":"max-video-preview:-1"},"canonical":"https:\/\/intl.phonak.com\/main-english\/hearing-loss\/phonak-well-hearing-is-well-being\/","og_locale":"ro_RO","og_type":"article","og_title":"Phonak un auz bun \u00eenseamn\u0103 bun\u0103stare\u2122 - Phonak - Rom\u00e2nia","og_description":"La Phonak, credem c\u0103 auzul bun echivaleaz\u0103 cu bun\u0103starea \u0219i este esen\u021bial pentru a tr\u0103i via\u021ba la maximum. Din ce...","og_url":"https:\/\/intl.phonak.com\/ro-ro\/pierderea-auzului\/phonak-auz-bun-viata-buna\/","og_site_name":"Phonak - Rom\u00e2nia","article_modified_time":"2025-07-11T08:18:04+00:00","twitter_card":"summary_large_image","twitter_misc":{"Est. reading time":"3 minutes"},"schema":{"@context":"https:\/\/schema.org","@graph":[{"@type":"WebPage","@id":"https:\/\/intl.phonak.com\/ro-ro\/pierderea-auzului\/phonak-auz-bun-viata-buna\/","url":"https:\/\/intl.phonak.com\/ro-ro\/pierderea-auzului\/phonak-auz-bun-viata-buna\/","name":"Phonak un auz bun \u00eenseamn\u0103 bun\u0103stare\u2122 - Phonak - Rom\u00e2nia","isPartOf":{"@id":"https:\/\/intl.phonak.com\/ro-ro\/#website"},"primaryImageOfPage":{"@id":"https:\/\/intl.phonak.com\/ro-ro\/pierderea-auzului\/phonak-auz-bun-viata-buna\/#primaryimage"},"image":{"@id":"https:\/\/intl.phonak.com\/ro-ro\/pierderea-auzului\/phonak-auz-bun-viata-buna\/#primaryimage"},"thumbnailUrl":"https:\/\/intl.phonak.com\/ro-ro\/wp-content\/uploads\/sites\/3\/2023\/12\/WHWB-banner_ComputeGame-OptionB.jpg","datePublished":"2022-02-10T21:54:30+00:00","dateModified":"2025-07-11T08:18:04+00:00","breadcrumb":{"@id":"https:\/\/intl.phonak.com\/ro-ro\/pierderea-auzului\/phonak-auz-bun-viata-buna\/#breadcrumb"},"inLanguage":"ro-RO","potentialAction":[{"@type":"ReadAction","target":["https:\/\/intl.phonak.com\/ro-ro\/pierderea-auzului\/phonak-auz-bun-viata-buna\/"]}]},{"@type":"ImageObject","inLanguage":"ro-RO","@id":"https:\/\/intl.phonak.com\/ro-ro\/pierderea-auzului\/phonak-auz-bun-viata-buna\/#primaryimage","url":"","contentUrl":""},{"@type":"BreadcrumbList","@id":"https:\/\/intl.phonak.com\/ro-ro\/pierderea-auzului\/phonak-auz-bun-viata-buna\/#breadcrumb","itemListElement":[{"@type":"ListItem","position":1,"name":"Home","item":"https:\/\/intl.phonak.com\/ro-ro\/"},{"@type":"ListItem","position":2,"name":"Pierderea auzului","item":"https:\/\/intl.phonak.com\/ro-ro\/pierderea-auzului\/"},{"@type":"ListItem","position":3,"name":"Phonak un auz bun \u00eenseamn\u0103 bun\u0103stare\u2122"}]},{"@type":"WebSite","@id":"https:\/\/intl.phonak.com\/ro-ro\/#website","url":"https:\/\/intl.phonak.com\/ro-ro\/","name":"Phonak - Rom\u00e2nia","description":"","potentialAction":[{"@type":"SearchAction","target":{"@type":"EntryPoint","urlTemplate":"https:\/\/intl.phonak.com\/ro-ro\/?s={search_term_string}"},"query-input":{"@type":"PropertyValueSpecification","valueRequired":true,"valueName":"search_term_string"}}],"inLanguage":"ro-RO"}]}},"jetpack_sharing_enabled":true,"distributor_meta":false,"distributor_terms":false,"distributor_media":false,"distributor_original_site_name":"Phonak -  Rom\u00e2nia","distributor_original_site_url":"https:\/\/intl.phonak.com\/ro-ro","push-errors":false,"_links":{"self":[{"href":"https:\/\/intl.phonak.com\/ro-ro\/wp-json\/wp\/v2\/pages\/525","targetHints":{"allow":["GET"]}}],"collection":[{"href":"https:\/\/intl.phonak.com\/ro-ro\/wp-json\/wp\/v2\/pages"}],"about":[{"href":"https:\/\/intl.phonak.com\/ro-ro\/wp-json\/wp\/v2\/types\/page"}],"author":[{"embeddable":true,"href":"https:\/\/intl.phonak.com\/ro-ro\/wp-json\/wp\/v2\/users\/14"}],"replies":[{"embeddable":true,"href":"https:\/\/intl.phonak.com\/ro-ro\/wp-json\/wp\/v2\/comments?post=525"}],"version-history":[{"count":7,"href":"https:\/\/intl.phonak.com\/ro-ro\/wp-json\/wp\/v2\/pages\/525\/revisions"}],"predecessor-version":[{"id":1487,"href":"https:\/\/intl.phonak.com\/ro-ro\/wp-json\/wp\/v2\/pages\/525\/revisions\/1487"}],"up":[{"embeddable":true,"href":"https:\/\/intl.phonak.com\/ro-ro\/wp-json\/wp\/v2\/pages\/528"}],"wp:attachment":[{"href":"https:\/\/intl.phonak.com\/ro-ro\/wp-json\/wp\/v2\/media?parent=525"}],"curies":[{"name":"wp","href":"https:\/\/api.w.org\/{rel}","templated":true}]}}