{"id":522,"date":"2022-03-07T11:51:55","date_gmt":"2022-03-07T11:51:55","guid":{"rendered":"https:\/\/intl.phonak.com\/ro-ro\/pediatric-center\/"},"modified":"2026-03-25T13:49:42","modified_gmt":"2026-03-25T13:49:42","slug":"pediatric-center","status":"publish","type":"page","link":"https:\/\/intl.phonak.com\/ro-ro\/pediatric-center\/","title":{"rendered":"Pediatric Center"},"content":{"rendered":"\n<div class=\"wp-block-cover alignfull is-light\"><span aria-hidden=\"true\" class=\"wp-block-cover__background has-white-background-color has-background-dim-60 has-background-dim\"><\/span><img decoding=\"async\" class=\"wp-block-cover__image-background wp-image-5374\" alt=\"\" src=\"https:\/\/intl.phonak.com\/main-english\/wp-content\/uploads\/sites\/3\/2022\/03\/Banner-Ped-center.jpg\" style=\"object-position:45% 65%\" data-object-fit=\"cover\" data-object-position=\"45% 65%\"\/><div class=\"wp-block-cover__inner-container is-layout-flow wp-block-cover-is-layout-flow\">\n<h1 class=\"wp-block-heading has-text-align-center has-dark-grey-color has-text-color\" id=\"discover-your-child-s-hearing\">Discover your child&#8217;s hearing<\/h1>\n\n\n\n<p class=\"has-text-align-center has-dark-grey-color has-text-color has-lead-font-size\">Pediatric hearing solutions for every age<\/p>\n<\/div><\/div>\n\n\n\n<figure class=\"wp-block-image aligncenter size-full is-resized\"><img decoding=\"async\" src=\"https:\/\/intl.phonak.com\/main-english\/wp-content\/uploads\/sites\/3\/2022\/03\/Secondary_Logo_Inter_Approved_Pediatric_Hearing_Center.png\" alt=\"\" class=\"wp-image-5429\" style=\"width:411px;height:136px\"\/><\/figure>\n\n\n\n<div style=\"height:62px\" aria-hidden=\"true\" class=\"wp-block-spacer\"><\/div>\n\n\n\n<p class=\"has-text-align-center is-style-default\">A Phonak International Approved Pediatric Hearing Center is an international certification that is given to leading centers which fulfill the following requirements: infrastructure adjusted to children and their needs, specialized measurement and diagnostics equipment, and of course dedicated and qualified pediatric hearing specialists to attend the needs of your child and you as a parent.<\/p>\n\n\n\n<div style=\"height:63px\" aria-hidden=\"true\" class=\"wp-block-spacer\"><\/div>\n\n\n\n<h2 class=\"wp-block-heading has-text-align-center has-dark-grey-color has-text-color\">Our approved pediatric hearing centers<\/h2>\n\n\n\n<div style=\"height:54px\" aria-hidden=\"true\" class=\"wp-block-spacer\"><\/div>\n\n\n\n<div class=\"wp-block-columns is-layout-flex wp-container-core-columns-is-layout-9d6595d7 wp-block-columns-is-layout-flex\">\n<div class=\"wp-block-column is-layout-flow wp-block-column-is-layout-flow\">\n<figure class=\"wp-block-image aligncenter size-large is-resized\"><img decoding=\"async\" src=\"https:\/\/intl.phonak.com\/main-english\/wp-content\/uploads\/sites\/3\/2022\/03\/Ped-center-Phonak-logo.jpg?w=391\" alt=\"\" class=\"wp-image-5478\" style=\"width:298px;height:155px\"\/><\/figure>\n<\/div>\n\n\n\n<div class=\"wp-block-column is-layout-flow wp-block-column-is-layout-flow\">\n<h4 class=\"wp-block-heading has-text-align-center\">Hearing Center<\/h4>\n\n\n\n<p class=\"has-text-align-center\">Address 1, 111 00 City<br>+00 000 00 00 000 <br>welcome@hearing.com<br>www.phonak.com<\/p>\n<\/div>\n\n\n\n<div class=\"wp-block-column is-layout-flow wp-block-column-is-layout-flow\">\n<figure class=\"wp-block-image aligncenter size-large is-resized\"><img decoding=\"async\" src=\"https:\/\/intl.phonak.com\/main-english\/wp-content\/uploads\/sites\/3\/2023\/04\/Approved-icon_no-text.png?w=591\" alt=\"\" class=\"wp-image-6632\" style=\"width:-5px;height:-5px\"\/><\/figure>\n<\/div>\n<\/div>\n\n\n\n<div style=\"height:66px\" aria-hidden=\"true\" class=\"wp-block-spacer\"><\/div>\n\n\n\n<div class=\"wp-block-columns is-layout-flex wp-container-core-columns-is-layout-9d6595d7 wp-block-columns-is-layout-flex\">\n<div class=\"wp-block-column is-layout-flow wp-block-column-is-layout-flow\">\n<figure class=\"wp-block-image aligncenter size-large is-resized\"><img decoding=\"async\" src=\"https:\/\/intl.phonak.com\/main-english\/wp-content\/uploads\/sites\/3\/2022\/03\/Ped-center-Phonak-logo.jpg?w=391\" alt=\"\" class=\"wp-image-5478\" style=\"width:290px;height:149px\"\/><\/figure>\n<\/div>\n\n\n\n<div class=\"wp-block-column is-layout-flow wp-block-column-is-layout-flow\">\n<h4 class=\"wp-block-heading has-text-align-center\">Hearing Center<\/h4>\n\n\n\n<p class=\"has-text-align-center\">Address 1, 111 00 City<br>+00 000 00 00 000 <br>welcome@hearing.com<br>www.phonak.com<\/p>\n<\/div>\n\n\n\n<div class=\"wp-block-column is-layout-flow wp-block-column-is-layout-flow\">\n<figure class=\"wp-block-image aligncenter size-full is-resized\"><img decoding=\"async\" src=\"https:\/\/intl.phonak.com\/main-english\/wp-content\/uploads\/sites\/3\/2023\/04\/Approved-icon_no-text.png\" alt=\"\" class=\"wp-image-6632\" style=\"width:-19px;height:-19px\"\/><\/figure>\n<\/div>\n<\/div>\n\n\n\n<div style=\"height:32px\" aria-hidden=\"true\" class=\"wp-block-spacer\"><\/div>\n\n\n\n<h3 class=\"wp-block-heading has-text-align-center has-blue-color has-text-color\">Visiting an approved pediatric hearing center for first time<\/h3>\n\n\n\n<p class=\"has-text-align-center\">Every approved pediatric hearing center provides high quality services, including:<\/p>\n\n\n\n<div style=\"height:55px\" aria-hidden=\"true\" class=\"wp-block-spacer\"><\/div>\n\n\n\n<div class=\"wp-block-columns is-layout-flex wp-container-core-columns-is-layout-9d6595d7 wp-block-columns-is-layout-flex\">\n<div class=\"wp-block-column is-layout-flow wp-block-column-is-layout-flow\">\n<h5 class=\"wp-block-heading has-text-align-center has-blue-color has-text-color\">Counseling on children&#8217;s hearing ability<\/h5>\n\n\n\n<p class=\"has-text-align-center\">Our hearing care professionals are experts in pediatric hearing care. <\/p>\n<\/div>\n\n\n\n<div class=\"wp-block-column is-layout-flow wp-block-column-is-layout-flow\">\n<h5 class=\"wp-block-heading has-text-align-center has-blue-color has-text-color\">Hearing tests made for children<\/h5>\n\n\n\n<p class=\"has-text-align-center\">We use hearing tests and methods developed specifically for children.<\/p>\n<\/div>\n\n\n\n<div class=\"wp-block-column is-layout-flow wp-block-column-is-layout-flow\">\n<h5 class=\"wp-block-heading has-text-align-center has-blue-color has-text-color\">Selecting hearing aids and accessories<\/h5>\n\n\n\n<p class=\"has-text-align-center\">Our experts will advise you on what types of hearing aids and accessories are most suitable for your child.<\/p>\n<\/div>\n<\/div>\n\n\n\n<div style=\"height:61px\" aria-hidden=\"true\" class=\"wp-block-spacer\"><\/div>\n\n\n\n<div class=\"wp-block-columns is-layout-flex wp-container-core-columns-is-layout-9d6595d7 wp-block-columns-is-layout-flex\">\n<div class=\"wp-block-column is-layout-flow wp-block-column-is-layout-flow\">\n<h5 class=\"wp-block-heading has-text-align-center has-blue-color has-text-color\">Advice on educational and financial assistance<\/h5>\n\n\n\n<p class=\"has-text-align-center\">We can offer guidance and advise on educational and financial assistance for hearing aids and accessories.<\/p>\n<\/div>\n\n\n\n<div class=\"wp-block-column is-layout-flow wp-block-column-is-layout-flow\">\n<h5 class=\"wp-block-heading has-text-align-center has-blue-color has-text-color\">Practical communication tips <br><\/h5>\n\n\n\n<p class=\"has-text-align-center\">Ask your hearing care professional for practical tips on how to improve your child\u2019s speech.<\/p>\n<\/div>\n\n\n\n<div class=\"wp-block-column is-layout-flow wp-block-column-is-layout-flow\">\n<h5 class=\"wp-block-heading has-text-align-center has-blue-color has-text-color\">Regular monitoring<br><\/h5>\n\n\n\n<p class=\"has-text-align-center\">Since children are continuously growing, it is important to do regular hearing checks. Your hearing care professional will tell you more.<\/p>\n<\/div>\n<\/div>\n\n\n\n<div style=\"height:71px\" aria-hidden=\"true\" class=\"wp-block-spacer\"><\/div>\n\n\n\n<div class=\"wp-block-group alignfull is-style-default has-light-grey-background-color has-background is-layout-flow wp-block-group-is-layout-flow\">\n\t<div class=\"wp-block-pho-product-selection \">\n\t\t<div class=\"grid-x grid-padding-x grid-padding-y\">\n\n\t\t\t\t\t\t\t<div class=\"cell\">\n\t\t\t\t\t<h2 class=\"text-center\">Discover pediatric hearing solutions<\/h2>\n\t\t\t\t<\/div>\n\t\t\t\t\n\t\t\t\t<div class=\"cell medium-6 large-4 flex-container\">\n\t\t\t\t\t\n<article id=\"post-36\" class=\"product-card post-36 pho_products type-pho_products status-publish has-post-thumbnail hentry pho_product_type-copii-si-adolescenti pho_product_type-putere pho_product_category-aparate-auditive pho_product_category-pediatrie pho_product_platforms-lumity\">\n\t\t<a class=\"flex-container flex-dir-column align-justify align-top\" href=\"https:\/\/intl.phonak.com\/ro-ro\/produse\/phonak-sky-lumity\/\">\n\t\t<div class=\"product-card-content-wrapper\">\n\t\t\t\n\t\t\t\t<div class=\"product-image-wrapper\">\n\t\t\t\t\t<img loading=\"lazy\" decoding=\"async\" width=\"600\" height=\"600\" src=\"https:\/\/intl.phonak.com\/ro-ro\/wp-content\/uploads\/sites\/62\/2023\/10\/PH_Packshot_Love-Sky-L-Hook_M8-1.png?w=600\" class=\"attachment-post-thumbnail size-post-thumbnail wp-post-image\" alt=\"Phonak Sky Lumity\" srcset=\"https:\/\/intl.phonak.com\/ro-ro\/wp-content\/uploads\/sites\/62\/2023\/10\/PH_Packshot_Love-Sky-L-Hook_M8-1.png 600w, https:\/\/intl.phonak.com\/ro-ro\/wp-content\/uploads\/sites\/62\/2023\/10\/PH_Packshot_Love-Sky-L-Hook_M8-1.png?resize=150,150 150w, https:\/\/intl.phonak.com\/ro-ro\/wp-content\/uploads\/sites\/62\/2023\/10\/PH_Packshot_Love-Sky-L-Hook_M8-1.png?resize=300,300 300w\" sizes=\"auto, (max-width: 600px) 100vw, 600px\" \/>\t\t\t\t<\/div>\n\n\t\t\t\t<h3 class=\"entry-title\">Phonak Sky\u2122 Lumity<\/h3><p>Op\u021biunea pediatric\u0103, echipat\u0103 cu cea mai recent\u0103 tehnologie Lumity. Dispune de o gam\u0103 larg\u0103 de combina\u021bii de culori pediatrice, astfel \u00eenc\u00e2t copiii s\u0103-\u0219i poat\u0103 \u00eembr\u0103\u021bi\u0219a unicitatea.<\/p>\n\t\t<\/div>\n\t\t<div class=\"wp-block-button\">\n\t\t\t<div class=\"wp-block-button__link\">Cite\u0219te mai mult<\/div>\n\t\t<\/div>\n\t<\/a>\n<\/article><!-- #post-36 -->\n\t\t\t\t<\/div>\n\n\t\t\t\t\n\t\t\t\t<div class=\"cell medium-6 large-4 flex-container\">\n\t\t\t\t\t\n<article id=\"post-107\" class=\"product-card post-107 pho_products type-pho_products status-publish has-post-thumbnail hentry pho_product_type-bimodal pho_product_type-copii-si-adolescenti pho_product_type-putere pho_product_category-aparate-auditive pho_product_category-pediatrie\">\n\t\t<a class=\"flex-container flex-dir-column align-justify align-top\" href=\"https:\/\/intl.phonak.com\/ro-ro\/produse\/phonak-sky-link-m\/\">\n\t\t<div class=\"product-card-content-wrapper\">\n\t\t\t\n\t\t\t\t<div class=\"product-image-wrapper\">\n\t\t\t\t\t<img loading=\"lazy\" decoding=\"async\" width=\"1024\" height=\"1024\" src=\"https:\/\/intl.phonak.com\/ro-ro\/wp-content\/uploads\/sites\/62\/2022\/02\/PH_Packshot_Love_Sky_Link_M_Hook_R2_050-0802-Q3-e1654235126717.png?w=1024\" class=\"attachment-post-thumbnail size-post-thumbnail wp-post-image\" alt=\"Phonak Sky Link M pair\" srcset=\"https:\/\/intl.phonak.com\/ro-ro\/wp-content\/uploads\/sites\/62\/2022\/02\/PH_Packshot_Love_Sky_Link_M_Hook_R2_050-0802-Q3-e1654235126717.png 1200w, https:\/\/intl.phonak.com\/ro-ro\/wp-content\/uploads\/sites\/62\/2022\/02\/PH_Packshot_Love_Sky_Link_M_Hook_R2_050-0802-Q3-e1654235126717.png?resize=150,150 150w, https:\/\/intl.phonak.com\/ro-ro\/wp-content\/uploads\/sites\/62\/2022\/02\/PH_Packshot_Love_Sky_Link_M_Hook_R2_050-0802-Q3-e1654235126717.png?resize=300,300 300w, https:\/\/intl.phonak.com\/ro-ro\/wp-content\/uploads\/sites\/62\/2022\/02\/PH_Packshot_Love_Sky_Link_M_Hook_R2_050-0802-Q3-e1654235126717.png?resize=768,768 768w, https:\/\/intl.phonak.com\/ro-ro\/wp-content\/uploads\/sites\/62\/2022\/02\/PH_Packshot_Love_Sky_Link_M_Hook_R2_050-0802-Q3-e1654235126717.png?resize=1024,1024 1024w\" sizes=\"auto, (max-width: 1024px) 100vw, 1024px\" \/>\t\t\t\t<\/div>\n\n\t\t\t\t<h3 class=\"entry-title\">Phonak Sky\u2122 Link M<\/h3><p>Sky\u2122 Link M can be paired with an Advanced Bionics (AB) pediatric sound processor making a truly bimodal solution.<\/p>\n\t\t<\/div>\n\t\t<div class=\"wp-block-button\">\n\t\t\t<div class=\"wp-block-button__link\">Cite\u0219te mai mult<\/div>\n\t\t<\/div>\n\t<\/a>\n<\/article><!-- #post-107 -->\n\t\t\t\t<\/div>\n\n\t\t\t\t\n\t\t\t\t<div class=\"cell medium-6 large-4 flex-container\">\n\t\t\t\t\t\n<article id=\"post-195\" class=\"product-card post-195 pho_products type-pho_products status-publish has-post-thumbnail hentry pho_product_type-roger pho_product_category-microfoane-roger pho_product_platforms-roger\">\n\t\t<a class=\"flex-container flex-dir-column align-justify align-top\" href=\"https:\/\/intl.phonak.com\/ro-ro\/produse\/roger-on\/\">\n\t\t<div class=\"product-card-content-wrapper\">\n\t\t\t\n\t\t\t\t<div class=\"product-image-wrapper\">\n\t\t\t\t\t<img loading=\"lazy\" decoding=\"async\" width=\"600\" height=\"600\" src=\"https:\/\/intl.phonak.com\/ro-ro\/wp-content\/uploads\/sites\/62\/2021\/11\/PH_Packshot_Roger_On_front_perspective_056-3010-P7.png?w=600\" class=\"attachment-post-thumbnail size-post-thumbnail wp-post-image\" alt=\"Roger On\" srcset=\"https:\/\/intl.phonak.com\/ro-ro\/wp-content\/uploads\/sites\/62\/2021\/11\/PH_Packshot_Roger_On_front_perspective_056-3010-P7.png 600w, https:\/\/intl.phonak.com\/ro-ro\/wp-content\/uploads\/sites\/62\/2021\/11\/PH_Packshot_Roger_On_front_perspective_056-3010-P7.png?resize=150,150 150w, https:\/\/intl.phonak.com\/ro-ro\/wp-content\/uploads\/sites\/62\/2021\/11\/PH_Packshot_Roger_On_front_perspective_056-3010-P7.png?resize=300,300 300w\" sizes=\"auto, (max-width: 600px) 100vw, 600px\" \/>\t\t\t\t<\/div>\n\n\t\t\t\t<h3 class=\"entry-title\">Roger On\u2122<\/h3><p>Acest microfon versatil pentru aparate auditive este conceput pentru a face conversa\u021biile mai clare \u00een situa\u021bii dificile de ascultare. Recunoa\u0219te dac\u0103 vorbirea vine din partea st\u00e2ng\u0103 sau dreapt\u0103 \u0219i comut\u0103 automat \u00eentre diferite moduri de microfon, \u00een func\u021bie de dac\u0103 este folosit pe o mas\u0103, prins de haine sau \u021binut \u00een m\u00e2n\u0103. <\/p>\n\t\t<\/div>\n\t\t<div class=\"wp-block-button\">\n\t\t\t<div class=\"wp-block-button__link\">Cite\u0219te mai mult<\/div>\n\t\t<\/div>\n\t<\/a>\n<\/article><!-- #post-195 -->\n\t\t\t\t<\/div>\n\n\t\t\t\t\n\t\t<\/div>\n\t<\/div>\n\n\t<\/div>\n\n\n\n<div style=\"height:100px\" aria-hidden=\"true\" class=\"wp-block-spacer\"><\/div>\n\n\n\n<div class=\"wp-block-media-text is-stacked-on-mobile cta-block\" style=\"grid-template-columns:35% auto\"><figure class=\"wp-block-media-text__media\"><img decoding=\"async\" src=\"https:\/\/intl.phonak.com\/main-english\/wp-content\/uploads\/sites\/3\/2021\/11\/cta-image.jpg?w=401\" alt=\"\" class=\"wp-image-6738 size-full\"\/><\/figure><div class=\"wp-block-media-text__content\">\n<div class=\"wp-block-create-block-icon-selector\"><i class=\"fal fa-map-marker-alt\"><\/i><\/div>   \n<h3 class=\"wp-block-heading\">Exper\u021bi \u00een auz \u00een apropiere<\/h3>   <p>Profesioni\u0219tii din domeniul auzului v\u0103 pot ajuta s\u0103 face\u021bi alegerea perfect\u0103 pentru dvs. Ei vor lua \u00een considerare nevoile dvs. auditive, bugetul, stilul de via\u021b\u0103 \u0219i preferin\u021bele auditive individuale. <\/p>   <div class=\"wp-block-buttons is-layout-flex wp-block-buttons-is-layout-flex\">\n<div class=\"wp-block-button is-style-marker-green\"><a class=\"wp-block-button__link wp-element-button\" href=\"https:\/\/intl.phonak.com\/main-english\/find-an-expert\/\">G\u0103si\u021bi un expert<\/a><\/div>\n<\/div>\n<\/div><\/div> ","protected":false},"excerpt":{"rendered":"<p>A Phonak International Approved Pediatric Hearing Center is an international certification that is given to leading centers which fulfill the&#8230;<\/p>\n","protected":false},"author":14,"featured_media":0,"parent":0,"menu_order":0,"comment_status":"closed","ping_status":"closed","template":"","meta":{"_acf_changed":false,"inline_featured_image":false,"footnotes":""},"class_list":["post-522","page","type-page","status-publish","hentry"],"acf":[],"yoast_head":"<!-- This site is optimized with the Yoast SEO plugin v26.9 - https:\/\/yoast.com\/product\/yoast-seo-wordpress\/ -->\n<title>Pediatric Center - Phonak - Rom\u00e2nia<\/title>\n<meta name=\"robots\" content=\"index, follow, max-snippet:-1, max-image-preview:large, max-video-preview:-1\" \/>\n<link rel=\"canonical\" href=\"https:\/\/wordpress.sonova.com\/unitron-demo\/?page_id=5372\" \/>\n<meta property=\"og:locale\" content=\"ro_RO\" \/>\n<meta property=\"og:type\" content=\"article\" \/>\n<meta property=\"og:title\" content=\"Pediatric Center - Phonak - Rom\u00e2nia\" \/>\n<meta property=\"og:description\" content=\"A Phonak International Approved Pediatric Hearing Center is an international certification that is given to leading centers which fulfill the...\" \/>\n<meta property=\"og:url\" content=\"https:\/\/intl.phonak.com\/ro-ro\/pediatric-center\/\" \/>\n<meta property=\"og:site_name\" content=\"Phonak - Rom\u00e2nia\" \/>\n<meta property=\"article:modified_time\" content=\"2026-03-25T13:49:42+00:00\" \/>\n<meta property=\"og:image\" content=\"https:\/\/intl.phonak.com\/ro-ro\/wp-content\/uploads\/sites\/3\/2022\/03\/Banner-Ped-center.jpg\" \/>\n<meta name=\"twitter:card\" content=\"summary_large_image\" \/>\n<script type=\"application\/ld+json\" class=\"yoast-schema-graph\">{\"@context\":\"https:\/\/schema.org\",\"@graph\":[{\"@type\":\"WebPage\",\"@id\":\"https:\/\/intl.phonak.com\/ro-ro\/?page_id=522\",\"url\":\"https:\/\/intl.phonak.com\/ro-ro\/?page_id=522\",\"name\":\"Pediatric Center - Phonak - Rom\u00e2nia\",\"isPartOf\":{\"@id\":\"https:\/\/intl.phonak.com\/ro-ro\/#website\"},\"primaryImageOfPage\":{\"@id\":\"https:\/\/intl.phonak.com\/ro-ro\/?page_id=522#primaryimage\"},\"image\":{\"@id\":\"https:\/\/intl.phonak.com\/ro-ro\/?page_id=522#primaryimage\"},\"thumbnailUrl\":\"https:\/\/intl.phonak.com\/main-english\/wp-content\/uploads\/sites\/3\/2022\/03\/Banner-Ped-center.jpg\",\"datePublished\":\"2022-03-07T11:51:55+00:00\",\"dateModified\":\"2026-03-25T13:49:42+00:00\",\"breadcrumb\":{\"@id\":\"https:\/\/intl.phonak.com\/ro-ro\/?page_id=522#breadcrumb\"},\"inLanguage\":\"ro-RO\",\"potentialAction\":[{\"@type\":\"ReadAction\",\"target\":[\"https:\/\/intl.phonak.com\/ro-ro\/?page_id=522\"]}]},{\"@type\":\"ImageObject\",\"inLanguage\":\"ro-RO\",\"@id\":\"https:\/\/intl.phonak.com\/ro-ro\/?page_id=522#primaryimage\",\"url\":\"https:\/\/intl.phonak.com\/main-english\/wp-content\/uploads\/sites\/3\/2022\/03\/Banner-Ped-center.jpg\",\"contentUrl\":\"https:\/\/intl.phonak.com\/main-english\/wp-content\/uploads\/sites\/3\/2022\/03\/Banner-Ped-center.jpg\"},{\"@type\":\"BreadcrumbList\",\"@id\":\"https:\/\/intl.phonak.com\/ro-ro\/?page_id=522#breadcrumb\",\"itemListElement\":[{\"@type\":\"ListItem\",\"position\":1,\"name\":\"Home\",\"item\":\"https:\/\/intl.phonak.com\/ro-ro\/\"},{\"@type\":\"ListItem\",\"position\":2,\"name\":\"Pediatric Center\"}]},{\"@type\":\"WebSite\",\"@id\":\"https:\/\/intl.phonak.com\/ro-ro\/#website\",\"url\":\"https:\/\/intl.phonak.com\/ro-ro\/\",\"name\":\"Phonak - Rom\u00e2nia\",\"description\":\"\",\"potentialAction\":[{\"@type\":\"SearchAction\",\"target\":{\"@type\":\"EntryPoint\",\"urlTemplate\":\"https:\/\/intl.phonak.com\/ro-ro\/?s={search_term_string}\"},\"query-input\":{\"@type\":\"PropertyValueSpecification\",\"valueRequired\":true,\"valueName\":\"search_term_string\"}}],\"inLanguage\":\"ro-RO\"}]}<\/script>\n<!-- \/ Yoast SEO plugin. -->","yoast_head_json":{"title":"Pediatric Center - Phonak - Rom\u00e2nia","robots":{"index":"index","follow":"follow","max-snippet":"max-snippet:-1","max-image-preview":"max-image-preview:large","max-video-preview":"max-video-preview:-1"},"canonical":"https:\/\/wordpress.sonova.com\/unitron-demo\/?page_id=5372","og_locale":"ro_RO","og_type":"article","og_title":"Pediatric Center - Phonak - Rom\u00e2nia","og_description":"A Phonak International Approved Pediatric Hearing Center is an international certification that is given to leading centers which fulfill the...","og_url":"https:\/\/intl.phonak.com\/ro-ro\/pediatric-center\/","og_site_name":"Phonak - Rom\u00e2nia","article_modified_time":"2026-03-25T13:49:42+00:00","og_image":[{"url":"https:\/\/intl.phonak.com\/ro-ro\/wp-content\/uploads\/sites\/3\/2022\/03\/Banner-Ped-center.jpg","type":"","width":"","height":""}],"twitter_card":"summary_large_image","schema":{"@context":"https:\/\/schema.org","@graph":[{"@type":"WebPage","@id":"https:\/\/intl.phonak.com\/ro-ro\/?page_id=522","url":"https:\/\/intl.phonak.com\/ro-ro\/?page_id=522","name":"Pediatric Center - Phonak - Rom\u00e2nia","isPartOf":{"@id":"https:\/\/intl.phonak.com\/ro-ro\/#website"},"primaryImageOfPage":{"@id":"https:\/\/intl.phonak.com\/ro-ro\/?page_id=522#primaryimage"},"image":{"@id":"https:\/\/intl.phonak.com\/ro-ro\/?page_id=522#primaryimage"},"thumbnailUrl":"https:\/\/intl.phonak.com\/main-english\/wp-content\/uploads\/sites\/3\/2022\/03\/Banner-Ped-center.jpg","datePublished":"2022-03-07T11:51:55+00:00","dateModified":"2026-03-25T13:49:42+00:00","breadcrumb":{"@id":"https:\/\/intl.phonak.com\/ro-ro\/?page_id=522#breadcrumb"},"inLanguage":"ro-RO","potentialAction":[{"@type":"ReadAction","target":["https:\/\/intl.phonak.com\/ro-ro\/?page_id=522"]}]},{"@type":"ImageObject","inLanguage":"ro-RO","@id":"https:\/\/intl.phonak.com\/ro-ro\/?page_id=522#primaryimage","url":"https:\/\/intl.phonak.com\/main-english\/wp-content\/uploads\/sites\/3\/2022\/03\/Banner-Ped-center.jpg","contentUrl":"https:\/\/intl.phonak.com\/main-english\/wp-content\/uploads\/sites\/3\/2022\/03\/Banner-Ped-center.jpg"},{"@type":"BreadcrumbList","@id":"https:\/\/intl.phonak.com\/ro-ro\/?page_id=522#breadcrumb","itemListElement":[{"@type":"ListItem","position":1,"name":"Home","item":"https:\/\/intl.phonak.com\/ro-ro\/"},{"@type":"ListItem","position":2,"name":"Pediatric Center"}]},{"@type":"WebSite","@id":"https:\/\/intl.phonak.com\/ro-ro\/#website","url":"https:\/\/intl.phonak.com\/ro-ro\/","name":"Phonak - Rom\u00e2nia","description":"","potentialAction":[{"@type":"SearchAction","target":{"@type":"EntryPoint","urlTemplate":"https:\/\/intl.phonak.com\/ro-ro\/?s={search_term_string}"},"query-input":{"@type":"PropertyValueSpecification","valueRequired":true,"valueName":"search_term_string"}}],"inLanguage":"ro-RO"}]}},"jetpack_sharing_enabled":true,"distributor_meta":false,"distributor_terms":false,"distributor_media":false,"distributor_original_site_name":"Phonak -  Rom\u00e2nia","distributor_original_site_url":"https:\/\/intl.phonak.com\/ro-ro","push-errors":false,"_links":{"self":[{"href":"https:\/\/intl.phonak.com\/ro-ro\/wp-json\/wp\/v2\/pages\/522","targetHints":{"allow":["GET"]}}],"collection":[{"href":"https:\/\/intl.phonak.com\/ro-ro\/wp-json\/wp\/v2\/pages"}],"about":[{"href":"https:\/\/intl.phonak.com\/ro-ro\/wp-json\/wp\/v2\/types\/page"}],"author":[{"embeddable":true,"href":"https:\/\/intl.phonak.com\/ro-ro\/wp-json\/wp\/v2\/users\/14"}],"replies":[{"embeddable":true,"href":"https:\/\/intl.phonak.com\/ro-ro\/wp-json\/wp\/v2\/comments?post=522"}],"version-history":[{"count":7,"href":"https:\/\/intl.phonak.com\/ro-ro\/wp-json\/wp\/v2\/pages\/522\/revisions"}],"predecessor-version":[{"id":1800,"href":"https:\/\/intl.phonak.com\/ro-ro\/wp-json\/wp\/v2\/pages\/522\/revisions\/1800"}],"wp:attachment":[{"href":"https:\/\/intl.phonak.com\/ro-ro\/wp-json\/wp\/v2\/media?parent=522"}],"curies":[{"name":"wp","href":"https:\/\/api.w.org\/{rel}","templated":true}]}}