{"id":516,"date":"2021-11-17T21:17:45","date_gmt":"2021-11-17T21:17:45","guid":{"rendered":"https:\/\/intl.phonak.com\/ro-ro\/solutions\/"},"modified":"2025-12-15T07:22:51","modified_gmt":"2025-12-15T07:22:51","slug":"solutii","status":"publish","type":"page","link":"https:\/\/intl.phonak.com\/ro-ro\/solutii\/","title":{"rendered":"Solu\u0163ii"},"content":{"rendered":"\n<div class=\"wp-block-cover alignfull is-light\"><img decoding=\"async\" class=\"wp-block-cover__image-background wp-image-4530\" alt=\"Solutions\" src=\"https:\/\/intl.phonak.com\/ro-ro\/wp-content\/uploads\/sites\/3\/2022\/02\/Banner-solutions.jpg\" style=\"object-position:77% 33%\" data-object-fit=\"cover\" data-object-position=\"77% 33%\"\/><span aria-hidden=\"true\" class=\"wp-block-cover__background has-light-grey-background-color has-background-dim\"><\/span><div class=\"wp-block-cover__inner-container is-layout-flow wp-block-cover-is-layout-flow\">\n<h1 class=\"wp-block-heading has-text-align-center has-dark-grey-color has-text-color\" id=\"signs-of-hearing-loss-1\">O potrivire perfect\u0103<\/h1>\n\n\n\n<p class=\"has-text-align-center has-dark-grey-color has-text-color has-lead-font-size\">Solu\u021bii pentru fiecare nevoie<\/p>\n<\/div><\/div>\n\n\n\n<h2 class=\"wp-block-heading has-text-align-center\" id=\"simplifying-life-with-a-brilliant-solution\">Simplificarea vie\u021bii cu o solu\u021bie genial\u0103<\/h2>\n\n\n\n<p class=\"has-text-align-center\">Libertatea de a merge oriunde, f\u0103r\u0103 restric\u021bii asociate cu pierderea auzului, este important pentru o via\u021b\u0103 \u00eemplinit\u0103. Acesta este obiectivul nostru principal atunci c\u00e2nd cre\u0103m noi platforme pentru aparatele auditive \u0219i accesoriile Phonak.<\/p>\n\n\n\n<p class=\"has-text-align-center\">Scopul nostru este s\u0103 cre\u0103m diferite tipuri de aparate auditive, care s\u0103 v\u0103 simplifice via\u021ba, at\u00e2t automat, c\u00e2t \u0219i f\u0103r\u0103 efort, oferindu-v\u0103 \u00een acela\u0219i timp o experien\u021b\u0103 auditiv\u0103 excep\u021bional\u0103, oriunde, de fiecare dat\u0103!<\/p>\n\n\n\n<p class=\"has-text-align-center\">Aparatele auditive au parcurs un drum lung \u00een ultimii ani. Indiferent de gradul de pierdere a auzului &#8211; de la vizibil la profund &#8211; aparatele auditive Phonak variaz\u0103 foarte mult \u00een dimensiune \u0219i caracteristici pentru a se potrivi perfect \u00een via\u021ba ta.<\/p>\n\n\n\n<div style=\"height:37px\" aria-hidden=\"true\" class=\"wp-block-spacer\"><\/div>\n\n\n\n\t<div class=\"wp-block-pho-product-selection wp-block-pho-product-selection\">\n\t\t<div class=\"grid-x grid-padding-x grid-padding-y\">\n\n\t\t\t\t\t\t\t<div class=\"cell\">\n\t\t\t\t\t<h2 class=\"text-center\">Explora\u021bi solu\u021biile<\/h2>\n\t\t\t\t<\/div>\n\t\t\t\t\n\t\t\t\t<div class=\"cell medium-6 large-4 flex-container\">\n\t\t\t\t\t\n<article id=\"post-6\" class=\"product-card post-6 pho_products type-pho_products status-publish has-post-thumbnail hentry pho_product_type-prima-utilizare pho_product_category-aparate-auditive pho_product_platforms-infinio\">\n\t\t<a class=\"flex-container flex-dir-column align-justify align-top\" href=\"https:\/\/intl.phonak.com\/ro-ro\/produse\/phonak-audeo-sphere-infinio\/\">\n\t\t<div class=\"product-card-content-wrapper\">\n\t\t\t\n\t\t\t\t<div class=\"product-image-wrapper\">\n\t\t\t\t\t<img loading=\"lazy\" decoding=\"async\" width=\"1024\" height=\"1024\" src=\"https:\/\/intl.phonak.com\/ro-ro\/wp-content\/uploads\/sites\/62\/2025\/05\/PH_Packshot_Audeo-ISphereUltra-transparent_1080x1080.png?w=1024\" class=\"attachment-post-thumbnail size-post-thumbnail wp-post-image\" alt=\"\" srcset=\"https:\/\/intl.phonak.com\/ro-ro\/wp-content\/uploads\/sites\/62\/2025\/05\/PH_Packshot_Audeo-ISphereUltra-transparent_1080x1080.png 4500w, https:\/\/intl.phonak.com\/ro-ro\/wp-content\/uploads\/sites\/62\/2025\/05\/PH_Packshot_Audeo-ISphereUltra-transparent_1080x1080.png?resize=150,150 150w, https:\/\/intl.phonak.com\/ro-ro\/wp-content\/uploads\/sites\/62\/2025\/05\/PH_Packshot_Audeo-ISphereUltra-transparent_1080x1080.png?resize=300,300 300w, https:\/\/intl.phonak.com\/ro-ro\/wp-content\/uploads\/sites\/62\/2025\/05\/PH_Packshot_Audeo-ISphereUltra-transparent_1080x1080.png?resize=768,768 768w, https:\/\/intl.phonak.com\/ro-ro\/wp-content\/uploads\/sites\/62\/2025\/05\/PH_Packshot_Audeo-ISphereUltra-transparent_1080x1080.png?resize=1024,1024 1024w, https:\/\/intl.phonak.com\/ro-ro\/wp-content\/uploads\/sites\/62\/2025\/05\/PH_Packshot_Audeo-ISphereUltra-transparent_1080x1080.png?resize=1536,1536 1536w, https:\/\/intl.phonak.com\/ro-ro\/wp-content\/uploads\/sites\/62\/2025\/05\/PH_Packshot_Audeo-ISphereUltra-transparent_1080x1080.png?resize=2048,2048 2048w\" sizes=\"auto, (max-width: 1024px) 100vw, 1024px\" \/>\t\t\t\t<\/div>\n\n\t\t\t\t<h3 class=\"entry-title\">Phonak Aud\u00e9o Infinio (Ultra) Sphere\u2122<\/h3><p>Infinio Ultra Sphere v\u0103 ajut\u0103 s\u0103 auzi\u021bi mai bine chiar \u0219i \u00een cele mai dificile situa\u021bii. Inteligen\u021ba artificial\u0103 \u00een timp real \u00eembun\u0103t\u0103\u021be\u0219te vorbirea din orice direc\u021bie \u0219i de la mai multe persoane, f\u0103c\u00e2nd conversa\u021biile \u00een zgomot mai u\u0219or de \u00een\u021beles.<\/p>\n\t\t<\/div>\n\t\t<div class=\"wp-block-button\">\n\t\t\t<div class=\"wp-block-button__link\">Cite\u0219te mai mult<\/div>\n\t\t<\/div>\n\t<\/a>\n<\/article><!-- #post-6 -->\n\t\t\t\t<\/div>\n\n\t\t\t\t\n\t\t\t\t<div class=\"cell medium-6 large-4 flex-container\">\n\t\t\t\t\t\n<article id=\"post-12\" class=\"product-card post-12 pho_products type-pho_products status-publish has-post-thumbnail hentry pho_product_type-prima-utilizare pho_product_category-aparate-auditive pho_product_platforms-infinio\">\n\t\t<a class=\"flex-container flex-dir-column align-justify align-top\" href=\"https:\/\/intl.phonak.com\/ro-ro\/produse\/phonak-audeo-infinio\/\">\n\t\t<div class=\"product-card-content-wrapper\">\n\t\t\t\n\t\t\t\t<div class=\"product-image-wrapper\">\n\t\t\t\t\t<img loading=\"lazy\" decoding=\"async\" width=\"1024\" height=\"1024\" src=\"https:\/\/intl.phonak.com\/ro-ro\/wp-content\/uploads\/sites\/62\/2025\/05\/PH_Packshot_Audeo-I-RUltra-transparent_1080x1080.png?w=1024\" class=\"attachment-post-thumbnail size-post-thumbnail wp-post-image\" alt=\"\" srcset=\"https:\/\/intl.phonak.com\/ro-ro\/wp-content\/uploads\/sites\/62\/2025\/05\/PH_Packshot_Audeo-I-RUltra-transparent_1080x1080.png 4500w, https:\/\/intl.phonak.com\/ro-ro\/wp-content\/uploads\/sites\/62\/2025\/05\/PH_Packshot_Audeo-I-RUltra-transparent_1080x1080.png?resize=150,150 150w, https:\/\/intl.phonak.com\/ro-ro\/wp-content\/uploads\/sites\/62\/2025\/05\/PH_Packshot_Audeo-I-RUltra-transparent_1080x1080.png?resize=300,300 300w, https:\/\/intl.phonak.com\/ro-ro\/wp-content\/uploads\/sites\/62\/2025\/05\/PH_Packshot_Audeo-I-RUltra-transparent_1080x1080.png?resize=768,768 768w, https:\/\/intl.phonak.com\/ro-ro\/wp-content\/uploads\/sites\/62\/2025\/05\/PH_Packshot_Audeo-I-RUltra-transparent_1080x1080.png?resize=1024,1024 1024w, https:\/\/intl.phonak.com\/ro-ro\/wp-content\/uploads\/sites\/62\/2025\/05\/PH_Packshot_Audeo-I-RUltra-transparent_1080x1080.png?resize=1536,1536 1536w, https:\/\/intl.phonak.com\/ro-ro\/wp-content\/uploads\/sites\/62\/2025\/05\/PH_Packshot_Audeo-I-RUltra-transparent_1080x1080.png?resize=2048,2048 2048w\" sizes=\"auto, (max-width: 1024px) 100vw, 1024px\" \/>\t\t\t\t<\/div>\n\n\t\t\t\t<h3 class=\"entry-title\">Phonak Aud\u00e9o\u2122 Infinio (Ultra) R<\/h3><p>Oriunde te duce via\u021ba, lnfinio Ultra R este ultra adaptabil. Cu AutoSense OS 7.0, ob\u021bine\u021bi programe de auz personalizate unic, amestecate \u0219i sunet optim alimentat de AI. Indiferent de stilul t\u0103u de via\u021b\u0103, Ultra se adapteaz\u0103 la tine.<\/p>\n\t\t<\/div>\n\t\t<div class=\"wp-block-button\">\n\t\t\t<div class=\"wp-block-button__link\">Cite\u0219te mai mult<\/div>\n\t\t<\/div>\n\t<\/a>\n<\/article><!-- #post-12 -->\n\t\t\t\t<\/div>\n\n\t\t\t\t\n\t\t\t\t<div class=\"cell medium-6 large-4 flex-container\">\n\t\t\t\t\t\n<article id=\"post-20\" class=\"product-card post-20 pho_products type-pho_products status-publish has-post-thumbnail hentry pho_product_type-personalizat pho_product_type-prima-utilizare pho_product_category-aparate-auditive pho_product_platforms-infinio\">\n\t\t<a class=\"flex-container flex-dir-column align-justify align-top\" href=\"https:\/\/intl.phonak.com\/ro-ro\/produse\/phonak-virto-infinio\/\">\n\t\t<div class=\"product-card-content-wrapper\">\n\t\t\t\n\t\t\t\t<div class=\"product-image-wrapper\">\n\t\t\t\t\t<img loading=\"lazy\" decoding=\"async\" width=\"1024\" height=\"1024\" src=\"https:\/\/intl.phonak.com\/ro-ro\/wp-content\/uploads\/sites\/62\/2024\/10\/PH_Packshot_Virto-I-10-NW-O_CIC-F22-S22-left-PB.png?w=1024\" class=\"attachment-post-thumbnail size-post-thumbnail wp-post-image\" alt=\"Phonak Virto I-10 NW O\" srcset=\"https:\/\/intl.phonak.com\/ro-ro\/wp-content\/uploads\/sites\/62\/2024\/10\/PH_Packshot_Virto-I-10-NW-O_CIC-F22-S22-left-PB.png 2750w, https:\/\/intl.phonak.com\/ro-ro\/wp-content\/uploads\/sites\/62\/2024\/10\/PH_Packshot_Virto-I-10-NW-O_CIC-F22-S22-left-PB.png?resize=150,150 150w, https:\/\/intl.phonak.com\/ro-ro\/wp-content\/uploads\/sites\/62\/2024\/10\/PH_Packshot_Virto-I-10-NW-O_CIC-F22-S22-left-PB.png?resize=300,300 300w, https:\/\/intl.phonak.com\/ro-ro\/wp-content\/uploads\/sites\/62\/2024\/10\/PH_Packshot_Virto-I-10-NW-O_CIC-F22-S22-left-PB.png?resize=768,768 768w, https:\/\/intl.phonak.com\/ro-ro\/wp-content\/uploads\/sites\/62\/2024\/10\/PH_Packshot_Virto-I-10-NW-O_CIC-F22-S22-left-PB.png?resize=1024,1024 1024w, https:\/\/intl.phonak.com\/ro-ro\/wp-content\/uploads\/sites\/62\/2024\/10\/PH_Packshot_Virto-I-10-NW-O_CIC-F22-S22-left-PB.png?resize=1536,1536 1536w, https:\/\/intl.phonak.com\/ro-ro\/wp-content\/uploads\/sites\/62\/2024\/10\/PH_Packshot_Virto-I-10-NW-O_CIC-F22-S22-left-PB.png?resize=2048,2048 2048w\" sizes=\"auto, (max-width: 1024px) 100vw, 1024px\" \/>\t\t\t\t<\/div>\n\n\t\t\t\t<h3 class=\"entry-title\">Phonak Virto\u2122 Infinio<\/h3><p>Aparatele auditive Virto Infinio sunt pentru acele persoane care prefer\u0103 o solu\u021bie discret\u0103, personalizat\u0103. <\/p>\n\t\t<\/div>\n\t\t<div class=\"wp-block-button\">\n\t\t\t<div class=\"wp-block-button__link\">Cite\u0219te mai mult<\/div>\n\t\t<\/div>\n\t<\/a>\n<\/article><!-- #post-20 -->\n\t\t\t\t<\/div>\n\n\t\t\t\t\n\t\t<\/div>\n\t<\/div>\n\n\t\n\n\n<div style=\"height:25px\" aria-hidden=\"true\" class=\"wp-block-spacer\"><\/div>\n\n\n\n<p class=\"has-text-align-center\"><a href=\"https:\/\/intl.phonak.com\/ro-ro\/solutii\/stiluri-aparate-auditive\/\">\u00cen\u021belege\u021bi diferitele tipuri de modele de aparate auditive<\/a><\/p>\n\n\n\n<div style=\"height:34px\" aria-hidden=\"true\" class=\"wp-block-spacer\"><\/div>\n\n\n\n<div class=\"wp-block-media-text is-stacked-on-mobile cta-block\" style=\"grid-template-columns:35% auto\"><figure class=\"wp-block-media-text__media\"><img decoding=\"async\" src=\"https:\/\/intl.phonak.com\/main-english\/wp-content\/uploads\/sites\/3\/2021\/11\/cta-image.jpg?w=401\" alt=\"\" class=\"wp-image-6738 size-full\"\/><\/figure><div class=\"wp-block-media-text__content\">\n<div class=\"wp-block-create-block-icon-selector\"><i class=\"fal fa-map-marker-alt\"><\/i><\/div>   \n<h3 class=\"wp-block-heading\">Exper\u021bi \u00een auz \u00een apropiere<\/h3>   <p>Profesioni\u0219tii din domeniul auzului v\u0103 pot ajuta s\u0103 face\u021bi alegerea perfect\u0103 pentru dvs. Ei vor lua \u00een considerare nevoile dvs. auditive, bugetul, stilul de via\u021b\u0103 \u0219i preferin\u021bele auditive individuale. <\/p>   <div class=\"wp-block-buttons is-layout-flex wp-block-buttons-is-layout-flex\">\n<div class=\"wp-block-button is-style-marker-green\"><a class=\"wp-block-button__link wp-element-button\" href=\"https:\/\/intl.phonak.com\/main-english\/find-an-expert\/\">G\u0103si\u021bi un expert<\/a><\/div>\n<\/div>\n<\/div><\/div> ","protected":false},"excerpt":{"rendered":"<p>Simplificarea vie\u021bii cu o solu\u021bie genial\u0103 Libertatea de a merge oriunde, f\u0103r\u0103 restric\u021bii asociate cu pierderea auzului, este important pentru&#8230;<\/p>\n","protected":false},"author":5,"featured_media":0,"parent":0,"menu_order":0,"comment_status":"closed","ping_status":"closed","template":"","meta":{"_acf_changed":false,"inline_featured_image":false,"footnotes":""},"class_list":["post-516","page","type-page","status-publish","hentry"],"acf":[],"yoast_head":"<!-- This site is optimized with the Yoast SEO plugin v26.9 - https:\/\/yoast.com\/product\/yoast-seo-wordpress\/ -->\n<title>Solu\u0163ii - Phonak - Rom\u00e2nia<\/title>\n<meta name=\"robots\" content=\"index, follow, max-snippet:-1, max-image-preview:large, max-video-preview:-1\" \/>\n<link rel=\"canonical\" href=\"https:\/\/intl.phonak.com\/main-english\/solutions\/\" \/>\n<meta property=\"og:locale\" content=\"ro_RO\" \/>\n<meta property=\"og:type\" content=\"article\" \/>\n<meta property=\"og:title\" content=\"Solu\u0163ii - Phonak - Rom\u00e2nia\" \/>\n<meta property=\"og:description\" content=\"Simplificarea vie\u021bii cu o solu\u021bie genial\u0103 Libertatea de a merge oriunde, f\u0103r\u0103 restric\u021bii asociate cu pierderea auzului, este important pentru...\" \/>\n<meta property=\"og:url\" content=\"https:\/\/intl.phonak.com\/ro-ro\/solutii\/\" \/>\n<meta property=\"og:site_name\" content=\"Phonak - Rom\u00e2nia\" \/>\n<meta property=\"article:modified_time\" content=\"2025-12-15T07:22:51+00:00\" \/>\n<meta name=\"twitter:card\" content=\"summary_large_image\" \/>\n<meta name=\"twitter:label1\" content=\"Est. reading time\" \/>\n\t<meta name=\"twitter:data1\" content=\"2 minutes\" \/>\n<script type=\"application\/ld+json\" class=\"yoast-schema-graph\">{\"@context\":\"https:\/\/schema.org\",\"@graph\":[{\"@type\":\"WebPage\",\"@id\":\"https:\/\/intl.phonak.com\/ro-ro\/solutii\/\",\"url\":\"https:\/\/intl.phonak.com\/ro-ro\/solutii\/\",\"name\":\"Solu\u0163ii - Phonak - Rom\u00e2nia\",\"isPartOf\":{\"@id\":\"https:\/\/intl.phonak.com\/ro-ro\/#website\"},\"primaryImageOfPage\":{\"@id\":\"https:\/\/intl.phonak.com\/ro-ro\/solutii\/#primaryimage\"},\"image\":{\"@id\":\"https:\/\/intl.phonak.com\/ro-ro\/solutii\/#primaryimage\"},\"thumbnailUrl\":\"https:\/\/intl.phonak.com\/ro-ro\/wp-content\/uploads\/sites\/3\/2022\/02\/Banner-solutions.jpg\",\"datePublished\":\"2021-11-17T21:17:45+00:00\",\"dateModified\":\"2025-12-15T07:22:51+00:00\",\"breadcrumb\":{\"@id\":\"https:\/\/intl.phonak.com\/ro-ro\/solutii\/#breadcrumb\"},\"inLanguage\":\"ro-RO\",\"potentialAction\":[{\"@type\":\"ReadAction\",\"target\":[\"https:\/\/intl.phonak.com\/ro-ro\/solutii\/\"]}]},{\"@type\":\"ImageObject\",\"inLanguage\":\"ro-RO\",\"@id\":\"https:\/\/intl.phonak.com\/ro-ro\/solutii\/#primaryimage\",\"url\":\"\",\"contentUrl\":\"\"},{\"@type\":\"BreadcrumbList\",\"@id\":\"https:\/\/intl.phonak.com\/ro-ro\/solutii\/#breadcrumb\",\"itemListElement\":[{\"@type\":\"ListItem\",\"position\":1,\"name\":\"Home\",\"item\":\"https:\/\/intl.phonak.com\/ro-ro\/\"},{\"@type\":\"ListItem\",\"position\":2,\"name\":\"Solu\u0163ii\"}]},{\"@type\":\"WebSite\",\"@id\":\"https:\/\/intl.phonak.com\/ro-ro\/#website\",\"url\":\"https:\/\/intl.phonak.com\/ro-ro\/\",\"name\":\"Phonak - Rom\u00e2nia\",\"description\":\"\",\"potentialAction\":[{\"@type\":\"SearchAction\",\"target\":{\"@type\":\"EntryPoint\",\"urlTemplate\":\"https:\/\/intl.phonak.com\/ro-ro\/?s={search_term_string}\"},\"query-input\":{\"@type\":\"PropertyValueSpecification\",\"valueRequired\":true,\"valueName\":\"search_term_string\"}}],\"inLanguage\":\"ro-RO\"}]}<\/script>\n<!-- \/ Yoast SEO plugin. -->","yoast_head_json":{"title":"Solu\u0163ii - Phonak - Rom\u00e2nia","robots":{"index":"index","follow":"follow","max-snippet":"max-snippet:-1","max-image-preview":"max-image-preview:large","max-video-preview":"max-video-preview:-1"},"canonical":"https:\/\/intl.phonak.com\/main-english\/solutions\/","og_locale":"ro_RO","og_type":"article","og_title":"Solu\u0163ii - Phonak - Rom\u00e2nia","og_description":"Simplificarea vie\u021bii cu o solu\u021bie genial\u0103 Libertatea de a merge oriunde, f\u0103r\u0103 restric\u021bii asociate cu pierderea auzului, este important pentru...","og_url":"https:\/\/intl.phonak.com\/ro-ro\/solutii\/","og_site_name":"Phonak - Rom\u00e2nia","article_modified_time":"2025-12-15T07:22:51+00:00","twitter_card":"summary_large_image","twitter_misc":{"Est. reading time":"2 minutes"},"schema":{"@context":"https:\/\/schema.org","@graph":[{"@type":"WebPage","@id":"https:\/\/intl.phonak.com\/ro-ro\/solutii\/","url":"https:\/\/intl.phonak.com\/ro-ro\/solutii\/","name":"Solu\u0163ii - Phonak - Rom\u00e2nia","isPartOf":{"@id":"https:\/\/intl.phonak.com\/ro-ro\/#website"},"primaryImageOfPage":{"@id":"https:\/\/intl.phonak.com\/ro-ro\/solutii\/#primaryimage"},"image":{"@id":"https:\/\/intl.phonak.com\/ro-ro\/solutii\/#primaryimage"},"thumbnailUrl":"https:\/\/intl.phonak.com\/ro-ro\/wp-content\/uploads\/sites\/3\/2022\/02\/Banner-solutions.jpg","datePublished":"2021-11-17T21:17:45+00:00","dateModified":"2025-12-15T07:22:51+00:00","breadcrumb":{"@id":"https:\/\/intl.phonak.com\/ro-ro\/solutii\/#breadcrumb"},"inLanguage":"ro-RO","potentialAction":[{"@type":"ReadAction","target":["https:\/\/intl.phonak.com\/ro-ro\/solutii\/"]}]},{"@type":"ImageObject","inLanguage":"ro-RO","@id":"https:\/\/intl.phonak.com\/ro-ro\/solutii\/#primaryimage","url":"","contentUrl":""},{"@type":"BreadcrumbList","@id":"https:\/\/intl.phonak.com\/ro-ro\/solutii\/#breadcrumb","itemListElement":[{"@type":"ListItem","position":1,"name":"Home","item":"https:\/\/intl.phonak.com\/ro-ro\/"},{"@type":"ListItem","position":2,"name":"Solu\u0163ii"}]},{"@type":"WebSite","@id":"https:\/\/intl.phonak.com\/ro-ro\/#website","url":"https:\/\/intl.phonak.com\/ro-ro\/","name":"Phonak - Rom\u00e2nia","description":"","potentialAction":[{"@type":"SearchAction","target":{"@type":"EntryPoint","urlTemplate":"https:\/\/intl.phonak.com\/ro-ro\/?s={search_term_string}"},"query-input":{"@type":"PropertyValueSpecification","valueRequired":true,"valueName":"search_term_string"}}],"inLanguage":"ro-RO"}]}},"jetpack_sharing_enabled":true,"distributor_meta":false,"distributor_terms":false,"distributor_media":false,"distributor_original_site_name":"Phonak -  Rom\u00e2nia","distributor_original_site_url":"https:\/\/intl.phonak.com\/ro-ro","push-errors":false,"_links":{"self":[{"href":"https:\/\/intl.phonak.com\/ro-ro\/wp-json\/wp\/v2\/pages\/516","targetHints":{"allow":["GET"]}}],"collection":[{"href":"https:\/\/intl.phonak.com\/ro-ro\/wp-json\/wp\/v2\/pages"}],"about":[{"href":"https:\/\/intl.phonak.com\/ro-ro\/wp-json\/wp\/v2\/types\/page"}],"author":[{"embeddable":true,"href":"https:\/\/intl.phonak.com\/ro-ro\/wp-json\/wp\/v2\/users\/5"}],"replies":[{"embeddable":true,"href":"https:\/\/intl.phonak.com\/ro-ro\/wp-json\/wp\/v2\/comments?post=516"}],"version-history":[{"count":8,"href":"https:\/\/intl.phonak.com\/ro-ro\/wp-json\/wp\/v2\/pages\/516\/revisions"}],"predecessor-version":[{"id":1616,"href":"https:\/\/intl.phonak.com\/ro-ro\/wp-json\/wp\/v2\/pages\/516\/revisions\/1616"}],"wp:attachment":[{"href":"https:\/\/intl.phonak.com\/ro-ro\/wp-json\/wp\/v2\/media?parent=516"}],"curies":[{"name":"wp","href":"https:\/\/api.w.org\/{rel}","templated":true}]}}