{"id":513,"date":"2022-03-18T19:07:33","date_gmt":"2022-03-18T19:07:33","guid":{"rendered":"https:\/\/intl.phonak.com\/ro-ro\/roger-for-education\/"},"modified":"2025-07-11T09:54:03","modified_gmt":"2025-07-11T09:54:03","slug":"roger-pentru-educatie","status":"publish","type":"page","link":"https:\/\/intl.phonak.com\/ro-ro\/solutii\/roger-pentru-educatie\/","title":{"rendered":"Roger\u2122 pentru educa\u021bie"},"content":{"rendered":"\n<div class=\"wp-block-cover alignfull is-light\" style=\"min-height:430px;aspect-ratio:unset;\"><img decoding=\"async\" class=\"wp-block-cover__image-background wp-image-5658\" alt=\"\" src=\"https:\/\/intl.phonak.com\/ro-ro\/wp-content\/uploads\/sites\/3\/2022\/03\/Banner-roger-for-education.jpg\" style=\"object-position:96% 70%\" data-object-fit=\"cover\" data-object-position=\"96% 70%\"\/><span aria-hidden=\"true\" class=\"wp-block-cover__background has-white-background-color has-background-dim\"><\/span><div class=\"wp-block-cover__inner-container is-layout-flow wp-block-cover-is-layout-flow\">\n<h1 class=\"wp-block-heading has-text-align-center has-dark-grey-color has-text-color\" id=\"why-hearing-health-matters\">\u00cen\u021belegerea \u00eentr-o clas\u0103<\/h1>\n\n\n\n<p class=\"has-text-align-center has-dark-grey-color has-text-color has-lead-font-size\">\u00cembun\u0103t\u0103\u021birea auzului \u0219i a \u00een\u021belegerii \u00eentr-o clas\u0103 face o diferen\u021b\u0103 pozitiv\u0103 \u00een educa\u021bia copilului t\u0103u<\/p>\n<\/div><\/div>\n\n\n\n<h2 class=\"wp-block-heading has-text-align-center\">Participarea activ\u0103 \u00een sala de clas\u0103 modern\u0103<\/h2>\n\n\n\n<p class=\"has-text-align-center\">Pentru to\u021bi copiii, \u00een special pentru cei cu dificult\u0103\u021bi de auz, este important s\u0103 aud\u0103 bine la \u0219coal\u0103. S\u0103lile de clas\u0103 sunt un loc dinamic pentru interac\u021biune \u0219i, bine\u00een\u021beles, \u00eenv\u0103\u021bare. Pentru a participa pe deplin, fiecare copil trebuie s\u0103 aud\u0103 nu numai profesorul, ci \u0219i colegii de clas\u0103 \u0219i dispozitivele multimedia din clas\u0103. Cu Roger for Education exist\u0103 o solu\u021bie pentru fiecare situa\u021bie.<\/p>\n\n\n\n<div style=\"height:68px\" aria-hidden=\"true\" class=\"wp-block-spacer\"><\/div>\n\n\n<div class=\"brightcove-block\">\t\t<!-- Start of Brightcove Player -->\n\t\t\t\t\t\t<div style=\"display: block; position: relative; min-width: 0px; max-width: 640px;\">\n\t\t\t\t\t<div style=\"padding-top: 56%; \">\n\t\t\t\t\t\t<video-js\n\t\t\t\t\t\t\t\tid=\"5477196692001\"\n\t\t\t\t\t\t\t\tdata-video-id=\"5477196692001\" data-account=\"753371577001\"\n\t\t\t\t\t\t\t\tdata-player=\"bvzyxMKLBm\"\n\t\t\t\t\t\t\t\tdata-usage=\"cms:WordPress:6.8.5:2.8.8:javascript\"\n\t\t\t\t\t\t\t\tdata-embed=\"default\" class=\"video-js\"\n\t\t\t\t\t\t\t\tdata-application-id=\"\"\n\t\t\t\t\t\t\t\tcontrols   \t\t\t\t\t\t\t\tstyle=\"width: 100%; height: 100%; position: absolute; top: 0; bottom: 0; right: 0; left: 0;\">\n\t\t\t\t\t\t<\/video-js>\n\n\t\t\t\t\t\t<script src=\"https:\/\/players.brightcove.net\/753371577001\/bvzyxMKLBm_default\/index.min.js\"><\/script> \t\t\t\t\t<\/div>\n\t\t\t\t<\/div>\n\t\t\t\t\t\t<!-- End of Brightcove Player -->\n\t\t<\/div>\n\n\n<div style=\"height:58px\" aria-hidden=\"true\" class=\"wp-block-spacer\"><\/div>\n\n\n\n<p class=\"has-text-align-center\">O sal\u0103 de clas\u0103 modern\u0103 este alc\u0103tuit\u0103 din multe elemente care creeaz\u0103 un mediu de \u00eenv\u0103\u021bare dinamic. Din<br>Munca de la egal la egal \u0219i prelegerile la activit\u0103\u021bi care includ diverse forme de multimedia, este un loc<br>conceput at\u00e2t pentru elevi, c\u00e2t \u0219i pentru profesori s\u0103 participe, s\u0103 se implice, s\u0103 discute \u0219i s\u0103 interac\u021bioneze cu adev\u0103rat.<\/p>\n\n\n\n<p class=\"has-text-align-center\"><br>Pentru a \u021bine pasul cu mediile de \u00eenv\u0103\u021bare \u00een schimbare rapid\u0103, portofoliul Roger for Education ofer\u0103<br>diverse solu\u021bii intuitive \u0219i u\u0219or de utilizat, special concepute pentru orice lec\u021bie. Elevi \u0219i profesori<br>La fel au acum oportunitatea de a st\u0103p\u00e2ni cu u\u0219urin\u021b\u0103 diverse activit\u0103\u021bi moderne din clas\u0103.<\/p>\n\n\n\n<div style=\"height:76px\" aria-hidden=\"true\" class=\"wp-block-spacer\"><\/div>\n\n\n\n<div class=\"wp-block-columns is-layout-flex wp-container-core-columns-is-layout-9d6595d7 wp-block-columns-is-layout-flex\">\n<div class=\"wp-block-column is-layout-flow wp-block-column-is-layout-flow\">\n<figure class=\"wp-block-image aligncenter size-large is-resized\"><img decoding=\"async\" src=\"https:\/\/intl.phonak.com\/ro-ro\/wp-content\/uploads\/sites\/3\/2022\/03\/Roger-for-education.jpg?w=1024\" alt=\"\" class=\"wp-image-5666\"\/><\/figure>\n<\/div>\n\n\n\n<div class=\"wp-block-column is-layout-flow wp-block-column-is-layout-flow\">\n<figure class=\"wp-block-image aligncenter size-large is-resized\"><img decoding=\"async\" src=\"https:\/\/intl.phonak.com\/ro-ro\/wp-content\/uploads\/sites\/3\/2022\/03\/Roger-for-education-05.jpg?w=1024\" alt=\"\" class=\"wp-image-5668\"\/><\/figure>\n<\/div>\n\n\n\n<div class=\"wp-block-column is-layout-flow wp-block-column-is-layout-flow\">\n<figure class=\"wp-block-image aligncenter size-large is-resized\"><img decoding=\"async\" src=\"https:\/\/intl.phonak.com\/ro-ro\/wp-content\/uploads\/sites\/3\/2023\/12\/Visual_PH_Pic_RogerOn-highereducationnogreen_02.jpg?w=1024\" alt=\"Lecture\" class=\"wp-image-7318\"\/><\/figure>\n<\/div>\n<\/div>\n\n\n\n<div class=\"wp-block-columns is-layout-flex wp-container-core-columns-is-layout-9d6595d7 wp-block-columns-is-layout-flex\">\n<div class=\"wp-block-column is-layout-flow wp-block-column-is-layout-flow\">\n<h5 class=\"wp-block-heading has-text-align-center has-blue-color has-text-color\">Mod microfon automat<\/h5>\n\n\n\n<p class=\"has-text-align-center\">Set\u0103rile complet automate ale microfonului permit o utilizare optim\u0103 cu interven\u021bie minim\u0103 din partea elevilor sau profesorilor. Modul de microfon potrivit este ales automat \u00een func\u021bie de orientarea dispozitivului. Acest lucru \u00eel face u\u0219or de utilizat zilnic pentru profesori \u0219i elevi.<\/p>\n<\/div>\n\n\n\n<div class=\"wp-block-column is-layout-flow wp-block-column-is-layout-flow\">\n<h5 class=\"wp-block-heading has-text-align-center has-blue-color has-text-color\">Lumini indicatoare intuitive<\/h5>\n\n\n\n<p class=\"has-text-align-center\">Roger are un concept luminos indicator pe toate dispozitivele, care este clar vizibil \u0219i u\u0219or de \u00een\u021beles at\u00e2t de elevi, c\u00e2t \u0219i de profesori. Indicatorii lumino\u0219i confirm\u0103 starea opera\u021bional\u0103 a fiec\u0103rui dispozitiv, indiferent dac\u0103 este pornit, oprit, \u00eenc\u0103rcat, dezactivat sau utilizat cu mai multe persoane care vorbesc \u00eentr-o re\u021bea.<\/p>\n<\/div>\n\n\n\n<div class=\"wp-block-column is-layout-flow wp-block-column-is-layout-flow\">\n<h5 class=\"wp-block-heading has-text-align-center has-blue-color has-text-color\">Conexiune cu o singur\u0103 atingere<\/h5>\n\n\n\n<p class=\"has-text-align-center\">Conectarea microfoanelor \u0219i receptoarelor nu a fost niciodat\u0103 mai u\u0219oar\u0103. Pur \u0219i simplu pozi\u021biona\u021bi microfonul cu ecran tactil Roger aproape de un receptor sau alt dispozitiv Roger \u0219i atinge\u021bi &#8220;Conectare&#8221;.<\/p>\n<\/div>\n<\/div>\n\n\n\n<div style=\"height:44px\" aria-hidden=\"true\" class=\"wp-block-spacer\"><\/div>\n\n\n\n<div style=\"height:36px\" aria-hidden=\"true\" class=\"wp-block-spacer\"><\/div>\n\n\n\n<h2 class=\"wp-block-heading has-text-align-center\">Portofoliul Roger for Education SoundField<\/h2>\n\n\n\n<div style=\"height:36px\" aria-hidden=\"true\" class=\"wp-block-spacer\"><\/div>\n\n\n\n<p class=\"has-text-align-center\">Cu un portofoliu cuprinz\u0103tor care include o gam\u0103 de microfoane \u0219i difuzoare Roger din care s\u0103 alege\u021bi, provoc\u0103rile de ascultare \u00een clas\u0103 pot fi dep\u0103\u0219ite. Copiii pot pur \u0219i simplu s\u0103 \u00eenve\u021be \u2013 iar profesorii predau \u2013 f\u0103r\u0103 limite.<\/p>\n\n\n\n<div style=\"height:36px\" aria-hidden=\"true\" class=\"wp-block-spacer\"><\/div>\n\n\n\n<figure class=\"wp-block-image aligncenter size-large is-style-default\"><img decoding=\"async\" src=\"https:\/\/intl.phonak.com\/ro-ro\/wp-content\/uploads\/sites\/3\/2022\/03\/Roger_SoundField_for_eduction.jpg?w=1024\" alt=\"\" class=\"wp-image-5657\"\/><\/figure>\n\n\n\n<div style=\"height:38px\" aria-hidden=\"true\" class=\"wp-block-spacer\"><\/div>\n\n\n\n<div class=\"wp-block-group alignfull is-style-default has-light-grey-background-color has-background is-layout-flow wp-block-group-is-layout-flow\">\n\t<div class=\"wp-block-pho-product-selection \">\n\t\t<div class=\"grid-x grid-padding-x grid-padding-y\">\n\n\t\t\t\t\t\t\t<div class=\"cell\">\n\t\t\t\t\t<h2 class=\"text-center\">Produse<\/h2>\n\t\t\t\t<\/div>\n\t\t\t\t\n\t\t\t\t<div class=\"cell medium-6 large-4 flex-container\">\n\t\t\t\t\t\n<article id=\"post-215\" class=\"product-card post-215 pho_products type-pho_products status-publish has-post-thumbnail hentry pho_product_type-copii-si-adolescenti pho_product_type-roger pho_product_category-microfoane-roger pho_product_platforms-roger\">\n\t\t<a class=\"flex-container flex-dir-column align-justify align-top\" href=\"https:\/\/intl.phonak.com\/ro-ro\/produse\/roger-touchscreen-mic\/\">\n\t\t<div class=\"product-card-content-wrapper\">\n\t\t\t\n\t\t\t\t<div class=\"product-image-wrapper\">\n\t\t\t\t\t<img loading=\"lazy\" decoding=\"async\" width=\"600\" height=\"600\" src=\"https:\/\/intl.phonak.com\/ro-ro\/wp-content\/uploads\/sites\/62\/2021\/11\/Packshot_Roger_Touchscreen_Mic_Standing_Perspective_052-3297-P5.png?w=600\" class=\"attachment-post-thumbnail size-post-thumbnail wp-post-image\" alt=\"\" srcset=\"https:\/\/intl.phonak.com\/ro-ro\/wp-content\/uploads\/sites\/62\/2021\/11\/Packshot_Roger_Touchscreen_Mic_Standing_Perspective_052-3297-P5.png 600w, https:\/\/intl.phonak.com\/ro-ro\/wp-content\/uploads\/sites\/62\/2021\/11\/Packshot_Roger_Touchscreen_Mic_Standing_Perspective_052-3297-P5.png?resize=150,150 150w, https:\/\/intl.phonak.com\/ro-ro\/wp-content\/uploads\/sites\/62\/2021\/11\/Packshot_Roger_Touchscreen_Mic_Standing_Perspective_052-3297-P5.png?resize=300,300 300w\" sizes=\"auto, (max-width: 600px) 100vw, 600px\" \/>\t\t\t\t<\/div>\n\n\t\t\t\t<h3 class=\"entry-title\">Roger Touchscreen Mic<\/h3><p>Microfon simplu \u0219i intuitiv pe care profesorul \u00eel poate purta sau a\u0219eza pe o mas\u0103 pentru a prelua vorbirea unui grup de elevi.<\/p>\n\t\t<\/div>\n\t\t<div class=\"wp-block-button\">\n\t\t\t<div class=\"wp-block-button__link\">Cite\u0219te mai mult<\/div>\n\t\t<\/div>\n\t<\/a>\n<\/article><!-- #post-215 -->\n\t\t\t\t<\/div>\n\n\t\t\t\t\n\t\t\t\t<div class=\"cell medium-6 large-4 flex-container\">\n\t\t\t\t\t\n<article id=\"post-230\" class=\"product-card post-230 pho_products type-pho_products status-publish has-post-thumbnail hentry pho_product_type-copii-si-adolescenti pho_product_type-roger pho_product_category-microfoane-roger pho_product_platforms-roger\">\n\t\t<a class=\"flex-container flex-dir-column align-justify align-top\" href=\"https:\/\/intl.phonak.com\/ro-ro\/produse\/roger-pass-around\/\">\n\t\t<div class=\"product-card-content-wrapper\">\n\t\t\t\n\t\t\t\t<div class=\"product-image-wrapper\">\n\t\t\t\t\t<img loading=\"lazy\" decoding=\"async\" width=\"600\" height=\"600\" src=\"https:\/\/intl.phonak.com\/ro-ro\/wp-content\/uploads\/sites\/62\/2021\/11\/Packshot_Roger_Pass-around_Standing_Perspective_052-3261-P5.png?w=600\" class=\"attachment-post-thumbnail size-post-thumbnail wp-post-image\" alt=\"\" srcset=\"https:\/\/intl.phonak.com\/ro-ro\/wp-content\/uploads\/sites\/62\/2021\/11\/Packshot_Roger_Pass-around_Standing_Perspective_052-3261-P5.png 600w, https:\/\/intl.phonak.com\/ro-ro\/wp-content\/uploads\/sites\/62\/2021\/11\/Packshot_Roger_Pass-around_Standing_Perspective_052-3261-P5.png?resize=150,150 150w, https:\/\/intl.phonak.com\/ro-ro\/wp-content\/uploads\/sites\/62\/2021\/11\/Packshot_Roger_Pass-around_Standing_Perspective_052-3261-P5.png?resize=300,300 300w\" sizes=\"auto, (max-width: 600px) 100vw, 600px\" \/>\t\t\t\t<\/div>\n\n\t\t\t\t<h3 class=\"entry-title\">Roger Pass-around<\/h3><p>Microfon pentru elevi care poate fi distribuit, permi\u021b\u00e2nd copilului cu pierdere de auz s\u0103 aud\u0103.<\/p>\n\t\t<\/div>\n\t\t<div class=\"wp-block-button\">\n\t\t\t<div class=\"wp-block-button__link\">Cite\u0219te mai mult<\/div>\n\t\t<\/div>\n\t<\/a>\n<\/article><!-- #post-230 -->\n\t\t\t\t<\/div>\n\n\t\t\t\t\n\t\t\t\t<div class=\"cell medium-6 large-4 flex-container\">\n\t\t\t\t\t\n<article id=\"post-226\" class=\"product-card post-226 pho_products type-pho_products status-publish has-post-thumbnail hentry pho_product_type-copii-si-adolescenti pho_product_type-roger pho_product_category-microfoane-roger pho_product_platforms-roger\">\n\t\t<a class=\"flex-container flex-dir-column align-justify align-top\" href=\"https:\/\/intl.phonak.com\/ro-ro\/produse\/roger-multimedia-hub\/\">\n\t\t<div class=\"product-card-content-wrapper\">\n\t\t\t\n\t\t\t\t<div class=\"product-image-wrapper\">\n\t\t\t\t\t<img loading=\"lazy\" decoding=\"async\" width=\"600\" height=\"600\" src=\"https:\/\/intl.phonak.com\/ro-ro\/wp-content\/uploads\/sites\/62\/2021\/11\/Packshot_Roger_Multimedia_Hub_Standing_Perspective_052-3299-P5.png?w=600\" class=\"attachment-post-thumbnail size-post-thumbnail wp-post-image\" alt=\"\" srcset=\"https:\/\/intl.phonak.com\/ro-ro\/wp-content\/uploads\/sites\/62\/2021\/11\/Packshot_Roger_Multimedia_Hub_Standing_Perspective_052-3299-P5.png 600w, https:\/\/intl.phonak.com\/ro-ro\/wp-content\/uploads\/sites\/62\/2021\/11\/Packshot_Roger_Multimedia_Hub_Standing_Perspective_052-3299-P5.png?resize=150,150 150w, https:\/\/intl.phonak.com\/ro-ro\/wp-content\/uploads\/sites\/62\/2021\/11\/Packshot_Roger_Multimedia_Hub_Standing_Perspective_052-3299-P5.png?resize=300,300 300w\" sizes=\"auto, (max-width: 600px) 100vw, 600px\" \/>\t\t\t\t<\/div>\n\n\t\t\t\t<h3 class=\"entry-title\">Roger Multimedia Hub<\/h3><p>Transmi\u021b\u0103tor care poate fi utilizat \u00eentr-o re\u021bea Roger \u0219i poate fi conectat la orice dispozitiv multimedia utilizat \u00eentr-o sal\u0103 de clas\u0103. <\/p>\n\t\t<\/div>\n\t\t<div class=\"wp-block-button\">\n\t\t\t<div class=\"wp-block-button__link\">Cite\u0219te mai mult<\/div>\n\t\t<\/div>\n\t<\/a>\n<\/article><!-- #post-226 -->\n\t\t\t\t<\/div>\n\n\t\t\t\t\n\t\t<\/div>\n\t<\/div>\n\n\t\n\n\n<div class=\"wp-block-buttons is-content-justification-center is-layout-flex wp-container-core-buttons-is-layout-16018d1d wp-block-buttons-is-layout-flex\">\n<div class=\"wp-block-button\"><a class=\"wp-block-button__link wp-element-button\" href=\"https:\/\/intl.phonak.com\/ro-ro\/solutii\/produse\/\">Toate produsele<\/a><\/div>\n<\/div>\n<\/div>\n\n\n\n<div class=\"wp-block-media-text is-stacked-on-mobile cta-block\" style=\"grid-template-columns:35% auto\"><figure class=\"wp-block-media-text__media\"><img decoding=\"async\" src=\"https:\/\/intl.phonak.com\/main-english\/wp-content\/uploads\/sites\/3\/2021\/11\/cta-image.jpg?w=401\" alt=\"\" class=\"wp-image-6738 size-full\"\/><\/figure><div class=\"wp-block-media-text__content\">\n<div class=\"wp-block-create-block-icon-selector\"><i class=\"fal fa-map-marker-alt\"><\/i><\/div>   \n<h3 class=\"wp-block-heading\">Exper\u021bi \u00een auz \u00een apropiere<\/h3>   <p>Profesioni\u0219tii din domeniul auzului v\u0103 pot ajuta s\u0103 face\u021bi alegerea perfect\u0103 pentru dvs. Ei vor lua \u00een considerare nevoile dvs. auditive, bugetul, stilul de via\u021b\u0103 \u0219i preferin\u021bele auditive individuale. <\/p>   <div class=\"wp-block-buttons is-layout-flex wp-block-buttons-is-layout-flex\">\n<div class=\"wp-block-button is-style-marker-green\"><a class=\"wp-block-button__link wp-element-button\" href=\"https:\/\/intl.phonak.com\/main-english\/find-an-expert\/\">G\u0103si\u021bi un expert<\/a><\/div>\n<\/div>\n<\/div><\/div> ","protected":false},"excerpt":{"rendered":"<p>Participarea activ\u0103 \u00een sala de clas\u0103 modern\u0103 Pentru to\u021bi copiii, \u00een special pentru cei cu dificult\u0103\u021bi de auz, este important&#8230;<\/p>\n","protected":false},"author":14,"featured_media":0,"parent":516,"menu_order":0,"comment_status":"closed","ping_status":"closed","template":"","meta":{"_acf_changed":false,"inline_featured_image":false,"footnotes":""},"class_list":["post-513","page","type-page","status-publish","hentry"],"acf":[],"yoast_head":"<!-- This site is optimized with the Yoast SEO plugin v26.9 - https:\/\/yoast.com\/product\/yoast-seo-wordpress\/ -->\n<title>Roger\u2122 pentru educa\u021bie - Phonak - Rom\u00e2nia<\/title>\n<meta name=\"robots\" content=\"index, follow, max-snippet:-1, max-image-preview:large, max-video-preview:-1\" \/>\n<link rel=\"canonical\" href=\"https:\/\/intl.phonak.com\/main-english\/solutions\/roger-for-education\/\" \/>\n<meta property=\"og:locale\" content=\"ro_RO\" \/>\n<meta property=\"og:type\" content=\"article\" \/>\n<meta property=\"og:title\" content=\"Roger\u2122 pentru educa\u021bie - Phonak - Rom\u00e2nia\" \/>\n<meta property=\"og:description\" content=\"Participarea activ\u0103 \u00een sala de clas\u0103 modern\u0103 Pentru to\u021bi copiii, \u00een special pentru cei cu dificult\u0103\u021bi de auz, este important...\" \/>\n<meta property=\"og:url\" content=\"https:\/\/intl.phonak.com\/ro-ro\/solutii\/roger-pentru-educatie\/\" \/>\n<meta property=\"og:site_name\" content=\"Phonak - Rom\u00e2nia\" \/>\n<meta property=\"article:modified_time\" content=\"2025-07-11T09:54:03+00:00\" \/>\n<meta name=\"twitter:card\" content=\"summary_large_image\" \/>\n<meta name=\"twitter:label1\" content=\"Est. reading time\" \/>\n\t<meta name=\"twitter:data1\" content=\"6 minutes\" \/>\n<script type=\"application\/ld+json\" class=\"yoast-schema-graph\">{\"@context\":\"https:\/\/schema.org\",\"@graph\":[{\"@type\":\"WebPage\",\"@id\":\"https:\/\/intl.phonak.com\/ro-ro\/solutii\/roger-pentru-educatie\/\",\"url\":\"https:\/\/intl.phonak.com\/ro-ro\/solutii\/roger-pentru-educatie\/\",\"name\":\"Roger\u2122 pentru educa\u021bie - Phonak - Rom\u00e2nia\",\"isPartOf\":{\"@id\":\"https:\/\/intl.phonak.com\/ro-ro\/#website\"},\"primaryImageOfPage\":{\"@id\":\"https:\/\/intl.phonak.com\/ro-ro\/solutii\/roger-pentru-educatie\/#primaryimage\"},\"image\":{\"@id\":\"https:\/\/intl.phonak.com\/ro-ro\/solutii\/roger-pentru-educatie\/#primaryimage\"},\"thumbnailUrl\":\"https:\/\/intl.phonak.com\/ro-ro\/wp-content\/uploads\/sites\/3\/2022\/03\/Banner-roger-for-education.jpg\",\"datePublished\":\"2022-03-18T19:07:33+00:00\",\"dateModified\":\"2025-07-11T09:54:03+00:00\",\"breadcrumb\":{\"@id\":\"https:\/\/intl.phonak.com\/ro-ro\/solutii\/roger-pentru-educatie\/#breadcrumb\"},\"inLanguage\":\"ro-RO\",\"potentialAction\":[{\"@type\":\"ReadAction\",\"target\":[\"https:\/\/intl.phonak.com\/ro-ro\/solutii\/roger-pentru-educatie\/\"]}]},{\"@type\":\"ImageObject\",\"inLanguage\":\"ro-RO\",\"@id\":\"https:\/\/intl.phonak.com\/ro-ro\/solutii\/roger-pentru-educatie\/#primaryimage\",\"url\":\"\",\"contentUrl\":\"\"},{\"@type\":\"BreadcrumbList\",\"@id\":\"https:\/\/intl.phonak.com\/ro-ro\/solutii\/roger-pentru-educatie\/#breadcrumb\",\"itemListElement\":[{\"@type\":\"ListItem\",\"position\":1,\"name\":\"Home\",\"item\":\"https:\/\/intl.phonak.com\/ro-ro\/\"},{\"@type\":\"ListItem\",\"position\":2,\"name\":\"Solu\u0163ii\",\"item\":\"https:\/\/intl.phonak.com\/ro-ro\/solutii\/\"},{\"@type\":\"ListItem\",\"position\":3,\"name\":\"Roger\u2122 pentru educa\u021bie\"}]},{\"@type\":\"WebSite\",\"@id\":\"https:\/\/intl.phonak.com\/ro-ro\/#website\",\"url\":\"https:\/\/intl.phonak.com\/ro-ro\/\",\"name\":\"Phonak - Rom\u00e2nia\",\"description\":\"\",\"potentialAction\":[{\"@type\":\"SearchAction\",\"target\":{\"@type\":\"EntryPoint\",\"urlTemplate\":\"https:\/\/intl.phonak.com\/ro-ro\/?s={search_term_string}\"},\"query-input\":{\"@type\":\"PropertyValueSpecification\",\"valueRequired\":true,\"valueName\":\"search_term_string\"}}],\"inLanguage\":\"ro-RO\"}]}<\/script>\n<!-- \/ Yoast SEO plugin. -->","yoast_head_json":{"title":"Roger\u2122 pentru educa\u021bie - Phonak - Rom\u00e2nia","robots":{"index":"index","follow":"follow","max-snippet":"max-snippet:-1","max-image-preview":"max-image-preview:large","max-video-preview":"max-video-preview:-1"},"canonical":"https:\/\/intl.phonak.com\/main-english\/solutions\/roger-for-education\/","og_locale":"ro_RO","og_type":"article","og_title":"Roger\u2122 pentru educa\u021bie - Phonak - Rom\u00e2nia","og_description":"Participarea activ\u0103 \u00een sala de clas\u0103 modern\u0103 Pentru to\u021bi copiii, \u00een special pentru cei cu dificult\u0103\u021bi de auz, este important...","og_url":"https:\/\/intl.phonak.com\/ro-ro\/solutii\/roger-pentru-educatie\/","og_site_name":"Phonak - Rom\u00e2nia","article_modified_time":"2025-07-11T09:54:03+00:00","twitter_card":"summary_large_image","twitter_misc":{"Est. reading time":"6 minutes"},"schema":{"@context":"https:\/\/schema.org","@graph":[{"@type":"WebPage","@id":"https:\/\/intl.phonak.com\/ro-ro\/solutii\/roger-pentru-educatie\/","url":"https:\/\/intl.phonak.com\/ro-ro\/solutii\/roger-pentru-educatie\/","name":"Roger\u2122 pentru educa\u021bie - Phonak - Rom\u00e2nia","isPartOf":{"@id":"https:\/\/intl.phonak.com\/ro-ro\/#website"},"primaryImageOfPage":{"@id":"https:\/\/intl.phonak.com\/ro-ro\/solutii\/roger-pentru-educatie\/#primaryimage"},"image":{"@id":"https:\/\/intl.phonak.com\/ro-ro\/solutii\/roger-pentru-educatie\/#primaryimage"},"thumbnailUrl":"https:\/\/intl.phonak.com\/ro-ro\/wp-content\/uploads\/sites\/3\/2022\/03\/Banner-roger-for-education.jpg","datePublished":"2022-03-18T19:07:33+00:00","dateModified":"2025-07-11T09:54:03+00:00","breadcrumb":{"@id":"https:\/\/intl.phonak.com\/ro-ro\/solutii\/roger-pentru-educatie\/#breadcrumb"},"inLanguage":"ro-RO","potentialAction":[{"@type":"ReadAction","target":["https:\/\/intl.phonak.com\/ro-ro\/solutii\/roger-pentru-educatie\/"]}]},{"@type":"ImageObject","inLanguage":"ro-RO","@id":"https:\/\/intl.phonak.com\/ro-ro\/solutii\/roger-pentru-educatie\/#primaryimage","url":"","contentUrl":""},{"@type":"BreadcrumbList","@id":"https:\/\/intl.phonak.com\/ro-ro\/solutii\/roger-pentru-educatie\/#breadcrumb","itemListElement":[{"@type":"ListItem","position":1,"name":"Home","item":"https:\/\/intl.phonak.com\/ro-ro\/"},{"@type":"ListItem","position":2,"name":"Solu\u0163ii","item":"https:\/\/intl.phonak.com\/ro-ro\/solutii\/"},{"@type":"ListItem","position":3,"name":"Roger\u2122 pentru educa\u021bie"}]},{"@type":"WebSite","@id":"https:\/\/intl.phonak.com\/ro-ro\/#website","url":"https:\/\/intl.phonak.com\/ro-ro\/","name":"Phonak - Rom\u00e2nia","description":"","potentialAction":[{"@type":"SearchAction","target":{"@type":"EntryPoint","urlTemplate":"https:\/\/intl.phonak.com\/ro-ro\/?s={search_term_string}"},"query-input":{"@type":"PropertyValueSpecification","valueRequired":true,"valueName":"search_term_string"}}],"inLanguage":"ro-RO"}]}},"jetpack_sharing_enabled":true,"distributor_meta":false,"distributor_terms":false,"distributor_media":false,"distributor_original_site_name":"Phonak -  Rom\u00e2nia","distributor_original_site_url":"https:\/\/intl.phonak.com\/ro-ro","push-errors":false,"_links":{"self":[{"href":"https:\/\/intl.phonak.com\/ro-ro\/wp-json\/wp\/v2\/pages\/513","targetHints":{"allow":["GET"]}}],"collection":[{"href":"https:\/\/intl.phonak.com\/ro-ro\/wp-json\/wp\/v2\/pages"}],"about":[{"href":"https:\/\/intl.phonak.com\/ro-ro\/wp-json\/wp\/v2\/types\/page"}],"author":[{"embeddable":true,"href":"https:\/\/intl.phonak.com\/ro-ro\/wp-json\/wp\/v2\/users\/14"}],"replies":[{"embeddable":true,"href":"https:\/\/intl.phonak.com\/ro-ro\/wp-json\/wp\/v2\/comments?post=513"}],"version-history":[{"count":7,"href":"https:\/\/intl.phonak.com\/ro-ro\/wp-json\/wp\/v2\/pages\/513\/revisions"}],"predecessor-version":[{"id":1499,"href":"https:\/\/intl.phonak.com\/ro-ro\/wp-json\/wp\/v2\/pages\/513\/revisions\/1499"}],"up":[{"embeddable":true,"href":"https:\/\/intl.phonak.com\/ro-ro\/wp-json\/wp\/v2\/pages\/516"}],"wp:attachment":[{"href":"https:\/\/intl.phonak.com\/ro-ro\/wp-json\/wp\/v2\/media?parent=513"}],"curies":[{"name":"wp","href":"https:\/\/api.w.org\/{rel}","templated":true}]}}