{"id":411,"date":"2021-10-26T15:19:51","date_gmt":"2021-10-26T15:19:51","guid":{"rendered":"https:\/\/intl.phonak.com\/lv-lv\/about\/"},"modified":"2025-11-28T19:18:40","modified_gmt":"2025-11-28T19:18:40","slug":"par","status":"publish","type":"page","link":"https:\/\/intl.phonak.com\/lv-lv\/par\/","title":{"rendered":"Par"},"content":{"rendered":"\n<div class=\"wp-block-cover alignfull is-light\"><img decoding=\"async\" class=\"wp-block-cover__image-background wp-image-9298 size-large\" alt=\"\" src=\"https:\/\/intl.phonak.com\/lv-lv\/wp-content\/uploads\/sites\/3\/2025\/07\/About-us-banner.jpg?w=1024\" data-object-fit=\"cover\"\/><span aria-hidden=\"true\" class=\"wp-block-cover__background has-white-background-color has-background-dim-10 has-background-dim\"><\/span><div class=\"wp-block-cover__inner-container is-layout-flow wp-block-cover-is-layout-flow\">\n<h1 class=\"wp-block-heading has-text-align-center has-dark-grey-color has-text-color\" id=\"about-us\">Par mums<\/h1>\n\n\n\n<h6 class=\"wp-block-heading has-text-align-center\">Dinas Tanbergas Dzirdes Kl\u012bnika kop\u0101 ar Phonak<\/h6>\n<\/div><\/div>\n\n\n\n<div class=\"wp-block-group is-style-align-small is-layout-flow wp-block-group-is-layout-flow\" style=\"padding-top:0px;padding-bottom:0px\">\n<p class=\"has-text-align-center has-lead-font-size\">Phonak &#8211; j\u016bsu ilgtermi\u0146a partneris dzirdes apr\u016bp\u0113<\/p>\n\n\n\t<div class=\"wp-block-phonak-about wp-block-phonak-partner-details\">\n\t\t<div class=\"partner-details-wrapper grid-x align-middle align-justify\">\n\t\t\t\t\t\t\t\t<div class=\"partner\">\n\t\t\t\t\t\t\t\t\t\t\t\t\t<div class=\"partner-logo\">\n\t\t\t\t\t\t\t\t<img decoding=\"async\" src=\"https:\/\/intl.phonak.com\/lv-lv\/wp-content\/uploads\/sites\/73\/2025\/11\/Dinas-Tanbergas-dzirdes-klinika-logo-color.jpg\" alt=\"Dinas Tanbergas Dzirdes Kl\u012bnika\" \/>\n\t\t\t\t\t\t\t<\/div>\n\t\t\t\t\t\t\t\t\t\t\t\t<div class=\"partner-details-content\">\n\t\t\t\t\t\t\t\t\t\t\t\t\t\t\t<h4 class=\"partner-name\">Dinas Tanbergas Dzirdes Kl\u012bnika<\/h4>\n\t\t\t\t\t\t\t\t\t\t\t\t\t\t\t\t\t\t\t\t<\/div>\n\t\t\t\t\t\t<div class=\"grid-x align-middle align-justify\">\n\t\t\t\t\t\t\t<div class=\"cell small-12\">\n\t\t\t\t\t\t\t\t\t\t\t\t\t\t\t\t\t<div class=\"wp-block-phonak-about__text\"><p>Par sadarb\u012bbas partneri &#8211; Dinas Tanbergas dzirdes kl\u012bnika.<br \/>\nDinas Tanbergas dzirdes kl\u012bnika augstu v\u0113rt\u0113 katru klientu un tic savam m\u0113r\u0137im, t\u0101p\u0113c uz\u0146\u0113muma komandu veido profesion\u0101li speci\u0101listi, kuriem pat\u012bk tas, ko vi\u0146i dara un kuri ar interesi un aizraut\u012bbu regul\u0101ri apg\u016bst jaunas zin\u0101\u0161anas un dal\u0101s pieredz\u0113 ar citiem speci\u0101listiem.<br \/>\nKl\u012bnikas dev\u012bze &#8211; Dzird\u0113t noz\u012bm\u0113 dz\u012bvot, jo dodot iesp\u0113ju dzird\u0113t, m\u0113s sniedzam iesp\u0113ju saprast un komunic\u0113t.<\/p>\n <\/div>\n\t\t\t\t\t\t\t\t\t\t\t\t\t\t\t<\/div>\n\t\t\t\t\t\t<\/div>\n\t\t\t\t\t<\/div><!-- .partner -->\n\t\t\t\t\t<\/div><!-- .partner-details-wrapper -->\n\t<\/div><!-- .wp-block-phonak-about -->\n<\/div>\n\n\n\n\n\n<div class=\"wp-block-media-text is-stacked-on-mobile cta-block\" style=\"grid-template-columns:35% auto\"><figure class=\"wp-block-media-text__media\"><img decoding=\"async\" src=\"https:\/\/intl.phonak.com\/main-english\/wp-content\/uploads\/sites\/3\/2021\/11\/cta-image.jpg?w=401\" alt=\"\" class=\"wp-image-6738 size-full\"\/><\/figure><div class=\"wp-block-media-text__content\">\n<div class=\"wp-block-create-block-icon-selector\"><i class=\"fal fa-map-marker-alt\"><\/i><\/div>   \n<h3 class=\"wp-block-heading\">Dzirdes eksperti j\u016bsu tuvum\u0101<\/h3>   <p>Dzirdes apr\u016bpes speci\u0101listi var pal\u012bdz\u0113t jums izdar\u012bt sev piem\u0113rot\u0101ko izv\u0113li. Vi\u0146i \u0146ems v\u0113r\u0101 j\u016bsu dzirdes vajadz\u012bbas, bud\u017eetu, dz\u012bvesveidu un individu\u0101l\u0101s dzirdes v\u0113lmes. <\/p>   <div class=\"wp-block-buttons is-layout-flex wp-block-buttons-is-layout-flex\">\n<div class=\"wp-block-button is-style-marker-green\"><a class=\"wp-block-button__link wp-element-button\" href=\"https:\/\/intl.phonak.com\/lv-lv\/atrodi-specialistu\/\">Atrast ekspertu<\/a><\/div>\n<\/div>\n<\/div><\/div> ","protected":false},"excerpt":{"rendered":"<p>Phonak &#8211; j\u016bsu ilgtermi\u0146a partneris dzirdes apr\u016bp\u0113<\/p>\n","protected":false},"author":5,"featured_media":491,"parent":0,"menu_order":0,"comment_status":"closed","ping_status":"closed","template":"","meta":{"_acf_changed":false,"inline_featured_image":false,"footnotes":""},"class_list":["post-411","page","type-page","status-publish","has-post-thumbnail","hentry"],"acf":[],"yoast_head":"<!-- This site is optimized with the Yoast SEO plugin v26.9 - https:\/\/yoast.com\/product\/yoast-seo-wordpress\/ -->\n<title>Par - Phonak - Latvija<\/title>\n<meta name=\"robots\" content=\"index, follow, max-snippet:-1, max-image-preview:large, max-video-preview:-1\" \/>\n<link rel=\"canonical\" href=\"https:\/\/intl.phonak.com\/main-english\/about\/\" \/>\n<meta property=\"og:locale\" content=\"lv_LV\" \/>\n<meta property=\"og:type\" content=\"article\" \/>\n<meta property=\"og:title\" content=\"Par - Phonak - Latvija\" \/>\n<meta property=\"og:description\" content=\"Phonak &#8211; j\u016bsu ilgtermi\u0146a partneris dzirdes apr\u016bp\u0113\" \/>\n<meta property=\"og:url\" content=\"https:\/\/intl.phonak.com\/lv-lv\/par\/\" \/>\n<meta property=\"og:site_name\" content=\"Phonak - Latvija\" \/>\n<meta property=\"article:modified_time\" content=\"2025-11-28T19:18:40+00:00\" \/>\n<meta property=\"og:image\" content=\"https:\/\/intl.phonak.com\/lv-lv\/wp-content\/uploads\/sites\/73\/2021\/10\/PH_Packshot_Audeo-I-Sphere-xReceiver_050-1029-P7_723256.png\" \/>\n\t<meta property=\"og:image:width\" content=\"600\" \/>\n\t<meta property=\"og:image:height\" content=\"600\" \/>\n\t<meta property=\"og:image:type\" content=\"image\/png\" \/>\n<meta name=\"twitter:card\" content=\"summary_large_image\" \/>\n<meta name=\"twitter:label1\" content=\"Est. reading time\" \/>\n\t<meta name=\"twitter:data1\" content=\"1 minute\" \/>\n<script type=\"application\/ld+json\" class=\"yoast-schema-graph\">{\"@context\":\"https:\/\/schema.org\",\"@graph\":[{\"@type\":\"WebPage\",\"@id\":\"https:\/\/intl.phonak.com\/lv-lv\/par\/\",\"url\":\"https:\/\/intl.phonak.com\/lv-lv\/par\/\",\"name\":\"Par - Phonak - Latvija\",\"isPartOf\":{\"@id\":\"https:\/\/intl.phonak.com\/lv-lv\/#website\"},\"primaryImageOfPage\":{\"@id\":\"https:\/\/intl.phonak.com\/lv-lv\/par\/#primaryimage\"},\"image\":{\"@id\":\"https:\/\/intl.phonak.com\/lv-lv\/par\/#primaryimage\"},\"thumbnailUrl\":\"https:\/\/intl.phonak.com\/lv-lv\/wp-content\/uploads\/sites\/73\/2021\/10\/PH_Packshot_Audeo-I-Sphere-xReceiver_050-1029-P7_723256.png\",\"datePublished\":\"2021-10-26T15:19:51+00:00\",\"dateModified\":\"2025-11-28T19:18:40+00:00\",\"breadcrumb\":{\"@id\":\"https:\/\/intl.phonak.com\/lv-lv\/par\/#breadcrumb\"},\"inLanguage\":\"lv-LV\",\"potentialAction\":[{\"@type\":\"ReadAction\",\"target\":[\"https:\/\/intl.phonak.com\/lv-lv\/par\/\"]}]},{\"@type\":\"ImageObject\",\"inLanguage\":\"lv-LV\",\"@id\":\"https:\/\/intl.phonak.com\/lv-lv\/par\/#primaryimage\",\"url\":\"https:\/\/intl.phonak.com\/lv-lv\/wp-content\/uploads\/sites\/73\/2021\/10\/PH_Packshot_Audeo-I-Sphere-xReceiver_050-1029-P7_723256.png\",\"contentUrl\":\"https:\/\/intl.phonak.com\/lv-lv\/wp-content\/uploads\/sites\/73\/2021\/10\/PH_Packshot_Audeo-I-Sphere-xReceiver_050-1029-P7_723256.png\",\"width\":600,\"height\":600,\"caption\":\"Phonak Aud\u00e9o Sphere Infinio\"},{\"@type\":\"BreadcrumbList\",\"@id\":\"https:\/\/intl.phonak.com\/lv-lv\/par\/#breadcrumb\",\"itemListElement\":[{\"@type\":\"ListItem\",\"position\":1,\"name\":\"Home\",\"item\":\"https:\/\/intl.phonak.com\/lv-lv\/\"},{\"@type\":\"ListItem\",\"position\":2,\"name\":\"Par\"}]},{\"@type\":\"WebSite\",\"@id\":\"https:\/\/intl.phonak.com\/lv-lv\/#website\",\"url\":\"https:\/\/intl.phonak.com\/lv-lv\/\",\"name\":\"Phonak - Latvija\",\"description\":\"Ap\u0146\u0113mu\u0161ies main\u012bt dz\u012bves\",\"publisher\":{\"@id\":\"https:\/\/intl.phonak.com\/lv-lv\/#organization\"},\"potentialAction\":[{\"@type\":\"SearchAction\",\"target\":{\"@type\":\"EntryPoint\",\"urlTemplate\":\"https:\/\/intl.phonak.com\/lv-lv\/?s={search_term_string}\"},\"query-input\":{\"@type\":\"PropertyValueSpecification\",\"valueRequired\":true,\"valueName\":\"search_term_string\"}}],\"inLanguage\":\"lv-LV\"},{\"@type\":\"Organization\",\"@id\":\"https:\/\/intl.phonak.com\/lv-lv\/#organization\",\"name\":\"Phonak - Latvija\",\"url\":\"https:\/\/intl.phonak.com\/lv-lv\/\",\"logo\":{\"@type\":\"ImageObject\",\"inLanguage\":\"lv-LV\",\"@id\":\"https:\/\/intl.phonak.com\/lv-lv\/#\/schema\/logo\/image\/\",\"url\":\"https:\/\/intl.phonak.com\/lv-lv\/wp-content\/uploads\/sites\/73\/2025\/07\/logo-phonak.svg\",\"contentUrl\":\"https:\/\/intl.phonak.com\/lv-lv\/wp-content\/uploads\/sites\/73\/2025\/07\/logo-phonak.svg\",\"caption\":\"Phonak - Latvija\"},\"image\":{\"@id\":\"https:\/\/intl.phonak.com\/lv-lv\/#\/schema\/logo\/image\/\"}}]}<\/script>\n<!-- \/ Yoast SEO plugin. -->","yoast_head_json":{"title":"Par - Phonak - Latvija","robots":{"index":"index","follow":"follow","max-snippet":"max-snippet:-1","max-image-preview":"max-image-preview:large","max-video-preview":"max-video-preview:-1"},"canonical":"https:\/\/intl.phonak.com\/main-english\/about\/","og_locale":"lv_LV","og_type":"article","og_title":"Par - Phonak - Latvija","og_description":"Phonak &#8211; j\u016bsu ilgtermi\u0146a partneris dzirdes apr\u016bp\u0113","og_url":"https:\/\/intl.phonak.com\/lv-lv\/par\/","og_site_name":"Phonak - Latvija","article_modified_time":"2025-11-28T19:18:40+00:00","og_image":[{"width":600,"height":600,"url":"https:\/\/intl.phonak.com\/lv-lv\/wp-content\/uploads\/sites\/73\/2021\/10\/PH_Packshot_Audeo-I-Sphere-xReceiver_050-1029-P7_723256.png","type":"image\/png"}],"twitter_card":"summary_large_image","twitter_misc":{"Est. reading time":"1 minute"},"schema":{"@context":"https:\/\/schema.org","@graph":[{"@type":"WebPage","@id":"https:\/\/intl.phonak.com\/lv-lv\/par\/","url":"https:\/\/intl.phonak.com\/lv-lv\/par\/","name":"Par - Phonak - Latvija","isPartOf":{"@id":"https:\/\/intl.phonak.com\/lv-lv\/#website"},"primaryImageOfPage":{"@id":"https:\/\/intl.phonak.com\/lv-lv\/par\/#primaryimage"},"image":{"@id":"https:\/\/intl.phonak.com\/lv-lv\/par\/#primaryimage"},"thumbnailUrl":"https:\/\/intl.phonak.com\/lv-lv\/wp-content\/uploads\/sites\/73\/2021\/10\/PH_Packshot_Audeo-I-Sphere-xReceiver_050-1029-P7_723256.png","datePublished":"2021-10-26T15:19:51+00:00","dateModified":"2025-11-28T19:18:40+00:00","breadcrumb":{"@id":"https:\/\/intl.phonak.com\/lv-lv\/par\/#breadcrumb"},"inLanguage":"lv-LV","potentialAction":[{"@type":"ReadAction","target":["https:\/\/intl.phonak.com\/lv-lv\/par\/"]}]},{"@type":"ImageObject","inLanguage":"lv-LV","@id":"https:\/\/intl.phonak.com\/lv-lv\/par\/#primaryimage","url":"https:\/\/intl.phonak.com\/lv-lv\/wp-content\/uploads\/sites\/73\/2021\/10\/PH_Packshot_Audeo-I-Sphere-xReceiver_050-1029-P7_723256.png","contentUrl":"https:\/\/intl.phonak.com\/lv-lv\/wp-content\/uploads\/sites\/73\/2021\/10\/PH_Packshot_Audeo-I-Sphere-xReceiver_050-1029-P7_723256.png","width":600,"height":600,"caption":"Phonak Aud\u00e9o Sphere Infinio"},{"@type":"BreadcrumbList","@id":"https:\/\/intl.phonak.com\/lv-lv\/par\/#breadcrumb","itemListElement":[{"@type":"ListItem","position":1,"name":"Home","item":"https:\/\/intl.phonak.com\/lv-lv\/"},{"@type":"ListItem","position":2,"name":"Par"}]},{"@type":"WebSite","@id":"https:\/\/intl.phonak.com\/lv-lv\/#website","url":"https:\/\/intl.phonak.com\/lv-lv\/","name":"Phonak - Latvija","description":"Ap\u0146\u0113mu\u0161ies main\u012bt dz\u012bves","publisher":{"@id":"https:\/\/intl.phonak.com\/lv-lv\/#organization"},"potentialAction":[{"@type":"SearchAction","target":{"@type":"EntryPoint","urlTemplate":"https:\/\/intl.phonak.com\/lv-lv\/?s={search_term_string}"},"query-input":{"@type":"PropertyValueSpecification","valueRequired":true,"valueName":"search_term_string"}}],"inLanguage":"lv-LV"},{"@type":"Organization","@id":"https:\/\/intl.phonak.com\/lv-lv\/#organization","name":"Phonak - Latvija","url":"https:\/\/intl.phonak.com\/lv-lv\/","logo":{"@type":"ImageObject","inLanguage":"lv-LV","@id":"https:\/\/intl.phonak.com\/lv-lv\/#\/schema\/logo\/image\/","url":"https:\/\/intl.phonak.com\/lv-lv\/wp-content\/uploads\/sites\/73\/2025\/07\/logo-phonak.svg","contentUrl":"https:\/\/intl.phonak.com\/lv-lv\/wp-content\/uploads\/sites\/73\/2025\/07\/logo-phonak.svg","caption":"Phonak - Latvija"},"image":{"@id":"https:\/\/intl.phonak.com\/lv-lv\/#\/schema\/logo\/image\/"}}]}},"jetpack_sharing_enabled":true,"distributor_meta":false,"distributor_terms":false,"distributor_media":false,"distributor_original_site_name":"Phonak - Latvija","distributor_original_site_url":"https:\/\/intl.phonak.com\/lv-lv","push-errors":false,"_links":{"self":[{"href":"https:\/\/intl.phonak.com\/lv-lv\/wp-json\/wp\/v2\/pages\/411","targetHints":{"allow":["GET"]}}],"collection":[{"href":"https:\/\/intl.phonak.com\/lv-lv\/wp-json\/wp\/v2\/pages"}],"about":[{"href":"https:\/\/intl.phonak.com\/lv-lv\/wp-json\/wp\/v2\/types\/page"}],"author":[{"embeddable":true,"href":"https:\/\/intl.phonak.com\/lv-lv\/wp-json\/wp\/v2\/users\/5"}],"replies":[{"embeddable":true,"href":"https:\/\/intl.phonak.com\/lv-lv\/wp-json\/wp\/v2\/comments?post=411"}],"version-history":[{"count":10,"href":"https:\/\/intl.phonak.com\/lv-lv\/wp-json\/wp\/v2\/pages\/411\/revisions"}],"predecessor-version":[{"id":1001,"href":"https:\/\/intl.phonak.com\/lv-lv\/wp-json\/wp\/v2\/pages\/411\/revisions\/1001"}],"wp:featuredmedia":[{"embeddable":true,"href":"https:\/\/intl.phonak.com\/lv-lv\/wp-json\/wp\/v2\/media\/491"}],"wp:attachment":[{"href":"https:\/\/intl.phonak.com\/lv-lv\/wp-json\/wp\/v2\/media?parent=411"}],"curies":[{"name":"wp","href":"https:\/\/api.w.org\/{rel}","templated":true}]}}