{"id":387,"date":"2021-11-18T16:56:57","date_gmt":"2021-11-18T16:56:57","guid":{"rendered":"https:\/\/intl.phonak.com\/lv-lv\/pediatric-solutions\/"},"modified":"2025-11-04T13:00:35","modified_gmt":"2025-11-04T13:00:35","slug":"risinajumi-pediatrija","status":"publish","type":"page","link":"https:\/\/intl.phonak.com\/lv-lv\/risinajumi\/risinajumi-pediatrija\/","title":{"rendered":"Pediatrijas risin\u0101jumi"},"content":{"rendered":"\n<div class=\"wp-block-cover alignfull is-light\"><img decoding=\"async\" class=\"wp-block-cover__image-background wp-image-6552\" alt=\"\" src=\"https:\/\/intl.phonak.com\/lv-lv\/wp-content\/uploads\/sites\/3\/2023\/02\/PH_Pic_generic_kids_01.png\" data-object-fit=\"cover\"\/><span aria-hidden=\"true\" class=\"wp-block-cover__background has-white-background-color has-background-dim\"><\/span><div class=\"wp-block-cover__inner-container is-layout-flow wp-block-cover-is-layout-flow\">\n<h1 class=\"wp-block-heading has-text-align-center has-dark-grey-color has-text-color\" id=\"discover-your-child-s-hearing\">Atkl\u0101jiet sava b\u0113rna dzirdi<\/h1>   \n<p class=\"has-text-align-center has-dark-grey-color has-text-color has-lead-font-size\">B\u0113rnu dzirdes risin\u0101jumi katram vecumam<\/p>\n<\/div><\/div>   \n<div style=\"height:21px\" aria-hidden=\"true\" class=\"wp-block-spacer\"><\/div>   \n<h2 class=\"wp-block-heading has-text-align-center\">Dzirdes risin\u0101jumi b\u0113rniem un pusaud\u017eiem<\/h2>   \n<p class=\"has-text-align-center is-style-default\">Katrs b\u0113rns ir unik\u0101ls, t\u0101pat k\u0101 vi\u0146u klaus\u012b\u0161an\u0101s vajadz\u012bbas. Ar pla\u0161u Phonak dzirdes apar\u0101tu un bezvadu piederumu kl\u0101stu ir pieejams tehnolo\u0123isks risin\u0101jums katram b\u0113rna vecumam.<\/p>   \n<p class=\"has-text-align-center\">Piek\u013cuve v\u0101rdiem un sarun\u0101m ir \u013coti svar\u012bga b\u0113rnu un pusaud\u017eu att\u012bst\u012bb\u0101. Sarunas ar tuviniekiem &#8211; vakari\u0146\u0101s, park\u0101, automa\u0161\u012bn\u0101 &#8211; ir viena no svar\u012bg\u0101kaj\u0101m sast\u0101vda\u013c\u0101m valodas att\u012bst\u012bbas veido\u0161an\u0101.<\/p>   \n<p class=\"has-text-align-center\">Veidot ar valodu bag\u0101tu vidi b\u0113rniem ar dzirdes zudumu noz\u012bm\u0113 maksim\u0101li palielin\u0101t visas mijiedarb\u012bbas iesp\u0113jas, un dzirdes apar\u0101ti b\u0113rniem, kas paredz\u0113ti \u0113rtai valk\u0101\u0161anai visu dienu, pal\u012bdz b\u0113rniem un pusaud\u017eiem ar dzirdes zudumu maksim\u0101li palielin\u0101t vi\u0146iem pieejamo mijiedarb\u012bbu &#8220;kalpot un atgriezties&#8221;, izmantojot past\u0101v\u012bgi main\u012bg\u0101s situ\u0101cijas.<\/p>   \n<div style=\"height:53px\" aria-hidden=\"true\" class=\"wp-block-spacer\"><\/div>   \n<div class=\"wp-block-media-text has-media-on-the-right is-stacked-on-mobile\"><div class=\"wp-block-media-text__content\">\n<h3 class=\"wp-block-heading has-blue-color has-text-color\">Z\u012bdai\u0146i un mazi b\u0113rni<\/h3>   <p>\u0160ai vecuma grupai ir svar\u012bgi nodro\u0161in\u0101t dzirdes stimul\u0101ciju un lai b\u0113rns p\u0113c iesp\u0113jas vair\u0101k valk\u0101tu dzirdes apar\u0101tus. Z\u012bdai\u0146i un mazi b\u0113rni parasti n\u0113s\u0101 aiz auss dzirdes apar\u0101tus, jo tie nodro\u0161ina vislab\u0101ko komfortu, stabilit\u0101ti un dro\u0161\u012bbu \u0161ai vecuma grupai.<\/p>   \n<h5 class=\"wp-block-heading\">B\u0113rnu dzirdes p\u0101rbaudes<\/h5>   <p>Dzirdes sp\u0113jas var p\u0101rbaud\u012bt jaundzimu\u0161ajiem neilgi p\u0113c piedzim\u0161anas. Jo \u0101tr\u0101k tiek atkl\u0101ts dzirdes zudums, jo lab\u0101k tas ir, jo atbilsto\u0161a iejauk\u0161an\u0101s ir \u013coti svar\u012bga j\u016bsu b\u0113rna runas un valodas att\u012bst\u012bbai.<\/p>\n<\/div><figure class=\"wp-block-media-text__media\"><img decoding=\"async\" src=\"https:\/\/intl.phonak.com\/lv-lv\/wp-content\/uploads\/sites\/3\/2023\/12\/Visual_Sky-L-PR_ChildAndMomExhibitionBackdropCropped.jpg?w=592\" alt=\"Mom and daughter \" class=\"wp-image-7305 size-full\"\/><\/figure><\/div>   \n<div class=\"wp-block-media-text is-stacked-on-mobile\"><figure class=\"wp-block-media-text__media\"><img decoding=\"async\" src=\"https:\/\/intl.phonak.com\/lv-lv\/wp-content\/uploads\/sites\/3\/2023\/12\/Visual_Sky-L-UP_Kid.jpg?w=592\" alt=\"Kids\" class=\"wp-image-7308 size-full\"\/><\/figure><div class=\"wp-block-media-text__content\">\n<h3 class=\"wp-block-heading has-blue-color has-text-color\">Skolas vecuma b\u0113rni<\/h3>   <p>B\u0113rni s\u0101k b\u016bt neatkar\u012bg\u0101ki un \u0161aj\u0101 vecum\u0101 ir pak\u013cauti sare\u017e\u0123\u012bt\u0101k\u0101m komunik\u0101cijas situ\u0101cij\u0101m. Lai j\u016bsu b\u0113rnam b\u016btu viegl\u0101k saprast, ko skolot\u0101js saka, vai dzird\u0113t j\u016bs, kad j\u016bs saucat, ir pieejami bezvadu sakaru r\u012bki. Da\u017e\u0101das kr\u0101su kombin\u0101cijas padara dzirdes apar\u0101tu valk\u0101\u0161anu b\u0113rnam jautr\u0101ku.<\/p>\n<\/div><\/div>   \n<div class=\"wp-block-media-text has-media-on-the-right is-stacked-on-mobile\"><div class=\"wp-block-media-text__content\">\n<h3 class=\"wp-block-heading has-blue-color has-text-color\">Pusaud\u017eiem<\/h3>   <p>J\u016bsu pusaudzis v\u0113las b\u016bt k\u0101 jebkur\u0161 cits pusaudzis: nodarboties ar sportu, klaus\u012bties m\u016bziku, pavad\u012bt laiku ar draugiem, par\u0101d\u012bt savu unikalit\u0101ti caur modi vai friz\u016br\u0101m utt. J\u016bsu pusaudzis to visu var izdar\u012bt, pateicoties bezvadu piederumiem, kas savieno dzirdes apar\u0101tus ar mp3 atska\u0146ot\u0101ju, mobilo t\u0101lruni, plan\u0161etdatoru vai televizoru. Dzird\u0113t treneri vai draugus, pat no att\u0101luma vai trok\u0161\u0146ain\u0101 vid\u0113, b\u016bs viegli.<\/p>\n<\/div><figure class=\"wp-block-media-text__media\"><img decoding=\"async\" src=\"https:\/\/intl.phonak.com\/lv-lv\/wp-content\/uploads\/sites\/3\/2023\/12\/Visual_Audeo-L-RL_Teen-1-1-Converstations-in-Loud-1.jpg?w=592\" alt=\"Teenagers\" class=\"wp-image-7310 size-full\"\/><\/figure><\/div>   \n<div style=\"height:39px\" aria-hidden=\"true\" class=\"wp-block-spacer\"><\/div>   \n<div class=\"wp-block-media-text is-stacked-on-mobile\"><figure class=\"wp-block-media-text__media\"><img decoding=\"async\" src=\"https:\/\/intl.phonak.com\/lv-lv\/wp-content\/uploads\/sites\/3\/2022\/03\/Roger-Ped-accessories-RGB.jpg?w=1024\" alt=\"\" class=\"wp-image-5309 size-full\"\/><\/figure><div class=\"wp-block-media-text__content\">\n<h3 class=\"wp-block-heading has-blue-color has-text-color\" id=\"meet-roger\">Iepaz\u012bstieties ar Roger izgl\u012bt\u012bb\u0101<\/h3>   <p>Daudzas situ\u0101cijas var rad\u012bt klaus\u012b\u0161an\u0101s izaicin\u0101jumus, t\u0101p\u0113c da\u017ereiz pat vismodern\u0101kajai dzirdes apar\u0101tu tehnolo\u0123ijai ir nepiecie\u0161ams atbalsts. Izmantojot m\u016bsu bezvadu piederumus, j\u016bsu b\u0113rns var viegl\u0101k sazin\u0101ties un izveidot savienojumu ar m\u016bsdienu audio tehnolo\u0123ij\u0101m, piem\u0113ram, viedt\u0101lru\u0146iem, Bluetooth\u00ae ier\u012bc\u0113m, MP3 atska\u0146ot\u0101jiem un televizoriem.<\/p>   <p><a href=\"https:\/\/intl.phonak.com\/lv-lv\/risinajumi\/roger-izglitibai\/\">Las\u012bt vair\u0101k par Roger izgl\u012bt\u012bbai<\/a><\/p>\n<\/div><\/div>   \n<div class=\"wp-block-group alignfull has-light-grey-background-color has-background is-layout-flow wp-block-group-is-layout-flow\">\n\t<div class=\"wp-block-pho-product-selection \">\n\t\t<div class=\"grid-x grid-padding-x grid-padding-y\">\n\n\t\t\t\t\t\t\t<div class=\"cell\">\n\t\t\t\t\t<h2 class=\"text-center\">Produkti<\/h2>\n\t\t\t\t<\/div>\n\t\t\t\t\n\t\t\t\t<div class=\"cell medium-6 large-4 flex-container\">\n\t\t\t\t\t\n<article id=\"post-34\" class=\"product-card post-34 pho_products type-pho_products status-publish has-post-thumbnail hentry pho_product_type-berni-un-pusaudzi pho_product_type-jauda pho_product_category-bernu-dzirdes-aparati pho_product_category-dzirdes-aparati pho_product_platforms-lumity\">\n\t\t<a class=\"flex-container flex-dir-column align-justify align-top\" href=\"https:\/\/intl.phonak.com\/lv-lv\/produkti\/phonak-sky-lumity\/\">\n\t\t<div class=\"product-card-content-wrapper\">\n\t\t\t\n\t\t\t\t<div class=\"product-image-wrapper\">\n\t\t\t\t\t<img loading=\"lazy\" decoding=\"async\" width=\"600\" height=\"600\" src=\"https:\/\/intl.phonak.com\/lv-lv\/wp-content\/uploads\/sites\/73\/2023\/10\/PH_Packshot_Love-Sky-L-Hook_M8-1.png?w=600\" class=\"attachment-post-thumbnail size-post-thumbnail wp-post-image\" alt=\"\" srcset=\"https:\/\/intl.phonak.com\/lv-lv\/wp-content\/uploads\/sites\/73\/2023\/10\/PH_Packshot_Love-Sky-L-Hook_M8-1.png 600w, https:\/\/intl.phonak.com\/lv-lv\/wp-content\/uploads\/sites\/73\/2023\/10\/PH_Packshot_Love-Sky-L-Hook_M8-1.png?resize=150,150 150w, https:\/\/intl.phonak.com\/lv-lv\/wp-content\/uploads\/sites\/73\/2023\/10\/PH_Packshot_Love-Sky-L-Hook_M8-1.png?resize=300,300 300w\" sizes=\"auto, (max-width: 600px) 100vw, 600px\" \/>\t\t\t\t<\/div>\n\n\t\t\t\t<h3 class=\"entry-title\">Phonak Sky\u2122 Lumity<\/h3><p>Pediatrijas opcija, apr\u012bkota ar jaun\u0101ko Lumity tehnolo\u0123iju. Pied\u0101v\u0101 pla\u0161u pediatrijas kr\u0101su kombin\u0101ciju kl\u0101stu, lai b\u0113rni var\u0113tu pie\u0146emt savu unikalit\u0101ti.<\/p>\n\t\t<\/div>\n\t\t<div class=\"wp-block-button\">\n\t\t\t<div class=\"wp-block-button__link\">Las\u012bt t\u0101l\u0101k<\/div>\n\t\t<\/div>\n\t<\/a>\n<\/article><!-- #post-34 -->\n\t\t\t\t<\/div>\n\n\t\t\t\t\n\t\t\t\t<div class=\"cell medium-6 large-4 flex-container\">\n\t\t\t\t\t\n<article id=\"post-26\" class=\"product-card post-26 pho_products type-pho_products status-publish has-post-thumbnail hentry pho_product_type-pirma-reize pho_product_category-dzirdes-aparati pho_product_platforms-lumity\">\n\t\t<a class=\"flex-container flex-dir-column align-justify align-top\" href=\"https:\/\/intl.phonak.com\/lv-lv\/produkti\/phonak-audeo-lumity\/\">\n\t\t<div class=\"product-card-content-wrapper\">\n\t\t\t\n\t\t\t\t<div class=\"product-image-wrapper\">\n\t\t\t\t\t<img loading=\"lazy\" decoding=\"async\" width=\"600\" height=\"600\" src=\"https:\/\/intl.phonak.com\/lv-lv\/wp-content\/uploads\/sites\/73\/2024\/10\/PH_Packshot_Audeo-L-R-P8-Pair_Wi.png?w=600\" class=\"attachment-post-thumbnail size-post-thumbnail wp-post-image\" alt=\"\" srcset=\"https:\/\/intl.phonak.com\/lv-lv\/wp-content\/uploads\/sites\/73\/2024\/10\/PH_Packshot_Audeo-L-R-P8-Pair_Wi.png 600w, https:\/\/intl.phonak.com\/lv-lv\/wp-content\/uploads\/sites\/73\/2024\/10\/PH_Packshot_Audeo-L-R-P8-Pair_Wi.png?resize=150,150 150w, https:\/\/intl.phonak.com\/lv-lv\/wp-content\/uploads\/sites\/73\/2024\/10\/PH_Packshot_Audeo-L-R-P8-Pair_Wi.png?resize=300,300 300w\" sizes=\"auto, (max-width: 600px) 100vw, 600px\" \/>\t\t\t\t<\/div>\n\n\t\t\t\t<h3 class=\"entry-title\">Phonak Aud\u00e9o\u2122 Lumity<\/h3><p>Ide\u0101ls Lumity risin\u0101jums tiem, kas v\u0113las diskr\u0113tu RIC korpusu, pied\u0101v\u0101jot vismodern\u0101k\u0101s tehnolo\u0123ijas tiem, kuriem ir viegli l\u012bdz smagi dzirdes zudumi. <\/p>\n\t\t<\/div>\n\t\t<div class=\"wp-block-button\">\n\t\t\t<div class=\"wp-block-button__link\">Las\u012bt t\u0101l\u0101k<\/div>\n\t\t<\/div>\n\t<\/a>\n<\/article><!-- #post-26 -->\n\t\t\t\t<\/div>\n\n\t\t\t\t\n\t\t\t\t<div class=\"cell medium-6 large-4 flex-container\">\n\t\t\t\t\t\n<article id=\"post-38\" class=\"product-card post-38 pho_products type-pho_products status-publish has-post-thumbnail hentry pho_product_type-vienpusejs-dzirdes-traucejums pho_product_category-dzirdes-aparati pho_product_platforms-lumity\">\n\t\t<a class=\"flex-container flex-dir-column align-justify align-top\" href=\"https:\/\/intl.phonak.com\/lv-lv\/produkti\/phonak-cros-lumity\/\">\n\t\t<div class=\"product-card-content-wrapper\">\n\t\t\t\n\t\t\t\t<div class=\"product-image-wrapper\">\n\t\t\t\t\t<img loading=\"lazy\" decoding=\"async\" width=\"600\" height=\"600\" src=\"https:\/\/intl.phonak.com\/lv-lv\/wp-content\/uploads\/sites\/73\/2023\/10\/PH_Packshot_CROS_L-R_050-1013-P5.png?w=600\" class=\"attachment-post-thumbnail size-post-thumbnail wp-post-image\" alt=\"\" srcset=\"https:\/\/intl.phonak.com\/lv-lv\/wp-content\/uploads\/sites\/73\/2023\/10\/PH_Packshot_CROS_L-R_050-1013-P5.png 600w, https:\/\/intl.phonak.com\/lv-lv\/wp-content\/uploads\/sites\/73\/2023\/10\/PH_Packshot_CROS_L-R_050-1013-P5.png?resize=150,150 150w, https:\/\/intl.phonak.com\/lv-lv\/wp-content\/uploads\/sites\/73\/2023\/10\/PH_Packshot_CROS_L-R_050-1013-P5.png?resize=300,300 300w\" sizes=\"auto, (max-width: 600px) 100vw, 600px\" \/>\t\t\t\t<\/div>\n\n\t\t\t\t<h3 class=\"entry-title\">Phonak CROS Lumity<\/h3><p>M\u016bsu risin\u0101jums Lumity platform\u0101 tiem, kam ir vienpus\u0113js dzirdes zudums, pied\u0101v\u0101jot gan CROS, gan BiCROS iesp\u0113jas. <\/p>\n\t\t<\/div>\n\t\t<div class=\"wp-block-button\">\n\t\t\t<div class=\"wp-block-button__link\">Las\u012bt t\u0101l\u0101k<\/div>\n\t\t<\/div>\n\t<\/a>\n<\/article><!-- #post-38 -->\n\t\t\t\t<\/div>\n\n\t\t\t\t\n\t\t<\/div>\n\t<\/div>\n\n\t\n\n\n<div class=\"wp-block-buttons is-content-justification-center is-layout-flex wp-container-core-buttons-is-layout-16018d1d wp-block-buttons-is-layout-flex\">\n<div class=\"wp-block-button\"><a class=\"wp-block-button__link wp-element-button\" href=\"https:\/\/intl.phonak.com\/lv-lv\/risinajumi\/produkti\/\">Visi produkti<\/a><\/div>\n<\/div>\n<\/div>   \n<div class=\"wp-block-media-text is-stacked-on-mobile cta-block\" style=\"grid-template-columns:35% auto\"><figure class=\"wp-block-media-text__media\"><img decoding=\"async\" src=\"https:\/\/intl.phonak.com\/main-english\/wp-content\/uploads\/sites\/3\/2021\/11\/cta-image.jpg?w=401\" alt=\"\" class=\"wp-image-6738 size-full\"\/><\/figure><div class=\"wp-block-media-text__content\">\n<div class=\"wp-block-create-block-icon-selector\"><i class=\"fal fa-map-marker-alt\"><\/i><\/div>   \n<h3 class=\"wp-block-heading\">Dzirdes eksperti j\u016bsu tuvum\u0101<\/h3>   <p>Dzirdes apr\u016bpes speci\u0101listi var pal\u012bdz\u0113t jums izdar\u012bt sev piem\u0113rot\u0101ko izv\u0113li. Vi\u0146i \u0146ems v\u0113r\u0101 j\u016bsu dzirdes vajadz\u012bbas, bud\u017eetu, dz\u012bvesveidu un individu\u0101l\u0101s dzirdes v\u0113lmes. <\/p>   <div class=\"wp-block-buttons is-layout-flex wp-block-buttons-is-layout-flex\">\n<div class=\"wp-block-button is-style-marker-green\"><a class=\"wp-block-button__link wp-element-button\" href=\"https:\/\/intl.phonak.com\/lv-lv\/atrodi-specialistu\/\">Atrast ekspertu<\/a><\/div>\n<\/div>\n<\/div><\/div> ","protected":false},"excerpt":{"rendered":"<p>Dzirdes risin\u0101jumi b\u0113rniem un pusaud\u017eiem Katrs b\u0113rns ir unik\u0101ls, t\u0101pat k\u0101 vi\u0146u klaus\u012b\u0161an\u0101s vajadz\u012bbas. Ar pla\u0161u Phonak dzirdes apar\u0101tu un&#8230;<\/p>\n","protected":false},"author":5,"featured_media":559,"parent":341,"menu_order":0,"comment_status":"closed","ping_status":"closed","template":"","meta":{"_acf_changed":false,"inline_featured_image":false,"footnotes":""},"class_list":["post-387","page","type-page","status-publish","has-post-thumbnail","hentry"],"acf":[],"yoast_head":"<!-- This site is optimized with the Yoast SEO plugin v26.9 - https:\/\/yoast.com\/product\/yoast-seo-wordpress\/ -->\n<title>Pediatrijas risin\u0101jumi - Phonak - Latvija<\/title>\n<meta name=\"robots\" content=\"index, follow, max-snippet:-1, max-image-preview:large, max-video-preview:-1\" \/>\n<link rel=\"canonical\" href=\"https:\/\/intl.phonak.com\/main-english\/solutions\/pediatric-solutions\/\" \/>\n<meta property=\"og:locale\" content=\"lv_LV\" \/>\n<meta property=\"og:type\" content=\"article\" \/>\n<meta property=\"og:title\" content=\"Pediatrijas risin\u0101jumi - Phonak - Latvija\" \/>\n<meta property=\"og:description\" content=\"Dzirdes risin\u0101jumi b\u0113rniem un pusaud\u017eiem Katrs b\u0113rns ir unik\u0101ls, t\u0101pat k\u0101 vi\u0146u klaus\u012b\u0161an\u0101s vajadz\u012bbas. Ar pla\u0161u Phonak dzirdes apar\u0101tu un...\" \/>\n<meta property=\"og:url\" content=\"https:\/\/intl.phonak.com\/lv-lv\/risinajumi\/risinajumi-pediatrija\/\" \/>\n<meta property=\"og:site_name\" content=\"Phonak - Latvija\" \/>\n<meta property=\"article:modified_time\" content=\"2025-11-04T13:00:35+00:00\" \/>\n<meta property=\"og:image\" content=\"https:\/\/intl.phonak.com\/lv-lv\/wp-content\/uploads\/sites\/73\/2021\/11\/PH_Packshot_Audeo-I-Sphere-xReceiver_050-1029-P7_e7465c.png\" \/>\n\t<meta property=\"og:image:width\" content=\"600\" \/>\n\t<meta property=\"og:image:height\" content=\"600\" \/>\n\t<meta property=\"og:image:type\" content=\"image\/png\" \/>\n<meta name=\"twitter:card\" content=\"summary_large_image\" \/>\n<meta name=\"twitter:label1\" content=\"Est. reading time\" \/>\n\t<meta name=\"twitter:data1\" content=\"4 minutes\" \/>\n<script type=\"application\/ld+json\" class=\"yoast-schema-graph\">{\"@context\":\"https:\/\/schema.org\",\"@graph\":[{\"@type\":\"WebPage\",\"@id\":\"https:\/\/intl.phonak.com\/lv-lv\/risinajumi\/risinajumi-pediatrija\/\",\"url\":\"https:\/\/intl.phonak.com\/lv-lv\/risinajumi\/risinajumi-pediatrija\/\",\"name\":\"Pediatrijas risin\u0101jumi - Phonak - Latvija\",\"isPartOf\":{\"@id\":\"https:\/\/intl.phonak.com\/lv-lv\/#website\"},\"primaryImageOfPage\":{\"@id\":\"https:\/\/intl.phonak.com\/lv-lv\/risinajumi\/risinajumi-pediatrija\/#primaryimage\"},\"image\":{\"@id\":\"https:\/\/intl.phonak.com\/lv-lv\/risinajumi\/risinajumi-pediatrija\/#primaryimage\"},\"thumbnailUrl\":\"https:\/\/intl.phonak.com\/lv-lv\/wp-content\/uploads\/sites\/73\/2021\/11\/PH_Packshot_Audeo-I-Sphere-xReceiver_050-1029-P7_e7465c.png\",\"datePublished\":\"2021-11-18T16:56:57+00:00\",\"dateModified\":\"2025-11-04T13:00:35+00:00\",\"breadcrumb\":{\"@id\":\"https:\/\/intl.phonak.com\/lv-lv\/risinajumi\/risinajumi-pediatrija\/#breadcrumb\"},\"inLanguage\":\"lv-LV\",\"potentialAction\":[{\"@type\":\"ReadAction\",\"target\":[\"https:\/\/intl.phonak.com\/lv-lv\/risinajumi\/risinajumi-pediatrija\/\"]}]},{\"@type\":\"ImageObject\",\"inLanguage\":\"lv-LV\",\"@id\":\"https:\/\/intl.phonak.com\/lv-lv\/risinajumi\/risinajumi-pediatrija\/#primaryimage\",\"url\":\"https:\/\/intl.phonak.com\/lv-lv\/wp-content\/uploads\/sites\/73\/2021\/11\/PH_Packshot_Audeo-I-Sphere-xReceiver_050-1029-P7_e7465c.png\",\"contentUrl\":\"https:\/\/intl.phonak.com\/lv-lv\/wp-content\/uploads\/sites\/73\/2021\/11\/PH_Packshot_Audeo-I-Sphere-xReceiver_050-1029-P7_e7465c.png\",\"width\":600,\"height\":600,\"caption\":\"Phonak Aud\u00e9o Sphere Infinio\"},{\"@type\":\"BreadcrumbList\",\"@id\":\"https:\/\/intl.phonak.com\/lv-lv\/risinajumi\/risinajumi-pediatrija\/#breadcrumb\",\"itemListElement\":[{\"@type\":\"ListItem\",\"position\":1,\"name\":\"Home\",\"item\":\"https:\/\/intl.phonak.com\/lv-lv\/\"},{\"@type\":\"ListItem\",\"position\":2,\"name\":\"Risin\u0101jumi\",\"item\":\"https:\/\/intl.phonak.com\/lv-lv\/risinajumi\/\"},{\"@type\":\"ListItem\",\"position\":3,\"name\":\"Risin\u0101jumi pediatrij\u0101\"}]},{\"@type\":\"WebSite\",\"@id\":\"https:\/\/intl.phonak.com\/lv-lv\/#website\",\"url\":\"https:\/\/intl.phonak.com\/lv-lv\/\",\"name\":\"Phonak - Latvija\",\"description\":\"Ap\u0146\u0113mu\u0161ies main\u012bt dz\u012bves\",\"publisher\":{\"@id\":\"https:\/\/intl.phonak.com\/lv-lv\/#organization\"},\"potentialAction\":[{\"@type\":\"SearchAction\",\"target\":{\"@type\":\"EntryPoint\",\"urlTemplate\":\"https:\/\/intl.phonak.com\/lv-lv\/?s={search_term_string}\"},\"query-input\":{\"@type\":\"PropertyValueSpecification\",\"valueRequired\":true,\"valueName\":\"search_term_string\"}}],\"inLanguage\":\"lv-LV\"},{\"@type\":\"Organization\",\"@id\":\"https:\/\/intl.phonak.com\/lv-lv\/#organization\",\"name\":\"Phonak - Latvija\",\"url\":\"https:\/\/intl.phonak.com\/lv-lv\/\",\"logo\":{\"@type\":\"ImageObject\",\"inLanguage\":\"lv-LV\",\"@id\":\"https:\/\/intl.phonak.com\/lv-lv\/#\/schema\/logo\/image\/\",\"url\":\"https:\/\/intl.phonak.com\/lv-lv\/wp-content\/uploads\/sites\/73\/2025\/07\/logo-phonak.svg\",\"contentUrl\":\"https:\/\/intl.phonak.com\/lv-lv\/wp-content\/uploads\/sites\/73\/2025\/07\/logo-phonak.svg\",\"caption\":\"Phonak - Latvija\"},\"image\":{\"@id\":\"https:\/\/intl.phonak.com\/lv-lv\/#\/schema\/logo\/image\/\"}}]}<\/script>\n<!-- \/ Yoast SEO plugin. -->","yoast_head_json":{"title":"Pediatrijas risin\u0101jumi - Phonak - Latvija","robots":{"index":"index","follow":"follow","max-snippet":"max-snippet:-1","max-image-preview":"max-image-preview:large","max-video-preview":"max-video-preview:-1"},"canonical":"https:\/\/intl.phonak.com\/main-english\/solutions\/pediatric-solutions\/","og_locale":"lv_LV","og_type":"article","og_title":"Pediatrijas risin\u0101jumi - Phonak - Latvija","og_description":"Dzirdes risin\u0101jumi b\u0113rniem un pusaud\u017eiem Katrs b\u0113rns ir unik\u0101ls, t\u0101pat k\u0101 vi\u0146u klaus\u012b\u0161an\u0101s vajadz\u012bbas. Ar pla\u0161u Phonak dzirdes apar\u0101tu un...","og_url":"https:\/\/intl.phonak.com\/lv-lv\/risinajumi\/risinajumi-pediatrija\/","og_site_name":"Phonak - Latvija","article_modified_time":"2025-11-04T13:00:35+00:00","og_image":[{"width":600,"height":600,"url":"https:\/\/intl.phonak.com\/lv-lv\/wp-content\/uploads\/sites\/73\/2021\/11\/PH_Packshot_Audeo-I-Sphere-xReceiver_050-1029-P7_e7465c.png","type":"image\/png"}],"twitter_card":"summary_large_image","twitter_misc":{"Est. reading time":"4 minutes"},"schema":{"@context":"https:\/\/schema.org","@graph":[{"@type":"WebPage","@id":"https:\/\/intl.phonak.com\/lv-lv\/risinajumi\/risinajumi-pediatrija\/","url":"https:\/\/intl.phonak.com\/lv-lv\/risinajumi\/risinajumi-pediatrija\/","name":"Pediatrijas risin\u0101jumi - Phonak - Latvija","isPartOf":{"@id":"https:\/\/intl.phonak.com\/lv-lv\/#website"},"primaryImageOfPage":{"@id":"https:\/\/intl.phonak.com\/lv-lv\/risinajumi\/risinajumi-pediatrija\/#primaryimage"},"image":{"@id":"https:\/\/intl.phonak.com\/lv-lv\/risinajumi\/risinajumi-pediatrija\/#primaryimage"},"thumbnailUrl":"https:\/\/intl.phonak.com\/lv-lv\/wp-content\/uploads\/sites\/73\/2021\/11\/PH_Packshot_Audeo-I-Sphere-xReceiver_050-1029-P7_e7465c.png","datePublished":"2021-11-18T16:56:57+00:00","dateModified":"2025-11-04T13:00:35+00:00","breadcrumb":{"@id":"https:\/\/intl.phonak.com\/lv-lv\/risinajumi\/risinajumi-pediatrija\/#breadcrumb"},"inLanguage":"lv-LV","potentialAction":[{"@type":"ReadAction","target":["https:\/\/intl.phonak.com\/lv-lv\/risinajumi\/risinajumi-pediatrija\/"]}]},{"@type":"ImageObject","inLanguage":"lv-LV","@id":"https:\/\/intl.phonak.com\/lv-lv\/risinajumi\/risinajumi-pediatrija\/#primaryimage","url":"https:\/\/intl.phonak.com\/lv-lv\/wp-content\/uploads\/sites\/73\/2021\/11\/PH_Packshot_Audeo-I-Sphere-xReceiver_050-1029-P7_e7465c.png","contentUrl":"https:\/\/intl.phonak.com\/lv-lv\/wp-content\/uploads\/sites\/73\/2021\/11\/PH_Packshot_Audeo-I-Sphere-xReceiver_050-1029-P7_e7465c.png","width":600,"height":600,"caption":"Phonak Aud\u00e9o Sphere Infinio"},{"@type":"BreadcrumbList","@id":"https:\/\/intl.phonak.com\/lv-lv\/risinajumi\/risinajumi-pediatrija\/#breadcrumb","itemListElement":[{"@type":"ListItem","position":1,"name":"Home","item":"https:\/\/intl.phonak.com\/lv-lv\/"},{"@type":"ListItem","position":2,"name":"Risin\u0101jumi","item":"https:\/\/intl.phonak.com\/lv-lv\/risinajumi\/"},{"@type":"ListItem","position":3,"name":"Risin\u0101jumi pediatrij\u0101"}]},{"@type":"WebSite","@id":"https:\/\/intl.phonak.com\/lv-lv\/#website","url":"https:\/\/intl.phonak.com\/lv-lv\/","name":"Phonak - Latvija","description":"Ap\u0146\u0113mu\u0161ies main\u012bt dz\u012bves","publisher":{"@id":"https:\/\/intl.phonak.com\/lv-lv\/#organization"},"potentialAction":[{"@type":"SearchAction","target":{"@type":"EntryPoint","urlTemplate":"https:\/\/intl.phonak.com\/lv-lv\/?s={search_term_string}"},"query-input":{"@type":"PropertyValueSpecification","valueRequired":true,"valueName":"search_term_string"}}],"inLanguage":"lv-LV"},{"@type":"Organization","@id":"https:\/\/intl.phonak.com\/lv-lv\/#organization","name":"Phonak - Latvija","url":"https:\/\/intl.phonak.com\/lv-lv\/","logo":{"@type":"ImageObject","inLanguage":"lv-LV","@id":"https:\/\/intl.phonak.com\/lv-lv\/#\/schema\/logo\/image\/","url":"https:\/\/intl.phonak.com\/lv-lv\/wp-content\/uploads\/sites\/73\/2025\/07\/logo-phonak.svg","contentUrl":"https:\/\/intl.phonak.com\/lv-lv\/wp-content\/uploads\/sites\/73\/2025\/07\/logo-phonak.svg","caption":"Phonak - Latvija"},"image":{"@id":"https:\/\/intl.phonak.com\/lv-lv\/#\/schema\/logo\/image\/"}}]}},"jetpack_sharing_enabled":true,"distributor_meta":false,"distributor_terms":false,"distributor_media":false,"distributor_original_site_name":"Phonak - Latvija","distributor_original_site_url":"https:\/\/intl.phonak.com\/lv-lv","push-errors":false,"_links":{"self":[{"href":"https:\/\/intl.phonak.com\/lv-lv\/wp-json\/wp\/v2\/pages\/387","targetHints":{"allow":["GET"]}}],"collection":[{"href":"https:\/\/intl.phonak.com\/lv-lv\/wp-json\/wp\/v2\/pages"}],"about":[{"href":"https:\/\/intl.phonak.com\/lv-lv\/wp-json\/wp\/v2\/types\/page"}],"author":[{"embeddable":true,"href":"https:\/\/intl.phonak.com\/lv-lv\/wp-json\/wp\/v2\/users\/5"}],"replies":[{"embeddable":true,"href":"https:\/\/intl.phonak.com\/lv-lv\/wp-json\/wp\/v2\/comments?post=387"}],"version-history":[{"count":8,"href":"https:\/\/intl.phonak.com\/lv-lv\/wp-json\/wp\/v2\/pages\/387\/revisions"}],"predecessor-version":[{"id":924,"href":"https:\/\/intl.phonak.com\/lv-lv\/wp-json\/wp\/v2\/pages\/387\/revisions\/924"}],"up":[{"embeddable":true,"href":"https:\/\/intl.phonak.com\/lv-lv\/wp-json\/wp\/v2\/pages\/341"}],"wp:featuredmedia":[{"embeddable":true,"href":"https:\/\/intl.phonak.com\/lv-lv\/wp-json\/wp\/v2\/media\/559"}],"wp:attachment":[{"href":"https:\/\/intl.phonak.com\/lv-lv\/wp-json\/wp\/v2\/media?parent=387"}],"curies":[{"name":"wp","href":"https:\/\/api.w.org\/{rel}","templated":true}]}}