{"id":383,"date":"2021-11-29T20:47:45","date_gmt":"2021-11-29T20:47:45","guid":{"rendered":"https:\/\/intl.phonak.com\/lv-lv\/causes-of-hearing-loss\/"},"modified":"2025-11-04T10:44:25","modified_gmt":"2025-11-04T10:44:25","slug":"dzirdes-traucejumu-iemesli","status":"publish","type":"page","link":"https:\/\/intl.phonak.com\/lv-lv\/dzirdes-zudums\/dzirdes-traucejumu-iemesli\/","title":{"rendered":"Dzirdes zuduma c\u0113lo\u0146i"},"content":{"rendered":"\n<div class=\"wp-block-cover alignfull is-light\"><img decoding=\"async\" class=\"wp-block-cover__image-background wp-image-4482\" alt=\"Signs of hearing loss\" src=\"https:\/\/intl.phonak.com\/lv-lv\/wp-content\/uploads\/sites\/3\/2022\/02\/Banner_ways-to-better-hearing.jpg\" style=\"object-position:15% 88%\" data-object-fit=\"cover\" data-object-position=\"15% 88%\"\/><span aria-hidden=\"true\" class=\"wp-block-cover__background has-white-background-color has-background-dim-40 has-background-dim\"><\/span><div class=\"wp-block-cover__inner-container is-layout-flow wp-block-cover-is-layout-flow\">\n<h1 class=\"wp-block-heading has-text-align-center has-dark-grey-color has-text-color\" id=\"causes-of-hearing-loss\">Dzirdes zuduma c\u0113lo\u0146i<\/h1>   \n<p class=\"has-text-align-center has-dark-grey-color has-text-color has-lead-font-size\">\u012ass ieskats par to, k\u0101p\u0113c jums vai tuviniekam var\u0113tu b\u016bt dzirdes zudums<\/p>\n<\/div><\/div>   \n<h2 class=\"wp-block-heading has-text-align-center\" id=\"listen-to-your-hearing\">Klausieties savu dzirdi<\/h2>   \n<p class=\"has-text-align-center\">Galu gal\u0101 j\u016bs varat dzird\u0113t tikai to, ko dzirdat. T\u0101p\u0113c dzird\u0113t\u0101s lietas jums joproj\u0101m var \u0161\u0137ist pareizas, pat ja jums jau var b\u016bt neliels dzirdes zudums. Paties\u012bba ir t\u0101da, ka j\u016bsu smadzenes vienk\u0101r\u0161i piel\u0101gojas jaunajai situ\u0101cijai un kompens\u0113 v\u0101jin\u0101tos sign\u0101lus, kas n\u0101k no aus\u012bm. P\u0113c k\u0101da laika j\u016bsu smadzenes burtiski aizmirst, k\u0101 dzird\u0113t, jo t\u0101s neatceras v\u0101rdu ska\u0146u.<br><\/p>   \n<p class=\"has-text-align-center\">Dzirdes zudums var b\u016bt jebkuras no \u0161\u012bm sada\u013c\u0101m boj\u0101juma rezult\u0101ts:<\/p>   \n<div style=\"height:62px\" aria-hidden=\"true\" class=\"wp-block-spacer\"><\/div>   \n<figure class=\"wp-block-image aligncenter size-large\"><img decoding=\"async\" src=\"https:\/\/intl.phonak.com\/lv-lv\/wp-content\/uploads\/sites\/3\/2024\/05\/Anatomy_Ear-neutral.jpg?w=809\" alt=\"\" class=\"wp-image-8161\"\/><\/figure>   \n<div style=\"height:53px\" aria-hidden=\"true\" class=\"wp-block-spacer\"><\/div>   <div class=\"wp-block-columns is-layout-flex wp-container-core-columns-is-layout-9d6595d7 wp-block-columns-is-layout-flex\">\n<div class=\"wp-block-column is-layout-flow wp-block-column-is-layout-flow\">\n<h4 class=\"wp-block-heading has-text-align-center has-blue-color has-text-color\" id=\"causes-in-the-outer-ear\">1. C\u0113lo\u0146i \u0101r\u0113j\u0101 aus\u012b<\/h4>   \n<p class=\"has-text-align-center\">Tipiskas probl\u0113mas ar \u0101r\u0113jo ausi ir ausu vaska aizb\u0101\u017e\u0146i un dzirdes kan\u0101la infekcijas. Parasti \u0161o probl\u0113mu risin\u0101\u0161ana ir \u013coti vienk\u0101r\u0161a. Bet ir svar\u012bgi r\u012bkoties \u0101tri, lai izvair\u012btos no dzirdes boj\u0101jumiem.<\/p>\n<\/div>   <div class=\"wp-block-column is-layout-flow wp-block-column-is-layout-flow\">\n<h4 class=\"wp-block-heading has-text-align-center has-blue-color has-text-color\" id=\"causes-in-the-middle-ear\">2. C\u0113lo\u0146i vidusaus\u012b<\/h4>   \n<p class=\"has-text-align-center\">Iekaisums, \u0161\u0137idrums aiz bung\u0101di\u0146as, bung\u0101di\u0146as perfor\u0101cijas un otoskleroze (kaulu st\u012bvums vidusaus\u012b) ir visbie\u017e\u0101k sastopam\u0101s probl\u0113mas, kas trauc\u0113 vidusauss darb\u012bbu. Liel\u0101ko da\u013cu \u0101r\u0113j\u0101s un vidusauss probl\u0113mu var efekt\u012bvi risin\u0101t ar medikamentiem vai \u0137irur\u0123iju. Ja tas nav iesp\u0113jams, vairum\u0101 gad\u012bjumu past\u0101v\u012bgu dzirdes zudumu var kompens\u0113t ar dzirdes apar\u0101tu.<\/p>\n<\/div>   <div class=\"wp-block-column is-layout-flow wp-block-column-is-layout-flow\">\n<h4 class=\"wp-block-heading has-text-align-center has-blue-color has-text-color\" id=\"causes-in-the-inner-ear\">3. C\u0113lo\u0146i iek\u0161\u0113j\u0101 aus\u012b<\/h4>   \n<p class=\"has-text-align-center\">Liel\u0101k\u0101 da\u013ca dzirdes probl\u0113mu attiecas uz iek\u0161\u0113jo ausi. Visbie\u017e\u0101k sastopamais iemesls ir dabiskais noveco\u0161an\u0101s process. Bet ska\u013c\u0161 troksnis, da\u017eu veidu medikamentu lieto\u0161ana vai galvaskausa l\u016bzumi var ar\u012b negat\u012bvi ietekm\u0113t cilv\u0113ka dzirdes sp\u0113jas. \u0160\u012bs ietekmes boj\u0101 smalk\u0101s matu \u0161\u016bnas un ietekm\u0113 sign\u0101lu p\u0101rraidi uz dzirdes nerviem. Parasti iek\u0161\u0113j\u0101s auss dzirdes zudumu nevar risin\u0101t medic\u012bniski. Tom\u0113r vairum\u0101 gad\u012bjumu \u0161\u0101da veida dzirdes zudumu var kori\u0123\u0113t ar dzirdes apar\u0101tu.<\/p>\n<\/div>\n<\/div>   <p><\/p>   \n<p class=\"has-text-align-center\">Dzirdes zudumu, ko izraisa \u0101r\u0113j\u0101s vai vidusauss defekts, sauc par kondukt\u012bvu dzirdes zudumu. Iek\u0161\u0113j\u0101s auss boj\u0101jumus sauc par sensorineir\u0101lo dzirdes zudumu. Ja abi veidi rodas kop\u0101, st\u0101vokli sauc par jauktu dzirdes zudumu.<\/p>   \n<div style=\"height:26px\" aria-hidden=\"true\" class=\"wp-block-spacer\"><\/div>   \n<div class=\"wp-block-group alignfull has-light-grey-background-color has-background is-layout-flow wp-block-group-is-layout-flow\">\n<div class=\"wp-block-group is-style-align-small is-layout-flow wp-block-group-is-layout-flow\">\n<h3 class=\"wp-block-heading has-text-align-center has-blue-color has-text-color\" id=\"get-professional-help\">Sa\u0146emiet profesion\u0101lu pal\u012bdz\u012bbu<\/h3>   \n<p class=\"has-text-align-center\">J\u016bsu dzirdes apr\u016bpes speci\u0101lists pal\u012bdz\u0113s jums izdar\u012bt sev piem\u0113rot\u0101ko izv\u0113li. Vi\u0146i \u0146ems v\u0113r\u0101 j\u016bsu dzirdes vajadz\u012bbas, bud\u017eetu, dz\u012bvesveidu un individu\u0101l\u0101s dzirdes v\u0113lmes.<\/p>   \n<p class=\"has-text-align-center\"><a href=\"https:\/\/intl.phonak.com\/lv-lv\/dzirdes-zudums\/griezies-pie-dzirdes-specialista\/\">Uzziniet, ko sagaid\u012bt pirmaj\u0101 tik\u0161an\u0101s reiz\u0113<\/a><\/p>\n<\/div>\n<\/div>   \n<div class=\"wp-block-media-text is-stacked-on-mobile cta-block\" style=\"grid-template-columns:35% auto\"><figure class=\"wp-block-media-text__media\"><img decoding=\"async\" src=\"https:\/\/intl.phonak.com\/main-english\/wp-content\/uploads\/sites\/3\/2021\/11\/cta-image.jpg?w=401\" alt=\"\" class=\"wp-image-6738 size-full\"\/><\/figure><div class=\"wp-block-media-text__content\">\n<div class=\"wp-block-create-block-icon-selector\"><i class=\"fal fa-map-marker-alt\"><\/i><\/div>   \n<h3 class=\"wp-block-heading\">Dzirdes eksperti j\u016bsu tuvum\u0101<\/h3>   <p>Dzirdes apr\u016bpes speci\u0101listi var pal\u012bdz\u0113t jums izdar\u012bt sev piem\u0113rot\u0101ko izv\u0113li. Vi\u0146i \u0146ems v\u0113r\u0101 j\u016bsu dzirdes vajadz\u012bbas, bud\u017eetu, dz\u012bvesveidu un individu\u0101l\u0101s dzirdes v\u0113lmes. <\/p>   <div class=\"wp-block-buttons is-layout-flex wp-block-buttons-is-layout-flex\">\n<div class=\"wp-block-button is-style-marker-green\"><a class=\"wp-block-button__link wp-element-button\" href=\"https:\/\/intl.phonak.com\/lv-lv\/atrodi-specialistu\/\">Atrast ekspertu<\/a><\/div>\n<\/div>\n<\/div><\/div>    <p><\/p> ","protected":false},"excerpt":{"rendered":"<p>Klausieties savu dzirdi Galu gal\u0101 j\u016bs varat dzird\u0113t tikai to, ko dzirdat. T\u0101p\u0113c dzird\u0113t\u0101s lietas jums joproj\u0101m var \u0161\u0137ist pareizas,&#8230;<\/p>\n","protected":false},"author":5,"featured_media":678,"parent":317,"menu_order":0,"comment_status":"closed","ping_status":"closed","template":"","meta":{"_acf_changed":false,"inline_featured_image":false,"footnotes":""},"class_list":["post-383","page","type-page","status-publish","has-post-thumbnail","hentry"],"acf":[],"yoast_head":"<!-- This site is optimized with the Yoast SEO plugin v26.9 - https:\/\/yoast.com\/product\/yoast-seo-wordpress\/ -->\n<title>Dzirdes zuduma c\u0113lo\u0146i - Phonak - Latvija<\/title>\n<meta name=\"robots\" content=\"index, follow, max-snippet:-1, max-image-preview:large, max-video-preview:-1\" \/>\n<link rel=\"canonical\" href=\"https:\/\/intl.phonak.com\/main-english\/hearing-loss\/causes-of-hearing-loss\/\" \/>\n<meta property=\"og:locale\" content=\"lv_LV\" \/>\n<meta property=\"og:type\" content=\"article\" \/>\n<meta property=\"og:title\" content=\"Dzirdes zuduma c\u0113lo\u0146i - Phonak - Latvija\" \/>\n<meta property=\"og:description\" content=\"Klausieties savu dzirdi Galu gal\u0101 j\u016bs varat dzird\u0113t tikai to, ko dzirdat. T\u0101p\u0113c dzird\u0113t\u0101s lietas jums joproj\u0101m var \u0161\u0137ist pareizas,...\" \/>\n<meta property=\"og:url\" content=\"https:\/\/intl.phonak.com\/lv-lv\/dzirdes-zudums\/dzirdes-traucejumu-iemesli\/\" \/>\n<meta property=\"og:site_name\" content=\"Phonak - Latvija\" \/>\n<meta property=\"article:modified_time\" content=\"2025-11-04T10:44:25+00:00\" \/>\n<meta property=\"og:image\" content=\"https:\/\/intl.phonak.com\/lv-lv\/wp-content\/uploads\/sites\/73\/2021\/11\/PH_Packshot_Audeo-I-Sphere-xReceiver_050-1029-P7-1.png\" \/>\n\t<meta property=\"og:image:width\" content=\"600\" \/>\n\t<meta property=\"og:image:height\" content=\"600\" \/>\n\t<meta property=\"og:image:type\" content=\"image\/png\" \/>\n<meta name=\"twitter:card\" content=\"summary_large_image\" \/>\n<meta name=\"twitter:label1\" content=\"Est. reading time\" \/>\n\t<meta name=\"twitter:data1\" content=\"3 minutes\" \/>\n<script type=\"application\/ld+json\" class=\"yoast-schema-graph\">{\"@context\":\"https:\/\/schema.org\",\"@graph\":[{\"@type\":\"WebPage\",\"@id\":\"https:\/\/intl.phonak.com\/lv-lv\/dzirdes-zudums\/dzirdes-traucejumu-iemesli\/\",\"url\":\"https:\/\/intl.phonak.com\/lv-lv\/dzirdes-zudums\/dzirdes-traucejumu-iemesli\/\",\"name\":\"Dzirdes zuduma c\u0113lo\u0146i - Phonak - Latvija\",\"isPartOf\":{\"@id\":\"https:\/\/intl.phonak.com\/lv-lv\/#website\"},\"primaryImageOfPage\":{\"@id\":\"https:\/\/intl.phonak.com\/lv-lv\/dzirdes-zudums\/dzirdes-traucejumu-iemesli\/#primaryimage\"},\"image\":{\"@id\":\"https:\/\/intl.phonak.com\/lv-lv\/dzirdes-zudums\/dzirdes-traucejumu-iemesli\/#primaryimage\"},\"thumbnailUrl\":\"https:\/\/intl.phonak.com\/lv-lv\/wp-content\/uploads\/sites\/73\/2021\/11\/PH_Packshot_Audeo-I-Sphere-xReceiver_050-1029-P7-1.png\",\"datePublished\":\"2021-11-29T20:47:45+00:00\",\"dateModified\":\"2025-11-04T10:44:25+00:00\",\"breadcrumb\":{\"@id\":\"https:\/\/intl.phonak.com\/lv-lv\/dzirdes-zudums\/dzirdes-traucejumu-iemesli\/#breadcrumb\"},\"inLanguage\":\"lv-LV\",\"potentialAction\":[{\"@type\":\"ReadAction\",\"target\":[\"https:\/\/intl.phonak.com\/lv-lv\/dzirdes-zudums\/dzirdes-traucejumu-iemesli\/\"]}]},{\"@type\":\"ImageObject\",\"inLanguage\":\"lv-LV\",\"@id\":\"https:\/\/intl.phonak.com\/lv-lv\/dzirdes-zudums\/dzirdes-traucejumu-iemesli\/#primaryimage\",\"url\":\"https:\/\/intl.phonak.com\/lv-lv\/wp-content\/uploads\/sites\/73\/2021\/11\/PH_Packshot_Audeo-I-Sphere-xReceiver_050-1029-P7-1.png\",\"contentUrl\":\"https:\/\/intl.phonak.com\/lv-lv\/wp-content\/uploads\/sites\/73\/2021\/11\/PH_Packshot_Audeo-I-Sphere-xReceiver_050-1029-P7-1.png\",\"width\":600,\"height\":600,\"caption\":\"Phonak Aud\u00e9o Sphere Infinio\"},{\"@type\":\"BreadcrumbList\",\"@id\":\"https:\/\/intl.phonak.com\/lv-lv\/dzirdes-zudums\/dzirdes-traucejumu-iemesli\/#breadcrumb\",\"itemListElement\":[{\"@type\":\"ListItem\",\"position\":1,\"name\":\"Home\",\"item\":\"https:\/\/intl.phonak.com\/lv-lv\/\"},{\"@type\":\"ListItem\",\"position\":2,\"name\":\"Dzirdes zudums\",\"item\":\"https:\/\/intl.phonak.com\/lv-lv\/dzirdes-zudums\/\"},{\"@type\":\"ListItem\",\"position\":3,\"name\":\"Dzirdes trauc\u0113jumu iemesli\"}]},{\"@type\":\"WebSite\",\"@id\":\"https:\/\/intl.phonak.com\/lv-lv\/#website\",\"url\":\"https:\/\/intl.phonak.com\/lv-lv\/\",\"name\":\"Phonak - Latvija\",\"description\":\"Ap\u0146\u0113mu\u0161ies main\u012bt dz\u012bves\",\"publisher\":{\"@id\":\"https:\/\/intl.phonak.com\/lv-lv\/#organization\"},\"potentialAction\":[{\"@type\":\"SearchAction\",\"target\":{\"@type\":\"EntryPoint\",\"urlTemplate\":\"https:\/\/intl.phonak.com\/lv-lv\/?s={search_term_string}\"},\"query-input\":{\"@type\":\"PropertyValueSpecification\",\"valueRequired\":true,\"valueName\":\"search_term_string\"}}],\"inLanguage\":\"lv-LV\"},{\"@type\":\"Organization\",\"@id\":\"https:\/\/intl.phonak.com\/lv-lv\/#organization\",\"name\":\"Phonak - Latvija\",\"url\":\"https:\/\/intl.phonak.com\/lv-lv\/\",\"logo\":{\"@type\":\"ImageObject\",\"inLanguage\":\"lv-LV\",\"@id\":\"https:\/\/intl.phonak.com\/lv-lv\/#\/schema\/logo\/image\/\",\"url\":\"https:\/\/intl.phonak.com\/lv-lv\/wp-content\/uploads\/sites\/73\/2025\/07\/logo-phonak.svg\",\"contentUrl\":\"https:\/\/intl.phonak.com\/lv-lv\/wp-content\/uploads\/sites\/73\/2025\/07\/logo-phonak.svg\",\"caption\":\"Phonak - Latvija\"},\"image\":{\"@id\":\"https:\/\/intl.phonak.com\/lv-lv\/#\/schema\/logo\/image\/\"}}]}<\/script>\n<!-- \/ Yoast SEO plugin. -->","yoast_head_json":{"title":"Dzirdes zuduma c\u0113lo\u0146i - Phonak - Latvija","robots":{"index":"index","follow":"follow","max-snippet":"max-snippet:-1","max-image-preview":"max-image-preview:large","max-video-preview":"max-video-preview:-1"},"canonical":"https:\/\/intl.phonak.com\/main-english\/hearing-loss\/causes-of-hearing-loss\/","og_locale":"lv_LV","og_type":"article","og_title":"Dzirdes zuduma c\u0113lo\u0146i - Phonak - Latvija","og_description":"Klausieties savu dzirdi Galu gal\u0101 j\u016bs varat dzird\u0113t tikai to, ko dzirdat. T\u0101p\u0113c dzird\u0113t\u0101s lietas jums joproj\u0101m var \u0161\u0137ist pareizas,...","og_url":"https:\/\/intl.phonak.com\/lv-lv\/dzirdes-zudums\/dzirdes-traucejumu-iemesli\/","og_site_name":"Phonak - Latvija","article_modified_time":"2025-11-04T10:44:25+00:00","og_image":[{"width":600,"height":600,"url":"https:\/\/intl.phonak.com\/lv-lv\/wp-content\/uploads\/sites\/73\/2021\/11\/PH_Packshot_Audeo-I-Sphere-xReceiver_050-1029-P7-1.png","type":"image\/png"}],"twitter_card":"summary_large_image","twitter_misc":{"Est. reading time":"3 minutes"},"schema":{"@context":"https:\/\/schema.org","@graph":[{"@type":"WebPage","@id":"https:\/\/intl.phonak.com\/lv-lv\/dzirdes-zudums\/dzirdes-traucejumu-iemesli\/","url":"https:\/\/intl.phonak.com\/lv-lv\/dzirdes-zudums\/dzirdes-traucejumu-iemesli\/","name":"Dzirdes zuduma c\u0113lo\u0146i - Phonak - Latvija","isPartOf":{"@id":"https:\/\/intl.phonak.com\/lv-lv\/#website"},"primaryImageOfPage":{"@id":"https:\/\/intl.phonak.com\/lv-lv\/dzirdes-zudums\/dzirdes-traucejumu-iemesli\/#primaryimage"},"image":{"@id":"https:\/\/intl.phonak.com\/lv-lv\/dzirdes-zudums\/dzirdes-traucejumu-iemesli\/#primaryimage"},"thumbnailUrl":"https:\/\/intl.phonak.com\/lv-lv\/wp-content\/uploads\/sites\/73\/2021\/11\/PH_Packshot_Audeo-I-Sphere-xReceiver_050-1029-P7-1.png","datePublished":"2021-11-29T20:47:45+00:00","dateModified":"2025-11-04T10:44:25+00:00","breadcrumb":{"@id":"https:\/\/intl.phonak.com\/lv-lv\/dzirdes-zudums\/dzirdes-traucejumu-iemesli\/#breadcrumb"},"inLanguage":"lv-LV","potentialAction":[{"@type":"ReadAction","target":["https:\/\/intl.phonak.com\/lv-lv\/dzirdes-zudums\/dzirdes-traucejumu-iemesli\/"]}]},{"@type":"ImageObject","inLanguage":"lv-LV","@id":"https:\/\/intl.phonak.com\/lv-lv\/dzirdes-zudums\/dzirdes-traucejumu-iemesli\/#primaryimage","url":"https:\/\/intl.phonak.com\/lv-lv\/wp-content\/uploads\/sites\/73\/2021\/11\/PH_Packshot_Audeo-I-Sphere-xReceiver_050-1029-P7-1.png","contentUrl":"https:\/\/intl.phonak.com\/lv-lv\/wp-content\/uploads\/sites\/73\/2021\/11\/PH_Packshot_Audeo-I-Sphere-xReceiver_050-1029-P7-1.png","width":600,"height":600,"caption":"Phonak Aud\u00e9o Sphere Infinio"},{"@type":"BreadcrumbList","@id":"https:\/\/intl.phonak.com\/lv-lv\/dzirdes-zudums\/dzirdes-traucejumu-iemesli\/#breadcrumb","itemListElement":[{"@type":"ListItem","position":1,"name":"Home","item":"https:\/\/intl.phonak.com\/lv-lv\/"},{"@type":"ListItem","position":2,"name":"Dzirdes zudums","item":"https:\/\/intl.phonak.com\/lv-lv\/dzirdes-zudums\/"},{"@type":"ListItem","position":3,"name":"Dzirdes trauc\u0113jumu iemesli"}]},{"@type":"WebSite","@id":"https:\/\/intl.phonak.com\/lv-lv\/#website","url":"https:\/\/intl.phonak.com\/lv-lv\/","name":"Phonak - Latvija","description":"Ap\u0146\u0113mu\u0161ies main\u012bt dz\u012bves","publisher":{"@id":"https:\/\/intl.phonak.com\/lv-lv\/#organization"},"potentialAction":[{"@type":"SearchAction","target":{"@type":"EntryPoint","urlTemplate":"https:\/\/intl.phonak.com\/lv-lv\/?s={search_term_string}"},"query-input":{"@type":"PropertyValueSpecification","valueRequired":true,"valueName":"search_term_string"}}],"inLanguage":"lv-LV"},{"@type":"Organization","@id":"https:\/\/intl.phonak.com\/lv-lv\/#organization","name":"Phonak - Latvija","url":"https:\/\/intl.phonak.com\/lv-lv\/","logo":{"@type":"ImageObject","inLanguage":"lv-LV","@id":"https:\/\/intl.phonak.com\/lv-lv\/#\/schema\/logo\/image\/","url":"https:\/\/intl.phonak.com\/lv-lv\/wp-content\/uploads\/sites\/73\/2025\/07\/logo-phonak.svg","contentUrl":"https:\/\/intl.phonak.com\/lv-lv\/wp-content\/uploads\/sites\/73\/2025\/07\/logo-phonak.svg","caption":"Phonak - Latvija"},"image":{"@id":"https:\/\/intl.phonak.com\/lv-lv\/#\/schema\/logo\/image\/"}}]}},"jetpack_sharing_enabled":true,"distributor_meta":false,"distributor_terms":false,"distributor_media":false,"distributor_original_site_name":"Phonak - Latvija","distributor_original_site_url":"https:\/\/intl.phonak.com\/lv-lv","push-errors":false,"_links":{"self":[{"href":"https:\/\/intl.phonak.com\/lv-lv\/wp-json\/wp\/v2\/pages\/383","targetHints":{"allow":["GET"]}}],"collection":[{"href":"https:\/\/intl.phonak.com\/lv-lv\/wp-json\/wp\/v2\/pages"}],"about":[{"href":"https:\/\/intl.phonak.com\/lv-lv\/wp-json\/wp\/v2\/types\/page"}],"author":[{"embeddable":true,"href":"https:\/\/intl.phonak.com\/lv-lv\/wp-json\/wp\/v2\/users\/5"}],"replies":[{"embeddable":true,"href":"https:\/\/intl.phonak.com\/lv-lv\/wp-json\/wp\/v2\/comments?post=383"}],"version-history":[{"count":12,"href":"https:\/\/intl.phonak.com\/lv-lv\/wp-json\/wp\/v2\/pages\/383\/revisions"}],"predecessor-version":[{"id":914,"href":"https:\/\/intl.phonak.com\/lv-lv\/wp-json\/wp\/v2\/pages\/383\/revisions\/914"}],"up":[{"embeddable":true,"href":"https:\/\/intl.phonak.com\/lv-lv\/wp-json\/wp\/v2\/pages\/317"}],"wp:featuredmedia":[{"embeddable":true,"href":"https:\/\/intl.phonak.com\/lv-lv\/wp-json\/wp\/v2\/media\/678"}],"wp:attachment":[{"href":"https:\/\/intl.phonak.com\/lv-lv\/wp-json\/wp\/v2\/media?parent=383"}],"curies":[{"name":"wp","href":"https:\/\/api.w.org\/{rel}","templated":true}]}}