{"id":379,"date":"2021-11-29T21:39:57","date_gmt":"2021-11-29T21:39:57","guid":{"rendered":"https:\/\/intl.phonak.com\/lv-lv\/go-to-a-hearing-expert\/"},"modified":"2025-11-04T10:51:11","modified_gmt":"2025-11-04T10:51:11","slug":"griezies-pie-dzirdes-specialista","status":"publish","type":"page","link":"https:\/\/intl.phonak.com\/lv-lv\/dzirdes-zudums\/griezies-pie-dzirdes-specialista\/","title":{"rendered":"Dodieties pie dzirdes speci\u0101lista"},"content":{"rendered":"\n<div class=\"wp-block-cover alignfull\"><span aria-hidden=\"true\" class=\"wp-block-cover__background has-light-grey-background-color has-background-dim-60 has-background-dim\"><\/span><img decoding=\"async\" class=\"wp-block-cover__image-background wp-image-7280\" alt=\"HCP fitting a Client\" src=\"https:\/\/intl.phonak.com\/lv-lv\/wp-content\/uploads\/sites\/3\/2023\/12\/Hearing-banner_HCPFittingClient_01-1.jpg\" data-object-fit=\"cover\"\/><div class=\"wp-block-cover__inner-container is-layout-flow wp-block-cover-is-layout-flow\">\n<h1 class=\"wp-block-heading has-text-align-center has-grey-500-color has-text-color\" id=\"your-first-appointment-with-a-hearing-expert\">J\u016bsu pirm\u0101 tik\u0161an\u0101s ar dzirdes speci\u0101listu.<\/h1>   \n<p class=\"has-text-align-center has-grey-500-color has-text-color has-lead-font-size\">Regul\u0101ri dzirdes testi pal\u012bdz agr\u012bni atpaz\u012bt dzirdes zudumu. <br>Kad p\u0113d\u0113jo reizi p\u0101rbaud\u012bj\u0101t dzirdi?<\/p>   \n<div class=\"wp-block-buttons is-horizontal is-content-justification-center is-layout-flex wp-container-core-buttons-is-layout-499968f5 wp-block-buttons-is-layout-flex\">\n<div class=\"wp-block-button is-style-marker-green\"><a class=\"wp-block-button__link wp-element-button\" href=\"https:\/\/intl.phonak.com\/lv-lv\/atrodi-specialistu\/\">Atrast ekspertu<\/a><\/div>\n<\/div>\n<\/div><\/div>   \n<div class=\"wp-block-group is-style-align-small is-layout-flow wp-block-group-is-layout-flow\" style=\"padding-top:0px\">\n<h2 class=\"wp-block-heading has-text-align-center\" id=\"what-to-expect\">Ko sagaid\u012bt<\/h2>   \n<p class=\"has-text-align-center\">J\u016bs, iesp\u0113jams, jau esat dom\u0101ju\u0161i, kas notiks ekspertu konsult\u0101cijas laik\u0101. \u013baujiet mums nomierin\u0101t j\u016bsu pr\u0101tu un sniegt jums priek\u0161statu par to, ko j\u016bs varat sagaid\u012bt pirmaj\u0101 tik\u0161an\u0101s reiz\u0113. <\/p>   \n<h3 class=\"wp-block-heading has-blue-color has-text-color\" id=\"1-plan-enough-time\">1. Pl\u0101nojiet pietiekami daudz laika<\/h3>   \n<p class=\"has-text-align-left\">J\u016bsu pirm\u0101 viz\u012bte ilgs apm\u0113ram stundu. Ja v\u0113laties, varat l\u016bgt radinieku vai draugu pavad\u012bt j\u016bs. Daudzi cilv\u0113ki \u0161\u0101d\u0101 veid\u0101 j\u016btas dro\u0161\u0101ki. Draudz\u012bga seja blakus ir \u012bpa\u0161i noder\u012bga, ja rodas komunik\u0101cijas probl\u0113mas.<\/p>   \n<h3 class=\"wp-block-heading has-blue-color has-text-color\" id=\"2-ear-examination\">2. Ausu p\u0101rbaude<\/h3>   <p>Audiologs, dzirdes apar\u0101tu izplat\u012bt\u0101js vai LOR speci\u0101lists p\u0101rbaud\u012bs j\u016bsu ausis. Tas tiek dar\u012bts, lai p\u0101rbaud\u012btu, vai nav t\u0101du probl\u0113mu k\u0101 p\u0101rm\u0113r\u012bga ausu s\u0113ra uzkr\u0101\u0161an\u0101s vai ausu infekcijas.<\/p>   \n<h3 class=\"wp-block-heading has-blue-color has-text-color\" id=\"3-hearing-test\">3. Dzirdes p\u0101rbaude<\/h3>   <p>P\u0113c p\u0101rbaudes audiologs, dzirdes apar\u0101tu izplat\u012bt\u0101js vai LOR speci\u0101lists veiks dzirdes p\u0101rbaudi. Jums tiks izsniegtas austi\u0146as, un eksperts atska\u0146os virkni to\u0146u; da\u017ei no \u0161iem to\u0146iem b\u016bs ska\u013ci un viegli dzirdami, bet citi b\u016bs klusi un nedaudz gr\u016bt\u0101k dzirdami. Vien\u012bgais, kas jums j\u0101dara, ir inform\u0113t ekspertu vai nospiest pogu, kad dzirdat sign\u0101lu. P\u0113c p\u0101rbaudes un dzirdes p\u0101rbaud\u0113m eksperts var\u0113s past\u0101st\u012bt vair\u0101k par j\u016bsu dzirdi un dzirdes zudumu.<\/p>   \n<h3 class=\"wp-block-heading has-blue-color has-text-color\" id=\"selection-of-hearing-solutions-1\">4. Dzirdes risin\u0101jumu izv\u0113le<\/h3>   <p>Konsult\u0101cijas beig\u0101s eksperts izskaidros visas jums pieejam\u0101s iesp\u0113jas, lai atg\u016btu dzirdi. Jums tiks par\u0101d\u012bta dzirdes apar\u0101tu izv\u0113le, kas ir piem\u0113rota j\u016bsu dzirdes zudumam. Jums tiks izskaidrotas produktu at\u0161\u0137ir\u012bbas un priek\u0161roc\u012bbas.<\/p>   <p>Tagad ir labs laiks, lai uzdotu visus jaut\u0101jumus, kas jums var\u0113tu rasties, un sniegt ekspertam p\u0113c iesp\u0113jas vair\u0101k inform\u0101cijas. Jo vair\u0101k vi\u0146\u0161 vai vi\u0146a zina par jums, jo lab\u0101ku pal\u012bdz\u012bbu j\u016bs sa\u0146emsiet. T\u0101p\u0113c ieteicams padom\u0101t par situ\u0101cij\u0101m, kad jums ir gr\u016bt\u012bbas ar dzirdi (\u0123imenes pulc\u0113\u0161an\u0101s laik\u0101, san\u0101ksmju laik\u0101, ska\u013c\u0101 vid\u0113, skatoties televizoru, run\u0101jot pa telefonu, klausoties m\u016bziku utt.) &nbsp; pirms iera\u0161an\u0101s uz tik\u0161anos.<\/p>   \n<div style=\"height:35px\" aria-hidden=\"true\" class=\"wp-block-spacer\"><\/div>\n<\/div>   \n<div class=\"wp-block-group alignfull has-light-grey-background-color has-background is-layout-flow wp-block-group-is-layout-flow\">\n<div class=\"wp-block-group is-style-align-small is-layout-flow wp-block-group-is-layout-flow\">\n<p class=\"has-text-align-center is-style-default\"><strong>N\u0100KAMAIS SOLIS:<\/strong><\/p>   \n<h3 class=\"wp-block-heading has-text-align-center\" id=\"customization-of-your-new-hearing-aid-1\">Jaun\u0101 dzirdes apar\u0101ta piel\u0101go\u0161ana<\/h3>   \n<p class=\"has-text-align-center is-style-default\">Phonak ir pasaules l\u012bderis dzirdes risin\u0101jumu izstr\u0101d\u0113. Nep\u0101rtraukti cen\u0161oties rast jaunus risin\u0101jumus, mums izdodas sasniegt vienu no augst\u0101kajiem inov\u0101ciju r\u0101d\u012bt\u0101jiem nozar\u0113. <\/p>   \n<p class=\"has-text-align-center\"><a href=\"https:\/\/intl.phonak.com\/lv-lv\/risinajumi\/dzirdes-aparati\/\">Uzziniet vair\u0101k par Phonak dzirdes apar\u0101tiem<\/a><\/p>   \n<p class=\"has-text-align-center is-style-default\">Phonak dzirdes apar\u0101tus var piel\u0101got j\u016bsu vajadz\u012bb\u0101m, tom\u0113r tie ir j\u0101optimiz\u0113, lai nodro\u0161in\u0101tu, ka j\u016bs vienm\u0113r esat inform\u0113ts par notieko\u0161o neatkar\u012bgi no j\u016bsu atra\u0161an\u0101s vietas.<\/p>   \n<p class=\"has-text-align-center\"><a href=\"https:\/\/intl.phonak.com\/lv-lv\/dzirdes-zudums\/dzirdes-aparata-individuala-pielagosana\/\">Uzziniet vair\u0101k par dzirdes apar\u0101tu piel\u0101go\u0161anu<\/a><\/p>\n<\/div>\n<\/div>   \n<div class=\"wp-block-media-text is-stacked-on-mobile cta-block\" style=\"grid-template-columns:35% auto\"><figure class=\"wp-block-media-text__media\"><img decoding=\"async\" src=\"https:\/\/intl.phonak.com\/main-english\/wp-content\/uploads\/sites\/3\/2021\/11\/cta-image.jpg?w=401\" alt=\"\" class=\"wp-image-6738 size-full\"\/><\/figure><div class=\"wp-block-media-text__content\">\n<div class=\"wp-block-create-block-icon-selector\"><i class=\"fal fa-map-marker-alt\"><\/i><\/div>   \n<h3 class=\"wp-block-heading\">Dzirdes eksperti j\u016bsu tuvum\u0101<\/h3>   <p>Dzirdes apr\u016bpes speci\u0101listi var pal\u012bdz\u0113t jums izdar\u012bt sev piem\u0113rot\u0101ko izv\u0113li. Vi\u0146i \u0146ems v\u0113r\u0101 j\u016bsu dzirdes vajadz\u012bbas, bud\u017eetu, dz\u012bvesveidu un individu\u0101l\u0101s dzirdes v\u0113lmes. <\/p>   <div class=\"wp-block-buttons is-layout-flex wp-block-buttons-is-layout-flex\">\n<div class=\"wp-block-button is-style-marker-green\"><a class=\"wp-block-button__link wp-element-button\" href=\"https:\/\/intl.phonak.com\/lv-lv\/atrodi-specialistu\/\">Atrast ekspertu<\/a><\/div>\n<\/div>\n<\/div><\/div> ","protected":false},"excerpt":{"rendered":"<p>Ko sagaid\u012bt J\u016bs, iesp\u0113jams, jau esat dom\u0101ju\u0161i, kas notiks ekspertu konsult\u0101cijas laik\u0101. \u013baujiet mums nomierin\u0101t j\u016bsu pr\u0101tu un sniegt jums&#8230;<\/p>\n","protected":false},"author":5,"featured_media":509,"parent":317,"menu_order":0,"comment_status":"closed","ping_status":"closed","template":"","meta":{"_acf_changed":false,"inline_featured_image":false,"footnotes":""},"class_list":["post-379","page","type-page","status-publish","has-post-thumbnail","hentry"],"acf":[],"yoast_head":"<!-- This site is optimized with the Yoast SEO plugin v26.9 - https:\/\/yoast.com\/product\/yoast-seo-wordpress\/ -->\n<title>Dodieties pie dzirdes speci\u0101lista - Phonak - Latvija<\/title>\n<meta name=\"robots\" content=\"index, follow, max-snippet:-1, max-image-preview:large, max-video-preview:-1\" \/>\n<link rel=\"canonical\" href=\"https:\/\/intl.phonak.com\/main-english\/hearing-loss\/go-to-a-hearing-expert\/\" \/>\n<meta property=\"og:locale\" content=\"lv_LV\" \/>\n<meta property=\"og:type\" content=\"article\" \/>\n<meta property=\"og:title\" content=\"Dodieties pie dzirdes speci\u0101lista - Phonak - Latvija\" \/>\n<meta property=\"og:description\" content=\"Ko sagaid\u012bt J\u016bs, iesp\u0113jams, jau esat dom\u0101ju\u0161i, kas notiks ekspertu konsult\u0101cijas laik\u0101. \u013baujiet mums nomierin\u0101t j\u016bsu pr\u0101tu un sniegt jums...\" \/>\n<meta property=\"og:url\" content=\"https:\/\/intl.phonak.com\/lv-lv\/dzirdes-zudums\/griezies-pie-dzirdes-specialista\/\" \/>\n<meta property=\"og:site_name\" content=\"Phonak - Latvija\" \/>\n<meta property=\"article:modified_time\" content=\"2025-11-04T10:51:11+00:00\" \/>\n<meta property=\"og:image\" content=\"https:\/\/intl.phonak.com\/lv-lv\/wp-content\/uploads\/sites\/73\/2021\/11\/PH_Packshot_Audeo-I-Sphere-xReceiver_050-1029-P7_f38bf4.png\" \/>\n\t<meta property=\"og:image:width\" content=\"600\" \/>\n\t<meta property=\"og:image:height\" content=\"600\" \/>\n\t<meta property=\"og:image:type\" content=\"image\/png\" \/>\n<meta name=\"twitter:card\" content=\"summary_large_image\" \/>\n<meta name=\"twitter:label1\" content=\"Est. reading time\" \/>\n\t<meta name=\"twitter:data1\" content=\"3 minutes\" \/>\n<script type=\"application\/ld+json\" class=\"yoast-schema-graph\">{\"@context\":\"https:\/\/schema.org\",\"@graph\":[{\"@type\":\"WebPage\",\"@id\":\"https:\/\/intl.phonak.com\/lv-lv\/dzirdes-zudums\/griezies-pie-dzirdes-specialista\/\",\"url\":\"https:\/\/intl.phonak.com\/lv-lv\/dzirdes-zudums\/griezies-pie-dzirdes-specialista\/\",\"name\":\"Dodieties pie dzirdes speci\u0101lista - Phonak - Latvija\",\"isPartOf\":{\"@id\":\"https:\/\/intl.phonak.com\/lv-lv\/#website\"},\"primaryImageOfPage\":{\"@id\":\"https:\/\/intl.phonak.com\/lv-lv\/dzirdes-zudums\/griezies-pie-dzirdes-specialista\/#primaryimage\"},\"image\":{\"@id\":\"https:\/\/intl.phonak.com\/lv-lv\/dzirdes-zudums\/griezies-pie-dzirdes-specialista\/#primaryimage\"},\"thumbnailUrl\":\"https:\/\/intl.phonak.com\/lv-lv\/wp-content\/uploads\/sites\/73\/2021\/11\/PH_Packshot_Audeo-I-Sphere-xReceiver_050-1029-P7_f38bf4.png\",\"datePublished\":\"2021-11-29T21:39:57+00:00\",\"dateModified\":\"2025-11-04T10:51:11+00:00\",\"breadcrumb\":{\"@id\":\"https:\/\/intl.phonak.com\/lv-lv\/dzirdes-zudums\/griezies-pie-dzirdes-specialista\/#breadcrumb\"},\"inLanguage\":\"lv-LV\",\"potentialAction\":[{\"@type\":\"ReadAction\",\"target\":[\"https:\/\/intl.phonak.com\/lv-lv\/dzirdes-zudums\/griezies-pie-dzirdes-specialista\/\"]}]},{\"@type\":\"ImageObject\",\"inLanguage\":\"lv-LV\",\"@id\":\"https:\/\/intl.phonak.com\/lv-lv\/dzirdes-zudums\/griezies-pie-dzirdes-specialista\/#primaryimage\",\"url\":\"https:\/\/intl.phonak.com\/lv-lv\/wp-content\/uploads\/sites\/73\/2021\/11\/PH_Packshot_Audeo-I-Sphere-xReceiver_050-1029-P7_f38bf4.png\",\"contentUrl\":\"https:\/\/intl.phonak.com\/lv-lv\/wp-content\/uploads\/sites\/73\/2021\/11\/PH_Packshot_Audeo-I-Sphere-xReceiver_050-1029-P7_f38bf4.png\",\"width\":600,\"height\":600,\"caption\":\"Phonak Aud\u00e9o Sphere Infinio\"},{\"@type\":\"BreadcrumbList\",\"@id\":\"https:\/\/intl.phonak.com\/lv-lv\/dzirdes-zudums\/griezies-pie-dzirdes-specialista\/#breadcrumb\",\"itemListElement\":[{\"@type\":\"ListItem\",\"position\":1,\"name\":\"Home\",\"item\":\"https:\/\/intl.phonak.com\/lv-lv\/\"},{\"@type\":\"ListItem\",\"position\":2,\"name\":\"Dzirdes zudums\",\"item\":\"https:\/\/intl.phonak.com\/lv-lv\/dzirdes-zudums\/\"},{\"@type\":\"ListItem\",\"position\":3,\"name\":\"Griezies pie dzirdes speci\u0101lista\"}]},{\"@type\":\"WebSite\",\"@id\":\"https:\/\/intl.phonak.com\/lv-lv\/#website\",\"url\":\"https:\/\/intl.phonak.com\/lv-lv\/\",\"name\":\"Phonak - Latvija\",\"description\":\"Ap\u0146\u0113mu\u0161ies main\u012bt dz\u012bves\",\"publisher\":{\"@id\":\"https:\/\/intl.phonak.com\/lv-lv\/#organization\"},\"potentialAction\":[{\"@type\":\"SearchAction\",\"target\":{\"@type\":\"EntryPoint\",\"urlTemplate\":\"https:\/\/intl.phonak.com\/lv-lv\/?s={search_term_string}\"},\"query-input\":{\"@type\":\"PropertyValueSpecification\",\"valueRequired\":true,\"valueName\":\"search_term_string\"}}],\"inLanguage\":\"lv-LV\"},{\"@type\":\"Organization\",\"@id\":\"https:\/\/intl.phonak.com\/lv-lv\/#organization\",\"name\":\"Phonak - Latvija\",\"url\":\"https:\/\/intl.phonak.com\/lv-lv\/\",\"logo\":{\"@type\":\"ImageObject\",\"inLanguage\":\"lv-LV\",\"@id\":\"https:\/\/intl.phonak.com\/lv-lv\/#\/schema\/logo\/image\/\",\"url\":\"https:\/\/intl.phonak.com\/lv-lv\/wp-content\/uploads\/sites\/73\/2025\/07\/logo-phonak.svg\",\"contentUrl\":\"https:\/\/intl.phonak.com\/lv-lv\/wp-content\/uploads\/sites\/73\/2025\/07\/logo-phonak.svg\",\"caption\":\"Phonak - Latvija\"},\"image\":{\"@id\":\"https:\/\/intl.phonak.com\/lv-lv\/#\/schema\/logo\/image\/\"}}]}<\/script>\n<!-- \/ Yoast SEO plugin. -->","yoast_head_json":{"title":"Dodieties pie dzirdes speci\u0101lista - Phonak - Latvija","robots":{"index":"index","follow":"follow","max-snippet":"max-snippet:-1","max-image-preview":"max-image-preview:large","max-video-preview":"max-video-preview:-1"},"canonical":"https:\/\/intl.phonak.com\/main-english\/hearing-loss\/go-to-a-hearing-expert\/","og_locale":"lv_LV","og_type":"article","og_title":"Dodieties pie dzirdes speci\u0101lista - Phonak - Latvija","og_description":"Ko sagaid\u012bt J\u016bs, iesp\u0113jams, jau esat dom\u0101ju\u0161i, kas notiks ekspertu konsult\u0101cijas laik\u0101. \u013baujiet mums nomierin\u0101t j\u016bsu pr\u0101tu un sniegt jums...","og_url":"https:\/\/intl.phonak.com\/lv-lv\/dzirdes-zudums\/griezies-pie-dzirdes-specialista\/","og_site_name":"Phonak - Latvija","article_modified_time":"2025-11-04T10:51:11+00:00","og_image":[{"width":600,"height":600,"url":"https:\/\/intl.phonak.com\/lv-lv\/wp-content\/uploads\/sites\/73\/2021\/11\/PH_Packshot_Audeo-I-Sphere-xReceiver_050-1029-P7_f38bf4.png","type":"image\/png"}],"twitter_card":"summary_large_image","twitter_misc":{"Est. reading time":"3 minutes"},"schema":{"@context":"https:\/\/schema.org","@graph":[{"@type":"WebPage","@id":"https:\/\/intl.phonak.com\/lv-lv\/dzirdes-zudums\/griezies-pie-dzirdes-specialista\/","url":"https:\/\/intl.phonak.com\/lv-lv\/dzirdes-zudums\/griezies-pie-dzirdes-specialista\/","name":"Dodieties pie dzirdes speci\u0101lista - Phonak - Latvija","isPartOf":{"@id":"https:\/\/intl.phonak.com\/lv-lv\/#website"},"primaryImageOfPage":{"@id":"https:\/\/intl.phonak.com\/lv-lv\/dzirdes-zudums\/griezies-pie-dzirdes-specialista\/#primaryimage"},"image":{"@id":"https:\/\/intl.phonak.com\/lv-lv\/dzirdes-zudums\/griezies-pie-dzirdes-specialista\/#primaryimage"},"thumbnailUrl":"https:\/\/intl.phonak.com\/lv-lv\/wp-content\/uploads\/sites\/73\/2021\/11\/PH_Packshot_Audeo-I-Sphere-xReceiver_050-1029-P7_f38bf4.png","datePublished":"2021-11-29T21:39:57+00:00","dateModified":"2025-11-04T10:51:11+00:00","breadcrumb":{"@id":"https:\/\/intl.phonak.com\/lv-lv\/dzirdes-zudums\/griezies-pie-dzirdes-specialista\/#breadcrumb"},"inLanguage":"lv-LV","potentialAction":[{"@type":"ReadAction","target":["https:\/\/intl.phonak.com\/lv-lv\/dzirdes-zudums\/griezies-pie-dzirdes-specialista\/"]}]},{"@type":"ImageObject","inLanguage":"lv-LV","@id":"https:\/\/intl.phonak.com\/lv-lv\/dzirdes-zudums\/griezies-pie-dzirdes-specialista\/#primaryimage","url":"https:\/\/intl.phonak.com\/lv-lv\/wp-content\/uploads\/sites\/73\/2021\/11\/PH_Packshot_Audeo-I-Sphere-xReceiver_050-1029-P7_f38bf4.png","contentUrl":"https:\/\/intl.phonak.com\/lv-lv\/wp-content\/uploads\/sites\/73\/2021\/11\/PH_Packshot_Audeo-I-Sphere-xReceiver_050-1029-P7_f38bf4.png","width":600,"height":600,"caption":"Phonak Aud\u00e9o Sphere Infinio"},{"@type":"BreadcrumbList","@id":"https:\/\/intl.phonak.com\/lv-lv\/dzirdes-zudums\/griezies-pie-dzirdes-specialista\/#breadcrumb","itemListElement":[{"@type":"ListItem","position":1,"name":"Home","item":"https:\/\/intl.phonak.com\/lv-lv\/"},{"@type":"ListItem","position":2,"name":"Dzirdes zudums","item":"https:\/\/intl.phonak.com\/lv-lv\/dzirdes-zudums\/"},{"@type":"ListItem","position":3,"name":"Griezies pie dzirdes speci\u0101lista"}]},{"@type":"WebSite","@id":"https:\/\/intl.phonak.com\/lv-lv\/#website","url":"https:\/\/intl.phonak.com\/lv-lv\/","name":"Phonak - Latvija","description":"Ap\u0146\u0113mu\u0161ies main\u012bt dz\u012bves","publisher":{"@id":"https:\/\/intl.phonak.com\/lv-lv\/#organization"},"potentialAction":[{"@type":"SearchAction","target":{"@type":"EntryPoint","urlTemplate":"https:\/\/intl.phonak.com\/lv-lv\/?s={search_term_string}"},"query-input":{"@type":"PropertyValueSpecification","valueRequired":true,"valueName":"search_term_string"}}],"inLanguage":"lv-LV"},{"@type":"Organization","@id":"https:\/\/intl.phonak.com\/lv-lv\/#organization","name":"Phonak - Latvija","url":"https:\/\/intl.phonak.com\/lv-lv\/","logo":{"@type":"ImageObject","inLanguage":"lv-LV","@id":"https:\/\/intl.phonak.com\/lv-lv\/#\/schema\/logo\/image\/","url":"https:\/\/intl.phonak.com\/lv-lv\/wp-content\/uploads\/sites\/73\/2025\/07\/logo-phonak.svg","contentUrl":"https:\/\/intl.phonak.com\/lv-lv\/wp-content\/uploads\/sites\/73\/2025\/07\/logo-phonak.svg","caption":"Phonak - Latvija"},"image":{"@id":"https:\/\/intl.phonak.com\/lv-lv\/#\/schema\/logo\/image\/"}}]}},"jetpack_sharing_enabled":true,"distributor_meta":false,"distributor_terms":false,"distributor_media":false,"distributor_original_site_name":"Phonak - Latvija","distributor_original_site_url":"https:\/\/intl.phonak.com\/lv-lv","push-errors":false,"_links":{"self":[{"href":"https:\/\/intl.phonak.com\/lv-lv\/wp-json\/wp\/v2\/pages\/379","targetHints":{"allow":["GET"]}}],"collection":[{"href":"https:\/\/intl.phonak.com\/lv-lv\/wp-json\/wp\/v2\/pages"}],"about":[{"href":"https:\/\/intl.phonak.com\/lv-lv\/wp-json\/wp\/v2\/types\/page"}],"author":[{"embeddable":true,"href":"https:\/\/intl.phonak.com\/lv-lv\/wp-json\/wp\/v2\/users\/5"}],"replies":[{"embeddable":true,"href":"https:\/\/intl.phonak.com\/lv-lv\/wp-json\/wp\/v2\/comments?post=379"}],"version-history":[{"count":8,"href":"https:\/\/intl.phonak.com\/lv-lv\/wp-json\/wp\/v2\/pages\/379\/revisions"}],"predecessor-version":[{"id":915,"href":"https:\/\/intl.phonak.com\/lv-lv\/wp-json\/wp\/v2\/pages\/379\/revisions\/915"}],"up":[{"embeddable":true,"href":"https:\/\/intl.phonak.com\/lv-lv\/wp-json\/wp\/v2\/pages\/317"}],"wp:featuredmedia":[{"embeddable":true,"href":"https:\/\/intl.phonak.com\/lv-lv\/wp-json\/wp\/v2\/media\/509"}],"wp:attachment":[{"href":"https:\/\/intl.phonak.com\/lv-lv\/wp-json\/wp\/v2\/media?parent=379"}],"curies":[{"name":"wp","href":"https:\/\/api.w.org\/{rel}","templated":true}]}}