{"id":366,"date":"2021-12-02T15:55:10","date_gmt":"2021-12-02T15:55:10","guid":{"rendered":"https:\/\/intl.phonak.com\/lv-lv\/hearing-aids\/"},"modified":"2026-02-24T13:21:08","modified_gmt":"2026-02-24T13:21:08","slug":"dzirdes-aparati","status":"publish","type":"page","link":"https:\/\/intl.phonak.com\/lv-lv\/risinajumi\/dzirdes-aparati\/","title":{"rendered":"Dzirdes apar\u0101ti"},"content":{"rendered":"\n<div class=\"wp-block-cover alignfull is-light\"><img loading=\"lazy\" decoding=\"async\" width=\"3802\" height=\"860\" class=\"wp-block-cover__image-background wp-image-1033 size-large\" alt=\"\" src=\"https:\/\/intl.phonak.com\/lv-lv\/wp-content\/uploads\/sites\/73\/2026\/02\/Banner_Hearing-aids.jpg?w=1024\" data-object-fit=\"cover\" srcset=\"https:\/\/intl.phonak.com\/lv-lv\/wp-content\/uploads\/sites\/73\/2026\/02\/Banner_Hearing-aids.jpg 3802w, https:\/\/intl.phonak.com\/lv-lv\/wp-content\/uploads\/sites\/73\/2026\/02\/Banner_Hearing-aids.jpg?resize=300,68 300w, https:\/\/intl.phonak.com\/lv-lv\/wp-content\/uploads\/sites\/73\/2026\/02\/Banner_Hearing-aids.jpg?resize=768,174 768w, https:\/\/intl.phonak.com\/lv-lv\/wp-content\/uploads\/sites\/73\/2026\/02\/Banner_Hearing-aids.jpg?resize=1024,232 1024w, https:\/\/intl.phonak.com\/lv-lv\/wp-content\/uploads\/sites\/73\/2026\/02\/Banner_Hearing-aids.jpg?resize=1536,347 1536w, https:\/\/intl.phonak.com\/lv-lv\/wp-content\/uploads\/sites\/73\/2026\/02\/Banner_Hearing-aids.jpg?resize=2048,463 2048w\" sizes=\"auto, (max-width: 3802px) 100vw, 3802px\" \/><span aria-hidden=\"true\" class=\"wp-block-cover__background has-white-background-color has-background-dim-40 has-background-dim\"><\/span><div class=\"wp-block-cover__inner-container is-layout-flow wp-block-cover-is-layout-flow\">\n<h1 class=\"wp-block-heading has-text-align-center has-dark-grey-color has-text-color\" id=\"participate-fully-in-life\">Pilnv\u0113rt\u012bgi piedalieties dz\u012bv\u0113<\/h1>\n\n\n\n<p class=\"has-text-align-center margin-bottom-0 has-dark-grey-color has-text-color has-lead-font-size\">Izbaudiet vair\u0101k dz\u012bves ma\u0123isko mirk\u013cu<\/p>\n<\/div><\/div>\n\n\n\n<div class=\"wp-block-group is-style-align-small is-layout-flow wp-block-group-is-layout-flow\" style=\"padding-top:0px\">\n<h2 class=\"wp-block-heading has-text-align-center\" id=\"phonak-hearing-aids-flexible-forms-colors-and-styles\">Phonak dzirdes apar\u0101ti &#8211; <\/h2>\n\n\n\n<h2 class=\"wp-block-heading has-text-align-center\" id=\"phonak-hearing-aids-flexible-forms-colors-and-styles\">elast\u012bgas formas, kr\u0101sas un stili<\/h2>\n\n\n\n<p class=\"has-text-align-center\">Phonak ir jums piem\u0113rots dzirdes apar\u0101ts &#8211; neatkar\u012bgi no j\u016bsu dzirdes zuduma veida, dz\u012bvesveida, person\u012bgaj\u0101m v\u0113lm\u0113m, vecuma vai bud\u017eeta. M\u0113s nol\u0113m\u0101m izstr\u0101d\u0101t izcilus dzirdes risin\u0101jumus ikvienam. S\u012bk\u0101ku inform\u0101ciju par \u0161iem produktiem varat atrast zem\u0101k vai jaut\u0101t savam dzirdes apr\u016bpes speci\u0101listam.<\/p>\n<\/div>\n\n\n\n<div\n\tclass=\"wp-block-phonak-products is-forntend alignwide\"\n\tdata-attributes=\"{&quot;categories&quot;:&quot;3&quot;,&quot;perPage&quot;:&quot;9&quot;,&quot;defaultCategories&quot;:[3],&quot;align&quot;:&quot;wide&quot;,&quot;showPagination&quot;:true,&quot;showFilter&quot;:true,&quot;enabledFilters&quot;:[&quot;platforms&quot;,&quot;categories&quot;,&quot;productTypes&quot;],&quot;defaultPlatforms&quot;:[],&quot;defaultProductTypes&quot;:[]}\"\n\tdata-locale=\"lv_LV\">\n<\/div>\n","protected":false},"excerpt":{"rendered":"<p>Phonak dzirdes apar\u0101ti &#8211; elast\u012bgas formas, kr\u0101sas un stili Phonak ir jums piem\u0113rots dzirdes apar\u0101ts &#8211; neatkar\u012bgi no j\u016bsu dzirdes&#8230;<\/p>\n","protected":false},"author":5,"featured_media":367,"parent":341,"menu_order":0,"comment_status":"closed","ping_status":"closed","template":"","meta":{"_acf_changed":false,"inline_featured_image":false,"footnotes":""},"class_list":["post-366","page","type-page","status-publish","has-post-thumbnail","hentry"],"acf":[],"yoast_head":"<!-- This site is optimized with the Yoast SEO plugin v26.9 - https:\/\/yoast.com\/product\/yoast-seo-wordpress\/ -->\n<title>Dzirdes apar\u0101ti - Phonak - Latvija<\/title>\n<meta name=\"robots\" content=\"index, follow, max-snippet:-1, max-image-preview:large, max-video-preview:-1\" \/>\n<link rel=\"canonical\" href=\"https:\/\/intl.phonak.com\/main-english\/solutions\/hearing-aids\/\" \/>\n<meta property=\"og:locale\" content=\"lv_LV\" \/>\n<meta property=\"og:type\" content=\"article\" \/>\n<meta property=\"og:title\" content=\"Dzirdes apar\u0101ti - Phonak - Latvija\" \/>\n<meta property=\"og:description\" content=\"Phonak dzirdes apar\u0101ti &#8211; elast\u012bgas formas, kr\u0101sas un stili Phonak ir jums piem\u0113rots dzirdes apar\u0101ts &#8211; neatkar\u012bgi no j\u016bsu dzirdes...\" \/>\n<meta property=\"og:url\" content=\"https:\/\/intl.phonak.com\/lv-lv\/risinajumi\/dzirdes-aparati\/\" \/>\n<meta property=\"og:site_name\" content=\"Phonak - Latvija\" \/>\n<meta property=\"article:modified_time\" content=\"2026-02-24T13:21:08+00:00\" \/>\n<meta property=\"og:image\" content=\"https:\/\/intl.phonak.com\/lv-lv\/wp-content\/uploads\/sites\/73\/2025\/07\/PH_Packshot_Audeo-I-Sphere-xReceiver_050-1029-P7_700cf1.png\" \/>\n\t<meta property=\"og:image:width\" content=\"600\" \/>\n\t<meta property=\"og:image:height\" content=\"600\" \/>\n\t<meta property=\"og:image:type\" content=\"image\/png\" \/>\n<meta name=\"twitter:card\" content=\"summary_large_image\" \/>\n<meta name=\"twitter:label1\" content=\"Est. reading time\" \/>\n\t<meta name=\"twitter:data1\" content=\"1 minute\" \/>\n<script type=\"application\/ld+json\" class=\"yoast-schema-graph\">{\"@context\":\"https:\/\/schema.org\",\"@graph\":[{\"@type\":\"WebPage\",\"@id\":\"https:\/\/intl.phonak.com\/lv-lv\/risinajumi\/dzirdes-aparati\/\",\"url\":\"https:\/\/intl.phonak.com\/lv-lv\/risinajumi\/dzirdes-aparati\/\",\"name\":\"Dzirdes apar\u0101ti - Phonak - Latvija\",\"isPartOf\":{\"@id\":\"https:\/\/intl.phonak.com\/lv-lv\/#website\"},\"primaryImageOfPage\":{\"@id\":\"https:\/\/intl.phonak.com\/lv-lv\/risinajumi\/dzirdes-aparati\/#primaryimage\"},\"image\":{\"@id\":\"https:\/\/intl.phonak.com\/lv-lv\/risinajumi\/dzirdes-aparati\/#primaryimage\"},\"thumbnailUrl\":\"https:\/\/intl.phonak.com\/lv-lv\/wp-content\/uploads\/sites\/73\/2025\/07\/PH_Packshot_Audeo-I-Sphere-xReceiver_050-1029-P7_700cf1.png\",\"datePublished\":\"2021-12-02T15:55:10+00:00\",\"dateModified\":\"2026-02-24T13:21:08+00:00\",\"breadcrumb\":{\"@id\":\"https:\/\/intl.phonak.com\/lv-lv\/risinajumi\/dzirdes-aparati\/#breadcrumb\"},\"inLanguage\":\"lv-LV\",\"potentialAction\":[{\"@type\":\"ReadAction\",\"target\":[\"https:\/\/intl.phonak.com\/lv-lv\/risinajumi\/dzirdes-aparati\/\"]}]},{\"@type\":\"ImageObject\",\"inLanguage\":\"lv-LV\",\"@id\":\"https:\/\/intl.phonak.com\/lv-lv\/risinajumi\/dzirdes-aparati\/#primaryimage\",\"url\":\"https:\/\/intl.phonak.com\/lv-lv\/wp-content\/uploads\/sites\/73\/2025\/07\/PH_Packshot_Audeo-I-Sphere-xReceiver_050-1029-P7_700cf1.png\",\"contentUrl\":\"https:\/\/intl.phonak.com\/lv-lv\/wp-content\/uploads\/sites\/73\/2025\/07\/PH_Packshot_Audeo-I-Sphere-xReceiver_050-1029-P7_700cf1.png\",\"width\":600,\"height\":600,\"caption\":\"Phonak Aud\u00e9o Sphere Infinio\"},{\"@type\":\"BreadcrumbList\",\"@id\":\"https:\/\/intl.phonak.com\/lv-lv\/risinajumi\/dzirdes-aparati\/#breadcrumb\",\"itemListElement\":[{\"@type\":\"ListItem\",\"position\":1,\"name\":\"Home\",\"item\":\"https:\/\/intl.phonak.com\/lv-lv\/\"},{\"@type\":\"ListItem\",\"position\":2,\"name\":\"Risin\u0101jumi\",\"item\":\"https:\/\/intl.phonak.com\/lv-lv\/risinajumi\/\"},{\"@type\":\"ListItem\",\"position\":3,\"name\":\"Dzirdes apar\u0101ti\"}]},{\"@type\":\"WebSite\",\"@id\":\"https:\/\/intl.phonak.com\/lv-lv\/#website\",\"url\":\"https:\/\/intl.phonak.com\/lv-lv\/\",\"name\":\"Phonak - Latvija\",\"description\":\"Ap\u0146\u0113mu\u0161ies main\u012bt dz\u012bves\",\"publisher\":{\"@id\":\"https:\/\/intl.phonak.com\/lv-lv\/#organization\"},\"potentialAction\":[{\"@type\":\"SearchAction\",\"target\":{\"@type\":\"EntryPoint\",\"urlTemplate\":\"https:\/\/intl.phonak.com\/lv-lv\/?s={search_term_string}\"},\"query-input\":{\"@type\":\"PropertyValueSpecification\",\"valueRequired\":true,\"valueName\":\"search_term_string\"}}],\"inLanguage\":\"lv-LV\"},{\"@type\":\"Organization\",\"@id\":\"https:\/\/intl.phonak.com\/lv-lv\/#organization\",\"name\":\"Phonak - Latvija\",\"url\":\"https:\/\/intl.phonak.com\/lv-lv\/\",\"logo\":{\"@type\":\"ImageObject\",\"inLanguage\":\"lv-LV\",\"@id\":\"https:\/\/intl.phonak.com\/lv-lv\/#\/schema\/logo\/image\/\",\"url\":\"https:\/\/intl.phonak.com\/lv-lv\/wp-content\/uploads\/sites\/73\/2025\/07\/logo-phonak.svg\",\"contentUrl\":\"https:\/\/intl.phonak.com\/lv-lv\/wp-content\/uploads\/sites\/73\/2025\/07\/logo-phonak.svg\",\"caption\":\"Phonak - Latvija\"},\"image\":{\"@id\":\"https:\/\/intl.phonak.com\/lv-lv\/#\/schema\/logo\/image\/\"}}]}<\/script>\n<!-- \/ Yoast SEO plugin. -->","yoast_head_json":{"title":"Dzirdes apar\u0101ti - Phonak - Latvija","robots":{"index":"index","follow":"follow","max-snippet":"max-snippet:-1","max-image-preview":"max-image-preview:large","max-video-preview":"max-video-preview:-1"},"canonical":"https:\/\/intl.phonak.com\/main-english\/solutions\/hearing-aids\/","og_locale":"lv_LV","og_type":"article","og_title":"Dzirdes apar\u0101ti - Phonak - Latvija","og_description":"Phonak dzirdes apar\u0101ti &#8211; elast\u012bgas formas, kr\u0101sas un stili Phonak ir jums piem\u0113rots dzirdes apar\u0101ts &#8211; neatkar\u012bgi no j\u016bsu dzirdes...","og_url":"https:\/\/intl.phonak.com\/lv-lv\/risinajumi\/dzirdes-aparati\/","og_site_name":"Phonak - Latvija","article_modified_time":"2026-02-24T13:21:08+00:00","og_image":[{"width":600,"height":600,"url":"https:\/\/intl.phonak.com\/lv-lv\/wp-content\/uploads\/sites\/73\/2025\/07\/PH_Packshot_Audeo-I-Sphere-xReceiver_050-1029-P7_700cf1.png","type":"image\/png"}],"twitter_card":"summary_large_image","twitter_misc":{"Est. reading time":"1 minute"},"schema":{"@context":"https:\/\/schema.org","@graph":[{"@type":"WebPage","@id":"https:\/\/intl.phonak.com\/lv-lv\/risinajumi\/dzirdes-aparati\/","url":"https:\/\/intl.phonak.com\/lv-lv\/risinajumi\/dzirdes-aparati\/","name":"Dzirdes apar\u0101ti - Phonak - Latvija","isPartOf":{"@id":"https:\/\/intl.phonak.com\/lv-lv\/#website"},"primaryImageOfPage":{"@id":"https:\/\/intl.phonak.com\/lv-lv\/risinajumi\/dzirdes-aparati\/#primaryimage"},"image":{"@id":"https:\/\/intl.phonak.com\/lv-lv\/risinajumi\/dzirdes-aparati\/#primaryimage"},"thumbnailUrl":"https:\/\/intl.phonak.com\/lv-lv\/wp-content\/uploads\/sites\/73\/2025\/07\/PH_Packshot_Audeo-I-Sphere-xReceiver_050-1029-P7_700cf1.png","datePublished":"2021-12-02T15:55:10+00:00","dateModified":"2026-02-24T13:21:08+00:00","breadcrumb":{"@id":"https:\/\/intl.phonak.com\/lv-lv\/risinajumi\/dzirdes-aparati\/#breadcrumb"},"inLanguage":"lv-LV","potentialAction":[{"@type":"ReadAction","target":["https:\/\/intl.phonak.com\/lv-lv\/risinajumi\/dzirdes-aparati\/"]}]},{"@type":"ImageObject","inLanguage":"lv-LV","@id":"https:\/\/intl.phonak.com\/lv-lv\/risinajumi\/dzirdes-aparati\/#primaryimage","url":"https:\/\/intl.phonak.com\/lv-lv\/wp-content\/uploads\/sites\/73\/2025\/07\/PH_Packshot_Audeo-I-Sphere-xReceiver_050-1029-P7_700cf1.png","contentUrl":"https:\/\/intl.phonak.com\/lv-lv\/wp-content\/uploads\/sites\/73\/2025\/07\/PH_Packshot_Audeo-I-Sphere-xReceiver_050-1029-P7_700cf1.png","width":600,"height":600,"caption":"Phonak Aud\u00e9o Sphere Infinio"},{"@type":"BreadcrumbList","@id":"https:\/\/intl.phonak.com\/lv-lv\/risinajumi\/dzirdes-aparati\/#breadcrumb","itemListElement":[{"@type":"ListItem","position":1,"name":"Home","item":"https:\/\/intl.phonak.com\/lv-lv\/"},{"@type":"ListItem","position":2,"name":"Risin\u0101jumi","item":"https:\/\/intl.phonak.com\/lv-lv\/risinajumi\/"},{"@type":"ListItem","position":3,"name":"Dzirdes apar\u0101ti"}]},{"@type":"WebSite","@id":"https:\/\/intl.phonak.com\/lv-lv\/#website","url":"https:\/\/intl.phonak.com\/lv-lv\/","name":"Phonak - Latvija","description":"Ap\u0146\u0113mu\u0161ies main\u012bt dz\u012bves","publisher":{"@id":"https:\/\/intl.phonak.com\/lv-lv\/#organization"},"potentialAction":[{"@type":"SearchAction","target":{"@type":"EntryPoint","urlTemplate":"https:\/\/intl.phonak.com\/lv-lv\/?s={search_term_string}"},"query-input":{"@type":"PropertyValueSpecification","valueRequired":true,"valueName":"search_term_string"}}],"inLanguage":"lv-LV"},{"@type":"Organization","@id":"https:\/\/intl.phonak.com\/lv-lv\/#organization","name":"Phonak - Latvija","url":"https:\/\/intl.phonak.com\/lv-lv\/","logo":{"@type":"ImageObject","inLanguage":"lv-LV","@id":"https:\/\/intl.phonak.com\/lv-lv\/#\/schema\/logo\/image\/","url":"https:\/\/intl.phonak.com\/lv-lv\/wp-content\/uploads\/sites\/73\/2025\/07\/logo-phonak.svg","contentUrl":"https:\/\/intl.phonak.com\/lv-lv\/wp-content\/uploads\/sites\/73\/2025\/07\/logo-phonak.svg","caption":"Phonak - Latvija"},"image":{"@id":"https:\/\/intl.phonak.com\/lv-lv\/#\/schema\/logo\/image\/"}}]}},"jetpack_sharing_enabled":true,"distributor_meta":false,"distributor_terms":false,"distributor_media":false,"distributor_original_site_name":"Phonak - Latvija","distributor_original_site_url":"https:\/\/intl.phonak.com\/lv-lv","push-errors":false,"_links":{"self":[{"href":"https:\/\/intl.phonak.com\/lv-lv\/wp-json\/wp\/v2\/pages\/366","targetHints":{"allow":["GET"]}}],"collection":[{"href":"https:\/\/intl.phonak.com\/lv-lv\/wp-json\/wp\/v2\/pages"}],"about":[{"href":"https:\/\/intl.phonak.com\/lv-lv\/wp-json\/wp\/v2\/types\/page"}],"author":[{"embeddable":true,"href":"https:\/\/intl.phonak.com\/lv-lv\/wp-json\/wp\/v2\/users\/5"}],"replies":[{"embeddable":true,"href":"https:\/\/intl.phonak.com\/lv-lv\/wp-json\/wp\/v2\/comments?post=366"}],"version-history":[{"count":4,"href":"https:\/\/intl.phonak.com\/lv-lv\/wp-json\/wp\/v2\/pages\/366\/revisions"}],"predecessor-version":[{"id":1034,"href":"https:\/\/intl.phonak.com\/lv-lv\/wp-json\/wp\/v2\/pages\/366\/revisions\/1034"}],"up":[{"embeddable":true,"href":"https:\/\/intl.phonak.com\/lv-lv\/wp-json\/wp\/v2\/pages\/341"}],"wp:featuredmedia":[{"embeddable":true,"href":"https:\/\/intl.phonak.com\/lv-lv\/wp-json\/wp\/v2\/media\/367"}],"wp:attachment":[{"href":"https:\/\/intl.phonak.com\/lv-lv\/wp-json\/wp\/v2\/media?parent=366"}],"curies":[{"name":"wp","href":"https:\/\/api.w.org\/{rel}","templated":true}]}}