{"id":361,"date":"2021-12-06T20:25:14","date_gmt":"2021-12-06T20:25:14","guid":{"rendered":"https:\/\/intl.phonak.com\/lv-lv\/hearing-protection\/"},"modified":"2025-11-04T13:40:16","modified_gmt":"2025-11-04T13:40:16","slug":"dzirdes-aizsardziba","status":"publish","type":"page","link":"https:\/\/intl.phonak.com\/lv-lv\/dzirdes-aizsardziba\/","title":{"rendered":"Dzirdes aizsardz\u012bba"},"content":{"rendered":"\n<div class=\"wp-block-cover alignfull is-light\"><img decoding=\"async\" class=\"wp-block-cover__image-background wp-image-4557\" alt=\"Hearing prorection\" src=\"https:\/\/intl.phonak.com\/lv-lv\/wp-content\/uploads\/sites\/3\/2022\/02\/Banner-Serenity-Choice.jpg\" data-object-fit=\"cover\"\/><span aria-hidden=\"true\" class=\"wp-block-cover__background has-white-background-color has-background-dim\"><\/span><div class=\"wp-block-cover__inner-container is-layout-flow wp-block-cover-is-layout-flow\">\n<h1 class=\"wp-block-heading has-text-align-center\" id=\"serenity-choice\">Serenity Choice\u2122<\/h1>\n\n\n\n<h2 class=\"wp-block-heading has-text-align-center\" id=\"high-end-hearing-protection\">Augstas klases dzirdes aizsardz\u012bba<\/h2>\n<\/div><\/div>\n\n\n\n<div class=\"wp-block-columns is-layout-flex wp-container-core-columns-is-layout-9d6595d7 wp-block-columns-is-layout-flex\">\n<div class=\"wp-block-column is-layout-flow wp-block-column-is-layout-flow\" style=\"flex-basis:100%\">\n<figure class=\"wp-block-jetpack-image-compare\"><div class=\"juxtapose\" data-mode=\"horizontal\"><img loading=\"lazy\" decoding=\"async\" id=\"953\" src=\"https:\/\/intl.phonak.com\/lv-lv\/wp-content\/uploads\/sites\/73\/2025\/11\/Serenity-Choice-generic-slider-LV.jpg\" alt=\"\" width=\"1020\" height=\"197\" class=\"image-compare__image-before\"\/><img loading=\"lazy\" decoding=\"async\" id=\"955\" src=\"https:\/\/intl.phonak.com\/lv-lv\/wp-content\/uploads\/sites\/73\/2025\/11\/Serenity-Choice-Plus-slider-LV.jpg\" alt=\"\" width=\"1020\" height=\"197\" class=\"image-compare__image-after\"\/><\/div><\/figure>\n<\/div>\n<\/div>\n\n\n\n<h3 class=\"wp-block-heading has-text-align-left has-blue-color has-text-color\" id=\"cancels-noise-and-loud-sound\">Sl\u0101p\u0113 troksni un ska\u013cu ska\u0146u<\/h3>\n\n\n\n<p class=\"has-text-align-left\">Phonak Serenity Choice\u2122 sl\u0101p\u0113 troksni un ska\u013cas ska\u0146as no 9 l\u012bdz 16 NRR (Noise Reduction Rating US) vai 16 l\u012bdz 24 SNR (Single Number Rating EU)*<\/p>\n\n\n\n<h3 class=\"wp-block-heading has-blue-color has-text-color\" id=\"keeps-relevant-sound-and-speech\">Saglab\u0101 b\u016btisko ska\u0146u un runu<\/h3>\n\n\n\n<p>Phonak Serenity Choice\u2122 saglab\u0101 b\u016btisko ska\u0146u un runu, t\u0101d\u0113j\u0101di \u013caujot apzin\u0101ties situ\u0101ciju un sazin\u0101ties<\/p>\n\n\n\n<h3 class=\"wp-block-heading has-blue-color has-text-color\" id=\"lets-the-ear-breathe\">\u013bauj aus\u012bm elpot<\/h3>\n\n\n\n<p>Phonak&nbsp; Serenity Choice\u2122 \u013cauj &nbsp; ausij elpot, ventil\u0113jot ausi&nbsp; lai nov\u0113rstu mitruma uzkr\u0101\u0161anos&nbsp; <\/p>\n\n\n\n<div style=\"height:47px\" aria-hidden=\"true\" class=\"wp-block-spacer\"><\/div>\n\n\n\n<div\n\tclass=\"wp-block-phonak-products is-forntend alignwide\"\n\tdata-attributes=\"{&quot;categories&quot;:&quot;14&quot;,&quot;align&quot;:&quot;wide&quot;,&quot;perPage&quot;:10,&quot;showPagination&quot;:true,&quot;showFilter&quot;:true,&quot;enabledFilters&quot;:[&quot;platforms&quot;,&quot;categories&quot;,&quot;productTypes&quot;],&quot;defaultPlatforms&quot;:[],&quot;defaultCategories&quot;:[],&quot;defaultProductTypes&quot;:[]}\"\n\tdata-locale=\"lv_LV\">\n<\/div>\n\n\n\n<div class=\"wp-block-media-text is-stacked-on-mobile cta-block\" style=\"grid-template-columns:35% auto\"><figure class=\"wp-block-media-text__media\"><img decoding=\"async\" src=\"https:\/\/intl.phonak.com\/main-english\/wp-content\/uploads\/sites\/3\/2021\/11\/cta-image.jpg?w=401\" alt=\"\" class=\"wp-image-6738 size-full\"\/><\/figure><div class=\"wp-block-media-text__content\">\n<div class=\"wp-block-create-block-icon-selector\"><i class=\"fal fa-map-marker-alt\"><\/i><\/div>   \n<h3 class=\"wp-block-heading\">Dzirdes eksperti j\u016bsu tuvum\u0101<\/h3>   <p>Dzirdes apr\u016bpes speci\u0101listi var pal\u012bdz\u0113t jums izdar\u012bt sev piem\u0113rot\u0101ko izv\u0113li. Vi\u0146i \u0146ems v\u0113r\u0101 j\u016bsu dzirdes vajadz\u012bbas, bud\u017eetu, dz\u012bvesveidu un individu\u0101l\u0101s dzirdes v\u0113lmes. <\/p>   <div class=\"wp-block-buttons is-layout-flex wp-block-buttons-is-layout-flex\">\n<div class=\"wp-block-button is-style-marker-green\"><a class=\"wp-block-button__link wp-element-button\" href=\"https:\/\/intl.phonak.com\/lv-lv\/atrodi-specialistu\/\">Atrast ekspertu<\/a><\/div>\n<\/div>\n<\/div><\/div> ","protected":false},"excerpt":{"rendered":"<p>Sl\u0101p\u0113 troksni un ska\u013cu ska\u0146u Phonak Serenity Choice\u2122 sl\u0101p\u0113 troksni un ska\u013cas ska\u0146as no 9 l\u012bdz 16 NRR (Noise Reduction&#8230;<\/p>\n","protected":false},"author":5,"featured_media":527,"parent":0,"menu_order":0,"comment_status":"closed","ping_status":"closed","template":"","meta":{"_acf_changed":false,"inline_featured_image":false,"footnotes":""},"class_list":["post-361","page","type-page","status-publish","has-post-thumbnail","hentry"],"acf":[],"yoast_head":"<!-- This site is optimized with the Yoast SEO plugin v26.9 - https:\/\/yoast.com\/product\/yoast-seo-wordpress\/ -->\n<title>Dzirdes aizsardz\u012bba - Phonak - Latvija<\/title>\n<meta name=\"robots\" content=\"index, follow, max-snippet:-1, max-image-preview:large, max-video-preview:-1\" \/>\n<link rel=\"canonical\" href=\"https:\/\/intl.phonak.com\/main-english\/hearing-protection\/\" \/>\n<meta property=\"og:locale\" content=\"lv_LV\" \/>\n<meta property=\"og:type\" content=\"article\" \/>\n<meta property=\"og:title\" content=\"Dzirdes aizsardz\u012bba - Phonak - Latvija\" \/>\n<meta property=\"og:description\" content=\"Sl\u0101p\u0113 troksni un ska\u013cu ska\u0146u Phonak Serenity Choice\u2122 sl\u0101p\u0113 troksni un ska\u013cas ska\u0146as no 9 l\u012bdz 16 NRR (Noise Reduction...\" \/>\n<meta property=\"og:url\" content=\"https:\/\/intl.phonak.com\/lv-lv\/dzirdes-aizsardziba\/\" \/>\n<meta property=\"og:site_name\" content=\"Phonak - Latvija\" \/>\n<meta property=\"article:modified_time\" content=\"2025-11-04T13:40:16+00:00\" \/>\n<meta property=\"og:image\" content=\"https:\/\/intl.phonak.com\/lv-lv\/wp-content\/uploads\/sites\/73\/2021\/12\/PH_Packshot_Audeo-I-Sphere-xReceiver_050-1029-P7_d84813.png\" \/>\n\t<meta property=\"og:image:width\" content=\"600\" \/>\n\t<meta property=\"og:image:height\" content=\"600\" \/>\n\t<meta property=\"og:image:type\" content=\"image\/png\" \/>\n<meta name=\"twitter:card\" content=\"summary_large_image\" \/>\n<meta name=\"twitter:label1\" content=\"Est. reading time\" \/>\n\t<meta name=\"twitter:data1\" content=\"2 minutes\" \/>\n<script type=\"application\/ld+json\" class=\"yoast-schema-graph\">{\"@context\":\"https:\/\/schema.org\",\"@graph\":[{\"@type\":\"WebPage\",\"@id\":\"https:\/\/intl.phonak.com\/lv-lv\/dzirdes-aizsardziba\/\",\"url\":\"https:\/\/intl.phonak.com\/lv-lv\/dzirdes-aizsardziba\/\",\"name\":\"Dzirdes aizsardz\u012bba - Phonak - Latvija\",\"isPartOf\":{\"@id\":\"https:\/\/intl.phonak.com\/lv-lv\/#website\"},\"primaryImageOfPage\":{\"@id\":\"https:\/\/intl.phonak.com\/lv-lv\/dzirdes-aizsardziba\/#primaryimage\"},\"image\":{\"@id\":\"https:\/\/intl.phonak.com\/lv-lv\/dzirdes-aizsardziba\/#primaryimage\"},\"thumbnailUrl\":\"https:\/\/intl.phonak.com\/lv-lv\/wp-content\/uploads\/sites\/73\/2021\/12\/PH_Packshot_Audeo-I-Sphere-xReceiver_050-1029-P7_d84813.png\",\"datePublished\":\"2021-12-06T20:25:14+00:00\",\"dateModified\":\"2025-11-04T13:40:16+00:00\",\"breadcrumb\":{\"@id\":\"https:\/\/intl.phonak.com\/lv-lv\/dzirdes-aizsardziba\/#breadcrumb\"},\"inLanguage\":\"lv-LV\",\"potentialAction\":[{\"@type\":\"ReadAction\",\"target\":[\"https:\/\/intl.phonak.com\/lv-lv\/dzirdes-aizsardziba\/\"]}]},{\"@type\":\"ImageObject\",\"inLanguage\":\"lv-LV\",\"@id\":\"https:\/\/intl.phonak.com\/lv-lv\/dzirdes-aizsardziba\/#primaryimage\",\"url\":\"https:\/\/intl.phonak.com\/lv-lv\/wp-content\/uploads\/sites\/73\/2021\/12\/PH_Packshot_Audeo-I-Sphere-xReceiver_050-1029-P7_d84813.png\",\"contentUrl\":\"https:\/\/intl.phonak.com\/lv-lv\/wp-content\/uploads\/sites\/73\/2021\/12\/PH_Packshot_Audeo-I-Sphere-xReceiver_050-1029-P7_d84813.png\",\"width\":600,\"height\":600,\"caption\":\"Phonak Aud\u00e9o Sphere Infinio\"},{\"@type\":\"BreadcrumbList\",\"@id\":\"https:\/\/intl.phonak.com\/lv-lv\/dzirdes-aizsardziba\/#breadcrumb\",\"itemListElement\":[{\"@type\":\"ListItem\",\"position\":1,\"name\":\"Home\",\"item\":\"https:\/\/intl.phonak.com\/lv-lv\/\"},{\"@type\":\"ListItem\",\"position\":2,\"name\":\"Dzirdes aizsardz\u012bba\"}]},{\"@type\":\"WebSite\",\"@id\":\"https:\/\/intl.phonak.com\/lv-lv\/#website\",\"url\":\"https:\/\/intl.phonak.com\/lv-lv\/\",\"name\":\"Phonak - Latvija\",\"description\":\"Ap\u0146\u0113mu\u0161ies main\u012bt dz\u012bves\",\"publisher\":{\"@id\":\"https:\/\/intl.phonak.com\/lv-lv\/#organization\"},\"potentialAction\":[{\"@type\":\"SearchAction\",\"target\":{\"@type\":\"EntryPoint\",\"urlTemplate\":\"https:\/\/intl.phonak.com\/lv-lv\/?s={search_term_string}\"},\"query-input\":{\"@type\":\"PropertyValueSpecification\",\"valueRequired\":true,\"valueName\":\"search_term_string\"}}],\"inLanguage\":\"lv-LV\"},{\"@type\":\"Organization\",\"@id\":\"https:\/\/intl.phonak.com\/lv-lv\/#organization\",\"name\":\"Phonak - Latvija\",\"url\":\"https:\/\/intl.phonak.com\/lv-lv\/\",\"logo\":{\"@type\":\"ImageObject\",\"inLanguage\":\"lv-LV\",\"@id\":\"https:\/\/intl.phonak.com\/lv-lv\/#\/schema\/logo\/image\/\",\"url\":\"https:\/\/intl.phonak.com\/lv-lv\/wp-content\/uploads\/sites\/73\/2025\/07\/logo-phonak.svg\",\"contentUrl\":\"https:\/\/intl.phonak.com\/lv-lv\/wp-content\/uploads\/sites\/73\/2025\/07\/logo-phonak.svg\",\"caption\":\"Phonak - Latvija\"},\"image\":{\"@id\":\"https:\/\/intl.phonak.com\/lv-lv\/#\/schema\/logo\/image\/\"}}]}<\/script>\n<!-- \/ Yoast SEO plugin. -->","yoast_head_json":{"title":"Dzirdes aizsardz\u012bba - Phonak - Latvija","robots":{"index":"index","follow":"follow","max-snippet":"max-snippet:-1","max-image-preview":"max-image-preview:large","max-video-preview":"max-video-preview:-1"},"canonical":"https:\/\/intl.phonak.com\/main-english\/hearing-protection\/","og_locale":"lv_LV","og_type":"article","og_title":"Dzirdes aizsardz\u012bba - Phonak - Latvija","og_description":"Sl\u0101p\u0113 troksni un ska\u013cu ska\u0146u Phonak Serenity Choice\u2122 sl\u0101p\u0113 troksni un ska\u013cas ska\u0146as no 9 l\u012bdz 16 NRR (Noise Reduction...","og_url":"https:\/\/intl.phonak.com\/lv-lv\/dzirdes-aizsardziba\/","og_site_name":"Phonak - Latvija","article_modified_time":"2025-11-04T13:40:16+00:00","og_image":[{"width":600,"height":600,"url":"https:\/\/intl.phonak.com\/lv-lv\/wp-content\/uploads\/sites\/73\/2021\/12\/PH_Packshot_Audeo-I-Sphere-xReceiver_050-1029-P7_d84813.png","type":"image\/png"}],"twitter_card":"summary_large_image","twitter_misc":{"Est. reading time":"2 minutes"},"schema":{"@context":"https:\/\/schema.org","@graph":[{"@type":"WebPage","@id":"https:\/\/intl.phonak.com\/lv-lv\/dzirdes-aizsardziba\/","url":"https:\/\/intl.phonak.com\/lv-lv\/dzirdes-aizsardziba\/","name":"Dzirdes aizsardz\u012bba - Phonak - Latvija","isPartOf":{"@id":"https:\/\/intl.phonak.com\/lv-lv\/#website"},"primaryImageOfPage":{"@id":"https:\/\/intl.phonak.com\/lv-lv\/dzirdes-aizsardziba\/#primaryimage"},"image":{"@id":"https:\/\/intl.phonak.com\/lv-lv\/dzirdes-aizsardziba\/#primaryimage"},"thumbnailUrl":"https:\/\/intl.phonak.com\/lv-lv\/wp-content\/uploads\/sites\/73\/2021\/12\/PH_Packshot_Audeo-I-Sphere-xReceiver_050-1029-P7_d84813.png","datePublished":"2021-12-06T20:25:14+00:00","dateModified":"2025-11-04T13:40:16+00:00","breadcrumb":{"@id":"https:\/\/intl.phonak.com\/lv-lv\/dzirdes-aizsardziba\/#breadcrumb"},"inLanguage":"lv-LV","potentialAction":[{"@type":"ReadAction","target":["https:\/\/intl.phonak.com\/lv-lv\/dzirdes-aizsardziba\/"]}]},{"@type":"ImageObject","inLanguage":"lv-LV","@id":"https:\/\/intl.phonak.com\/lv-lv\/dzirdes-aizsardziba\/#primaryimage","url":"https:\/\/intl.phonak.com\/lv-lv\/wp-content\/uploads\/sites\/73\/2021\/12\/PH_Packshot_Audeo-I-Sphere-xReceiver_050-1029-P7_d84813.png","contentUrl":"https:\/\/intl.phonak.com\/lv-lv\/wp-content\/uploads\/sites\/73\/2021\/12\/PH_Packshot_Audeo-I-Sphere-xReceiver_050-1029-P7_d84813.png","width":600,"height":600,"caption":"Phonak Aud\u00e9o Sphere Infinio"},{"@type":"BreadcrumbList","@id":"https:\/\/intl.phonak.com\/lv-lv\/dzirdes-aizsardziba\/#breadcrumb","itemListElement":[{"@type":"ListItem","position":1,"name":"Home","item":"https:\/\/intl.phonak.com\/lv-lv\/"},{"@type":"ListItem","position":2,"name":"Dzirdes aizsardz\u012bba"}]},{"@type":"WebSite","@id":"https:\/\/intl.phonak.com\/lv-lv\/#website","url":"https:\/\/intl.phonak.com\/lv-lv\/","name":"Phonak - Latvija","description":"Ap\u0146\u0113mu\u0161ies main\u012bt dz\u012bves","publisher":{"@id":"https:\/\/intl.phonak.com\/lv-lv\/#organization"},"potentialAction":[{"@type":"SearchAction","target":{"@type":"EntryPoint","urlTemplate":"https:\/\/intl.phonak.com\/lv-lv\/?s={search_term_string}"},"query-input":{"@type":"PropertyValueSpecification","valueRequired":true,"valueName":"search_term_string"}}],"inLanguage":"lv-LV"},{"@type":"Organization","@id":"https:\/\/intl.phonak.com\/lv-lv\/#organization","name":"Phonak - Latvija","url":"https:\/\/intl.phonak.com\/lv-lv\/","logo":{"@type":"ImageObject","inLanguage":"lv-LV","@id":"https:\/\/intl.phonak.com\/lv-lv\/#\/schema\/logo\/image\/","url":"https:\/\/intl.phonak.com\/lv-lv\/wp-content\/uploads\/sites\/73\/2025\/07\/logo-phonak.svg","contentUrl":"https:\/\/intl.phonak.com\/lv-lv\/wp-content\/uploads\/sites\/73\/2025\/07\/logo-phonak.svg","caption":"Phonak - Latvija"},"image":{"@id":"https:\/\/intl.phonak.com\/lv-lv\/#\/schema\/logo\/image\/"}}]}},"jetpack_sharing_enabled":true,"distributor_meta":false,"distributor_terms":false,"distributor_media":false,"distributor_original_site_name":"Phonak - Latvija","distributor_original_site_url":"https:\/\/intl.phonak.com\/lv-lv","push-errors":false,"_links":{"self":[{"href":"https:\/\/intl.phonak.com\/lv-lv\/wp-json\/wp\/v2\/pages\/361","targetHints":{"allow":["GET"]}}],"collection":[{"href":"https:\/\/intl.phonak.com\/lv-lv\/wp-json\/wp\/v2\/pages"}],"about":[{"href":"https:\/\/intl.phonak.com\/lv-lv\/wp-json\/wp\/v2\/types\/page"}],"author":[{"embeddable":true,"href":"https:\/\/intl.phonak.com\/lv-lv\/wp-json\/wp\/v2\/users\/5"}],"replies":[{"embeddable":true,"href":"https:\/\/intl.phonak.com\/lv-lv\/wp-json\/wp\/v2\/comments?post=361"}],"version-history":[{"count":11,"href":"https:\/\/intl.phonak.com\/lv-lv\/wp-json\/wp\/v2\/pages\/361\/revisions"}],"predecessor-version":[{"id":956,"href":"https:\/\/intl.phonak.com\/lv-lv\/wp-json\/wp\/v2\/pages\/361\/revisions\/956"}],"wp:featuredmedia":[{"embeddable":true,"href":"https:\/\/intl.phonak.com\/lv-lv\/wp-json\/wp\/v2\/media\/527"}],"wp:attachment":[{"href":"https:\/\/intl.phonak.com\/lv-lv\/wp-json\/wp\/v2\/media?parent=361"}],"curies":[{"name":"wp","href":"https:\/\/api.w.org\/{rel}","templated":true}]}}