{"id":357,"date":"2022-02-10T17:50:56","date_gmt":"2022-02-10T17:50:56","guid":{"rendered":"https:\/\/intl.phonak.com\/lv-lv\/hearing-screener\/"},"modified":"2025-11-04T13:40:31","modified_gmt":"2025-11-04T13:40:31","slug":"dzirdes-skrinings","status":"publish","type":"page","link":"https:\/\/intl.phonak.com\/lv-lv\/dzirdes-skrinings\/","title":{"rendered":"Tie\u0161saistes dzirdes p\u0101rbaude"},"content":{"rendered":"\n<div style=\"height:64px\" aria-hidden=\"true\" class=\"wp-block-spacer\"><\/div>   \n<figure class=\"wp-block-image aligncenter size-large\"><img decoding=\"async\" src=\"https:\/\/intl.phonak.com\/lv-lv\/wp-content\/uploads\/sites\/3\/2022\/02\/eScreener.jpg?w=550\" alt=\"Hearing screener\" class=\"wp-image-4464\"\/><\/figure>   \n<div class=\"wp-block-group is-style-align-small is-layout-flow wp-block-group-is-layout-flow\" style=\"padding-top:0px\">\n<div style=\"height:28px\" aria-hidden=\"true\" class=\"wp-block-spacer\"><\/div>   \n<h2 class=\"wp-block-heading has-text-align-center\" id=\"take-our-five-minute-online-hearing-test\">Veiciet m\u016bsu [pho-dzirdes-skr\u012bninga-ilgums] min\u016b\u0161u tie\u0161saistes dzirdes testu<\/h2>   <div class=\"wp-block-buttons is-layout-flex wp-block-buttons-is-layout-flex\">\n<div class=\"wp-block-button aligncenter\"><a class=\"wp-block-button__link wp-element-button\" href=\"https:\/\/hearing-screener.beyondhearing.org\/phonak\/t5LE0m\/welcome?Brand=Phonak&#038;Country=CA&#038;Language=EN\" target=\"_blank\" rel=\"noreferrer noopener\">P\u0101rbaudiet savu dzirdi<\/a><\/div>\n<\/div>   \n<div style=\"height:62px\" aria-hidden=\"true\" class=\"wp-block-spacer\"><\/div>   \n<p class=\"has-text-align-center\">Da\u017ereiz m\u0113s nepaman\u0101m dzirdes zudumu, kam\u0113r tas nes\u0101k ietekm\u0113t m\u016bsu dz\u012bvesveidu. Gr\u016bt\u012bbas dzird\u0113t darba kol\u0113\u0123us, draugus vai \u0123imeni vai palaist gar\u0101m ska\u0146u, var noz\u012bm\u0113t palaist gar\u0101m pilnu st\u0101stu.<\/p>   \n<p class=\"has-text-align-center\">Veiciet Phonak tie\u0161saistes dzirdes testu no sav\u0101m m\u0101j\u0101m. P\u0113c tam dzirdes apr\u016bpes speci\u0101lists apspried\u012bs \u0161os rezult\u0101tus ar jums un izv\u0113rt\u0113s j\u016bsu kandidat\u016bru dzirdes apar\u0101tam. Turpm\u0101kas tik\u0161an\u0101s, ieskaitot piln\u012bgu diagnostikas nov\u0113rt\u0113jumu, dzirdes apar\u0101tu piel\u0101go\u0161anu un regul\u0113\u0161anu, var veikt dzirdes apr\u016bpes speci\u0101lista kabinet\u0101 vai virtu\u0101li. Izmantojot digit\u0101l\u0101s alternat\u012bvas kl\u0101tienes apmekl\u0113jumiem, j\u016bs varat piek\u013c\u016bt visiem saviem dzirdes apr\u016bpes pakalpojumiem, lai tie atbilstu j\u016bsu individu\u0101laj\u0101m vajadz\u012bb\u0101m, ar t\u0101du pa\u0161u piek\u013cuvi profesion\u0101l\u0101m un personaliz\u0113t\u0101m zin\u0101\u0161an\u0101m.<\/p>   \n<p class=\"has-text-align-center\">Ja v\u0113laties veikt dzirdes p\u0101rbaudi sav\u0101 re\u0123ion\u0101, l\u016bdzu <a href=\"https:\/\/intl.phonak.com\/lv-lv\/atrodi-specialistu\/\">Atrodiet tuv\u0101ko dzirdes apr\u016bpes speci\u0101listu<\/a> .<\/p>\n<\/div>   \n<div class=\"wp-block-group alignfull has-light-grey-background-color has-background is-layout-flow wp-block-group-is-layout-flow\">\n<h3 class=\"wp-block-heading has-text-align-center has-blue-color has-text-color\" id=\"how-to-get-the-most-out-of-this-test\">K\u0101 maksim\u0101li izmantot \u0161o testu<\/h3>   \n<div class=\"wp-block-group is-style-align-small is-layout-flow wp-block-group-is-layout-flow\"><div class=\"wp-list-block\">\n<ul class=\"wp-block-list\">\n<li>Pirms dzirdes p\u0101rbaudes uzs\u0101k\u0161anas p\u0101rliecinieties, ka atrodaties klus\u0101 viet\u0101<\/li>   <li>Ieb\u016bv\u0113to ska\u013cru\u0146u viet\u0101 izmantojiet austi\u0146as un iestatiet ier\u012bces ska\u013cumu uz 50%<\/li>\n<\/ul>\n<\/div><\/div>\n<\/div>   \n<div style=\"height:47px\" aria-hidden=\"true\" class=\"wp-block-spacer\"><\/div>   \n<h3 class=\"wp-block-heading has-text-align-center has-blue-color has-text-color\" id=\"how-the-online-hearing-test-works\">K\u0101 darbojas tie\u0161saistes dzirdes p\u0101rbaude<\/h3>   \n<div class=\"wp-block-media-text alignwide is-stacked-on-mobile\"><figure class=\"wp-block-media-text__media\"><img decoding=\"async\" src=\"https:\/\/intl.phonak.com\/lv-lv\/wp-content\/uploads\/sites\/3\/2022\/02\/Screener.jpg?w=550\" alt=\"Hearing screener\" class=\"wp-image-4525 size-full\"\/><\/figure><div class=\"wp-block-media-text__content\"><div class=\"wp-list-block\">\n<ul class=\"wp-block-list\">\n<li>Testa pirm\u0101 da\u013ca nosaka, cik labi j\u016bs varat dzird\u0113t da\u017e\u0101dos frekven\u010du l\u012bme\u0146os. J\u016bs dzird\u0113siet vair\u0101kus to\u0146us da\u017e\u0101dos augstumos, un jums tiks l\u016bgts piel\u0101got ska\u013cumu, l\u012bdz dzird\u0113sit ska\u0146u<\/li>   <li>Testa otraj\u0101 da\u013c\u0101 m\u0113s uzdosim jums vair\u0101kus jaut\u0101jumus par j\u016bsu sp\u0113ju dzird\u0113t sare\u017e\u0123\u012bt\u0101s klaus\u012b\u0161an\u0101s situ\u0101cij\u0101s<\/li>   <li>P\u0113c tam jums tiks par\u0101d\u012bts dzirdes testa rezult\u0101ts un nor\u0101d\u012bjumi par to, k\u0101 r\u012bkoties t\u0101l\u0101k, ja m\u0113s saskaramies ar dzirdes zuduma paz\u012bm\u0113m<\/li>\n<\/ul>\n<\/div><\/div><\/div>   \n<div class=\"wp-block-group alignfull is-style-default has-light-grey-background-color has-background is-layout-flow wp-block-group-is-layout-flow\">\n<div class=\"wp-block-group is-style-align-small is-layout-flow wp-block-group-is-layout-flow\">\n<h3 class=\"wp-block-heading has-blue-color has-text-color\" id=\"what-to-expect-at-your-first-appointment-1\">Ko sagaid\u012bt pirmaj\u0101 tik\u0161an\u0101s reiz\u0113<\/h3>\n<\/div>   \n<p class=\"has-text-align-center\">M\u0113s r\u016bp\u0113jamies par j\u016bsu dzirdi un probl\u0113m\u0101m, ko j\u016bsu dzirdes zudums var b\u016bt rad\u012bjis j\u016bsu dz\u012bv\u0113. M\u0113s esam \u0161eit, lai pal\u012bdz\u0113tu. Dzirdes zudums ir dabisks un no t\u0101 nav j\u0101baid\u0101s. Izmantojot m\u016bsdien\u012bgu Phonak risin\u0101jumu, m\u0113s varam pal\u012bdz\u0113t jums atkal dzird\u0113t lab\u0101k.<\/p>   \n<p class=\"has-text-align-center\"><\/p>\n<\/div>   \n<div style=\"height:52px\" aria-hidden=\"true\" class=\"wp-block-spacer\"><\/div>   \n<h3 class=\"wp-block-heading has-text-align-center has-blue-color has-text-color\" id=\"i-have-a-hearing-loss-what-comes-next\">Man ir dzirdes zudums, kas notiks t\u0101l\u0101k?<\/h3>   \n<div style=\"height:37px\" aria-hidden=\"true\" class=\"wp-block-spacer\"><\/div>   <div class=\"wp-block-columns is-layout-flex wp-container-core-columns-is-layout-9d6595d7 wp-block-columns-is-layout-flex\">\n<div class=\"wp-block-column is-layout-flow wp-block-column-is-layout-flow\">\n<h4 class=\"wp-block-heading\">1) J\u016bs run\u0101jat, m\u0113s klaus\u0101mies<\/h4>   <p>J\u016bsu ce\u013cojums s\u0101kas ar dzirdes apr\u016bpes speci\u0101lista apmekl\u0113jumu; Vi\u0146i ir tur, lai pal\u012bdz\u0113tu jums atrast piem\u0113rot\u0101ko variantu. J\u016bs run\u0101jat par savu dzirdi, k\u0101 t\u0101 ir main\u012bjusies, ar k\u0101diem izaicin\u0101jumiem j\u016bs saskaraties, un m\u0113s klaus\u0101mies.<\/p>\n<\/div>   <div class=\"wp-block-column is-layout-flow wp-block-column-is-layout-flow\">\n<h4 class=\"wp-block-heading\">2) Dzirdes p\u0101rbaude<\/h4>   <p>P\u0113c tam, kad esat dal\u012bjies pieredz\u0113, m\u0113s p\u0101rbaud\u0101m, ko j\u016bs dzirdat. Dzirdes p\u0101rbaude ir tikpat vienk\u0101r\u0161a k\u0101 s\u0113d\u0113\u0161ana un klaus\u012b\u0161an\u0101s. Kad tas ir pabeigts, m\u0113s \u0146emam \u0161os rezult\u0101tus, sasaistam tos ar j\u016bsu izaicin\u0101jumiem, lai nodro\u0161in\u0101tu, ka m\u016bsu dati atbilst j\u016bsu pieredzei, un sniedzam ieteikumus par to, kas jums ir vislab\u0101kais.<\/p>\n<\/div>   <div class=\"wp-block-column is-layout-flow wp-block-column-is-layout-flow\">\n<h4 class=\"wp-block-heading\">3) J\u016aS izlemjat<\/h4>   <p>M\u0113s izdar\u0101m savus secin\u0101jumus un sniedzam ieteikumus, pamatojoties uz j\u016bsu teikto. Galu gal\u0101, J\u016aS pie\u0146emt l\u0113mumu par to, kur\u0161 risin\u0101jums vislab\u0101k atbilst j\u016bsu dz\u012bvei. T\u0101das lietas k\u0101 \u0123imene, darbs un soci\u0101l\u0101 dz\u012bve ir j\u0101\u0146em v\u0113r\u0101, pirms izlemjat, ka izv\u0113l\u0113tais risin\u0101jums ir piem\u0113rots visiem j\u016bsu dz\u012bves aspektiem.<\/p>\n<\/div>\n<\/div>   \n<div style=\"height:50px\" aria-hidden=\"true\" class=\"wp-block-spacer\"><\/div>   \n<div class=\"wp-block-media-text is-stacked-on-mobile cta-block\" style=\"grid-template-columns:35% auto\"><figure class=\"wp-block-media-text__media\"><img decoding=\"async\" src=\"https:\/\/intl.phonak.com\/main-english\/wp-content\/uploads\/sites\/3\/2021\/11\/cta-image.jpg?w=401\" alt=\"\" class=\"wp-image-6738 size-full\"\/><\/figure><div class=\"wp-block-media-text__content\">\n<div class=\"wp-block-create-block-icon-selector\"><i class=\"fal fa-map-marker-alt\"><\/i><\/div>   \n<h3 class=\"wp-block-heading\">Dzirdes eksperti j\u016bsu tuvum\u0101<\/h3>   <p>Dzirdes apr\u016bpes speci\u0101listi var pal\u012bdz\u0113t jums izdar\u012bt sev piem\u0113rot\u0101ko izv\u0113li. Vi\u0146i \u0146ems v\u0113r\u0101 j\u016bsu dzirdes vajadz\u012bbas, bud\u017eetu, dz\u012bvesveidu un individu\u0101l\u0101s dzirdes v\u0113lmes. <\/p>   <div class=\"wp-block-buttons is-layout-flex wp-block-buttons-is-layout-flex\">\n<div class=\"wp-block-button is-style-marker-green\"><a class=\"wp-block-button__link wp-element-button\" href=\"https:\/\/intl.phonak.com\/lv-lv\/atrodi-specialistu\/\">Atrast ekspertu<\/a><\/div>\n<\/div>\n<\/div><\/div> ","protected":false},"excerpt":{"rendered":"<p>Veiciet m\u016bsu [pho-dzirdes-skr\u012bninga-ilgums] min\u016b\u0161u tie\u0161saistes dzirdes testu Da\u017ereiz m\u0113s nepaman\u0101m dzirdes zudumu, kam\u0113r tas nes\u0101k ietekm\u0113t m\u016bsu dz\u012bvesveidu. Gr\u016bt\u012bbas dzird\u0113t&#8230;<\/p>\n","protected":false},"author":14,"featured_media":537,"parent":0,"menu_order":0,"comment_status":"closed","ping_status":"closed","template":"","meta":{"_acf_changed":false,"inline_featured_image":false,"footnotes":""},"class_list":["post-357","page","type-page","status-publish","has-post-thumbnail","hentry"],"acf":[],"yoast_head":"<!-- This site is optimized with the Yoast SEO plugin v26.9 - https:\/\/yoast.com\/product\/yoast-seo-wordpress\/ -->\n<title>Tie\u0161saistes dzirdes p\u0101rbaude - Phonak - Latvija<\/title>\n<meta name=\"robots\" content=\"index, follow, max-snippet:-1, max-image-preview:large, max-video-preview:-1\" \/>\n<link rel=\"canonical\" href=\"https:\/\/intl.phonak.com\/main-english\/hearing-screener\/\" \/>\n<meta property=\"og:locale\" content=\"lv_LV\" \/>\n<meta property=\"og:type\" content=\"article\" \/>\n<meta property=\"og:title\" content=\"Tie\u0161saistes dzirdes p\u0101rbaude - Phonak - Latvija\" \/>\n<meta property=\"og:description\" content=\"Veiciet m\u016bsu [pho-dzirdes-skr\u012bninga-ilgums] min\u016b\u0161u tie\u0161saistes dzirdes testu Da\u017ereiz m\u0113s nepaman\u0101m dzirdes zudumu, kam\u0113r tas nes\u0101k ietekm\u0113t m\u016bsu dz\u012bvesveidu. Gr\u016bt\u012bbas dzird\u0113t...\" \/>\n<meta property=\"og:url\" content=\"https:\/\/intl.phonak.com\/lv-lv\/dzirdes-skrinings\/\" \/>\n<meta property=\"og:site_name\" content=\"Phonak - Latvija\" \/>\n<meta property=\"article:modified_time\" content=\"2025-11-04T13:40:31+00:00\" \/>\n<meta property=\"og:image\" content=\"https:\/\/intl.phonak.com\/lv-lv\/wp-content\/uploads\/sites\/73\/2022\/02\/PH_Packshot_Audeo-I-Sphere-xReceiver_050-1029-P7_51a18e.png\" \/>\n\t<meta property=\"og:image:width\" content=\"600\" \/>\n\t<meta property=\"og:image:height\" content=\"600\" \/>\n\t<meta property=\"og:image:type\" content=\"image\/png\" \/>\n<meta name=\"twitter:card\" content=\"summary_large_image\" \/>\n<meta name=\"twitter:label1\" content=\"Est. reading time\" \/>\n\t<meta name=\"twitter:data1\" content=\"4 minutes\" \/>\n<script type=\"application\/ld+json\" class=\"yoast-schema-graph\">{\"@context\":\"https:\/\/schema.org\",\"@graph\":[{\"@type\":\"WebPage\",\"@id\":\"https:\/\/intl.phonak.com\/lv-lv\/dzirdes-skrinings\/\",\"url\":\"https:\/\/intl.phonak.com\/lv-lv\/dzirdes-skrinings\/\",\"name\":\"Tie\u0161saistes dzirdes p\u0101rbaude - Phonak - Latvija\",\"isPartOf\":{\"@id\":\"https:\/\/intl.phonak.com\/lv-lv\/#website\"},\"primaryImageOfPage\":{\"@id\":\"https:\/\/intl.phonak.com\/lv-lv\/dzirdes-skrinings\/#primaryimage\"},\"image\":{\"@id\":\"https:\/\/intl.phonak.com\/lv-lv\/dzirdes-skrinings\/#primaryimage\"},\"thumbnailUrl\":\"https:\/\/intl.phonak.com\/lv-lv\/wp-content\/uploads\/sites\/73\/2022\/02\/PH_Packshot_Audeo-I-Sphere-xReceiver_050-1029-P7_51a18e.png\",\"datePublished\":\"2022-02-10T17:50:56+00:00\",\"dateModified\":\"2025-11-04T13:40:31+00:00\",\"breadcrumb\":{\"@id\":\"https:\/\/intl.phonak.com\/lv-lv\/dzirdes-skrinings\/#breadcrumb\"},\"inLanguage\":\"lv-LV\",\"potentialAction\":[{\"@type\":\"ReadAction\",\"target\":[\"https:\/\/intl.phonak.com\/lv-lv\/dzirdes-skrinings\/\"]}]},{\"@type\":\"ImageObject\",\"inLanguage\":\"lv-LV\",\"@id\":\"https:\/\/intl.phonak.com\/lv-lv\/dzirdes-skrinings\/#primaryimage\",\"url\":\"https:\/\/intl.phonak.com\/lv-lv\/wp-content\/uploads\/sites\/73\/2022\/02\/PH_Packshot_Audeo-I-Sphere-xReceiver_050-1029-P7_51a18e.png\",\"contentUrl\":\"https:\/\/intl.phonak.com\/lv-lv\/wp-content\/uploads\/sites\/73\/2022\/02\/PH_Packshot_Audeo-I-Sphere-xReceiver_050-1029-P7_51a18e.png\",\"width\":600,\"height\":600,\"caption\":\"Phonak Aud\u00e9o Sphere Infinio\"},{\"@type\":\"BreadcrumbList\",\"@id\":\"https:\/\/intl.phonak.com\/lv-lv\/dzirdes-skrinings\/#breadcrumb\",\"itemListElement\":[{\"@type\":\"ListItem\",\"position\":1,\"name\":\"Home\",\"item\":\"https:\/\/intl.phonak.com\/lv-lv\/\"},{\"@type\":\"ListItem\",\"position\":2,\"name\":\"Online hearing test\"}]},{\"@type\":\"WebSite\",\"@id\":\"https:\/\/intl.phonak.com\/lv-lv\/#website\",\"url\":\"https:\/\/intl.phonak.com\/lv-lv\/\",\"name\":\"Phonak - Latvija\",\"description\":\"Ap\u0146\u0113mu\u0161ies main\u012bt dz\u012bves\",\"publisher\":{\"@id\":\"https:\/\/intl.phonak.com\/lv-lv\/#organization\"},\"potentialAction\":[{\"@type\":\"SearchAction\",\"target\":{\"@type\":\"EntryPoint\",\"urlTemplate\":\"https:\/\/intl.phonak.com\/lv-lv\/?s={search_term_string}\"},\"query-input\":{\"@type\":\"PropertyValueSpecification\",\"valueRequired\":true,\"valueName\":\"search_term_string\"}}],\"inLanguage\":\"lv-LV\"},{\"@type\":\"Organization\",\"@id\":\"https:\/\/intl.phonak.com\/lv-lv\/#organization\",\"name\":\"Phonak - Latvija\",\"url\":\"https:\/\/intl.phonak.com\/lv-lv\/\",\"logo\":{\"@type\":\"ImageObject\",\"inLanguage\":\"lv-LV\",\"@id\":\"https:\/\/intl.phonak.com\/lv-lv\/#\/schema\/logo\/image\/\",\"url\":\"https:\/\/intl.phonak.com\/lv-lv\/wp-content\/uploads\/sites\/73\/2025\/07\/logo-phonak.svg\",\"contentUrl\":\"https:\/\/intl.phonak.com\/lv-lv\/wp-content\/uploads\/sites\/73\/2025\/07\/logo-phonak.svg\",\"caption\":\"Phonak - Latvija\"},\"image\":{\"@id\":\"https:\/\/intl.phonak.com\/lv-lv\/#\/schema\/logo\/image\/\"}}]}<\/script>\n<!-- \/ Yoast SEO plugin. -->","yoast_head_json":{"title":"Tie\u0161saistes dzirdes p\u0101rbaude - Phonak - Latvija","robots":{"index":"index","follow":"follow","max-snippet":"max-snippet:-1","max-image-preview":"max-image-preview:large","max-video-preview":"max-video-preview:-1"},"canonical":"https:\/\/intl.phonak.com\/main-english\/hearing-screener\/","og_locale":"lv_LV","og_type":"article","og_title":"Tie\u0161saistes dzirdes p\u0101rbaude - Phonak - Latvija","og_description":"Veiciet m\u016bsu [pho-dzirdes-skr\u012bninga-ilgums] min\u016b\u0161u tie\u0161saistes dzirdes testu Da\u017ereiz m\u0113s nepaman\u0101m dzirdes zudumu, kam\u0113r tas nes\u0101k ietekm\u0113t m\u016bsu dz\u012bvesveidu. Gr\u016bt\u012bbas dzird\u0113t...","og_url":"https:\/\/intl.phonak.com\/lv-lv\/dzirdes-skrinings\/","og_site_name":"Phonak - Latvija","article_modified_time":"2025-11-04T13:40:31+00:00","og_image":[{"width":600,"height":600,"url":"https:\/\/intl.phonak.com\/lv-lv\/wp-content\/uploads\/sites\/73\/2022\/02\/PH_Packshot_Audeo-I-Sphere-xReceiver_050-1029-P7_51a18e.png","type":"image\/png"}],"twitter_card":"summary_large_image","twitter_misc":{"Est. reading time":"4 minutes"},"schema":{"@context":"https:\/\/schema.org","@graph":[{"@type":"WebPage","@id":"https:\/\/intl.phonak.com\/lv-lv\/dzirdes-skrinings\/","url":"https:\/\/intl.phonak.com\/lv-lv\/dzirdes-skrinings\/","name":"Tie\u0161saistes dzirdes p\u0101rbaude - Phonak - Latvija","isPartOf":{"@id":"https:\/\/intl.phonak.com\/lv-lv\/#website"},"primaryImageOfPage":{"@id":"https:\/\/intl.phonak.com\/lv-lv\/dzirdes-skrinings\/#primaryimage"},"image":{"@id":"https:\/\/intl.phonak.com\/lv-lv\/dzirdes-skrinings\/#primaryimage"},"thumbnailUrl":"https:\/\/intl.phonak.com\/lv-lv\/wp-content\/uploads\/sites\/73\/2022\/02\/PH_Packshot_Audeo-I-Sphere-xReceiver_050-1029-P7_51a18e.png","datePublished":"2022-02-10T17:50:56+00:00","dateModified":"2025-11-04T13:40:31+00:00","breadcrumb":{"@id":"https:\/\/intl.phonak.com\/lv-lv\/dzirdes-skrinings\/#breadcrumb"},"inLanguage":"lv-LV","potentialAction":[{"@type":"ReadAction","target":["https:\/\/intl.phonak.com\/lv-lv\/dzirdes-skrinings\/"]}]},{"@type":"ImageObject","inLanguage":"lv-LV","@id":"https:\/\/intl.phonak.com\/lv-lv\/dzirdes-skrinings\/#primaryimage","url":"https:\/\/intl.phonak.com\/lv-lv\/wp-content\/uploads\/sites\/73\/2022\/02\/PH_Packshot_Audeo-I-Sphere-xReceiver_050-1029-P7_51a18e.png","contentUrl":"https:\/\/intl.phonak.com\/lv-lv\/wp-content\/uploads\/sites\/73\/2022\/02\/PH_Packshot_Audeo-I-Sphere-xReceiver_050-1029-P7_51a18e.png","width":600,"height":600,"caption":"Phonak Aud\u00e9o Sphere Infinio"},{"@type":"BreadcrumbList","@id":"https:\/\/intl.phonak.com\/lv-lv\/dzirdes-skrinings\/#breadcrumb","itemListElement":[{"@type":"ListItem","position":1,"name":"Home","item":"https:\/\/intl.phonak.com\/lv-lv\/"},{"@type":"ListItem","position":2,"name":"Online hearing test"}]},{"@type":"WebSite","@id":"https:\/\/intl.phonak.com\/lv-lv\/#website","url":"https:\/\/intl.phonak.com\/lv-lv\/","name":"Phonak - Latvija","description":"Ap\u0146\u0113mu\u0161ies main\u012bt dz\u012bves","publisher":{"@id":"https:\/\/intl.phonak.com\/lv-lv\/#organization"},"potentialAction":[{"@type":"SearchAction","target":{"@type":"EntryPoint","urlTemplate":"https:\/\/intl.phonak.com\/lv-lv\/?s={search_term_string}"},"query-input":{"@type":"PropertyValueSpecification","valueRequired":true,"valueName":"search_term_string"}}],"inLanguage":"lv-LV"},{"@type":"Organization","@id":"https:\/\/intl.phonak.com\/lv-lv\/#organization","name":"Phonak - Latvija","url":"https:\/\/intl.phonak.com\/lv-lv\/","logo":{"@type":"ImageObject","inLanguage":"lv-LV","@id":"https:\/\/intl.phonak.com\/lv-lv\/#\/schema\/logo\/image\/","url":"https:\/\/intl.phonak.com\/lv-lv\/wp-content\/uploads\/sites\/73\/2025\/07\/logo-phonak.svg","contentUrl":"https:\/\/intl.phonak.com\/lv-lv\/wp-content\/uploads\/sites\/73\/2025\/07\/logo-phonak.svg","caption":"Phonak - Latvija"},"image":{"@id":"https:\/\/intl.phonak.com\/lv-lv\/#\/schema\/logo\/image\/"}}]}},"jetpack_sharing_enabled":true,"distributor_meta":false,"distributor_terms":false,"distributor_media":false,"distributor_original_site_name":"Phonak - Latvija","distributor_original_site_url":"https:\/\/intl.phonak.com\/lv-lv","push-errors":false,"_links":{"self":[{"href":"https:\/\/intl.phonak.com\/lv-lv\/wp-json\/wp\/v2\/pages\/357","targetHints":{"allow":["GET"]}}],"collection":[{"href":"https:\/\/intl.phonak.com\/lv-lv\/wp-json\/wp\/v2\/pages"}],"about":[{"href":"https:\/\/intl.phonak.com\/lv-lv\/wp-json\/wp\/v2\/types\/page"}],"author":[{"embeddable":true,"href":"https:\/\/intl.phonak.com\/lv-lv\/wp-json\/wp\/v2\/users\/14"}],"replies":[{"embeddable":true,"href":"https:\/\/intl.phonak.com\/lv-lv\/wp-json\/wp\/v2\/comments?post=357"}],"version-history":[{"count":7,"href":"https:\/\/intl.phonak.com\/lv-lv\/wp-json\/wp\/v2\/pages\/357\/revisions"}],"predecessor-version":[{"id":957,"href":"https:\/\/intl.phonak.com\/lv-lv\/wp-json\/wp\/v2\/pages\/357\/revisions\/957"}],"wp:featuredmedia":[{"embeddable":true,"href":"https:\/\/intl.phonak.com\/lv-lv\/wp-json\/wp\/v2\/media\/537"}],"wp:attachment":[{"href":"https:\/\/intl.phonak.com\/lv-lv\/wp-json\/wp\/v2\/media?parent=357"}],"curies":[{"name":"wp","href":"https:\/\/api.w.org\/{rel}","templated":true}]}}