{"id":353,"date":"2022-02-10T21:54:30","date_gmt":"2022-02-10T21:54:30","guid":{"rendered":"https:\/\/intl.phonak.com\/lv-lv\/phonak-well-hearing-is-well-being\/"},"modified":"2025-11-04T10:41:21","modified_gmt":"2025-11-04T10:41:21","slug":"phonak-laba-dzirde-laba-dzive","status":"publish","type":"page","link":"https:\/\/intl.phonak.com\/lv-lv\/dzirdes-zudums\/phonak-laba-dzirde-laba-dzive\/","title":{"rendered":"Phonak laba dzirde ir labkl\u0101j\u012bba\u2122"},"content":{"rendered":"\n<div class=\"wp-block-cover alignfull is-light\" style=\"min-height:430px;aspect-ratio:unset;\"><span aria-hidden=\"true\" class=\"wp-block-cover__background has-white-background-color has-background-dim\"><\/span><img decoding=\"async\" class=\"wp-block-cover__image-background wp-image-7289\" alt=\"Well-Hearing is Well-Being\" src=\"https:\/\/intl.phonak.com\/lv-lv\/wp-content\/uploads\/sites\/3\/2023\/12\/WHWB-banner_ComputeGame-OptionB.jpg\" data-object-fit=\"cover\"\/><div class=\"wp-block-cover__inner-container is-layout-flow wp-block-cover-is-layout-flow\">\n<h1 class=\"wp-block-heading has-text-align-center\" id=\"why-hearing-health-matters\">K\u0101p\u0113c dzirdes vesel\u012bba ir svar\u012bga<\/h1>   \n<p class=\"has-text-align-center has-grey-500-color has-text-color has-lead-font-size\">Kad dzirdat labi, esat labi sagatavots, lai dz\u012bvotu t\u0101du dz\u012bvi, k\u0101du v\u0113laties<\/p>   \n<div class=\"wp-block-buttons is-horizontal is-content-justification-center is-layout-flex wp-container-core-buttons-is-layout-499968f5 wp-block-buttons-is-layout-flex\">\n<div class=\"wp-block-button is-style-download\"><a class=\"wp-block-button__link wp-element-button\" href=\"https:\/\/intl.phonak.com\/lv-lv\/wp-content\/uploads\/sites\/3\/2022\/02\/PH_WHWB_Leaflet_148x210_EN_V1.00_028-2136-02.pdf\" target=\"_blank\" rel=\"noreferrer noopener\">Lejupiel\u0101d\u0113t bro\u0161\u016bru<\/a><\/div>\n<\/div>\n<\/div><\/div>   \n<div class=\"wp-block-media-text has-media-on-the-right is-stacked-on-mobile\"><div class=\"wp-block-media-text__content\">\n<p>M\u0113s uzskat\u0101m, ka laba dzirde ir l\u012bdzv\u0113rt\u012bga labsaj\u016btai un ir b\u016btiska, lai dz\u012bvotu pilnv\u0113rt\u012bgi.<\/p>   <p>Arvien vair\u0101k pier\u0101d\u012bjumu liecina, ka dzirdes zuduma \u0101rst\u0113\u0161ana var pozit\u012bvi ietekm\u0113t j\u016bsu soci\u0101li emocion\u0101lo, kognit\u012bvo un fizisko labsaj\u016btu.<sup>1<\/sup><\/p>\n<\/div><figure class=\"wp-block-media-text__media\"><img decoding=\"async\" src=\"https:\/\/intl.phonak.com\/lv-lv\/wp-content\/uploads\/sites\/3\/2023\/03\/WHWB-wheel-neutral.jpg\" alt=\"\" class=\"wp-image-6565 size-full\"\/><\/figure><\/div>   \n<div class=\"wp-block-media-text is-stacked-on-mobile\"><figure class=\"wp-block-media-text__media\"><img decoding=\"async\" src=\"https:\/\/intl.phonak.com\/lv-lv\/wp-content\/uploads\/sites\/3\/2023\/12\/Visual_WHWB_Restaurant_02_592x396-with-icon.jpg?w=592\" alt=\"Social-Emotional well-being\" class=\"wp-image-7300 size-full\"\/><\/figure><div class=\"wp-block-media-text__content\">\n<h4 class=\"wp-block-heading has-text-align-left has-blue-color has-text-color\" id=\"social-emotional-well-being\">Soci\u0101li emocion\u0101l\u0101 labkl\u0101j\u012bba<\/h4>   <p>Laba dzirde \u013cauj mums b\u016bt soci\u0101li akt\u012bviem, sazin\u0101ties ar citiem un efekt\u012bvi komunic\u0113t \u2013 bez \u0161\u0137\u0113r\u0161\u013ciem.<\/p>   <p>Dzirdes apar\u0101tu lieto\u0161ana var uzlabot j\u016bsu dz\u012bves kvalit\u0101ti, soci\u0101lo mijiedarb\u012bbu un apmierin\u0101t\u012bbu ar attiec\u012bb\u0101m jums un j\u016bsu m\u012b\u013cajiem.<sup>2<\/sup><\/p>\n<\/div><\/div>   \n<div class=\"wp-block-media-text has-media-on-the-right is-stacked-on-mobile\"><div class=\"wp-block-media-text__content\">\n<h4 class=\"wp-block-heading has-blue-color has-text-color\" id=\"cognitive-well-being\">Kognit\u012bv\u0101 labkl\u0101j\u012bba<\/h4>   <p>Smadzen\u0113m ir iz\u0161\u0137iro\u0161a loma klaus\u012b\u0161an\u0101s un runas izpratn\u0113 \u2013 ir svar\u012bgi t\u0101s stimul\u0113t.<\/p>   <p>\u0160eit tiek izmantoti dzirdes apar\u0101ti. Dzirdes apar\u0101tu lieto\u0161ana ir saist\u012bta ar uzlabotu atmi\u0146u<sup>3<\/sup>&nbsp; un ir pier\u0101d\u012bts, ka tas atvieglo klaus\u012b\u0161anos.<sup>4<\/sup><\/p>\n<\/div><figure class=\"wp-block-media-text__media\"><img decoding=\"async\" src=\"https:\/\/intl.phonak.com\/lv-lv\/wp-content\/uploads\/sites\/3\/2023\/12\/WHWB-Cognitive-Dimension-Office-OptionB_592x396-with-icon.jpg?w=592\" alt=\"Cognitive well-being\" class=\"wp-image-7302 size-full\"\/><\/figure><\/div>   \n<div class=\"wp-block-media-text is-stacked-on-mobile\"><figure class=\"wp-block-media-text__media\"><img decoding=\"async\" src=\"https:\/\/intl.phonak.com\/lv-lv\/wp-content\/uploads\/sites\/3\/2023\/12\/Visual_WHWB-ActivityOutdoors_01_592x396-with-icon.jpg?w=592\" alt=\"Physical well-being\" class=\"wp-image-7303 size-full\"\/><\/figure><div class=\"wp-block-media-text__content\">\n<h4 class=\"wp-block-heading has-blue-color has-text-color\" id=\"physical-well-being\">Fizisk\u0101 labsaj\u016bta<\/h4>   <p>Pareizais dzirdes risin\u0101jums noz\u012bm\u0113, ka esat labi apr\u012bkots da\u017e\u0101d\u0101m klaus\u012b\u0161an\u0101s situ\u0101cij\u0101m.<\/p>   <p>Laba dzirde nodro\u0161ina liel\u0101ku izpratni par vidi, veicinot dro\u0161\u012bbas un p\u0101rliec\u012bbas saj\u016btu.<\/p>\n<\/div><\/div>   <p><\/p>   \n<p class=\"is-style-default has-small-font-size\">Piez\u012bmes<br>1. Vercammen, C., Ferguson, M., Kramer, SE, et al. (2020). Laba dzirde ir labsaj\u016bta.<em>Dzirdes apskats, 27(3)<\/em>, 18.\u201322.<br>2. Kamils RJ, Lin FR. Dzirdes trauc\u0113jumu ietekme gados vec\u0101kiem pieaugu\u0161ajiem uz sazi\u0146as partneriem:<em>Sistem\u0101tisks p\u0101rskats<\/em>. J Am Acad Audiol. 2015; 26(2):155-182.<br>3. Karawani, H., Jenkijs, K., &#038; Andersons, S. (2018). Sensor\u0101s ievades atjauno\u0161ana var uzlabot kognit\u012bvo un neironu funkciju.<em>Neiropsiholo\u0123ija,<\/em>114, 203\u2013213.<br>4. Winneke, A., Schulte, M., Vormann, M., Latzel, M. (2018). Telpisk\u0101 trok\u0161\u0146a apstr\u0101de dzirdes apar\u0101tos modul\u0113 neironu mar\u0137ierus, kas saist\u012bti ar klaus\u012b\u0161an\u0101s piep\u016bli: EEG p\u0113t\u012bjums.<em>AudiologyOnline<\/em>, Raksts 23858.<\/p>   \n<div style=\"height:38px\" aria-hidden=\"true\" class=\"wp-block-spacer\"><\/div>   \n<p class=\"has-text-align-center is-style-default\"><a href=\"https:\/\/intl.phonak.com\/lv-lv\/dzirdes-zudums\/dzirdes-traucejumu-iemesli\/\">Uzziniet, kas izraisa dzirdes zudumu<\/a><\/p>   \n<div style=\"height:42px\" aria-hidden=\"true\" class=\"wp-block-spacer\"><\/div>   \n<div class=\"wp-block-media-text is-stacked-on-mobile cta-block\" style=\"grid-template-columns:35% auto\"><figure class=\"wp-block-media-text__media\"><img decoding=\"async\" src=\"https:\/\/intl.phonak.com\/main-english\/wp-content\/uploads\/sites\/3\/2021\/11\/cta-image.jpg?w=401\" alt=\"\" class=\"wp-image-6738 size-full\"\/><\/figure><div class=\"wp-block-media-text__content\">\n<div class=\"wp-block-create-block-icon-selector\"><i class=\"fal fa-map-marker-alt\"><\/i><\/div>   \n<h3 class=\"wp-block-heading\">Dzirdes eksperti j\u016bsu tuvum\u0101<\/h3>   <p>Dzirdes apr\u016bpes speci\u0101listi var pal\u012bdz\u0113t jums izdar\u012bt sev piem\u0113rot\u0101ko izv\u0113li. Vi\u0146i \u0146ems v\u0113r\u0101 j\u016bsu dzirdes vajadz\u012bbas, bud\u017eetu, dz\u012bvesveidu un individu\u0101l\u0101s dzirdes v\u0113lmes. <\/p>   <div class=\"wp-block-buttons is-layout-flex wp-block-buttons-is-layout-flex\">\n<div class=\"wp-block-button is-style-marker-green\"><a class=\"wp-block-button__link wp-element-button\" href=\"https:\/\/intl.phonak.com\/lv-lv\/atrodi-specialistu\/\">Atrast ekspertu<\/a><\/div>\n<\/div>\n<\/div><\/div> ","protected":false},"excerpt":{"rendered":"<p>M\u0113s uzskat\u0101m, ka laba dzirde ir l\u012bdzv\u0113rt\u012bga labsaj\u016btai un ir b\u016btiska, lai dz\u012bvotu pilnv\u0113rt\u012bgi. Arvien vair\u0101k pier\u0101d\u012bjumu liecina, ka dzirdes&#8230;<\/p>\n","protected":false},"author":14,"featured_media":523,"parent":317,"menu_order":0,"comment_status":"closed","ping_status":"closed","template":"","meta":{"_acf_changed":false,"inline_featured_image":false,"footnotes":""},"class_list":["post-353","page","type-page","status-publish","has-post-thumbnail","hentry"],"acf":[],"yoast_head":"<!-- This site is optimized with the Yoast SEO plugin v26.9 - https:\/\/yoast.com\/product\/yoast-seo-wordpress\/ -->\n<title>Phonak laba dzirde ir labkl\u0101j\u012bba\u2122 - Phonak - Latvija<\/title>\n<meta name=\"robots\" content=\"index, follow, max-snippet:-1, max-image-preview:large, max-video-preview:-1\" \/>\n<link rel=\"canonical\" href=\"https:\/\/intl.phonak.com\/main-english\/hearing-loss\/phonak-well-hearing-is-well-being\/\" \/>\n<meta property=\"og:locale\" content=\"lv_LV\" \/>\n<meta property=\"og:type\" content=\"article\" \/>\n<meta property=\"og:title\" content=\"Phonak laba dzirde ir labkl\u0101j\u012bba\u2122 - Phonak - Latvija\" \/>\n<meta property=\"og:description\" content=\"M\u0113s uzskat\u0101m, ka laba dzirde ir l\u012bdzv\u0113rt\u012bga labsaj\u016btai un ir b\u016btiska, lai dz\u012bvotu pilnv\u0113rt\u012bgi. Arvien vair\u0101k pier\u0101d\u012bjumu liecina, ka dzirdes...\" \/>\n<meta property=\"og:url\" content=\"https:\/\/intl.phonak.com\/lv-lv\/dzirdes-zudums\/phonak-laba-dzirde-laba-dzive\/\" \/>\n<meta property=\"og:site_name\" content=\"Phonak - Latvija\" \/>\n<meta property=\"article:modified_time\" content=\"2025-11-04T10:41:21+00:00\" \/>\n<meta property=\"og:image\" content=\"https:\/\/intl.phonak.com\/lv-lv\/wp-content\/uploads\/sites\/73\/2022\/02\/PH_Packshot_Audeo-I-Sphere-xReceiver_050-1029-P7_119eac.png\" \/>\n\t<meta property=\"og:image:width\" content=\"600\" \/>\n\t<meta property=\"og:image:height\" content=\"600\" \/>\n\t<meta property=\"og:image:type\" content=\"image\/png\" \/>\n<meta name=\"twitter:card\" content=\"summary_large_image\" \/>\n<meta name=\"twitter:label1\" content=\"Est. reading time\" \/>\n\t<meta name=\"twitter:data1\" content=\"3 minutes\" \/>\n<script type=\"application\/ld+json\" class=\"yoast-schema-graph\">{\"@context\":\"https:\/\/schema.org\",\"@graph\":[{\"@type\":\"WebPage\",\"@id\":\"https:\/\/intl.phonak.com\/lv-lv\/dzirdes-zudums\/phonak-laba-dzirde-laba-dzive\/\",\"url\":\"https:\/\/intl.phonak.com\/lv-lv\/dzirdes-zudums\/phonak-laba-dzirde-laba-dzive\/\",\"name\":\"Phonak laba dzirde ir labkl\u0101j\u012bba\u2122 - Phonak - Latvija\",\"isPartOf\":{\"@id\":\"https:\/\/intl.phonak.com\/lv-lv\/#website\"},\"primaryImageOfPage\":{\"@id\":\"https:\/\/intl.phonak.com\/lv-lv\/dzirdes-zudums\/phonak-laba-dzirde-laba-dzive\/#primaryimage\"},\"image\":{\"@id\":\"https:\/\/intl.phonak.com\/lv-lv\/dzirdes-zudums\/phonak-laba-dzirde-laba-dzive\/#primaryimage\"},\"thumbnailUrl\":\"https:\/\/intl.phonak.com\/lv-lv\/wp-content\/uploads\/sites\/73\/2022\/02\/PH_Packshot_Audeo-I-Sphere-xReceiver_050-1029-P7_119eac.png\",\"datePublished\":\"2022-02-10T21:54:30+00:00\",\"dateModified\":\"2025-11-04T10:41:21+00:00\",\"breadcrumb\":{\"@id\":\"https:\/\/intl.phonak.com\/lv-lv\/dzirdes-zudums\/phonak-laba-dzirde-laba-dzive\/#breadcrumb\"},\"inLanguage\":\"lv-LV\",\"potentialAction\":[{\"@type\":\"ReadAction\",\"target\":[\"https:\/\/intl.phonak.com\/lv-lv\/dzirdes-zudums\/phonak-laba-dzirde-laba-dzive\/\"]}]},{\"@type\":\"ImageObject\",\"inLanguage\":\"lv-LV\",\"@id\":\"https:\/\/intl.phonak.com\/lv-lv\/dzirdes-zudums\/phonak-laba-dzirde-laba-dzive\/#primaryimage\",\"url\":\"https:\/\/intl.phonak.com\/lv-lv\/wp-content\/uploads\/sites\/73\/2022\/02\/PH_Packshot_Audeo-I-Sphere-xReceiver_050-1029-P7_119eac.png\",\"contentUrl\":\"https:\/\/intl.phonak.com\/lv-lv\/wp-content\/uploads\/sites\/73\/2022\/02\/PH_Packshot_Audeo-I-Sphere-xReceiver_050-1029-P7_119eac.png\",\"width\":600,\"height\":600,\"caption\":\"Phonak Aud\u00e9o Sphere Infinio\"},{\"@type\":\"BreadcrumbList\",\"@id\":\"https:\/\/intl.phonak.com\/lv-lv\/dzirdes-zudums\/phonak-laba-dzirde-laba-dzive\/#breadcrumb\",\"itemListElement\":[{\"@type\":\"ListItem\",\"position\":1,\"name\":\"Home\",\"item\":\"https:\/\/intl.phonak.com\/lv-lv\/\"},{\"@type\":\"ListItem\",\"position\":2,\"name\":\"Dzirdes zudums\",\"item\":\"https:\/\/intl.phonak.com\/lv-lv\/dzirdes-zudums\/\"},{\"@type\":\"ListItem\",\"position\":3,\"name\":\"Phonak &#8211; laba dzirde &#8211; laba dz\u012bve\u2122\"}]},{\"@type\":\"WebSite\",\"@id\":\"https:\/\/intl.phonak.com\/lv-lv\/#website\",\"url\":\"https:\/\/intl.phonak.com\/lv-lv\/\",\"name\":\"Phonak - Latvija\",\"description\":\"Ap\u0146\u0113mu\u0161ies main\u012bt dz\u012bves\",\"publisher\":{\"@id\":\"https:\/\/intl.phonak.com\/lv-lv\/#organization\"},\"potentialAction\":[{\"@type\":\"SearchAction\",\"target\":{\"@type\":\"EntryPoint\",\"urlTemplate\":\"https:\/\/intl.phonak.com\/lv-lv\/?s={search_term_string}\"},\"query-input\":{\"@type\":\"PropertyValueSpecification\",\"valueRequired\":true,\"valueName\":\"search_term_string\"}}],\"inLanguage\":\"lv-LV\"},{\"@type\":\"Organization\",\"@id\":\"https:\/\/intl.phonak.com\/lv-lv\/#organization\",\"name\":\"Phonak - Latvija\",\"url\":\"https:\/\/intl.phonak.com\/lv-lv\/\",\"logo\":{\"@type\":\"ImageObject\",\"inLanguage\":\"lv-LV\",\"@id\":\"https:\/\/intl.phonak.com\/lv-lv\/#\/schema\/logo\/image\/\",\"url\":\"https:\/\/intl.phonak.com\/lv-lv\/wp-content\/uploads\/sites\/73\/2025\/07\/logo-phonak.svg\",\"contentUrl\":\"https:\/\/intl.phonak.com\/lv-lv\/wp-content\/uploads\/sites\/73\/2025\/07\/logo-phonak.svg\",\"caption\":\"Phonak - Latvija\"},\"image\":{\"@id\":\"https:\/\/intl.phonak.com\/lv-lv\/#\/schema\/logo\/image\/\"}}]}<\/script>\n<!-- \/ Yoast SEO plugin. -->","yoast_head_json":{"title":"Phonak laba dzirde ir labkl\u0101j\u012bba\u2122 - Phonak - Latvija","robots":{"index":"index","follow":"follow","max-snippet":"max-snippet:-1","max-image-preview":"max-image-preview:large","max-video-preview":"max-video-preview:-1"},"canonical":"https:\/\/intl.phonak.com\/main-english\/hearing-loss\/phonak-well-hearing-is-well-being\/","og_locale":"lv_LV","og_type":"article","og_title":"Phonak laba dzirde ir labkl\u0101j\u012bba\u2122 - Phonak - Latvija","og_description":"M\u0113s uzskat\u0101m, ka laba dzirde ir l\u012bdzv\u0113rt\u012bga labsaj\u016btai un ir b\u016btiska, lai dz\u012bvotu pilnv\u0113rt\u012bgi. Arvien vair\u0101k pier\u0101d\u012bjumu liecina, ka dzirdes...","og_url":"https:\/\/intl.phonak.com\/lv-lv\/dzirdes-zudums\/phonak-laba-dzirde-laba-dzive\/","og_site_name":"Phonak - Latvija","article_modified_time":"2025-11-04T10:41:21+00:00","og_image":[{"width":600,"height":600,"url":"https:\/\/intl.phonak.com\/lv-lv\/wp-content\/uploads\/sites\/73\/2022\/02\/PH_Packshot_Audeo-I-Sphere-xReceiver_050-1029-P7_119eac.png","type":"image\/png"}],"twitter_card":"summary_large_image","twitter_misc":{"Est. reading time":"3 minutes"},"schema":{"@context":"https:\/\/schema.org","@graph":[{"@type":"WebPage","@id":"https:\/\/intl.phonak.com\/lv-lv\/dzirdes-zudums\/phonak-laba-dzirde-laba-dzive\/","url":"https:\/\/intl.phonak.com\/lv-lv\/dzirdes-zudums\/phonak-laba-dzirde-laba-dzive\/","name":"Phonak laba dzirde ir labkl\u0101j\u012bba\u2122 - Phonak - Latvija","isPartOf":{"@id":"https:\/\/intl.phonak.com\/lv-lv\/#website"},"primaryImageOfPage":{"@id":"https:\/\/intl.phonak.com\/lv-lv\/dzirdes-zudums\/phonak-laba-dzirde-laba-dzive\/#primaryimage"},"image":{"@id":"https:\/\/intl.phonak.com\/lv-lv\/dzirdes-zudums\/phonak-laba-dzirde-laba-dzive\/#primaryimage"},"thumbnailUrl":"https:\/\/intl.phonak.com\/lv-lv\/wp-content\/uploads\/sites\/73\/2022\/02\/PH_Packshot_Audeo-I-Sphere-xReceiver_050-1029-P7_119eac.png","datePublished":"2022-02-10T21:54:30+00:00","dateModified":"2025-11-04T10:41:21+00:00","breadcrumb":{"@id":"https:\/\/intl.phonak.com\/lv-lv\/dzirdes-zudums\/phonak-laba-dzirde-laba-dzive\/#breadcrumb"},"inLanguage":"lv-LV","potentialAction":[{"@type":"ReadAction","target":["https:\/\/intl.phonak.com\/lv-lv\/dzirdes-zudums\/phonak-laba-dzirde-laba-dzive\/"]}]},{"@type":"ImageObject","inLanguage":"lv-LV","@id":"https:\/\/intl.phonak.com\/lv-lv\/dzirdes-zudums\/phonak-laba-dzirde-laba-dzive\/#primaryimage","url":"https:\/\/intl.phonak.com\/lv-lv\/wp-content\/uploads\/sites\/73\/2022\/02\/PH_Packshot_Audeo-I-Sphere-xReceiver_050-1029-P7_119eac.png","contentUrl":"https:\/\/intl.phonak.com\/lv-lv\/wp-content\/uploads\/sites\/73\/2022\/02\/PH_Packshot_Audeo-I-Sphere-xReceiver_050-1029-P7_119eac.png","width":600,"height":600,"caption":"Phonak Aud\u00e9o Sphere Infinio"},{"@type":"BreadcrumbList","@id":"https:\/\/intl.phonak.com\/lv-lv\/dzirdes-zudums\/phonak-laba-dzirde-laba-dzive\/#breadcrumb","itemListElement":[{"@type":"ListItem","position":1,"name":"Home","item":"https:\/\/intl.phonak.com\/lv-lv\/"},{"@type":"ListItem","position":2,"name":"Dzirdes zudums","item":"https:\/\/intl.phonak.com\/lv-lv\/dzirdes-zudums\/"},{"@type":"ListItem","position":3,"name":"Phonak &#8211; laba dzirde &#8211; laba dz\u012bve\u2122"}]},{"@type":"WebSite","@id":"https:\/\/intl.phonak.com\/lv-lv\/#website","url":"https:\/\/intl.phonak.com\/lv-lv\/","name":"Phonak - Latvija","description":"Ap\u0146\u0113mu\u0161ies main\u012bt dz\u012bves","publisher":{"@id":"https:\/\/intl.phonak.com\/lv-lv\/#organization"},"potentialAction":[{"@type":"SearchAction","target":{"@type":"EntryPoint","urlTemplate":"https:\/\/intl.phonak.com\/lv-lv\/?s={search_term_string}"},"query-input":{"@type":"PropertyValueSpecification","valueRequired":true,"valueName":"search_term_string"}}],"inLanguage":"lv-LV"},{"@type":"Organization","@id":"https:\/\/intl.phonak.com\/lv-lv\/#organization","name":"Phonak - Latvija","url":"https:\/\/intl.phonak.com\/lv-lv\/","logo":{"@type":"ImageObject","inLanguage":"lv-LV","@id":"https:\/\/intl.phonak.com\/lv-lv\/#\/schema\/logo\/image\/","url":"https:\/\/intl.phonak.com\/lv-lv\/wp-content\/uploads\/sites\/73\/2025\/07\/logo-phonak.svg","contentUrl":"https:\/\/intl.phonak.com\/lv-lv\/wp-content\/uploads\/sites\/73\/2025\/07\/logo-phonak.svg","caption":"Phonak - Latvija"},"image":{"@id":"https:\/\/intl.phonak.com\/lv-lv\/#\/schema\/logo\/image\/"}}]}},"jetpack_sharing_enabled":true,"distributor_meta":false,"distributor_terms":false,"distributor_media":false,"distributor_original_site_name":"Phonak - Latvija","distributor_original_site_url":"https:\/\/intl.phonak.com\/lv-lv","push-errors":false,"_links":{"self":[{"href":"https:\/\/intl.phonak.com\/lv-lv\/wp-json\/wp\/v2\/pages\/353","targetHints":{"allow":["GET"]}}],"collection":[{"href":"https:\/\/intl.phonak.com\/lv-lv\/wp-json\/wp\/v2\/pages"}],"about":[{"href":"https:\/\/intl.phonak.com\/lv-lv\/wp-json\/wp\/v2\/types\/page"}],"author":[{"embeddable":true,"href":"https:\/\/intl.phonak.com\/lv-lv\/wp-json\/wp\/v2\/users\/14"}],"replies":[{"embeddable":true,"href":"https:\/\/intl.phonak.com\/lv-lv\/wp-json\/wp\/v2\/comments?post=353"}],"version-history":[{"count":10,"href":"https:\/\/intl.phonak.com\/lv-lv\/wp-json\/wp\/v2\/pages\/353\/revisions"}],"predecessor-version":[{"id":912,"href":"https:\/\/intl.phonak.com\/lv-lv\/wp-json\/wp\/v2\/pages\/353\/revisions\/912"}],"up":[{"embeddable":true,"href":"https:\/\/intl.phonak.com\/lv-lv\/wp-json\/wp\/v2\/pages\/317"}],"wp:featuredmedia":[{"embeddable":true,"href":"https:\/\/intl.phonak.com\/lv-lv\/wp-json\/wp\/v2\/media\/523"}],"wp:attachment":[{"href":"https:\/\/intl.phonak.com\/lv-lv\/wp-json\/wp\/v2\/media?parent=353"}],"curies":[{"name":"wp","href":"https:\/\/api.w.org\/{rel}","templated":true}]}}