{"id":349,"date":"2022-03-07T11:51:55","date_gmt":"2022-03-07T11:51:55","guid":{"rendered":"https:\/\/intl.phonak.com\/lv-lv\/pediatric-center\/"},"modified":"2026-04-21T17:08:34","modified_gmt":"2026-04-21T17:08:34","slug":"pediatric-center","status":"publish","type":"page","link":"https:\/\/intl.phonak.com\/lv-lv\/pediatric-center\/","title":{"rendered":"Pediatric Center"},"content":{"rendered":"\n<div class=\"wp-block-cover alignfull is-light\"><span aria-hidden=\"true\" class=\"wp-block-cover__background has-white-background-color has-background-dim-60 has-background-dim\"><\/span><img decoding=\"async\" class=\"wp-block-cover__image-background wp-image-5374\" alt=\"\" src=\"https:\/\/intl.phonak.com\/lv-lv\/wp-content\/uploads\/sites\/3\/2022\/03\/Banner-Ped-center.jpg\" style=\"object-position:45% 65%\" data-object-fit=\"cover\" data-object-position=\"45% 65%\"\/><div class=\"wp-block-cover__inner-container is-layout-flow wp-block-cover-is-layout-flow\">\n<h1 class=\"wp-block-heading has-text-align-center has-dark-grey-color has-text-color\" id=\"discover-your-child-s-hearing\">Discover your child&#8217;s hearing<\/h1>\n\n\n\n<p class=\"has-text-align-center has-dark-grey-color has-text-color has-lead-font-size\">Pediatric hearing solutions for every age<\/p>\n<\/div><\/div>\n\n\n\n<figure class=\"wp-block-image aligncenter size-full is-resized\"><img decoding=\"async\" src=\"https:\/\/intl.phonak.com\/lv-lv\/wp-content\/uploads\/sites\/3\/2022\/03\/Secondary_Logo_Inter_Approved_Pediatric_Hearing_Center.png\" alt=\"\" class=\"wp-image-5429\" style=\"width:411px;height:136px\"\/><\/figure>\n\n\n\n<div style=\"height:62px\" aria-hidden=\"true\" class=\"wp-block-spacer\"><\/div>\n\n\n\n<p class=\"has-text-align-center is-style-default\">A Phonak International Approved Pediatric Hearing Center is an international certification that is given to leading centers which fulfill the following requirements: infrastructure adjusted to children and their needs, specialized measurement and diagnostics equipment, and of course dedicated and qualified pediatric hearing specialists to attend the needs of your child and you as a parent.<\/p>\n\n\n\n<div style=\"height:63px\" aria-hidden=\"true\" class=\"wp-block-spacer\"><\/div>\n\n\n\n<h2 class=\"wp-block-heading has-text-align-center has-dark-grey-color has-text-color\">Our approved pediatric hearing centers<\/h2>\n\n\n\n<div style=\"height:54px\" aria-hidden=\"true\" class=\"wp-block-spacer\"><\/div>\n\n\n\n<div class=\"wp-block-columns is-layout-flex wp-container-core-columns-is-layout-9d6595d7 wp-block-columns-is-layout-flex\">\n<div class=\"wp-block-column is-layout-flow wp-block-column-is-layout-flow\">\n<figure class=\"wp-block-image aligncenter size-large is-resized\"><img decoding=\"async\" src=\"https:\/\/intl.phonak.com\/lv-lv\/wp-content\/uploads\/sites\/3\/2022\/03\/Ped-center-Phonak-logo.jpg?w=391\" alt=\"\" class=\"wp-image-5478\" style=\"width:298px;height:155px\"\/><\/figure>\n<\/div>\n\n\n\n<div class=\"wp-block-column is-layout-flow wp-block-column-is-layout-flow\">\n<h4 class=\"wp-block-heading has-text-align-center\">Hearing Center<\/h4>\n\n\n\n<p class=\"has-text-align-center\">Address 1, 111 00 City<br>+00 000 00 00 000 <br>welcome@hearing.com<br>www.phonak.com<\/p>\n<\/div>\n\n\n\n<div class=\"wp-block-column is-layout-flow wp-block-column-is-layout-flow\">\n<figure class=\"wp-block-image aligncenter size-large is-resized\"><img decoding=\"async\" src=\"https:\/\/intl.phonak.com\/lv-lv\/wp-content\/uploads\/sites\/3\/2023\/04\/Approved-icon_no-text.png?w=591\" alt=\"\" class=\"wp-image-6632\" style=\"width:-5px;height:-5px\"\/><\/figure>\n<\/div>\n<\/div>\n\n\n\n<div style=\"height:66px\" aria-hidden=\"true\" class=\"wp-block-spacer\"><\/div>\n\n\n\n<div class=\"wp-block-columns is-layout-flex wp-container-core-columns-is-layout-9d6595d7 wp-block-columns-is-layout-flex\">\n<div class=\"wp-block-column is-layout-flow wp-block-column-is-layout-flow\">\n<figure class=\"wp-block-image aligncenter size-large is-resized\"><img decoding=\"async\" src=\"https:\/\/intl.phonak.com\/lv-lv\/wp-content\/uploads\/sites\/3\/2022\/03\/Ped-center-Phonak-logo.jpg?w=391\" alt=\"\" class=\"wp-image-5478\" style=\"width:290px;height:149px\"\/><\/figure>\n<\/div>\n\n\n\n<div class=\"wp-block-column is-layout-flow wp-block-column-is-layout-flow\">\n<h4 class=\"wp-block-heading has-text-align-center\">Hearing Center<\/h4>\n\n\n\n<p class=\"has-text-align-center\">Address 1, 111 00 City<br>+00 000 00 00 000 <br>welcome@hearing.com<br>www.phonak.com<\/p>\n<\/div>\n\n\n\n<div class=\"wp-block-column is-layout-flow wp-block-column-is-layout-flow\">\n<figure class=\"wp-block-image aligncenter size-full is-resized\"><img decoding=\"async\" src=\"https:\/\/intl.phonak.com\/lv-lv\/wp-content\/uploads\/sites\/3\/2023\/04\/Approved-icon_no-text.png\" alt=\"\" class=\"wp-image-6632\" style=\"width:-19px;height:-19px\"\/><\/figure>\n<\/div>\n<\/div>\n\n\n\n<div style=\"height:32px\" aria-hidden=\"true\" class=\"wp-block-spacer\"><\/div>\n\n\n\n<h3 class=\"wp-block-heading has-text-align-center has-blue-color has-text-color\">Visiting an approved pediatric hearing center for first time<\/h3>\n\n\n\n<p class=\"has-text-align-center\">Every approved pediatric hearing center provides high quality services, including:<\/p>\n\n\n\n<div style=\"height:55px\" aria-hidden=\"true\" class=\"wp-block-spacer\"><\/div>\n\n\n\n<div class=\"wp-block-columns is-layout-flex wp-container-core-columns-is-layout-9d6595d7 wp-block-columns-is-layout-flex\">\n<div class=\"wp-block-column is-layout-flow wp-block-column-is-layout-flow\">\n<h5 class=\"wp-block-heading has-text-align-center has-blue-color has-text-color\">Counseling on children&#8217;s hearing ability<\/h5>\n\n\n\n<p class=\"has-text-align-center\">Our hearing care professionals are experts in pediatric hearing care. <\/p>\n<\/div>\n\n\n\n<div class=\"wp-block-column is-layout-flow wp-block-column-is-layout-flow\">\n<h5 class=\"wp-block-heading has-text-align-center has-blue-color has-text-color\">Hearing tests made for children<\/h5>\n\n\n\n<p class=\"has-text-align-center\">We use hearing tests and methods developed specifically for children.<\/p>\n<\/div>\n\n\n\n<div class=\"wp-block-column is-layout-flow wp-block-column-is-layout-flow\">\n<h5 class=\"wp-block-heading has-text-align-center has-blue-color has-text-color\">Selecting hearing aids and accessories<\/h5>\n\n\n\n<p class=\"has-text-align-center\">Our experts will advise you on what types of hearing aids and accessories are most suitable for your child.<\/p>\n<\/div>\n<\/div>\n\n\n\n<div style=\"height:61px\" aria-hidden=\"true\" class=\"wp-block-spacer\"><\/div>\n\n\n\n<div class=\"wp-block-columns is-layout-flex wp-container-core-columns-is-layout-9d6595d7 wp-block-columns-is-layout-flex\">\n<div class=\"wp-block-column is-layout-flow wp-block-column-is-layout-flow\">\n<h5 class=\"wp-block-heading has-text-align-center has-blue-color has-text-color\">Advice on educational and financial assistance<\/h5>\n\n\n\n<p class=\"has-text-align-center\">We can offer guidance and advise on educational and financial assistance for hearing aids and accessories.<\/p>\n<\/div>\n\n\n\n<div class=\"wp-block-column is-layout-flow wp-block-column-is-layout-flow\">\n<h5 class=\"wp-block-heading has-text-align-center has-blue-color has-text-color\">Practical communication tips <br><\/h5>\n\n\n\n<p class=\"has-text-align-center\">Ask your hearing care professional for practical tips on how to improve your child\u2019s speech.<\/p>\n<\/div>\n\n\n\n<div class=\"wp-block-column is-layout-flow wp-block-column-is-layout-flow\">\n<h5 class=\"wp-block-heading has-text-align-center has-blue-color has-text-color\">Regular monitoring<br><\/h5>\n\n\n\n<p class=\"has-text-align-center\">Since children are continuously growing, it is important to do regular hearing checks. Your hearing care professional will tell you more.<\/p>\n<\/div>\n<\/div>\n\n\n\n<div style=\"height:71px\" aria-hidden=\"true\" class=\"wp-block-spacer\"><\/div>\n\n\n\n<div class=\"wp-block-group alignfull is-style-default has-light-grey-background-color has-background is-layout-flow wp-block-group-is-layout-flow\">\n\t<div class=\"wp-block-pho-product-selection \">\n\t\t<div class=\"grid-x grid-padding-x grid-padding-y\">\n\n\t\t\t\t\t\t\t<div class=\"cell\">\n\t\t\t\t\t<h2 class=\"text-center\">Discover pediatric hearing solutions<\/h2>\n\t\t\t\t<\/div>\n\t\t\t\t\n\t\t\t\t<div class=\"cell medium-6 large-4 flex-container\">\n\t\t\t\t\t\n<article id=\"post-34\" class=\"product-card post-34 pho_products type-pho_products status-publish has-post-thumbnail hentry pho_product_type-berni-un-pusaudzi pho_product_type-jauda pho_product_category-bernu-dzirdes-aparati pho_product_category-dzirdes-aparati pho_product_platforms-lumity\">\n\t\t<a class=\"flex-container flex-dir-column align-justify align-top\" href=\"https:\/\/intl.phonak.com\/lv-lv\/produkti\/phonak-sky-lumity\/\">\n\t\t<div class=\"product-card-content-wrapper\">\n\t\t\t\n\t\t\t\t<div class=\"product-image-wrapper\">\n\t\t\t\t\t<img loading=\"lazy\" decoding=\"async\" width=\"600\" height=\"600\" src=\"https:\/\/intl.phonak.com\/lv-lv\/wp-content\/uploads\/sites\/73\/2023\/10\/PH_Packshot_Love-Sky-L-Hook_M8-1.png?w=600\" class=\"attachment-post-thumbnail size-post-thumbnail wp-post-image\" alt=\"\" srcset=\"https:\/\/intl.phonak.com\/lv-lv\/wp-content\/uploads\/sites\/73\/2023\/10\/PH_Packshot_Love-Sky-L-Hook_M8-1.png 600w, https:\/\/intl.phonak.com\/lv-lv\/wp-content\/uploads\/sites\/73\/2023\/10\/PH_Packshot_Love-Sky-L-Hook_M8-1.png?resize=150,150 150w, https:\/\/intl.phonak.com\/lv-lv\/wp-content\/uploads\/sites\/73\/2023\/10\/PH_Packshot_Love-Sky-L-Hook_M8-1.png?resize=300,300 300w\" sizes=\"auto, (max-width: 600px) 100vw, 600px\" \/>\t\t\t\t<\/div>\n\n\t\t\t\t<h3 class=\"entry-title\">Phonak Sky\u2122 Lumity<\/h3><p>Pediatrijas opcija, apr\u012bkota ar jaun\u0101ko Lumity tehnolo\u0123iju. Pied\u0101v\u0101 pla\u0161u pediatrijas kr\u0101su kombin\u0101ciju kl\u0101stu, lai b\u0113rni var\u0113tu pie\u0146emt savu unikalit\u0101ti.<\/p>\n\t\t<\/div>\n\t\t<div class=\"wp-block-button\">\n\t\t\t<div class=\"wp-block-button__link\">Las\u012bt t\u0101l\u0101k<\/div>\n\t\t<\/div>\n\t<\/a>\n<\/article><!-- #post-34 -->\n\t\t\t\t<\/div>\n\n\t\t\t\t\n\t\t\t\t<div class=\"cell medium-6 large-4 flex-container\">\n\t\t\t\t\t\n<article id=\"post-112\" class=\"product-card post-112 pho_products type-pho_products status-publish has-post-thumbnail hentry pho_product_type-roger pho_product_category-roger-mikrofoni pho_product_platforms-roger\">\n\t\t<a class=\"flex-container flex-dir-column align-justify align-top\" href=\"https:\/\/intl.phonak.com\/lv-lv\/produkti\/roger-on\/\">\n\t\t<div class=\"product-card-content-wrapper\">\n\t\t\t\n\t\t\t\t<div class=\"product-image-wrapper\">\n\t\t\t\t\t<img loading=\"lazy\" decoding=\"async\" width=\"600\" height=\"600\" src=\"https:\/\/intl.phonak.com\/lv-lv\/wp-content\/uploads\/sites\/73\/2021\/11\/PH_Packshot_Roger_On_front_perspective_056-3010-P7.webp?w=600\" class=\"attachment-post-thumbnail size-post-thumbnail wp-post-image\" alt=\"\" srcset=\"https:\/\/intl.phonak.com\/lv-lv\/wp-content\/uploads\/sites\/73\/2021\/11\/PH_Packshot_Roger_On_front_perspective_056-3010-P7.webp 600w, https:\/\/intl.phonak.com\/lv-lv\/wp-content\/uploads\/sites\/73\/2021\/11\/PH_Packshot_Roger_On_front_perspective_056-3010-P7.webp?resize=150,150 150w, https:\/\/intl.phonak.com\/lv-lv\/wp-content\/uploads\/sites\/73\/2021\/11\/PH_Packshot_Roger_On_front_perspective_056-3010-P7.webp?resize=300,300 300w\" sizes=\"auto, (max-width: 600px) 100vw, 600px\" \/>\t\t\t\t<\/div>\n\n\t\t\t\t<h3 class=\"entry-title\">Roger On\u2122<\/h3><p>\u0160is daudzpus\u012bgais dzirdes apar\u0101ta mikrofons ir izstr\u0101d\u0101ts, lai padar\u012btu sarunas skaidr\u0101kas sare\u017e\u0123\u012bt\u0101s klaus\u012b\u0161an\u0101s situ\u0101cij\u0101s. Tas atpaz\u012bst, vai runa n\u0101k no kreis\u0101s vai lab\u0101s puses, un autom\u0101tiski p\u0101rsl\u0113dzas starp da\u017e\u0101diem mikrofona re\u017e\u012bmiem atkar\u012bb\u0101 no t\u0101, vai tas tiek izmantots uz galda, piestiprin\u0101ts pie ap\u0123\u0113rba vai tur\u0113ts rok\u0101. <\/p>\n\t\t<\/div>\n\t\t<div class=\"wp-block-button\">\n\t\t\t<div class=\"wp-block-button__link\">Las\u012bt t\u0101l\u0101k<\/div>\n\t\t<\/div>\n\t<\/a>\n<\/article><!-- #post-112 -->\n\t\t\t\t<\/div>\n\n\t\t\t\t\n\t\t\t\t<div class=\"cell medium-6 large-4 flex-container\">\n\t\t\t\t\t\n<article id=\"post-132\" class=\"product-card post-132 pho_products type-pho_products status-publish has-post-thumbnail hentry pho_product_type-berni-un-pusaudzi pho_product_type-roger pho_product_category-roger-mikrofoni pho_product_platforms-roger\">\n\t\t<a class=\"flex-container flex-dir-column align-justify align-top\" href=\"https:\/\/intl.phonak.com\/lv-lv\/produkti\/roger-touchscreen-mic\/\">\n\t\t<div class=\"product-card-content-wrapper\">\n\t\t\t\n\t\t\t\t<div class=\"product-image-wrapper\">\n\t\t\t\t\t<img loading=\"lazy\" decoding=\"async\" width=\"600\" height=\"600\" src=\"https:\/\/intl.phonak.com\/lv-lv\/wp-content\/uploads\/sites\/73\/2021\/11\/Packshot_Roger_Touchscreen_Mic_Standing_Perspective_052-3297-P5.png?w=600\" class=\"attachment-post-thumbnail size-post-thumbnail wp-post-image\" alt=\"\" srcset=\"https:\/\/intl.phonak.com\/lv-lv\/wp-content\/uploads\/sites\/73\/2021\/11\/Packshot_Roger_Touchscreen_Mic_Standing_Perspective_052-3297-P5.png 600w, https:\/\/intl.phonak.com\/lv-lv\/wp-content\/uploads\/sites\/73\/2021\/11\/Packshot_Roger_Touchscreen_Mic_Standing_Perspective_052-3297-P5.png?resize=150,150 150w, https:\/\/intl.phonak.com\/lv-lv\/wp-content\/uploads\/sites\/73\/2021\/11\/Packshot_Roger_Touchscreen_Mic_Standing_Perspective_052-3297-P5.png?resize=300,300 300w\" sizes=\"auto, (max-width: 600px) 100vw, 600px\" \/>\t\t\t\t<\/div>\n\n\t\t\t\t<h3 class=\"entry-title\">Roger Touchscreen Mic<\/h3><p>Vienk\u0101r\u0161s un intuit\u012bvs mikrofons, ko skolot\u0101js var n\u0113s\u0101t vai novietot uz galda, lai uztvertu runu no studentu grupas.<\/p>\n\t\t<\/div>\n\t\t<div class=\"wp-block-button\">\n\t\t\t<div class=\"wp-block-button__link\">Las\u012bt t\u0101l\u0101k<\/div>\n\t\t<\/div>\n\t<\/a>\n<\/article><!-- #post-132 -->\n\t\t\t\t<\/div>\n\n\t\t\t\t\n\t\t<\/div>\n\t<\/div>\n\n\t<\/div>\n\n\n\n<div style=\"height:100px\" aria-hidden=\"true\" class=\"wp-block-spacer\"><\/div>\n\n\n\n<div class=\"wp-block-media-text is-stacked-on-mobile cta-block\" style=\"grid-template-columns:35% auto\"><figure class=\"wp-block-media-text__media\"><img decoding=\"async\" src=\"https:\/\/intl.phonak.com\/main-english\/wp-content\/uploads\/sites\/3\/2021\/11\/cta-image.jpg?w=401\" alt=\"\" class=\"wp-image-6738 size-full\"\/><\/figure><div class=\"wp-block-media-text__content\">\n<div class=\"wp-block-create-block-icon-selector\"><i class=\"fal fa-map-marker-alt\"><\/i><\/div>   \n<h3 class=\"wp-block-heading\">Dzirdes eksperti j\u016bsu tuvum\u0101<\/h3>   <p>Dzirdes apr\u016bpes speci\u0101listi var pal\u012bdz\u0113t jums izdar\u012bt sev piem\u0113rot\u0101ko izv\u0113li. Vi\u0146i \u0146ems v\u0113r\u0101 j\u016bsu dzirdes vajadz\u012bbas, bud\u017eetu, dz\u012bvesveidu un individu\u0101l\u0101s dzirdes v\u0113lmes. <\/p>   <div class=\"wp-block-buttons is-layout-flex wp-block-buttons-is-layout-flex\">\n<div class=\"wp-block-button is-style-marker-green\"><a class=\"wp-block-button__link wp-element-button\" href=\"https:\/\/intl.phonak.com\/lv-lv\/atrodi-specialistu\/\">Atrast ekspertu<\/a><\/div>\n<\/div>\n<\/div><\/div> ","protected":false},"excerpt":{"rendered":"<p>A Phonak International Approved Pediatric Hearing Center is an international certification that is given to leading centers which fulfill the&#8230;<\/p>\n","protected":false},"author":14,"featured_media":0,"parent":0,"menu_order":0,"comment_status":"closed","ping_status":"closed","template":"","meta":{"_acf_changed":false,"inline_featured_image":false,"footnotes":""},"class_list":["post-349","page","type-page","status-publish","hentry"],"acf":[],"yoast_head":"<!-- This site is optimized with the Yoast SEO plugin v26.9 - https:\/\/yoast.com\/product\/yoast-seo-wordpress\/ -->\n<title>Pediatric Center - Phonak - Latvija<\/title>\n<meta name=\"robots\" content=\"index, follow, max-snippet:-1, max-image-preview:large, max-video-preview:-1\" \/>\n<link rel=\"canonical\" href=\"https:\/\/intl.phonak.com\/main-english\/pediatric-center\/\" \/>\n<meta property=\"og:locale\" content=\"lv_LV\" \/>\n<meta property=\"og:type\" content=\"article\" \/>\n<meta property=\"og:title\" content=\"Pediatric Center - Phonak - Latvija\" \/>\n<meta property=\"og:description\" content=\"A Phonak International Approved Pediatric Hearing Center is an international certification that is given to leading centers which fulfill the...\" \/>\n<meta property=\"og:url\" content=\"https:\/\/intl.phonak.com\/lv-lv\/pediatric-center\/\" \/>\n<meta property=\"og:site_name\" content=\"Phonak - Latvija\" \/>\n<meta property=\"article:modified_time\" content=\"2026-04-21T17:08:34+00:00\" \/>\n<meta property=\"og:image\" content=\"https:\/\/intl.phonak.com\/lv-lv\/wp-content\/uploads\/sites\/73\/2022\/03\/PH_Packshot_Audeo-I-Sphere-xReceiver_050-1029-P7_41a059.png\" \/>\n\t<meta property=\"og:image:width\" content=\"600\" \/>\n\t<meta property=\"og:image:height\" content=\"600\" \/>\n\t<meta property=\"og:image:type\" content=\"image\/png\" \/>\n<meta name=\"twitter:card\" content=\"summary_large_image\" \/>\n<meta name=\"twitter:label1\" content=\"Est. reading time\" \/>\n\t<meta name=\"twitter:data1\" content=\"3 minutes\" \/>\n<script type=\"application\/ld+json\" class=\"yoast-schema-graph\">{\"@context\":\"https:\/\/schema.org\",\"@graph\":[{\"@type\":\"WebPage\",\"@id\":\"https:\/\/intl.phonak.com\/lv-lv\/?page_id=349\",\"url\":\"https:\/\/intl.phonak.com\/lv-lv\/?page_id=349\",\"name\":\"Pediatric Center - Phonak - Latvija\",\"isPartOf\":{\"@id\":\"https:\/\/intl.phonak.com\/lv-lv\/#website\"},\"primaryImageOfPage\":{\"@id\":\"https:\/\/intl.phonak.com\/lv-lv\/?page_id=349#primaryimage\"},\"image\":{\"@id\":\"https:\/\/intl.phonak.com\/lv-lv\/?page_id=349#primaryimage\"},\"thumbnailUrl\":\"https:\/\/intl.phonak.com\/lv-lv\/wp-content\/uploads\/sites\/3\/2022\/03\/Banner-Ped-center.jpg\",\"datePublished\":\"2022-03-07T11:51:55+00:00\",\"dateModified\":\"2026-04-21T17:08:34+00:00\",\"breadcrumb\":{\"@id\":\"https:\/\/intl.phonak.com\/lv-lv\/?page_id=349#breadcrumb\"},\"inLanguage\":\"lv-LV\",\"potentialAction\":[{\"@type\":\"ReadAction\",\"target\":[\"https:\/\/intl.phonak.com\/lv-lv\/?page_id=349\"]}]},{\"@type\":\"ImageObject\",\"inLanguage\":\"lv-LV\",\"@id\":\"https:\/\/intl.phonak.com\/lv-lv\/?page_id=349#primaryimage\",\"url\":\"\",\"contentUrl\":\"\"},{\"@type\":\"BreadcrumbList\",\"@id\":\"https:\/\/intl.phonak.com\/lv-lv\/?page_id=349#breadcrumb\",\"itemListElement\":[{\"@type\":\"ListItem\",\"position\":1,\"name\":\"Home\",\"item\":\"https:\/\/intl.phonak.com\/lv-lv\/\"},{\"@type\":\"ListItem\",\"position\":2,\"name\":\"Pediatric Center\"}]},{\"@type\":\"WebSite\",\"@id\":\"https:\/\/intl.phonak.com\/lv-lv\/#website\",\"url\":\"https:\/\/intl.phonak.com\/lv-lv\/\",\"name\":\"Phonak - Latvija\",\"description\":\"Ap\u0146\u0113mu\u0161ies main\u012bt dz\u012bves\",\"publisher\":{\"@id\":\"https:\/\/intl.phonak.com\/lv-lv\/#organization\"},\"potentialAction\":[{\"@type\":\"SearchAction\",\"target\":{\"@type\":\"EntryPoint\",\"urlTemplate\":\"https:\/\/intl.phonak.com\/lv-lv\/?s={search_term_string}\"},\"query-input\":{\"@type\":\"PropertyValueSpecification\",\"valueRequired\":true,\"valueName\":\"search_term_string\"}}],\"inLanguage\":\"lv-LV\"},{\"@type\":\"Organization\",\"@id\":\"https:\/\/intl.phonak.com\/lv-lv\/#organization\",\"name\":\"Phonak - Latvija\",\"url\":\"https:\/\/intl.phonak.com\/lv-lv\/\",\"logo\":{\"@type\":\"ImageObject\",\"inLanguage\":\"lv-LV\",\"@id\":\"https:\/\/intl.phonak.com\/lv-lv\/#\/schema\/logo\/image\/\",\"url\":\"https:\/\/intl.phonak.com\/lv-lv\/wp-content\/uploads\/sites\/73\/2025\/07\/logo-phonak.svg\",\"contentUrl\":\"https:\/\/intl.phonak.com\/lv-lv\/wp-content\/uploads\/sites\/73\/2025\/07\/logo-phonak.svg\",\"caption\":\"Phonak - Latvija\"},\"image\":{\"@id\":\"https:\/\/intl.phonak.com\/lv-lv\/#\/schema\/logo\/image\/\"}}]}<\/script>\n<!-- \/ Yoast SEO plugin. -->","yoast_head_json":{"title":"Pediatric Center - Phonak - Latvija","robots":{"index":"index","follow":"follow","max-snippet":"max-snippet:-1","max-image-preview":"max-image-preview:large","max-video-preview":"max-video-preview:-1"},"canonical":"https:\/\/intl.phonak.com\/main-english\/pediatric-center\/","og_locale":"lv_LV","og_type":"article","og_title":"Pediatric Center - Phonak - Latvija","og_description":"A Phonak International Approved Pediatric Hearing Center is an international certification that is given to leading centers which fulfill the...","og_url":"https:\/\/intl.phonak.com\/lv-lv\/pediatric-center\/","og_site_name":"Phonak - Latvija","article_modified_time":"2026-04-21T17:08:34+00:00","og_image":[{"width":600,"height":600,"url":"https:\/\/intl.phonak.com\/lv-lv\/wp-content\/uploads\/sites\/73\/2022\/03\/PH_Packshot_Audeo-I-Sphere-xReceiver_050-1029-P7_41a059.png","type":"image\/png"}],"twitter_card":"summary_large_image","twitter_misc":{"Est. reading time":"3 minutes"},"schema":{"@context":"https:\/\/schema.org","@graph":[{"@type":"WebPage","@id":"https:\/\/intl.phonak.com\/lv-lv\/?page_id=349","url":"https:\/\/intl.phonak.com\/lv-lv\/?page_id=349","name":"Pediatric Center - Phonak - Latvija","isPartOf":{"@id":"https:\/\/intl.phonak.com\/lv-lv\/#website"},"primaryImageOfPage":{"@id":"https:\/\/intl.phonak.com\/lv-lv\/?page_id=349#primaryimage"},"image":{"@id":"https:\/\/intl.phonak.com\/lv-lv\/?page_id=349#primaryimage"},"thumbnailUrl":"https:\/\/intl.phonak.com\/lv-lv\/wp-content\/uploads\/sites\/3\/2022\/03\/Banner-Ped-center.jpg","datePublished":"2022-03-07T11:51:55+00:00","dateModified":"2026-04-21T17:08:34+00:00","breadcrumb":{"@id":"https:\/\/intl.phonak.com\/lv-lv\/?page_id=349#breadcrumb"},"inLanguage":"lv-LV","potentialAction":[{"@type":"ReadAction","target":["https:\/\/intl.phonak.com\/lv-lv\/?page_id=349"]}]},{"@type":"ImageObject","inLanguage":"lv-LV","@id":"https:\/\/intl.phonak.com\/lv-lv\/?page_id=349#primaryimage","url":"","contentUrl":""},{"@type":"BreadcrumbList","@id":"https:\/\/intl.phonak.com\/lv-lv\/?page_id=349#breadcrumb","itemListElement":[{"@type":"ListItem","position":1,"name":"Home","item":"https:\/\/intl.phonak.com\/lv-lv\/"},{"@type":"ListItem","position":2,"name":"Pediatric Center"}]},{"@type":"WebSite","@id":"https:\/\/intl.phonak.com\/lv-lv\/#website","url":"https:\/\/intl.phonak.com\/lv-lv\/","name":"Phonak - Latvija","description":"Ap\u0146\u0113mu\u0161ies main\u012bt dz\u012bves","publisher":{"@id":"https:\/\/intl.phonak.com\/lv-lv\/#organization"},"potentialAction":[{"@type":"SearchAction","target":{"@type":"EntryPoint","urlTemplate":"https:\/\/intl.phonak.com\/lv-lv\/?s={search_term_string}"},"query-input":{"@type":"PropertyValueSpecification","valueRequired":true,"valueName":"search_term_string"}}],"inLanguage":"lv-LV"},{"@type":"Organization","@id":"https:\/\/intl.phonak.com\/lv-lv\/#organization","name":"Phonak - Latvija","url":"https:\/\/intl.phonak.com\/lv-lv\/","logo":{"@type":"ImageObject","inLanguage":"lv-LV","@id":"https:\/\/intl.phonak.com\/lv-lv\/#\/schema\/logo\/image\/","url":"https:\/\/intl.phonak.com\/lv-lv\/wp-content\/uploads\/sites\/73\/2025\/07\/logo-phonak.svg","contentUrl":"https:\/\/intl.phonak.com\/lv-lv\/wp-content\/uploads\/sites\/73\/2025\/07\/logo-phonak.svg","caption":"Phonak - Latvija"},"image":{"@id":"https:\/\/intl.phonak.com\/lv-lv\/#\/schema\/logo\/image\/"}}]}},"jetpack_sharing_enabled":true,"distributor_meta":false,"distributor_terms":false,"distributor_media":false,"distributor_original_site_name":"Phonak - Latvija","distributor_original_site_url":"https:\/\/intl.phonak.com\/lv-lv","push-errors":false,"_links":{"self":[{"href":"https:\/\/intl.phonak.com\/lv-lv\/wp-json\/wp\/v2\/pages\/349","targetHints":{"allow":["GET"]}}],"collection":[{"href":"https:\/\/intl.phonak.com\/lv-lv\/wp-json\/wp\/v2\/pages"}],"about":[{"href":"https:\/\/intl.phonak.com\/lv-lv\/wp-json\/wp\/v2\/types\/page"}],"author":[{"embeddable":true,"href":"https:\/\/intl.phonak.com\/lv-lv\/wp-json\/wp\/v2\/users\/14"}],"replies":[{"embeddable":true,"href":"https:\/\/intl.phonak.com\/lv-lv\/wp-json\/wp\/v2\/comments?post=349"}],"version-history":[{"count":8,"href":"https:\/\/intl.phonak.com\/lv-lv\/wp-json\/wp\/v2\/pages\/349\/revisions"}],"predecessor-version":[{"id":1052,"href":"https:\/\/intl.phonak.com\/lv-lv\/wp-json\/wp\/v2\/pages\/349\/revisions\/1052"}],"wp:attachment":[{"href":"https:\/\/intl.phonak.com\/lv-lv\/wp-json\/wp\/v2\/media?parent=349"}],"curies":[{"name":"wp","href":"https:\/\/api.w.org\/{rel}","templated":true}]}}