{"id":334,"date":"2022-12-16T15:10:22","date_gmt":"2022-12-16T15:10:22","guid":{"rendered":"https:\/\/intl.phonak.com\/lv-lv\/privacy-notice\/"},"modified":"2025-10-13T12:19:26","modified_gmt":"2025-10-13T12:19:26","slug":"privacy-notice","status":"publish","type":"page","link":"https:\/\/intl.phonak.com\/lv-lv\/privacy-notice\/","title":{"rendered":"Priv\u0101tuma pazi\u0146ojums"},"content":{"rendered":" <p id=\"block-3110c4d0-6c3e-4d55-8d38-129cb027a120\">P\u0113d\u0113jo reizi atjaunin\u0101ts: 2022. gada apr\u012blis<\/p>   <p id=\"block-e56d30a9-ff57-4997-85c2-75b5ef2450eb\">\u0160is priv\u0101tuma pazi\u0146ojums apraksta, k\u0101 j\u016bsu personas dati, tostarp sensit\u012bvie dati, tiek v\u0101kti un apstr\u0101d\u0101ti, saist\u012bb\u0101 ar kontaktformu. \u0160aj\u0101 kontekst\u0101 \u0161is Priv\u0101tuma pazi\u0146ojums aptver j\u016bsu personas datu apstr\u0101di, kas tiek veikta, izmantojot veidlapu, kuru j\u016bs aizpild\u0101t<\/p>   <p id=\"block-a3df515b-e1a3-4d69-a8f9-fd6a5dfd602e\">J\u016bsu personas datu apstr\u0101de atbilst, atbilsto\u0161i j\u016bsu valstij, viet\u0113j\u0101m datu aizsardz\u012bbas pras\u012bb\u0101m, tostarp \u0160veices Feder\u0101lajam datu aizsardz\u012bbas likumam (&#8220;FDPA&#8221;), Eiropas Parlamenta un Padomes 2016. gada 27. apr\u012b\u013ca Regulai (ES) 2016\/679 (&#8220;GDPR&#8221;), un \/ vai, ja tas ir piem\u0113rojams, 1996. gada Vesel\u012bbas apdro\u0161in\u0101\u0161anas p\u0101rnesam\u012bbas un atbild\u012bbas likumam (&#8220;HIPAA&#8221;) attiec\u012bb\u0101 uz j\u016bsu personas datiem, kas kvalific\u0113ti k\u0101 aizsarg\u0101ta vesel\u012bbas inform\u0101cija.<\/p>   <p id=\"block-1d87e0d9-df83-49dd-aaa9-7ee608294736\">\u0160is priv\u0101tuma pazi\u0146ojums laiku pa laikam var tikt atjaunin\u0101ts. \u0160aj\u0101 gad\u012bjum\u0101 m\u0113s inform\u0113sim j\u016bs, ka \u0161is Priv\u0101tuma pazi\u0146ojums ir modific\u0113ts un &#8220;p\u0113d\u0113j\u0101s atjaunin\u0101\u0161anas&#8221; datums \u0161\u012b dokumenta aug\u0161pus\u0113 tiks main\u012bts. M\u0113s iesak\u0101m periodiski p\u0101rskat\u012bt \u0161\u012b Priv\u0101tuma pazi\u0146ojuma jaun\u0101ko versiju.<\/p>   <p id=\"block-96a81fc1-3995-437b-a025-3900acfc3713\"><strong>1. KAS M\u0112S ESAM<\/strong><\/p>   <p id=\"block-5ec04ce4-ca54-430d-8742-940907142fc8\">Sonova AG, Laubisr\u00fctistrasse 28, 8712 St\u00e4fa, \u0160veice (<a href=\"http:\/\/www.sonova.com\/\">www.sonova.com<\/a>), (&#8220;Sonova AG&#8221;) darbojas k\u0101 P\u0101rzinis apstr\u0101dei, kas uzskait\u012bta turpm\u0101kaj\u0101 sada\u013c\u0101.<\/p>   <p id=\"block-4bcd26ae-20ae-4ab9-adef-a0bcbd2a5eb2\"><strong>2. PERSONAS DATI, KO M\u0112S IEG\u016aSTAM NO JUMS UN K\u0100P\u0112C<\/strong><\/p>   <p id=\"block-5381e53f-4ece-4513-b300-72951215d601\">Sonova AG apstr\u0101d\u0101 j\u016bsu personas datus un\/vai personas datus, kuru j\u016bs p\u0101rst\u0101vat (kurus j\u016bs dal\u012bj\u0101ties ar mums p\u0113c tam, kad esat sa\u0146\u0113mu\u0161i vi\u0146u inform\u0113tu piekri\u0161anu), t.i.: tituls, v\u0101rds, uzv\u0101rds, e-pasts, t\u0113ma, zi\u0146ojums.&nbsp;<\/p>   <p id=\"block-9d6808e7-302c-45ea-9296-ebf9f8a2f24b\">Attiec\u012bb\u0101 uz zi\u0146ojumu, kuru j\u016bs gatavojaties iesniegt, l\u016bdzu, \u0146emiet v\u0113r\u0101, ka j\u016bsu ierakst\u012btais koment\u0101rs tiks p\u0101rs\u016bt\u012bts k\u0101 vienk\u0101r\u0161s teksts. Lai iev\u0113rotu datu aizsardz\u012bbas principu par datu minimiz\u0113\u0161anu, l\u016bdzu, ievadiet tikai nepiecie\u0161amo inform\u0101ciju, kas jums j\u0101izsaka attiec\u012bb\u0101 uz m\u0113r\u0137i, kuram r\u012bks ir paredz\u0113ts.&nbsp; L\u016bdzu, neievadiet vair\u0101k inform\u0101cijas nek\u0101 nepiecie\u0161ams vai nevajadz\u012bgu inform\u0101ciju par sevi vai citu personu, piem\u0113ram, par darbinieku vai klientu. \u0145emiet to v\u0113r\u0101 \u012bpa\u0161i tad, kad v\u0113laties ievad\u012bt \u012bpa\u0161as kategorijas\/ jut\u012bgus datus, kas ir jebkuri dati, kas atkl\u0101j rasu vai etnisko izcelsmi, politiskos uzskatus, reli\u0123iskos vai filozofiskos uzskatus, arodbiedr\u012bbu dal\u012bbu, \u0123en\u0113tiskos datus, biometriskos datus, datus par vesel\u012bbu, seksu\u0101lo dz\u012bvi vai seksu\u0101lo orient\u0101ciju.&#8221;<\/p>   <p id=\"block-6ef8b4dc-fbc7-4339-b081-42fdd5e72f92\">L\u016bdzu, \u0146emiet v\u0113r\u0101, ka iepriek\u0161 min\u0113tie personas dati tiek apstr\u0101d\u0101ti, lai nodro\u0161in\u0101tu, ka j\u016bs vai k\u0101ds, ko j\u016bs p\u0101rst\u0101vat, tiek pien\u0101c\u012bgi nov\u0113rt\u0113ts, lai risin\u0101tu j\u016bsu piepras\u012bjumu un sniegtu jums atbilsto\u0161u atbalstu un, ja nepiecie\u0161ams, ieteiktos produktus \/ pakalpojumus.<\/p>   <p id=\"block-d694b16d-bb1d-4f2a-ba31-dab1778385dc\">L\u016bdzu, \u0146emiet v\u0113r\u0101, ka \u0161is m\u0113r\u0137is ir nepiecie\u0161ams, lai izpild\u012btu j\u016bsu piepras\u012bjumu k\u0101 da\u013cu no l\u012bguma izpildes, lai sazin\u0101tos ar mums un m\u016bsu uzticamajiem izplat\u012bt\u0101jiem. \u0160aj\u0101 sakar\u0101, sniedzot savus kontaktinform\u0101ciju, ar jums sazin\u0101sies m\u016bsu tre\u0161\u0101 puse, kas darbojas m\u016bsu v\u0101rd\u0101, vair\u0101kas dienas p\u0113c tie\u0161saistes formas iesnieg\u0161anas. &nbsp;<\/p>   <p id=\"block-107ecf70-8699-4e51-9212-2b3c45c196d4\"><strong>3. K\u0100 M\u0112S DAL\u0100MIES AR J\u016aSU PERSONISKAJIEM DATIEM<\/strong><\/p>   <p id=\"block-bf3f85e8-d40b-4cdc-946e-cf7d14df10bd\">Izmantojot iepriek\u0161 min\u0113to pakalpojumu, j\u016bsu personas dati var tikt ierobe\u017eoti kop\u012bgoti ar m\u016bsu biznesa partneriem, piem\u0113ram, HCP, kas darbojas k\u0101 neatkar\u012bgi vai kop\u012bgi kontrolieri, sniedzot j\u016bsu piepras\u012bto pakalpojumu, sazinoties ar jums, lai atbild\u0113tu uz j\u016bsu piepras\u012bjumu; un \u0161\u0101di tre\u0161o pu\u0161u pakalpojumu sniedz\u0113ji, kas darbojas k\u0101 apstr\u0101d\u0101t\u0101ji:<\/p>  <div class=\"wp-list-block\"> <ul class=\"wp-block-list\" id=\"block-47a21154-6aea-47d7-b9de-279ba3c17e2d\">\n<li>Trew Knowledge: t\u012bmek\u013ca vietnes izstr\u0101d\u0101t\u0101js<\/li>   <li>WordPress VIP: satura p\u0101rvald\u012bbas sist\u0113ma\/t\u012bmek\u013ca vietnes platforma<\/li>   <li>Microsoft: p\u0101rvald\u012bt un uztur\u0113t m\u0101ko\u0146a infrastrukt\u016bru un sniegt tehnisko atbalstu.<\/li>\n<\/ul> <\/div>  <p id=\"block-d9424a7a-f94b-4d8a-8b17-41bc7dbc520a\">J\u016bsu person\u012bgie dati var tikt izpausti ar\u012b cit\u0101m uz\u0146\u0113mumu grupas uz\u0146\u0113mumiem, piem\u0113ram, m\u016bsu meitasuz\u0146\u0113mumiem, vai cit\u0101m organiz\u0101cij\u0101m un valsts iest\u0101d\u0113m, tostarp ties\u012bbaizsardz\u012bbas iest\u0101d\u0113m, k\u0101 to var piepras\u012bt likums.<\/p>   <p id=\"block-8145bbcd-69e8-40f0-9111-3a95298b2a8f\">Pirms m\u0113s izpau\u017eam jebk\u0101dus personas datus tre\u0161aj\u0101m pus\u0113m, kas nav min\u0113tas iepriek\u0161, m\u0113s skaidri l\u016bgsim j\u016bsu piekri\u0161anu. Tom\u0113r, ja mums ir juridisks pien\u0101kums izpaust personas datus bez j\u016bsu piekri\u0161anas, m\u0113s izpaud\u012bsim tikai tos personas datus, kas ir stingri nepiecie\u0161ami \u0161im nol\u016bkam, lai izpild\u012btu m\u016bsu juridisk\u0101s saist\u012bbas.<\/p>   <p id=\"block-e2ea32e7-a956-4300-9695-09d24ebba013\"><strong>4. STARPTAUTISK\u0100S PERSONAS DATU P\u0100RS\u016aT\u012a\u0160ANAS<\/strong><\/p>   <p id=\"block-72500bcf-8d04-47e8-b9d3-4df058b23228\">L\u016bdzu, \u0146emiet v\u0113r\u0101, ka da\u017ei no iepriek\u0161 min\u0113tajiem tre\u0161aj\u0101m pus\u0113m var atrasties \u0101rpus j\u016bsu valsts. T\u0101d\u0113j\u0101di j\u016bsu personas dati var tikt p\u0101rs\u016bt\u012bti uz valst\u012bm, kas nenodro\u0161ina t\u0101du pa\u0161u personas datu aizsardz\u012bbas l\u012bmeni k\u0101 j\u016bsu pa\u0161u valsts. \u0160\u0101dos gad\u012bjumos m\u0113s \u012bstenosim atbilsto\u0161us pas\u0101kumus, tostarp piem\u0113rotus organizatoriskus, tehniskus un juridiskus aizsardz\u012bbas l\u012bdzek\u013cus, lai p\u0101rvald\u012btu attiec\u012bgo p\u0101rs\u016bt\u012b\u0161anu un nodro\u0161in\u0101tu nepiecie\u0161amo aizsardz\u012bbas l\u012bmeni saska\u0146\u0101 ar piem\u0113rojamiem ties\u012bbu aktiem. &nbsp;<\/p>   <p id=\"block-533e1e30-9ef4-4e09-83f3-652b26c27011\"><strong>5. CIK ILGI M\u0112S SAGLAB\u0100JAM J\u016aSU PERSONAS DATUS<\/strong><\/p>   <p id=\"block-348682c7-3643-476c-a078-b6f347994d0c\">Personas dati tiek dz\u0113sti 3 m\u0113ne\u0161us p\u0113c m\u016bsu komerci\u0101l\u0101 kontakta beig\u0101m. Ja piem\u0113rojamie likumi vai citi noteikumi prasa ilg\u0101ku glab\u0101\u0161anas periodu, m\u0113s piem\u0113rosim ilg\u0101ku glab\u0101\u0161anas periodu, lai izpild\u012btu m\u016bsu juridisk\u0101s saist\u012bbas<\/p>   <p id=\"block-355074d9-2315-49f6-8b4f-bb2027139a72\">Turkl\u0101t j\u016bsu personas dati, ko apstr\u0101d\u0101 izplat\u012bt\u0101ji (tostarp HCP), tiks saglab\u0101ti saska\u0146\u0101 ar piem\u0113rojamiem likumiem. Lai ieg\u016btu vair\u0101k inform\u0101cijas par to konkr\u0113tiem saglab\u0101\u0161anas periodiem, l\u016bdzu, sazinieties ar savu HCP.<\/p>   <p id=\"block-af4238c1-82d9-4b87-950a-7ea13455900f\"><strong>6. J\u016aSU JURIDISK\u0100S TIES\u012aBAS<\/strong><\/p>   <p id=\"block-f63d6cd0-5a52-499d-9d2d-84666073602c\">Saska\u0146\u0101 ar piem\u0113rojamiem ties\u012bbu aktiem jums var b\u016bt ties\u012bbas piepras\u012bt piek\u013cuvi, labo\u0161anu, j\u016bsu personas datu dz\u0113\u0161anu vai apstr\u0101des ierobe\u017eo\u0161anu. Turkl\u0101t j\u016bs varat iebilst pret apstr\u0101di, piepras\u012bt datu p\u0101rnesam\u012bbu un jebkur\u0101 laik\u0101 atsaukt savu piekri\u0161anu. Atbilsto\u0161i j\u016bsu valstij, jums var b\u016bt citas ties\u012bbas, piem\u0113ram, sniegt nor\u0101d\u012bjumus par to, k\u0101 j\u016bsu personas dati b\u016btu j\u0101apstr\u0101d\u0101 p\u0113c n\u0101ves. Saska\u0146\u0101 ar HIPAA jums var b\u016bt ar\u012b ties\u012bbas piepras\u012bt j\u016bsu personisko datu izpau\u0161anas uzskaiti un ties\u012bbas sa\u0146emt \u0161\u012b pazi\u0146ojuma pap\u012bra kopiju p\u0113c rakstiska piepras\u012bjuma.<\/p>   <p id=\"block-040fd872-a10c-401e-9d23-e9925f35b59a\">J\u016bs varat izmantot savas ties\u012bbas iebilst pret turpm\u0101ku sazi\u0146u, inform\u0113jot m\u016bs jebkur\u0101 laik\u0101 zvana laik\u0101, izmantojot m\u016bsu &#8220;atteik\u0161an\u0101s saiti&#8221;, kas iek\u013cauta m\u016bsu e-past\u0101, vai sazinoties ar mums at&nbsp;<a href=\"mailto:privacy@sonova.com\">privacy@sonova.com<\/a>. P\u0113c valid\u0101cijas j\u016bsu sniegtie personas dati tiks dz\u0113sti no kontaktu sarakstiem, ko izmanto Sonova fili\u0101les un tre\u0161\u0101s puses.<\/p>   <p id=\"block-e17f8407-1be6-4178-b813-3435b39b5d41\">L\u016bdzu, \u0146emiet v\u0113r\u0101, ka \u0161\u0101du ties\u012bbu izmanto\u0161ana ir pak\u013cauta piem\u0113rojam\u0101 likuma noteiktajiem ierobe\u017eojumiem.<\/p>   <p id=\"block-94f85d78-fad6-479b-8e63-5dc84d7183e2\">Ja uzskat\u0101t, ka j\u016bsu personas datu apstr\u0101de p\u0101rk\u0101pj piem\u0113rojamos ties\u012bbu aktus, tad j\u016bs varat ar\u012b iesniegt s\u016bdz\u012bbu viet\u0113jai uzraudz\u012bbas iest\u0101dei vai kompetentajam regulatoram.&nbsp;<\/p>   <p id=\"block-6e3d22c7-d924-4d86-a9d5-248990bfa7da\"><strong>7. K\u0100 SAZIN\u0100TIES AR MUMS<\/strong><\/p>   <p id=\"block-0199cf36-d52c-4ccd-bd03-5b4ad64ab128\">Ja rodas jaut\u0101jumi par \u0161o Priv\u0101tuma pazi\u0146ojumu vai j\u016bsu Personas datu apstr\u0101di, l\u016bdzu, sazinieties ar m\u016bsu Datu priv\u0101tuma komandu pa\u00a0<a href=\"mailto:privacy@sonova.com\">privacy@sonova.com<\/a>\u00a0vai +41 58 928 01 01.<br><br>P\u0113d\u0113jo reizi atjaunin\u0101ts: 2022. gada apr\u012blis<\/p> ","protected":false},"excerpt":{"rendered":"<p>P\u0113d\u0113jo reizi atjaunin\u0101ts: 2022. gada apr\u012blis \u0160is priv\u0101tuma pazi\u0146ojums apraksta, k\u0101 j\u016bsu personas dati, tostarp sensit\u012bvie dati, tiek v\u0101kti un&#8230;<\/p>\n","protected":false},"author":4,"featured_media":335,"parent":0,"menu_order":0,"comment_status":"closed","ping_status":"closed","template":"","meta":{"_acf_changed":false,"inline_featured_image":false,"footnotes":""},"class_list":["post-334","page","type-page","status-publish","has-post-thumbnail","hentry"],"acf":[],"yoast_head":"<!-- This site is optimized with the Yoast SEO plugin v26.9 - https:\/\/yoast.com\/product\/yoast-seo-wordpress\/ -->\n<title>Priv\u0101tuma pazi\u0146ojums - Phonak - Latvija<\/title>\n<meta name=\"robots\" content=\"index, follow, max-snippet:-1, max-image-preview:large, max-video-preview:-1\" \/>\n<link rel=\"canonical\" href=\"https:\/\/intl.phonak.com\/main-english\/privacy-notice\/\" \/>\n<meta property=\"og:locale\" content=\"lv_LV\" \/>\n<meta property=\"og:type\" content=\"article\" \/>\n<meta property=\"og:title\" content=\"Priv\u0101tuma pazi\u0146ojums - Phonak - Latvija\" \/>\n<meta property=\"og:description\" content=\"P\u0113d\u0113jo reizi atjaunin\u0101ts: 2022. gada apr\u012blis \u0160is priv\u0101tuma pazi\u0146ojums apraksta, k\u0101 j\u016bsu personas dati, tostarp sensit\u012bvie dati, tiek v\u0101kti un...\" \/>\n<meta property=\"og:url\" content=\"https:\/\/intl.phonak.com\/lv-lv\/privacy-notice\/\" \/>\n<meta property=\"og:site_name\" content=\"Phonak - Latvija\" \/>\n<meta property=\"article:modified_time\" content=\"2025-10-13T12:19:26+00:00\" \/>\n<meta property=\"og:image\" content=\"https:\/\/intl.phonak.com\/lv-lv\/wp-content\/uploads\/sites\/73\/2025\/07\/PH_Packshot_Audeo-I-Sphere-xReceiver_050-1029-P7_ddec4a.png\" \/>\n\t<meta property=\"og:image:width\" content=\"600\" \/>\n\t<meta property=\"og:image:height\" content=\"600\" \/>\n\t<meta property=\"og:image:type\" content=\"image\/png\" \/>\n<meta name=\"twitter:card\" content=\"summary_large_image\" \/>\n<meta name=\"twitter:label1\" content=\"Est. reading time\" \/>\n\t<meta name=\"twitter:data1\" content=\"6 minutes\" \/>\n<script type=\"application\/ld+json\" class=\"yoast-schema-graph\">{\"@context\":\"https:\/\/schema.org\",\"@graph\":[{\"@type\":\"WebPage\",\"@id\":\"https:\/\/intl.phonak.com\/lv-lv\/privacy-notice\/\",\"url\":\"https:\/\/intl.phonak.com\/lv-lv\/privacy-notice\/\",\"name\":\"Priv\u0101tuma pazi\u0146ojums - Phonak - Latvija\",\"isPartOf\":{\"@id\":\"https:\/\/intl.phonak.com\/lv-lv\/#website\"},\"primaryImageOfPage\":{\"@id\":\"https:\/\/intl.phonak.com\/lv-lv\/privacy-notice\/#primaryimage\"},\"image\":{\"@id\":\"https:\/\/intl.phonak.com\/lv-lv\/privacy-notice\/#primaryimage\"},\"thumbnailUrl\":\"https:\/\/intl.phonak.com\/lv-lv\/wp-content\/uploads\/sites\/73\/2025\/07\/PH_Packshot_Audeo-I-Sphere-xReceiver_050-1029-P7_ddec4a.png\",\"datePublished\":\"2022-12-16T15:10:22+00:00\",\"dateModified\":\"2025-10-13T12:19:26+00:00\",\"breadcrumb\":{\"@id\":\"https:\/\/intl.phonak.com\/lv-lv\/privacy-notice\/#breadcrumb\"},\"inLanguage\":\"lv-LV\",\"potentialAction\":[{\"@type\":\"ReadAction\",\"target\":[\"https:\/\/intl.phonak.com\/lv-lv\/privacy-notice\/\"]}]},{\"@type\":\"ImageObject\",\"inLanguage\":\"lv-LV\",\"@id\":\"https:\/\/intl.phonak.com\/lv-lv\/privacy-notice\/#primaryimage\",\"url\":\"https:\/\/intl.phonak.com\/lv-lv\/wp-content\/uploads\/sites\/73\/2025\/07\/PH_Packshot_Audeo-I-Sphere-xReceiver_050-1029-P7_ddec4a.png\",\"contentUrl\":\"https:\/\/intl.phonak.com\/lv-lv\/wp-content\/uploads\/sites\/73\/2025\/07\/PH_Packshot_Audeo-I-Sphere-xReceiver_050-1029-P7_ddec4a.png\",\"width\":600,\"height\":600,\"caption\":\"Phonak Aud\u00e9o Sphere Infinio\"},{\"@type\":\"BreadcrumbList\",\"@id\":\"https:\/\/intl.phonak.com\/lv-lv\/privacy-notice\/#breadcrumb\",\"itemListElement\":[{\"@type\":\"ListItem\",\"position\":1,\"name\":\"Home\",\"item\":\"https:\/\/intl.phonak.com\/lv-lv\/\"},{\"@type\":\"ListItem\",\"position\":2,\"name\":\"Privacy Notice\"}]},{\"@type\":\"WebSite\",\"@id\":\"https:\/\/intl.phonak.com\/lv-lv\/#website\",\"url\":\"https:\/\/intl.phonak.com\/lv-lv\/\",\"name\":\"Phonak - Latvija\",\"description\":\"Ap\u0146\u0113mu\u0161ies main\u012bt dz\u012bves\",\"publisher\":{\"@id\":\"https:\/\/intl.phonak.com\/lv-lv\/#organization\"},\"potentialAction\":[{\"@type\":\"SearchAction\",\"target\":{\"@type\":\"EntryPoint\",\"urlTemplate\":\"https:\/\/intl.phonak.com\/lv-lv\/?s={search_term_string}\"},\"query-input\":{\"@type\":\"PropertyValueSpecification\",\"valueRequired\":true,\"valueName\":\"search_term_string\"}}],\"inLanguage\":\"lv-LV\"},{\"@type\":\"Organization\",\"@id\":\"https:\/\/intl.phonak.com\/lv-lv\/#organization\",\"name\":\"Phonak - Latvija\",\"url\":\"https:\/\/intl.phonak.com\/lv-lv\/\",\"logo\":{\"@type\":\"ImageObject\",\"inLanguage\":\"lv-LV\",\"@id\":\"https:\/\/intl.phonak.com\/lv-lv\/#\/schema\/logo\/image\/\",\"url\":\"https:\/\/intl.phonak.com\/lv-lv\/wp-content\/uploads\/sites\/73\/2025\/07\/logo-phonak.svg\",\"contentUrl\":\"https:\/\/intl.phonak.com\/lv-lv\/wp-content\/uploads\/sites\/73\/2025\/07\/logo-phonak.svg\",\"caption\":\"Phonak - Latvija\"},\"image\":{\"@id\":\"https:\/\/intl.phonak.com\/lv-lv\/#\/schema\/logo\/image\/\"}}]}<\/script>\n<!-- \/ Yoast SEO plugin. -->","yoast_head_json":{"title":"Priv\u0101tuma pazi\u0146ojums - Phonak - Latvija","robots":{"index":"index","follow":"follow","max-snippet":"max-snippet:-1","max-image-preview":"max-image-preview:large","max-video-preview":"max-video-preview:-1"},"canonical":"https:\/\/intl.phonak.com\/main-english\/privacy-notice\/","og_locale":"lv_LV","og_type":"article","og_title":"Priv\u0101tuma pazi\u0146ojums - Phonak - Latvija","og_description":"P\u0113d\u0113jo reizi atjaunin\u0101ts: 2022. gada apr\u012blis \u0160is priv\u0101tuma pazi\u0146ojums apraksta, k\u0101 j\u016bsu personas dati, tostarp sensit\u012bvie dati, tiek v\u0101kti un...","og_url":"https:\/\/intl.phonak.com\/lv-lv\/privacy-notice\/","og_site_name":"Phonak - Latvija","article_modified_time":"2025-10-13T12:19:26+00:00","og_image":[{"width":600,"height":600,"url":"https:\/\/intl.phonak.com\/lv-lv\/wp-content\/uploads\/sites\/73\/2025\/07\/PH_Packshot_Audeo-I-Sphere-xReceiver_050-1029-P7_ddec4a.png","type":"image\/png"}],"twitter_card":"summary_large_image","twitter_misc":{"Est. reading time":"6 minutes"},"schema":{"@context":"https:\/\/schema.org","@graph":[{"@type":"WebPage","@id":"https:\/\/intl.phonak.com\/lv-lv\/privacy-notice\/","url":"https:\/\/intl.phonak.com\/lv-lv\/privacy-notice\/","name":"Priv\u0101tuma pazi\u0146ojums - Phonak - Latvija","isPartOf":{"@id":"https:\/\/intl.phonak.com\/lv-lv\/#website"},"primaryImageOfPage":{"@id":"https:\/\/intl.phonak.com\/lv-lv\/privacy-notice\/#primaryimage"},"image":{"@id":"https:\/\/intl.phonak.com\/lv-lv\/privacy-notice\/#primaryimage"},"thumbnailUrl":"https:\/\/intl.phonak.com\/lv-lv\/wp-content\/uploads\/sites\/73\/2025\/07\/PH_Packshot_Audeo-I-Sphere-xReceiver_050-1029-P7_ddec4a.png","datePublished":"2022-12-16T15:10:22+00:00","dateModified":"2025-10-13T12:19:26+00:00","breadcrumb":{"@id":"https:\/\/intl.phonak.com\/lv-lv\/privacy-notice\/#breadcrumb"},"inLanguage":"lv-LV","potentialAction":[{"@type":"ReadAction","target":["https:\/\/intl.phonak.com\/lv-lv\/privacy-notice\/"]}]},{"@type":"ImageObject","inLanguage":"lv-LV","@id":"https:\/\/intl.phonak.com\/lv-lv\/privacy-notice\/#primaryimage","url":"https:\/\/intl.phonak.com\/lv-lv\/wp-content\/uploads\/sites\/73\/2025\/07\/PH_Packshot_Audeo-I-Sphere-xReceiver_050-1029-P7_ddec4a.png","contentUrl":"https:\/\/intl.phonak.com\/lv-lv\/wp-content\/uploads\/sites\/73\/2025\/07\/PH_Packshot_Audeo-I-Sphere-xReceiver_050-1029-P7_ddec4a.png","width":600,"height":600,"caption":"Phonak Aud\u00e9o Sphere Infinio"},{"@type":"BreadcrumbList","@id":"https:\/\/intl.phonak.com\/lv-lv\/privacy-notice\/#breadcrumb","itemListElement":[{"@type":"ListItem","position":1,"name":"Home","item":"https:\/\/intl.phonak.com\/lv-lv\/"},{"@type":"ListItem","position":2,"name":"Privacy Notice"}]},{"@type":"WebSite","@id":"https:\/\/intl.phonak.com\/lv-lv\/#website","url":"https:\/\/intl.phonak.com\/lv-lv\/","name":"Phonak - Latvija","description":"Ap\u0146\u0113mu\u0161ies main\u012bt dz\u012bves","publisher":{"@id":"https:\/\/intl.phonak.com\/lv-lv\/#organization"},"potentialAction":[{"@type":"SearchAction","target":{"@type":"EntryPoint","urlTemplate":"https:\/\/intl.phonak.com\/lv-lv\/?s={search_term_string}"},"query-input":{"@type":"PropertyValueSpecification","valueRequired":true,"valueName":"search_term_string"}}],"inLanguage":"lv-LV"},{"@type":"Organization","@id":"https:\/\/intl.phonak.com\/lv-lv\/#organization","name":"Phonak - Latvija","url":"https:\/\/intl.phonak.com\/lv-lv\/","logo":{"@type":"ImageObject","inLanguage":"lv-LV","@id":"https:\/\/intl.phonak.com\/lv-lv\/#\/schema\/logo\/image\/","url":"https:\/\/intl.phonak.com\/lv-lv\/wp-content\/uploads\/sites\/73\/2025\/07\/logo-phonak.svg","contentUrl":"https:\/\/intl.phonak.com\/lv-lv\/wp-content\/uploads\/sites\/73\/2025\/07\/logo-phonak.svg","caption":"Phonak - Latvija"},"image":{"@id":"https:\/\/intl.phonak.com\/lv-lv\/#\/schema\/logo\/image\/"}}]}},"jetpack_sharing_enabled":true,"distributor_meta":false,"distributor_terms":false,"distributor_media":false,"distributor_original_site_name":"Phonak - Latvija","distributor_original_site_url":"https:\/\/intl.phonak.com\/lv-lv","push-errors":false,"_links":{"self":[{"href":"https:\/\/intl.phonak.com\/lv-lv\/wp-json\/wp\/v2\/pages\/334","targetHints":{"allow":["GET"]}}],"collection":[{"href":"https:\/\/intl.phonak.com\/lv-lv\/wp-json\/wp\/v2\/pages"}],"about":[{"href":"https:\/\/intl.phonak.com\/lv-lv\/wp-json\/wp\/v2\/types\/page"}],"author":[{"embeddable":true,"href":"https:\/\/intl.phonak.com\/lv-lv\/wp-json\/wp\/v2\/users\/4"}],"replies":[{"embeddable":true,"href":"https:\/\/intl.phonak.com\/lv-lv\/wp-json\/wp\/v2\/comments?post=334"}],"version-history":[{"count":2,"href":"https:\/\/intl.phonak.com\/lv-lv\/wp-json\/wp\/v2\/pages\/334\/revisions"}],"predecessor-version":[{"id":776,"href":"https:\/\/intl.phonak.com\/lv-lv\/wp-json\/wp\/v2\/pages\/334\/revisions\/776"}],"wp:featuredmedia":[{"embeddable":true,"href":"https:\/\/intl.phonak.com\/lv-lv\/wp-json\/wp\/v2\/media\/335"}],"wp:attachment":[{"href":"https:\/\/intl.phonak.com\/lv-lv\/wp-json\/wp\/v2\/media?parent=334"}],"curies":[{"name":"wp","href":"https:\/\/api.w.org\/{rel}","templated":true}]}}