{"id":331,"date":"2022-12-16T15:11:36","date_gmt":"2022-12-16T15:11:36","guid":{"rendered":"https:\/\/intl.phonak.com\/lv-lv\/cookie-privacy-notice\/"},"modified":"2025-10-13T12:26:26","modified_gmt":"2025-10-13T12:26:26","slug":"cookie-privacy-notice","status":"publish","type":"page","link":"https:\/\/intl.phonak.com\/lv-lv\/cookie-privacy-notice\/","title":{"rendered":"S\u012bkfailu priv\u0101tuma pazi\u0146ojums"},"content":{"rendered":"\n<div class=\"wp-block-group is-style-align-small is-layout-flow wp-block-group-is-layout-flow\">\n<p>Sp\u0113k\u0101 no: 2025. gada janv\u0101ra<\/p>   <p><strong>A. KAS IR S\u012aKFAILI UN CITI IZSEKO\u0160ANAS R\u012aKI?<\/strong><\/p>   <p>S\u012bkdatnes ir mazi faili, kurus glab\u0101 liel\u0101k\u0101 da\u013ca interneta p\u0101rl\u016bkprogrammu, lai izsekotu apmekl\u0113t\u0101ju inform\u0101ciju un \u013cautu Sonova padar\u012bt savu t\u012bmek\u013ca pied\u0101v\u0101jumu jums atbilsto\u0161\u0101ku. Apmekl\u0113jot m\u016bsu vietni, Sonova izmanto \u010detru veidu s\u012bkfailus. To saglab\u0101\u0161anas periods ir atkar\u012bgs no katras valsts un attiec\u012bgajiem piem\u0113rojamajiem likumiem.<\/p>   <p><strong>A.2 K\u0100DAS S\u012aKDATNES M\u0112S IZMANTOJAM UN K\u0100P\u0112C?<\/strong><\/p>  <div class=\"wp-list-block\"> <ul class=\"wp-block-list\">\n<li> Stingri nepiecie\u0161am\u0101s s\u012bkdatnes: \u0161\u012bs s\u012bkdatnes ir nepiecie\u0161amas, lai m\u0113s var\u0113tu nodro\u0161in\u0101t jums pamata funkcionalit\u0101ti m\u016bsu vietn\u0113, un t\u0101s nevar izsl\u0113gt m\u016bsu sist\u0113m\u0101s.<\/li>   <li>Veiktsp\u0113jas un anal\u012btisk\u0101s s\u012bkdatnes: \u0161\u012bs s\u012bkdatnes \u013cauj mums saskait\u012bt apmekl\u0113jumus un datpl\u016bsmas avotus, lai izm\u0113r\u012btu un uzlabotu m\u016bsu vietnes veiktsp\u0113ju.<\/li>   <li>Funkcion\u0101l\u0101s s\u012bkdatnes: \u0161\u012bs s\u012bkdatnes tiek izmantotas, lai nodro\u0161in\u0101tu uzlabotu funkcionalit\u0101ti un personaliz\u0101ciju j\u016bsu apmekl\u0113juma laik\u0101.<\/li>   <li>M\u0113r\u0137\u0113\u0161anas vai rekl\u0101mas s\u012bkdatnes: \u0161\u012bs s\u012bkdatnes var tikt iestat\u012btas m\u016bsu vietn\u0113 m\u016bsu rekl\u0101mas partneru, lai izveidotu j\u016bsu intere\u0161u profilu un pied\u0101v\u0101tu jums atbilsto\u0161as rekl\u0101mas.<\/li>\n<\/ul> <\/div>  <p>Da\u017eas no s\u012bkdatn\u0113m, ko izmanto m\u016bsu t\u012bmek\u013ca vietnes, ir iestat\u012btas no m\u016bsu puses, un da\u017eas ir iestat\u012btas tre\u0161aj\u0101m pus\u0113m Sonova v\u0101rd\u0101. L\u016bdzu, atrodiet zem\u0101k visu s\u012bkfailu un citu izseko\u0161anas r\u012bku sarakstu, ko izmanto \u0161\u012b vietne:<\/p>   \n<figure class=\"wp-block-table has-legal-font-size\"><table><tbody><tr><td><strong>Resursdators<\/strong><\/td><td class=\"has-text-align-left\" data-align=\"left\"><strong>S\u012bkdatnes vai citi izseko\u0161anas r\u012bki<\/strong><\/td><td><strong>Kategorija<\/strong><\/td><td><strong>Dz\u012bves ilgums<\/strong><\/td><td><strong>Tre\u0161\u0101s vai pa\u0161u s\u012bkdatnes<\/strong><\/td><\/tr><tr><td>intl.phonak.com<\/td><td class=\"has-text-align-left\" data-align=\"left\">wordpressuser_XXXXXXXXXXXXXXXXXXXXXXXXXXXXX, OptanonConsent, wordpress_test_cookie, wordpress_XXXXXXXXXXXXXXXXXXXXXXXXXXXX, wordpress_logged_in_XXXXXXXXXXXXXXXXXXXXXXXXXXX, jetpack_sso_original_request, wp-postpass_XXXXXXXXXXXXXXXXXXXXXXXXXXXX, wp-settings-, wordpress_sec_, jetpack_sso_redirect_to, wordpresspass_XXXXXXXXXXXXXXXXXXXXXXXXXXXX, OptanonAlertBoxClosed, wp-settings-time-X<\/td><td><\/td><td><\/td><td><\/td><\/tr><tr><td>phonak.com<\/td><td class=\"has-text-align-left\" data-align=\"left\">_ga_xxxxxxxxxx, _ga<\/td><td>Veiktsp\u0113jas s\u012bkfaili<\/td><td>1 gads<\/td><td>Pirm\u0101 puse<\/td><\/tr><\/tbody><\/table><\/figure>   <p><br><strong>A.3 K\u0100 P\u0100RVALD\u012aT S\u012aKFAILUS?<\/strong><\/p>   <p>Katrs s\u012bkfailu veids atspogu\u013co konkr\u0113tu m\u0113r\u0137i, m\u016bsu vietn\u0113 j\u016bs varat viegli piekrist katram m\u0113r\u0137im atsevi\u0161\u0137i. Pie\u0146emot visas s\u012bkdatnes, jums b\u016bs piln\u012bb\u0101 personaliz\u0113ta t\u012bmek\u013ca pieredze. M\u0113s \u013caujam jums izv\u0113l\u0113ties, kurus s\u012bkfailu veidus j\u016bs pie\u0146emat vai blo\u0137\u0113jat, ta\u010du tas var ietekm\u0113t j\u016bsu pieredzi t\u012bmek\u013ca vietn\u0113 un m\u016bsu pied\u0101v\u0101tos pakalpojumus. Tom\u0113r j\u016bs varat izmantot pakalpojumu pat atteikuma gad\u012bjum\u0101 piekrist da\u017eiem s\u012bkfailiem, iz\u0146emot stingri nepiecie\u0161amos s\u012bkfailus.<br><br>Lai atsauktu vai main\u012btu savu piekri\u0161anu, noklik\u0161\u0137iniet \u0161eit.<\/p>   <p>Ja j\u016bs neinteres\u0113 m\u016bsu S\u012bkdat\u0146u priek\u0161roc\u012bbas, j\u016bsu p\u0101rl\u016bkprogrammas funkcija &#8220;Pal\u012bdz\u012bba&#8221; var sniegt instrukcijas, k\u0101 nov\u0113rst S\u012bkdatnes vai izdz\u0113st eso\u0161\u0101s S\u012bkdatnes. Turkl\u0101t j\u016bs varat uzzin\u0101t, k\u0101 blo\u0137\u0113t visas jaunas s\u012bkdatnes sav\u0101 p\u0101rl\u016bkprogramm\u0101 un k\u0101di konfigur\u0101cijas so\u013ci ir nepiecie\u0161ami, lai sa\u0146emtu pazi\u0146ojumu par jaun\u0101m s\u012bkdatn\u0113m.<br><br>Jebkur\u0101 gad\u012bjum\u0101 j\u016bsu izv\u0113le (piekri\u0161ana\/atteikums) tiks saglab\u0101ta 6 m\u0113ne\u0161us. <br><br>\u013boti noder\u012bgu inform\u0101ciju par s\u012bkdatn\u0113m visp\u0101r\u012bgi var atrast \u0161aj\u0101s vietn\u0113s: <a href=\"http:\/\/www.allaboutcookies.org\/\" target=\"_blank\" rel=\"noreferrer noopener\">http:\/\/www.allaboutcookies.org\/<\/a> vai <a href=\"https:\/\/cookiepedia.co.uk\" target=\"_blank\" rel=\"noreferrer noopener\">https:\/\/cookiepedia.co.uk<\/a><\/p>   <p><strong>A.4 K\u0100 SAZIN\u0100TIES AR MUMS?<\/strong><\/p>   <p>Jebkuru jaut\u0101jumu, koment\u0101ru vai ba\u017eu gad\u012bjum\u0101 par \u0161o politiku vai lai izmantotu savas priv\u0101tuma ties\u012bbas, ko at\u013cauj piem\u0113rojamie likumi saist\u012bb\u0101 ar personas datiem, l\u016bdzu, sazinieties ar m\u016bsu datu aizsardz\u012bbas speci\u0101listu, izmantojot \u0161\u0101du e-pasta adresi: <a href=\"mailto:privacy@sonova.com\">privacy@sonova.com<\/a>.<br>Lai ieg\u016btu papildinform\u0101ciju, l\u016bdzu, konsult\u0113jieties ar m\u016bsu <a href=\"https:\/\/intl.phonak.com\/lv-lv\/web-privacy-cookie-policy\/\">t\u012bmek\u013ca un s\u012bkdat\u0146u politika<\/a>.<\/p>   <p>Sp\u0113k\u0101 no: 2025. gada janv\u0101ra<\/p>\n<\/div> ","protected":false},"excerpt":{"rendered":"<p>Sp\u0113k\u0101 no: 2025. gada janv\u0101ra A. KAS IR S\u012aKFAILI UN CITI IZSEKO\u0160ANAS R\u012aKI? S\u012bkdatnes ir mazi faili, kurus glab\u0101 liel\u0101k\u0101&#8230;<\/p>\n","protected":false},"author":4,"featured_media":332,"parent":0,"menu_order":0,"comment_status":"closed","ping_status":"closed","template":"","meta":{"_acf_changed":false,"inline_featured_image":false,"footnotes":""},"class_list":["post-331","page","type-page","status-publish","has-post-thumbnail","hentry"],"acf":[],"yoast_head":"<!-- This site is optimized with the Yoast SEO plugin v26.9 - https:\/\/yoast.com\/product\/yoast-seo-wordpress\/ -->\n<title>S\u012bkfailu priv\u0101tuma pazi\u0146ojums - Phonak - Latvija<\/title>\n<meta name=\"robots\" content=\"index, follow, max-snippet:-1, max-image-preview:large, max-video-preview:-1\" \/>\n<link rel=\"canonical\" href=\"https:\/\/intl.phonak.com\/main-english\/cookie-privacy-notice\/\" \/>\n<meta property=\"og:locale\" content=\"lv_LV\" \/>\n<meta property=\"og:type\" content=\"article\" \/>\n<meta property=\"og:title\" content=\"S\u012bkfailu priv\u0101tuma pazi\u0146ojums - Phonak - Latvija\" \/>\n<meta property=\"og:description\" content=\"Sp\u0113k\u0101 no: 2025. gada janv\u0101ra A. KAS IR S\u012aKFAILI UN CITI IZSEKO\u0160ANAS R\u012aKI? S\u012bkdatnes ir mazi faili, kurus glab\u0101 liel\u0101k\u0101...\" \/>\n<meta property=\"og:url\" content=\"https:\/\/intl.phonak.com\/lv-lv\/cookie-privacy-notice\/\" \/>\n<meta property=\"og:site_name\" content=\"Phonak - Latvija\" \/>\n<meta property=\"article:modified_time\" content=\"2025-10-13T12:26:26+00:00\" \/>\n<meta property=\"og:image\" content=\"https:\/\/intl.phonak.com\/lv-lv\/wp-content\/uploads\/sites\/73\/2025\/07\/PH_Packshot_Audeo-I-Sphere-xReceiver_050-1029-P7_06db0a.png\" \/>\n\t<meta property=\"og:image:width\" content=\"600\" \/>\n\t<meta property=\"og:image:height\" content=\"600\" \/>\n\t<meta property=\"og:image:type\" content=\"image\/png\" \/>\n<meta name=\"twitter:card\" content=\"summary_large_image\" \/>\n<meta name=\"twitter:label1\" content=\"Est. reading time\" \/>\n\t<meta name=\"twitter:data1\" content=\"3 minutes\" \/>\n<script type=\"application\/ld+json\" class=\"yoast-schema-graph\">{\"@context\":\"https:\/\/schema.org\",\"@graph\":[{\"@type\":\"WebPage\",\"@id\":\"https:\/\/intl.phonak.com\/lv-lv\/cookie-privacy-notice\/\",\"url\":\"https:\/\/intl.phonak.com\/lv-lv\/cookie-privacy-notice\/\",\"name\":\"S\u012bkfailu priv\u0101tuma pazi\u0146ojums - Phonak - Latvija\",\"isPartOf\":{\"@id\":\"https:\/\/intl.phonak.com\/lv-lv\/#website\"},\"primaryImageOfPage\":{\"@id\":\"https:\/\/intl.phonak.com\/lv-lv\/cookie-privacy-notice\/#primaryimage\"},\"image\":{\"@id\":\"https:\/\/intl.phonak.com\/lv-lv\/cookie-privacy-notice\/#primaryimage\"},\"thumbnailUrl\":\"https:\/\/intl.phonak.com\/lv-lv\/wp-content\/uploads\/sites\/73\/2025\/07\/PH_Packshot_Audeo-I-Sphere-xReceiver_050-1029-P7_06db0a.png\",\"datePublished\":\"2022-12-16T15:11:36+00:00\",\"dateModified\":\"2025-10-13T12:26:26+00:00\",\"breadcrumb\":{\"@id\":\"https:\/\/intl.phonak.com\/lv-lv\/cookie-privacy-notice\/#breadcrumb\"},\"inLanguage\":\"lv-LV\",\"potentialAction\":[{\"@type\":\"ReadAction\",\"target\":[\"https:\/\/intl.phonak.com\/lv-lv\/cookie-privacy-notice\/\"]}]},{\"@type\":\"ImageObject\",\"inLanguage\":\"lv-LV\",\"@id\":\"https:\/\/intl.phonak.com\/lv-lv\/cookie-privacy-notice\/#primaryimage\",\"url\":\"https:\/\/intl.phonak.com\/lv-lv\/wp-content\/uploads\/sites\/73\/2025\/07\/PH_Packshot_Audeo-I-Sphere-xReceiver_050-1029-P7_06db0a.png\",\"contentUrl\":\"https:\/\/intl.phonak.com\/lv-lv\/wp-content\/uploads\/sites\/73\/2025\/07\/PH_Packshot_Audeo-I-Sphere-xReceiver_050-1029-P7_06db0a.png\",\"width\":600,\"height\":600,\"caption\":\"Phonak Aud\u00e9o Sphere Infinio\"},{\"@type\":\"BreadcrumbList\",\"@id\":\"https:\/\/intl.phonak.com\/lv-lv\/cookie-privacy-notice\/#breadcrumb\",\"itemListElement\":[{\"@type\":\"ListItem\",\"position\":1,\"name\":\"Home\",\"item\":\"https:\/\/intl.phonak.com\/lv-lv\/\"},{\"@type\":\"ListItem\",\"position\":2,\"name\":\"Cookie Privacy Notice\"}]},{\"@type\":\"WebSite\",\"@id\":\"https:\/\/intl.phonak.com\/lv-lv\/#website\",\"url\":\"https:\/\/intl.phonak.com\/lv-lv\/\",\"name\":\"Phonak - Latvija\",\"description\":\"Ap\u0146\u0113mu\u0161ies main\u012bt dz\u012bves\",\"publisher\":{\"@id\":\"https:\/\/intl.phonak.com\/lv-lv\/#organization\"},\"potentialAction\":[{\"@type\":\"SearchAction\",\"target\":{\"@type\":\"EntryPoint\",\"urlTemplate\":\"https:\/\/intl.phonak.com\/lv-lv\/?s={search_term_string}\"},\"query-input\":{\"@type\":\"PropertyValueSpecification\",\"valueRequired\":true,\"valueName\":\"search_term_string\"}}],\"inLanguage\":\"lv-LV\"},{\"@type\":\"Organization\",\"@id\":\"https:\/\/intl.phonak.com\/lv-lv\/#organization\",\"name\":\"Phonak - Latvija\",\"url\":\"https:\/\/intl.phonak.com\/lv-lv\/\",\"logo\":{\"@type\":\"ImageObject\",\"inLanguage\":\"lv-LV\",\"@id\":\"https:\/\/intl.phonak.com\/lv-lv\/#\/schema\/logo\/image\/\",\"url\":\"https:\/\/intl.phonak.com\/lv-lv\/wp-content\/uploads\/sites\/73\/2025\/07\/logo-phonak.svg\",\"contentUrl\":\"https:\/\/intl.phonak.com\/lv-lv\/wp-content\/uploads\/sites\/73\/2025\/07\/logo-phonak.svg\",\"caption\":\"Phonak - Latvija\"},\"image\":{\"@id\":\"https:\/\/intl.phonak.com\/lv-lv\/#\/schema\/logo\/image\/\"}}]}<\/script>\n<!-- \/ Yoast SEO plugin. -->","yoast_head_json":{"title":"S\u012bkfailu priv\u0101tuma pazi\u0146ojums - Phonak - Latvija","robots":{"index":"index","follow":"follow","max-snippet":"max-snippet:-1","max-image-preview":"max-image-preview:large","max-video-preview":"max-video-preview:-1"},"canonical":"https:\/\/intl.phonak.com\/main-english\/cookie-privacy-notice\/","og_locale":"lv_LV","og_type":"article","og_title":"S\u012bkfailu priv\u0101tuma pazi\u0146ojums - Phonak - Latvija","og_description":"Sp\u0113k\u0101 no: 2025. gada janv\u0101ra A. KAS IR S\u012aKFAILI UN CITI IZSEKO\u0160ANAS R\u012aKI? S\u012bkdatnes ir mazi faili, kurus glab\u0101 liel\u0101k\u0101...","og_url":"https:\/\/intl.phonak.com\/lv-lv\/cookie-privacy-notice\/","og_site_name":"Phonak - Latvija","article_modified_time":"2025-10-13T12:26:26+00:00","og_image":[{"width":600,"height":600,"url":"https:\/\/intl.phonak.com\/lv-lv\/wp-content\/uploads\/sites\/73\/2025\/07\/PH_Packshot_Audeo-I-Sphere-xReceiver_050-1029-P7_06db0a.png","type":"image\/png"}],"twitter_card":"summary_large_image","twitter_misc":{"Est. reading time":"3 minutes"},"schema":{"@context":"https:\/\/schema.org","@graph":[{"@type":"WebPage","@id":"https:\/\/intl.phonak.com\/lv-lv\/cookie-privacy-notice\/","url":"https:\/\/intl.phonak.com\/lv-lv\/cookie-privacy-notice\/","name":"S\u012bkfailu priv\u0101tuma pazi\u0146ojums - Phonak - Latvija","isPartOf":{"@id":"https:\/\/intl.phonak.com\/lv-lv\/#website"},"primaryImageOfPage":{"@id":"https:\/\/intl.phonak.com\/lv-lv\/cookie-privacy-notice\/#primaryimage"},"image":{"@id":"https:\/\/intl.phonak.com\/lv-lv\/cookie-privacy-notice\/#primaryimage"},"thumbnailUrl":"https:\/\/intl.phonak.com\/lv-lv\/wp-content\/uploads\/sites\/73\/2025\/07\/PH_Packshot_Audeo-I-Sphere-xReceiver_050-1029-P7_06db0a.png","datePublished":"2022-12-16T15:11:36+00:00","dateModified":"2025-10-13T12:26:26+00:00","breadcrumb":{"@id":"https:\/\/intl.phonak.com\/lv-lv\/cookie-privacy-notice\/#breadcrumb"},"inLanguage":"lv-LV","potentialAction":[{"@type":"ReadAction","target":["https:\/\/intl.phonak.com\/lv-lv\/cookie-privacy-notice\/"]}]},{"@type":"ImageObject","inLanguage":"lv-LV","@id":"https:\/\/intl.phonak.com\/lv-lv\/cookie-privacy-notice\/#primaryimage","url":"https:\/\/intl.phonak.com\/lv-lv\/wp-content\/uploads\/sites\/73\/2025\/07\/PH_Packshot_Audeo-I-Sphere-xReceiver_050-1029-P7_06db0a.png","contentUrl":"https:\/\/intl.phonak.com\/lv-lv\/wp-content\/uploads\/sites\/73\/2025\/07\/PH_Packshot_Audeo-I-Sphere-xReceiver_050-1029-P7_06db0a.png","width":600,"height":600,"caption":"Phonak Aud\u00e9o Sphere Infinio"},{"@type":"BreadcrumbList","@id":"https:\/\/intl.phonak.com\/lv-lv\/cookie-privacy-notice\/#breadcrumb","itemListElement":[{"@type":"ListItem","position":1,"name":"Home","item":"https:\/\/intl.phonak.com\/lv-lv\/"},{"@type":"ListItem","position":2,"name":"Cookie Privacy Notice"}]},{"@type":"WebSite","@id":"https:\/\/intl.phonak.com\/lv-lv\/#website","url":"https:\/\/intl.phonak.com\/lv-lv\/","name":"Phonak - Latvija","description":"Ap\u0146\u0113mu\u0161ies main\u012bt dz\u012bves","publisher":{"@id":"https:\/\/intl.phonak.com\/lv-lv\/#organization"},"potentialAction":[{"@type":"SearchAction","target":{"@type":"EntryPoint","urlTemplate":"https:\/\/intl.phonak.com\/lv-lv\/?s={search_term_string}"},"query-input":{"@type":"PropertyValueSpecification","valueRequired":true,"valueName":"search_term_string"}}],"inLanguage":"lv-LV"},{"@type":"Organization","@id":"https:\/\/intl.phonak.com\/lv-lv\/#organization","name":"Phonak - Latvija","url":"https:\/\/intl.phonak.com\/lv-lv\/","logo":{"@type":"ImageObject","inLanguage":"lv-LV","@id":"https:\/\/intl.phonak.com\/lv-lv\/#\/schema\/logo\/image\/","url":"https:\/\/intl.phonak.com\/lv-lv\/wp-content\/uploads\/sites\/73\/2025\/07\/logo-phonak.svg","contentUrl":"https:\/\/intl.phonak.com\/lv-lv\/wp-content\/uploads\/sites\/73\/2025\/07\/logo-phonak.svg","caption":"Phonak - Latvija"},"image":{"@id":"https:\/\/intl.phonak.com\/lv-lv\/#\/schema\/logo\/image\/"}}]}},"jetpack_sharing_enabled":true,"distributor_meta":false,"distributor_terms":false,"distributor_media":false,"distributor_original_site_name":"Phonak - Latvija","distributor_original_site_url":"https:\/\/intl.phonak.com\/lv-lv","push-errors":false,"_links":{"self":[{"href":"https:\/\/intl.phonak.com\/lv-lv\/wp-json\/wp\/v2\/pages\/331","targetHints":{"allow":["GET"]}}],"collection":[{"href":"https:\/\/intl.phonak.com\/lv-lv\/wp-json\/wp\/v2\/pages"}],"about":[{"href":"https:\/\/intl.phonak.com\/lv-lv\/wp-json\/wp\/v2\/types\/page"}],"author":[{"embeddable":true,"href":"https:\/\/intl.phonak.com\/lv-lv\/wp-json\/wp\/v2\/users\/4"}],"replies":[{"embeddable":true,"href":"https:\/\/intl.phonak.com\/lv-lv\/wp-json\/wp\/v2\/comments?post=331"}],"version-history":[{"count":2,"href":"https:\/\/intl.phonak.com\/lv-lv\/wp-json\/wp\/v2\/pages\/331\/revisions"}],"predecessor-version":[{"id":778,"href":"https:\/\/intl.phonak.com\/lv-lv\/wp-json\/wp\/v2\/pages\/331\/revisions\/778"}],"wp:featuredmedia":[{"embeddable":true,"href":"https:\/\/intl.phonak.com\/lv-lv\/wp-json\/wp\/v2\/media\/332"}],"wp:attachment":[{"href":"https:\/\/intl.phonak.com\/lv-lv\/wp-json\/wp\/v2\/media?parent=331"}],"curies":[{"name":"wp","href":"https:\/\/api.w.org\/{rel}","templated":true}]}}