{"id":317,"date":"2021-11-18T15:12:00","date_gmt":"2021-11-18T15:12:00","guid":{"rendered":"https:\/\/intl.phonak.com\/lv-lv\/hearing-loss\/"},"modified":"2025-11-04T10:36:35","modified_gmt":"2025-11-04T10:36:35","slug":"dzirdes-zudums","status":"publish","type":"page","link":"https:\/\/intl.phonak.com\/lv-lv\/dzirdes-zudums\/","title":{"rendered":"Dzirdes zudums"},"content":{"rendered":"\n<div class=\"wp-block-cover alignfull\"><span aria-hidden=\"true\" class=\"wp-block-cover__background has-light-grey-background-color has-background-dim-60 has-background-dim\"><\/span><img decoding=\"async\" class=\"wp-block-cover__image-background wp-image-4769\" alt=\"\" src=\"https:\/\/intl.phonak.com\/lv-lv\/wp-content\/uploads\/sites\/3\/2022\/02\/Banner-hearing-loss.jpg\" style=\"object-position:56% 51%\" data-object-fit=\"cover\" data-object-position=\"56% 51%\"\/><div class=\"wp-block-cover__inner-container is-layout-flow wp-block-cover-is-layout-flow\">\n<h1 class=\"wp-block-heading has-text-align-center has-grey-500-color has-text-color\" id=\"signs-of-hearing-loss-1\">Dzirdes zuduma paz\u012bmes<\/h1>   \n<p class=\"has-text-align-center has-grey-500-color has-text-color has-lead-font-size\">K\u0101 noteikt dzirdes zudumu<\/p>\n<\/div><\/div>   \n<h2 class=\"wp-block-heading has-text-align-center\" id=\"what-are-the-signs-and-symptoms-of-hearing-loss\">K\u0101das ir dzirdes zuduma paz\u012bmes un simptomi?<\/h2>   \n<p class=\"has-text-align-center\">M\u016bsu ausis vienm\u0113r ir iesl\u0113gtas, t\u0101pat k\u0101 ska\u0146as ap mums. Mobilie t\u0101lru\u0146i zvana, cilv\u0113ki t\u0113rz\u0113, su\u0146i riej, satiksmes d\u0101rdin\u0101\u0161ana, putnu \u010divin\u0101\u0161ana &#8211; notiek tik daudz. M\u016bsu smadzenes \u013cauj mums identific\u0113t un interpret\u0113t da\u017e\u0101das ska\u0146as un koncentr\u0113ties uz to, ko m\u0113s v\u0113lamies dzird\u0113t. Tas var uzreiz atpaz\u012bt m\u012b\u013cot\u0101 cilv\u0113ka balsi vai \u013cauj mier\u012bgi las\u012bt gr\u0101matu, neatpaz\u012bstot fona ska\u0146as.<\/p>   \n<p class=\"has-text-align-center\">Bet da\u017ereiz tas t\u0101 nedarbojas. Da\u017ereiz m\u016bsu smadzenes nevar identific\u0113t ska\u0146u, jo m\u016bsu ausis to nevar dzird\u0113t!<\/p>   \n<p class=\"has-text-align-center\">Vai j\u016bs apzin\u0101ties ska\u0146as, kuras j\u016bs nevarat dzird\u0113t?<\/p>   \n<div style=\"height:60px\" aria-hidden=\"true\" class=\"wp-block-spacer\"><\/div>   \n<h3 class=\"wp-block-heading has-text-align-center has-blue-color has-text-color\" id=\"signs-of-hearing-loss\">Dzirdes zuduma paz\u012bmes<\/h3>   \n<p class=\"has-text-align-center\">Dzirdes zudums nenoz\u012bm\u0113 tikai to, ka k\u0101dam ir gr\u016bt\u012bbas dzird\u0113t maigas ska\u0146as. Dr\u012bz\u0101k bie\u017e\u0101k, \u012bpa\u0161i ar vecumu saist\u012btu dzirdes zudumu, vispirms tiek ietekm\u0113ta sp\u0113ja dzird\u0113t augstas ska\u0146as. Piem\u0113ram, pirm\u0101s ska\u0146as, kuras k\u0101ds, iesp\u0113jams, nevar\u0113s dzird\u0113t tik labi, ir putnu un sievie\u0161u vai b\u0113rnu balsu \u010divin\u0101\u0161ana. Dzirdes zudums ar\u012b samazina sp\u0113ju dzird\u0113t noteiktus l\u012bdzska\u0146us run\u0101, kas var apgr\u016btin\u0101t personai ar dzirdes zudumu sekot sarun\u0101m. Atkar\u012bb\u0101 no dzirdes zuduma c\u0113lo\u0146a un veida ir iesp\u0113jams ar\u012b gr\u016bt\u012bbas dzird\u0113t vid\u0113j\u0101s vai pat zem\u0101s frekvences vai vienm\u0113r\u012bgi vis\u0101s frekvenc\u0113s. V\u0113l viena dzirdes zuduma paz\u012bme var\u0113tu b\u016bt troksnis aus\u012bs<\/p>   \n<div style=\"height:64px\" aria-hidden=\"true\" class=\"wp-block-spacer\"><\/div>   \n<h3 class=\"wp-block-heading has-text-align-center has-blue-color has-text-color\" id=\"take-the-first-step-1\">T\u0101 ir z\u012bme<\/h3>   \n<p class=\"has-text-align-left\"><strong>\u0160\u0101di jaut\u0101jumi pal\u012bdz\u0113s jums saprast, vai jums ir dzirdes zuduma simptomi:<\/strong><\/p>   <div class=\"wp-block-columns is-layout-flex wp-container-core-columns-is-layout-9d6595d7 wp-block-columns-is-layout-flex\">\n<div class=\"wp-block-column is-layout-flow wp-block-column-is-layout-flow\" style=\"flex-basis:66.66%\"><div class=\"wp-list-block\">\n<ul class=\"wp-block-list\">\n<li>Vai \u0161\u0137iet, ka cilv\u0113ki murmina?<\/li>   <li>Vai jums ir j\u0101palielina televizora vai radio ska\u013cums?<\/li>   <li>Vai jums ir viegl\u0101k saprast v\u012brie\u0161a balsi, sal\u012bdzinot ar sievietes vai b\u0113rna balsi?<\/li>   <li>Vai jums ir gr\u016bti dzird\u0113t durvju zvanu vai t\u0101lru\u0146a zvanu?<\/li>   <li>Kad esat grup\u0101 vai p\u0101rpild\u012bt\u0101 restor\u0101n\u0101, vai jums ir gr\u016bti sekot sarunai?<\/li>   <li>Vai jums ir tendence ierobe\u017eot savas soci\u0101l\u0101s aktivit\u0101tes, jo ir gr\u016bti dzird\u0113t un sazin\u0101ties?<\/li>   <li>Vai k\u0101ds jums tuvs ir min\u0113jis, ka jums var b\u016bt probl\u0113mas ar dzirdi?<\/li>\n<\/ul>\n<\/div><\/div>   \n<div class=\"wp-block-column is-vertically-aligned-center is-layout-flow wp-block-column-is-layout-flow\" style=\"flex-basis:33.33%\">\n<figure class=\"wp-block-image size-large\"><img decoding=\"async\" src=\"https:\/\/intl.phonak.com\/lv-lv\/wp-content\/uploads\/sites\/3\/2023\/12\/Hearing-loss_GenericIndoorsPC_01.jpg?w=329\" alt=\"Happy couple\" class=\"wp-image-7274\"\/><\/figure>   <p><\/p>\n<\/div>\n<\/div>   \n<div class=\"wp-block-group alignfull has-light-grey-background-color has-background is-layout-flow wp-block-group-is-layout-flow\">\n<div class=\"wp-block-group is-style-align-small is-layout-flow wp-block-group-is-layout-flow\">\n<p class=\"has-text-align-center\">Ja esat atbild\u0113jis &#8220;<strong>j\u0101<\/strong>&#8221; uz vienu vai vair\u0101kiem jaut\u0101jumiem, iesak\u0101m j\u016bsu dzirdes sp\u0113jas nov\u0113rt\u0113t dzirdes apr\u016bpes speci\u0101listam. J\u016bs varat atrast sertific\u0113tu audiologu, dzirdes apr\u016bpes speci\u0101listu vai kl\u012bniku sav\u0101 re\u0123ion\u0101, izmantojot m\u016bsu ekspertu mekl\u0113t\u0101ju.<\/p>   <p><\/p>   \n<p class=\"has-text-align-center\">Lai uzreiz ieg\u016btu nor\u0101di par j\u016bsu dzirdes sp\u0113j\u0101m, varat ar\u012b izm\u0113\u0123in\u0101t m\u016bsu tie\u0161saistes dzirdes testu.<\/p>   <div class=\"wp-block-buttons is-layout-flex wp-block-buttons-is-layout-flex\">\n<div class=\"wp-block-button aligncenter\"><a class=\"wp-block-button__link wp-element-button\" href=\"https:\/\/hearing-screener.beyondhearing.org\/phonak\/t5LE0m\/welcome?Brand=Phonak&#038;Country=CA&#038;Language=EN\" target=\"_blank\" rel=\"noreferrer noopener\">Tie\u0161saistes dzirdes p\u0101rbaude<\/a><\/div>\n<\/div>\n<\/div>\n<\/div>   \n<div style=\"height:55px\" aria-hidden=\"true\" class=\"wp-block-spacer\"><\/div>   \n<p class=\"has-text-align-center\"><a href=\"https:\/\/intl.phonak.com\/lv-lv\/dzirdes-zudums\/phonak-laba-dzirde-laba-dzive\/\">Uzziniet, k\u0101p\u0113c laba dzirde ir tik svar\u012bga j\u016bsu labsaj\u016btai<\/a><\/p>   \n<div style=\"height:55px\" aria-hidden=\"true\" class=\"wp-block-spacer\"><\/div>   \n<div class=\"wp-block-media-text is-stacked-on-mobile cta-block\" style=\"grid-template-columns:35% auto\"><figure class=\"wp-block-media-text__media\"><img decoding=\"async\" src=\"https:\/\/intl.phonak.com\/main-english\/wp-content\/uploads\/sites\/3\/2021\/11\/cta-image.jpg?w=401\" alt=\"\" class=\"wp-image-6738 size-full\"\/><\/figure><div class=\"wp-block-media-text__content\">\n<div class=\"wp-block-create-block-icon-selector\"><i class=\"fal fa-map-marker-alt\"><\/i><\/div>   \n<h3 class=\"wp-block-heading\">Dzirdes eksperti j\u016bsu tuvum\u0101<\/h3>   <p>Dzirdes apr\u016bpes speci\u0101listi var pal\u012bdz\u0113t jums izdar\u012bt sev piem\u0113rot\u0101ko izv\u0113li. Vi\u0146i \u0146ems v\u0113r\u0101 j\u016bsu dzirdes vajadz\u012bbas, bud\u017eetu, dz\u012bvesveidu un individu\u0101l\u0101s dzirdes v\u0113lmes. <\/p>   <div class=\"wp-block-buttons is-layout-flex wp-block-buttons-is-layout-flex\">\n<div class=\"wp-block-button is-style-marker-green\"><a class=\"wp-block-button__link wp-element-button\" href=\"https:\/\/intl.phonak.com\/lv-lv\/atrodi-specialistu\/\">Atrast ekspertu<\/a><\/div>\n<\/div>\n<\/div><\/div> ","protected":false},"excerpt":{"rendered":"<p>K\u0101das ir dzirdes zuduma paz\u012bmes un simptomi? M\u016bsu ausis vienm\u0113r ir iesl\u0113gtas, t\u0101pat k\u0101 ska\u0146as ap mums. Mobilie t\u0101lru\u0146i zvana,&#8230;<\/p>\n","protected":false},"author":5,"featured_media":501,"parent":0,"menu_order":0,"comment_status":"closed","ping_status":"closed","template":"","meta":{"_acf_changed":false,"inline_featured_image":false,"footnotes":""},"class_list":["post-317","page","type-page","status-publish","has-post-thumbnail","hentry"],"acf":[],"yoast_head":"<!-- This site is optimized with the Yoast SEO plugin v26.9 - https:\/\/yoast.com\/product\/yoast-seo-wordpress\/ -->\n<title>Dzirdes zudums - Phonak - Latvija<\/title>\n<meta name=\"robots\" content=\"index, follow, max-snippet:-1, max-image-preview:large, max-video-preview:-1\" \/>\n<link rel=\"canonical\" href=\"https:\/\/intl.phonak.com\/main-english\/hearing-loss\/\" \/>\n<meta property=\"og:locale\" content=\"lv_LV\" \/>\n<meta property=\"og:type\" content=\"article\" \/>\n<meta property=\"og:title\" content=\"Dzirdes zudums - Phonak - Latvija\" \/>\n<meta property=\"og:description\" content=\"K\u0101das ir dzirdes zuduma paz\u012bmes un simptomi? M\u016bsu ausis vienm\u0113r ir iesl\u0113gtas, t\u0101pat k\u0101 ska\u0146as ap mums. Mobilie t\u0101lru\u0146i zvana,...\" \/>\n<meta property=\"og:url\" content=\"https:\/\/intl.phonak.com\/lv-lv\/dzirdes-zudums\/\" \/>\n<meta property=\"og:site_name\" content=\"Phonak - Latvija\" \/>\n<meta property=\"article:modified_time\" content=\"2025-11-04T10:36:35+00:00\" \/>\n<meta property=\"og:image\" content=\"https:\/\/intl.phonak.com\/lv-lv\/wp-content\/uploads\/sites\/73\/2021\/11\/PH_Packshot_Audeo-I-Sphere-xReceiver_050-1029-P7_b37e7e.png\" \/>\n\t<meta property=\"og:image:width\" content=\"600\" \/>\n\t<meta property=\"og:image:height\" content=\"600\" \/>\n\t<meta property=\"og:image:type\" content=\"image\/png\" \/>\n<meta name=\"twitter:card\" content=\"summary_large_image\" \/>\n<meta name=\"twitter:label1\" content=\"Est. reading time\" \/>\n\t<meta name=\"twitter:data1\" content=\"3 minutes\" \/>\n<script type=\"application\/ld+json\" class=\"yoast-schema-graph\">{\"@context\":\"https:\/\/schema.org\",\"@graph\":[{\"@type\":\"WebPage\",\"@id\":\"https:\/\/intl.phonak.com\/lv-lv\/dzirdes-zudums\/\",\"url\":\"https:\/\/intl.phonak.com\/lv-lv\/dzirdes-zudums\/\",\"name\":\"Dzirdes zudums - Phonak - Latvija\",\"isPartOf\":{\"@id\":\"https:\/\/intl.phonak.com\/lv-lv\/#website\"},\"primaryImageOfPage\":{\"@id\":\"https:\/\/intl.phonak.com\/lv-lv\/dzirdes-zudums\/#primaryimage\"},\"image\":{\"@id\":\"https:\/\/intl.phonak.com\/lv-lv\/dzirdes-zudums\/#primaryimage\"},\"thumbnailUrl\":\"https:\/\/intl.phonak.com\/lv-lv\/wp-content\/uploads\/sites\/73\/2021\/11\/PH_Packshot_Audeo-I-Sphere-xReceiver_050-1029-P7_b37e7e.png\",\"datePublished\":\"2021-11-18T15:12:00+00:00\",\"dateModified\":\"2025-11-04T10:36:35+00:00\",\"breadcrumb\":{\"@id\":\"https:\/\/intl.phonak.com\/lv-lv\/dzirdes-zudums\/#breadcrumb\"},\"inLanguage\":\"lv-LV\",\"potentialAction\":[{\"@type\":\"ReadAction\",\"target\":[\"https:\/\/intl.phonak.com\/lv-lv\/dzirdes-zudums\/\"]}]},{\"@type\":\"ImageObject\",\"inLanguage\":\"lv-LV\",\"@id\":\"https:\/\/intl.phonak.com\/lv-lv\/dzirdes-zudums\/#primaryimage\",\"url\":\"https:\/\/intl.phonak.com\/lv-lv\/wp-content\/uploads\/sites\/73\/2021\/11\/PH_Packshot_Audeo-I-Sphere-xReceiver_050-1029-P7_b37e7e.png\",\"contentUrl\":\"https:\/\/intl.phonak.com\/lv-lv\/wp-content\/uploads\/sites\/73\/2021\/11\/PH_Packshot_Audeo-I-Sphere-xReceiver_050-1029-P7_b37e7e.png\",\"width\":600,\"height\":600,\"caption\":\"Phonak Aud\u00e9o Sphere Infinio\"},{\"@type\":\"BreadcrumbList\",\"@id\":\"https:\/\/intl.phonak.com\/lv-lv\/dzirdes-zudums\/#breadcrumb\",\"itemListElement\":[{\"@type\":\"ListItem\",\"position\":1,\"name\":\"Home\",\"item\":\"https:\/\/intl.phonak.com\/lv-lv\/\"},{\"@type\":\"ListItem\",\"position\":2,\"name\":\"Dzirdes zudums\"}]},{\"@type\":\"WebSite\",\"@id\":\"https:\/\/intl.phonak.com\/lv-lv\/#website\",\"url\":\"https:\/\/intl.phonak.com\/lv-lv\/\",\"name\":\"Phonak - Latvija\",\"description\":\"Ap\u0146\u0113mu\u0161ies main\u012bt dz\u012bves\",\"publisher\":{\"@id\":\"https:\/\/intl.phonak.com\/lv-lv\/#organization\"},\"potentialAction\":[{\"@type\":\"SearchAction\",\"target\":{\"@type\":\"EntryPoint\",\"urlTemplate\":\"https:\/\/intl.phonak.com\/lv-lv\/?s={search_term_string}\"},\"query-input\":{\"@type\":\"PropertyValueSpecification\",\"valueRequired\":true,\"valueName\":\"search_term_string\"}}],\"inLanguage\":\"lv-LV\"},{\"@type\":\"Organization\",\"@id\":\"https:\/\/intl.phonak.com\/lv-lv\/#organization\",\"name\":\"Phonak - Latvija\",\"url\":\"https:\/\/intl.phonak.com\/lv-lv\/\",\"logo\":{\"@type\":\"ImageObject\",\"inLanguage\":\"lv-LV\",\"@id\":\"https:\/\/intl.phonak.com\/lv-lv\/#\/schema\/logo\/image\/\",\"url\":\"https:\/\/intl.phonak.com\/lv-lv\/wp-content\/uploads\/sites\/73\/2025\/07\/logo-phonak.svg\",\"contentUrl\":\"https:\/\/intl.phonak.com\/lv-lv\/wp-content\/uploads\/sites\/73\/2025\/07\/logo-phonak.svg\",\"caption\":\"Phonak - Latvija\"},\"image\":{\"@id\":\"https:\/\/intl.phonak.com\/lv-lv\/#\/schema\/logo\/image\/\"}}]}<\/script>\n<!-- \/ Yoast SEO plugin. -->","yoast_head_json":{"title":"Dzirdes zudums - Phonak - Latvija","robots":{"index":"index","follow":"follow","max-snippet":"max-snippet:-1","max-image-preview":"max-image-preview:large","max-video-preview":"max-video-preview:-1"},"canonical":"https:\/\/intl.phonak.com\/main-english\/hearing-loss\/","og_locale":"lv_LV","og_type":"article","og_title":"Dzirdes zudums - Phonak - Latvija","og_description":"K\u0101das ir dzirdes zuduma paz\u012bmes un simptomi? M\u016bsu ausis vienm\u0113r ir iesl\u0113gtas, t\u0101pat k\u0101 ska\u0146as ap mums. Mobilie t\u0101lru\u0146i zvana,...","og_url":"https:\/\/intl.phonak.com\/lv-lv\/dzirdes-zudums\/","og_site_name":"Phonak - Latvija","article_modified_time":"2025-11-04T10:36:35+00:00","og_image":[{"width":600,"height":600,"url":"https:\/\/intl.phonak.com\/lv-lv\/wp-content\/uploads\/sites\/73\/2021\/11\/PH_Packshot_Audeo-I-Sphere-xReceiver_050-1029-P7_b37e7e.png","type":"image\/png"}],"twitter_card":"summary_large_image","twitter_misc":{"Est. reading time":"3 minutes"},"schema":{"@context":"https:\/\/schema.org","@graph":[{"@type":"WebPage","@id":"https:\/\/intl.phonak.com\/lv-lv\/dzirdes-zudums\/","url":"https:\/\/intl.phonak.com\/lv-lv\/dzirdes-zudums\/","name":"Dzirdes zudums - Phonak - Latvija","isPartOf":{"@id":"https:\/\/intl.phonak.com\/lv-lv\/#website"},"primaryImageOfPage":{"@id":"https:\/\/intl.phonak.com\/lv-lv\/dzirdes-zudums\/#primaryimage"},"image":{"@id":"https:\/\/intl.phonak.com\/lv-lv\/dzirdes-zudums\/#primaryimage"},"thumbnailUrl":"https:\/\/intl.phonak.com\/lv-lv\/wp-content\/uploads\/sites\/73\/2021\/11\/PH_Packshot_Audeo-I-Sphere-xReceiver_050-1029-P7_b37e7e.png","datePublished":"2021-11-18T15:12:00+00:00","dateModified":"2025-11-04T10:36:35+00:00","breadcrumb":{"@id":"https:\/\/intl.phonak.com\/lv-lv\/dzirdes-zudums\/#breadcrumb"},"inLanguage":"lv-LV","potentialAction":[{"@type":"ReadAction","target":["https:\/\/intl.phonak.com\/lv-lv\/dzirdes-zudums\/"]}]},{"@type":"ImageObject","inLanguage":"lv-LV","@id":"https:\/\/intl.phonak.com\/lv-lv\/dzirdes-zudums\/#primaryimage","url":"https:\/\/intl.phonak.com\/lv-lv\/wp-content\/uploads\/sites\/73\/2021\/11\/PH_Packshot_Audeo-I-Sphere-xReceiver_050-1029-P7_b37e7e.png","contentUrl":"https:\/\/intl.phonak.com\/lv-lv\/wp-content\/uploads\/sites\/73\/2021\/11\/PH_Packshot_Audeo-I-Sphere-xReceiver_050-1029-P7_b37e7e.png","width":600,"height":600,"caption":"Phonak Aud\u00e9o Sphere Infinio"},{"@type":"BreadcrumbList","@id":"https:\/\/intl.phonak.com\/lv-lv\/dzirdes-zudums\/#breadcrumb","itemListElement":[{"@type":"ListItem","position":1,"name":"Home","item":"https:\/\/intl.phonak.com\/lv-lv\/"},{"@type":"ListItem","position":2,"name":"Dzirdes zudums"}]},{"@type":"WebSite","@id":"https:\/\/intl.phonak.com\/lv-lv\/#website","url":"https:\/\/intl.phonak.com\/lv-lv\/","name":"Phonak - Latvija","description":"Ap\u0146\u0113mu\u0161ies main\u012bt dz\u012bves","publisher":{"@id":"https:\/\/intl.phonak.com\/lv-lv\/#organization"},"potentialAction":[{"@type":"SearchAction","target":{"@type":"EntryPoint","urlTemplate":"https:\/\/intl.phonak.com\/lv-lv\/?s={search_term_string}"},"query-input":{"@type":"PropertyValueSpecification","valueRequired":true,"valueName":"search_term_string"}}],"inLanguage":"lv-LV"},{"@type":"Organization","@id":"https:\/\/intl.phonak.com\/lv-lv\/#organization","name":"Phonak - Latvija","url":"https:\/\/intl.phonak.com\/lv-lv\/","logo":{"@type":"ImageObject","inLanguage":"lv-LV","@id":"https:\/\/intl.phonak.com\/lv-lv\/#\/schema\/logo\/image\/","url":"https:\/\/intl.phonak.com\/lv-lv\/wp-content\/uploads\/sites\/73\/2025\/07\/logo-phonak.svg","contentUrl":"https:\/\/intl.phonak.com\/lv-lv\/wp-content\/uploads\/sites\/73\/2025\/07\/logo-phonak.svg","caption":"Phonak - Latvija"},"image":{"@id":"https:\/\/intl.phonak.com\/lv-lv\/#\/schema\/logo\/image\/"}}]}},"jetpack_sharing_enabled":true,"distributor_meta":false,"distributor_terms":false,"distributor_media":false,"distributor_original_site_name":"Phonak - Latvija","distributor_original_site_url":"https:\/\/intl.phonak.com\/lv-lv","push-errors":false,"_links":{"self":[{"href":"https:\/\/intl.phonak.com\/lv-lv\/wp-json\/wp\/v2\/pages\/317","targetHints":{"allow":["GET"]}}],"collection":[{"href":"https:\/\/intl.phonak.com\/lv-lv\/wp-json\/wp\/v2\/pages"}],"about":[{"href":"https:\/\/intl.phonak.com\/lv-lv\/wp-json\/wp\/v2\/types\/page"}],"author":[{"embeddable":true,"href":"https:\/\/intl.phonak.com\/lv-lv\/wp-json\/wp\/v2\/users\/5"}],"replies":[{"embeddable":true,"href":"https:\/\/intl.phonak.com\/lv-lv\/wp-json\/wp\/v2\/comments?post=317"}],"version-history":[{"count":8,"href":"https:\/\/intl.phonak.com\/lv-lv\/wp-json\/wp\/v2\/pages\/317\/revisions"}],"predecessor-version":[{"id":909,"href":"https:\/\/intl.phonak.com\/lv-lv\/wp-json\/wp\/v2\/pages\/317\/revisions\/909"}],"wp:featuredmedia":[{"embeddable":true,"href":"https:\/\/intl.phonak.com\/lv-lv\/wp-json\/wp\/v2\/media\/501"}],"wp:attachment":[{"href":"https:\/\/intl.phonak.com\/lv-lv\/wp-json\/wp\/v2\/media?parent=317"}],"curies":[{"name":"wp","href":"https:\/\/api.w.org\/{rel}","templated":true}]}}