{"id":313,"date":"2021-11-30T14:36:50","date_gmt":"2021-11-30T14:36:50","guid":{"rendered":"https:\/\/intl.phonak.com\/lv-lv\/hearing-aid-customization\/"},"modified":"2025-11-04T10:55:49","modified_gmt":"2025-11-04T10:55:49","slug":"dzirdes-aparata-individuala-pielagosana","status":"publish","type":"page","link":"https:\/\/intl.phonak.com\/lv-lv\/dzirdes-zudums\/dzirdes-aparata-individuala-pielagosana\/","title":{"rendered":"Dzirdes apar\u0101tu piel\u0101go\u0161ana"},"content":{"rendered":"\n<div class=\"wp-block-cover alignfull is-light\"><img decoding=\"async\" class=\"wp-block-cover__image-background wp-image-5329\" alt=\"\" src=\"https:\/\/intl.phonak.com\/lv-lv\/wp-content\/uploads\/sites\/3\/2022\/03\/Banner-01.jpg\" style=\"object-position:16% 56%\" data-object-fit=\"cover\" data-object-position=\"16% 56%\"\/><span aria-hidden=\"true\" class=\"wp-block-cover__background has-light-grey-background-color has-background-dim\"><\/span><div class=\"wp-block-cover__inner-container is-layout-flow wp-block-cover-is-layout-flow\">\n<h1 class=\"wp-block-heading has-text-align-center has-dark-grey-color has-text-color\" id=\"your-personal-hearing-aid\">J\u016bsu person\u012bgais dzirdes apar\u0101ts<\/h1>   \n<p class=\"has-text-align-center margin-bottom-0 is-style-default has-dark-grey-color has-text-color has-lead-font-size\">Dzirdes apar\u0101ta piel\u0101go\u0161ana tiek veikta vair\u0101kos posmos, lai atbilstu j\u016bsu dzirdes zudumam, auss formai un dzirdes paradumiem.<\/p>\n<\/div><\/div>   \n<div class=\"wp-block-group is-style-align-small is-layout-flow wp-block-group-is-layout-flow\" style=\"padding-top:0px\">\n<h3 class=\"wp-block-heading has-text-align-center has-blue-color has-text-color\" id=\"get-to-know-your-hearing-aid\">Iepaz\u012bstiet savu dzirdes apar\u0101tu<\/h3>   \n<p class=\"has-text-align-center\">Dzirdes apr\u016bpes speci\u0101lists sniegs jums detaliz\u0113tus nor\u0101d\u012bjumus: K\u0101 ievietot ier\u012bci, k\u0101 to lietot un k\u0101 kontrol\u0113t ska\u013cumu. Vi\u0146\u0161 jums ar\u012b izskaidros apkopi, k\u0101 nomain\u012bt baterijas, t\u012br\u012bt un \u017e\u0101v\u0113t ier\u012bces. Visbeidzot, j\u016bs uzzin\u0101siet vair\u0101k, k\u0101 j\u016bsu dzirdes apar\u0101ts rea\u0123\u0113 da\u017e\u0101d\u0101s dzirdes situ\u0101cij\u0101s. Tagad j\u016bs varat \u0146emt l\u012bdzi savus jaunos dzirdes apar\u0101tus m\u0101j\u0101s.<\/p>\n<\/div>   \n<div class=\"wp-block-group alignfull has-light-grey-background-color has-background is-layout-flow wp-block-group-is-layout-flow\">\n<div class=\"wp-block-group is-style-align-small is-layout-flow wp-block-group-is-layout-flow\">\n<h3 class=\"wp-block-heading has-text-align-center has-blue-color has-text-color\" id=\"first-days-with-your-new-hearing-aid\">Pirm\u0101s dienas ar jauno dzirdes apar\u0101tu<\/h3>   \n<p class=\"has-text-align-center\">Pirmaj\u0101s dien\u0101s jums vajadz\u0113tu iepaz\u012bties ar savu jauno dzirdes apar\u0101tu. S\u0101kum\u0101 tas j\u0101valk\u0101 da\u017eas stundas dien\u0101 paz\u012bstam\u0101 vid\u0113. Da\u017eas lietas \u0161aj\u0101 laik\u0101 jums var \u0161\u0137ist d\u012bvainas. Lab\u0101kais veids, k\u0101 izp\u0113t\u012bt jauno dzirdes saj\u016btu, ir run\u0101t ar cilv\u0113kiem vai skat\u012bties telev\u012bziju. J\u016bsu balss jums var izklaus\u012bties d\u012bvaini vai p\u0101r\u0101k ska\u013ci, jo j\u016bs, iesp\u0113jams, esat izveidojis ieradumu run\u0101t p\u0101r\u0101k ska\u013ci, lai dzird\u0113tu savu balsi. Praktiz\u0113jiet run\u0101t maig\u0101k. Pierakstiet savu pieredzi &#8211; tas pal\u012bdz\u0113s j\u016bsu dzirdes apr\u016bpes speci\u0101listam preciz\u0113t j\u016bsu pal\u012bgl\u012bdzekli.<\/p>   \n<p class=\"has-text-align-center\"><a href=\"https:\/\/intl.phonak.com\/lv-lv\/dzirdes-zudums\/dzirdes-aparatu-apkopes-video\/\">Sa\u0146emiet papildu atbalstu no m\u016bsu dzirdes apar\u0101tu apkopes video<\/a><\/p>\n<\/div>\n<\/div>   \n<div class=\"wp-block-group is-style-align-small is-layout-flow wp-block-group-is-layout-flow\">\n<h3 class=\"wp-block-heading has-text-align-center has-blue-color has-text-color\" id=\"final-adjustment-by-your-hearing-care-professional\">Gal\u012bg\u0101 korekcija, ko veic j\u016bsu dzirdes apr\u016bpes speci\u0101lists<\/h3>   \n<p class=\"has-text-align-center\">Tagad jums b\u016bs iesp\u0113ja p\u0101rrun\u0101t savu pirmo pieredzi ar savu dzirdes apr\u016bpes speci\u0101listu. P\u0113c tam j\u016bsu dzirdes apar\u0101ts tiks piel\u0101gots j\u016bsu specifiskaj\u0101m vajadz\u012bb\u0101m. Speci\u0101lists atbild\u0113s uz visiem j\u016bsu jaut\u0101jumiem un sniegs jums visp\u0101r\u012bgus padomus. J\u016bsu dzirdes apar\u0101ts var tikt piel\u0101gots \u0161aj\u0101 tik\u0161an\u0101s reiz\u0113, lai v\u0113l vair\u0101k uzlabotu j\u016bsu komfortu un runas izpratni.<\/p>   \n<p class=\"has-text-align-center\">Tagad j\u016bs iek\u013c\u016bsiet f\u0101z\u0113, kur\u0101 j\u016bs varat atg\u016bt mazliet dz\u012bves kvalit\u0101ti katru dienu. Turpiniet lietot dzirdes apar\u0101tu da\u017eas stundas dien\u0101. Nesteidzies. J\u016bs uzzin\u0101siet, k\u0101 vislab\u0101k izmantot savu dzirdes apar\u0101tu, un dr\u012bz izbaud\u012bsiet visas priek\u0161roc\u012bbas, ko tas pied\u0101v\u0101.<\/p>   \n<div class=\"wp-block-buttons is-horizontal is-content-justification-center is-layout-flex wp-container-core-buttons-is-layout-499968f5 wp-block-buttons-is-layout-flex\">\n<div class=\"wp-block-button is-style-download\"><a class=\"wp-block-button__link wp-element-button\" href=\"https:\/\/intl.phonak.com\/lv-lv\/wp-content\/uploads\/sites\/3\/2024\/10\/PH_Pamphlet_ReviveYourHearingPreviewIntl_94x210_EN_028-0776-02.pdf\" target=\"_blank\" rel=\"noreferrer noopener\">Atjaunojiet dzirdi<\/a><\/div>\n<\/div>\n<\/div>   \n<p class=\"has-text-align-center\"><a href=\"https:\/\/intl.phonak.com\/lv-lv\/risinajumi\/\">Uzziniet par dzirdes risin\u0101jumiem<\/a><\/p>   \n<div class=\"wp-block-media-text is-stacked-on-mobile cta-block\" style=\"grid-template-columns:35% auto\"><figure class=\"wp-block-media-text__media\"><img decoding=\"async\" src=\"https:\/\/intl.phonak.com\/main-english\/wp-content\/uploads\/sites\/3\/2021\/11\/cta-image.jpg?w=401\" alt=\"\" class=\"wp-image-6738 size-full\"\/><\/figure><div class=\"wp-block-media-text__content\">\n<div class=\"wp-block-create-block-icon-selector\"><i class=\"fal fa-map-marker-alt\"><\/i><\/div>   \n<h3 class=\"wp-block-heading\">Dzirdes eksperti j\u016bsu tuvum\u0101<\/h3>   <p>Dzirdes apr\u016bpes speci\u0101listi var pal\u012bdz\u0113t jums izdar\u012bt sev piem\u0113rot\u0101ko izv\u0113li. Vi\u0146i \u0146ems v\u0113r\u0101 j\u016bsu dzirdes vajadz\u012bbas, bud\u017eetu, dz\u012bvesveidu un individu\u0101l\u0101s dzirdes v\u0113lmes. <\/p>   <div class=\"wp-block-buttons is-layout-flex wp-block-buttons-is-layout-flex\">\n<div class=\"wp-block-button is-style-marker-green\"><a class=\"wp-block-button__link wp-element-button\" href=\"https:\/\/intl.phonak.com\/lv-lv\/atrodi-specialistu\/\">Atrast ekspertu<\/a><\/div>\n<\/div>\n<\/div><\/div> ","protected":false},"excerpt":{"rendered":"<p>Iepaz\u012bstiet savu dzirdes apar\u0101tu Dzirdes apr\u016bpes speci\u0101lists sniegs jums detaliz\u0113tus nor\u0101d\u012bjumus: K\u0101 ievietot ier\u012bci, k\u0101 to lietot un k\u0101 kontrol\u0113t&#8230;<\/p>\n","protected":false},"author":5,"featured_media":513,"parent":317,"menu_order":0,"comment_status":"closed","ping_status":"closed","template":"","meta":{"_acf_changed":false,"inline_featured_image":false,"footnotes":""},"class_list":["post-313","page","type-page","status-publish","has-post-thumbnail","hentry"],"acf":[],"yoast_head":"<!-- This site is optimized with the Yoast SEO plugin v26.9 - https:\/\/yoast.com\/product\/yoast-seo-wordpress\/ -->\n<title>Dzirdes apar\u0101tu piel\u0101go\u0161ana - Phonak - Latvija<\/title>\n<meta name=\"robots\" content=\"index, follow, max-snippet:-1, max-image-preview:large, max-video-preview:-1\" \/>\n<link rel=\"canonical\" href=\"https:\/\/intl.phonak.com\/main-english\/hearing-loss\/hearing-aid-customization\/\" \/>\n<meta property=\"og:locale\" content=\"lv_LV\" \/>\n<meta property=\"og:type\" content=\"article\" \/>\n<meta property=\"og:title\" content=\"Dzirdes apar\u0101tu piel\u0101go\u0161ana - Phonak - Latvija\" \/>\n<meta property=\"og:description\" content=\"Iepaz\u012bstiet savu dzirdes apar\u0101tu Dzirdes apr\u016bpes speci\u0101lists sniegs jums detaliz\u0113tus nor\u0101d\u012bjumus: K\u0101 ievietot ier\u012bci, k\u0101 to lietot un k\u0101 kontrol\u0113t...\" \/>\n<meta property=\"og:url\" content=\"https:\/\/intl.phonak.com\/lv-lv\/dzirdes-zudums\/dzirdes-aparata-individuala-pielagosana\/\" \/>\n<meta property=\"og:site_name\" content=\"Phonak - Latvija\" \/>\n<meta property=\"article:modified_time\" content=\"2025-11-04T10:55:49+00:00\" \/>\n<meta property=\"og:image\" content=\"https:\/\/intl.phonak.com\/lv-lv\/wp-content\/uploads\/sites\/73\/2021\/11\/PH_Packshot_Audeo-I-Sphere-xReceiver_050-1029-P7_1b5d83.png\" \/>\n\t<meta property=\"og:image:width\" content=\"600\" \/>\n\t<meta property=\"og:image:height\" content=\"600\" \/>\n\t<meta property=\"og:image:type\" content=\"image\/png\" \/>\n<meta name=\"twitter:card\" content=\"summary_large_image\" \/>\n<meta name=\"twitter:label1\" content=\"Est. reading time\" \/>\n\t<meta name=\"twitter:data1\" content=\"3 minutes\" \/>\n<script type=\"application\/ld+json\" class=\"yoast-schema-graph\">{\"@context\":\"https:\/\/schema.org\",\"@graph\":[{\"@type\":\"WebPage\",\"@id\":\"https:\/\/intl.phonak.com\/lv-lv\/dzirdes-zudums\/dzirdes-aparata-individuala-pielagosana\/\",\"url\":\"https:\/\/intl.phonak.com\/lv-lv\/dzirdes-zudums\/dzirdes-aparata-individuala-pielagosana\/\",\"name\":\"Dzirdes apar\u0101tu piel\u0101go\u0161ana - Phonak - Latvija\",\"isPartOf\":{\"@id\":\"https:\/\/intl.phonak.com\/lv-lv\/#website\"},\"primaryImageOfPage\":{\"@id\":\"https:\/\/intl.phonak.com\/lv-lv\/dzirdes-zudums\/dzirdes-aparata-individuala-pielagosana\/#primaryimage\"},\"image\":{\"@id\":\"https:\/\/intl.phonak.com\/lv-lv\/dzirdes-zudums\/dzirdes-aparata-individuala-pielagosana\/#primaryimage\"},\"thumbnailUrl\":\"https:\/\/intl.phonak.com\/lv-lv\/wp-content\/uploads\/sites\/73\/2021\/11\/PH_Packshot_Audeo-I-Sphere-xReceiver_050-1029-P7_1b5d83.png\",\"datePublished\":\"2021-11-30T14:36:50+00:00\",\"dateModified\":\"2025-11-04T10:55:49+00:00\",\"breadcrumb\":{\"@id\":\"https:\/\/intl.phonak.com\/lv-lv\/dzirdes-zudums\/dzirdes-aparata-individuala-pielagosana\/#breadcrumb\"},\"inLanguage\":\"lv-LV\",\"potentialAction\":[{\"@type\":\"ReadAction\",\"target\":[\"https:\/\/intl.phonak.com\/lv-lv\/dzirdes-zudums\/dzirdes-aparata-individuala-pielagosana\/\"]}]},{\"@type\":\"ImageObject\",\"inLanguage\":\"lv-LV\",\"@id\":\"https:\/\/intl.phonak.com\/lv-lv\/dzirdes-zudums\/dzirdes-aparata-individuala-pielagosana\/#primaryimage\",\"url\":\"https:\/\/intl.phonak.com\/lv-lv\/wp-content\/uploads\/sites\/73\/2021\/11\/PH_Packshot_Audeo-I-Sphere-xReceiver_050-1029-P7_1b5d83.png\",\"contentUrl\":\"https:\/\/intl.phonak.com\/lv-lv\/wp-content\/uploads\/sites\/73\/2021\/11\/PH_Packshot_Audeo-I-Sphere-xReceiver_050-1029-P7_1b5d83.png\",\"width\":600,\"height\":600,\"caption\":\"Phonak Aud\u00e9o Sphere Infinio\"},{\"@type\":\"BreadcrumbList\",\"@id\":\"https:\/\/intl.phonak.com\/lv-lv\/dzirdes-zudums\/dzirdes-aparata-individuala-pielagosana\/#breadcrumb\",\"itemListElement\":[{\"@type\":\"ListItem\",\"position\":1,\"name\":\"Home\",\"item\":\"https:\/\/intl.phonak.com\/lv-lv\/\"},{\"@type\":\"ListItem\",\"position\":2,\"name\":\"Dzirdes zudums\",\"item\":\"https:\/\/intl.phonak.com\/lv-lv\/dzirdes-zudums\/\"},{\"@type\":\"ListItem\",\"position\":3,\"name\":\"Dzirdes apar\u0101ta individu\u0101la piel\u0101go\u0161ana\"}]},{\"@type\":\"WebSite\",\"@id\":\"https:\/\/intl.phonak.com\/lv-lv\/#website\",\"url\":\"https:\/\/intl.phonak.com\/lv-lv\/\",\"name\":\"Phonak - Latvija\",\"description\":\"Ap\u0146\u0113mu\u0161ies main\u012bt dz\u012bves\",\"publisher\":{\"@id\":\"https:\/\/intl.phonak.com\/lv-lv\/#organization\"},\"potentialAction\":[{\"@type\":\"SearchAction\",\"target\":{\"@type\":\"EntryPoint\",\"urlTemplate\":\"https:\/\/intl.phonak.com\/lv-lv\/?s={search_term_string}\"},\"query-input\":{\"@type\":\"PropertyValueSpecification\",\"valueRequired\":true,\"valueName\":\"search_term_string\"}}],\"inLanguage\":\"lv-LV\"},{\"@type\":\"Organization\",\"@id\":\"https:\/\/intl.phonak.com\/lv-lv\/#organization\",\"name\":\"Phonak - Latvija\",\"url\":\"https:\/\/intl.phonak.com\/lv-lv\/\",\"logo\":{\"@type\":\"ImageObject\",\"inLanguage\":\"lv-LV\",\"@id\":\"https:\/\/intl.phonak.com\/lv-lv\/#\/schema\/logo\/image\/\",\"url\":\"https:\/\/intl.phonak.com\/lv-lv\/wp-content\/uploads\/sites\/73\/2025\/07\/logo-phonak.svg\",\"contentUrl\":\"https:\/\/intl.phonak.com\/lv-lv\/wp-content\/uploads\/sites\/73\/2025\/07\/logo-phonak.svg\",\"caption\":\"Phonak - Latvija\"},\"image\":{\"@id\":\"https:\/\/intl.phonak.com\/lv-lv\/#\/schema\/logo\/image\/\"}}]}<\/script>\n<!-- \/ Yoast SEO plugin. -->","yoast_head_json":{"title":"Dzirdes apar\u0101tu piel\u0101go\u0161ana - Phonak - Latvija","robots":{"index":"index","follow":"follow","max-snippet":"max-snippet:-1","max-image-preview":"max-image-preview:large","max-video-preview":"max-video-preview:-1"},"canonical":"https:\/\/intl.phonak.com\/main-english\/hearing-loss\/hearing-aid-customization\/","og_locale":"lv_LV","og_type":"article","og_title":"Dzirdes apar\u0101tu piel\u0101go\u0161ana - Phonak - Latvija","og_description":"Iepaz\u012bstiet savu dzirdes apar\u0101tu Dzirdes apr\u016bpes speci\u0101lists sniegs jums detaliz\u0113tus nor\u0101d\u012bjumus: K\u0101 ievietot ier\u012bci, k\u0101 to lietot un k\u0101 kontrol\u0113t...","og_url":"https:\/\/intl.phonak.com\/lv-lv\/dzirdes-zudums\/dzirdes-aparata-individuala-pielagosana\/","og_site_name":"Phonak - Latvija","article_modified_time":"2025-11-04T10:55:49+00:00","og_image":[{"width":600,"height":600,"url":"https:\/\/intl.phonak.com\/lv-lv\/wp-content\/uploads\/sites\/73\/2021\/11\/PH_Packshot_Audeo-I-Sphere-xReceiver_050-1029-P7_1b5d83.png","type":"image\/png"}],"twitter_card":"summary_large_image","twitter_misc":{"Est. reading time":"3 minutes"},"schema":{"@context":"https:\/\/schema.org","@graph":[{"@type":"WebPage","@id":"https:\/\/intl.phonak.com\/lv-lv\/dzirdes-zudums\/dzirdes-aparata-individuala-pielagosana\/","url":"https:\/\/intl.phonak.com\/lv-lv\/dzirdes-zudums\/dzirdes-aparata-individuala-pielagosana\/","name":"Dzirdes apar\u0101tu piel\u0101go\u0161ana - Phonak - Latvija","isPartOf":{"@id":"https:\/\/intl.phonak.com\/lv-lv\/#website"},"primaryImageOfPage":{"@id":"https:\/\/intl.phonak.com\/lv-lv\/dzirdes-zudums\/dzirdes-aparata-individuala-pielagosana\/#primaryimage"},"image":{"@id":"https:\/\/intl.phonak.com\/lv-lv\/dzirdes-zudums\/dzirdes-aparata-individuala-pielagosana\/#primaryimage"},"thumbnailUrl":"https:\/\/intl.phonak.com\/lv-lv\/wp-content\/uploads\/sites\/73\/2021\/11\/PH_Packshot_Audeo-I-Sphere-xReceiver_050-1029-P7_1b5d83.png","datePublished":"2021-11-30T14:36:50+00:00","dateModified":"2025-11-04T10:55:49+00:00","breadcrumb":{"@id":"https:\/\/intl.phonak.com\/lv-lv\/dzirdes-zudums\/dzirdes-aparata-individuala-pielagosana\/#breadcrumb"},"inLanguage":"lv-LV","potentialAction":[{"@type":"ReadAction","target":["https:\/\/intl.phonak.com\/lv-lv\/dzirdes-zudums\/dzirdes-aparata-individuala-pielagosana\/"]}]},{"@type":"ImageObject","inLanguage":"lv-LV","@id":"https:\/\/intl.phonak.com\/lv-lv\/dzirdes-zudums\/dzirdes-aparata-individuala-pielagosana\/#primaryimage","url":"https:\/\/intl.phonak.com\/lv-lv\/wp-content\/uploads\/sites\/73\/2021\/11\/PH_Packshot_Audeo-I-Sphere-xReceiver_050-1029-P7_1b5d83.png","contentUrl":"https:\/\/intl.phonak.com\/lv-lv\/wp-content\/uploads\/sites\/73\/2021\/11\/PH_Packshot_Audeo-I-Sphere-xReceiver_050-1029-P7_1b5d83.png","width":600,"height":600,"caption":"Phonak Aud\u00e9o Sphere Infinio"},{"@type":"BreadcrumbList","@id":"https:\/\/intl.phonak.com\/lv-lv\/dzirdes-zudums\/dzirdes-aparata-individuala-pielagosana\/#breadcrumb","itemListElement":[{"@type":"ListItem","position":1,"name":"Home","item":"https:\/\/intl.phonak.com\/lv-lv\/"},{"@type":"ListItem","position":2,"name":"Dzirdes zudums","item":"https:\/\/intl.phonak.com\/lv-lv\/dzirdes-zudums\/"},{"@type":"ListItem","position":3,"name":"Dzirdes apar\u0101ta individu\u0101la piel\u0101go\u0161ana"}]},{"@type":"WebSite","@id":"https:\/\/intl.phonak.com\/lv-lv\/#website","url":"https:\/\/intl.phonak.com\/lv-lv\/","name":"Phonak - Latvija","description":"Ap\u0146\u0113mu\u0161ies main\u012bt dz\u012bves","publisher":{"@id":"https:\/\/intl.phonak.com\/lv-lv\/#organization"},"potentialAction":[{"@type":"SearchAction","target":{"@type":"EntryPoint","urlTemplate":"https:\/\/intl.phonak.com\/lv-lv\/?s={search_term_string}"},"query-input":{"@type":"PropertyValueSpecification","valueRequired":true,"valueName":"search_term_string"}}],"inLanguage":"lv-LV"},{"@type":"Organization","@id":"https:\/\/intl.phonak.com\/lv-lv\/#organization","name":"Phonak - Latvija","url":"https:\/\/intl.phonak.com\/lv-lv\/","logo":{"@type":"ImageObject","inLanguage":"lv-LV","@id":"https:\/\/intl.phonak.com\/lv-lv\/#\/schema\/logo\/image\/","url":"https:\/\/intl.phonak.com\/lv-lv\/wp-content\/uploads\/sites\/73\/2025\/07\/logo-phonak.svg","contentUrl":"https:\/\/intl.phonak.com\/lv-lv\/wp-content\/uploads\/sites\/73\/2025\/07\/logo-phonak.svg","caption":"Phonak - Latvija"},"image":{"@id":"https:\/\/intl.phonak.com\/lv-lv\/#\/schema\/logo\/image\/"}}]}},"jetpack_sharing_enabled":true,"distributor_meta":false,"distributor_terms":false,"distributor_media":false,"distributor_original_site_name":"Phonak - Latvija","distributor_original_site_url":"https:\/\/intl.phonak.com\/lv-lv","push-errors":false,"_links":{"self":[{"href":"https:\/\/intl.phonak.com\/lv-lv\/wp-json\/wp\/v2\/pages\/313","targetHints":{"allow":["GET"]}}],"collection":[{"href":"https:\/\/intl.phonak.com\/lv-lv\/wp-json\/wp\/v2\/pages"}],"about":[{"href":"https:\/\/intl.phonak.com\/lv-lv\/wp-json\/wp\/v2\/types\/page"}],"author":[{"embeddable":true,"href":"https:\/\/intl.phonak.com\/lv-lv\/wp-json\/wp\/v2\/users\/5"}],"replies":[{"embeddable":true,"href":"https:\/\/intl.phonak.com\/lv-lv\/wp-json\/wp\/v2\/comments?post=313"}],"version-history":[{"count":8,"href":"https:\/\/intl.phonak.com\/lv-lv\/wp-json\/wp\/v2\/pages\/313\/revisions"}],"predecessor-version":[{"id":916,"href":"https:\/\/intl.phonak.com\/lv-lv\/wp-json\/wp\/v2\/pages\/313\/revisions\/916"}],"up":[{"embeddable":true,"href":"https:\/\/intl.phonak.com\/lv-lv\/wp-json\/wp\/v2\/pages\/317"}],"wp:featuredmedia":[{"embeddable":true,"href":"https:\/\/intl.phonak.com\/lv-lv\/wp-json\/wp\/v2\/media\/513"}],"wp:attachment":[{"href":"https:\/\/intl.phonak.com\/lv-lv\/wp-json\/wp\/v2\/media?parent=313"}],"curies":[{"name":"wp","href":"https:\/\/api.w.org\/{rel}","templated":true}]}}