{"id":386,"date":"2021-11-18T16:56:57","date_gmt":"2021-11-18T16:56:57","guid":{"rendered":"https:\/\/intl.phonak.com\/lt-lt\/pediatric-solutions\/"},"modified":"2025-09-12T21:28:36","modified_gmt":"2025-09-12T21:28:36","slug":"sprendimai-vaikams","status":"publish","type":"page","link":"https:\/\/intl.phonak.com\/lt-lt\/sprendimai\/sprendimai-vaikams\/","title":{"rendered":"Sprendimai vaikams"},"content":{"rendered":"\n<div class=\"wp-block-cover alignfull is-light\"><img decoding=\"async\" class=\"wp-block-cover__image-background wp-image-6552\" alt=\"\" src=\"https:\/\/intl.phonak.com\/lt-lt\/wp-content\/uploads\/sites\/3\/2023\/02\/PH_Pic_generic_kids_01.png\" data-object-fit=\"cover\"\/><span aria-hidden=\"true\" class=\"wp-block-cover__background has-white-background-color has-background-dim\"><\/span><div class=\"wp-block-cover__inner-container is-layout-flow wp-block-cover-is-layout-flow\">\n<h1 class=\"wp-block-heading has-text-align-center has-dark-grey-color has-text-color\" id=\"discover-your-child-s-hearing\">Atraskite vaiko klaus\u0105<\/h1>\n\n\n\n<p class=\"has-text-align-center has-dark-grey-color has-text-color has-lead-font-size\">Vaik\u0173 klausos sprendimai kiekvienam am\u017eiui<\/p>\n<\/div><\/div>\n\n\n\n<div style=\"height:21px\" aria-hidden=\"true\" class=\"wp-block-spacer\"><\/div>\n\n\n\n<h2 class=\"wp-block-heading has-text-align-center\">Klausos sprendimai vaikams ir paaugliams<\/h2>\n\n\n\n<p class=\"has-text-align-center is-style-default\">Kiekvienas vaikas yra unikalus, taip pat ir jo klausymosi poreikiai. Su daugybe &#8220;Phonak&#8221; klausos aparat\u0173 ir belaid\u017eio ry\u0161io pried\u0173 yra technologinis sprendimas kiekvienam vaiko am\u017eiui.<\/p>\n\n\n\n<p class=\"has-text-align-center\">Prieiga prie \u017eod\u017ei\u0173 ir pokalbi\u0173 yra gyvybi\u0161kai svarbi vaik\u0173 ir paaugli\u0173 vystymuisi. Pokalbiai su artimaisiais \u2013 vakarien\u0117je, parke, automobilyje \u2013 yra vieni svarbiausi\u0173 ingredient\u0173 formuojant kalbos vystym\u0105si.<\/p>\n\n\n\n<p class=\"has-text-align-center\">Sukurti kalba turting\u0105 aplink\u0105 klausos negali\u0105 turintiems vaikams rei\u0161kia maksimaliai i\u0161naudoti visas bendravimo galimybes, o klausos aparatai vaikams, skirti patogiai ne\u0161ioti vis\u0105 dien\u0105, padeda klausos negali\u0105 turintiems vaikams ir paaugliams maksimaliai padidinti jiems prieinam\u0105 &#8220;tarnauti ir gr\u0105\u017einti&#8221; s\u0105veik\u0105 per nuolat besikei\u010dian\u010dias situacijas.<\/p>\n\n\n\n<div style=\"height:53px\" aria-hidden=\"true\" class=\"wp-block-spacer\"><\/div>\n\n\n\n<div class=\"wp-block-media-text has-media-on-the-right is-stacked-on-mobile\"><div class=\"wp-block-media-text__content\">\n<h3 class=\"wp-block-heading has-blue-color has-text-color\">K\u016bdikiai ir ma\u017ei vaikai<\/h3>\n\n\n\n<p>\u0160iai am\u017eiaus grupei svarbu suteikti klausos stimuliacij\u0105 ir kad vaikas kuo daugiau d\u0117v\u0117t\u0173 klausos aparatus. K\u016bdikiai ir ma\u017ei vaikai da\u017eniausiai ne\u0161ioja u\u017eausinius klausos aparatus, nes jie u\u017etikrina geriausi\u0105 komfort\u0105, stabilum\u0105 ir saugum\u0105 \u0161iai am\u017eiaus grupei.<\/p>\n\n\n\n<h5 class=\"wp-block-heading\"><strong>Vaik\u0173 klausos patikrinimai<\/strong><\/h5>\n\n\n\n<p>Klausos geb\u0117jimus naujagimiams galima patikrinti netrukus po gimimo. Kuo anks\u010diau nustatomas klausos praradimas, tuo geriau, nes tinkama intervencija yra labai svarbi j\u016bs\u0173 vaiko kalbos ir kalbos vystymuisi.<\/p>\n<\/div><figure class=\"wp-block-media-text__media\"><img decoding=\"async\" src=\"https:\/\/intl.phonak.com\/lt-lt\/wp-content\/uploads\/sites\/3\/2023\/12\/Visual_Sky-L-PR_ChildAndMomExhibitionBackdropCropped.jpg?w=592\" alt=\"Mom and daughter \" class=\"wp-image-7305 size-full\"\/><\/figure><\/div>\n\n\n\n<div class=\"wp-block-media-text is-stacked-on-mobile\"><figure class=\"wp-block-media-text__media\"><img decoding=\"async\" src=\"https:\/\/intl.phonak.com\/lt-lt\/wp-content\/uploads\/sites\/3\/2023\/12\/Visual_Sky-L-UP_Kid.jpg?w=592\" alt=\"Kids\" class=\"wp-image-7308 size-full\"\/><\/figure><div class=\"wp-block-media-text__content\">\n<h3 class=\"wp-block-heading has-blue-color has-text-color\">Mokyklinio am\u017eiaus vaikai<\/h3>\n\n\n\n<p>Vaikai pradeda b\u016bti savaranki\u0161kesni ir \u0161iame am\u017eiuje susiduria su sud\u0117tingesn\u0117mis bendravimo situacijomis. Kad j\u016bs\u0173 vaikui b\u016bt\u0173 lengviau suprasti, k\u0105 sako mokytojas, arba i\u0161girsti jus skambinant, yra belaid\u017eio ry\u0161io \u012franki\u0173. Skirtingi spalv\u0173 deriniai leid\u017eia vaikui smagu ne\u0161ioti klausos aparatus.<\/p>\n<\/div><\/div>\n\n\n\n<div class=\"wp-block-media-text has-media-on-the-right is-stacked-on-mobile\"><div class=\"wp-block-media-text__content\">\n<h3 class=\"wp-block-heading has-blue-color has-text-color\">Paaugliams<\/h3>\n\n\n\n<p>J\u016bs\u0173 paauglys nori b\u016bti kaip bet kuris kitas paauglys: sportuoti, klausytis muzikos, leisti laik\u0105 su draugais, parodyti savo unikalum\u0105 per mad\u0105 ar \u0161ukuosenas ir t.t. Visa tai j\u016bs\u0173 paauglys gali padaryti d\u0117l belaid\u017ei\u0173 pried\u0173, kurie sujungia klausos aparatus su mp3 grotuvu, mobiliuoju telefonu, plan\u0161etiniu kompiuteriu ar televizoriumi. I\u0161girsti trener\u012f ar draugus, net per atstum\u0105 ar triuk\u0161mingoje aplinkoje, bus lengva.<\/p>\n<\/div><figure class=\"wp-block-media-text__media\"><img decoding=\"async\" src=\"https:\/\/intl.phonak.com\/lt-lt\/wp-content\/uploads\/sites\/3\/2023\/12\/Visual_Audeo-L-RL_Teen-1-1-Converstations-in-Loud-1.jpg?w=592\" alt=\"Teenagers\" class=\"wp-image-7310 size-full\"\/><\/figure><\/div>\n\n\n\n<div style=\"height:39px\" aria-hidden=\"true\" class=\"wp-block-spacer\"><\/div>\n\n\n\n<div class=\"wp-block-media-text is-stacked-on-mobile\"><figure class=\"wp-block-media-text__media\"><img decoding=\"async\" src=\"https:\/\/intl.phonak.com\/lt-lt\/wp-content\/uploads\/sites\/3\/2022\/03\/Roger-Ped-accessories-RGB.jpg?w=1024\" alt=\"\" class=\"wp-image-5309 size-full\"\/><\/figure><div class=\"wp-block-media-text__content\">\n<h3 class=\"wp-block-heading has-blue-color has-text-color\" id=\"meet-roger\">Susipa\u017einkite su Roger \u0161vietimui<\/h3>\n\n\n\n<p>Daugelyje situacij\u0173 gali kilti klausymosi i\u0161\u0161\u016bki\u0173, tod\u0117l kartais net pa\u017eangiausi\u0105 klausos aparat\u0173 technologij\u0105 reikia sustiprinti. Su m\u016bs\u0173 belaid\u017eiais priedais j\u016bs\u0173 vaikas gali lengviau bendrauti ir prisijungti prie \u0161iuolaikini\u0173 garso technologij\u0173, toki\u0173 kaip i\u0161manieji telefonai, &#8220;Bluetooth&#8221;\u00ae \u012frenginiai, MP3 grotuvai ir televizoriai.<\/p>\n\n\n\n<p><a href=\"https:\/\/intl.phonak.com\/lt-lt\/solutions\/roger-for-education\/\">Skaitykite daugiau apie Roger \u0161vietimui<\/a><\/p>\n<\/div><\/div>\n\n\n\n<div class=\"wp-block-group alignfull has-light-grey-background-color has-background is-layout-flow wp-block-group-is-layout-flow\">\n\t<div class=\"wp-block-pho-product-selection \">\n\t\t<div class=\"grid-x grid-padding-x grid-padding-y\">\n\n\t\t\t\n\t\t\t\t<div class=\"cell medium-6 large-4 flex-container\">\n\t\t\t\t\t\n<article id=\"post-166\" class=\"product-card post-166 pho_products type-pho_products status-publish has-post-thumbnail hentry pho_product_type-priedai pho_product_category-priedai pho_product_platforms-priedai\">\n\t\t<a class=\"flex-container flex-dir-column align-justify align-top\" href=\"https:\/\/intl.phonak.com\/lt-lt\/produktai\/phonak-remotecontrol\/\">\n\t\t<div class=\"product-card-content-wrapper\">\n\t\t\t\n\t\t\t\t<div class=\"product-image-wrapper\">\n\t\t\t\t\t<img loading=\"lazy\" decoding=\"async\" width=\"600\" height=\"600\" src=\"https:\/\/intl.phonak.com\/lt-lt\/wp-content\/uploads\/sites\/72\/2021\/11\/Packshot_Phonak_RemoteControl_Perspective_076-0065.png?w=600\" class=\"attachment-post-thumbnail size-post-thumbnail wp-post-image\" alt=\"\" srcset=\"https:\/\/intl.phonak.com\/lt-lt\/wp-content\/uploads\/sites\/72\/2021\/11\/Packshot_Phonak_RemoteControl_Perspective_076-0065.png 600w, https:\/\/intl.phonak.com\/lt-lt\/wp-content\/uploads\/sites\/72\/2021\/11\/Packshot_Phonak_RemoteControl_Perspective_076-0065.png?resize=150,150 150w, https:\/\/intl.phonak.com\/lt-lt\/wp-content\/uploads\/sites\/72\/2021\/11\/Packshot_Phonak_RemoteControl_Perspective_076-0065.png?resize=300,300 300w\" sizes=\"auto, (max-width: 600px) 100vw, 600px\" \/>\t\t\t\t<\/div>\n\n\t\t\t\t<h3 class=\"entry-title\">Phonak RemoteControl<\/h3><p>&#8220;Phonak&#8221; nuotolinio valdymo pultas yra paprastas ir labai diskreti\u0161kas b\u016bdas valdyti &#8220;Phonak&#8221; klausos aparatus.<\/p>\n\t\t<\/div>\n\t\t<div class=\"wp-block-button\">\n\t\t\t<div class=\"wp-block-button__link\">Skaityti daugiau<\/div>\n\t\t<\/div>\n\t<\/a>\n<\/article><!-- #post-166 -->\n\t\t\t\t<\/div>\n\n\t\t\t\t\n\t\t\t\t<div class=\"cell medium-6 large-4 flex-container\">\n\t\t\t\t\t\n<article id=\"post-162\" class=\"product-card post-162 pho_products type-pho_products status-publish has-post-thumbnail hentry pho_product_type-priedai pho_product_category-priedai pho_product_platforms-priedai\">\n\t\t<a class=\"flex-container flex-dir-column align-justify align-top\" href=\"https:\/\/intl.phonak.com\/lt-lt\/produktai\/tv-connector\/\">\n\t\t<div class=\"product-card-content-wrapper\">\n\t\t\t\n\t\t\t\t<div class=\"product-image-wrapper\">\n\t\t\t\t\t<img loading=\"lazy\" decoding=\"async\" width=\"600\" height=\"600\" src=\"https:\/\/intl.phonak.com\/lt-lt\/wp-content\/uploads\/sites\/72\/2021\/11\/Packshot_TV_Connector_D_perspective1_076-3006-0612-1-1-1-1-1.png?w=600\" class=\"attachment-post-thumbnail size-post-thumbnail wp-post-image\" alt=\"TV Connector\" srcset=\"https:\/\/intl.phonak.com\/lt-lt\/wp-content\/uploads\/sites\/72\/2021\/11\/Packshot_TV_Connector_D_perspective1_076-3006-0612-1-1-1-1-1.png 600w, https:\/\/intl.phonak.com\/lt-lt\/wp-content\/uploads\/sites\/72\/2021\/11\/Packshot_TV_Connector_D_perspective1_076-3006-0612-1-1-1-1-1.png?resize=150,150 150w, https:\/\/intl.phonak.com\/lt-lt\/wp-content\/uploads\/sites\/72\/2021\/11\/Packshot_TV_Connector_D_perspective1_076-3006-0612-1-1-1-1-1.png?resize=300,300 300w\" sizes=\"auto, (max-width: 600px) 100vw, 600px\" \/>\t\t\t\t<\/div>\n\n\t\t\t\t<h3 class=\"entry-title\">TV Connector<\/h3><p>Paprastas naudoti TV ir muzikos srautinio perdavimo \u012frenginys.<\/p>\n\t\t<\/div>\n\t\t<div class=\"wp-block-button\">\n\t\t\t<div class=\"wp-block-button__link\">Skaityti daugiau<\/div>\n\t\t<\/div>\n\t<\/a>\n<\/article><!-- #post-162 -->\n\t\t\t\t<\/div>\n\n\t\t\t\t\n\t\t\t\t<div class=\"cell medium-6 large-4 flex-container\">\n\t\t\t\t\t\n<article id=\"post-158\" class=\"product-card post-158 pho_products type-pho_products status-publish has-post-thumbnail hentry pho_product_type-priedai pho_product_category-priedai pho_product_platforms-priedai\">\n\t\t<a class=\"flex-container flex-dir-column align-justify align-top\" href=\"https:\/\/intl.phonak.com\/lt-lt\/produktai\/phonak-partnermic\/\">\n\t\t<div class=\"product-card-content-wrapper\">\n\t\t\t\n\t\t\t\t<div class=\"product-image-wrapper\">\n\t\t\t\t\t<img loading=\"lazy\" decoding=\"async\" width=\"600\" height=\"600\" src=\"https:\/\/intl.phonak.com\/lt-lt\/wp-content\/uploads\/sites\/72\/2021\/11\/Packshot_Phonak_PartnerMic_perspective1_076-4000-P5.png?w=600\" class=\"attachment-post-thumbnail size-post-thumbnail wp-post-image\" alt=\"Phonak Partner Mic\" srcset=\"https:\/\/intl.phonak.com\/lt-lt\/wp-content\/uploads\/sites\/72\/2021\/11\/Packshot_Phonak_PartnerMic_perspective1_076-4000-P5.png 600w, https:\/\/intl.phonak.com\/lt-lt\/wp-content\/uploads\/sites\/72\/2021\/11\/Packshot_Phonak_PartnerMic_perspective1_076-4000-P5.png?resize=150,150 150w, https:\/\/intl.phonak.com\/lt-lt\/wp-content\/uploads\/sites\/72\/2021\/11\/Packshot_Phonak_PartnerMic_perspective1_076-4000-P5.png?resize=300,300 300w\" sizes=\"auto, (max-width: 600px) 100vw, 600px\" \/>\t\t\t\t<\/div>\n\n\t\t\t\t<h3 class=\"entry-title\">Phonak PartnerMic\u2122<\/h3><p>&#8220;Phonak PartnerMic&#8221; yra diskreti\u0161kas ir lengvai naudojamas nuotolinis mikrofonas asmeniniams pokalbiams.<\/p>\n\t\t<\/div>\n\t\t<div class=\"wp-block-button\">\n\t\t\t<div class=\"wp-block-button__link\">Skaityti daugiau<\/div>\n\t\t<\/div>\n\t<\/a>\n<\/article><!-- #post-158 -->\n\t\t\t\t<\/div>\n\n\t\t\t\t\n\t\t<\/div>\n\t<\/div>\n\n\t\n\n\n<div class=\"wp-block-buttons is-content-justification-center is-layout-flex wp-container-core-buttons-is-layout-16018d1d wp-block-buttons-is-layout-flex\">\n<div class=\"wp-block-button\"><a class=\"wp-block-button__link wp-element-button\" href=\"https:\/\/intl.phonak.com\/lt-lt\/sprendimai\/produktai\/\">Visi produktai<\/a><\/div>\n<\/div>\n<\/div>\n\n\n\n<div class=\"wp-block-media-text is-stacked-on-mobile cta-block\" style=\"grid-template-columns:35% auto\"><figure class=\"wp-block-media-text__media\"><img decoding=\"async\" src=\"https:\/\/intl.phonak.com\/main-english\/wp-content\/uploads\/sites\/3\/2021\/11\/cta-image.jpg?w=401\" alt=\"\" class=\"wp-image-6738 size-full\"\/><\/figure><div class=\"wp-block-media-text__content\">\n<div class=\"wp-block-create-block-icon-selector\"><i class=\"fal fa-map-marker-alt\"><\/i><\/div>   \n<h3 class=\"wp-block-heading\">Klausos specialistai netoli j\u016bs\u0173<\/h3>   <p>Klausos specialistai gali pad\u0117ti jums pasirinkti jums tinkamiausi\u0105 pasirinkim\u0105. Jie atsi\u017evelgs \u012f j\u016bs\u0173 klausos poreikius, biud\u017eet\u0105, gyvenimo b\u016bd\u0105 ir individualias klausos nuostatas. <\/p>   <div class=\"wp-block-buttons is-layout-flex wp-block-buttons-is-layout-flex\">\n<div class=\"wp-block-button is-style-marker-green\"><a class=\"wp-block-button__link wp-element-button\" href=\"https:\/\/intl.phonak.com\/lt-lt\/rasti-specialista\/\">Raskite specialist\u0105<\/a><\/div>\n<\/div>\n<\/div><\/div> ","protected":false},"excerpt":{"rendered":"<p>Klausos sprendimai vaikams ir paaugliams Kiekvienas vaikas yra unikalus, taip pat ir jo klausymosi poreikiai. Su daugybe &#8220;Phonak&#8221; klausos aparat\u0173&#8230;<\/p>\n","protected":false},"author":5,"featured_media":498,"parent":340,"menu_order":0,"comment_status":"closed","ping_status":"closed","template":"","meta":{"_acf_changed":false,"inline_featured_image":false,"footnotes":""},"class_list":["post-386","page","type-page","status-publish","has-post-thumbnail","hentry"],"acf":[],"yoast_head":"<!-- This site is optimized with the Yoast SEO plugin v26.9 - https:\/\/yoast.com\/product\/yoast-seo-wordpress\/ -->\n<title>Sprendimai vaikams - Phonak - Lietuva<\/title>\n<meta name=\"robots\" content=\"index, follow, max-snippet:-1, max-image-preview:large, max-video-preview:-1\" \/>\n<link rel=\"canonical\" href=\"https:\/\/intl.phonak.com\/main-english\/solutions\/pediatric-solutions\/\" \/>\n<meta property=\"og:locale\" content=\"lt_LT\" \/>\n<meta property=\"og:type\" content=\"article\" \/>\n<meta property=\"og:title\" content=\"Sprendimai vaikams - Phonak - Lietuva\" \/>\n<meta property=\"og:description\" content=\"Klausos sprendimai vaikams ir paaugliams Kiekvienas vaikas yra unikalus, taip pat ir jo klausymosi poreikiai. Su daugybe &#8220;Phonak&#8221; klausos aparat\u0173...\" \/>\n<meta property=\"og:url\" content=\"https:\/\/intl.phonak.com\/lt-lt\/sprendimai\/sprendimai-vaikams\/\" \/>\n<meta property=\"og:site_name\" content=\"Phonak - Lietuva\" \/>\n<meta property=\"article:modified_time\" content=\"2025-09-12T21:28:36+00:00\" \/>\n<meta property=\"og:image\" content=\"https:\/\/intl.phonak.com\/lt-lt\/wp-content\/uploads\/sites\/72\/2021\/11\/PH_Packshot_Audeo-I-Sphere-xReceiver_050-1029-P7_a7c20d.png\" \/>\n\t<meta property=\"og:image:width\" content=\"600\" \/>\n\t<meta property=\"og:image:height\" content=\"600\" \/>\n\t<meta property=\"og:image:type\" content=\"image\/png\" \/>\n<meta name=\"twitter:card\" content=\"summary_large_image\" \/>\n<meta name=\"twitter:label1\" content=\"Est. reading time\" \/>\n\t<meta name=\"twitter:data1\" content=\"4 minutes\" \/>\n<script type=\"application\/ld+json\" class=\"yoast-schema-graph\">{\"@context\":\"https:\/\/schema.org\",\"@graph\":[{\"@type\":\"WebPage\",\"@id\":\"https:\/\/intl.phonak.com\/lt-lt\/sprendimai\/sprendimai-vaikams\/\",\"url\":\"https:\/\/intl.phonak.com\/lt-lt\/sprendimai\/sprendimai-vaikams\/\",\"name\":\"Sprendimai vaikams - Phonak - Lietuva\",\"isPartOf\":{\"@id\":\"https:\/\/intl.phonak.com\/lt-lt\/#website\"},\"primaryImageOfPage\":{\"@id\":\"https:\/\/intl.phonak.com\/lt-lt\/sprendimai\/sprendimai-vaikams\/#primaryimage\"},\"image\":{\"@id\":\"https:\/\/intl.phonak.com\/lt-lt\/sprendimai\/sprendimai-vaikams\/#primaryimage\"},\"thumbnailUrl\":\"https:\/\/intl.phonak.com\/lt-lt\/wp-content\/uploads\/sites\/72\/2021\/11\/PH_Packshot_Audeo-I-Sphere-xReceiver_050-1029-P7_a7c20d.png\",\"datePublished\":\"2021-11-18T16:56:57+00:00\",\"dateModified\":\"2025-09-12T21:28:36+00:00\",\"breadcrumb\":{\"@id\":\"https:\/\/intl.phonak.com\/lt-lt\/sprendimai\/sprendimai-vaikams\/#breadcrumb\"},\"inLanguage\":\"lt-LT\",\"potentialAction\":[{\"@type\":\"ReadAction\",\"target\":[\"https:\/\/intl.phonak.com\/lt-lt\/sprendimai\/sprendimai-vaikams\/\"]}]},{\"@type\":\"ImageObject\",\"inLanguage\":\"lt-LT\",\"@id\":\"https:\/\/intl.phonak.com\/lt-lt\/sprendimai\/sprendimai-vaikams\/#primaryimage\",\"url\":\"https:\/\/intl.phonak.com\/lt-lt\/wp-content\/uploads\/sites\/72\/2021\/11\/PH_Packshot_Audeo-I-Sphere-xReceiver_050-1029-P7_a7c20d.png\",\"contentUrl\":\"https:\/\/intl.phonak.com\/lt-lt\/wp-content\/uploads\/sites\/72\/2021\/11\/PH_Packshot_Audeo-I-Sphere-xReceiver_050-1029-P7_a7c20d.png\",\"width\":600,\"height\":600,\"caption\":\"Phonak Aud\u00e9o Sphere Infinio\"},{\"@type\":\"BreadcrumbList\",\"@id\":\"https:\/\/intl.phonak.com\/lt-lt\/sprendimai\/sprendimai-vaikams\/#breadcrumb\",\"itemListElement\":[{\"@type\":\"ListItem\",\"position\":1,\"name\":\"Home\",\"item\":\"https:\/\/intl.phonak.com\/lt-lt\/\"},{\"@type\":\"ListItem\",\"position\":2,\"name\":\"Sprendimai\",\"item\":\"https:\/\/intl.phonak.com\/lt-lt\/sprendimai\/\"},{\"@type\":\"ListItem\",\"position\":3,\"name\":\"Sprendimai vaikams\"}]},{\"@type\":\"WebSite\",\"@id\":\"https:\/\/intl.phonak.com\/lt-lt\/#website\",\"url\":\"https:\/\/intl.phonak.com\/lt-lt\/\",\"name\":\"Phonak - Lietuva\",\"description\":\"Pasiry\u017e\u0119 keisti gyvenimus\",\"publisher\":{\"@id\":\"https:\/\/intl.phonak.com\/lt-lt\/#organization\"},\"potentialAction\":[{\"@type\":\"SearchAction\",\"target\":{\"@type\":\"EntryPoint\",\"urlTemplate\":\"https:\/\/intl.phonak.com\/lt-lt\/?s={search_term_string}\"},\"query-input\":{\"@type\":\"PropertyValueSpecification\",\"valueRequired\":true,\"valueName\":\"search_term_string\"}}],\"inLanguage\":\"lt-LT\"},{\"@type\":\"Organization\",\"@id\":\"https:\/\/intl.phonak.com\/lt-lt\/#organization\",\"name\":\"Phonak - Lietuva\",\"url\":\"https:\/\/intl.phonak.com\/lt-lt\/\",\"logo\":{\"@type\":\"ImageObject\",\"inLanguage\":\"lt-LT\",\"@id\":\"https:\/\/intl.phonak.com\/lt-lt\/#\/schema\/logo\/image\/\",\"url\":\"https:\/\/intl.phonak.com\/lt-lt\/wp-content\/uploads\/sites\/72\/2025\/07\/logo-phonak.svg\",\"contentUrl\":\"https:\/\/intl.phonak.com\/lt-lt\/wp-content\/uploads\/sites\/72\/2025\/07\/logo-phonak.svg\",\"caption\":\"Phonak -  Lietuva\"},\"image\":{\"@id\":\"https:\/\/intl.phonak.com\/lt-lt\/#\/schema\/logo\/image\/\"}}]}<\/script>\n<!-- \/ Yoast SEO plugin. -->","yoast_head_json":{"title":"Sprendimai vaikams - Phonak - Lietuva","robots":{"index":"index","follow":"follow","max-snippet":"max-snippet:-1","max-image-preview":"max-image-preview:large","max-video-preview":"max-video-preview:-1"},"canonical":"https:\/\/intl.phonak.com\/main-english\/solutions\/pediatric-solutions\/","og_locale":"lt_LT","og_type":"article","og_title":"Sprendimai vaikams - Phonak - Lietuva","og_description":"Klausos sprendimai vaikams ir paaugliams Kiekvienas vaikas yra unikalus, taip pat ir jo klausymosi poreikiai. Su daugybe &#8220;Phonak&#8221; klausos aparat\u0173...","og_url":"https:\/\/intl.phonak.com\/lt-lt\/sprendimai\/sprendimai-vaikams\/","og_site_name":"Phonak - Lietuva","article_modified_time":"2025-09-12T21:28:36+00:00","og_image":[{"width":600,"height":600,"url":"https:\/\/intl.phonak.com\/lt-lt\/wp-content\/uploads\/sites\/72\/2021\/11\/PH_Packshot_Audeo-I-Sphere-xReceiver_050-1029-P7_a7c20d.png","type":"image\/png"}],"twitter_card":"summary_large_image","twitter_misc":{"Est. reading time":"4 minutes"},"schema":{"@context":"https:\/\/schema.org","@graph":[{"@type":"WebPage","@id":"https:\/\/intl.phonak.com\/lt-lt\/sprendimai\/sprendimai-vaikams\/","url":"https:\/\/intl.phonak.com\/lt-lt\/sprendimai\/sprendimai-vaikams\/","name":"Sprendimai vaikams - Phonak - Lietuva","isPartOf":{"@id":"https:\/\/intl.phonak.com\/lt-lt\/#website"},"primaryImageOfPage":{"@id":"https:\/\/intl.phonak.com\/lt-lt\/sprendimai\/sprendimai-vaikams\/#primaryimage"},"image":{"@id":"https:\/\/intl.phonak.com\/lt-lt\/sprendimai\/sprendimai-vaikams\/#primaryimage"},"thumbnailUrl":"https:\/\/intl.phonak.com\/lt-lt\/wp-content\/uploads\/sites\/72\/2021\/11\/PH_Packshot_Audeo-I-Sphere-xReceiver_050-1029-P7_a7c20d.png","datePublished":"2021-11-18T16:56:57+00:00","dateModified":"2025-09-12T21:28:36+00:00","breadcrumb":{"@id":"https:\/\/intl.phonak.com\/lt-lt\/sprendimai\/sprendimai-vaikams\/#breadcrumb"},"inLanguage":"lt-LT","potentialAction":[{"@type":"ReadAction","target":["https:\/\/intl.phonak.com\/lt-lt\/sprendimai\/sprendimai-vaikams\/"]}]},{"@type":"ImageObject","inLanguage":"lt-LT","@id":"https:\/\/intl.phonak.com\/lt-lt\/sprendimai\/sprendimai-vaikams\/#primaryimage","url":"https:\/\/intl.phonak.com\/lt-lt\/wp-content\/uploads\/sites\/72\/2021\/11\/PH_Packshot_Audeo-I-Sphere-xReceiver_050-1029-P7_a7c20d.png","contentUrl":"https:\/\/intl.phonak.com\/lt-lt\/wp-content\/uploads\/sites\/72\/2021\/11\/PH_Packshot_Audeo-I-Sphere-xReceiver_050-1029-P7_a7c20d.png","width":600,"height":600,"caption":"Phonak Aud\u00e9o Sphere Infinio"},{"@type":"BreadcrumbList","@id":"https:\/\/intl.phonak.com\/lt-lt\/sprendimai\/sprendimai-vaikams\/#breadcrumb","itemListElement":[{"@type":"ListItem","position":1,"name":"Home","item":"https:\/\/intl.phonak.com\/lt-lt\/"},{"@type":"ListItem","position":2,"name":"Sprendimai","item":"https:\/\/intl.phonak.com\/lt-lt\/sprendimai\/"},{"@type":"ListItem","position":3,"name":"Sprendimai vaikams"}]},{"@type":"WebSite","@id":"https:\/\/intl.phonak.com\/lt-lt\/#website","url":"https:\/\/intl.phonak.com\/lt-lt\/","name":"Phonak - Lietuva","description":"Pasiry\u017e\u0119 keisti gyvenimus","publisher":{"@id":"https:\/\/intl.phonak.com\/lt-lt\/#organization"},"potentialAction":[{"@type":"SearchAction","target":{"@type":"EntryPoint","urlTemplate":"https:\/\/intl.phonak.com\/lt-lt\/?s={search_term_string}"},"query-input":{"@type":"PropertyValueSpecification","valueRequired":true,"valueName":"search_term_string"}}],"inLanguage":"lt-LT"},{"@type":"Organization","@id":"https:\/\/intl.phonak.com\/lt-lt\/#organization","name":"Phonak - Lietuva","url":"https:\/\/intl.phonak.com\/lt-lt\/","logo":{"@type":"ImageObject","inLanguage":"lt-LT","@id":"https:\/\/intl.phonak.com\/lt-lt\/#\/schema\/logo\/image\/","url":"https:\/\/intl.phonak.com\/lt-lt\/wp-content\/uploads\/sites\/72\/2025\/07\/logo-phonak.svg","contentUrl":"https:\/\/intl.phonak.com\/lt-lt\/wp-content\/uploads\/sites\/72\/2025\/07\/logo-phonak.svg","caption":"Phonak -  Lietuva"},"image":{"@id":"https:\/\/intl.phonak.com\/lt-lt\/#\/schema\/logo\/image\/"}}]}},"jetpack_sharing_enabled":true,"distributor_meta":false,"distributor_terms":false,"distributor_media":false,"distributor_original_site_name":"Phonak -  Lietuva","distributor_original_site_url":"https:\/\/intl.phonak.com\/lt-lt","push-errors":false,"_links":{"self":[{"href":"https:\/\/intl.phonak.com\/lt-lt\/wp-json\/wp\/v2\/pages\/386","targetHints":{"allow":["GET"]}}],"collection":[{"href":"https:\/\/intl.phonak.com\/lt-lt\/wp-json\/wp\/v2\/pages"}],"about":[{"href":"https:\/\/intl.phonak.com\/lt-lt\/wp-json\/wp\/v2\/types\/page"}],"author":[{"embeddable":true,"href":"https:\/\/intl.phonak.com\/lt-lt\/wp-json\/wp\/v2\/users\/5"}],"replies":[{"embeddable":true,"href":"https:\/\/intl.phonak.com\/lt-lt\/wp-json\/wp\/v2\/comments?post=386"}],"version-history":[{"count":8,"href":"https:\/\/intl.phonak.com\/lt-lt\/wp-json\/wp\/v2\/pages\/386\/revisions"}],"predecessor-version":[{"id":852,"href":"https:\/\/intl.phonak.com\/lt-lt\/wp-json\/wp\/v2\/pages\/386\/revisions\/852"}],"up":[{"embeddable":true,"href":"https:\/\/intl.phonak.com\/lt-lt\/wp-json\/wp\/v2\/pages\/340"}],"wp:featuredmedia":[{"embeddable":true,"href":"https:\/\/intl.phonak.com\/lt-lt\/wp-json\/wp\/v2\/media\/498"}],"wp:attachment":[{"href":"https:\/\/intl.phonak.com\/lt-lt\/wp-json\/wp\/v2\/media?parent=386"}],"curies":[{"name":"wp","href":"https:\/\/api.w.org\/{rel}","templated":true}]}}