{"id":382,"date":"2021-11-29T20:47:45","date_gmt":"2021-11-29T20:47:45","guid":{"rendered":"https:\/\/intl.phonak.com\/lt-lt\/causes-of-hearing-loss\/"},"modified":"2025-09-17T15:40:06","modified_gmt":"2025-09-17T15:40:06","slug":"klausos-praradimo-priezastys","status":"publish","type":"page","link":"https:\/\/intl.phonak.com\/lt-lt\/klausos-praradimas\/klausos-praradimo-priezastys\/","title":{"rendered":"Klausos praradimo prie\u017eastys"},"content":{"rendered":"\n<div class=\"wp-block-cover alignfull is-light\"><img decoding=\"async\" class=\"wp-block-cover__image-background wp-image-4482\" alt=\"Signs of hearing loss\" src=\"https:\/\/intl.phonak.com\/lt-lt\/wp-content\/uploads\/sites\/3\/2022\/02\/Banner_ways-to-better-hearing.jpg\" style=\"object-position:15% 88%\" data-object-fit=\"cover\" data-object-position=\"15% 88%\"\/><span aria-hidden=\"true\" class=\"wp-block-cover__background has-white-background-color has-background-dim-40 has-background-dim\"><\/span><div class=\"wp-block-cover__inner-container is-layout-flow wp-block-cover-is-layout-flow\">\n<h1 class=\"wp-block-heading has-text-align-center has-dark-grey-color has-text-color\" id=\"causes-of-hearing-loss\">Klausos praradimo prie\u017eastys<\/h1>\n\n\n\n<p class=\"has-text-align-center has-dark-grey-color has-text-color has-lead-font-size\">Trumpas \u017evilgsnis \u012f tai, kod\u0117l j\u016bs ar artimas \u017emogus gali patirti klausos praradim\u0105<\/p>\n<\/div><\/div>\n\n\n\n<h2 class=\"wp-block-heading has-text-align-center\" id=\"listen-to-your-hearing\">Klausykite savo klausos<\/h2>\n\n\n\n<p class=\"has-text-align-center\">Gal\u0173 gale, j\u016bs galite gird\u0117ti tik tai, k\u0105 girdite. \u0160tai kod\u0117l tai, k\u0105 girdite, jums vis tiek gali atrodyti teisinga, net jei jau galite tur\u0117ti nedidel\u012f klausos praradim\u0105. Tiesa ta, kad j\u016bs\u0173 smegenys tiesiog prisitaiko prie naujos situacijos ir kompensuoja susilpn\u0117jusius signalus, sklindan\u010dius i\u0161 aus\u0173. Po kurio laiko j\u016bs\u0173 smegenys tiesiogine prasme pamir\u0161ta, kaip gird\u0117ti, nes neprisimena \u017eod\u017ei\u0173 garso.<br><\/p>\n\n\n\n<p class=\"has-text-align-center\">Klausos praradimas gali atsirasti d\u0117l bet kurios i\u0161 \u0161i\u0173 ausies dali\u0173 pa\u017eeidimo:<\/p>\n\n\n\n<div style=\"height:62px\" aria-hidden=\"true\" class=\"wp-block-spacer\"><\/div>\n\n\n\n<figure class=\"wp-block-image aligncenter size-large\"><img decoding=\"async\" src=\"https:\/\/intl.phonak.com\/lt-lt\/wp-content\/uploads\/sites\/3\/2024\/05\/Anatomy_Ear-neutral.jpg?w=809\" alt=\"\" class=\"wp-image-8161\"\/><\/figure>\n\n\n\n<div style=\"height:53px\" aria-hidden=\"true\" class=\"wp-block-spacer\"><\/div>\n\n\n\n<div class=\"wp-block-columns is-layout-flex wp-container-core-columns-is-layout-9d6595d7 wp-block-columns-is-layout-flex\">\n<div class=\"wp-block-column is-layout-flow wp-block-column-is-layout-flow\">\n<h4 class=\"wp-block-heading has-text-align-center has-blue-color has-text-color\" id=\"causes-in-the-outer-ear\">1. Prie\u017eastys i\u0161orin\u0117je ausyje<\/h4>\n\n\n\n<p class=\"has-text-align-center\">Tipi\u0161kos i\u0161orin\u0117s ausies problemos yra aus\u0173 sieros kam\u0161\u010diai ir klausos kanalo infekcijos. Paprastai spr\u0119sti \u0161ias problemas yra labai lengva. Ta\u010diau svarbu veikti greitai, kad b\u016bt\u0173 i\u0161vengta klausos pa\u017eeidimo.<\/p>\n<\/div>\n\n\n\n<div class=\"wp-block-column is-layout-flow wp-block-column-is-layout-flow\">\n<h4 class=\"wp-block-heading has-text-align-center has-blue-color has-text-color\" id=\"causes-in-the-middle-ear\">2. Prie\u017eastys vidurin\u0117je ausyje<\/h4>\n\n\n\n<p class=\"has-text-align-center\">U\u017edegimas, skystis u\u017e ausies b\u016bgnelio, ausies b\u016bgnelio perforacijos ir otoskleroz\u0117 (vidurin\u0117s ausies kaul\u0173 sustingimas) yra da\u017eniausiai pasitaikan\u010dios problemos, trukdan\u010dios vidurin\u0117s ausies funkcijai. Daugum\u0105 i\u0161orin\u0117s ir vidurin\u0117s ausies problem\u0173 galima veiksmingai i\u0161spr\u0119sti vaistais ar operacija. Jei tai ne\u012fmanoma, nuolatinis klausos praradimas daugeliu atvej\u0173 gali b\u016bti kompensuojamas klausos aparatu.<\/p>\n<\/div>\n\n\n\n<div class=\"wp-block-column is-layout-flow wp-block-column-is-layout-flow\">\n<h4 class=\"wp-block-heading has-text-align-center has-blue-color has-text-color\" id=\"causes-in-the-inner-ear\">3. Prie\u017eastys vidin\u0117je ausyje<\/h4>\n\n\n\n<p class=\"has-text-align-center\">Dauguma klausos problem\u0173 yra susijusios su vidine ausimi. Da\u017eniausia prie\u017eastis yra nat\u016bralus sen\u0117jimo procesas. Ta\u010diau garsus triuk\u0161mas, kai kuri\u0173 r\u016b\u0161i\u0173 vaist\u0173 vartojimas ar kaukol\u0117s l\u016b\u017eiai taip pat gali neigiamai paveikti \u017emogaus klaus\u0105. \u0160i \u012ftaka pa\u017eeid\u017eia smulkias plaukuot\u0105sias l\u0105steles ir daro \u012ftak\u0105 signal\u0173 perdavimui \u012f klausos nervus. Paprastai vidin\u0117s ausies klausos praradimas negali b\u016bti gydomas medicini\u0161kai. Ta\u010diau daugeliu atvej\u0173 tokio tipo klausos praradim\u0105 galima i\u0161taisyti klausos aparatu.<\/p>\n<\/div>\n<\/div>\n\n\n\n<p><\/p>\n\n\n\n<p class=\"has-text-align-center\">Klausos praradimas, kur\u012f sukelia i\u0161orin\u0117s ar vidurin\u0117s ausies defektas, vadinamas laid\u017eiuoju klausos praradimu. Vidin\u0117s ausies pa\u017eeidimas vadinamas neurosensoriniu klausos praradimu. Jei abu tipai pasirei\u0161kia kartu, b\u016bkl\u0117 vadinama mi\u0161riuoju klausos praradimu.<\/p>\n\n\n\n<div style=\"height:26px\" aria-hidden=\"true\" class=\"wp-block-spacer\"><\/div>\n\n\n\n<div class=\"wp-block-group alignfull has-light-grey-background-color has-background is-layout-flow wp-block-group-is-layout-flow\">\n<div class=\"wp-block-group is-style-align-small is-layout-flow wp-block-group-is-layout-flow\">\n<h3 class=\"wp-block-heading has-text-align-center has-blue-color has-text-color\" id=\"get-professional-help\">Gaukite profesionali\u0105 pagalb\u0105<\/h3>\n\n\n\n<p class=\"has-text-align-center\">J\u016bs\u0173 klausos specialistas pad\u0117s jums pasirinkti jums tinkamiausi\u0105 pasirinkim\u0105. Jie atsi\u017evelgs \u012f j\u016bs\u0173 klausos poreikius, biud\u017eet\u0105, gyvenimo b\u016bd\u0105 ir individualias klausos nuostatas.<\/p>\n\n\n\n<p class=\"has-text-align-center\"><a href=\"https:\/\/intl.phonak.com\/lt-lt\/klausos-praradimas\/kreiptis-i-klausos-specialista\/\">Su\u017einokite, ko tik\u0117tis per pirm\u0105j\u012f susitikim\u0105<\/a><\/p>\n<\/div>\n<\/div>\n\n\n\n<div class=\"wp-block-media-text is-stacked-on-mobile cta-block\" style=\"grid-template-columns:35% auto\"><figure class=\"wp-block-media-text__media\"><img decoding=\"async\" src=\"https:\/\/intl.phonak.com\/main-english\/wp-content\/uploads\/sites\/3\/2021\/11\/cta-image.jpg?w=401\" alt=\"\" class=\"wp-image-6738 size-full\"\/><\/figure><div class=\"wp-block-media-text__content\">\n<div class=\"wp-block-create-block-icon-selector\"><i class=\"fal fa-map-marker-alt\"><\/i><\/div>   \n<h3 class=\"wp-block-heading\">Klausos specialistai netoli j\u016bs\u0173<\/h3>   <p>Klausos specialistai gali pad\u0117ti jums pasirinkti jums tinkamiausi\u0105 pasirinkim\u0105. Jie atsi\u017evelgs \u012f j\u016bs\u0173 klausos poreikius, biud\u017eet\u0105, gyvenimo b\u016bd\u0105 ir individualias klausos nuostatas. <\/p>   <div class=\"wp-block-buttons is-layout-flex wp-block-buttons-is-layout-flex\">\n<div class=\"wp-block-button is-style-marker-green\"><a class=\"wp-block-button__link wp-element-button\" href=\"https:\/\/intl.phonak.com\/lt-lt\/rasti-specialista\/\">Raskite specialist\u0105<\/a><\/div>\n<\/div>\n<\/div><\/div> \n\n\n<p><\/p>\n","protected":false},"excerpt":{"rendered":"<p>Klausykite savo klausos Gal\u0173 gale, j\u016bs galite gird\u0117ti tik tai, k\u0105 girdite. \u0160tai kod\u0117l tai, k\u0105 girdite, jums vis tiek&#8230;<\/p>\n","protected":false},"author":5,"featured_media":645,"parent":316,"menu_order":0,"comment_status":"closed","ping_status":"closed","template":"","meta":{"_acf_changed":false,"inline_featured_image":false,"footnotes":""},"class_list":["post-382","page","type-page","status-publish","has-post-thumbnail","hentry"],"acf":[],"yoast_head":"<!-- This site is optimized with the Yoast SEO plugin v26.9 - https:\/\/yoast.com\/product\/yoast-seo-wordpress\/ -->\n<title>Klausos praradimo prie\u017eastys - Phonak - Lietuva<\/title>\n<meta name=\"robots\" content=\"index, follow, max-snippet:-1, max-image-preview:large, max-video-preview:-1\" \/>\n<link rel=\"canonical\" href=\"https:\/\/intl.phonak.com\/main-english\/hearing-loss\/causes-of-hearing-loss\/\" \/>\n<meta property=\"og:locale\" content=\"lt_LT\" \/>\n<meta property=\"og:type\" content=\"article\" \/>\n<meta property=\"og:title\" content=\"Klausos praradimo prie\u017eastys - Phonak - Lietuva\" \/>\n<meta property=\"og:description\" content=\"Klausykite savo klausos Gal\u0173 gale, j\u016bs galite gird\u0117ti tik tai, k\u0105 girdite. \u0160tai kod\u0117l tai, k\u0105 girdite, jums vis tiek...\" \/>\n<meta property=\"og:url\" content=\"https:\/\/intl.phonak.com\/lt-lt\/klausos-praradimas\/klausos-praradimo-priezastys\/\" \/>\n<meta property=\"og:site_name\" content=\"Phonak - Lietuva\" \/>\n<meta property=\"article:modified_time\" content=\"2025-09-17T15:40:06+00:00\" \/>\n<meta property=\"og:image\" content=\"https:\/\/intl.phonak.com\/lt-lt\/wp-content\/uploads\/sites\/72\/2021\/11\/PH_Packshot_Audeo-I-Sphere-xReceiver_050-1029-P7.png\" \/>\n\t<meta property=\"og:image:width\" content=\"600\" \/>\n\t<meta property=\"og:image:height\" content=\"600\" \/>\n\t<meta property=\"og:image:type\" content=\"image\/png\" \/>\n<meta name=\"twitter:card\" content=\"summary_large_image\" \/>\n<meta name=\"twitter:label1\" content=\"Est. reading time\" \/>\n\t<meta name=\"twitter:data1\" content=\"5 minutes\" \/>\n<script type=\"application\/ld+json\" class=\"yoast-schema-graph\">{\"@context\":\"https:\/\/schema.org\",\"@graph\":[{\"@type\":\"WebPage\",\"@id\":\"https:\/\/intl.phonak.com\/lt-lt\/klausos-praradimas\/klausos-praradimo-priezastys\/\",\"url\":\"https:\/\/intl.phonak.com\/lt-lt\/klausos-praradimas\/klausos-praradimo-priezastys\/\",\"name\":\"Klausos praradimo prie\u017eastys - Phonak - Lietuva\",\"isPartOf\":{\"@id\":\"https:\/\/intl.phonak.com\/lt-lt\/#website\"},\"primaryImageOfPage\":{\"@id\":\"https:\/\/intl.phonak.com\/lt-lt\/klausos-praradimas\/klausos-praradimo-priezastys\/#primaryimage\"},\"image\":{\"@id\":\"https:\/\/intl.phonak.com\/lt-lt\/klausos-praradimas\/klausos-praradimo-priezastys\/#primaryimage\"},\"thumbnailUrl\":\"https:\/\/intl.phonak.com\/lt-lt\/wp-content\/uploads\/sites\/72\/2021\/11\/PH_Packshot_Audeo-I-Sphere-xReceiver_050-1029-P7.png\",\"datePublished\":\"2021-11-29T20:47:45+00:00\",\"dateModified\":\"2025-09-17T15:40:06+00:00\",\"breadcrumb\":{\"@id\":\"https:\/\/intl.phonak.com\/lt-lt\/klausos-praradimas\/klausos-praradimo-priezastys\/#breadcrumb\"},\"inLanguage\":\"lt-LT\",\"potentialAction\":[{\"@type\":\"ReadAction\",\"target\":[\"https:\/\/intl.phonak.com\/lt-lt\/klausos-praradimas\/klausos-praradimo-priezastys\/\"]}]},{\"@type\":\"ImageObject\",\"inLanguage\":\"lt-LT\",\"@id\":\"https:\/\/intl.phonak.com\/lt-lt\/klausos-praradimas\/klausos-praradimo-priezastys\/#primaryimage\",\"url\":\"https:\/\/intl.phonak.com\/lt-lt\/wp-content\/uploads\/sites\/72\/2021\/11\/PH_Packshot_Audeo-I-Sphere-xReceiver_050-1029-P7.png\",\"contentUrl\":\"https:\/\/intl.phonak.com\/lt-lt\/wp-content\/uploads\/sites\/72\/2021\/11\/PH_Packshot_Audeo-I-Sphere-xReceiver_050-1029-P7.png\",\"width\":600,\"height\":600,\"caption\":\"Phonak Aud\u00e9o Sphere Infinio\"},{\"@type\":\"BreadcrumbList\",\"@id\":\"https:\/\/intl.phonak.com\/lt-lt\/klausos-praradimas\/klausos-praradimo-priezastys\/#breadcrumb\",\"itemListElement\":[{\"@type\":\"ListItem\",\"position\":1,\"name\":\"Home\",\"item\":\"https:\/\/intl.phonak.com\/lt-lt\/\"},{\"@type\":\"ListItem\",\"position\":2,\"name\":\"Klausos praradimas\",\"item\":\"https:\/\/intl.phonak.com\/lt-lt\/klausos-praradimas\/\"},{\"@type\":\"ListItem\",\"position\":3,\"name\":\"Klausos praradimo prie\u017eastys\"}]},{\"@type\":\"WebSite\",\"@id\":\"https:\/\/intl.phonak.com\/lt-lt\/#website\",\"url\":\"https:\/\/intl.phonak.com\/lt-lt\/\",\"name\":\"Phonak - Lietuva\",\"description\":\"Pasiry\u017e\u0119 keisti gyvenimus\",\"publisher\":{\"@id\":\"https:\/\/intl.phonak.com\/lt-lt\/#organization\"},\"potentialAction\":[{\"@type\":\"SearchAction\",\"target\":{\"@type\":\"EntryPoint\",\"urlTemplate\":\"https:\/\/intl.phonak.com\/lt-lt\/?s={search_term_string}\"},\"query-input\":{\"@type\":\"PropertyValueSpecification\",\"valueRequired\":true,\"valueName\":\"search_term_string\"}}],\"inLanguage\":\"lt-LT\"},{\"@type\":\"Organization\",\"@id\":\"https:\/\/intl.phonak.com\/lt-lt\/#organization\",\"name\":\"Phonak - Lietuva\",\"url\":\"https:\/\/intl.phonak.com\/lt-lt\/\",\"logo\":{\"@type\":\"ImageObject\",\"inLanguage\":\"lt-LT\",\"@id\":\"https:\/\/intl.phonak.com\/lt-lt\/#\/schema\/logo\/image\/\",\"url\":\"https:\/\/intl.phonak.com\/lt-lt\/wp-content\/uploads\/sites\/72\/2025\/07\/logo-phonak.svg\",\"contentUrl\":\"https:\/\/intl.phonak.com\/lt-lt\/wp-content\/uploads\/sites\/72\/2025\/07\/logo-phonak.svg\",\"caption\":\"Phonak -  Lietuva\"},\"image\":{\"@id\":\"https:\/\/intl.phonak.com\/lt-lt\/#\/schema\/logo\/image\/\"}}]}<\/script>\n<!-- \/ Yoast SEO plugin. -->","yoast_head_json":{"title":"Klausos praradimo prie\u017eastys - Phonak - Lietuva","robots":{"index":"index","follow":"follow","max-snippet":"max-snippet:-1","max-image-preview":"max-image-preview:large","max-video-preview":"max-video-preview:-1"},"canonical":"https:\/\/intl.phonak.com\/main-english\/hearing-loss\/causes-of-hearing-loss\/","og_locale":"lt_LT","og_type":"article","og_title":"Klausos praradimo prie\u017eastys - Phonak - Lietuva","og_description":"Klausykite savo klausos Gal\u0173 gale, j\u016bs galite gird\u0117ti tik tai, k\u0105 girdite. \u0160tai kod\u0117l tai, k\u0105 girdite, jums vis tiek...","og_url":"https:\/\/intl.phonak.com\/lt-lt\/klausos-praradimas\/klausos-praradimo-priezastys\/","og_site_name":"Phonak - Lietuva","article_modified_time":"2025-09-17T15:40:06+00:00","og_image":[{"width":600,"height":600,"url":"https:\/\/intl.phonak.com\/lt-lt\/wp-content\/uploads\/sites\/72\/2021\/11\/PH_Packshot_Audeo-I-Sphere-xReceiver_050-1029-P7.png","type":"image\/png"}],"twitter_card":"summary_large_image","twitter_misc":{"Est. reading time":"5 minutes"},"schema":{"@context":"https:\/\/schema.org","@graph":[{"@type":"WebPage","@id":"https:\/\/intl.phonak.com\/lt-lt\/klausos-praradimas\/klausos-praradimo-priezastys\/","url":"https:\/\/intl.phonak.com\/lt-lt\/klausos-praradimas\/klausos-praradimo-priezastys\/","name":"Klausos praradimo prie\u017eastys - Phonak - Lietuva","isPartOf":{"@id":"https:\/\/intl.phonak.com\/lt-lt\/#website"},"primaryImageOfPage":{"@id":"https:\/\/intl.phonak.com\/lt-lt\/klausos-praradimas\/klausos-praradimo-priezastys\/#primaryimage"},"image":{"@id":"https:\/\/intl.phonak.com\/lt-lt\/klausos-praradimas\/klausos-praradimo-priezastys\/#primaryimage"},"thumbnailUrl":"https:\/\/intl.phonak.com\/lt-lt\/wp-content\/uploads\/sites\/72\/2021\/11\/PH_Packshot_Audeo-I-Sphere-xReceiver_050-1029-P7.png","datePublished":"2021-11-29T20:47:45+00:00","dateModified":"2025-09-17T15:40:06+00:00","breadcrumb":{"@id":"https:\/\/intl.phonak.com\/lt-lt\/klausos-praradimas\/klausos-praradimo-priezastys\/#breadcrumb"},"inLanguage":"lt-LT","potentialAction":[{"@type":"ReadAction","target":["https:\/\/intl.phonak.com\/lt-lt\/klausos-praradimas\/klausos-praradimo-priezastys\/"]}]},{"@type":"ImageObject","inLanguage":"lt-LT","@id":"https:\/\/intl.phonak.com\/lt-lt\/klausos-praradimas\/klausos-praradimo-priezastys\/#primaryimage","url":"https:\/\/intl.phonak.com\/lt-lt\/wp-content\/uploads\/sites\/72\/2021\/11\/PH_Packshot_Audeo-I-Sphere-xReceiver_050-1029-P7.png","contentUrl":"https:\/\/intl.phonak.com\/lt-lt\/wp-content\/uploads\/sites\/72\/2021\/11\/PH_Packshot_Audeo-I-Sphere-xReceiver_050-1029-P7.png","width":600,"height":600,"caption":"Phonak Aud\u00e9o Sphere Infinio"},{"@type":"BreadcrumbList","@id":"https:\/\/intl.phonak.com\/lt-lt\/klausos-praradimas\/klausos-praradimo-priezastys\/#breadcrumb","itemListElement":[{"@type":"ListItem","position":1,"name":"Home","item":"https:\/\/intl.phonak.com\/lt-lt\/"},{"@type":"ListItem","position":2,"name":"Klausos praradimas","item":"https:\/\/intl.phonak.com\/lt-lt\/klausos-praradimas\/"},{"@type":"ListItem","position":3,"name":"Klausos praradimo prie\u017eastys"}]},{"@type":"WebSite","@id":"https:\/\/intl.phonak.com\/lt-lt\/#website","url":"https:\/\/intl.phonak.com\/lt-lt\/","name":"Phonak - Lietuva","description":"Pasiry\u017e\u0119 keisti gyvenimus","publisher":{"@id":"https:\/\/intl.phonak.com\/lt-lt\/#organization"},"potentialAction":[{"@type":"SearchAction","target":{"@type":"EntryPoint","urlTemplate":"https:\/\/intl.phonak.com\/lt-lt\/?s={search_term_string}"},"query-input":{"@type":"PropertyValueSpecification","valueRequired":true,"valueName":"search_term_string"}}],"inLanguage":"lt-LT"},{"@type":"Organization","@id":"https:\/\/intl.phonak.com\/lt-lt\/#organization","name":"Phonak - Lietuva","url":"https:\/\/intl.phonak.com\/lt-lt\/","logo":{"@type":"ImageObject","inLanguage":"lt-LT","@id":"https:\/\/intl.phonak.com\/lt-lt\/#\/schema\/logo\/image\/","url":"https:\/\/intl.phonak.com\/lt-lt\/wp-content\/uploads\/sites\/72\/2025\/07\/logo-phonak.svg","contentUrl":"https:\/\/intl.phonak.com\/lt-lt\/wp-content\/uploads\/sites\/72\/2025\/07\/logo-phonak.svg","caption":"Phonak -  Lietuva"},"image":{"@id":"https:\/\/intl.phonak.com\/lt-lt\/#\/schema\/logo\/image\/"}}]}},"jetpack_sharing_enabled":true,"distributor_meta":false,"distributor_terms":false,"distributor_media":false,"distributor_original_site_name":"Phonak -  Lietuva","distributor_original_site_url":"https:\/\/intl.phonak.com\/lt-lt","push-errors":false,"_links":{"self":[{"href":"https:\/\/intl.phonak.com\/lt-lt\/wp-json\/wp\/v2\/pages\/382","targetHints":{"allow":["GET"]}}],"collection":[{"href":"https:\/\/intl.phonak.com\/lt-lt\/wp-json\/wp\/v2\/pages"}],"about":[{"href":"https:\/\/intl.phonak.com\/lt-lt\/wp-json\/wp\/v2\/types\/page"}],"author":[{"embeddable":true,"href":"https:\/\/intl.phonak.com\/lt-lt\/wp-json\/wp\/v2\/users\/5"}],"replies":[{"embeddable":true,"href":"https:\/\/intl.phonak.com\/lt-lt\/wp-json\/wp\/v2\/comments?post=382"}],"version-history":[{"count":11,"href":"https:\/\/intl.phonak.com\/lt-lt\/wp-json\/wp\/v2\/pages\/382\/revisions"}],"predecessor-version":[{"id":861,"href":"https:\/\/intl.phonak.com\/lt-lt\/wp-json\/wp\/v2\/pages\/382\/revisions\/861"}],"up":[{"embeddable":true,"href":"https:\/\/intl.phonak.com\/lt-lt\/wp-json\/wp\/v2\/pages\/316"}],"wp:featuredmedia":[{"embeddable":true,"href":"https:\/\/intl.phonak.com\/lt-lt\/wp-json\/wp\/v2\/media\/645"}],"wp:attachment":[{"href":"https:\/\/intl.phonak.com\/lt-lt\/wp-json\/wp\/v2\/media?parent=382"}],"curies":[{"name":"wp","href":"https:\/\/api.w.org\/{rel}","templated":true}]}}