{"id":378,"date":"2021-11-29T21:39:57","date_gmt":"2021-11-29T21:39:57","guid":{"rendered":"https:\/\/intl.phonak.com\/lt-lt\/go-to-a-hearing-expert\/"},"modified":"2025-09-17T15:43:32","modified_gmt":"2025-09-17T15:43:32","slug":"kreiptis-i-klausos-specialista","status":"publish","type":"page","link":"https:\/\/intl.phonak.com\/lt-lt\/klausos-praradimas\/kreiptis-i-klausos-specialista\/","title":{"rendered":"Kreipkit\u0117s \u012f klausos ekspert\u0105"},"content":{"rendered":"\n<div class=\"wp-block-cover alignfull\"><img decoding=\"async\" class=\"wp-block-cover__image-background wp-image-7280\" alt=\"HCP fitting a Client\" src=\"https:\/\/intl.phonak.com\/lt-lt\/wp-content\/uploads\/sites\/3\/2023\/12\/Hearing-banner_HCPFittingClient_01-1.jpg\" data-object-fit=\"cover\"\/><span aria-hidden=\"true\" class=\"wp-block-cover__background has-light-grey-background-color has-background-dim-60 has-background-dim\"><\/span><div class=\"wp-block-cover__inner-container is-layout-flow wp-block-cover-is-layout-flow\">\n<h1 class=\"wp-block-heading has-text-align-center has-grey-500-color has-text-color\" id=\"your-first-appointment-with-a-hearing-expert\">J\u016bs\u0173 pirmasis susitikimas su klausos ekspertu.<\/h1>\n\n\n\n<p class=\"has-text-align-center has-grey-500-color has-text-color has-lead-font-size\">Reguliar\u016bs klausos tyrimai padeda anksti atpa\u017einti klausos praradim\u0105. <br>Kada paskutin\u012f kart\u0105 tikrinot\u0117s klaus\u0105?<\/p>\n\n\n\n<div class=\"wp-block-buttons is-horizontal is-content-justification-center is-layout-flex wp-container-core-buttons-is-layout-499968f5 wp-block-buttons-is-layout-flex\">\n<div class=\"wp-block-button is-style-marker-green\"><a class=\"wp-block-button__link wp-element-button\" href=\"https:\/\/intl.phonak.com\/lt-lt\/rasti-specialista\/\">Raskite specialist\u0105<\/a><\/div>\n<\/div>\n<\/div><\/div>\n\n\n\n<div class=\"wp-block-group is-style-align-small is-layout-flow wp-block-group-is-layout-flow\" style=\"padding-top:0px\">\n<h2 class=\"wp-block-heading has-text-align-center\" id=\"what-to-expect\">Ko tik\u0117tis<\/h2>\n\n\n\n<p class=\"has-text-align-center\">Tikriausiai jau susim\u0105st\u0117te, kas nutiks konsultacijos metu. Leiskite mums jus nuraminti ir papasakoti, ko galite tik\u0117tis per pirm\u0105j\u012f susitikim\u0105. <\/p>\n\n\n\n<h3 class=\"wp-block-heading has-blue-color has-text-color\" id=\"1-plan-enough-time\">1. Suplanuokite pakankamai laiko<\/h3>\n\n\n\n<p class=\"has-text-align-left\">Pirmasis apsilankymas truks apie valand\u0105. Jei norite, galite papra\u0161yti giminai\u010dio ar draugo jus palyd\u0117ti. Daugelis \u017emoni\u0173 tokiu b\u016bdu jau\u010diasi saugesni. Draugi\u0161kas veidas \u0161alia j\u016bs\u0173 ypa\u010d naudingas, jei kyla bendravimo problem\u0173.<\/p>\n\n\n\n<h3 class=\"wp-block-heading has-blue-color has-text-color\" id=\"2-ear-examination\">2. Aus\u0173 tyrimas<\/h3>\n\n\n\n<p>Audiologas, klausos specialistas ar LOR gydytojas ap\u017ei\u016br\u0117s j\u016bs\u0173 ausis. Taip siekiama patikrinti, ar n\u0117ra toki\u0173 problem\u0173 kaip per didelis va\u0161ko ar aus\u0173 infekcij\u0173 kiekis.<\/p>\n\n\n\n<h3 class=\"wp-block-heading has-blue-color has-text-color\" id=\"3-hearing-test\">3. Klausos testas<\/h3>\n\n\n\n<p>Po ap\u017ei\u016bros audiologas, klausos specialistas ar LOR gydytojas atliks klausos test\u0105. Jums bus u\u017ed\u0117tos ausin\u0117s ir leid\u017eiama signal\u0173 seka; kai kurie i\u0161 \u0161i\u0173 ton\u0173 bus gars\u016bs ir lengvai girdimi, o kai kurie bus \u0161veln\u016bs ir \u0161iek tiek sunkiau girdimi. Vienintelis dalykas, kur\u012f turite padaryti, tai prane\u0161ti arba paspausti mygtuk\u0105, kai i\u0161girsite ton\u0105. Po ap\u017ei\u016bros ir klausos tyrim\u0173, specialistas gal\u0117s daugiau papasakoti apie j\u016bs\u0173 klaus\u0105 ir klausos praradim\u0105.<\/p>\n\n\n\n<h3 class=\"wp-block-heading has-blue-color has-text-color\" id=\"selection-of-hearing-solutions-1\">4. Klausos sprendim\u0173 parinkimas<\/h3>\n\n\n\n<p>Konsultacijos pabaigoje ekspertas paai\u0161kins visas galimybes, kaip atkurti klaus\u0105. Jums bus parodytas klausos aparat\u0173, tinkam\u0173 j\u016bs\u0173 klausos praradimui, pasirinkimas. Jums bus paai\u0161kinti produkt\u0173 skirtumai ir prana\u0161umai.<\/p>\n\n\n\n<p>Dabar tinkamas laikas u\u017eduoti visus klausimus ir suteikti ekspertui kuo daugiau informacijos. Kuo daugiau jis ar ji \u017eino apie jus, tuo geresn\u0117s pagalbos gausite. Tod\u0117l patartina pagalvoti apie situacijas, kai jums sunku klausa (\u0161eimos susib\u016brim\u0173 metu, susitikim\u0173 metu, triuk\u0161mingoje aplinkoje, \u017ei\u016brint televizori\u0173, kalbant telefonu, klausantis muzikos ir pan.) &nbsp; prie\u0161 atvykstant \u012f susitikim\u0105.<\/p>\n\n\n\n<div style=\"height:35px\" aria-hidden=\"true\" class=\"wp-block-spacer\"><\/div>\n<\/div>\n\n\n\n<div class=\"wp-block-group alignfull has-light-grey-background-color has-background is-layout-flow wp-block-group-is-layout-flow\">\n<div class=\"wp-block-group is-style-align-small is-layout-flow wp-block-group-is-layout-flow\">\n<p class=\"has-text-align-center is-style-default\"><strong>KITAS \u017dINGSNIS:<\/strong><\/p>\n\n\n\n<h3 class=\"wp-block-heading has-text-align-center\" id=\"customization-of-your-new-hearing-aid-1\">Naujo klausos aparato pritaikymas<\/h3>\n\n\n\n<p class=\"has-text-align-center is-style-default\">&#8220;Phonak&#8221; yra pasaulin\u0117 klausos sprendim\u0173 k\u016brimo lyder\u0117. Nuolat stengdamiesi rasti naujus sprendimus, mums pavyksta pasiekti vien\u0105 did\u017eiausi\u0173 inovacij\u0173 rodikli\u0173 pramon\u0117je. <\/p>\n\n\n\n<p class=\"has-text-align-center\"><a href=\"https:\/\/intl.phonak.com\/lt-lt\/sprendimai\/klausos-aparatai\/\">Su\u017einokite daugiau apie &#8220;Phonak&#8221; klausos aparatus<\/a><\/p>\n\n\n\n<p class=\"has-text-align-center is-style-default\">Phonak&nbsp; Klausos aparatus galima pritaikyti pagal j\u016bs\u0173 poreikius, ta\u010diau juos reikia optimizuoti, kad neatsiliktum\u0117te, nepriklausomai nuo j\u016bs\u0173 buvimo vietos.<\/p>\n\n\n\n<p class=\"has-text-align-center\"><a href=\"https:\/\/intl.phonak.com\/lt-lt\/klausos-praradimas\/klausos-aparato-pritaikymas\/\">Su\u017einokite daugiau apie klausos aparat\u0173 pritaikym\u0105<\/a><\/p>\n<\/div>\n<\/div>\n\n\n\n<div class=\"wp-block-media-text is-stacked-on-mobile cta-block\" style=\"grid-template-columns:35% auto\"><figure class=\"wp-block-media-text__media\"><img decoding=\"async\" src=\"https:\/\/intl.phonak.com\/main-english\/wp-content\/uploads\/sites\/3\/2021\/11\/cta-image.jpg?w=401\" alt=\"\" class=\"wp-image-6738 size-full\"\/><\/figure><div class=\"wp-block-media-text__content\">\n<div class=\"wp-block-create-block-icon-selector\"><i class=\"fal fa-map-marker-alt\"><\/i><\/div>   \n<h3 class=\"wp-block-heading\">Klausos specialistai netoli j\u016bs\u0173<\/h3>   <p>Klausos specialistai gali pad\u0117ti jums pasirinkti jums tinkamiausi\u0105 pasirinkim\u0105. Jie atsi\u017evelgs \u012f j\u016bs\u0173 klausos poreikius, biud\u017eet\u0105, gyvenimo b\u016bd\u0105 ir individualias klausos nuostatas. <\/p>   <div class=\"wp-block-buttons is-layout-flex wp-block-buttons-is-layout-flex\">\n<div class=\"wp-block-button is-style-marker-green\"><a class=\"wp-block-button__link wp-element-button\" href=\"https:\/\/intl.phonak.com\/lt-lt\/rasti-specialista\/\">Raskite specialist\u0105<\/a><\/div>\n<\/div>\n<\/div><\/div> ","protected":false},"excerpt":{"rendered":"<p>Ko tik\u0117tis Tikriausiai jau susim\u0105st\u0117te, kas nutiks konsultacijos metu. Leiskite mums jus nuraminti ir papasakoti, ko galite tik\u0117tis per pirm\u0105j\u012f&#8230;<\/p>\n","protected":false},"author":5,"featured_media":443,"parent":316,"menu_order":0,"comment_status":"closed","ping_status":"closed","template":"","meta":{"_acf_changed":false,"inline_featured_image":false,"footnotes":""},"class_list":["post-378","page","type-page","status-publish","has-post-thumbnail","hentry"],"acf":[],"yoast_head":"<!-- This site is optimized with the Yoast SEO plugin v26.9 - https:\/\/yoast.com\/product\/yoast-seo-wordpress\/ -->\n<title>Kreipkit\u0117s \u012f klausos ekspert\u0105 - Phonak - Lietuva<\/title>\n<meta name=\"robots\" content=\"index, follow, max-snippet:-1, max-image-preview:large, max-video-preview:-1\" \/>\n<link rel=\"canonical\" href=\"https:\/\/intl.phonak.com\/main-english\/hearing-loss\/go-to-a-hearing-expert\/\" \/>\n<meta property=\"og:locale\" content=\"lt_LT\" \/>\n<meta property=\"og:type\" content=\"article\" \/>\n<meta property=\"og:title\" content=\"Kreipkit\u0117s \u012f klausos ekspert\u0105 - Phonak - Lietuva\" \/>\n<meta property=\"og:description\" content=\"Ko tik\u0117tis Tikriausiai jau susim\u0105st\u0117te, kas nutiks konsultacijos metu. Leiskite mums jus nuraminti ir papasakoti, ko galite tik\u0117tis per pirm\u0105j\u012f...\" \/>\n<meta property=\"og:url\" content=\"https:\/\/intl.phonak.com\/lt-lt\/klausos-praradimas\/kreiptis-i-klausos-specialista\/\" \/>\n<meta property=\"og:site_name\" content=\"Phonak - Lietuva\" \/>\n<meta property=\"article:modified_time\" content=\"2025-09-17T15:43:32+00:00\" \/>\n<meta property=\"og:image\" content=\"https:\/\/intl.phonak.com\/lt-lt\/wp-content\/uploads\/sites\/72\/2021\/11\/PH_Packshot_Audeo-I-Sphere-xReceiver_050-1029-P7_4280f5.png\" \/>\n\t<meta property=\"og:image:width\" content=\"600\" \/>\n\t<meta property=\"og:image:height\" content=\"600\" \/>\n\t<meta property=\"og:image:type\" content=\"image\/png\" \/>\n<meta name=\"twitter:card\" content=\"summary_large_image\" \/>\n<meta name=\"twitter:label1\" content=\"Est. reading time\" \/>\n\t<meta name=\"twitter:data1\" content=\"3 minutes\" \/>\n<script type=\"application\/ld+json\" class=\"yoast-schema-graph\">{\"@context\":\"https:\/\/schema.org\",\"@graph\":[{\"@type\":\"WebPage\",\"@id\":\"https:\/\/intl.phonak.com\/lt-lt\/klausos-praradimas\/kreiptis-i-klausos-specialista\/\",\"url\":\"https:\/\/intl.phonak.com\/lt-lt\/klausos-praradimas\/kreiptis-i-klausos-specialista\/\",\"name\":\"Kreipkit\u0117s \u012f klausos ekspert\u0105 - Phonak - Lietuva\",\"isPartOf\":{\"@id\":\"https:\/\/intl.phonak.com\/lt-lt\/#website\"},\"primaryImageOfPage\":{\"@id\":\"https:\/\/intl.phonak.com\/lt-lt\/klausos-praradimas\/kreiptis-i-klausos-specialista\/#primaryimage\"},\"image\":{\"@id\":\"https:\/\/intl.phonak.com\/lt-lt\/klausos-praradimas\/kreiptis-i-klausos-specialista\/#primaryimage\"},\"thumbnailUrl\":\"https:\/\/intl.phonak.com\/lt-lt\/wp-content\/uploads\/sites\/72\/2021\/11\/PH_Packshot_Audeo-I-Sphere-xReceiver_050-1029-P7_4280f5.png\",\"datePublished\":\"2021-11-29T21:39:57+00:00\",\"dateModified\":\"2025-09-17T15:43:32+00:00\",\"breadcrumb\":{\"@id\":\"https:\/\/intl.phonak.com\/lt-lt\/klausos-praradimas\/kreiptis-i-klausos-specialista\/#breadcrumb\"},\"inLanguage\":\"lt-LT\",\"potentialAction\":[{\"@type\":\"ReadAction\",\"target\":[\"https:\/\/intl.phonak.com\/lt-lt\/klausos-praradimas\/kreiptis-i-klausos-specialista\/\"]}]},{\"@type\":\"ImageObject\",\"inLanguage\":\"lt-LT\",\"@id\":\"https:\/\/intl.phonak.com\/lt-lt\/klausos-praradimas\/kreiptis-i-klausos-specialista\/#primaryimage\",\"url\":\"https:\/\/intl.phonak.com\/lt-lt\/wp-content\/uploads\/sites\/72\/2021\/11\/PH_Packshot_Audeo-I-Sphere-xReceiver_050-1029-P7_4280f5.png\",\"contentUrl\":\"https:\/\/intl.phonak.com\/lt-lt\/wp-content\/uploads\/sites\/72\/2021\/11\/PH_Packshot_Audeo-I-Sphere-xReceiver_050-1029-P7_4280f5.png\",\"width\":600,\"height\":600,\"caption\":\"Phonak Aud\u00e9o Sphere Infinio\"},{\"@type\":\"BreadcrumbList\",\"@id\":\"https:\/\/intl.phonak.com\/lt-lt\/klausos-praradimas\/kreiptis-i-klausos-specialista\/#breadcrumb\",\"itemListElement\":[{\"@type\":\"ListItem\",\"position\":1,\"name\":\"Home\",\"item\":\"https:\/\/intl.phonak.com\/lt-lt\/\"},{\"@type\":\"ListItem\",\"position\":2,\"name\":\"Klausos praradimas\",\"item\":\"https:\/\/intl.phonak.com\/lt-lt\/klausos-praradimas\/\"},{\"@type\":\"ListItem\",\"position\":3,\"name\":\"Kreipkit\u0117s \u012f klausos ekspert\u0105\"}]},{\"@type\":\"WebSite\",\"@id\":\"https:\/\/intl.phonak.com\/lt-lt\/#website\",\"url\":\"https:\/\/intl.phonak.com\/lt-lt\/\",\"name\":\"Phonak - Lietuva\",\"description\":\"Pasiry\u017e\u0119 keisti gyvenimus\",\"publisher\":{\"@id\":\"https:\/\/intl.phonak.com\/lt-lt\/#organization\"},\"potentialAction\":[{\"@type\":\"SearchAction\",\"target\":{\"@type\":\"EntryPoint\",\"urlTemplate\":\"https:\/\/intl.phonak.com\/lt-lt\/?s={search_term_string}\"},\"query-input\":{\"@type\":\"PropertyValueSpecification\",\"valueRequired\":true,\"valueName\":\"search_term_string\"}}],\"inLanguage\":\"lt-LT\"},{\"@type\":\"Organization\",\"@id\":\"https:\/\/intl.phonak.com\/lt-lt\/#organization\",\"name\":\"Phonak - Lietuva\",\"url\":\"https:\/\/intl.phonak.com\/lt-lt\/\",\"logo\":{\"@type\":\"ImageObject\",\"inLanguage\":\"lt-LT\",\"@id\":\"https:\/\/intl.phonak.com\/lt-lt\/#\/schema\/logo\/image\/\",\"url\":\"https:\/\/intl.phonak.com\/lt-lt\/wp-content\/uploads\/sites\/72\/2025\/07\/logo-phonak.svg\",\"contentUrl\":\"https:\/\/intl.phonak.com\/lt-lt\/wp-content\/uploads\/sites\/72\/2025\/07\/logo-phonak.svg\",\"caption\":\"Phonak -  Lietuva\"},\"image\":{\"@id\":\"https:\/\/intl.phonak.com\/lt-lt\/#\/schema\/logo\/image\/\"}}]}<\/script>\n<!-- \/ Yoast SEO plugin. -->","yoast_head_json":{"title":"Kreipkit\u0117s \u012f klausos ekspert\u0105 - Phonak - Lietuva","robots":{"index":"index","follow":"follow","max-snippet":"max-snippet:-1","max-image-preview":"max-image-preview:large","max-video-preview":"max-video-preview:-1"},"canonical":"https:\/\/intl.phonak.com\/main-english\/hearing-loss\/go-to-a-hearing-expert\/","og_locale":"lt_LT","og_type":"article","og_title":"Kreipkit\u0117s \u012f klausos ekspert\u0105 - Phonak - Lietuva","og_description":"Ko tik\u0117tis Tikriausiai jau susim\u0105st\u0117te, kas nutiks konsultacijos metu. Leiskite mums jus nuraminti ir papasakoti, ko galite tik\u0117tis per pirm\u0105j\u012f...","og_url":"https:\/\/intl.phonak.com\/lt-lt\/klausos-praradimas\/kreiptis-i-klausos-specialista\/","og_site_name":"Phonak - Lietuva","article_modified_time":"2025-09-17T15:43:32+00:00","og_image":[{"width":600,"height":600,"url":"https:\/\/intl.phonak.com\/lt-lt\/wp-content\/uploads\/sites\/72\/2021\/11\/PH_Packshot_Audeo-I-Sphere-xReceiver_050-1029-P7_4280f5.png","type":"image\/png"}],"twitter_card":"summary_large_image","twitter_misc":{"Est. reading time":"3 minutes"},"schema":{"@context":"https:\/\/schema.org","@graph":[{"@type":"WebPage","@id":"https:\/\/intl.phonak.com\/lt-lt\/klausos-praradimas\/kreiptis-i-klausos-specialista\/","url":"https:\/\/intl.phonak.com\/lt-lt\/klausos-praradimas\/kreiptis-i-klausos-specialista\/","name":"Kreipkit\u0117s \u012f klausos ekspert\u0105 - Phonak - Lietuva","isPartOf":{"@id":"https:\/\/intl.phonak.com\/lt-lt\/#website"},"primaryImageOfPage":{"@id":"https:\/\/intl.phonak.com\/lt-lt\/klausos-praradimas\/kreiptis-i-klausos-specialista\/#primaryimage"},"image":{"@id":"https:\/\/intl.phonak.com\/lt-lt\/klausos-praradimas\/kreiptis-i-klausos-specialista\/#primaryimage"},"thumbnailUrl":"https:\/\/intl.phonak.com\/lt-lt\/wp-content\/uploads\/sites\/72\/2021\/11\/PH_Packshot_Audeo-I-Sphere-xReceiver_050-1029-P7_4280f5.png","datePublished":"2021-11-29T21:39:57+00:00","dateModified":"2025-09-17T15:43:32+00:00","breadcrumb":{"@id":"https:\/\/intl.phonak.com\/lt-lt\/klausos-praradimas\/kreiptis-i-klausos-specialista\/#breadcrumb"},"inLanguage":"lt-LT","potentialAction":[{"@type":"ReadAction","target":["https:\/\/intl.phonak.com\/lt-lt\/klausos-praradimas\/kreiptis-i-klausos-specialista\/"]}]},{"@type":"ImageObject","inLanguage":"lt-LT","@id":"https:\/\/intl.phonak.com\/lt-lt\/klausos-praradimas\/kreiptis-i-klausos-specialista\/#primaryimage","url":"https:\/\/intl.phonak.com\/lt-lt\/wp-content\/uploads\/sites\/72\/2021\/11\/PH_Packshot_Audeo-I-Sphere-xReceiver_050-1029-P7_4280f5.png","contentUrl":"https:\/\/intl.phonak.com\/lt-lt\/wp-content\/uploads\/sites\/72\/2021\/11\/PH_Packshot_Audeo-I-Sphere-xReceiver_050-1029-P7_4280f5.png","width":600,"height":600,"caption":"Phonak Aud\u00e9o Sphere Infinio"},{"@type":"BreadcrumbList","@id":"https:\/\/intl.phonak.com\/lt-lt\/klausos-praradimas\/kreiptis-i-klausos-specialista\/#breadcrumb","itemListElement":[{"@type":"ListItem","position":1,"name":"Home","item":"https:\/\/intl.phonak.com\/lt-lt\/"},{"@type":"ListItem","position":2,"name":"Klausos praradimas","item":"https:\/\/intl.phonak.com\/lt-lt\/klausos-praradimas\/"},{"@type":"ListItem","position":3,"name":"Kreipkit\u0117s \u012f klausos ekspert\u0105"}]},{"@type":"WebSite","@id":"https:\/\/intl.phonak.com\/lt-lt\/#website","url":"https:\/\/intl.phonak.com\/lt-lt\/","name":"Phonak - Lietuva","description":"Pasiry\u017e\u0119 keisti gyvenimus","publisher":{"@id":"https:\/\/intl.phonak.com\/lt-lt\/#organization"},"potentialAction":[{"@type":"SearchAction","target":{"@type":"EntryPoint","urlTemplate":"https:\/\/intl.phonak.com\/lt-lt\/?s={search_term_string}"},"query-input":{"@type":"PropertyValueSpecification","valueRequired":true,"valueName":"search_term_string"}}],"inLanguage":"lt-LT"},{"@type":"Organization","@id":"https:\/\/intl.phonak.com\/lt-lt\/#organization","name":"Phonak - Lietuva","url":"https:\/\/intl.phonak.com\/lt-lt\/","logo":{"@type":"ImageObject","inLanguage":"lt-LT","@id":"https:\/\/intl.phonak.com\/lt-lt\/#\/schema\/logo\/image\/","url":"https:\/\/intl.phonak.com\/lt-lt\/wp-content\/uploads\/sites\/72\/2025\/07\/logo-phonak.svg","contentUrl":"https:\/\/intl.phonak.com\/lt-lt\/wp-content\/uploads\/sites\/72\/2025\/07\/logo-phonak.svg","caption":"Phonak -  Lietuva"},"image":{"@id":"https:\/\/intl.phonak.com\/lt-lt\/#\/schema\/logo\/image\/"}}]}},"jetpack_sharing_enabled":true,"distributor_meta":false,"distributor_terms":false,"distributor_media":false,"distributor_original_site_name":"Phonak -  Lietuva","distributor_original_site_url":"https:\/\/intl.phonak.com\/lt-lt","push-errors":false,"_links":{"self":[{"href":"https:\/\/intl.phonak.com\/lt-lt\/wp-json\/wp\/v2\/pages\/378","targetHints":{"allow":["GET"]}}],"collection":[{"href":"https:\/\/intl.phonak.com\/lt-lt\/wp-json\/wp\/v2\/pages"}],"about":[{"href":"https:\/\/intl.phonak.com\/lt-lt\/wp-json\/wp\/v2\/types\/page"}],"author":[{"embeddable":true,"href":"https:\/\/intl.phonak.com\/lt-lt\/wp-json\/wp\/v2\/users\/5"}],"replies":[{"embeddable":true,"href":"https:\/\/intl.phonak.com\/lt-lt\/wp-json\/wp\/v2\/comments?post=378"}],"version-history":[{"count":10,"href":"https:\/\/intl.phonak.com\/lt-lt\/wp-json\/wp\/v2\/pages\/378\/revisions"}],"predecessor-version":[{"id":865,"href":"https:\/\/intl.phonak.com\/lt-lt\/wp-json\/wp\/v2\/pages\/378\/revisions\/865"}],"up":[{"embeddable":true,"href":"https:\/\/intl.phonak.com\/lt-lt\/wp-json\/wp\/v2\/pages\/316"}],"wp:featuredmedia":[{"embeddable":true,"href":"https:\/\/intl.phonak.com\/lt-lt\/wp-json\/wp\/v2\/media\/443"}],"wp:attachment":[{"href":"https:\/\/intl.phonak.com\/lt-lt\/wp-json\/wp\/v2\/media?parent=378"}],"curies":[{"name":"wp","href":"https:\/\/api.w.org\/{rel}","templated":true}]}}