{"id":374,"date":"2021-11-30T15:12:48","date_gmt":"2021-11-30T15:12:48","guid":{"rendered":"https:\/\/intl.phonak.com\/lt-lt\/hearing-aid-styles\/"},"modified":"2026-02-16T10:55:09","modified_gmt":"2026-02-16T10:55:09","slug":"klausos-aparatu-stiliai","status":"publish","type":"page","link":"https:\/\/intl.phonak.com\/lt-lt\/sprendimai\/klausos-aparatu-stiliai\/","title":{"rendered":"Klausos aparat\u0173 stiliai"},"content":{"rendered":"\n<div class=\"wp-block-cover alignfull is-light\"><img decoding=\"async\" class=\"wp-block-cover__image-background wp-image-4536\" alt=\"Hearing aid styles\" src=\"https:\/\/intl.phonak.com\/lt-lt\/wp-content\/uploads\/sites\/3\/2022\/02\/Banner-hearing-aid-styles.jpg\" data-object-fit=\"cover\"\/><span aria-hidden=\"true\" class=\"wp-block-cover__background has-white-background-color has-background-dim\"><\/span><div class=\"wp-block-cover__inner-container is-layout-flow wp-block-cover-is-layout-flow\">\n<h1 class=\"wp-block-heading has-text-align-center has-dark-grey-color has-text-color\" id=\"phonak-hearing-aid-styles\">Phonak klausos aparat\u0173 stiliai<\/h1>\n\n\n\n<p class=\"has-text-align-center margin-bottom-0 has-dark-grey-color has-text-color has-lead-font-size\">Patogus sujungimas<\/p>\n<\/div><\/div>\n\n\n\n<div class=\"wp-block-group is-style-align-small is-layout-flow wp-block-group-is-layout-flow\" style=\"padding-top:0px\">\n<h2 class=\"wp-block-heading has-text-align-center\" id=\"discover-the-style-that-fits-perfect-to-you\">Atraskite jums puikiai tinkant\u012f stili\u0173<\/h2>\n\n\n\n<p class=\"has-text-align-center\">\u0160iuolaikiniai klausos aparatai si\u016blo plat\u0173 funkcij\u0173 spektr\u0105 ir \u012fvairov\u0119. J\u016bs\u0173 klausos specialistas pad\u0117s jums pasirinkti jums tinkamiausi\u0105 pasirinkim\u0105. Jie atsi\u017evelgs \u012f j\u016bs\u0173 klausos poreikius, biud\u017eet\u0105, gyvenimo b\u016bd\u0105 ir individualias klausos nuostatas.<\/p>\n<\/div>\n\n\n\n<div class=\"wp-block-columns is-layout-flex wp-container-core-columns-is-layout-9d6595d7 wp-block-columns-is-layout-flex\">\n<div class=\"wp-block-column is-layout-flow wp-block-column-is-layout-flow\">\n<figure class=\"wp-block-image size-large is-resized is-style-default\"><img decoding=\"async\" src=\"https:\/\/intl.phonak.com\/wp-content\/uploads\/2021\/11\/custom-products.jpeg?w=292\" alt=\"\" class=\"wp-image-2201\" style=\"width:289px;height:221px\"\/><\/figure>\n\n\n\n<h4 class=\"wp-block-heading\" id=\"custom-products-ite\">Individual\u016bs produktai (ITE)<\/h4>\n\n\n\n<p>\u0160ie modeliai pagaminti specialiai taip, kad atitikt\u0173 j\u016bs\u0173 ausies kanalo form\u0105, kad b\u016bt\u0173 maksimaliai efektyv\u016bs ir kuo patogesni. Jie yra \u012fvairi\u0173 odos atspalvi\u0173, yra ne\u012fkyr\u016bs ir labai veiksmingi. Ma\u017eiausi modeliai s\u0117di ausies kanale ir yra prakti\u0161kai nematomi. \u0160ie modeliai tinka esant lengvam ar sunkiam klausos praradimui.<\/p>\n\n\n\n<p class=\"has-text-align-left\"><strong>Galimi klausos aparatai:<\/strong><\/p>\n\n\n\n<p><strong><a href=\"https:\/\/intl.phonak.com\/lt-lt\/produktai\/phonak-virto-infinio\/\">Virto<\/a><\/strong><\/p>\n<\/div>\n\n\n\n<div class=\"wp-block-column is-layout-flow wp-block-column-is-layout-flow\">\n<figure class=\"wp-block-image size-large is-style-not-rounded\"><img decoding=\"async\" src=\"https:\/\/intl.phonak.com\/wp-content\/uploads\/2021\/11\/receiver-in-canal.jpeg?w=292\" alt=\"\" class=\"wp-image-2202\"\/><\/figure>\n\n\n\n<h4 class=\"wp-block-heading\" id=\"receiver-in-canal-ric\">Garsiakalbis ausies kanale (RIC)<\/h4>\n\n\n\n<p>\u0160ie modeliai yra ma\u017eesni nei standartiniai BTE modeliai ir yra prieinami esant lengvam ar sunkiam klausos praradimui. Juos galima patogiai ne\u0161ioti u\u017e ausies. \u0160ie modeliai yra \u012fvairi\u0173 spalv\u0173, stili\u0173 ir dizaino.<\/p>\n\n\n\n<p><strong>Galimi klausos aparatai:<\/strong><\/p>\n\n\n\n<p><strong><a href=\"https:\/\/intl.phonak.com\/lt-lt\/produktai\/phonak-audeo-infinio\/\">Aud\u00e9o<\/a> <\/strong><\/p>\n<\/div>\n\n\n\n<div class=\"wp-block-column is-layout-flow wp-block-column-is-layout-flow\">\n<figure class=\"wp-block-image size-large is-style-not-rounded\"><img decoding=\"async\" src=\"https:\/\/intl.phonak.com\/wp-content\/uploads\/2021\/11\/behind-the-ear.jpeg?w=292\" alt=\"\" class=\"wp-image-2200\"\/><\/figure>\n\n\n\n<h4 class=\"wp-block-heading\" id=\"behind-the-ear-bte\">U\u017eausiniai (BTE)<\/h4>\n\n\n\n<p>BTE modeliai yra prieinami vis\u0173 laipsni\u0173 klausos praradimui ir, kaip sako pavadinimas, gali b\u016bti patogiai ne\u0161iojami u\u017e ausies. \u0160ie modeliai yra \u012fvairi\u0173 spalv\u0173, stili\u0173 ir dizaino.<\/p>\n\n\n\n<p><strong>Galimi klausos aparatai:<\/strong><\/p>\n\n\n\n<p><strong><a href=\"https:\/\/intl.phonak.com\/lt-lt\/produktai\/phonak-naida-lumity\/\">Na\u00edda<\/a><\/strong> <strong>| <strong><a href=\"https:\/\/intl.phonak.com\/lt-lt\/produktai\/phonak-sky-lumity\/\">Sky<\/a> <\/strong><\/strong><\/p>\n<\/div>\n<\/div>\n\n\n\n<div class=\"wp-block-group alignfull has-light-grey-background-color has-background is-layout-flow wp-block-group-is-layout-flow\">\n<div class=\"wp-block-group is-style-align-small is-layout-flow wp-block-group-is-layout-flow\">\n<h3 class=\"wp-block-heading has-text-align-center\" id=\"get-professional-help-1\">Gaukite profesionalios pagalbos<\/h3>\n\n\n\n<p class=\"has-text-align-center\">\u0160iuolaikiniai klausos aparatai si\u016blo plat\u0173 funkcij\u0173 spektr\u0105 ir \u012fvairov\u0119. J\u016bs\u0173 klausos specialistas pad\u0117s jums pasirinkti jums tinkamiausi\u0105 pasirinkim\u0105. Jie atsi\u017evelgs \u012f j\u016bs\u0173 klausos poreikius, biud\u017eet\u0105, gyvenimo b\u016bd\u0105 ir individualias klausos nuostatas.<\/p>\n<\/div>\n<\/div>\n\n\n\n<div style=\"height:24px\" aria-hidden=\"true\" class=\"wp-block-spacer\"><\/div>\n\n\n\n<p class=\"has-text-align-center\"><a href=\"https:\/\/intl.phonak.com\/lt-lt\/sprendimai\/klausos-aparatai\/\">Susipa\u017einkite su klausos aparat\u0173 galimyb\u0117mis<\/a><\/p>\n\n\n\n<div style=\"height:28px\" aria-hidden=\"true\" class=\"wp-block-spacer\"><\/div>\n\n\n\n<div class=\"wp-block-media-text is-stacked-on-mobile cta-block\" style=\"grid-template-columns:35% auto\"><figure class=\"wp-block-media-text__media\"><img decoding=\"async\" src=\"https:\/\/intl.phonak.com\/main-english\/wp-content\/uploads\/sites\/3\/2021\/11\/cta-image.jpg?w=401\" alt=\"\" class=\"wp-image-6738 size-full\"\/><\/figure><div class=\"wp-block-media-text__content\">\n<div class=\"wp-block-create-block-icon-selector\"><i class=\"fal fa-map-marker-alt\"><\/i><\/div>   \n<h3 class=\"wp-block-heading\">Klausos specialistai netoli j\u016bs\u0173<\/h3>   <p>Klausos specialistai gali pad\u0117ti jums pasirinkti jums tinkamiausi\u0105 pasirinkim\u0105. Jie atsi\u017evelgs \u012f j\u016bs\u0173 klausos poreikius, biud\u017eet\u0105, gyvenimo b\u016bd\u0105 ir individualias klausos nuostatas. <\/p>   <div class=\"wp-block-buttons is-layout-flex wp-block-buttons-is-layout-flex\">\n<div class=\"wp-block-button is-style-marker-green\"><a class=\"wp-block-button__link wp-element-button\" href=\"https:\/\/intl.phonak.com\/lt-lt\/rasti-specialista\/\">Raskite specialist\u0105<\/a><\/div>\n<\/div>\n<\/div><\/div> ","protected":false},"excerpt":{"rendered":"<p>Atraskite jums puikiai tinkant\u012f stili\u0173 \u0160iuolaikiniai klausos aparatai si\u016blo plat\u0173 funkcij\u0173 spektr\u0105 ir \u012fvairov\u0119. J\u016bs\u0173 klausos specialistas pad\u0117s jums pasirinkti&#8230;<\/p>\n","protected":false},"author":5,"featured_media":492,"parent":340,"menu_order":0,"comment_status":"closed","ping_status":"closed","template":"","meta":{"_acf_changed":false,"inline_featured_image":false,"footnotes":""},"class_list":["post-374","page","type-page","status-publish","has-post-thumbnail","hentry"],"acf":[],"yoast_head":"<!-- This site is optimized with the Yoast SEO plugin v26.9 - https:\/\/yoast.com\/product\/yoast-seo-wordpress\/ -->\n<title>Klausos aparat\u0173 stiliai - Phonak - Lietuva<\/title>\n<meta name=\"robots\" content=\"index, follow, max-snippet:-1, max-image-preview:large, max-video-preview:-1\" \/>\n<link rel=\"canonical\" href=\"https:\/\/intl.phonak.com\/main-english\/solutions\/hearing-aid-styles\/\" \/>\n<meta property=\"og:locale\" content=\"lt_LT\" \/>\n<meta property=\"og:type\" content=\"article\" \/>\n<meta property=\"og:title\" content=\"Klausos aparat\u0173 stiliai - Phonak - Lietuva\" \/>\n<meta property=\"og:description\" content=\"Atraskite jums puikiai tinkant\u012f stili\u0173 \u0160iuolaikiniai klausos aparatai si\u016blo plat\u0173 funkcij\u0173 spektr\u0105 ir \u012fvairov\u0119. J\u016bs\u0173 klausos specialistas pad\u0117s jums pasirinkti...\" \/>\n<meta property=\"og:url\" content=\"https:\/\/intl.phonak.com\/lt-lt\/sprendimai\/klausos-aparatu-stiliai\/\" \/>\n<meta property=\"og:site_name\" content=\"Phonak - Lietuva\" \/>\n<meta property=\"article:modified_time\" content=\"2026-02-16T10:55:09+00:00\" \/>\n<meta property=\"og:image\" content=\"https:\/\/intl.phonak.com\/lt-lt\/wp-content\/uploads\/sites\/72\/2021\/11\/PH_Packshot_Audeo-I-Sphere-xReceiver_050-1029-P7_942878.png\" \/>\n\t<meta property=\"og:image:width\" content=\"600\" \/>\n\t<meta property=\"og:image:height\" content=\"600\" \/>\n\t<meta property=\"og:image:type\" content=\"image\/png\" \/>\n<meta name=\"twitter:card\" content=\"summary_large_image\" \/>\n<meta name=\"twitter:label1\" content=\"Est. reading time\" \/>\n\t<meta name=\"twitter:data1\" content=\"3 minutes\" \/>\n<script type=\"application\/ld+json\" class=\"yoast-schema-graph\">{\"@context\":\"https:\/\/schema.org\",\"@graph\":[{\"@type\":\"WebPage\",\"@id\":\"https:\/\/intl.phonak.com\/lt-lt\/sprendimai\/klausos-aparatu-stiliai\/\",\"url\":\"https:\/\/intl.phonak.com\/lt-lt\/sprendimai\/klausos-aparatu-stiliai\/\",\"name\":\"Klausos aparat\u0173 stiliai - Phonak - Lietuva\",\"isPartOf\":{\"@id\":\"https:\/\/intl.phonak.com\/lt-lt\/#website\"},\"primaryImageOfPage\":{\"@id\":\"https:\/\/intl.phonak.com\/lt-lt\/sprendimai\/klausos-aparatu-stiliai\/#primaryimage\"},\"image\":{\"@id\":\"https:\/\/intl.phonak.com\/lt-lt\/sprendimai\/klausos-aparatu-stiliai\/#primaryimage\"},\"thumbnailUrl\":\"https:\/\/intl.phonak.com\/lt-lt\/wp-content\/uploads\/sites\/72\/2021\/11\/PH_Packshot_Audeo-I-Sphere-xReceiver_050-1029-P7_942878.png\",\"datePublished\":\"2021-11-30T15:12:48+00:00\",\"dateModified\":\"2026-02-16T10:55:09+00:00\",\"breadcrumb\":{\"@id\":\"https:\/\/intl.phonak.com\/lt-lt\/sprendimai\/klausos-aparatu-stiliai\/#breadcrumb\"},\"inLanguage\":\"lt-LT\",\"potentialAction\":[{\"@type\":\"ReadAction\",\"target\":[\"https:\/\/intl.phonak.com\/lt-lt\/sprendimai\/klausos-aparatu-stiliai\/\"]}]},{\"@type\":\"ImageObject\",\"inLanguage\":\"lt-LT\",\"@id\":\"https:\/\/intl.phonak.com\/lt-lt\/sprendimai\/klausos-aparatu-stiliai\/#primaryimage\",\"url\":\"https:\/\/intl.phonak.com\/lt-lt\/wp-content\/uploads\/sites\/72\/2021\/11\/PH_Packshot_Audeo-I-Sphere-xReceiver_050-1029-P7_942878.png\",\"contentUrl\":\"https:\/\/intl.phonak.com\/lt-lt\/wp-content\/uploads\/sites\/72\/2021\/11\/PH_Packshot_Audeo-I-Sphere-xReceiver_050-1029-P7_942878.png\",\"width\":600,\"height\":600,\"caption\":\"Phonak Aud\u00e9o Sphere Infinio\"},{\"@type\":\"BreadcrumbList\",\"@id\":\"https:\/\/intl.phonak.com\/lt-lt\/sprendimai\/klausos-aparatu-stiliai\/#breadcrumb\",\"itemListElement\":[{\"@type\":\"ListItem\",\"position\":1,\"name\":\"Home\",\"item\":\"https:\/\/intl.phonak.com\/lt-lt\/\"},{\"@type\":\"ListItem\",\"position\":2,\"name\":\"Sprendimai\",\"item\":\"https:\/\/intl.phonak.com\/lt-lt\/sprendimai\/\"},{\"@type\":\"ListItem\",\"position\":3,\"name\":\"Klausos aparat\u0173 stiliai\"}]},{\"@type\":\"WebSite\",\"@id\":\"https:\/\/intl.phonak.com\/lt-lt\/#website\",\"url\":\"https:\/\/intl.phonak.com\/lt-lt\/\",\"name\":\"Phonak - Lietuva\",\"description\":\"Pasiry\u017e\u0119 keisti gyvenimus\",\"publisher\":{\"@id\":\"https:\/\/intl.phonak.com\/lt-lt\/#organization\"},\"potentialAction\":[{\"@type\":\"SearchAction\",\"target\":{\"@type\":\"EntryPoint\",\"urlTemplate\":\"https:\/\/intl.phonak.com\/lt-lt\/?s={search_term_string}\"},\"query-input\":{\"@type\":\"PropertyValueSpecification\",\"valueRequired\":true,\"valueName\":\"search_term_string\"}}],\"inLanguage\":\"lt-LT\"},{\"@type\":\"Organization\",\"@id\":\"https:\/\/intl.phonak.com\/lt-lt\/#organization\",\"name\":\"Phonak - Lietuva\",\"url\":\"https:\/\/intl.phonak.com\/lt-lt\/\",\"logo\":{\"@type\":\"ImageObject\",\"inLanguage\":\"lt-LT\",\"@id\":\"https:\/\/intl.phonak.com\/lt-lt\/#\/schema\/logo\/image\/\",\"url\":\"https:\/\/intl.phonak.com\/lt-lt\/wp-content\/uploads\/sites\/72\/2025\/07\/logo-phonak.svg\",\"contentUrl\":\"https:\/\/intl.phonak.com\/lt-lt\/wp-content\/uploads\/sites\/72\/2025\/07\/logo-phonak.svg\",\"caption\":\"Phonak -  Lietuva\"},\"image\":{\"@id\":\"https:\/\/intl.phonak.com\/lt-lt\/#\/schema\/logo\/image\/\"}}]}<\/script>\n<!-- \/ Yoast SEO plugin. -->","yoast_head_json":{"title":"Klausos aparat\u0173 stiliai - Phonak - Lietuva","robots":{"index":"index","follow":"follow","max-snippet":"max-snippet:-1","max-image-preview":"max-image-preview:large","max-video-preview":"max-video-preview:-1"},"canonical":"https:\/\/intl.phonak.com\/main-english\/solutions\/hearing-aid-styles\/","og_locale":"lt_LT","og_type":"article","og_title":"Klausos aparat\u0173 stiliai - Phonak - Lietuva","og_description":"Atraskite jums puikiai tinkant\u012f stili\u0173 \u0160iuolaikiniai klausos aparatai si\u016blo plat\u0173 funkcij\u0173 spektr\u0105 ir \u012fvairov\u0119. J\u016bs\u0173 klausos specialistas pad\u0117s jums pasirinkti...","og_url":"https:\/\/intl.phonak.com\/lt-lt\/sprendimai\/klausos-aparatu-stiliai\/","og_site_name":"Phonak - Lietuva","article_modified_time":"2026-02-16T10:55:09+00:00","og_image":[{"width":600,"height":600,"url":"https:\/\/intl.phonak.com\/lt-lt\/wp-content\/uploads\/sites\/72\/2021\/11\/PH_Packshot_Audeo-I-Sphere-xReceiver_050-1029-P7_942878.png","type":"image\/png"}],"twitter_card":"summary_large_image","twitter_misc":{"Est. reading time":"3 minutes"},"schema":{"@context":"https:\/\/schema.org","@graph":[{"@type":"WebPage","@id":"https:\/\/intl.phonak.com\/lt-lt\/sprendimai\/klausos-aparatu-stiliai\/","url":"https:\/\/intl.phonak.com\/lt-lt\/sprendimai\/klausos-aparatu-stiliai\/","name":"Klausos aparat\u0173 stiliai - Phonak - Lietuva","isPartOf":{"@id":"https:\/\/intl.phonak.com\/lt-lt\/#website"},"primaryImageOfPage":{"@id":"https:\/\/intl.phonak.com\/lt-lt\/sprendimai\/klausos-aparatu-stiliai\/#primaryimage"},"image":{"@id":"https:\/\/intl.phonak.com\/lt-lt\/sprendimai\/klausos-aparatu-stiliai\/#primaryimage"},"thumbnailUrl":"https:\/\/intl.phonak.com\/lt-lt\/wp-content\/uploads\/sites\/72\/2021\/11\/PH_Packshot_Audeo-I-Sphere-xReceiver_050-1029-P7_942878.png","datePublished":"2021-11-30T15:12:48+00:00","dateModified":"2026-02-16T10:55:09+00:00","breadcrumb":{"@id":"https:\/\/intl.phonak.com\/lt-lt\/sprendimai\/klausos-aparatu-stiliai\/#breadcrumb"},"inLanguage":"lt-LT","potentialAction":[{"@type":"ReadAction","target":["https:\/\/intl.phonak.com\/lt-lt\/sprendimai\/klausos-aparatu-stiliai\/"]}]},{"@type":"ImageObject","inLanguage":"lt-LT","@id":"https:\/\/intl.phonak.com\/lt-lt\/sprendimai\/klausos-aparatu-stiliai\/#primaryimage","url":"https:\/\/intl.phonak.com\/lt-lt\/wp-content\/uploads\/sites\/72\/2021\/11\/PH_Packshot_Audeo-I-Sphere-xReceiver_050-1029-P7_942878.png","contentUrl":"https:\/\/intl.phonak.com\/lt-lt\/wp-content\/uploads\/sites\/72\/2021\/11\/PH_Packshot_Audeo-I-Sphere-xReceiver_050-1029-P7_942878.png","width":600,"height":600,"caption":"Phonak Aud\u00e9o Sphere Infinio"},{"@type":"BreadcrumbList","@id":"https:\/\/intl.phonak.com\/lt-lt\/sprendimai\/klausos-aparatu-stiliai\/#breadcrumb","itemListElement":[{"@type":"ListItem","position":1,"name":"Home","item":"https:\/\/intl.phonak.com\/lt-lt\/"},{"@type":"ListItem","position":2,"name":"Sprendimai","item":"https:\/\/intl.phonak.com\/lt-lt\/sprendimai\/"},{"@type":"ListItem","position":3,"name":"Klausos aparat\u0173 stiliai"}]},{"@type":"WebSite","@id":"https:\/\/intl.phonak.com\/lt-lt\/#website","url":"https:\/\/intl.phonak.com\/lt-lt\/","name":"Phonak - Lietuva","description":"Pasiry\u017e\u0119 keisti gyvenimus","publisher":{"@id":"https:\/\/intl.phonak.com\/lt-lt\/#organization"},"potentialAction":[{"@type":"SearchAction","target":{"@type":"EntryPoint","urlTemplate":"https:\/\/intl.phonak.com\/lt-lt\/?s={search_term_string}"},"query-input":{"@type":"PropertyValueSpecification","valueRequired":true,"valueName":"search_term_string"}}],"inLanguage":"lt-LT"},{"@type":"Organization","@id":"https:\/\/intl.phonak.com\/lt-lt\/#organization","name":"Phonak - Lietuva","url":"https:\/\/intl.phonak.com\/lt-lt\/","logo":{"@type":"ImageObject","inLanguage":"lt-LT","@id":"https:\/\/intl.phonak.com\/lt-lt\/#\/schema\/logo\/image\/","url":"https:\/\/intl.phonak.com\/lt-lt\/wp-content\/uploads\/sites\/72\/2025\/07\/logo-phonak.svg","contentUrl":"https:\/\/intl.phonak.com\/lt-lt\/wp-content\/uploads\/sites\/72\/2025\/07\/logo-phonak.svg","caption":"Phonak -  Lietuva"},"image":{"@id":"https:\/\/intl.phonak.com\/lt-lt\/#\/schema\/logo\/image\/"}}]}},"jetpack_sharing_enabled":true,"distributor_meta":false,"distributor_terms":false,"distributor_media":false,"distributor_original_site_name":"Phonak -  Lietuva","distributor_original_site_url":"https:\/\/intl.phonak.com\/lt-lt","push-errors":false,"_links":{"self":[{"href":"https:\/\/intl.phonak.com\/lt-lt\/wp-json\/wp\/v2\/pages\/374","targetHints":{"allow":["GET"]}}],"collection":[{"href":"https:\/\/intl.phonak.com\/lt-lt\/wp-json\/wp\/v2\/pages"}],"about":[{"href":"https:\/\/intl.phonak.com\/lt-lt\/wp-json\/wp\/v2\/types\/page"}],"author":[{"embeddable":true,"href":"https:\/\/intl.phonak.com\/lt-lt\/wp-json\/wp\/v2\/users\/5"}],"replies":[{"embeddable":true,"href":"https:\/\/intl.phonak.com\/lt-lt\/wp-json\/wp\/v2\/comments?post=374"}],"version-history":[{"count":9,"href":"https:\/\/intl.phonak.com\/lt-lt\/wp-json\/wp\/v2\/pages\/374\/revisions"}],"predecessor-version":[{"id":1170,"href":"https:\/\/intl.phonak.com\/lt-lt\/wp-json\/wp\/v2\/pages\/374\/revisions\/1170"}],"up":[{"embeddable":true,"href":"https:\/\/intl.phonak.com\/lt-lt\/wp-json\/wp\/v2\/pages\/340"}],"wp:featuredmedia":[{"embeddable":true,"href":"https:\/\/intl.phonak.com\/lt-lt\/wp-json\/wp\/v2\/media\/492"}],"wp:attachment":[{"href":"https:\/\/intl.phonak.com\/lt-lt\/wp-json\/wp\/v2\/media?parent=374"}],"curies":[{"name":"wp","href":"https:\/\/api.w.org\/{rel}","templated":true}]}}