{"id":368,"date":"2021-12-01T18:05:35","date_gmt":"2021-12-01T18:05:35","guid":{"rendered":"https:\/\/intl.phonak.com\/lt-lt\/sitemap\/"},"modified":"2025-09-02T15:05:30","modified_gmt":"2025-09-02T15:05:30","slug":"svetaines-zemelapis","status":"publish","type":"page","link":"https:\/\/intl.phonak.com\/lt-lt\/svetaines-zemelapis\/","title":{"rendered":"Svetaines zemelapis"},"content":{"rendered":"<div class=\"sitemap\">\n\t<ul>\n\t<li class=\"page_item page-item-410\"><a href=\"https:\/\/intl.phonak.com\/lt-lt\/apie\/\">Apie<\/a><\/li>\n<li class=\"page_item page-item-356\"><a href=\"https:\/\/intl.phonak.com\/lt-lt\/klausos-tikrinimas\/\">Internetinis klausos testas<\/a><\/li>\n<li class=\"page_item page-item-360\"><a href=\"https:\/\/intl.phonak.com\/lt-lt\/klausos-apsaugos\/\">Klausos apsauga<\/a><\/li>\n<li class=\"page_item page-item-316 page_item_has_children\"><a href=\"https:\/\/intl.phonak.com\/lt-lt\/klausos-praradimas\/\">Klausos praradimas<\/a>\n<ul class='children'>\n\t<li class=\"page_item page-item-352\"><a href=\"https:\/\/intl.phonak.com\/lt-lt\/klausos-praradimas\/phonak-geras-girdejimas-yra-gerove\/\">&#8220;Phonak&#8221; gera klausa yra gerov\u0117\u2122<\/a><\/li>\n\t<li class=\"page_item page-item-320\"><a href=\"https:\/\/intl.phonak.com\/lt-lt\/klausos-praradimas\/klausos-aparatu-prieziura\/\">Klausos aparat\u0173 prie\u017ei\u016bros vaizdo \u012fra\u0161ai<\/a><\/li>\n\t<li class=\"page_item page-item-312\"><a href=\"https:\/\/intl.phonak.com\/lt-lt\/klausos-praradimas\/klausos-aparato-pritaikymas\/\">Klausos aparat\u0173 pritaikymas<\/a><\/li>\n\t<li class=\"page_item page-item-382\"><a href=\"https:\/\/intl.phonak.com\/lt-lt\/klausos-praradimas\/klausos-praradimo-priezastys\/\">Klausos praradimo prie\u017eastys<\/a><\/li>\n\t<li class=\"page_item page-item-378\"><a href=\"https:\/\/intl.phonak.com\/lt-lt\/klausos-praradimas\/kreiptis-i-klausos-specialista\/\">Kreipkit\u0117s \u012f klausos ekspert\u0105<\/a><\/li>\n<\/ul>\n<\/li>\n<li class=\"page_item page-item-414\"><a href=\"https:\/\/intl.phonak.com\/lt-lt\/\">Namai<\/a><\/li>\n<li class=\"page_item page-item-348\"><a href=\"https:\/\/intl.phonak.com\/lt-lt\/pediatrijos-centras\/\">Pediatrijos centras<\/a><\/li>\n<li class=\"page_item page-item-371\"><a href=\"https:\/\/intl.phonak.com\/lt-lt\/privatumo-politika\/\">Privatumo politika<\/a><\/li>\n<li class=\"page_item page-item-333\"><a href=\"https:\/\/intl.phonak.com\/lt-lt\/privatumo-pranesimas\/\">Privatumo prane\u0161imas<\/a><\/li>\n<li class=\"page_item page-item-403\"><a href=\"https:\/\/intl.phonak.com\/lt-lt\/rasti-specialista\/\">Raskite specialist\u0105<\/a><\/li>\n<li class=\"page_item page-item-330\"><a href=\"https:\/\/intl.phonak.com\/lt-lt\/slapuku-privatumo-pranesimas\/\">Slapuk\u0173 privatumo prane\u0161imas<\/a><\/li>\n<li class=\"page_item page-item-324\"><a href=\"https:\/\/intl.phonak.com\/lt-lt\/slapuku-privatumo-pranesimas-2\/\">Slapuku privatumo pranesimas<\/a><\/li>\n<li class=\"page_item page-item-340 page_item_has_children\"><a href=\"https:\/\/intl.phonak.com\/lt-lt\/sprendimai\/\">Sprendimai<\/a>\n<ul class='children'>\n\t<li class=\"page_item page-item-365\"><a href=\"https:\/\/intl.phonak.com\/lt-lt\/sprendimai\/klausos-aparatai\/\">Klausos aparatai<\/a><\/li>\n\t<li class=\"page_item page-item-374\"><a href=\"https:\/\/intl.phonak.com\/lt-lt\/sprendimai\/klausos-aparatu-stiliai\/\">Klausos aparat\u0173 stiliai<\/a><\/li>\n\t<li class=\"page_item page-item-395\"><a href=\"https:\/\/intl.phonak.com\/lt-lt\/sprendimai\/atsisiuntimai\/\">Parsisi\u0173sti<\/a><\/li>\n\t<li class=\"page_item page-item-390\"><a href=\"https:\/\/intl.phonak.com\/lt-lt\/sprendimai\/priedai\/\">Priedai<\/a><\/li>\n\t<li class=\"page_item page-item-398\"><a href=\"https:\/\/intl.phonak.com\/lt-lt\/sprendimai\/produktai\/\">Produktai<\/a><\/li>\n\t<li class=\"page_item page-item-336\"><a href=\"https:\/\/intl.phonak.com\/lt-lt\/sprendimai\/roger-svietimui\/\">Roger\u2122 \u0161vietimui<\/a><\/li>\n\t<li class=\"page_item page-item-344\"><a href=\"https:\/\/intl.phonak.com\/lt-lt\/sprendimai\/roger-technologija\/\">Roger\u2122 technologija<\/a><\/li>\n\t<li class=\"page_item page-item-386\"><a href=\"https:\/\/intl.phonak.com\/lt-lt\/sprendimai\/sprendimai-vaikams\/\">Sprendimai vaikams<\/a><\/li>\n<\/ul>\n<\/li>\n<li class=\"page_item page-item-406\"><a href=\"https:\/\/intl.phonak.com\/lt-lt\/kontaktai\/\">Susisiekite su mumis<\/a><\/li>\n<li class=\"page_item page-item-368\"><a href=\"https:\/\/intl.phonak.com\/lt-lt\/svetaines-zemelapis\/\">Svetaines zemelapis<\/a><\/li>\n<li class=\"page_item page-item-327\"><a href=\"https:\/\/intl.phonak.com\/lt-lt\/terms-of-use\/\">Terms of use<\/a><\/li>\n\t<\/ul>\n<\/div>\n\n\n\n<div style=\"height:40px\" aria-hidden=\"true\" class=\"wp-block-spacer\"><\/div>\n","protected":false},"excerpt":{"rendered":"","protected":false},"author":5,"featured_media":369,"parent":0,"menu_order":0,"comment_status":"closed","ping_status":"closed","template":"","meta":{"_acf_changed":false,"inline_featured_image":false,"footnotes":""},"class_list":["post-368","page","type-page","status-publish","has-post-thumbnail","hentry"],"acf":[],"yoast_head":"<!-- This site is optimized with the Yoast SEO plugin v26.9 - https:\/\/yoast.com\/product\/yoast-seo-wordpress\/ -->\n<title>Svetaines zemelapis - Phonak - Lietuva<\/title>\n<meta name=\"robots\" content=\"index, follow, max-snippet:-1, max-image-preview:large, max-video-preview:-1\" \/>\n<link rel=\"canonical\" href=\"https:\/\/intl.phonak.com\/main-english\/sitemap\/\" \/>\n<meta property=\"og:locale\" content=\"lt_LT\" \/>\n<meta property=\"og:type\" content=\"article\" \/>\n<meta property=\"og:title\" content=\"Svetaines zemelapis - Phonak - Lietuva\" \/>\n<meta property=\"og:url\" content=\"https:\/\/intl.phonak.com\/lt-lt\/svetaines-zemelapis\/\" \/>\n<meta property=\"og:site_name\" content=\"Phonak - Lietuva\" \/>\n<meta property=\"article:modified_time\" content=\"2025-09-02T15:05:30+00:00\" \/>\n<meta property=\"og:image\" content=\"https:\/\/intl.phonak.com\/lt-lt\/wp-content\/uploads\/sites\/72\/2025\/07\/PH_Packshot_Audeo-I-Sphere-xReceiver_050-1029-P7_658be0.png\" \/>\n\t<meta property=\"og:image:width\" content=\"600\" \/>\n\t<meta property=\"og:image:height\" content=\"600\" \/>\n\t<meta property=\"og:image:type\" content=\"image\/png\" \/>\n<meta name=\"twitter:card\" content=\"summary_large_image\" \/>\n<script type=\"application\/ld+json\" class=\"yoast-schema-graph\">{\"@context\":\"https:\/\/schema.org\",\"@graph\":[{\"@type\":\"WebPage\",\"@id\":\"https:\/\/intl.phonak.com\/lt-lt\/svetaines-zemelapis\/\",\"url\":\"https:\/\/intl.phonak.com\/lt-lt\/svetaines-zemelapis\/\",\"name\":\"Svetaines zemelapis - Phonak - Lietuva\",\"isPartOf\":{\"@id\":\"https:\/\/intl.phonak.com\/lt-lt\/#website\"},\"primaryImageOfPage\":{\"@id\":\"https:\/\/intl.phonak.com\/lt-lt\/svetaines-zemelapis\/#primaryimage\"},\"image\":{\"@id\":\"https:\/\/intl.phonak.com\/lt-lt\/svetaines-zemelapis\/#primaryimage\"},\"thumbnailUrl\":\"https:\/\/intl.phonak.com\/lt-lt\/wp-content\/uploads\/sites\/72\/2025\/07\/PH_Packshot_Audeo-I-Sphere-xReceiver_050-1029-P7_658be0.png\",\"datePublished\":\"2021-12-01T18:05:35+00:00\",\"dateModified\":\"2025-09-02T15:05:30+00:00\",\"breadcrumb\":{\"@id\":\"https:\/\/intl.phonak.com\/lt-lt\/svetaines-zemelapis\/#breadcrumb\"},\"inLanguage\":\"lt-LT\",\"potentialAction\":[{\"@type\":\"ReadAction\",\"target\":[\"https:\/\/intl.phonak.com\/lt-lt\/svetaines-zemelapis\/\"]}]},{\"@type\":\"ImageObject\",\"inLanguage\":\"lt-LT\",\"@id\":\"https:\/\/intl.phonak.com\/lt-lt\/svetaines-zemelapis\/#primaryimage\",\"url\":\"https:\/\/intl.phonak.com\/lt-lt\/wp-content\/uploads\/sites\/72\/2025\/07\/PH_Packshot_Audeo-I-Sphere-xReceiver_050-1029-P7_658be0.png\",\"contentUrl\":\"https:\/\/intl.phonak.com\/lt-lt\/wp-content\/uploads\/sites\/72\/2025\/07\/PH_Packshot_Audeo-I-Sphere-xReceiver_050-1029-P7_658be0.png\",\"width\":600,\"height\":600,\"caption\":\"Phonak Aud\u00e9o Sphere Infinio\"},{\"@type\":\"BreadcrumbList\",\"@id\":\"https:\/\/intl.phonak.com\/lt-lt\/svetaines-zemelapis\/#breadcrumb\",\"itemListElement\":[{\"@type\":\"ListItem\",\"position\":1,\"name\":\"Home\",\"item\":\"https:\/\/intl.phonak.com\/lt-lt\/\"},{\"@type\":\"ListItem\",\"position\":2,\"name\":\"Svetaines zemelapis\"}]},{\"@type\":\"WebSite\",\"@id\":\"https:\/\/intl.phonak.com\/lt-lt\/#website\",\"url\":\"https:\/\/intl.phonak.com\/lt-lt\/\",\"name\":\"Phonak - Lietuva\",\"description\":\"Pasiry\u017e\u0119 keisti gyvenimus\",\"publisher\":{\"@id\":\"https:\/\/intl.phonak.com\/lt-lt\/#organization\"},\"potentialAction\":[{\"@type\":\"SearchAction\",\"target\":{\"@type\":\"EntryPoint\",\"urlTemplate\":\"https:\/\/intl.phonak.com\/lt-lt\/?s={search_term_string}\"},\"query-input\":{\"@type\":\"PropertyValueSpecification\",\"valueRequired\":true,\"valueName\":\"search_term_string\"}}],\"inLanguage\":\"lt-LT\"},{\"@type\":\"Organization\",\"@id\":\"https:\/\/intl.phonak.com\/lt-lt\/#organization\",\"name\":\"Phonak - Lietuva\",\"url\":\"https:\/\/intl.phonak.com\/lt-lt\/\",\"logo\":{\"@type\":\"ImageObject\",\"inLanguage\":\"lt-LT\",\"@id\":\"https:\/\/intl.phonak.com\/lt-lt\/#\/schema\/logo\/image\/\",\"url\":\"https:\/\/intl.phonak.com\/lt-lt\/wp-content\/uploads\/sites\/72\/2025\/07\/logo-phonak.svg\",\"contentUrl\":\"https:\/\/intl.phonak.com\/lt-lt\/wp-content\/uploads\/sites\/72\/2025\/07\/logo-phonak.svg\",\"caption\":\"Phonak -  Lietuva\"},\"image\":{\"@id\":\"https:\/\/intl.phonak.com\/lt-lt\/#\/schema\/logo\/image\/\"}}]}<\/script>\n<!-- \/ Yoast SEO plugin. -->","yoast_head_json":{"title":"Svetaines zemelapis - Phonak - Lietuva","robots":{"index":"index","follow":"follow","max-snippet":"max-snippet:-1","max-image-preview":"max-image-preview:large","max-video-preview":"max-video-preview:-1"},"canonical":"https:\/\/intl.phonak.com\/main-english\/sitemap\/","og_locale":"lt_LT","og_type":"article","og_title":"Svetaines zemelapis - Phonak - Lietuva","og_url":"https:\/\/intl.phonak.com\/lt-lt\/svetaines-zemelapis\/","og_site_name":"Phonak - Lietuva","article_modified_time":"2025-09-02T15:05:30+00:00","og_image":[{"width":600,"height":600,"url":"https:\/\/intl.phonak.com\/lt-lt\/wp-content\/uploads\/sites\/72\/2025\/07\/PH_Packshot_Audeo-I-Sphere-xReceiver_050-1029-P7_658be0.png","type":"image\/png"}],"twitter_card":"summary_large_image","schema":{"@context":"https:\/\/schema.org","@graph":[{"@type":"WebPage","@id":"https:\/\/intl.phonak.com\/lt-lt\/svetaines-zemelapis\/","url":"https:\/\/intl.phonak.com\/lt-lt\/svetaines-zemelapis\/","name":"Svetaines zemelapis - Phonak - Lietuva","isPartOf":{"@id":"https:\/\/intl.phonak.com\/lt-lt\/#website"},"primaryImageOfPage":{"@id":"https:\/\/intl.phonak.com\/lt-lt\/svetaines-zemelapis\/#primaryimage"},"image":{"@id":"https:\/\/intl.phonak.com\/lt-lt\/svetaines-zemelapis\/#primaryimage"},"thumbnailUrl":"https:\/\/intl.phonak.com\/lt-lt\/wp-content\/uploads\/sites\/72\/2025\/07\/PH_Packshot_Audeo-I-Sphere-xReceiver_050-1029-P7_658be0.png","datePublished":"2021-12-01T18:05:35+00:00","dateModified":"2025-09-02T15:05:30+00:00","breadcrumb":{"@id":"https:\/\/intl.phonak.com\/lt-lt\/svetaines-zemelapis\/#breadcrumb"},"inLanguage":"lt-LT","potentialAction":[{"@type":"ReadAction","target":["https:\/\/intl.phonak.com\/lt-lt\/svetaines-zemelapis\/"]}]},{"@type":"ImageObject","inLanguage":"lt-LT","@id":"https:\/\/intl.phonak.com\/lt-lt\/svetaines-zemelapis\/#primaryimage","url":"https:\/\/intl.phonak.com\/lt-lt\/wp-content\/uploads\/sites\/72\/2025\/07\/PH_Packshot_Audeo-I-Sphere-xReceiver_050-1029-P7_658be0.png","contentUrl":"https:\/\/intl.phonak.com\/lt-lt\/wp-content\/uploads\/sites\/72\/2025\/07\/PH_Packshot_Audeo-I-Sphere-xReceiver_050-1029-P7_658be0.png","width":600,"height":600,"caption":"Phonak Aud\u00e9o Sphere Infinio"},{"@type":"BreadcrumbList","@id":"https:\/\/intl.phonak.com\/lt-lt\/svetaines-zemelapis\/#breadcrumb","itemListElement":[{"@type":"ListItem","position":1,"name":"Home","item":"https:\/\/intl.phonak.com\/lt-lt\/"},{"@type":"ListItem","position":2,"name":"Svetaines zemelapis"}]},{"@type":"WebSite","@id":"https:\/\/intl.phonak.com\/lt-lt\/#website","url":"https:\/\/intl.phonak.com\/lt-lt\/","name":"Phonak - Lietuva","description":"Pasiry\u017e\u0119 keisti gyvenimus","publisher":{"@id":"https:\/\/intl.phonak.com\/lt-lt\/#organization"},"potentialAction":[{"@type":"SearchAction","target":{"@type":"EntryPoint","urlTemplate":"https:\/\/intl.phonak.com\/lt-lt\/?s={search_term_string}"},"query-input":{"@type":"PropertyValueSpecification","valueRequired":true,"valueName":"search_term_string"}}],"inLanguage":"lt-LT"},{"@type":"Organization","@id":"https:\/\/intl.phonak.com\/lt-lt\/#organization","name":"Phonak - Lietuva","url":"https:\/\/intl.phonak.com\/lt-lt\/","logo":{"@type":"ImageObject","inLanguage":"lt-LT","@id":"https:\/\/intl.phonak.com\/lt-lt\/#\/schema\/logo\/image\/","url":"https:\/\/intl.phonak.com\/lt-lt\/wp-content\/uploads\/sites\/72\/2025\/07\/logo-phonak.svg","contentUrl":"https:\/\/intl.phonak.com\/lt-lt\/wp-content\/uploads\/sites\/72\/2025\/07\/logo-phonak.svg","caption":"Phonak -  Lietuva"},"image":{"@id":"https:\/\/intl.phonak.com\/lt-lt\/#\/schema\/logo\/image\/"}}]}},"jetpack_sharing_enabled":true,"distributor_meta":false,"distributor_terms":false,"distributor_media":false,"distributor_original_site_name":"Phonak -  Lietuva","distributor_original_site_url":"https:\/\/intl.phonak.com\/lt-lt","push-errors":false,"_links":{"self":[{"href":"https:\/\/intl.phonak.com\/lt-lt\/wp-json\/wp\/v2\/pages\/368","targetHints":{"allow":["GET"]}}],"collection":[{"href":"https:\/\/intl.phonak.com\/lt-lt\/wp-json\/wp\/v2\/pages"}],"about":[{"href":"https:\/\/intl.phonak.com\/lt-lt\/wp-json\/wp\/v2\/types\/page"}],"author":[{"embeddable":true,"href":"https:\/\/intl.phonak.com\/lt-lt\/wp-json\/wp\/v2\/users\/5"}],"replies":[{"embeddable":true,"href":"https:\/\/intl.phonak.com\/lt-lt\/wp-json\/wp\/v2\/comments?post=368"}],"version-history":[{"count":2,"href":"https:\/\/intl.phonak.com\/lt-lt\/wp-json\/wp\/v2\/pages\/368\/revisions"}],"predecessor-version":[{"id":702,"href":"https:\/\/intl.phonak.com\/lt-lt\/wp-json\/wp\/v2\/pages\/368\/revisions\/702"}],"wp:featuredmedia":[{"embeddable":true,"href":"https:\/\/intl.phonak.com\/lt-lt\/wp-json\/wp\/v2\/media\/369"}],"wp:attachment":[{"href":"https:\/\/intl.phonak.com\/lt-lt\/wp-json\/wp\/v2\/media?parent=368"}],"curies":[{"name":"wp","href":"https:\/\/api.w.org\/{rel}","templated":true}]}}