{"id":356,"date":"2022-02-10T17:50:56","date_gmt":"2022-02-10T17:50:56","guid":{"rendered":"https:\/\/intl.phonak.com\/lt-lt\/hearing-screener\/"},"modified":"2025-09-18T09:32:21","modified_gmt":"2025-09-18T09:32:21","slug":"klausos-tikrinimas","status":"publish","type":"page","link":"https:\/\/intl.phonak.com\/lt-lt\/klausos-tikrinimas\/","title":{"rendered":"Internetinis klausos testas"},"content":{"rendered":"\n<div style=\"height:64px\" aria-hidden=\"true\" class=\"wp-block-spacer\"><\/div>\n\n\n\n<figure class=\"wp-block-image aligncenter size-large\"><img decoding=\"async\" src=\"https:\/\/intl.phonak.com\/lt-lt\/wp-content\/uploads\/sites\/3\/2022\/02\/eScreener.jpg?w=550\" alt=\"Hearing screener\" class=\"wp-image-4464\"\/><\/figure>\n\n\n\n<div class=\"wp-block-group is-style-align-small is-layout-flow wp-block-group-is-layout-flow\" style=\"padding-top:0px\">\n<div style=\"height:28px\" aria-hidden=\"true\" class=\"wp-block-spacer\"><\/div>\n\n\n\n<h2 class=\"wp-block-heading has-text-align-center\" id=\"take-our-five-minute-online-hearing-test\">Atlikite m\u016bs\u0173 3 minu\u010di\u0173 internetin\u012f klausos test\u0105<\/h2>\n\n\n\n<div class=\"wp-block-buttons is-layout-flex wp-block-buttons-is-layout-flex\">\n<div class=\"wp-block-button aligncenter\"><a class=\"wp-block-button__link wp-element-button\" href=\"https:\/\/hearing-screener.beyondhearing.org\/H4ZdWK\/welcome\" target=\"_blank\" rel=\"noreferrer noopener\">Patikrinkite savo klaus\u0105<\/a><\/div>\n<\/div>\n\n\n\n<div style=\"height:62px\" aria-hidden=\"true\" class=\"wp-block-spacer\"><\/div>\n\n\n\n<p class=\"has-text-align-center\">Kartais klausos praradimo nepastebime, kol jis nepradeda daryti \u012ftakos m\u016bs\u0173 gyvenimo b\u016bdui. Sunku i\u0161girsti kolegas, draugus ar \u0161eimos narius arba praleisti gars\u0105 gali reik\u0161ti, kad praleid\u017eiate vis\u0105 istorij\u0105.<\/p>\n\n\n\n<p class=\"has-text-align-center\">Atlikite &#8220;Phonak&#8221; internetin\u012f klausos test\u0105 patogiai savo namuose. Tada klausos specialistas aptars \u0161iuos rezultatus su jumis ir \u012fvertins j\u016bs\u0173 kandidat\u016br\u0105 klausos aparatui gauti. Tolesni susitikimai, \u012fskaitant i\u0161sam\u0173 diagnostin\u012f \u012fvertinim\u0105, klausos aparat\u0173 pritaikym\u0105 ir reguliavim\u0105, gali b\u016bti atliekami klausos specialisto kabinete arba virtualiai. Naudodami skaitmenines tiesiogini\u0173 vizit\u0173 alternatyvas, galite naudotis visomis klausos prie\u017ei\u016bros paslaugomis, atitinkan\u010diomis j\u016bs\u0173 individualius poreikius, taip pat naudotis profesionaliomis ir asmenin\u0117mis \u017einiomis.<\/p>\n\n\n\n<p class=\"has-text-align-center\">Jei norite atlikti klausos test\u0105 savo vietov\u0117je, pra\u0161ome <a href=\"https:\/\/intl.phonak.com\/lt-lt\/rasti-specialista\/\">Raskite netoliese esant\u012f klausos specialist\u0105<\/a> .<\/p>\n<\/div>\n\n\n\n<div class=\"wp-block-group alignfull has-light-grey-background-color has-background is-layout-flow wp-block-group-is-layout-flow\">\n<h3 class=\"wp-block-heading has-text-align-center has-blue-color has-text-color\" id=\"how-to-get-the-most-out-of-this-test\">Kaip i\u0161naudoti visas \u0161io testo galimybes<\/h3>\n\n\n\n<div class=\"wp-block-group is-style-align-small is-layout-flow wp-block-group-is-layout-flow\"><div class=\"wp-list-block\">\n<ul class=\"wp-block-list\">\n<li>Prie\u0161 prad\u0117dami klausos test\u0105, \u012fsitikinkite, kad esate ramioje vietoje<\/li>\n\n\n\n<li>Naudokite ausines, o ne integruotus garsiakalbius ir nustatykite \u012frenginio garsum\u0105 iki 50 %<\/li>\n<\/ul>\n<\/div><\/div>\n<\/div>\n\n\n\n<div style=\"height:47px\" aria-hidden=\"true\" class=\"wp-block-spacer\"><\/div>\n\n\n\n<h3 class=\"wp-block-heading has-text-align-center has-blue-color has-text-color\" id=\"how-the-online-hearing-test-works\">Kaip veikia internetinis klausos testas<\/h3>\n\n\n\n<div class=\"wp-block-media-text alignwide is-stacked-on-mobile\"><figure class=\"wp-block-media-text__media\"><img decoding=\"async\" src=\"https:\/\/intl.phonak.com\/lt-lt\/wp-content\/uploads\/sites\/3\/2022\/02\/Screener.jpg?w=550\" alt=\"Hearing screener\" class=\"wp-image-4525 size-full\"\/><\/figure><div class=\"wp-block-media-text__content\"><div class=\"wp-list-block\">\n<ul class=\"wp-block-list\">\n<li>Pirmoji testo dalis nustato, kaip gerai galite gird\u0117ti skirtingais da\u017eni\u0173 lygiais. I\u0161girsite daugyb\u0119 signal\u0173 skirtingais tonais ir b\u016bsite papra\u0161yti reguliuoti garsum\u0105, kol i\u0161girsite gars\u0105<\/li>\n\n\n\n<li>Antroje testo dalyje u\u017eduosime kelet\u0105 klausim\u0173 apie j\u016bs\u0173 geb\u0117jim\u0105 gird\u0117ti sud\u0117tingose klausymosi situacijose<\/li>\n\n\n\n<li>Po to jums bus pateiktas klausos testo rezultatas ir nurodymai, k\u0105 daryti toliau, jei susiduriame su klausos praradimo po\u017eymiais<\/li>\n<\/ul>\n<\/div><\/div><\/div>\n\n\n\n<div class=\"wp-block-group alignfull is-style-default has-light-grey-background-color has-background is-layout-flow wp-block-group-is-layout-flow\">\n<div class=\"wp-block-group is-style-align-small is-layout-flow wp-block-group-is-layout-flow\">\n<h3 class=\"wp-block-heading has-blue-color has-text-color\" id=\"what-to-expect-at-your-first-appointment-1\">Ko tik\u0117tis per pirm\u0105j\u012f susitikim\u0105<\/h3>\n<\/div>\n\n\n\n<p class=\"has-text-align-center\">Mums r\u016bpi j\u016bs\u0173 klausa ir klausos praradimo problemos. Mes esame \u010dia, kad pad\u0117tume. Klausos praradimas yra nat\u016bralus ir n\u0117ra ko bijoti. Naudodami modern\u0173 &#8220;Phonak&#8221; sprendim\u0105, galime pad\u0117ti jums v\u0117l geriau gird\u0117ti.<\/p>\n\n\n\n<p class=\"has-text-align-center\"><\/p>\n<\/div>\n\n\n\n<div style=\"height:52px\" aria-hidden=\"true\" class=\"wp-block-spacer\"><\/div>\n\n\n\n<h3 class=\"wp-block-heading has-text-align-center has-blue-color has-text-color\" id=\"i-have-a-hearing-loss-what-comes-next\">Turiu klausos praradim\u0105, kas bus toliau?<\/h3>\n\n\n\n<div style=\"height:37px\" aria-hidden=\"true\" class=\"wp-block-spacer\"><\/div>\n\n\n\n<div class=\"wp-block-columns is-layout-flex wp-container-core-columns-is-layout-9d6595d7 wp-block-columns-is-layout-flex\">\n<div class=\"wp-block-column is-layout-flow wp-block-column-is-layout-flow\">\n<h4 class=\"wp-block-heading\">1) J\u016bs kalbate, mes klausome<\/h4>\n\n\n\n<p>J\u016bs\u0173 kelion\u0117 prasideda nuo apsilankymo pas klausos specialist\u0105; Jie yra tam, kad pad\u0117t\u0173 jums rasti jums tinkam\u0105 variant\u0105. Kalbate apie savo klaus\u0105, kaip ji pasikeit\u0117, su kokiais i\u0161\u0161\u016bkiais susiduriate, o mes i\u0161klausome.<\/p>\n<\/div>\n\n\n\n<div class=\"wp-block-column is-layout-flow wp-block-column-is-layout-flow\">\n<h4 class=\"wp-block-heading\">2) Klausos testas<\/h4>\n\n\n\n<p>Pasidalin\u0119 savo patirtimi, tikriname, k\u0105 girdite. Klausos testas yra toks pat paprastas, kaip s\u0117d\u0117ti ir klausytis. Atlik\u0119 \u0161iuos rezultatus, susiejame juos su j\u016bs\u0173 i\u0161\u0161\u016bkiais, kad u\u017etikrintume, jog m\u016bs\u0173 duomenys atitinka j\u016bs\u0173 patirt\u012f, ir teikiame rekomendacijas, kas jums geriausia.<\/p>\n<\/div>\n\n\n\n<div class=\"wp-block-column is-layout-flow wp-block-column-is-layout-flow\">\n<h4 class=\"wp-block-heading\">3) J\u016aS nuspr\u0119site<\/h4>\n\n\n\n<p>Mes i\u0161d\u0117stome savo i\u0161vadas ir teikiame rekomendacijas remdamiesi tuo, k\u0105 mums pasak\u0117te. Gal\u0173 gale, j\u016bs gaunate priimti sprendimus apie tai, kuris variantas geriausiai tinka j\u016bs\u0173 gyvenimui. Tokie dalykai kaip \u0161eima, darbas ir socialinis gyvenimas yra dalykai, \u012f kuriuos tur\u0117tum\u0117te atsi\u017evelgti prie\u0161 nuspr\u0119sdami, kad pasirinktas sprendimas tinka visoms j\u016bs\u0173 gyvenimo sritims.<\/p>\n<\/div>\n<\/div>\n\n\n\n<div style=\"height:50px\" aria-hidden=\"true\" class=\"wp-block-spacer\"><\/div>\n\n\n\n<div class=\"wp-block-media-text is-stacked-on-mobile cta-block\" style=\"grid-template-columns:35% auto\"><figure class=\"wp-block-media-text__media\"><img decoding=\"async\" src=\"https:\/\/intl.phonak.com\/main-english\/wp-content\/uploads\/sites\/3\/2021\/11\/cta-image.jpg?w=401\" alt=\"\" class=\"wp-image-6738 size-full\"\/><\/figure><div class=\"wp-block-media-text__content\">\n<div class=\"wp-block-create-block-icon-selector\"><i class=\"fal fa-map-marker-alt\"><\/i><\/div>   \n<h3 class=\"wp-block-heading\">Klausos specialistai netoli j\u016bs\u0173<\/h3>   <p>Klausos specialistai gali pad\u0117ti jums pasirinkti jums tinkamiausi\u0105 pasirinkim\u0105. Jie atsi\u017evelgs \u012f j\u016bs\u0173 klausos poreikius, biud\u017eet\u0105, gyvenimo b\u016bd\u0105 ir individualias klausos nuostatas. <\/p>   <div class=\"wp-block-buttons is-layout-flex wp-block-buttons-is-layout-flex\">\n<div class=\"wp-block-button is-style-marker-green\"><a class=\"wp-block-button__link wp-element-button\" href=\"https:\/\/intl.phonak.com\/lt-lt\/rasti-specialista\/\">Raskite specialist\u0105<\/a><\/div>\n<\/div>\n<\/div><\/div> ","protected":false},"excerpt":{"rendered":"<p>Atlikite m\u016bs\u0173 minu\u010di\u0173 internetin\u012f klausos test\u0105 Kartais klausos praradimo nepastebime, kol jis nepradeda daryti \u012ftakos m\u016bs\u0173 gyvenimo b\u016bdui. Sunku i\u0161girsti&#8230;<\/p>\n","protected":false},"author":14,"featured_media":471,"parent":0,"menu_order":0,"comment_status":"closed","ping_status":"closed","template":"","meta":{"_acf_changed":false,"inline_featured_image":false,"footnotes":""},"class_list":["post-356","page","type-page","status-publish","has-post-thumbnail","hentry"],"acf":[],"yoast_head":"<!-- This site is optimized with the Yoast SEO plugin v26.9 - https:\/\/yoast.com\/product\/yoast-seo-wordpress\/ -->\n<title>Internetinis klausos testas - Phonak - Lietuva<\/title>\n<meta name=\"robots\" content=\"index, follow, max-snippet:-1, max-image-preview:large, max-video-preview:-1\" \/>\n<link rel=\"canonical\" href=\"https:\/\/intl.phonak.com\/main-english\/hearing-screener\/\" \/>\n<meta property=\"og:locale\" content=\"lt_LT\" \/>\n<meta property=\"og:type\" content=\"article\" \/>\n<meta property=\"og:title\" content=\"Internetinis klausos testas - Phonak - Lietuva\" \/>\n<meta property=\"og:description\" content=\"Atlikite m\u016bs\u0173 minu\u010di\u0173 internetin\u012f klausos test\u0105 Kartais klausos praradimo nepastebime, kol jis nepradeda daryti \u012ftakos m\u016bs\u0173 gyvenimo b\u016bdui. Sunku i\u0161girsti...\" \/>\n<meta property=\"og:url\" content=\"https:\/\/intl.phonak.com\/lt-lt\/klausos-tikrinimas\/\" \/>\n<meta property=\"og:site_name\" content=\"Phonak - Lietuva\" \/>\n<meta property=\"article:modified_time\" content=\"2025-09-18T09:32:21+00:00\" \/>\n<meta property=\"og:image\" content=\"https:\/\/intl.phonak.com\/lt-lt\/wp-content\/uploads\/sites\/72\/2022\/02\/PH_Packshot_Audeo-I-Sphere-xReceiver_050-1029-P7_e40ce6.png\" \/>\n\t<meta property=\"og:image:width\" content=\"600\" \/>\n\t<meta property=\"og:image:height\" content=\"600\" \/>\n\t<meta property=\"og:image:type\" content=\"image\/png\" \/>\n<meta name=\"twitter:card\" content=\"summary_large_image\" \/>\n<meta name=\"twitter:label1\" content=\"Est. reading time\" \/>\n\t<meta name=\"twitter:data1\" content=\"4 minutes\" \/>\n<script type=\"application\/ld+json\" class=\"yoast-schema-graph\">{\"@context\":\"https:\/\/schema.org\",\"@graph\":[{\"@type\":\"WebPage\",\"@id\":\"https:\/\/intl.phonak.com\/lt-lt\/klausos-tikrinimas\/\",\"url\":\"https:\/\/intl.phonak.com\/lt-lt\/klausos-tikrinimas\/\",\"name\":\"Internetinis klausos testas - Phonak - Lietuva\",\"isPartOf\":{\"@id\":\"https:\/\/intl.phonak.com\/lt-lt\/#website\"},\"primaryImageOfPage\":{\"@id\":\"https:\/\/intl.phonak.com\/lt-lt\/klausos-tikrinimas\/#primaryimage\"},\"image\":{\"@id\":\"https:\/\/intl.phonak.com\/lt-lt\/klausos-tikrinimas\/#primaryimage\"},\"thumbnailUrl\":\"https:\/\/intl.phonak.com\/lt-lt\/wp-content\/uploads\/sites\/72\/2022\/02\/PH_Packshot_Audeo-I-Sphere-xReceiver_050-1029-P7_e40ce6.png\",\"datePublished\":\"2022-02-10T17:50:56+00:00\",\"dateModified\":\"2025-09-18T09:32:21+00:00\",\"breadcrumb\":{\"@id\":\"https:\/\/intl.phonak.com\/lt-lt\/klausos-tikrinimas\/#breadcrumb\"},\"inLanguage\":\"lt-LT\",\"potentialAction\":[{\"@type\":\"ReadAction\",\"target\":[\"https:\/\/intl.phonak.com\/lt-lt\/klausos-tikrinimas\/\"]}]},{\"@type\":\"ImageObject\",\"inLanguage\":\"lt-LT\",\"@id\":\"https:\/\/intl.phonak.com\/lt-lt\/klausos-tikrinimas\/#primaryimage\",\"url\":\"https:\/\/intl.phonak.com\/lt-lt\/wp-content\/uploads\/sites\/72\/2022\/02\/PH_Packshot_Audeo-I-Sphere-xReceiver_050-1029-P7_e40ce6.png\",\"contentUrl\":\"https:\/\/intl.phonak.com\/lt-lt\/wp-content\/uploads\/sites\/72\/2022\/02\/PH_Packshot_Audeo-I-Sphere-xReceiver_050-1029-P7_e40ce6.png\",\"width\":600,\"height\":600,\"caption\":\"Phonak Aud\u00e9o Sphere Infinio\"},{\"@type\":\"BreadcrumbList\",\"@id\":\"https:\/\/intl.phonak.com\/lt-lt\/klausos-tikrinimas\/#breadcrumb\",\"itemListElement\":[{\"@type\":\"ListItem\",\"position\":1,\"name\":\"Home\",\"item\":\"https:\/\/intl.phonak.com\/lt-lt\/\"},{\"@type\":\"ListItem\",\"position\":2,\"name\":\"Internetinis klausos testas\"}]},{\"@type\":\"WebSite\",\"@id\":\"https:\/\/intl.phonak.com\/lt-lt\/#website\",\"url\":\"https:\/\/intl.phonak.com\/lt-lt\/\",\"name\":\"Phonak - Lietuva\",\"description\":\"Pasiry\u017e\u0119 keisti gyvenimus\",\"publisher\":{\"@id\":\"https:\/\/intl.phonak.com\/lt-lt\/#organization\"},\"potentialAction\":[{\"@type\":\"SearchAction\",\"target\":{\"@type\":\"EntryPoint\",\"urlTemplate\":\"https:\/\/intl.phonak.com\/lt-lt\/?s={search_term_string}\"},\"query-input\":{\"@type\":\"PropertyValueSpecification\",\"valueRequired\":true,\"valueName\":\"search_term_string\"}}],\"inLanguage\":\"lt-LT\"},{\"@type\":\"Organization\",\"@id\":\"https:\/\/intl.phonak.com\/lt-lt\/#organization\",\"name\":\"Phonak - Lietuva\",\"url\":\"https:\/\/intl.phonak.com\/lt-lt\/\",\"logo\":{\"@type\":\"ImageObject\",\"inLanguage\":\"lt-LT\",\"@id\":\"https:\/\/intl.phonak.com\/lt-lt\/#\/schema\/logo\/image\/\",\"url\":\"https:\/\/intl.phonak.com\/lt-lt\/wp-content\/uploads\/sites\/72\/2025\/07\/logo-phonak.svg\",\"contentUrl\":\"https:\/\/intl.phonak.com\/lt-lt\/wp-content\/uploads\/sites\/72\/2025\/07\/logo-phonak.svg\",\"caption\":\"Phonak -  Lietuva\"},\"image\":{\"@id\":\"https:\/\/intl.phonak.com\/lt-lt\/#\/schema\/logo\/image\/\"}}]}<\/script>\n<!-- \/ Yoast SEO plugin. -->","yoast_head_json":{"title":"Internetinis klausos testas - Phonak - Lietuva","robots":{"index":"index","follow":"follow","max-snippet":"max-snippet:-1","max-image-preview":"max-image-preview:large","max-video-preview":"max-video-preview:-1"},"canonical":"https:\/\/intl.phonak.com\/main-english\/hearing-screener\/","og_locale":"lt_LT","og_type":"article","og_title":"Internetinis klausos testas - Phonak - Lietuva","og_description":"Atlikite m\u016bs\u0173 minu\u010di\u0173 internetin\u012f klausos test\u0105 Kartais klausos praradimo nepastebime, kol jis nepradeda daryti \u012ftakos m\u016bs\u0173 gyvenimo b\u016bdui. Sunku i\u0161girsti...","og_url":"https:\/\/intl.phonak.com\/lt-lt\/klausos-tikrinimas\/","og_site_name":"Phonak - Lietuva","article_modified_time":"2025-09-18T09:32:21+00:00","og_image":[{"width":600,"height":600,"url":"https:\/\/intl.phonak.com\/lt-lt\/wp-content\/uploads\/sites\/72\/2022\/02\/PH_Packshot_Audeo-I-Sphere-xReceiver_050-1029-P7_e40ce6.png","type":"image\/png"}],"twitter_card":"summary_large_image","twitter_misc":{"Est. reading time":"4 minutes"},"schema":{"@context":"https:\/\/schema.org","@graph":[{"@type":"WebPage","@id":"https:\/\/intl.phonak.com\/lt-lt\/klausos-tikrinimas\/","url":"https:\/\/intl.phonak.com\/lt-lt\/klausos-tikrinimas\/","name":"Internetinis klausos testas - Phonak - Lietuva","isPartOf":{"@id":"https:\/\/intl.phonak.com\/lt-lt\/#website"},"primaryImageOfPage":{"@id":"https:\/\/intl.phonak.com\/lt-lt\/klausos-tikrinimas\/#primaryimage"},"image":{"@id":"https:\/\/intl.phonak.com\/lt-lt\/klausos-tikrinimas\/#primaryimage"},"thumbnailUrl":"https:\/\/intl.phonak.com\/lt-lt\/wp-content\/uploads\/sites\/72\/2022\/02\/PH_Packshot_Audeo-I-Sphere-xReceiver_050-1029-P7_e40ce6.png","datePublished":"2022-02-10T17:50:56+00:00","dateModified":"2025-09-18T09:32:21+00:00","breadcrumb":{"@id":"https:\/\/intl.phonak.com\/lt-lt\/klausos-tikrinimas\/#breadcrumb"},"inLanguage":"lt-LT","potentialAction":[{"@type":"ReadAction","target":["https:\/\/intl.phonak.com\/lt-lt\/klausos-tikrinimas\/"]}]},{"@type":"ImageObject","inLanguage":"lt-LT","@id":"https:\/\/intl.phonak.com\/lt-lt\/klausos-tikrinimas\/#primaryimage","url":"https:\/\/intl.phonak.com\/lt-lt\/wp-content\/uploads\/sites\/72\/2022\/02\/PH_Packshot_Audeo-I-Sphere-xReceiver_050-1029-P7_e40ce6.png","contentUrl":"https:\/\/intl.phonak.com\/lt-lt\/wp-content\/uploads\/sites\/72\/2022\/02\/PH_Packshot_Audeo-I-Sphere-xReceiver_050-1029-P7_e40ce6.png","width":600,"height":600,"caption":"Phonak Aud\u00e9o Sphere Infinio"},{"@type":"BreadcrumbList","@id":"https:\/\/intl.phonak.com\/lt-lt\/klausos-tikrinimas\/#breadcrumb","itemListElement":[{"@type":"ListItem","position":1,"name":"Home","item":"https:\/\/intl.phonak.com\/lt-lt\/"},{"@type":"ListItem","position":2,"name":"Internetinis klausos testas"}]},{"@type":"WebSite","@id":"https:\/\/intl.phonak.com\/lt-lt\/#website","url":"https:\/\/intl.phonak.com\/lt-lt\/","name":"Phonak - Lietuva","description":"Pasiry\u017e\u0119 keisti gyvenimus","publisher":{"@id":"https:\/\/intl.phonak.com\/lt-lt\/#organization"},"potentialAction":[{"@type":"SearchAction","target":{"@type":"EntryPoint","urlTemplate":"https:\/\/intl.phonak.com\/lt-lt\/?s={search_term_string}"},"query-input":{"@type":"PropertyValueSpecification","valueRequired":true,"valueName":"search_term_string"}}],"inLanguage":"lt-LT"},{"@type":"Organization","@id":"https:\/\/intl.phonak.com\/lt-lt\/#organization","name":"Phonak - Lietuva","url":"https:\/\/intl.phonak.com\/lt-lt\/","logo":{"@type":"ImageObject","inLanguage":"lt-LT","@id":"https:\/\/intl.phonak.com\/lt-lt\/#\/schema\/logo\/image\/","url":"https:\/\/intl.phonak.com\/lt-lt\/wp-content\/uploads\/sites\/72\/2025\/07\/logo-phonak.svg","contentUrl":"https:\/\/intl.phonak.com\/lt-lt\/wp-content\/uploads\/sites\/72\/2025\/07\/logo-phonak.svg","caption":"Phonak -  Lietuva"},"image":{"@id":"https:\/\/intl.phonak.com\/lt-lt\/#\/schema\/logo\/image\/"}}]}},"jetpack_sharing_enabled":true,"distributor_meta":false,"distributor_terms":false,"distributor_media":false,"distributor_original_site_name":"Phonak -  Lietuva","distributor_original_site_url":"https:\/\/intl.phonak.com\/lt-lt","push-errors":false,"_links":{"self":[{"href":"https:\/\/intl.phonak.com\/lt-lt\/wp-json\/wp\/v2\/pages\/356","targetHints":{"allow":["GET"]}}],"collection":[{"href":"https:\/\/intl.phonak.com\/lt-lt\/wp-json\/wp\/v2\/pages"}],"about":[{"href":"https:\/\/intl.phonak.com\/lt-lt\/wp-json\/wp\/v2\/types\/page"}],"author":[{"embeddable":true,"href":"https:\/\/intl.phonak.com\/lt-lt\/wp-json\/wp\/v2\/users\/14"}],"replies":[{"embeddable":true,"href":"https:\/\/intl.phonak.com\/lt-lt\/wp-json\/wp\/v2\/comments?post=356"}],"version-history":[{"count":8,"href":"https:\/\/intl.phonak.com\/lt-lt\/wp-json\/wp\/v2\/pages\/356\/revisions"}],"predecessor-version":[{"id":905,"href":"https:\/\/intl.phonak.com\/lt-lt\/wp-json\/wp\/v2\/pages\/356\/revisions\/905"}],"wp:featuredmedia":[{"embeddable":true,"href":"https:\/\/intl.phonak.com\/lt-lt\/wp-json\/wp\/v2\/media\/471"}],"wp:attachment":[{"href":"https:\/\/intl.phonak.com\/lt-lt\/wp-json\/wp\/v2\/media?parent=356"}],"curies":[{"name":"wp","href":"https:\/\/api.w.org\/{rel}","templated":true}]}}