{"id":352,"date":"2022-02-10T21:54:30","date_gmt":"2022-02-10T21:54:30","guid":{"rendered":"https:\/\/intl.phonak.com\/lt-lt\/phonak-well-hearing-is-well-being\/"},"modified":"2025-09-17T15:38:43","modified_gmt":"2025-09-17T15:38:43","slug":"phonak-geras-girdejimas-yra-gerove","status":"publish","type":"page","link":"https:\/\/intl.phonak.com\/lt-lt\/klausos-praradimas\/phonak-geras-girdejimas-yra-gerove\/","title":{"rendered":"&#8220;Phonak&#8221; gera klausa yra gerov\u0117\u2122"},"content":{"rendered":"\n<div class=\"wp-block-cover alignfull is-light\" style=\"min-height:430px;aspect-ratio:unset;\"><img decoding=\"async\" class=\"wp-block-cover__image-background wp-image-7289\" alt=\"Well-Hearing is Well-Being\" src=\"https:\/\/intl.phonak.com\/lt-lt\/wp-content\/uploads\/sites\/3\/2023\/12\/WHWB-banner_ComputeGame-OptionB.jpg\" data-object-fit=\"cover\"\/><span aria-hidden=\"true\" class=\"wp-block-cover__background has-white-background-color has-background-dim\"><\/span><div class=\"wp-block-cover__inner-container is-layout-flow wp-block-cover-is-layout-flow\">\n<h1 class=\"wp-block-heading has-text-align-center\" id=\"why-hearing-health-matters\">Kod\u0117l sveika klausa yra svarbi<\/h1>\n\n\n\n<p class=\"has-text-align-center has-grey-500-color has-text-color has-lead-font-size\">Kai gerai girdite, esate gerai pasireng\u0119 priimti norim\u0105 gyvenim\u0105<\/p>\n\n\n\n<div class=\"wp-block-buttons is-horizontal is-content-justification-center is-layout-flex wp-container-core-buttons-is-layout-499968f5 wp-block-buttons-is-layout-flex\">\n<div class=\"wp-block-button is-style-download\"><a class=\"wp-block-button__link wp-element-button\" href=\"https:\/\/intl.phonak.com\/lt-lt\/wp-content\/uploads\/sites\/3\/2022\/02\/PH_WHWB_Leaflet_148x210_EN_V1.00_028-2136-02.pdf\" target=\"_blank\" rel=\"noreferrer noopener\">Atsisi\u0173sti bro\u0161i\u016br\u0105<\/a><\/div>\n<\/div>\n<\/div><\/div>\n\n\n\n<div class=\"wp-block-media-text has-media-on-the-right is-stacked-on-mobile\"><div class=\"wp-block-media-text__content\">\n<p>&#8220;Phonak&#8221; mes tikime, kad gerai gird\u0117ti prilygsta gerovei ir yra b\u016btina norint gyventi visavert\u012f gyvenim\u0105.<\/p>\n\n\n\n<p>Vis daugiau \u012frodym\u0173 rodo, kad klausos praradimo gydymas gali teigiamai paveikti j\u016bs\u0173 socialin\u0119-emocin\u0119, pa\u017eintin\u0119 ir fizin\u0119 savijaut\u0105.<sup>1<\/sup><\/p>\n<\/div><figure class=\"wp-block-media-text__media\"><img decoding=\"async\" src=\"https:\/\/intl.phonak.com\/lt-lt\/wp-content\/uploads\/sites\/3\/2023\/03\/WHWB-wheel-neutral.jpg\" alt=\"\" class=\"wp-image-6565 size-full\"\/><\/figure><\/div>\n\n\n\n<div class=\"wp-block-media-text is-stacked-on-mobile\"><figure class=\"wp-block-media-text__media\"><img decoding=\"async\" src=\"https:\/\/intl.phonak.com\/lt-lt\/wp-content\/uploads\/sites\/3\/2023\/12\/Visual_WHWB_Restaurant_02_592x396-with-icon.jpg?w=592\" alt=\"Social-Emotional well-being\" class=\"wp-image-7300 size-full\"\/><\/figure><div class=\"wp-block-media-text__content\">\n<h4 class=\"wp-block-heading has-text-align-left has-blue-color has-text-color\" id=\"social-emotional-well-being\">Socialin\u0117-emocin\u0117 gerov\u0117<\/h4>\n\n\n\n<p>Gerai gird\u0117dami galime b\u016bti socialiai aktyv\u016bs, bendrauti su kitais ir efektyviai bendrauti \u2013 be kli\u016b\u010di\u0173.<\/p>\n\n\n\n<p>Klausos aparat\u0173 naudojimas gali pagerinti j\u016bs\u0173 gyvenimo kokyb\u0119, socialin\u0119 s\u0105veik\u0105 ir pasitenkinim\u0105 santykiais jums ir j\u016bs\u0173 artimiesiems.<sup>2<\/sup><\/p>\n<\/div><\/div>\n\n\n\n<div class=\"wp-block-media-text has-media-on-the-right is-stacked-on-mobile\"><div class=\"wp-block-media-text__content\">\n<h4 class=\"wp-block-heading has-blue-color has-text-color\" id=\"cognitive-well-being\">Kognityvin\u0117 gerov\u0117<\/h4>\n\n\n\n<p>Smegenys vaidina lemiam\u0105 vaidmen\u012f klausantis ir suprantant kalb\u0105 \u2013 svarbu, kad jos b\u016bt\u0173 stimuliuojamos.<\/p>\n\n\n\n<p>\u0160tai \u010dia ir atsiranda klausos aparatai. Klausos aparato naudojimas yra susij\u0119s su pager\u0117jusia atmintimi<sup>3<\/sup>&nbsp; ir buvo \u012frodyta, kad tai palengvina klausym\u0105si.<sup>4<\/sup><\/p>\n<\/div><figure class=\"wp-block-media-text__media\"><img decoding=\"async\" src=\"https:\/\/intl.phonak.com\/lt-lt\/wp-content\/uploads\/sites\/3\/2023\/12\/WHWB-Cognitive-Dimension-Office-OptionB_592x396-with-icon.jpg?w=592\" alt=\"Cognitive well-being\" class=\"wp-image-7302 size-full\"\/><\/figure><\/div>\n\n\n\n<div class=\"wp-block-media-text is-stacked-on-mobile\"><figure class=\"wp-block-media-text__media\"><img decoding=\"async\" src=\"https:\/\/intl.phonak.com\/lt-lt\/wp-content\/uploads\/sites\/3\/2023\/12\/Visual_WHWB-ActivityOutdoors_01_592x396-with-icon.jpg?w=592\" alt=\"Physical well-being\" class=\"wp-image-7303 size-full\"\/><\/figure><div class=\"wp-block-media-text__content\">\n<h4 class=\"wp-block-heading has-blue-color has-text-color\" id=\"physical-well-being\">Fizin\u0117 savijauta<\/h4>\n\n\n\n<p>Tinkamas klausos sprendimas rei\u0161kia, kad esate gerai pasireng\u0119s susidoroti su \u012fvairiomis klausymosi situacijomis.<\/p>\n\n\n\n<p>Gerai gird\u0117jimas suteikia jums didesn\u012f aplinkosaugin\u012f s\u0105moningum\u0105, skatinant\u012f saugumo ir pasitik\u0117jimo jausm\u0105.<\/p>\n<\/div><\/div>\n\n\n\n<p><\/p>\n\n\n\n<p class=\"is-style-default has-small-font-size\">I\u0161na\u0161os<br>1. Vercammenas, C., Fergusonas, M., Krameris, SE ir kt. (2020). Gera klausa yra gera savijauta.<em>Klausymo ap\u017evalga<\/em>, 27(3), 18-22.<br>2. Kamil RJ, Lin FR. Vyresnio am\u017eiaus \u017emoni\u0173 klausos sutrikim\u0173 poveikis bendravimo partneriams:&nbsp;<em>Sisteminga per\u017ei\u016bra<\/em>. J Am Acad Audiol. 2015; 26(2):155-182.<br>3. Karawani, H., Jenkinsas, K. ir Andersonas, S. (2018). Jutimin\u0117s \u012fvesties atk\u016brimas gali pagerinti pa\u017einimo ir nerv\u0173 funkcij\u0105.&nbsp;<em>Neuropsichologija<\/em>, 114, 203\u2013213.<br>4. Winneke, A., Schulte, M., Vormann, M., Latzel, M. (2018). Erdvinis triuk\u0161mo apdorojimas klausos aparatuose moduliuoja neuroninius \u017eymenis, susijusius su klausymosi pastangomis: EEG tyrimas.<em>AudiologyOnline<\/em>, straipsnis 23858.<\/p>\n\n\n\n<div style=\"height:38px\" aria-hidden=\"true\" class=\"wp-block-spacer\"><\/div>\n\n\n\n<p class=\"has-text-align-center is-style-default\"><a href=\"https:\/\/intl.phonak.com\/lt-lt\/klausos-praradimas\/klausos-praradimo-priezastys\/\">Su\u017einokite, kas sukelia klausos praradim\u0105<\/a><\/p>\n\n\n\n<div style=\"height:42px\" aria-hidden=\"true\" class=\"wp-block-spacer\"><\/div>\n\n\n\n<div class=\"wp-block-media-text is-stacked-on-mobile cta-block\" style=\"grid-template-columns:35% auto\"><figure class=\"wp-block-media-text__media\"><img decoding=\"async\" src=\"https:\/\/intl.phonak.com\/main-english\/wp-content\/uploads\/sites\/3\/2021\/11\/cta-image.jpg?w=401\" alt=\"\" class=\"wp-image-6738 size-full\"\/><\/figure><div class=\"wp-block-media-text__content\">\n<div class=\"wp-block-create-block-icon-selector\"><i class=\"fal fa-map-marker-alt\"><\/i><\/div>   \n<h3 class=\"wp-block-heading\">Klausos specialistai netoli j\u016bs\u0173<\/h3>   <p>Klausos specialistai gali pad\u0117ti jums pasirinkti jums tinkamiausi\u0105 pasirinkim\u0105. Jie atsi\u017evelgs \u012f j\u016bs\u0173 klausos poreikius, biud\u017eet\u0105, gyvenimo b\u016bd\u0105 ir individualias klausos nuostatas. <\/p>   <div class=\"wp-block-buttons is-layout-flex wp-block-buttons-is-layout-flex\">\n<div class=\"wp-block-button is-style-marker-green\"><a class=\"wp-block-button__link wp-element-button\" href=\"https:\/\/intl.phonak.com\/lt-lt\/rasti-specialista\/\">Raskite specialist\u0105<\/a><\/div>\n<\/div>\n<\/div><\/div> ","protected":false},"excerpt":{"rendered":"<p>&#8220;Phonak&#8221; mes tikime, kad gerai gird\u0117ti prilygsta gerovei ir yra b\u016btina norint gyventi visavert\u012f gyvenim\u0105. Vis daugiau \u012frodym\u0173 rodo, kad&#8230;<\/p>\n","protected":false},"author":14,"featured_media":457,"parent":316,"menu_order":0,"comment_status":"closed","ping_status":"closed","template":"","meta":{"_acf_changed":false,"inline_featured_image":false,"footnotes":""},"class_list":["post-352","page","type-page","status-publish","has-post-thumbnail","hentry"],"acf":[],"yoast_head":"<!-- This site is optimized with the Yoast SEO plugin v26.9 - https:\/\/yoast.com\/product\/yoast-seo-wordpress\/ -->\n<title>&quot;Phonak&quot; gera klausa yra gerov\u0117\u2122 - Phonak - Lietuva<\/title>\n<meta name=\"robots\" content=\"index, follow, max-snippet:-1, max-image-preview:large, max-video-preview:-1\" \/>\n<link rel=\"canonical\" href=\"https:\/\/intl.phonak.com\/main-english\/hearing-loss\/phonak-well-hearing-is-well-being\/\" \/>\n<meta property=\"og:locale\" content=\"lt_LT\" \/>\n<meta property=\"og:type\" content=\"article\" \/>\n<meta property=\"og:title\" content=\"&quot;Phonak&quot; gera klausa yra gerov\u0117\u2122 - Phonak - Lietuva\" \/>\n<meta property=\"og:description\" content=\"&#8220;Phonak&#8221; mes tikime, kad gerai gird\u0117ti prilygsta gerovei ir yra b\u016btina norint gyventi visavert\u012f gyvenim\u0105. Vis daugiau \u012frodym\u0173 rodo, kad...\" \/>\n<meta property=\"og:url\" content=\"https:\/\/intl.phonak.com\/lt-lt\/klausos-praradimas\/phonak-geras-girdejimas-yra-gerove\/\" \/>\n<meta property=\"og:site_name\" content=\"Phonak - Lietuva\" \/>\n<meta property=\"article:modified_time\" content=\"2025-09-17T15:38:43+00:00\" \/>\n<meta property=\"og:image\" content=\"https:\/\/intl.phonak.com\/lt-lt\/wp-content\/uploads\/sites\/72\/2022\/02\/PH_Packshot_Audeo-I-Sphere-xReceiver_050-1029-P7_facd93.png\" \/>\n\t<meta property=\"og:image:width\" content=\"600\" \/>\n\t<meta property=\"og:image:height\" content=\"600\" \/>\n\t<meta property=\"og:image:type\" content=\"image\/png\" \/>\n<meta name=\"twitter:card\" content=\"summary_large_image\" \/>\n<meta name=\"twitter:label1\" content=\"Est. reading time\" \/>\n\t<meta name=\"twitter:data1\" content=\"3 minutes\" \/>\n<script type=\"application\/ld+json\" class=\"yoast-schema-graph\">{\"@context\":\"https:\/\/schema.org\",\"@graph\":[{\"@type\":\"WebPage\",\"@id\":\"https:\/\/intl.phonak.com\/lt-lt\/klausos-praradimas\/phonak-geras-girdejimas-yra-gerove\/\",\"url\":\"https:\/\/intl.phonak.com\/lt-lt\/klausos-praradimas\/phonak-geras-girdejimas-yra-gerove\/\",\"name\":\"\\\"Phonak\\\" gera klausa yra gerov\u0117\u2122 - Phonak - Lietuva\",\"isPartOf\":{\"@id\":\"https:\/\/intl.phonak.com\/lt-lt\/#website\"},\"primaryImageOfPage\":{\"@id\":\"https:\/\/intl.phonak.com\/lt-lt\/klausos-praradimas\/phonak-geras-girdejimas-yra-gerove\/#primaryimage\"},\"image\":{\"@id\":\"https:\/\/intl.phonak.com\/lt-lt\/klausos-praradimas\/phonak-geras-girdejimas-yra-gerove\/#primaryimage\"},\"thumbnailUrl\":\"https:\/\/intl.phonak.com\/lt-lt\/wp-content\/uploads\/sites\/72\/2022\/02\/PH_Packshot_Audeo-I-Sphere-xReceiver_050-1029-P7_facd93.png\",\"datePublished\":\"2022-02-10T21:54:30+00:00\",\"dateModified\":\"2025-09-17T15:38:43+00:00\",\"breadcrumb\":{\"@id\":\"https:\/\/intl.phonak.com\/lt-lt\/klausos-praradimas\/phonak-geras-girdejimas-yra-gerove\/#breadcrumb\"},\"inLanguage\":\"lt-LT\",\"potentialAction\":[{\"@type\":\"ReadAction\",\"target\":[\"https:\/\/intl.phonak.com\/lt-lt\/klausos-praradimas\/phonak-geras-girdejimas-yra-gerove\/\"]}]},{\"@type\":\"ImageObject\",\"inLanguage\":\"lt-LT\",\"@id\":\"https:\/\/intl.phonak.com\/lt-lt\/klausos-praradimas\/phonak-geras-girdejimas-yra-gerove\/#primaryimage\",\"url\":\"https:\/\/intl.phonak.com\/lt-lt\/wp-content\/uploads\/sites\/72\/2022\/02\/PH_Packshot_Audeo-I-Sphere-xReceiver_050-1029-P7_facd93.png\",\"contentUrl\":\"https:\/\/intl.phonak.com\/lt-lt\/wp-content\/uploads\/sites\/72\/2022\/02\/PH_Packshot_Audeo-I-Sphere-xReceiver_050-1029-P7_facd93.png\",\"width\":600,\"height\":600,\"caption\":\"Phonak Aud\u00e9o Sphere Infinio\"},{\"@type\":\"BreadcrumbList\",\"@id\":\"https:\/\/intl.phonak.com\/lt-lt\/klausos-praradimas\/phonak-geras-girdejimas-yra-gerove\/#breadcrumb\",\"itemListElement\":[{\"@type\":\"ListItem\",\"position\":1,\"name\":\"Home\",\"item\":\"https:\/\/intl.phonak.com\/lt-lt\/\"},{\"@type\":\"ListItem\",\"position\":2,\"name\":\"Klausos praradimas\",\"item\":\"https:\/\/intl.phonak.com\/lt-lt\/klausos-praradimas\/\"},{\"@type\":\"ListItem\",\"position\":3,\"name\":\"&#8220;Phonak&#8221; gera klausa yra gerov\u0117\u2122\"}]},{\"@type\":\"WebSite\",\"@id\":\"https:\/\/intl.phonak.com\/lt-lt\/#website\",\"url\":\"https:\/\/intl.phonak.com\/lt-lt\/\",\"name\":\"Phonak - Lietuva\",\"description\":\"Pasiry\u017e\u0119 keisti gyvenimus\",\"publisher\":{\"@id\":\"https:\/\/intl.phonak.com\/lt-lt\/#organization\"},\"potentialAction\":[{\"@type\":\"SearchAction\",\"target\":{\"@type\":\"EntryPoint\",\"urlTemplate\":\"https:\/\/intl.phonak.com\/lt-lt\/?s={search_term_string}\"},\"query-input\":{\"@type\":\"PropertyValueSpecification\",\"valueRequired\":true,\"valueName\":\"search_term_string\"}}],\"inLanguage\":\"lt-LT\"},{\"@type\":\"Organization\",\"@id\":\"https:\/\/intl.phonak.com\/lt-lt\/#organization\",\"name\":\"Phonak - Lietuva\",\"url\":\"https:\/\/intl.phonak.com\/lt-lt\/\",\"logo\":{\"@type\":\"ImageObject\",\"inLanguage\":\"lt-LT\",\"@id\":\"https:\/\/intl.phonak.com\/lt-lt\/#\/schema\/logo\/image\/\",\"url\":\"https:\/\/intl.phonak.com\/lt-lt\/wp-content\/uploads\/sites\/72\/2025\/07\/logo-phonak.svg\",\"contentUrl\":\"https:\/\/intl.phonak.com\/lt-lt\/wp-content\/uploads\/sites\/72\/2025\/07\/logo-phonak.svg\",\"caption\":\"Phonak -  Lietuva\"},\"image\":{\"@id\":\"https:\/\/intl.phonak.com\/lt-lt\/#\/schema\/logo\/image\/\"}}]}<\/script>\n<!-- \/ Yoast SEO plugin. -->","yoast_head_json":{"title":"\"Phonak\" gera klausa yra gerov\u0117\u2122 - Phonak - Lietuva","robots":{"index":"index","follow":"follow","max-snippet":"max-snippet:-1","max-image-preview":"max-image-preview:large","max-video-preview":"max-video-preview:-1"},"canonical":"https:\/\/intl.phonak.com\/main-english\/hearing-loss\/phonak-well-hearing-is-well-being\/","og_locale":"lt_LT","og_type":"article","og_title":"\"Phonak\" gera klausa yra gerov\u0117\u2122 - Phonak - Lietuva","og_description":"&#8220;Phonak&#8221; mes tikime, kad gerai gird\u0117ti prilygsta gerovei ir yra b\u016btina norint gyventi visavert\u012f gyvenim\u0105. Vis daugiau \u012frodym\u0173 rodo, kad...","og_url":"https:\/\/intl.phonak.com\/lt-lt\/klausos-praradimas\/phonak-geras-girdejimas-yra-gerove\/","og_site_name":"Phonak - Lietuva","article_modified_time":"2025-09-17T15:38:43+00:00","og_image":[{"width":600,"height":600,"url":"https:\/\/intl.phonak.com\/lt-lt\/wp-content\/uploads\/sites\/72\/2022\/02\/PH_Packshot_Audeo-I-Sphere-xReceiver_050-1029-P7_facd93.png","type":"image\/png"}],"twitter_card":"summary_large_image","twitter_misc":{"Est. reading time":"3 minutes"},"schema":{"@context":"https:\/\/schema.org","@graph":[{"@type":"WebPage","@id":"https:\/\/intl.phonak.com\/lt-lt\/klausos-praradimas\/phonak-geras-girdejimas-yra-gerove\/","url":"https:\/\/intl.phonak.com\/lt-lt\/klausos-praradimas\/phonak-geras-girdejimas-yra-gerove\/","name":"\"Phonak\" gera klausa yra gerov\u0117\u2122 - Phonak - Lietuva","isPartOf":{"@id":"https:\/\/intl.phonak.com\/lt-lt\/#website"},"primaryImageOfPage":{"@id":"https:\/\/intl.phonak.com\/lt-lt\/klausos-praradimas\/phonak-geras-girdejimas-yra-gerove\/#primaryimage"},"image":{"@id":"https:\/\/intl.phonak.com\/lt-lt\/klausos-praradimas\/phonak-geras-girdejimas-yra-gerove\/#primaryimage"},"thumbnailUrl":"https:\/\/intl.phonak.com\/lt-lt\/wp-content\/uploads\/sites\/72\/2022\/02\/PH_Packshot_Audeo-I-Sphere-xReceiver_050-1029-P7_facd93.png","datePublished":"2022-02-10T21:54:30+00:00","dateModified":"2025-09-17T15:38:43+00:00","breadcrumb":{"@id":"https:\/\/intl.phonak.com\/lt-lt\/klausos-praradimas\/phonak-geras-girdejimas-yra-gerove\/#breadcrumb"},"inLanguage":"lt-LT","potentialAction":[{"@type":"ReadAction","target":["https:\/\/intl.phonak.com\/lt-lt\/klausos-praradimas\/phonak-geras-girdejimas-yra-gerove\/"]}]},{"@type":"ImageObject","inLanguage":"lt-LT","@id":"https:\/\/intl.phonak.com\/lt-lt\/klausos-praradimas\/phonak-geras-girdejimas-yra-gerove\/#primaryimage","url":"https:\/\/intl.phonak.com\/lt-lt\/wp-content\/uploads\/sites\/72\/2022\/02\/PH_Packshot_Audeo-I-Sphere-xReceiver_050-1029-P7_facd93.png","contentUrl":"https:\/\/intl.phonak.com\/lt-lt\/wp-content\/uploads\/sites\/72\/2022\/02\/PH_Packshot_Audeo-I-Sphere-xReceiver_050-1029-P7_facd93.png","width":600,"height":600,"caption":"Phonak Aud\u00e9o Sphere Infinio"},{"@type":"BreadcrumbList","@id":"https:\/\/intl.phonak.com\/lt-lt\/klausos-praradimas\/phonak-geras-girdejimas-yra-gerove\/#breadcrumb","itemListElement":[{"@type":"ListItem","position":1,"name":"Home","item":"https:\/\/intl.phonak.com\/lt-lt\/"},{"@type":"ListItem","position":2,"name":"Klausos praradimas","item":"https:\/\/intl.phonak.com\/lt-lt\/klausos-praradimas\/"},{"@type":"ListItem","position":3,"name":"&#8220;Phonak&#8221; gera klausa yra gerov\u0117\u2122"}]},{"@type":"WebSite","@id":"https:\/\/intl.phonak.com\/lt-lt\/#website","url":"https:\/\/intl.phonak.com\/lt-lt\/","name":"Phonak - Lietuva","description":"Pasiry\u017e\u0119 keisti gyvenimus","publisher":{"@id":"https:\/\/intl.phonak.com\/lt-lt\/#organization"},"potentialAction":[{"@type":"SearchAction","target":{"@type":"EntryPoint","urlTemplate":"https:\/\/intl.phonak.com\/lt-lt\/?s={search_term_string}"},"query-input":{"@type":"PropertyValueSpecification","valueRequired":true,"valueName":"search_term_string"}}],"inLanguage":"lt-LT"},{"@type":"Organization","@id":"https:\/\/intl.phonak.com\/lt-lt\/#organization","name":"Phonak - Lietuva","url":"https:\/\/intl.phonak.com\/lt-lt\/","logo":{"@type":"ImageObject","inLanguage":"lt-LT","@id":"https:\/\/intl.phonak.com\/lt-lt\/#\/schema\/logo\/image\/","url":"https:\/\/intl.phonak.com\/lt-lt\/wp-content\/uploads\/sites\/72\/2025\/07\/logo-phonak.svg","contentUrl":"https:\/\/intl.phonak.com\/lt-lt\/wp-content\/uploads\/sites\/72\/2025\/07\/logo-phonak.svg","caption":"Phonak -  Lietuva"},"image":{"@id":"https:\/\/intl.phonak.com\/lt-lt\/#\/schema\/logo\/image\/"}}]}},"jetpack_sharing_enabled":true,"distributor_meta":false,"distributor_terms":false,"distributor_media":false,"distributor_original_site_name":"Phonak -  Lietuva","distributor_original_site_url":"https:\/\/intl.phonak.com\/lt-lt","push-errors":false,"_links":{"self":[{"href":"https:\/\/intl.phonak.com\/lt-lt\/wp-json\/wp\/v2\/pages\/352","targetHints":{"allow":["GET"]}}],"collection":[{"href":"https:\/\/intl.phonak.com\/lt-lt\/wp-json\/wp\/v2\/pages"}],"about":[{"href":"https:\/\/intl.phonak.com\/lt-lt\/wp-json\/wp\/v2\/types\/page"}],"author":[{"embeddable":true,"href":"https:\/\/intl.phonak.com\/lt-lt\/wp-json\/wp\/v2\/users\/14"}],"replies":[{"embeddable":true,"href":"https:\/\/intl.phonak.com\/lt-lt\/wp-json\/wp\/v2\/comments?post=352"}],"version-history":[{"count":9,"href":"https:\/\/intl.phonak.com\/lt-lt\/wp-json\/wp\/v2\/pages\/352\/revisions"}],"predecessor-version":[{"id":860,"href":"https:\/\/intl.phonak.com\/lt-lt\/wp-json\/wp\/v2\/pages\/352\/revisions\/860"}],"up":[{"embeddable":true,"href":"https:\/\/intl.phonak.com\/lt-lt\/wp-json\/wp\/v2\/pages\/316"}],"wp:featuredmedia":[{"embeddable":true,"href":"https:\/\/intl.phonak.com\/lt-lt\/wp-json\/wp\/v2\/media\/457"}],"wp:attachment":[{"href":"https:\/\/intl.phonak.com\/lt-lt\/wp-json\/wp\/v2\/media?parent=352"}],"curies":[{"name":"wp","href":"https:\/\/api.w.org\/{rel}","templated":true}]}}