{"id":348,"date":"2022-03-07T11:51:55","date_gmt":"2022-03-07T11:51:55","guid":{"rendered":"https:\/\/intl.phonak.com\/lt-lt\/pediatric-center\/"},"modified":"2025-09-18T09:29:06","modified_gmt":"2025-09-18T09:29:06","slug":"pediatrijos-centras","status":"publish","type":"page","link":"https:\/\/intl.phonak.com\/lt-lt\/pediatrijos-centras\/","title":{"rendered":"Pediatrijos centras"},"content":{"rendered":"\n<div class=\"wp-block-cover alignfull is-light\"><img decoding=\"async\" class=\"wp-block-cover__image-background wp-image-5374\" alt=\"\" src=\"https:\/\/intl.phonak.com\/lt-lt\/wp-content\/uploads\/sites\/3\/2022\/03\/Banner-Ped-center.jpg\" style=\"object-position:45% 65%\" data-object-fit=\"cover\" data-object-position=\"45% 65%\"\/><span aria-hidden=\"true\" class=\"wp-block-cover__background has-white-background-color has-background-dim-60 has-background-dim\"><\/span><div class=\"wp-block-cover__inner-container is-layout-flow wp-block-cover-is-layout-flow\">\n<h1 class=\"wp-block-heading has-text-align-center has-dark-grey-color has-text-color\" id=\"discover-your-child-s-hearing\">Atraskite vaiko klaus\u0105<\/h1>\n\n\n\n<p class=\"has-text-align-center has-dark-grey-color has-text-color has-lead-font-size\">Vaik\u0173 klausos sprendimai kiekvienam am\u017eiui<\/p>\n<\/div><\/div>\n\n\n\n<figure class=\"wp-block-image aligncenter size-full is-resized\"><img decoding=\"async\" src=\"https:\/\/intl.phonak.com\/lt-lt\/wp-content\/uploads\/sites\/3\/2022\/03\/Secondary_Logo_Inter_Approved_Pediatric_Hearing_Center.png\" alt=\"\" class=\"wp-image-5429\" style=\"width:411px;height:136px\"\/><\/figure>\n\n\n\n<div style=\"height:62px\" aria-hidden=\"true\" class=\"wp-block-spacer\"><\/div>\n\n\n\n<p class=\"has-text-align-center is-style-default\">&#8220;Phonak International Approved Pediatric Hearing Center&#8221; yra tarptautinis sertifikatas, suteikiamas pirmaujantiems centrams, atitinkantiems \u0161iuos reikalavimus: vaikams ir j\u0173 poreikiams pritaikyta infrastrukt\u016bra, specializuota matavimo ir diagnostikos \u012franga ir, \u017einoma, special\u016bs ir kvalifikuoti vaik\u0173 klausos specialistai, kurie patenkins j\u016bs\u0173 vaiko ir j\u016bs\u0173, kaip t\u0117v\u0173, poreikius.<\/p>\n\n\n\n<div style=\"height:63px\" aria-hidden=\"true\" class=\"wp-block-spacer\"><\/div>\n\n\n\n<h2 class=\"wp-block-heading has-text-align-center has-dark-grey-color has-text-color\">M\u016bs\u0173 patvirtinti vaik\u0173 klausos centrai<\/h2>\n\n\n\n<div style=\"height:54px\" aria-hidden=\"true\" class=\"wp-block-spacer\"><\/div>\n\n\n\n<div class=\"wp-block-columns is-layout-flex wp-container-core-columns-is-layout-9d6595d7 wp-block-columns-is-layout-flex\">\n<div class=\"wp-block-column is-layout-flow wp-block-column-is-layout-flow\">\n<figure class=\"wp-block-image aligncenter size-large is-resized\"><img loading=\"lazy\" decoding=\"async\" width=\"1000\" height=\"538\" src=\"https:\/\/intl.phonak.com\/lt-lt\/wp-content\/uploads\/sites\/72\/2025\/09\/Logo_Horizontalus_RGB_su_prierasu.png?w=1000\" alt=\"\" class=\"wp-image-671\" style=\"width:298px;height:155px\" srcset=\"https:\/\/intl.phonak.com\/lt-lt\/wp-content\/uploads\/sites\/72\/2025\/09\/Logo_Horizontalus_RGB_su_prierasu.png 1000w, https:\/\/intl.phonak.com\/lt-lt\/wp-content\/uploads\/sites\/72\/2025\/09\/Logo_Horizontalus_RGB_su_prierasu.png?resize=300,161 300w, https:\/\/intl.phonak.com\/lt-lt\/wp-content\/uploads\/sites\/72\/2025\/09\/Logo_Horizontalus_RGB_su_prierasu.png?resize=768,413 768w\" sizes=\"auto, (max-width: 1000px) 100vw, 1000px\" \/><\/figure>\n<\/div>\n\n\n\n<div class=\"wp-block-column is-layout-flow wp-block-column-is-layout-flow\">\n<h4 class=\"wp-block-heading has-text-align-center\">Lora Vilnius<\/h4>\n\n\n\n<p class=\"has-text-align-center\">Antakalnio g. 36, Vilnius<br>37070055440 <br>info@lora.lt<br>www.lora.lt<\/p>\n<\/div>\n\n\n\n<div class=\"wp-block-column is-layout-flow wp-block-column-is-layout-flow\">\n<figure class=\"wp-block-image aligncenter size-large is-resized\"><img decoding=\"async\" src=\"https:\/\/intl.phonak.com\/lt-lt\/wp-content\/uploads\/sites\/3\/2023\/04\/Approved-icon_no-text.png?w=591\" alt=\"\" class=\"wp-image-6632\" style=\"width:-5px;height:-5px\"\/><\/figure>\n<\/div>\n<\/div>\n\n\n\n<div style=\"height:66px\" aria-hidden=\"true\" class=\"wp-block-spacer\"><\/div>\n\n\n\n<div class=\"wp-block-columns is-layout-flex wp-container-core-columns-is-layout-9d6595d7 wp-block-columns-is-layout-flex\">\n<div class=\"wp-block-column is-layout-flow wp-block-column-is-layout-flow\">\n<figure class=\"wp-block-image aligncenter size-large is-resized\"><img loading=\"lazy\" decoding=\"async\" width=\"1000\" height=\"538\" src=\"https:\/\/intl.phonak.com\/lt-lt\/wp-content\/uploads\/sites\/72\/2025\/09\/Logo_Horizontalus_RGB_su_prierasu.png?w=1000\" alt=\"\" class=\"wp-image-671\" style=\"width:290px;height:149px\" srcset=\"https:\/\/intl.phonak.com\/lt-lt\/wp-content\/uploads\/sites\/72\/2025\/09\/Logo_Horizontalus_RGB_su_prierasu.png 1000w, https:\/\/intl.phonak.com\/lt-lt\/wp-content\/uploads\/sites\/72\/2025\/09\/Logo_Horizontalus_RGB_su_prierasu.png?resize=300,161 300w, https:\/\/intl.phonak.com\/lt-lt\/wp-content\/uploads\/sites\/72\/2025\/09\/Logo_Horizontalus_RGB_su_prierasu.png?resize=768,413 768w\" sizes=\"auto, (max-width: 1000px) 100vw, 1000px\" \/><\/figure>\n<\/div>\n\n\n\n<div class=\"wp-block-column is-layout-flow wp-block-column-is-layout-flow\">\n<h4 class=\"wp-block-heading has-text-align-center\">Lora Kaunas<\/h4>\n\n\n\n<p class=\"has-text-align-center\">Vytauto pr. 3, Kaunas<br>37037209420 <br>info@lora.lt<br>www.lora.lt<\/p>\n<\/div>\n\n\n\n<div class=\"wp-block-column is-layout-flow wp-block-column-is-layout-flow\">\n<figure class=\"wp-block-image aligncenter size-full is-resized\"><img decoding=\"async\" src=\"https:\/\/intl.phonak.com\/lt-lt\/wp-content\/uploads\/sites\/3\/2023\/04\/Approved-icon_no-text.png\" alt=\"\" class=\"wp-image-6632\" style=\"width:-19px;height:-19px\"\/><\/figure>\n<\/div>\n<\/div>\n\n\n\n<div style=\"height:32px\" aria-hidden=\"true\" class=\"wp-block-spacer\"><\/div>\n\n\n\n<h3 class=\"wp-block-heading has-text-align-center has-blue-color has-text-color\">Pirmas apsilankymas patvirtintame vaik\u0173 klausos centre<\/h3>\n\n\n\n<p class=\"has-text-align-center\">Kiekvienas patvirtintas vaik\u0173 klausos centras teikia auk\u0161tos kokyb\u0117s paslaugas, \u012fskaitant:<\/p>\n\n\n\n<div style=\"height:55px\" aria-hidden=\"true\" class=\"wp-block-spacer\"><\/div>\n\n\n\n<div class=\"wp-block-columns is-layout-flex wp-container-core-columns-is-layout-9d6595d7 wp-block-columns-is-layout-flex\">\n<div class=\"wp-block-column is-layout-flow wp-block-column-is-layout-flow\">\n<h5 class=\"wp-block-heading has-text-align-center has-blue-color has-text-color\">Konsultacijos d\u0117l vaik\u0173 klausos geb\u0117jim\u0173<\/h5>\n\n\n\n<p class=\"has-text-align-center\">M\u016bs\u0173 klausos specialistai yra vaik\u0173 klausos prie\u017ei\u016bros ekspertai. <\/p>\n<\/div>\n\n\n\n<div class=\"wp-block-column is-layout-flow wp-block-column-is-layout-flow\">\n<h5 class=\"wp-block-heading has-text-align-center has-blue-color has-text-color\">Klausos testai vaikams<\/h5>\n\n\n\n<p class=\"has-text-align-center\">Naudojame klausos testus ir metodus, sukurtus specialiai vaikams.<\/p>\n<\/div>\n\n\n\n<div class=\"wp-block-column is-layout-flow wp-block-column-is-layout-flow\">\n<h5 class=\"wp-block-heading has-text-align-center has-blue-color has-text-color\">Klausos aparat\u0173 ir pried\u0173 pasirinkimas<\/h5>\n\n\n\n<p class=\"has-text-align-center\">M\u016bs\u0173 ekspertai patars, kokie klausos aparatai ir priedai yra tinkamiausi j\u016bs\u0173 vaikui.<\/p>\n<\/div>\n<\/div>\n\n\n\n<div style=\"height:61px\" aria-hidden=\"true\" class=\"wp-block-spacer\"><\/div>\n\n\n\n<div class=\"wp-block-columns is-layout-flex wp-container-core-columns-is-layout-9d6595d7 wp-block-columns-is-layout-flex\">\n<div class=\"wp-block-column is-layout-flow wp-block-column-is-layout-flow\">\n<h5 class=\"wp-block-heading has-text-align-center has-blue-color has-text-color\">Konsultacijos d\u0117l \u0161vietimo ir finansin\u0117s pagalbos<\/h5>\n\n\n\n<p class=\"has-text-align-center\">Galime pasi\u016blyti patarim\u0173 ir patarim\u0173 d\u0117l \u0161vietimo ir finansin\u0117s pagalbos klausos aparatams ir priedams.<\/p>\n<\/div>\n\n\n\n<div class=\"wp-block-column is-layout-flow wp-block-column-is-layout-flow\">\n<h5 class=\"wp-block-heading has-text-align-center has-blue-color has-text-color\">Praktiniai bendravimo patarimai <br><\/h5>\n\n\n\n<p class=\"has-text-align-center\">Papra\u0161ykite klausos specialisto praktini\u0173 patarim\u0173, kaip pagerinti vaiko kalb\u0105.<\/p>\n<\/div>\n\n\n\n<div class=\"wp-block-column is-layout-flow wp-block-column-is-layout-flow\">\n<h5 class=\"wp-block-heading has-text-align-center has-blue-color has-text-color\">Reguliarus steb\u0117jimas<br><\/h5>\n\n\n\n<p class=\"has-text-align-center\">Kadangi vaikai nuolat auga, svarbu reguliariai tikrintis klaus\u0105. J\u016bs\u0173 klausos specialistas jums pasakys daugiau.<\/p>\n<\/div>\n<\/div>\n\n\n\n<div style=\"height:71px\" aria-hidden=\"true\" class=\"wp-block-spacer\"><\/div>\n\n\n\n<div class=\"wp-block-group alignfull is-style-default has-light-grey-background-color has-background is-layout-flow wp-block-group-is-layout-flow\">\n\t<div class=\"wp-block-pho-product-selection \">\n\t\t<div class=\"grid-x grid-padding-x grid-padding-y\">\n\n\t\t\t\n\t\t\t\t<div class=\"cell medium-6 large-4 flex-container\">\n\t\t\t\t\t\n<article id=\"post-131\" class=\"product-card post-131 pho_products type-pho_products status-publish has-post-thumbnail hentry pho_product_type-roger pho_product_type-vaikai-ir-paaugliai pho_product_category-roger-mikrofonai pho_product_platforms-roger\">\n\t\t<a class=\"flex-container flex-dir-column align-justify align-top\" href=\"https:\/\/intl.phonak.com\/lt-lt\/produktai\/roger-touchscreen-mic\/\">\n\t\t<div class=\"product-card-content-wrapper\">\n\t\t\t\n\t\t\t\t<div class=\"product-image-wrapper\">\n\t\t\t\t\t<img loading=\"lazy\" decoding=\"async\" width=\"600\" height=\"600\" src=\"https:\/\/intl.phonak.com\/lt-lt\/wp-content\/uploads\/sites\/72\/2021\/11\/Packshot_Roger_Touchscreen_Mic_Standing_Perspective_052-3297-P5.png?w=600\" class=\"attachment-post-thumbnail size-post-thumbnail wp-post-image\" alt=\"\" srcset=\"https:\/\/intl.phonak.com\/lt-lt\/wp-content\/uploads\/sites\/72\/2021\/11\/Packshot_Roger_Touchscreen_Mic_Standing_Perspective_052-3297-P5.png 600w, https:\/\/intl.phonak.com\/lt-lt\/wp-content\/uploads\/sites\/72\/2021\/11\/Packshot_Roger_Touchscreen_Mic_Standing_Perspective_052-3297-P5.png?resize=150,150 150w, https:\/\/intl.phonak.com\/lt-lt\/wp-content\/uploads\/sites\/72\/2021\/11\/Packshot_Roger_Touchscreen_Mic_Standing_Perspective_052-3297-P5.png?resize=300,300 300w\" sizes=\"auto, (max-width: 600px) 100vw, 600px\" \/>\t\t\t\t<\/div>\n\n\t\t\t\t<h3 class=\"entry-title\">Roger Touchscreen Mic<\/h3><p>Paprastas ir intuityvus mikrofonas, kur\u012f mokytojas gali ne\u0161ioti arba pad\u0117ti ant stalo, kad perimt\u0173 mokini\u0173 grup\u0117s kalb\u0105.<\/p>\n\t\t<\/div>\n\t\t<div class=\"wp-block-button\">\n\t\t\t<div class=\"wp-block-button__link\">Skaityti daugiau<\/div>\n\t\t<\/div>\n\t<\/a>\n<\/article><!-- #post-131 -->\n\t\t\t\t<\/div>\n\n\t\t\t\t\n\t\t\t\t<div class=\"cell medium-6 large-4 flex-container\">\n\t\t\t\t\t\n<article id=\"post-146\" class=\"product-card post-146 pho_products type-pho_products status-publish has-post-thumbnail hentry pho_product_type-roger pho_product_type-vaikai-ir-paaugliai pho_product_category-roger-mikrofonai pho_product_platforms-roger\">\n\t\t<a class=\"flex-container flex-dir-column align-justify align-top\" href=\"https:\/\/intl.phonak.com\/lt-lt\/produktai\/roger-pass-around\/\">\n\t\t<div class=\"product-card-content-wrapper\">\n\t\t\t\n\t\t\t\t<div class=\"product-image-wrapper\">\n\t\t\t\t\t<img loading=\"lazy\" decoding=\"async\" width=\"600\" height=\"600\" src=\"https:\/\/intl.phonak.com\/lt-lt\/wp-content\/uploads\/sites\/72\/2021\/11\/Packshot_Roger_Pass-around_Standing_Perspective_052-3261-P5.png?w=600\" class=\"attachment-post-thumbnail size-post-thumbnail wp-post-image\" alt=\"\" srcset=\"https:\/\/intl.phonak.com\/lt-lt\/wp-content\/uploads\/sites\/72\/2021\/11\/Packshot_Roger_Pass-around_Standing_Perspective_052-3261-P5.png 600w, https:\/\/intl.phonak.com\/lt-lt\/wp-content\/uploads\/sites\/72\/2021\/11\/Packshot_Roger_Pass-around_Standing_Perspective_052-3261-P5.png?resize=150,150 150w, https:\/\/intl.phonak.com\/lt-lt\/wp-content\/uploads\/sites\/72\/2021\/11\/Packshot_Roger_Pass-around_Standing_Perspective_052-3261-P5.png?resize=300,300 300w\" sizes=\"auto, (max-width: 600px) 100vw, 600px\" \/>\t\t\t\t<\/div>\n\n\t\t\t\t<h3 class=\"entry-title\">Roger Pass-around<\/h3><p>Mokinio mikrofonas, kur\u012f galima perduoti aplink, leid\u017eiantis klausos negali\u0105 turin\u010diam vaikui gird\u0117ti.<\/p>\n\t\t<\/div>\n\t\t<div class=\"wp-block-button\">\n\t\t\t<div class=\"wp-block-button__link\">Skaityti daugiau<\/div>\n\t\t<\/div>\n\t<\/a>\n<\/article><!-- #post-146 -->\n\t\t\t\t<\/div>\n\n\t\t\t\t\n\t\t\t\t<div class=\"cell medium-6 large-4 flex-container\">\n\t\t\t\t\t\n<article id=\"post-142\" class=\"product-card post-142 pho_products type-pho_products status-publish has-post-thumbnail hentry pho_product_type-roger pho_product_type-vaikai-ir-paaugliai pho_product_category-roger-mikrofonai pho_product_platforms-roger\">\n\t\t<a class=\"flex-container flex-dir-column align-justify align-top\" href=\"https:\/\/intl.phonak.com\/lt-lt\/produktai\/roger-multimedia-hub\/\">\n\t\t<div class=\"product-card-content-wrapper\">\n\t\t\t\n\t\t\t\t<div class=\"product-image-wrapper\">\n\t\t\t\t\t<img loading=\"lazy\" decoding=\"async\" width=\"600\" height=\"600\" src=\"https:\/\/intl.phonak.com\/lt-lt\/wp-content\/uploads\/sites\/72\/2021\/11\/Packshot_Roger_Multimedia_Hub_Standing_Perspective_052-3299-P5.png?w=600\" class=\"attachment-post-thumbnail size-post-thumbnail wp-post-image\" alt=\"\" srcset=\"https:\/\/intl.phonak.com\/lt-lt\/wp-content\/uploads\/sites\/72\/2021\/11\/Packshot_Roger_Multimedia_Hub_Standing_Perspective_052-3299-P5.png 600w, https:\/\/intl.phonak.com\/lt-lt\/wp-content\/uploads\/sites\/72\/2021\/11\/Packshot_Roger_Multimedia_Hub_Standing_Perspective_052-3299-P5.png?resize=150,150 150w, https:\/\/intl.phonak.com\/lt-lt\/wp-content\/uploads\/sites\/72\/2021\/11\/Packshot_Roger_Multimedia_Hub_Standing_Perspective_052-3299-P5.png?resize=300,300 300w\" sizes=\"auto, (max-width: 600px) 100vw, 600px\" \/>\t\t\t\t<\/div>\n\n\t\t\t\t<h3 class=\"entry-title\">Roger Multimedia Hub<\/h3><p>Si\u0173stuvas, kur\u012f galima naudoti Roger tinkle ir prijungti prie bet kurio klas\u0117je naudojamo daugialyp\u0117s terp\u0117s \u012frenginio. <\/p>\n\t\t<\/div>\n\t\t<div class=\"wp-block-button\">\n\t\t\t<div class=\"wp-block-button__link\">Skaityti daugiau<\/div>\n\t\t<\/div>\n\t<\/a>\n<\/article><!-- #post-142 -->\n\t\t\t\t<\/div>\n\n\t\t\t\t\n\t\t<\/div>\n\t<\/div>\n\n\t<\/div>\n\n\n\n<div style=\"height:100px\" aria-hidden=\"true\" class=\"wp-block-spacer\"><\/div>\n\n\n\n<div class=\"wp-block-media-text is-stacked-on-mobile cta-block\" style=\"grid-template-columns:35% auto\"><figure class=\"wp-block-media-text__media\"><img decoding=\"async\" src=\"https:\/\/intl.phonak.com\/main-english\/wp-content\/uploads\/sites\/3\/2021\/11\/cta-image.jpg?w=401\" alt=\"\" class=\"wp-image-6738 size-full\"\/><\/figure><div class=\"wp-block-media-text__content\">\n<div class=\"wp-block-create-block-icon-selector\"><i class=\"fal fa-map-marker-alt\"><\/i><\/div>   \n<h3 class=\"wp-block-heading\">Klausos specialistai netoli j\u016bs\u0173<\/h3>   <p>Klausos specialistai gali pad\u0117ti jums pasirinkti jums tinkamiausi\u0105 pasirinkim\u0105. Jie atsi\u017evelgs \u012f j\u016bs\u0173 klausos poreikius, biud\u017eet\u0105, gyvenimo b\u016bd\u0105 ir individualias klausos nuostatas. <\/p>   <div class=\"wp-block-buttons is-layout-flex wp-block-buttons-is-layout-flex\">\n<div class=\"wp-block-button is-style-marker-green\"><a class=\"wp-block-button__link wp-element-button\" href=\"https:\/\/intl.phonak.com\/lt-lt\/rasti-specialista\/\">Raskite specialist\u0105<\/a><\/div>\n<\/div>\n<\/div><\/div> ","protected":false},"excerpt":{"rendered":"<p>&#8220;Phonak International Approved Pediatric Hearing Center&#8221; yra tarptautinis sertifikatas, suteikiamas pirmaujantiems centrams, atitinkantiems \u0161iuos reikalavimus: vaikams ir j\u0173 poreikiams pritaikyta&#8230;<\/p>\n","protected":false},"author":14,"featured_media":475,"parent":0,"menu_order":0,"comment_status":"closed","ping_status":"closed","template":"","meta":{"_acf_changed":false,"inline_featured_image":false,"footnotes":""},"class_list":["post-348","page","type-page","status-publish","has-post-thumbnail","hentry"],"acf":[],"yoast_head":"<!-- This site is optimized with the Yoast SEO plugin v26.9 - https:\/\/yoast.com\/product\/yoast-seo-wordpress\/ -->\n<title>Pediatrijos centras - Phonak - Lietuva<\/title>\n<meta name=\"robots\" content=\"index, follow, max-snippet:-1, max-image-preview:large, max-video-preview:-1\" \/>\n<link rel=\"canonical\" href=\"https:\/\/intl.phonak.com\/main-english\/pediatric-center\/\" \/>\n<meta property=\"og:locale\" content=\"lt_LT\" \/>\n<meta property=\"og:type\" content=\"article\" \/>\n<meta property=\"og:title\" content=\"Pediatrijos centras - Phonak - Lietuva\" \/>\n<meta property=\"og:description\" content=\"&#8220;Phonak International Approved Pediatric Hearing Center&#8221; yra tarptautinis sertifikatas, suteikiamas pirmaujantiems centrams, atitinkantiems \u0161iuos reikalavimus: vaikams ir j\u0173 poreikiams pritaikyta...\" \/>\n<meta property=\"og:url\" content=\"https:\/\/intl.phonak.com\/lt-lt\/pediatrijos-centras\/\" \/>\n<meta property=\"og:site_name\" content=\"Phonak - Lietuva\" \/>\n<meta property=\"article:modified_time\" content=\"2025-09-18T09:29:06+00:00\" \/>\n<meta property=\"og:image\" content=\"https:\/\/intl.phonak.com\/lt-lt\/wp-content\/uploads\/sites\/72\/2022\/03\/PH_Packshot_Audeo-I-Sphere-xReceiver_050-1029-P7_899575.png\" \/>\n\t<meta property=\"og:image:width\" content=\"600\" \/>\n\t<meta property=\"og:image:height\" content=\"600\" \/>\n\t<meta property=\"og:image:type\" content=\"image\/png\" \/>\n<meta name=\"twitter:card\" content=\"summary_large_image\" \/>\n<meta name=\"twitter:label1\" content=\"Est. reading time\" \/>\n\t<meta name=\"twitter:data1\" content=\"3 minutes\" \/>\n<script type=\"application\/ld+json\" class=\"yoast-schema-graph\">{\"@context\":\"https:\/\/schema.org\",\"@graph\":[{\"@type\":\"WebPage\",\"@id\":\"https:\/\/intl.phonak.com\/lt-lt\/pediatrijos-centras\/\",\"url\":\"https:\/\/intl.phonak.com\/lt-lt\/pediatrijos-centras\/\",\"name\":\"Pediatrijos centras - Phonak - Lietuva\",\"isPartOf\":{\"@id\":\"https:\/\/intl.phonak.com\/lt-lt\/#website\"},\"primaryImageOfPage\":{\"@id\":\"https:\/\/intl.phonak.com\/lt-lt\/pediatrijos-centras\/#primaryimage\"},\"image\":{\"@id\":\"https:\/\/intl.phonak.com\/lt-lt\/pediatrijos-centras\/#primaryimage\"},\"thumbnailUrl\":\"https:\/\/intl.phonak.com\/lt-lt\/wp-content\/uploads\/sites\/72\/2022\/03\/PH_Packshot_Audeo-I-Sphere-xReceiver_050-1029-P7_899575.png\",\"datePublished\":\"2022-03-07T11:51:55+00:00\",\"dateModified\":\"2025-09-18T09:29:06+00:00\",\"breadcrumb\":{\"@id\":\"https:\/\/intl.phonak.com\/lt-lt\/pediatrijos-centras\/#breadcrumb\"},\"inLanguage\":\"lt-LT\",\"potentialAction\":[{\"@type\":\"ReadAction\",\"target\":[\"https:\/\/intl.phonak.com\/lt-lt\/pediatrijos-centras\/\"]}]},{\"@type\":\"ImageObject\",\"inLanguage\":\"lt-LT\",\"@id\":\"https:\/\/intl.phonak.com\/lt-lt\/pediatrijos-centras\/#primaryimage\",\"url\":\"https:\/\/intl.phonak.com\/lt-lt\/wp-content\/uploads\/sites\/72\/2022\/03\/PH_Packshot_Audeo-I-Sphere-xReceiver_050-1029-P7_899575.png\",\"contentUrl\":\"https:\/\/intl.phonak.com\/lt-lt\/wp-content\/uploads\/sites\/72\/2022\/03\/PH_Packshot_Audeo-I-Sphere-xReceiver_050-1029-P7_899575.png\",\"width\":600,\"height\":600,\"caption\":\"Phonak Aud\u00e9o Sphere Infinio\"},{\"@type\":\"BreadcrumbList\",\"@id\":\"https:\/\/intl.phonak.com\/lt-lt\/pediatrijos-centras\/#breadcrumb\",\"itemListElement\":[{\"@type\":\"ListItem\",\"position\":1,\"name\":\"Home\",\"item\":\"https:\/\/intl.phonak.com\/lt-lt\/\"},{\"@type\":\"ListItem\",\"position\":2,\"name\":\"Pediatrijos centras\"}]},{\"@type\":\"WebSite\",\"@id\":\"https:\/\/intl.phonak.com\/lt-lt\/#website\",\"url\":\"https:\/\/intl.phonak.com\/lt-lt\/\",\"name\":\"Phonak - Lietuva\",\"description\":\"Pasiry\u017e\u0119 keisti gyvenimus\",\"publisher\":{\"@id\":\"https:\/\/intl.phonak.com\/lt-lt\/#organization\"},\"potentialAction\":[{\"@type\":\"SearchAction\",\"target\":{\"@type\":\"EntryPoint\",\"urlTemplate\":\"https:\/\/intl.phonak.com\/lt-lt\/?s={search_term_string}\"},\"query-input\":{\"@type\":\"PropertyValueSpecification\",\"valueRequired\":true,\"valueName\":\"search_term_string\"}}],\"inLanguage\":\"lt-LT\"},{\"@type\":\"Organization\",\"@id\":\"https:\/\/intl.phonak.com\/lt-lt\/#organization\",\"name\":\"Phonak - Lietuva\",\"url\":\"https:\/\/intl.phonak.com\/lt-lt\/\",\"logo\":{\"@type\":\"ImageObject\",\"inLanguage\":\"lt-LT\",\"@id\":\"https:\/\/intl.phonak.com\/lt-lt\/#\/schema\/logo\/image\/\",\"url\":\"https:\/\/intl.phonak.com\/lt-lt\/wp-content\/uploads\/sites\/72\/2025\/07\/logo-phonak.svg\",\"contentUrl\":\"https:\/\/intl.phonak.com\/lt-lt\/wp-content\/uploads\/sites\/72\/2025\/07\/logo-phonak.svg\",\"caption\":\"Phonak -  Lietuva\"},\"image\":{\"@id\":\"https:\/\/intl.phonak.com\/lt-lt\/#\/schema\/logo\/image\/\"}}]}<\/script>\n<!-- \/ Yoast SEO plugin. -->","yoast_head_json":{"title":"Pediatrijos centras - Phonak - Lietuva","robots":{"index":"index","follow":"follow","max-snippet":"max-snippet:-1","max-image-preview":"max-image-preview:large","max-video-preview":"max-video-preview:-1"},"canonical":"https:\/\/intl.phonak.com\/main-english\/pediatric-center\/","og_locale":"lt_LT","og_type":"article","og_title":"Pediatrijos centras - Phonak - Lietuva","og_description":"&#8220;Phonak International Approved Pediatric Hearing Center&#8221; yra tarptautinis sertifikatas, suteikiamas pirmaujantiems centrams, atitinkantiems \u0161iuos reikalavimus: vaikams ir j\u0173 poreikiams pritaikyta...","og_url":"https:\/\/intl.phonak.com\/lt-lt\/pediatrijos-centras\/","og_site_name":"Phonak - Lietuva","article_modified_time":"2025-09-18T09:29:06+00:00","og_image":[{"width":600,"height":600,"url":"https:\/\/intl.phonak.com\/lt-lt\/wp-content\/uploads\/sites\/72\/2022\/03\/PH_Packshot_Audeo-I-Sphere-xReceiver_050-1029-P7_899575.png","type":"image\/png"}],"twitter_card":"summary_large_image","twitter_misc":{"Est. reading time":"3 minutes"},"schema":{"@context":"https:\/\/schema.org","@graph":[{"@type":"WebPage","@id":"https:\/\/intl.phonak.com\/lt-lt\/pediatrijos-centras\/","url":"https:\/\/intl.phonak.com\/lt-lt\/pediatrijos-centras\/","name":"Pediatrijos centras - Phonak - Lietuva","isPartOf":{"@id":"https:\/\/intl.phonak.com\/lt-lt\/#website"},"primaryImageOfPage":{"@id":"https:\/\/intl.phonak.com\/lt-lt\/pediatrijos-centras\/#primaryimage"},"image":{"@id":"https:\/\/intl.phonak.com\/lt-lt\/pediatrijos-centras\/#primaryimage"},"thumbnailUrl":"https:\/\/intl.phonak.com\/lt-lt\/wp-content\/uploads\/sites\/72\/2022\/03\/PH_Packshot_Audeo-I-Sphere-xReceiver_050-1029-P7_899575.png","datePublished":"2022-03-07T11:51:55+00:00","dateModified":"2025-09-18T09:29:06+00:00","breadcrumb":{"@id":"https:\/\/intl.phonak.com\/lt-lt\/pediatrijos-centras\/#breadcrumb"},"inLanguage":"lt-LT","potentialAction":[{"@type":"ReadAction","target":["https:\/\/intl.phonak.com\/lt-lt\/pediatrijos-centras\/"]}]},{"@type":"ImageObject","inLanguage":"lt-LT","@id":"https:\/\/intl.phonak.com\/lt-lt\/pediatrijos-centras\/#primaryimage","url":"https:\/\/intl.phonak.com\/lt-lt\/wp-content\/uploads\/sites\/72\/2022\/03\/PH_Packshot_Audeo-I-Sphere-xReceiver_050-1029-P7_899575.png","contentUrl":"https:\/\/intl.phonak.com\/lt-lt\/wp-content\/uploads\/sites\/72\/2022\/03\/PH_Packshot_Audeo-I-Sphere-xReceiver_050-1029-P7_899575.png","width":600,"height":600,"caption":"Phonak Aud\u00e9o Sphere Infinio"},{"@type":"BreadcrumbList","@id":"https:\/\/intl.phonak.com\/lt-lt\/pediatrijos-centras\/#breadcrumb","itemListElement":[{"@type":"ListItem","position":1,"name":"Home","item":"https:\/\/intl.phonak.com\/lt-lt\/"},{"@type":"ListItem","position":2,"name":"Pediatrijos centras"}]},{"@type":"WebSite","@id":"https:\/\/intl.phonak.com\/lt-lt\/#website","url":"https:\/\/intl.phonak.com\/lt-lt\/","name":"Phonak - Lietuva","description":"Pasiry\u017e\u0119 keisti gyvenimus","publisher":{"@id":"https:\/\/intl.phonak.com\/lt-lt\/#organization"},"potentialAction":[{"@type":"SearchAction","target":{"@type":"EntryPoint","urlTemplate":"https:\/\/intl.phonak.com\/lt-lt\/?s={search_term_string}"},"query-input":{"@type":"PropertyValueSpecification","valueRequired":true,"valueName":"search_term_string"}}],"inLanguage":"lt-LT"},{"@type":"Organization","@id":"https:\/\/intl.phonak.com\/lt-lt\/#organization","name":"Phonak - Lietuva","url":"https:\/\/intl.phonak.com\/lt-lt\/","logo":{"@type":"ImageObject","inLanguage":"lt-LT","@id":"https:\/\/intl.phonak.com\/lt-lt\/#\/schema\/logo\/image\/","url":"https:\/\/intl.phonak.com\/lt-lt\/wp-content\/uploads\/sites\/72\/2025\/07\/logo-phonak.svg","contentUrl":"https:\/\/intl.phonak.com\/lt-lt\/wp-content\/uploads\/sites\/72\/2025\/07\/logo-phonak.svg","caption":"Phonak -  Lietuva"},"image":{"@id":"https:\/\/intl.phonak.com\/lt-lt\/#\/schema\/logo\/image\/"}}]}},"jetpack_sharing_enabled":true,"distributor_meta":false,"distributor_terms":false,"distributor_media":false,"distributor_original_site_name":"Phonak -  Lietuva","distributor_original_site_url":"https:\/\/intl.phonak.com\/lt-lt","push-errors":false,"_links":{"self":[{"href":"https:\/\/intl.phonak.com\/lt-lt\/wp-json\/wp\/v2\/pages\/348","targetHints":{"allow":["GET"]}}],"collection":[{"href":"https:\/\/intl.phonak.com\/lt-lt\/wp-json\/wp\/v2\/pages"}],"about":[{"href":"https:\/\/intl.phonak.com\/lt-lt\/wp-json\/wp\/v2\/types\/page"}],"author":[{"embeddable":true,"href":"https:\/\/intl.phonak.com\/lt-lt\/wp-json\/wp\/v2\/users\/14"}],"replies":[{"embeddable":true,"href":"https:\/\/intl.phonak.com\/lt-lt\/wp-json\/wp\/v2\/comments?post=348"}],"version-history":[{"count":10,"href":"https:\/\/intl.phonak.com\/lt-lt\/wp-json\/wp\/v2\/pages\/348\/revisions"}],"predecessor-version":[{"id":901,"href":"https:\/\/intl.phonak.com\/lt-lt\/wp-json\/wp\/v2\/pages\/348\/revisions\/901"}],"wp:featuredmedia":[{"embeddable":true,"href":"https:\/\/intl.phonak.com\/lt-lt\/wp-json\/wp\/v2\/media\/475"}],"wp:attachment":[{"href":"https:\/\/intl.phonak.com\/lt-lt\/wp-json\/wp\/v2\/media?parent=348"}],"curies":[{"name":"wp","href":"https:\/\/api.w.org\/{rel}","templated":true}]}}