{"id":340,"date":"2021-11-17T21:17:45","date_gmt":"2021-11-17T21:17:45","guid":{"rendered":"https:\/\/intl.phonak.com\/lt-lt\/solutions\/"},"modified":"2026-02-04T08:59:10","modified_gmt":"2026-02-04T08:59:10","slug":"sprendimai","status":"publish","type":"page","link":"https:\/\/intl.phonak.com\/lt-lt\/sprendimai\/","title":{"rendered":"Sprendimai"},"content":{"rendered":"\n<div class=\"wp-block-cover alignfull is-light\"><img decoding=\"async\" class=\"wp-block-cover__image-background wp-image-4530\" alt=\"Solutions\" src=\"https:\/\/intl.phonak.com\/lt-lt\/wp-content\/uploads\/sites\/3\/2022\/02\/Banner-solutions.jpg\" style=\"object-position:77% 33%\" data-object-fit=\"cover\" data-object-position=\"77% 33%\"\/><span aria-hidden=\"true\" class=\"wp-block-cover__background has-light-grey-background-color has-background-dim\"><\/span><div class=\"wp-block-cover__inner-container is-layout-flow wp-block-cover-is-layout-flow\">\n<h1 class=\"wp-block-heading has-text-align-center has-dark-grey-color has-text-color\" id=\"signs-of-hearing-loss-1\">Puikiai tinka<\/h1>\n\n\n\n<p class=\"has-text-align-center has-dark-grey-color has-text-color has-lead-font-size\">Sprendimai kiekvienam poreikiui<\/p>\n<\/div><\/div>\n\n\n\n<h2 class=\"wp-block-heading has-text-align-center\" id=\"simplifying-life-with-a-brilliant-solution\">Supaprastinkite gyvenim\u0105 su puikiu sprendimu<\/h2>\n\n\n\n<p class=\"has-text-align-center\">Laisv\u0117 eiti kur norite, be apribojim\u0173, susijusi\u0173 su klausos praradimu, yra svarbi visaver\u010diam gyvenimui. Tai yra m\u016bs\u0173 pagrindinis d\u0117mesys kuriant naujas &#8220;Phonak&#8221; klausos aparat\u0173 ir pried\u0173 platformas.<\/p>\n\n\n\n<p class=\"has-text-align-center\">M\u016bs\u0173 tikslas yra sukurti \u012fvairi\u0173 tip\u0173 klausos aparatus, kurie supaprastins gyvenim\u0105 tiek automati\u0161kai, tiek be pastang\u0173, tuo pa\u010diu suteikdami jums i\u0161skirtin\u0119 klausos patirt\u012f visur ir visada!<\/p>\n\n\n\n<p class=\"has-text-align-center\">Klausos aparatai pastaraisiais metais nu\u0117jo ilg\u0105 keli\u0105. Kad ir koks b\u016bt\u0173 j\u016bs\u0173 klausos praradimo laipsnis &#8211; nuo pastebimo iki gilaus &#8211; &#8220;Phonak&#8221; klausos aparatai labai skiriasi dyd\u017eiu ir funkcijomis, kad skland\u017eiai \u012fsiliet\u0173 \u012f j\u016bs\u0173 gyvenim\u0105.<\/p>\n\n\n\n<div style=\"height:37px\" aria-hidden=\"true\" class=\"wp-block-spacer\"><\/div>\n\n\n\n\t<div class=\"wp-block-pho-product-selection \">\n\t\t<div class=\"grid-x grid-padding-x grid-padding-y\">\n\n\t\t\t\n\t\t\t\t<div class=\"cell medium-6 large-4 flex-container\">\n\t\t\t\t\t\n<article id=\"post-6\" class=\"product-card post-6 pho_products type-pho_products status-publish has-post-thumbnail hentry pho_product_type-pirma-karta pho_product_category-klausos-aparatai pho_product_platforms-infinio\">\n\t\t<a class=\"flex-container flex-dir-column align-justify align-top\" href=\"https:\/\/intl.phonak.com\/lt-lt\/produktai\/phonak-audeo-sphere-infinio\/\">\n\t\t<div class=\"product-card-content-wrapper\">\n\t\t\t\n\t\t\t\t<div class=\"product-image-wrapper\">\n\t\t\t\t\t<img loading=\"lazy\" decoding=\"async\" width=\"1024\" height=\"1024\" src=\"https:\/\/intl.phonak.com\/lt-lt\/wp-content\/uploads\/sites\/72\/2026\/02\/PH_Packshot_Audeo-ISphereUltra-transparentIntl_1080x1080.png?w=1024\" class=\"attachment-post-thumbnail size-post-thumbnail wp-post-image\" alt=\"\" srcset=\"https:\/\/intl.phonak.com\/lt-lt\/wp-content\/uploads\/sites\/72\/2026\/02\/PH_Packshot_Audeo-ISphereUltra-transparentIntl_1080x1080.png 4500w, https:\/\/intl.phonak.com\/lt-lt\/wp-content\/uploads\/sites\/72\/2026\/02\/PH_Packshot_Audeo-ISphereUltra-transparentIntl_1080x1080.png?resize=150,150 150w, https:\/\/intl.phonak.com\/lt-lt\/wp-content\/uploads\/sites\/72\/2026\/02\/PH_Packshot_Audeo-ISphereUltra-transparentIntl_1080x1080.png?resize=300,300 300w, https:\/\/intl.phonak.com\/lt-lt\/wp-content\/uploads\/sites\/72\/2026\/02\/PH_Packshot_Audeo-ISphereUltra-transparentIntl_1080x1080.png?resize=768,768 768w, https:\/\/intl.phonak.com\/lt-lt\/wp-content\/uploads\/sites\/72\/2026\/02\/PH_Packshot_Audeo-ISphereUltra-transparentIntl_1080x1080.png?resize=1024,1024 1024w, https:\/\/intl.phonak.com\/lt-lt\/wp-content\/uploads\/sites\/72\/2026\/02\/PH_Packshot_Audeo-ISphereUltra-transparentIntl_1080x1080.png?resize=1536,1536 1536w, https:\/\/intl.phonak.com\/lt-lt\/wp-content\/uploads\/sites\/72\/2026\/02\/PH_Packshot_Audeo-ISphereUltra-transparentIntl_1080x1080.png?resize=2048,2048 2048w\" sizes=\"auto, (max-width: 1024px) 100vw, 1024px\" \/>\t\t\t\t<\/div>\n\n\t\t\t\t<h3 class=\"entry-title\">Phonak Aud\u00e9o Infinio (Ultra) Sphere\u2122<\/h3><p>Infinio Ultra Sphere padeda geriau gird\u0117ti net ir pa\u010diose sud\u0117tingiausiose situacijose. Realaus laiko AI pagerina kalb\u0105 i\u0161 bet kurios krypties ir i\u0161 keli\u0173 \u017emoni\u0173, tod\u0117l pokalbiai triuk\u0161me tampa lengviau suprantami.<\/p>\n\t\t<\/div>\n\t\t<div class=\"wp-block-button\">\n\t\t\t<div class=\"wp-block-button__link\">Skaityti daugiau<\/div>\n\t\t<\/div>\n\t<\/a>\n<\/article><!-- #post-6 -->\n\t\t\t\t<\/div>\n\n\t\t\t\t\n\t\t\t\t<div class=\"cell medium-6 large-4 flex-container\">\n\t\t\t\t\t\n<article id=\"post-13\" class=\"product-card post-13 pho_products type-pho_products status-publish has-post-thumbnail hentry pho_product_type-pirma-karta pho_product_category-klausos-aparatai pho_product_platforms-infinio\">\n\t\t<a class=\"flex-container flex-dir-column align-justify align-top\" href=\"https:\/\/intl.phonak.com\/lt-lt\/produktai\/phonak-audeo-infinio\/\">\n\t\t<div class=\"product-card-content-wrapper\">\n\t\t\t\n\t\t\t\t<div class=\"product-image-wrapper\">\n\t\t\t\t\t<img loading=\"lazy\" decoding=\"async\" width=\"1024\" height=\"1024\" src=\"https:\/\/intl.phonak.com\/lt-lt\/wp-content\/uploads\/sites\/72\/2026\/02\/PH_Packshot_Audeo-I-RUltra-transparentIntl_1080x1080.png?w=1024\" class=\"attachment-post-thumbnail size-post-thumbnail wp-post-image\" alt=\"\" srcset=\"https:\/\/intl.phonak.com\/lt-lt\/wp-content\/uploads\/sites\/72\/2026\/02\/PH_Packshot_Audeo-I-RUltra-transparentIntl_1080x1080.png 4500w, https:\/\/intl.phonak.com\/lt-lt\/wp-content\/uploads\/sites\/72\/2026\/02\/PH_Packshot_Audeo-I-RUltra-transparentIntl_1080x1080.png?resize=150,150 150w, https:\/\/intl.phonak.com\/lt-lt\/wp-content\/uploads\/sites\/72\/2026\/02\/PH_Packshot_Audeo-I-RUltra-transparentIntl_1080x1080.png?resize=300,300 300w, https:\/\/intl.phonak.com\/lt-lt\/wp-content\/uploads\/sites\/72\/2026\/02\/PH_Packshot_Audeo-I-RUltra-transparentIntl_1080x1080.png?resize=768,768 768w, https:\/\/intl.phonak.com\/lt-lt\/wp-content\/uploads\/sites\/72\/2026\/02\/PH_Packshot_Audeo-I-RUltra-transparentIntl_1080x1080.png?resize=1024,1024 1024w, https:\/\/intl.phonak.com\/lt-lt\/wp-content\/uploads\/sites\/72\/2026\/02\/PH_Packshot_Audeo-I-RUltra-transparentIntl_1080x1080.png?resize=1536,1536 1536w, https:\/\/intl.phonak.com\/lt-lt\/wp-content\/uploads\/sites\/72\/2026\/02\/PH_Packshot_Audeo-I-RUltra-transparentIntl_1080x1080.png?resize=2048,2048 2048w\" sizes=\"auto, (max-width: 1024px) 100vw, 1024px\" \/>\t\t\t\t<\/div>\n\n\t\t\t\t<h3 class=\"entry-title\">Phonak Aud\u00e9o\u2122 Infinio (Ultra) R<\/h3><p>Kad ir kur gyvenimas jus nuvest\u0173, \u201eInfinio Ultra R\u201c yra itin prisitaikantis. Su AutoSense OS 7.0 gausite unikaliai suasmenintas, sujungtas klausos programas ir AI valdom\u0105, optimal\u0173 gars\u0105. Kad ir koks b\u016bt\u0173 j\u016bs\u0173 gyvenimo b\u016bdas, \u201eUltra\u201c prisitaiko prie j\u016bs\u0173.<\/p>\n\t\t<\/div>\n\t\t<div class=\"wp-block-button\">\n\t\t\t<div class=\"wp-block-button__link\">Skaityti daugiau<\/div>\n\t\t<\/div>\n\t<\/a>\n<\/article><!-- #post-13 -->\n\t\t\t\t<\/div>\n\n\t\t\t\t\n\t\t\t\t<div class=\"cell medium-6 large-4 flex-container\">\n\t\t\t\t\t\n<article id=\"post-1148\" class=\"product-card post-1148 pho_products type-pho_products status-publish has-post-thumbnail hentry pho_product_type-individualus pho_product_category-klausos-aparatai pho_product_platforms-infinio\">\n\t\t<a class=\"flex-container flex-dir-column align-justify align-top\" href=\"https:\/\/intl.phonak.com\/lt-lt\/produktai\/phonak-virto-r-infinio\/\">\n\t\t<div class=\"product-card-content-wrapper\">\n\t\t\t\n\t\t\t\t<div class=\"product-image-wrapper\">\n\t\t\t\t\t<img loading=\"lazy\" decoding=\"async\" width=\"1024\" height=\"1024\" src=\"https:\/\/intl.phonak.com\/lt-lt\/wp-content\/uploads\/sites\/72\/2026\/01\/PH_Packshot_Virto-I-R-Pair-WithInfinioUltra-transparent_1080x1080-1.png?w=1024\" class=\"attachment-post-thumbnail size-post-thumbnail wp-post-image\" alt=\"\" srcset=\"https:\/\/intl.phonak.com\/lt-lt\/wp-content\/uploads\/sites\/72\/2026\/01\/PH_Packshot_Virto-I-R-Pair-WithInfinioUltra-transparent_1080x1080-1.png 4500w, https:\/\/intl.phonak.com\/lt-lt\/wp-content\/uploads\/sites\/72\/2026\/01\/PH_Packshot_Virto-I-R-Pair-WithInfinioUltra-transparent_1080x1080-1.png?resize=150,150 150w, https:\/\/intl.phonak.com\/lt-lt\/wp-content\/uploads\/sites\/72\/2026\/01\/PH_Packshot_Virto-I-R-Pair-WithInfinioUltra-transparent_1080x1080-1.png?resize=300,300 300w, https:\/\/intl.phonak.com\/lt-lt\/wp-content\/uploads\/sites\/72\/2026\/01\/PH_Packshot_Virto-I-R-Pair-WithInfinioUltra-transparent_1080x1080-1.png?resize=768,768 768w, https:\/\/intl.phonak.com\/lt-lt\/wp-content\/uploads\/sites\/72\/2026\/01\/PH_Packshot_Virto-I-R-Pair-WithInfinioUltra-transparent_1080x1080-1.png?resize=1024,1024 1024w, https:\/\/intl.phonak.com\/lt-lt\/wp-content\/uploads\/sites\/72\/2026\/01\/PH_Packshot_Virto-I-R-Pair-WithInfinioUltra-transparent_1080x1080-1.png?resize=1536,1536 1536w, https:\/\/intl.phonak.com\/lt-lt\/wp-content\/uploads\/sites\/72\/2026\/01\/PH_Packshot_Virto-I-R-Pair-WithInfinioUltra-transparent_1080x1080-1.png?resize=2048,2048 2048w\" sizes=\"auto, (max-width: 1024px) 100vw, 1024px\" \/>\t\t\t\t<\/div>\n\n\t\t\t\t<h3 class=\"entry-title\">Phonak Virto R Infinio<\/h3><p>Kaip pirmasis pasaulyje \u012fkraunamas pagal u\u017esakym\u0105 pagamintas klausos aparatas, apr\u016bpintas Phonak SmartSpeech\u2122 technologija, Virto R Infinio si\u016blo i\u0161skirtin\u0119 garso kokyb\u0119, kalbos supratim\u0105, ry\u0161\u012f ir patogum\u0105, kurie tapo sinonimu su Infinio technologija.<\/p>\n\t\t<\/div>\n\t\t<div class=\"wp-block-button\">\n\t\t\t<div class=\"wp-block-button__link\">Skaityti daugiau<\/div>\n\t\t<\/div>\n\t<\/a>\n<\/article><!-- #post-1148 -->\n\t\t\t\t<\/div>\n\n\t\t\t\t\n\t\t<\/div>\n\t<\/div>\n\n\t\n\n\n<div style=\"height:25px\" aria-hidden=\"true\" class=\"wp-block-spacer\"><\/div>\n\n\n\n<p class=\"has-text-align-center\"><a href=\"https:\/\/intl.phonak.com\/lt-lt\/sprendimai\/klausos-aparatu-stiliai\/\">Supraskite skirtingus klausos aparat\u0173 stilius<\/a><\/p>\n\n\n\n<div style=\"height:34px\" aria-hidden=\"true\" class=\"wp-block-spacer\"><\/div>\n\n\n\n<div class=\"wp-block-media-text is-stacked-on-mobile cta-block\" style=\"grid-template-columns:35% auto\"><figure class=\"wp-block-media-text__media\"><img decoding=\"async\" src=\"https:\/\/intl.phonak.com\/main-english\/wp-content\/uploads\/sites\/3\/2021\/11\/cta-image.jpg?w=401\" alt=\"\" class=\"wp-image-6738 size-full\"\/><\/figure><div class=\"wp-block-media-text__content\">\n<div class=\"wp-block-create-block-icon-selector\"><i class=\"fal fa-map-marker-alt\"><\/i><\/div>   \n<h3 class=\"wp-block-heading\">Klausos specialistai netoli j\u016bs\u0173<\/h3>   <p>Klausos specialistai gali pad\u0117ti jums pasirinkti jums tinkamiausi\u0105 pasirinkim\u0105. Jie atsi\u017evelgs \u012f j\u016bs\u0173 klausos poreikius, biud\u017eet\u0105, gyvenimo b\u016bd\u0105 ir individualias klausos nuostatas. <\/p>   <div class=\"wp-block-buttons is-layout-flex wp-block-buttons-is-layout-flex\">\n<div class=\"wp-block-button is-style-marker-green\"><a class=\"wp-block-button__link wp-element-button\" href=\"https:\/\/intl.phonak.com\/lt-lt\/rasti-specialista\/\">Raskite specialist\u0105<\/a><\/div>\n<\/div>\n<\/div><\/div> ","protected":false},"excerpt":{"rendered":"<p>Supaprastinkite gyvenim\u0105 su puikiu sprendimu Laisv\u0117 eiti kur norite, be apribojim\u0173, susijusi\u0173 su klausos praradimu, yra svarbi visaver\u010diam gyvenimui. Tai&#8230;<\/p>\n","protected":false},"author":5,"featured_media":480,"parent":0,"menu_order":0,"comment_status":"closed","ping_status":"closed","template":"","meta":{"_acf_changed":false,"inline_featured_image":false,"footnotes":""},"class_list":["post-340","page","type-page","status-publish","has-post-thumbnail","hentry"],"acf":[],"yoast_head":"<!-- This site is optimized with the Yoast SEO plugin v26.9 - https:\/\/yoast.com\/product\/yoast-seo-wordpress\/ -->\n<title>Sprendimai - Phonak - Lietuva<\/title>\n<meta name=\"robots\" content=\"index, follow, max-snippet:-1, max-image-preview:large, max-video-preview:-1\" \/>\n<link rel=\"canonical\" href=\"https:\/\/intl.phonak.com\/main-english\/solutions\/\" \/>\n<meta property=\"og:locale\" content=\"lt_LT\" \/>\n<meta property=\"og:type\" content=\"article\" \/>\n<meta property=\"og:title\" content=\"Sprendimai - Phonak - Lietuva\" \/>\n<meta property=\"og:description\" content=\"Supaprastinkite gyvenim\u0105 su puikiu sprendimu Laisv\u0117 eiti kur norite, be apribojim\u0173, susijusi\u0173 su klausos praradimu, yra svarbi visaver\u010diam gyvenimui. Tai...\" \/>\n<meta property=\"og:url\" content=\"https:\/\/intl.phonak.com\/lt-lt\/sprendimai\/\" \/>\n<meta property=\"og:site_name\" content=\"Phonak - Lietuva\" \/>\n<meta property=\"article:modified_time\" content=\"2026-02-04T08:59:10+00:00\" \/>\n<meta property=\"og:image\" content=\"https:\/\/intl.phonak.com\/lt-lt\/wp-content\/uploads\/sites\/72\/2021\/11\/PH_Packshot_Audeo-I-Sphere-xReceiver_050-1029-P7_53d1f9.png\" \/>\n\t<meta property=\"og:image:width\" content=\"600\" \/>\n\t<meta property=\"og:image:height\" content=\"600\" \/>\n\t<meta property=\"og:image:type\" content=\"image\/png\" \/>\n<meta name=\"twitter:card\" content=\"summary_large_image\" \/>\n<meta name=\"twitter:label1\" content=\"Est. reading time\" \/>\n\t<meta name=\"twitter:data1\" content=\"2 minutes\" \/>\n<script type=\"application\/ld+json\" class=\"yoast-schema-graph\">{\"@context\":\"https:\/\/schema.org\",\"@graph\":[{\"@type\":\"WebPage\",\"@id\":\"https:\/\/intl.phonak.com\/lt-lt\/sprendimai\/\",\"url\":\"https:\/\/intl.phonak.com\/lt-lt\/sprendimai\/\",\"name\":\"Sprendimai - Phonak - Lietuva\",\"isPartOf\":{\"@id\":\"https:\/\/intl.phonak.com\/lt-lt\/#website\"},\"primaryImageOfPage\":{\"@id\":\"https:\/\/intl.phonak.com\/lt-lt\/sprendimai\/#primaryimage\"},\"image\":{\"@id\":\"https:\/\/intl.phonak.com\/lt-lt\/sprendimai\/#primaryimage\"},\"thumbnailUrl\":\"https:\/\/intl.phonak.com\/lt-lt\/wp-content\/uploads\/sites\/72\/2021\/11\/PH_Packshot_Audeo-I-Sphere-xReceiver_050-1029-P7_53d1f9.png\",\"datePublished\":\"2021-11-17T21:17:45+00:00\",\"dateModified\":\"2026-02-04T08:59:10+00:00\",\"breadcrumb\":{\"@id\":\"https:\/\/intl.phonak.com\/lt-lt\/sprendimai\/#breadcrumb\"},\"inLanguage\":\"lt-LT\",\"potentialAction\":[{\"@type\":\"ReadAction\",\"target\":[\"https:\/\/intl.phonak.com\/lt-lt\/sprendimai\/\"]}]},{\"@type\":\"ImageObject\",\"inLanguage\":\"lt-LT\",\"@id\":\"https:\/\/intl.phonak.com\/lt-lt\/sprendimai\/#primaryimage\",\"url\":\"https:\/\/intl.phonak.com\/lt-lt\/wp-content\/uploads\/sites\/72\/2021\/11\/PH_Packshot_Audeo-I-Sphere-xReceiver_050-1029-P7_53d1f9.png\",\"contentUrl\":\"https:\/\/intl.phonak.com\/lt-lt\/wp-content\/uploads\/sites\/72\/2021\/11\/PH_Packshot_Audeo-I-Sphere-xReceiver_050-1029-P7_53d1f9.png\",\"width\":600,\"height\":600,\"caption\":\"Phonak Aud\u00e9o Sphere Infinio\"},{\"@type\":\"BreadcrumbList\",\"@id\":\"https:\/\/intl.phonak.com\/lt-lt\/sprendimai\/#breadcrumb\",\"itemListElement\":[{\"@type\":\"ListItem\",\"position\":1,\"name\":\"Home\",\"item\":\"https:\/\/intl.phonak.com\/lt-lt\/\"},{\"@type\":\"ListItem\",\"position\":2,\"name\":\"Sprendimai\"}]},{\"@type\":\"WebSite\",\"@id\":\"https:\/\/intl.phonak.com\/lt-lt\/#website\",\"url\":\"https:\/\/intl.phonak.com\/lt-lt\/\",\"name\":\"Phonak - Lietuva\",\"description\":\"Pasiry\u017e\u0119 keisti gyvenimus\",\"publisher\":{\"@id\":\"https:\/\/intl.phonak.com\/lt-lt\/#organization\"},\"potentialAction\":[{\"@type\":\"SearchAction\",\"target\":{\"@type\":\"EntryPoint\",\"urlTemplate\":\"https:\/\/intl.phonak.com\/lt-lt\/?s={search_term_string}\"},\"query-input\":{\"@type\":\"PropertyValueSpecification\",\"valueRequired\":true,\"valueName\":\"search_term_string\"}}],\"inLanguage\":\"lt-LT\"},{\"@type\":\"Organization\",\"@id\":\"https:\/\/intl.phonak.com\/lt-lt\/#organization\",\"name\":\"Phonak - Lietuva\",\"url\":\"https:\/\/intl.phonak.com\/lt-lt\/\",\"logo\":{\"@type\":\"ImageObject\",\"inLanguage\":\"lt-LT\",\"@id\":\"https:\/\/intl.phonak.com\/lt-lt\/#\/schema\/logo\/image\/\",\"url\":\"https:\/\/intl.phonak.com\/lt-lt\/wp-content\/uploads\/sites\/72\/2025\/07\/logo-phonak.svg\",\"contentUrl\":\"https:\/\/intl.phonak.com\/lt-lt\/wp-content\/uploads\/sites\/72\/2025\/07\/logo-phonak.svg\",\"caption\":\"Phonak -  Lietuva\"},\"image\":{\"@id\":\"https:\/\/intl.phonak.com\/lt-lt\/#\/schema\/logo\/image\/\"}}]}<\/script>\n<!-- \/ Yoast SEO plugin. -->","yoast_head_json":{"title":"Sprendimai - Phonak - Lietuva","robots":{"index":"index","follow":"follow","max-snippet":"max-snippet:-1","max-image-preview":"max-image-preview:large","max-video-preview":"max-video-preview:-1"},"canonical":"https:\/\/intl.phonak.com\/main-english\/solutions\/","og_locale":"lt_LT","og_type":"article","og_title":"Sprendimai - Phonak - Lietuva","og_description":"Supaprastinkite gyvenim\u0105 su puikiu sprendimu Laisv\u0117 eiti kur norite, be apribojim\u0173, susijusi\u0173 su klausos praradimu, yra svarbi visaver\u010diam gyvenimui. Tai...","og_url":"https:\/\/intl.phonak.com\/lt-lt\/sprendimai\/","og_site_name":"Phonak - Lietuva","article_modified_time":"2026-02-04T08:59:10+00:00","og_image":[{"width":600,"height":600,"url":"https:\/\/intl.phonak.com\/lt-lt\/wp-content\/uploads\/sites\/72\/2021\/11\/PH_Packshot_Audeo-I-Sphere-xReceiver_050-1029-P7_53d1f9.png","type":"image\/png"}],"twitter_card":"summary_large_image","twitter_misc":{"Est. reading time":"2 minutes"},"schema":{"@context":"https:\/\/schema.org","@graph":[{"@type":"WebPage","@id":"https:\/\/intl.phonak.com\/lt-lt\/sprendimai\/","url":"https:\/\/intl.phonak.com\/lt-lt\/sprendimai\/","name":"Sprendimai - Phonak - Lietuva","isPartOf":{"@id":"https:\/\/intl.phonak.com\/lt-lt\/#website"},"primaryImageOfPage":{"@id":"https:\/\/intl.phonak.com\/lt-lt\/sprendimai\/#primaryimage"},"image":{"@id":"https:\/\/intl.phonak.com\/lt-lt\/sprendimai\/#primaryimage"},"thumbnailUrl":"https:\/\/intl.phonak.com\/lt-lt\/wp-content\/uploads\/sites\/72\/2021\/11\/PH_Packshot_Audeo-I-Sphere-xReceiver_050-1029-P7_53d1f9.png","datePublished":"2021-11-17T21:17:45+00:00","dateModified":"2026-02-04T08:59:10+00:00","breadcrumb":{"@id":"https:\/\/intl.phonak.com\/lt-lt\/sprendimai\/#breadcrumb"},"inLanguage":"lt-LT","potentialAction":[{"@type":"ReadAction","target":["https:\/\/intl.phonak.com\/lt-lt\/sprendimai\/"]}]},{"@type":"ImageObject","inLanguage":"lt-LT","@id":"https:\/\/intl.phonak.com\/lt-lt\/sprendimai\/#primaryimage","url":"https:\/\/intl.phonak.com\/lt-lt\/wp-content\/uploads\/sites\/72\/2021\/11\/PH_Packshot_Audeo-I-Sphere-xReceiver_050-1029-P7_53d1f9.png","contentUrl":"https:\/\/intl.phonak.com\/lt-lt\/wp-content\/uploads\/sites\/72\/2021\/11\/PH_Packshot_Audeo-I-Sphere-xReceiver_050-1029-P7_53d1f9.png","width":600,"height":600,"caption":"Phonak Aud\u00e9o Sphere Infinio"},{"@type":"BreadcrumbList","@id":"https:\/\/intl.phonak.com\/lt-lt\/sprendimai\/#breadcrumb","itemListElement":[{"@type":"ListItem","position":1,"name":"Home","item":"https:\/\/intl.phonak.com\/lt-lt\/"},{"@type":"ListItem","position":2,"name":"Sprendimai"}]},{"@type":"WebSite","@id":"https:\/\/intl.phonak.com\/lt-lt\/#website","url":"https:\/\/intl.phonak.com\/lt-lt\/","name":"Phonak - Lietuva","description":"Pasiry\u017e\u0119 keisti gyvenimus","publisher":{"@id":"https:\/\/intl.phonak.com\/lt-lt\/#organization"},"potentialAction":[{"@type":"SearchAction","target":{"@type":"EntryPoint","urlTemplate":"https:\/\/intl.phonak.com\/lt-lt\/?s={search_term_string}"},"query-input":{"@type":"PropertyValueSpecification","valueRequired":true,"valueName":"search_term_string"}}],"inLanguage":"lt-LT"},{"@type":"Organization","@id":"https:\/\/intl.phonak.com\/lt-lt\/#organization","name":"Phonak - Lietuva","url":"https:\/\/intl.phonak.com\/lt-lt\/","logo":{"@type":"ImageObject","inLanguage":"lt-LT","@id":"https:\/\/intl.phonak.com\/lt-lt\/#\/schema\/logo\/image\/","url":"https:\/\/intl.phonak.com\/lt-lt\/wp-content\/uploads\/sites\/72\/2025\/07\/logo-phonak.svg","contentUrl":"https:\/\/intl.phonak.com\/lt-lt\/wp-content\/uploads\/sites\/72\/2025\/07\/logo-phonak.svg","caption":"Phonak -  Lietuva"},"image":{"@id":"https:\/\/intl.phonak.com\/lt-lt\/#\/schema\/logo\/image\/"}}]}},"jetpack_sharing_enabled":true,"distributor_meta":false,"distributor_terms":false,"distributor_media":false,"distributor_original_site_name":"Phonak -  Lietuva","distributor_original_site_url":"https:\/\/intl.phonak.com\/lt-lt","push-errors":false,"_links":{"self":[{"href":"https:\/\/intl.phonak.com\/lt-lt\/wp-json\/wp\/v2\/pages\/340","targetHints":{"allow":["GET"]}}],"collection":[{"href":"https:\/\/intl.phonak.com\/lt-lt\/wp-json\/wp\/v2\/pages"}],"about":[{"href":"https:\/\/intl.phonak.com\/lt-lt\/wp-json\/wp\/v2\/types\/page"}],"author":[{"embeddable":true,"href":"https:\/\/intl.phonak.com\/lt-lt\/wp-json\/wp\/v2\/users\/5"}],"replies":[{"embeddable":true,"href":"https:\/\/intl.phonak.com\/lt-lt\/wp-json\/wp\/v2\/comments?post=340"}],"version-history":[{"count":10,"href":"https:\/\/intl.phonak.com\/lt-lt\/wp-json\/wp\/v2\/pages\/340\/revisions"}],"predecessor-version":[{"id":1163,"href":"https:\/\/intl.phonak.com\/lt-lt\/wp-json\/wp\/v2\/pages\/340\/revisions\/1163"}],"wp:featuredmedia":[{"embeddable":true,"href":"https:\/\/intl.phonak.com\/lt-lt\/wp-json\/wp\/v2\/media\/480"}],"wp:attachment":[{"href":"https:\/\/intl.phonak.com\/lt-lt\/wp-json\/wp\/v2\/media?parent=340"}],"curies":[{"name":"wp","href":"https:\/\/api.w.org\/{rel}","templated":true}]}}