{"id":333,"date":"2022-12-16T15:10:22","date_gmt":"2022-12-16T15:10:22","guid":{"rendered":"https:\/\/intl.phonak.com\/lt-lt\/privacy-notice\/"},"modified":"2025-10-21T19:11:09","modified_gmt":"2025-10-21T19:11:09","slug":"privatumo-pranesimas","status":"publish","type":"page","link":"https:\/\/intl.phonak.com\/lt-lt\/privatumo-pranesimas\/","title":{"rendered":"Privatumo prane\u0161imas"},"content":{"rendered":" <p id=\"block-3110c4d0-6c3e-4d55-8d38-129cb027a120\">Paskutin\u012f kart\u0105 atnaujinta: 2022 m. baland\u017eio m\u0117n.<\/p>   <p id=\"block-e56d30a9-ff57-4997-85c2-75b5ef2450eb\">\u0160is privatumo prane\u0161imas apra\u0161o, kaip j\u016bs\u0173 asmens duomenys, \u012fskaitant jautrius duomenis, yra renkami ir tvarkomi, susij\u0119 su kontaktine forma. \u0160iame kontekste \u0161is privatumo prane\u0161imas apima j\u016bs\u0173 asmens duomen\u0173 tvarkym\u0105, atliekam\u0105 per form\u0105, kuri\u0105 pildote<\/p>   <p id=\"block-a3df515b-e1a3-4d69-a8f9-fd6a5dfd602e\">J\u016bs\u0173 asmens duomen\u0173 tvarkymas atitinka, priklausomai nuo j\u016bs\u0173 \u0161alies, vietinius duomen\u0173 apsaugos reikalavimus, \u012fskaitant \u0160veicarijos federalin\u012f duomen\u0173 apsaugos \u012fstatym\u0105 (&#8220;FDPA&#8221;), 2016 m. baland\u017eio 27 d. Europos Parlamento ir Tarybos reglament\u0105 (ES) 2016\/679 (&#8220;GDPR&#8221;) ir \/ arba, jei taikoma, 1996 m. Sveikatos draudimo perkeliamumo ir atskaitomyb\u0117s akt\u0105 (&#8220;HIPAA&#8221;) j\u016bs\u0173 asmens duomenims, kvalifikuotiems kaip saugoma sveikatos informacija.<\/p>   <p id=\"block-1d87e0d9-df83-49dd-aaa9-7ee608294736\">\u0160is privatumo prane\u0161imas gali b\u016bti atnaujinamas laikas nuo laiko. \u0160iuo atveju informuosime jus, kad \u0161i privatumo prane\u0161imas buvo pakeistas ir &#8220;paskutinio atnaujinimo&#8221; data vir\u0161uje \u0161io dokumento bus pakeista. Rekomenduojame periodi\u0161kai per\u017ei\u016br\u0117ti naujausi\u0105 \u0161io privatumo prane\u0161imo versij\u0105.<\/p>   <p id=\"block-96a81fc1-3995-437b-a025-3900acfc3713\"><strong>1. KAS MES ESAME<\/strong><\/p>   <p id=\"block-5ec04ce4-ca54-430d-8742-940907142fc8\">Sonova AG, Laubisr\u00fctistrasse 28, 8712 St\u00e4fa, \u0160veicarija (<a href=\"http:\/\/www.sonova.com\/\">www.sonova.com<\/a>), (&#8220;Sonova AG&#8221;) veikia kaip Duomen\u0173 valdytojas u\u017e apdorojim\u0105, nurodyt\u0105 kitame skyriuje.<\/p>   <p id=\"block-4bcd26ae-20ae-4ab9-adef-a0bcbd2a5eb2\"><strong>2. ASMENS DUOMENYS, KURIUOS RENKAME I\u0160 J\u016aS\u0172 IR KOD\u0116L<\/strong><\/p>   <p id=\"block-5381e53f-4ece-4513-b300-72951215d601\">Sonova AG tvarko j\u016bs\u0173 asmens duomenis ir \/ arba asmens duomenis asmens, kur\u012f atstovaujate (kuriuos pasidalinote su mumis gav\u0119 j\u0173 informuot\u0105 sutikim\u0105), t.y.: titulas, vardas, pavard\u0117, el. pa\u0161tas, tema, \u017einut\u0117.&nbsp;<\/p>   <p id=\"block-9d6808e7-302c-45ea-9296-ebf9f8a2f24b\">Kalbant apie prane\u0161im\u0105, kur\u012f ketinate pateikti, atkreipkite d\u0117mes\u012f, kad j\u016bs\u0173 \u012fvestas komentaras bus perduotas kaip paprastas tekstas. Siekiant laikytis duomen\u0173 apsaugos principo d\u0117l duomen\u0173 minimizavimo, pra\u0161ome \u012fvesti tik b\u016btin\u0105 informacij\u0105, kuri\u0105 reikia i\u0161reik\u0161ti tik d\u0117l tikslo, kuriam \u012frankis yra skirtas.&nbsp; Pra\u0161ome ne\u012fvesti daugiau informacijos nei b\u016btina arba nereikalingos informacijos apie jus ar kit\u0105 asmen\u012f, pavyzd\u017eiui, apie darbuotoj\u0105 ar klient\u0105. Apsvarstykite tai ypa\u010d tada, kai norite \u012fvesti specialios kategorijos\/ jautrius duomenis, kurie yra bet kokie duomenys, atskleid\u017eiantys rasin\u0119 ar etnin\u0119 kilm\u0119, politines pa\u017ei\u016bras, religinius ar filosofinius \u012fsitikinimus, profesini\u0173 s\u0105jung\u0173 naryst\u0119, genetinius duomenis, biometrinius duomenis, duomenis apie sveikat\u0105, lytin\u012f gyvenim\u0105 ar seksualin\u0119 orientacij\u0105.&#8221;<\/p>   <p id=\"block-6ef8b4dc-fbc7-4339-b081-42fdd5e72f92\">Atkreipkite d\u0117mes\u012f, kad auk\u0161\u010diau pamin\u0117ti asmens duomenys yra tvarkomi siekiant u\u017etikrinti, kad j\u016bs arba asmuo, kur\u012f atstovaujate, b\u016bt\u0173 tinkamai \u012fvertintas, kad b\u016bt\u0173 patenkintas j\u016bs\u0173 pra\u0161ymas ir suteikta tinkama pagalba, o jei pra\u0161oma, rekomenduojami produktai \/ paslaugos.<\/p>   <p id=\"block-d694b16d-bb1d-4f2a-ba31-dab1778385dc\">Atkreipkite d\u0117mes\u012f, kad \u0161is tikslas yra b\u016btinas norint \u012fvykdyti j\u016bs\u0173 pra\u0161ym\u0105 kaip sutarties vykdymo dal\u012f, kad gal\u0117tum\u0117te susisiekti su mumis ir m\u016bs\u0173 patikimais platintojais. \u0160iuo at\u017evilgiu, pateikus savo kontaktinius duomenis, su jumis susisieks m\u016bs\u0173 tre\u010dioji \u0161alis, veikianti m\u016bs\u0173 vardu, pra\u0117jus kelioms dienoms po to, kai pateiksite savo internetin\u0119 form\u0105. &nbsp;<\/p>   <p id=\"block-107ecf70-8699-4e51-9212-2b3c45c196d4\"><strong>3. KAIP MES DALINAM\u0116S J\u016aS\u0172 ASMENS DUOMENIMIS<\/strong><\/p>   <p id=\"block-bf3f85e8-d40b-4cdc-946e-cf7d14df10bd\">Naudodamiesi auk\u0161\u010diau min\u0117ta paslauga j\u016bs\u0173 asmens duomenys gali b\u016bti ribotai dalijami su m\u016bs\u0173 verslo partneriais, tokiais kaip HCP, veikian\u010diais kaip nepriklausomi arba bendri valdytojai, teikian\u010diais j\u016bs\u0173 pra\u0161om\u0105 paslaug\u0105, susisiekian\u010diais su jumis, kad atsakyt\u0173 \u012f j\u016bs\u0173 pra\u0161ym\u0105; ir \u0161iais tre\u010di\u0173j\u0173 \u0161ali\u0173 paslaug\u0173 teik\u0117jais, veikian\u010diais kaip duomen\u0173 tvarkytojai:<\/p>  <div class=\"wp-list-block\"> <ul class=\"wp-block-list\" id=\"block-47a21154-6aea-47d7-b9de-279ba3c17e2d\">\n<li>Trew Knowledge: svetain\u0117s k\u016br\u0117jas<\/li>   <li>WordPress VIP: turinio valdymo sistema\/tinklalapio platforma<\/li>   <li>Microsoft: valdyti ir pri\u017ei\u016br\u0117ti debes\u0173 infrastrukt\u016br\u0105 bei teikti technin\u0119 pagalb\u0105.<\/li>\n<\/ul> <\/div>  <p id=\"block-d9424a7a-f94b-4d8a-8b17-41bc7dbc520a\">J\u016bs\u0173 asmens duomenys taip pat gali b\u016bti atskleisti kitoms m\u016bs\u0173 \u012fmoni\u0173 grup\u0117s \u012fmon\u0117ms, tokioms kaip m\u016bs\u0173 dukterin\u0117s \u012fmon\u0117s, arba kitoms organizacijoms ir vie\u0161osioms institucijoms, \u012fskaitant teis\u0117saugos agent\u016bras, kaip to reikalauja \u012fstatymai.<\/p>   <p id=\"block-8145bbcd-69e8-40f0-9111-3a95298b2a8f\">Prie\u0161 atskleisdami bet kokius asmens duomenis tre\u010diosioms \u0161alims, i\u0161skyrus auk\u0161\u010diau i\u0161vardytas, mes ai\u0161kiai papra\u0161ysime j\u016bs\u0173 sutikimo. Ta\u010diau, jei esame teisi\u0161kai \u012fpareigoti atskleisti asmens duomenis be j\u016bs\u0173 sutikimo, atskleisime tik tuos asmens duomenis, kurie yra grie\u017etai b\u016btini \u0161iam tikslui, kad \u012fvykdytume savo teisines pareigas.<\/p>   <p id=\"block-e2ea32e7-a956-4300-9695-09d24ebba013\"><strong>4. TARPTAUTINIS ASMENS DUOMEN\u0172 PERDAVIMAS<\/strong><\/p>   <p id=\"block-72500bcf-8d04-47e8-b9d3-4df058b23228\">Atkreipkite d\u0117mes\u012f, kad kai kurios i\u0161 auk\u0161\u010diau pamin\u0117t\u0173 tre\u010di\u0173j\u0173 \u0161ali\u0173 gali b\u016bti \u012fsik\u016brusios u\u017e j\u016bs\u0173 \u0161alies rib\u0173. Tod\u0117l j\u016bs\u0173 asmens duomenys gali b\u016bti perduoti \u012f \u0161alis, kurios nesuteikia tokio paties asmens duomen\u0173 apsaugos lygio kaip j\u016bs\u0173 \u0161alis. Tokiais atvejais mes \u012fgyvendinsime tinkamas priemones, \u012fskaitant atitinkamas organizacines, technines ir teisines apsaugos priemones, siekdami valdyti atitinkam\u0105 perdavim\u0105 ir u\u017etikrinti, kad b\u016bt\u0173 nustatytas b\u016btinas apsaugos lygis pagal taikomus \u012fstatymus. &nbsp;<\/p>   <p id=\"block-533e1e30-9ef4-4e09-83f3-652b26c27011\"><strong>5. KAIP ILGAI SAUGOME J\u016aS\u0172 ASMENS DUOMENIS<\/strong><\/p>   <p id=\"block-348682c7-3643-476c-a078-b6f347994d0c\">Asmens duomenys i\u0161trinami pra\u0117jus 3 m\u0117nesiams nuo m\u016bs\u0173 komercinio kontakto pabaigos. Jei taikytini \u012fstatymai ar kiti reglamentai reikalauja ilgesnio saugojimo laikotarpio, mes taikysime ilgesn\u012f saugojimo laikotarp\u012f, kad \u012fvykdytume savo teisines pareigas<\/p>   <p id=\"block-355074d9-2315-49f6-8b4f-bb2027139a72\">Be to, j\u016bs\u0173 asmens duomenys, kuriuos tvarko platintojai (\u012fskaitant HCP), bus saugomi pagal taikomus \u012fstatymus. Nor\u0117dami gauti daugiau informacijos apie j\u0173 konkre\u010dius saugojimo laikotarpius, susisiekite su savo HCP.<\/p>   <p id=\"block-af4238c1-82d9-4b87-950a-7ea13455900f\"><strong>6. J\u016aS\u0172 TEISIN\u0116S TEIS\u0116S<\/strong><\/p>   <p id=\"block-f63d6cd0-5a52-499d-9d2d-84666073602c\">Pagal taikomus \u012fstatymus, j\u016bs galite tur\u0117ti teis\u0119 pra\u0161yti prieigos, duomen\u0173 taisymo, j\u016bs\u0173 asmenini\u0173 duomen\u0173 i\u0161trynimo arba tvarkymo apribojimo. Be to, j\u016bs galite prie\u0161tarauti duomen\u0173 tvarkymui, pra\u0161yti duomen\u0173 perkeliamumo ir bet kada at\u0161aukti savo sutikim\u0105. Pagal j\u016bs\u0173 \u0161al\u012f, jums gali b\u016bti suteiktos kitos teis\u0117s, pavyzd\u017eiui, nurodyti, kaip j\u016bs\u0173 asmens duomenys tur\u0117t\u0173 b\u016bti tvarkomi po mirties. Pagal HIPAA j\u016bs taip pat galite tur\u0117ti teis\u0119 pra\u0161yti savo asmenini\u0173 duomen\u0173 atskleidimo apskaitos ir teis\u0119 gauti popierin\u0119 \u0161io prane\u0161imo kopij\u0105 pateikus ra\u0161ti\u0161k\u0105 pra\u0161ym\u0105.<\/p>   <p id=\"block-040fd872-a10c-401e-9d23-e9925f35b59a\">Galite pasinaudoti savo teise nesutikti su tolesniu kontaktu, prane\u0161dami mums bet kuriuo metu pokalbio metu, naudodami m\u016bs\u0173 &#8220;atsisakymo nuorod\u0105&#8221;, esan\u010di\u0105 m\u016bs\u0173 el. lai\u0161ke, arba susisiekdami su mumis at&nbsp;<a href=\"mailto:privacy@sonova.com\">privacy@sonova.com<\/a>. Patvirtinus, j\u016bs\u0173 pateikti asmens duomenys bus i\u0161trinti i\u0161 kontakt\u0173 s\u0105ra\u0161\u0173, kuriuos naudoja Sonova filialai ir tre\u010diosios \u0161alys.<\/p>   <p id=\"block-e17f8407-1be6-4178-b813-3435b39b5d41\">Atkreipkite d\u0117mes\u012f, kad toki\u0173 teisi\u0173 \u012fgyvendinimas yra taikomas pagal galiojan\u010di\u0173 \u012fstatym\u0173 nustatytus apribojimus.<\/p>   <p id=\"block-94f85d78-fad6-479b-8e63-5dc84d7183e2\">Jei manote, kad j\u016bs\u0173 asmens duomen\u0173 tvarkymas pa\u017eeid\u017eia taikomus \u012fstatymus, galite taip pat pateikti skund\u0105 vietinei prie\u017ei\u016bros institucijai arba kompetentingam reguliuotojui.&nbsp;<\/p>   <p id=\"block-6e3d22c7-d924-4d86-a9d5-248990bfa7da\"><strong>7. KAIP SU MUMIS SUSISIEKTI<\/strong><\/p>   <p id=\"block-0199cf36-d52c-4ccd-bd03-5b4ad64ab128\">Jei turite klausim\u0173 apie \u0161\u012f Privatumo prane\u0161im\u0105 arba j\u016bs\u0173 Asmens duomen\u0173 tvarkym\u0105, pra\u0161ome susisiekti su m\u016bs\u0173 Duomen\u0173 privatumo komanda adresu\u00a0<a href=\"mailto:privacy@sonova.com\">privacy@sonova.com<\/a>\u00a0arba +41 58 928 01 01.<br><br>Paskutin\u012f kart\u0105 atnaujinta: 2022 m. baland\u017eio m\u0117n.<\/p> ","protected":false},"excerpt":{"rendered":"<p>Paskutin\u012f kart\u0105 atnaujinta: 2022 m. baland\u017eio m\u0117n. \u0160is privatumo prane\u0161imas apra\u0161o, kaip j\u016bs\u0173 asmens duomenys, \u012fskaitant jautrius duomenis, yra renkami&#8230;<\/p>\n","protected":false},"author":4,"featured_media":334,"parent":0,"menu_order":0,"comment_status":"closed","ping_status":"closed","template":"","meta":{"_acf_changed":false,"inline_featured_image":false,"footnotes":""},"class_list":["post-333","page","type-page","status-publish","has-post-thumbnail","hentry"],"acf":[],"yoast_head":"<!-- This site is optimized with the Yoast SEO plugin v26.9 - https:\/\/yoast.com\/product\/yoast-seo-wordpress\/ -->\n<title>Privatumo prane\u0161imas - Phonak - Lietuva<\/title>\n<meta name=\"robots\" content=\"index, follow, max-snippet:-1, max-image-preview:large, max-video-preview:-1\" \/>\n<link rel=\"canonical\" href=\"https:\/\/intl.phonak.com\/main-english\/privacy-notice\/\" \/>\n<meta property=\"og:locale\" content=\"lt_LT\" \/>\n<meta property=\"og:type\" content=\"article\" \/>\n<meta property=\"og:title\" content=\"Privatumo prane\u0161imas - Phonak - Lietuva\" \/>\n<meta property=\"og:description\" content=\"Paskutin\u012f kart\u0105 atnaujinta: 2022 m. baland\u017eio m\u0117n. \u0160is privatumo prane\u0161imas apra\u0161o, kaip j\u016bs\u0173 asmens duomenys, \u012fskaitant jautrius duomenis, yra renkami...\" \/>\n<meta property=\"og:url\" content=\"https:\/\/intl.phonak.com\/lt-lt\/privatumo-pranesimas\/\" \/>\n<meta property=\"og:site_name\" content=\"Phonak - Lietuva\" \/>\n<meta property=\"article:modified_time\" content=\"2025-10-21T19:11:09+00:00\" \/>\n<meta property=\"og:image\" content=\"https:\/\/intl.phonak.com\/lt-lt\/wp-content\/uploads\/sites\/72\/2025\/07\/PH_Packshot_Audeo-I-Sphere-xReceiver_050-1029-P7_32beea.png\" \/>\n\t<meta property=\"og:image:width\" content=\"600\" \/>\n\t<meta property=\"og:image:height\" content=\"600\" \/>\n\t<meta property=\"og:image:type\" content=\"image\/png\" \/>\n<meta name=\"twitter:card\" content=\"summary_large_image\" \/>\n<meta name=\"twitter:label1\" content=\"Est. reading time\" \/>\n\t<meta name=\"twitter:data1\" content=\"6 minutes\" \/>\n<script type=\"application\/ld+json\" class=\"yoast-schema-graph\">{\"@context\":\"https:\/\/schema.org\",\"@graph\":[{\"@type\":\"WebPage\",\"@id\":\"https:\/\/intl.phonak.com\/lt-lt\/privatumo-pranesimas\/\",\"url\":\"https:\/\/intl.phonak.com\/lt-lt\/privatumo-pranesimas\/\",\"name\":\"Privatumo prane\u0161imas - Phonak - Lietuva\",\"isPartOf\":{\"@id\":\"https:\/\/intl.phonak.com\/lt-lt\/#website\"},\"primaryImageOfPage\":{\"@id\":\"https:\/\/intl.phonak.com\/lt-lt\/privatumo-pranesimas\/#primaryimage\"},\"image\":{\"@id\":\"https:\/\/intl.phonak.com\/lt-lt\/privatumo-pranesimas\/#primaryimage\"},\"thumbnailUrl\":\"https:\/\/intl.phonak.com\/lt-lt\/wp-content\/uploads\/sites\/72\/2025\/07\/PH_Packshot_Audeo-I-Sphere-xReceiver_050-1029-P7_32beea.png\",\"datePublished\":\"2022-12-16T15:10:22+00:00\",\"dateModified\":\"2025-10-21T19:11:09+00:00\",\"breadcrumb\":{\"@id\":\"https:\/\/intl.phonak.com\/lt-lt\/privatumo-pranesimas\/#breadcrumb\"},\"inLanguage\":\"lt-LT\",\"potentialAction\":[{\"@type\":\"ReadAction\",\"target\":[\"https:\/\/intl.phonak.com\/lt-lt\/privatumo-pranesimas\/\"]}]},{\"@type\":\"ImageObject\",\"inLanguage\":\"lt-LT\",\"@id\":\"https:\/\/intl.phonak.com\/lt-lt\/privatumo-pranesimas\/#primaryimage\",\"url\":\"https:\/\/intl.phonak.com\/lt-lt\/wp-content\/uploads\/sites\/72\/2025\/07\/PH_Packshot_Audeo-I-Sphere-xReceiver_050-1029-P7_32beea.png\",\"contentUrl\":\"https:\/\/intl.phonak.com\/lt-lt\/wp-content\/uploads\/sites\/72\/2025\/07\/PH_Packshot_Audeo-I-Sphere-xReceiver_050-1029-P7_32beea.png\",\"width\":600,\"height\":600,\"caption\":\"Phonak Aud\u00e9o Sphere Infinio\"},{\"@type\":\"BreadcrumbList\",\"@id\":\"https:\/\/intl.phonak.com\/lt-lt\/privatumo-pranesimas\/#breadcrumb\",\"itemListElement\":[{\"@type\":\"ListItem\",\"position\":1,\"name\":\"Home\",\"item\":\"https:\/\/intl.phonak.com\/lt-lt\/\"},{\"@type\":\"ListItem\",\"position\":2,\"name\":\"Privatumo pranesimas\"}]},{\"@type\":\"WebSite\",\"@id\":\"https:\/\/intl.phonak.com\/lt-lt\/#website\",\"url\":\"https:\/\/intl.phonak.com\/lt-lt\/\",\"name\":\"Phonak - Lietuva\",\"description\":\"Pasiry\u017e\u0119 keisti gyvenimus\",\"publisher\":{\"@id\":\"https:\/\/intl.phonak.com\/lt-lt\/#organization\"},\"potentialAction\":[{\"@type\":\"SearchAction\",\"target\":{\"@type\":\"EntryPoint\",\"urlTemplate\":\"https:\/\/intl.phonak.com\/lt-lt\/?s={search_term_string}\"},\"query-input\":{\"@type\":\"PropertyValueSpecification\",\"valueRequired\":true,\"valueName\":\"search_term_string\"}}],\"inLanguage\":\"lt-LT\"},{\"@type\":\"Organization\",\"@id\":\"https:\/\/intl.phonak.com\/lt-lt\/#organization\",\"name\":\"Phonak - Lietuva\",\"url\":\"https:\/\/intl.phonak.com\/lt-lt\/\",\"logo\":{\"@type\":\"ImageObject\",\"inLanguage\":\"lt-LT\",\"@id\":\"https:\/\/intl.phonak.com\/lt-lt\/#\/schema\/logo\/image\/\",\"url\":\"https:\/\/intl.phonak.com\/lt-lt\/wp-content\/uploads\/sites\/72\/2025\/07\/logo-phonak.svg\",\"contentUrl\":\"https:\/\/intl.phonak.com\/lt-lt\/wp-content\/uploads\/sites\/72\/2025\/07\/logo-phonak.svg\",\"caption\":\"Phonak -  Lietuva\"},\"image\":{\"@id\":\"https:\/\/intl.phonak.com\/lt-lt\/#\/schema\/logo\/image\/\"}}]}<\/script>\n<!-- \/ Yoast SEO plugin. -->","yoast_head_json":{"title":"Privatumo prane\u0161imas - Phonak - Lietuva","robots":{"index":"index","follow":"follow","max-snippet":"max-snippet:-1","max-image-preview":"max-image-preview:large","max-video-preview":"max-video-preview:-1"},"canonical":"https:\/\/intl.phonak.com\/main-english\/privacy-notice\/","og_locale":"lt_LT","og_type":"article","og_title":"Privatumo prane\u0161imas - Phonak - Lietuva","og_description":"Paskutin\u012f kart\u0105 atnaujinta: 2022 m. baland\u017eio m\u0117n. \u0160is privatumo prane\u0161imas apra\u0161o, kaip j\u016bs\u0173 asmens duomenys, \u012fskaitant jautrius duomenis, yra renkami...","og_url":"https:\/\/intl.phonak.com\/lt-lt\/privatumo-pranesimas\/","og_site_name":"Phonak - Lietuva","article_modified_time":"2025-10-21T19:11:09+00:00","og_image":[{"width":600,"height":600,"url":"https:\/\/intl.phonak.com\/lt-lt\/wp-content\/uploads\/sites\/72\/2025\/07\/PH_Packshot_Audeo-I-Sphere-xReceiver_050-1029-P7_32beea.png","type":"image\/png"}],"twitter_card":"summary_large_image","twitter_misc":{"Est. reading time":"6 minutes"},"schema":{"@context":"https:\/\/schema.org","@graph":[{"@type":"WebPage","@id":"https:\/\/intl.phonak.com\/lt-lt\/privatumo-pranesimas\/","url":"https:\/\/intl.phonak.com\/lt-lt\/privatumo-pranesimas\/","name":"Privatumo prane\u0161imas - Phonak - Lietuva","isPartOf":{"@id":"https:\/\/intl.phonak.com\/lt-lt\/#website"},"primaryImageOfPage":{"@id":"https:\/\/intl.phonak.com\/lt-lt\/privatumo-pranesimas\/#primaryimage"},"image":{"@id":"https:\/\/intl.phonak.com\/lt-lt\/privatumo-pranesimas\/#primaryimage"},"thumbnailUrl":"https:\/\/intl.phonak.com\/lt-lt\/wp-content\/uploads\/sites\/72\/2025\/07\/PH_Packshot_Audeo-I-Sphere-xReceiver_050-1029-P7_32beea.png","datePublished":"2022-12-16T15:10:22+00:00","dateModified":"2025-10-21T19:11:09+00:00","breadcrumb":{"@id":"https:\/\/intl.phonak.com\/lt-lt\/privatumo-pranesimas\/#breadcrumb"},"inLanguage":"lt-LT","potentialAction":[{"@type":"ReadAction","target":["https:\/\/intl.phonak.com\/lt-lt\/privatumo-pranesimas\/"]}]},{"@type":"ImageObject","inLanguage":"lt-LT","@id":"https:\/\/intl.phonak.com\/lt-lt\/privatumo-pranesimas\/#primaryimage","url":"https:\/\/intl.phonak.com\/lt-lt\/wp-content\/uploads\/sites\/72\/2025\/07\/PH_Packshot_Audeo-I-Sphere-xReceiver_050-1029-P7_32beea.png","contentUrl":"https:\/\/intl.phonak.com\/lt-lt\/wp-content\/uploads\/sites\/72\/2025\/07\/PH_Packshot_Audeo-I-Sphere-xReceiver_050-1029-P7_32beea.png","width":600,"height":600,"caption":"Phonak Aud\u00e9o Sphere Infinio"},{"@type":"BreadcrumbList","@id":"https:\/\/intl.phonak.com\/lt-lt\/privatumo-pranesimas\/#breadcrumb","itemListElement":[{"@type":"ListItem","position":1,"name":"Home","item":"https:\/\/intl.phonak.com\/lt-lt\/"},{"@type":"ListItem","position":2,"name":"Privatumo pranesimas"}]},{"@type":"WebSite","@id":"https:\/\/intl.phonak.com\/lt-lt\/#website","url":"https:\/\/intl.phonak.com\/lt-lt\/","name":"Phonak - Lietuva","description":"Pasiry\u017e\u0119 keisti gyvenimus","publisher":{"@id":"https:\/\/intl.phonak.com\/lt-lt\/#organization"},"potentialAction":[{"@type":"SearchAction","target":{"@type":"EntryPoint","urlTemplate":"https:\/\/intl.phonak.com\/lt-lt\/?s={search_term_string}"},"query-input":{"@type":"PropertyValueSpecification","valueRequired":true,"valueName":"search_term_string"}}],"inLanguage":"lt-LT"},{"@type":"Organization","@id":"https:\/\/intl.phonak.com\/lt-lt\/#organization","name":"Phonak - Lietuva","url":"https:\/\/intl.phonak.com\/lt-lt\/","logo":{"@type":"ImageObject","inLanguage":"lt-LT","@id":"https:\/\/intl.phonak.com\/lt-lt\/#\/schema\/logo\/image\/","url":"https:\/\/intl.phonak.com\/lt-lt\/wp-content\/uploads\/sites\/72\/2025\/07\/logo-phonak.svg","contentUrl":"https:\/\/intl.phonak.com\/lt-lt\/wp-content\/uploads\/sites\/72\/2025\/07\/logo-phonak.svg","caption":"Phonak -  Lietuva"},"image":{"@id":"https:\/\/intl.phonak.com\/lt-lt\/#\/schema\/logo\/image\/"}}]}},"jetpack_sharing_enabled":true,"distributor_meta":false,"distributor_terms":false,"distributor_media":false,"distributor_original_site_name":"Phonak -  Lietuva","distributor_original_site_url":"https:\/\/intl.phonak.com\/lt-lt","push-errors":false,"_links":{"self":[{"href":"https:\/\/intl.phonak.com\/lt-lt\/wp-json\/wp\/v2\/pages\/333","targetHints":{"allow":["GET"]}}],"collection":[{"href":"https:\/\/intl.phonak.com\/lt-lt\/wp-json\/wp\/v2\/pages"}],"about":[{"href":"https:\/\/intl.phonak.com\/lt-lt\/wp-json\/wp\/v2\/types\/page"}],"author":[{"embeddable":true,"href":"https:\/\/intl.phonak.com\/lt-lt\/wp-json\/wp\/v2\/users\/4"}],"replies":[{"embeddable":true,"href":"https:\/\/intl.phonak.com\/lt-lt\/wp-json\/wp\/v2\/comments?post=333"}],"version-history":[{"count":3,"href":"https:\/\/intl.phonak.com\/lt-lt\/wp-json\/wp\/v2\/pages\/333\/revisions"}],"predecessor-version":[{"id":919,"href":"https:\/\/intl.phonak.com\/lt-lt\/wp-json\/wp\/v2\/pages\/333\/revisions\/919"}],"wp:featuredmedia":[{"embeddable":true,"href":"https:\/\/intl.phonak.com\/lt-lt\/wp-json\/wp\/v2\/media\/334"}],"wp:attachment":[{"href":"https:\/\/intl.phonak.com\/lt-lt\/wp-json\/wp\/v2\/media?parent=333"}],"curies":[{"name":"wp","href":"https:\/\/api.w.org\/{rel}","templated":true}]}}