{"id":330,"date":"2022-12-16T15:11:36","date_gmt":"2022-12-16T15:11:36","guid":{"rendered":"https:\/\/intl.phonak.com\/lt-lt\/cookie-privacy-notice\/"},"modified":"2025-09-18T17:27:41","modified_gmt":"2025-09-18T17:27:41","slug":"slapuku-privatumo-pranesimas","status":"publish","type":"page","link":"https:\/\/intl.phonak.com\/lt-lt\/slapuku-privatumo-pranesimas\/","title":{"rendered":"Slapuk\u0173 privatumo prane\u0161imas"},"content":{"rendered":"\n<div class=\"wp-block-group is-style-align-small is-layout-flow wp-block-group-is-layout-flow\">\n<p>Galioja nuo: 2025 m. sausio<\/p>   <p><strong>A. KAS YRA SLAPUKAI IR KITI SEKIMO \u012eRANKIAI?<\/strong><\/p>   <p>Slapukai yra ma\u017ei failai, kuriuos saugo dauguma interneto nar\u0161ykli\u0173, kad steb\u0117t\u0173 lankytoj\u0173 informacij\u0105 ir leist\u0173 Sonova padaryti savo internetin\u012f pasi\u016blym\u0105 jums aktualesn\u012f. Apsilankymo m\u016bs\u0173 svetain\u0117je metu Sonova naudoja keturi\u0173 r\u016b\u0161i\u0173 slapukus. J\u0173 saugojimo laikotarpis priklauso nuo kiekvienos \u0161alies ir atitinkamo taikomo \u012fstatymo.<\/p>   <p><strong>A.2 KOKIUS SLAPUKUS NAUDOJAME IR KOD\u0116L?<\/strong><\/p>  <div class=\"wp-list-block\"> <ul class=\"wp-block-list\">\n<li> Grie\u017etai b\u016btini slapukai: \u0161ie slapukai yra b\u016btini, kad gal\u0117tume suteikti jums pagrindines m\u016bs\u0173 svetain\u0117s funkcijas ir negali b\u016bti i\u0161jungti m\u016bs\u0173 sistemose.<\/li>   <li>Veiklos ir analitiniai slapukai: \u0161ie slapukai leid\u017eia mums skai\u010diuoti apsilankymus ir srauto \u0161altinius, kad gal\u0117tume \u012fvertinti ir pagerinti m\u016bs\u0173 svetain\u0117s veikim\u0105.<\/li>   <li>Funkciniai slapukai: \u0161ie slapukai naudojami siekiant suteikti patobulint\u0105 funkcionalum\u0105 ir personalizavim\u0105 j\u016bs\u0173 apsilankymo metu.<\/li>   <li>Tiksliniai arba reklaminiai slapukai: \u0161iuos slapukus m\u016bs\u0173 svetain\u0117je gali nustatyti m\u016bs\u0173 reklamos partneriai, kad sukurt\u0173 j\u016bs\u0173 interes\u0173 profil\u012f ir pasi\u016blyt\u0173 jums aktualius skelbimus.<\/li>\n<\/ul> <\/div>  <p>Kai kuriuos slapukus, kuriuos naudoja m\u016bs\u0173 svetain\u0117s, nustatome mes, o kai kuriuos tre\u010diosios \u0161alys Sonova vardu. Pra\u0161ome rasti \u017eemiau vis\u0173 slapuk\u0173 ir kit\u0173 sekimo priemoni\u0173, kurias naudoja \u0161i svetain\u0117, s\u0105ra\u0161\u0105:<\/p>   \n<figure class=\"wp-block-table has-legal-font-size\"><table><tbody><tr><td><strong>\u0160eimininkas<\/strong><\/td><td class=\"has-text-align-left\" data-align=\"left\"><strong>Slapukai ar kitos sekimo priemon\u0117s<\/strong><\/td><td><strong>Kategorija<\/strong><\/td><td><strong>Gyvenimo trukm\u0117<\/strong><\/td><td><strong>Tretieji arba nuosavi slapukai<\/strong><\/td><\/tr><tr><td>intl.phonak.com<\/td><td class=\"has-text-align-left\" data-align=\"left\">wordpressuser_XXXXXXXXXXXXXXXXXXXXXXXXXXXXX, OptanonConsent, wordpress_test_cookie, wordpress_XXXXXXXXXXXXXXXXXXXXXXXXXXXX, wordpress_logged_in_XXXXXXXXXXXXXXXXXXXXXXXXXXX, jetpack_sso_original_request, wp-postpass_XXXXXXXXXXXXXXXXXXXXXXXXXXXX, wp-settings-, wordpress_sec_, jetpack_sso_redirect_to, wordpresspass_XXXXXXXXXXXXXXXXXXXXXXXXXXXX, OptanonAlertBoxClosed, wp-settings-time-X<\/td><td><\/td><td><\/td><td><\/td><\/tr><tr><td>phonak.com<\/td><td class=\"has-text-align-left\" data-align=\"left\">_ga_xxxxxxxxxx, _ga<\/td><td>Veikimo slapukai<\/td><td>1 metai<\/td><td>Pirmoji \u0161alis<\/td><\/tr><\/tbody><\/table><\/figure>   <p><br><strong>A.3 KAIP TVARKYTI SLAPUKUS?<\/strong><\/p>   <p>Kiekvienas slapuk\u0173 tipas atspindi konkret\u0173 tiksl\u0105, m\u016bs\u0173 svetain\u0117je galite lengvai sutikti su kiekvienu tikslu. Priimdami visus slapukus, tur\u0117site visi\u0161kai suasmenint\u0105 interneto patirt\u012f. Mes leid\u017eiame jums pasirinkti, kokius slapuk\u0173 tipus priimate ar blokuojate, ta\u010diau tai gali paveikti j\u016bs\u0173 patirt\u012f svetain\u0117je ir m\u016bs\u0173 si\u016blomas paslaugas. Nepaisant to, galite naudotis paslauga net atsisak\u0119 sutikti su kai kuriais slapukais, i\u0161skyrus grie\u017etai b\u016btinus slapukus.<br><br>Nor\u0117dami at\u0161aukti arba pakeisti savo sutikim\u0105, spustel\u0117kite \u010dia.<\/p>   <p>Jei nesidomite m\u016bs\u0173 slapuk\u0173 privalumais, j\u016bs\u0173 nar\u0161ykl\u0117s funkcija &#8220;Pagalba&#8221; gali pateikti instrukcijas, kaip u\u017ekirsti keli\u0105 slapukams arba i\u0161trinti esamus slapukus. Taip pat galite su\u017einoti, kaip blokuoti visus naujus slapukus savo nar\u0161ykl\u0117je ir koki\u0173 konfig\u016bracijos veiksm\u0173 reikia, kad gautum\u0117te prane\u0161im\u0105 apie naujus slapukus.<br><br>Bet kokiu atveju j\u016bs\u0173 pasirinkimas (sutikimas\/atsisakymas) bus saugomas 6 m\u0117nesius. <br><br>Labai naudinga informacija apie slapukus apskritai galima rasti \u0161iose svetain\u0117se: <a href=\"http:\/\/www.allaboutcookies.org\/\" target=\"_blank\" rel=\"noreferrer noopener\">http:\/\/www.allaboutcookies.org\/<\/a> arba <a href=\"https:\/\/cookiepedia.co.uk\" target=\"_blank\" rel=\"noreferrer noopener\">https:\/\/cookiepedia.co.uk<\/a><\/p>   <p><strong>A.4 KAIP SU MUMIS SUSISIEKTI?<\/strong><\/p>   <p>Jei turite klausim\u0173, komentar\u0173 ar r\u016bpes\u010di\u0173 d\u0117l \u0161ios politikos arba nor\u0117dami pasinaudoti savo privatumo teis\u0117mis, kurias leid\u017eia taikomi \u012fstatymai, susij\u0119 su asmens duomenimis, pra\u0161ome susisiekti su m\u016bs\u0173 duomen\u0173 apsaugos pareig\u016bnu \u0161iuo el. pa\u0161to adresu: <a href=\"mailto:privacy@sonova.com\">privacy@sonova.com<\/a>.<br>D\u0117l papildomos informacijos pra\u0161ome kreiptis \u012f m\u016bs\u0173 <a href=\"https:\/\/intl.phonak.com\/lt-lt\/web-privacy-cookie-policy\/\">interneto ir slapuk\u0173 politika<\/a>.<\/p>   <p>Galioja nuo: 2025 m. sausio<\/p>\n<\/div> ","protected":false},"excerpt":{"rendered":"<p>Galioja nuo: 2025 m. sausio A. KAS YRA SLAPUKAI IR KITI SEKIMO \u012eRANKIAI? Slapukai yra ma\u017ei failai, kuriuos saugo dauguma&#8230;<\/p>\n","protected":false},"author":4,"featured_media":331,"parent":0,"menu_order":0,"comment_status":"closed","ping_status":"closed","template":"","meta":{"_acf_changed":false,"inline_featured_image":false,"footnotes":""},"class_list":["post-330","page","type-page","status-publish","has-post-thumbnail","hentry"],"acf":[],"yoast_head":"<!-- This site is optimized with the Yoast SEO plugin v26.9 - https:\/\/yoast.com\/product\/yoast-seo-wordpress\/ -->\n<title>Slapuk\u0173 privatumo prane\u0161imas - Phonak - Lietuva<\/title>\n<meta name=\"robots\" content=\"index, follow, max-snippet:-1, max-image-preview:large, max-video-preview:-1\" \/>\n<link rel=\"canonical\" href=\"https:\/\/intl.phonak.com\/main-english\/cookie-privacy-notice\/\" \/>\n<meta property=\"og:locale\" content=\"lt_LT\" \/>\n<meta property=\"og:type\" content=\"article\" \/>\n<meta property=\"og:title\" content=\"Slapuk\u0173 privatumo prane\u0161imas - Phonak - Lietuva\" \/>\n<meta property=\"og:description\" content=\"Galioja nuo: 2025 m. sausio A. KAS YRA SLAPUKAI IR KITI SEKIMO \u012eRANKIAI? Slapukai yra ma\u017ei failai, kuriuos saugo dauguma...\" \/>\n<meta property=\"og:url\" content=\"https:\/\/intl.phonak.com\/lt-lt\/slapuku-privatumo-pranesimas\/\" \/>\n<meta property=\"og:site_name\" content=\"Phonak - Lietuva\" \/>\n<meta property=\"article:modified_time\" content=\"2025-09-18T17:27:41+00:00\" \/>\n<meta property=\"og:image\" content=\"https:\/\/intl.phonak.com\/lt-lt\/wp-content\/uploads\/sites\/72\/2025\/07\/PH_Packshot_Audeo-I-Sphere-xReceiver_050-1029-P7_95c673.png\" \/>\n\t<meta property=\"og:image:width\" content=\"600\" \/>\n\t<meta property=\"og:image:height\" content=\"600\" \/>\n\t<meta property=\"og:image:type\" content=\"image\/png\" \/>\n<meta name=\"twitter:card\" content=\"summary_large_image\" \/>\n<meta name=\"twitter:label1\" content=\"Est. reading time\" \/>\n\t<meta name=\"twitter:data1\" content=\"3 minutes\" \/>\n<script type=\"application\/ld+json\" class=\"yoast-schema-graph\">{\"@context\":\"https:\/\/schema.org\",\"@graph\":[{\"@type\":\"WebPage\",\"@id\":\"https:\/\/intl.phonak.com\/lt-lt\/slapuku-privatumo-pranesimas\/\",\"url\":\"https:\/\/intl.phonak.com\/lt-lt\/slapuku-privatumo-pranesimas\/\",\"name\":\"Slapuk\u0173 privatumo prane\u0161imas - Phonak - Lietuva\",\"isPartOf\":{\"@id\":\"https:\/\/intl.phonak.com\/lt-lt\/#website\"},\"primaryImageOfPage\":{\"@id\":\"https:\/\/intl.phonak.com\/lt-lt\/slapuku-privatumo-pranesimas\/#primaryimage\"},\"image\":{\"@id\":\"https:\/\/intl.phonak.com\/lt-lt\/slapuku-privatumo-pranesimas\/#primaryimage\"},\"thumbnailUrl\":\"https:\/\/intl.phonak.com\/lt-lt\/wp-content\/uploads\/sites\/72\/2025\/07\/PH_Packshot_Audeo-I-Sphere-xReceiver_050-1029-P7_95c673.png\",\"datePublished\":\"2022-12-16T15:11:36+00:00\",\"dateModified\":\"2025-09-18T17:27:41+00:00\",\"breadcrumb\":{\"@id\":\"https:\/\/intl.phonak.com\/lt-lt\/slapuku-privatumo-pranesimas\/#breadcrumb\"},\"inLanguage\":\"lt-LT\",\"potentialAction\":[{\"@type\":\"ReadAction\",\"target\":[\"https:\/\/intl.phonak.com\/lt-lt\/slapuku-privatumo-pranesimas\/\"]}]},{\"@type\":\"ImageObject\",\"inLanguage\":\"lt-LT\",\"@id\":\"https:\/\/intl.phonak.com\/lt-lt\/slapuku-privatumo-pranesimas\/#primaryimage\",\"url\":\"https:\/\/intl.phonak.com\/lt-lt\/wp-content\/uploads\/sites\/72\/2025\/07\/PH_Packshot_Audeo-I-Sphere-xReceiver_050-1029-P7_95c673.png\",\"contentUrl\":\"https:\/\/intl.phonak.com\/lt-lt\/wp-content\/uploads\/sites\/72\/2025\/07\/PH_Packshot_Audeo-I-Sphere-xReceiver_050-1029-P7_95c673.png\",\"width\":600,\"height\":600,\"caption\":\"Phonak Aud\u00e9o Sphere Infinio\"},{\"@type\":\"BreadcrumbList\",\"@id\":\"https:\/\/intl.phonak.com\/lt-lt\/slapuku-privatumo-pranesimas\/#breadcrumb\",\"itemListElement\":[{\"@type\":\"ListItem\",\"position\":1,\"name\":\"Home\",\"item\":\"https:\/\/intl.phonak.com\/lt-lt\/\"},{\"@type\":\"ListItem\",\"position\":2,\"name\":\"Slapuku privatumo pranesimas\"}]},{\"@type\":\"WebSite\",\"@id\":\"https:\/\/intl.phonak.com\/lt-lt\/#website\",\"url\":\"https:\/\/intl.phonak.com\/lt-lt\/\",\"name\":\"Phonak - Lietuva\",\"description\":\"Pasiry\u017e\u0119 keisti gyvenimus\",\"publisher\":{\"@id\":\"https:\/\/intl.phonak.com\/lt-lt\/#organization\"},\"potentialAction\":[{\"@type\":\"SearchAction\",\"target\":{\"@type\":\"EntryPoint\",\"urlTemplate\":\"https:\/\/intl.phonak.com\/lt-lt\/?s={search_term_string}\"},\"query-input\":{\"@type\":\"PropertyValueSpecification\",\"valueRequired\":true,\"valueName\":\"search_term_string\"}}],\"inLanguage\":\"lt-LT\"},{\"@type\":\"Organization\",\"@id\":\"https:\/\/intl.phonak.com\/lt-lt\/#organization\",\"name\":\"Phonak - Lietuva\",\"url\":\"https:\/\/intl.phonak.com\/lt-lt\/\",\"logo\":{\"@type\":\"ImageObject\",\"inLanguage\":\"lt-LT\",\"@id\":\"https:\/\/intl.phonak.com\/lt-lt\/#\/schema\/logo\/image\/\",\"url\":\"https:\/\/intl.phonak.com\/lt-lt\/wp-content\/uploads\/sites\/72\/2025\/07\/logo-phonak.svg\",\"contentUrl\":\"https:\/\/intl.phonak.com\/lt-lt\/wp-content\/uploads\/sites\/72\/2025\/07\/logo-phonak.svg\",\"caption\":\"Phonak -  Lietuva\"},\"image\":{\"@id\":\"https:\/\/intl.phonak.com\/lt-lt\/#\/schema\/logo\/image\/\"}}]}<\/script>\n<!-- \/ Yoast SEO plugin. -->","yoast_head_json":{"title":"Slapuk\u0173 privatumo prane\u0161imas - Phonak - Lietuva","robots":{"index":"index","follow":"follow","max-snippet":"max-snippet:-1","max-image-preview":"max-image-preview:large","max-video-preview":"max-video-preview:-1"},"canonical":"https:\/\/intl.phonak.com\/main-english\/cookie-privacy-notice\/","og_locale":"lt_LT","og_type":"article","og_title":"Slapuk\u0173 privatumo prane\u0161imas - Phonak - Lietuva","og_description":"Galioja nuo: 2025 m. sausio A. KAS YRA SLAPUKAI IR KITI SEKIMO \u012eRANKIAI? Slapukai yra ma\u017ei failai, kuriuos saugo dauguma...","og_url":"https:\/\/intl.phonak.com\/lt-lt\/slapuku-privatumo-pranesimas\/","og_site_name":"Phonak - Lietuva","article_modified_time":"2025-09-18T17:27:41+00:00","og_image":[{"width":600,"height":600,"url":"https:\/\/intl.phonak.com\/lt-lt\/wp-content\/uploads\/sites\/72\/2025\/07\/PH_Packshot_Audeo-I-Sphere-xReceiver_050-1029-P7_95c673.png","type":"image\/png"}],"twitter_card":"summary_large_image","twitter_misc":{"Est. reading time":"3 minutes"},"schema":{"@context":"https:\/\/schema.org","@graph":[{"@type":"WebPage","@id":"https:\/\/intl.phonak.com\/lt-lt\/slapuku-privatumo-pranesimas\/","url":"https:\/\/intl.phonak.com\/lt-lt\/slapuku-privatumo-pranesimas\/","name":"Slapuk\u0173 privatumo prane\u0161imas - Phonak - Lietuva","isPartOf":{"@id":"https:\/\/intl.phonak.com\/lt-lt\/#website"},"primaryImageOfPage":{"@id":"https:\/\/intl.phonak.com\/lt-lt\/slapuku-privatumo-pranesimas\/#primaryimage"},"image":{"@id":"https:\/\/intl.phonak.com\/lt-lt\/slapuku-privatumo-pranesimas\/#primaryimage"},"thumbnailUrl":"https:\/\/intl.phonak.com\/lt-lt\/wp-content\/uploads\/sites\/72\/2025\/07\/PH_Packshot_Audeo-I-Sphere-xReceiver_050-1029-P7_95c673.png","datePublished":"2022-12-16T15:11:36+00:00","dateModified":"2025-09-18T17:27:41+00:00","breadcrumb":{"@id":"https:\/\/intl.phonak.com\/lt-lt\/slapuku-privatumo-pranesimas\/#breadcrumb"},"inLanguage":"lt-LT","potentialAction":[{"@type":"ReadAction","target":["https:\/\/intl.phonak.com\/lt-lt\/slapuku-privatumo-pranesimas\/"]}]},{"@type":"ImageObject","inLanguage":"lt-LT","@id":"https:\/\/intl.phonak.com\/lt-lt\/slapuku-privatumo-pranesimas\/#primaryimage","url":"https:\/\/intl.phonak.com\/lt-lt\/wp-content\/uploads\/sites\/72\/2025\/07\/PH_Packshot_Audeo-I-Sphere-xReceiver_050-1029-P7_95c673.png","contentUrl":"https:\/\/intl.phonak.com\/lt-lt\/wp-content\/uploads\/sites\/72\/2025\/07\/PH_Packshot_Audeo-I-Sphere-xReceiver_050-1029-P7_95c673.png","width":600,"height":600,"caption":"Phonak Aud\u00e9o Sphere Infinio"},{"@type":"BreadcrumbList","@id":"https:\/\/intl.phonak.com\/lt-lt\/slapuku-privatumo-pranesimas\/#breadcrumb","itemListElement":[{"@type":"ListItem","position":1,"name":"Home","item":"https:\/\/intl.phonak.com\/lt-lt\/"},{"@type":"ListItem","position":2,"name":"Slapuku privatumo pranesimas"}]},{"@type":"WebSite","@id":"https:\/\/intl.phonak.com\/lt-lt\/#website","url":"https:\/\/intl.phonak.com\/lt-lt\/","name":"Phonak - Lietuva","description":"Pasiry\u017e\u0119 keisti gyvenimus","publisher":{"@id":"https:\/\/intl.phonak.com\/lt-lt\/#organization"},"potentialAction":[{"@type":"SearchAction","target":{"@type":"EntryPoint","urlTemplate":"https:\/\/intl.phonak.com\/lt-lt\/?s={search_term_string}"},"query-input":{"@type":"PropertyValueSpecification","valueRequired":true,"valueName":"search_term_string"}}],"inLanguage":"lt-LT"},{"@type":"Organization","@id":"https:\/\/intl.phonak.com\/lt-lt\/#organization","name":"Phonak - Lietuva","url":"https:\/\/intl.phonak.com\/lt-lt\/","logo":{"@type":"ImageObject","inLanguage":"lt-LT","@id":"https:\/\/intl.phonak.com\/lt-lt\/#\/schema\/logo\/image\/","url":"https:\/\/intl.phonak.com\/lt-lt\/wp-content\/uploads\/sites\/72\/2025\/07\/logo-phonak.svg","contentUrl":"https:\/\/intl.phonak.com\/lt-lt\/wp-content\/uploads\/sites\/72\/2025\/07\/logo-phonak.svg","caption":"Phonak -  Lietuva"},"image":{"@id":"https:\/\/intl.phonak.com\/lt-lt\/#\/schema\/logo\/image\/"}}]}},"jetpack_sharing_enabled":true,"distributor_meta":false,"distributor_terms":false,"distributor_media":false,"distributor_original_site_name":"Phonak -  Lietuva","distributor_original_site_url":"https:\/\/intl.phonak.com\/lt-lt","push-errors":false,"_links":{"self":[{"href":"https:\/\/intl.phonak.com\/lt-lt\/wp-json\/wp\/v2\/pages\/330","targetHints":{"allow":["GET"]}}],"collection":[{"href":"https:\/\/intl.phonak.com\/lt-lt\/wp-json\/wp\/v2\/pages"}],"about":[{"href":"https:\/\/intl.phonak.com\/lt-lt\/wp-json\/wp\/v2\/types\/page"}],"author":[{"embeddable":true,"href":"https:\/\/intl.phonak.com\/lt-lt\/wp-json\/wp\/v2\/users\/4"}],"replies":[{"embeddable":true,"href":"https:\/\/intl.phonak.com\/lt-lt\/wp-json\/wp\/v2\/comments?post=330"}],"version-history":[{"count":3,"href":"https:\/\/intl.phonak.com\/lt-lt\/wp-json\/wp\/v2\/pages\/330\/revisions"}],"predecessor-version":[{"id":907,"href":"https:\/\/intl.phonak.com\/lt-lt\/wp-json\/wp\/v2\/pages\/330\/revisions\/907"}],"wp:featuredmedia":[{"embeddable":true,"href":"https:\/\/intl.phonak.com\/lt-lt\/wp-json\/wp\/v2\/media\/331"}],"wp:attachment":[{"href":"https:\/\/intl.phonak.com\/lt-lt\/wp-json\/wp\/v2\/media?parent=330"}],"curies":[{"name":"wp","href":"https:\/\/api.w.org\/{rel}","templated":true}]}}