{"id":316,"date":"2021-11-18T15:12:00","date_gmt":"2021-11-18T15:12:00","guid":{"rendered":"https:\/\/intl.phonak.com\/lt-lt\/hearing-loss\/"},"modified":"2025-09-17T15:33:13","modified_gmt":"2025-09-17T15:33:13","slug":"klausos-praradimas","status":"publish","type":"page","link":"https:\/\/intl.phonak.com\/lt-lt\/klausos-praradimas\/","title":{"rendered":"Klausos praradimas"},"content":{"rendered":"\n<div class=\"wp-block-cover alignfull\"><img decoding=\"async\" class=\"wp-block-cover__image-background wp-image-4769\" alt=\"\" src=\"https:\/\/intl.phonak.com\/lt-lt\/wp-content\/uploads\/sites\/3\/2022\/02\/Banner-hearing-loss.jpg\" style=\"object-position:56% 51%\" data-object-fit=\"cover\" data-object-position=\"56% 51%\"\/><span aria-hidden=\"true\" class=\"wp-block-cover__background has-light-grey-background-color has-background-dim-60 has-background-dim\"><\/span><div class=\"wp-block-cover__inner-container is-layout-flow wp-block-cover-is-layout-flow\">\n<h1 class=\"wp-block-heading has-text-align-center has-grey-500-color has-text-color\" id=\"signs-of-hearing-loss-1\">Klausos praradimo po\u017eymiai<\/h1>\n\n\n\n<p class=\"has-text-align-center has-grey-500-color has-text-color has-lead-font-size\">Kaip nustatyti klausos praradim\u0105<\/p>\n<\/div><\/div>\n\n\n\n<h2 class=\"wp-block-heading has-text-align-center\" id=\"what-are-the-signs-and-symptoms-of-hearing-loss\">Kokie yra klausos praradimo po\u017eymiai ir simptomai?<\/h2>\n\n\n\n<p class=\"has-text-align-center\">M\u016bs\u0173 ausys visada \u012fjungtos, kaip ir mus supantys garsai. Mobilieji telefonai skamba, \u017emon\u0117s kalbasi, \u0161unys loja, eismo triuk\u0161mas, pauk\u0161\u010di\u0173 \u010diulb\u0117jimas &#8211; tiek daug vyksta. M\u016bs\u0173 smegenys leid\u017eia atpa\u017einti ir interpretuoti skirtingus garsus bei sutelkti d\u0117mes\u012f \u012f tai, k\u0105 norime i\u0161girsti. Jos gali akimirksniu atpa\u017einti mylimo \u017emogaus bals\u0105 arba leid\u017eia tyliai skaityti knyg\u0105 neatpa\u017e\u012fstant fonini\u0173 gars\u0173.<\/p>\n\n\n\n<p class=\"has-text-align-center\">Ta\u010diau kartais taip neveikia. Kartais m\u016bs\u0173 smegenys negali atpa\u017einti garso, nes m\u016bs\u0173 ausys jo negirdi!<\/p>\n\n\n\n<p class=\"has-text-align-center\">Ar \u017einote apie garsus, kuri\u0173 negirdite?<\/p>\n\n\n\n<div style=\"height:60px\" aria-hidden=\"true\" class=\"wp-block-spacer\"><\/div>\n\n\n\n<h3 class=\"wp-block-heading has-text-align-center has-blue-color has-text-color\" id=\"signs-of-hearing-loss\">Klausos praradimo po\u017eymiai<\/h3>\n\n\n\n<p class=\"has-text-align-center\">Klausos praradimas nerei\u0161kia, kad kam nors sunku gird\u0117ti tylius garsus. Atvirk\u0161\u010diai, da\u017eniau, ypa\u010d esant su am\u017eiumi susijusiam klausos praradimui, pirmiausia nuken\u010dia geb\u0117jimas gird\u0117ti auk\u0161to tono garsus. Pavyzd\u017eiui, pirmieji garsai, kuri\u0173 ka\u017ekas gali negird\u0117ti taip gerai, yra pauk\u0161\u010di\u0173 \u010diulb\u0117jimas ir moter\u0173 ar vaik\u0173 balsai. Klausos praradimas taip pat suma\u017eina geb\u0117jim\u0105 gird\u0117ti tam tikrus priebalsius kalboje, tod\u0117l klausos negali\u0105 turin\u010diam asmeniui gali b\u016bti sunku sekti pokalbius. Priklausomai nuo klausos praradimo prie\u017easties ir tipo, taip pat gali b\u016bti sunku gird\u0117ti vidutinius ar net \u017eemus da\u017enius arba tolygiai visais da\u017eniais. Kitas klausos praradimo po\u017eymis gali b\u016bti spengimas ausyse<\/p>\n\n\n\n<div style=\"height:64px\" aria-hidden=\"true\" class=\"wp-block-spacer\"><\/div>\n\n\n\n<h3 class=\"wp-block-heading has-text-align-center has-blue-color has-text-color\" id=\"take-the-first-step-1\">Tai \u017eenklas<\/h3>\n\n\n\n<p class=\"has-text-align-left\"><strong>\u0160ie klausimai pad\u0117s suprasti, ar pasirei\u0161kia klausos praradimo simptomai:<\/strong><\/p>\n\n\n\n<div class=\"wp-block-columns is-layout-flex wp-container-core-columns-is-layout-9d6595d7 wp-block-columns-is-layout-flex\">\n<div class=\"wp-block-column is-layout-flow wp-block-column-is-layout-flow\" style=\"flex-basis:66.66%\"><div class=\"wp-list-block\">\n<ul class=\"wp-block-list\">\n<li>Ar atrodo, kad \u017emon\u0117s murma?<\/li>\n\n\n\n<li>Ar turite padidinti televizoriaus ar radijo garsum\u0105?<\/li>\n\n\n\n<li>Ar jums lengviau suprasti vyro bals\u0105, palyginti su moters ar vaiko balsu?<\/li>\n\n\n\n<li>Ar jums sunku i\u0161girsti dur\u0173 skambut\u012f ar telefono skambut\u012f?<\/li>\n\n\n\n<li>Kai esate grup\u0117je ar perpildytame restorane, ar jums sunku sekti pokalb\u012f?<\/li>\n\n\n\n<li>Ar esate link\u0119s riboti savo socialin\u0119 veikl\u0105, nes sunku i\u0161girsti ir bendrauti?<\/li>\n\n\n\n<li>Ar kas nors i\u0161 j\u016bs\u0173 artim\u0173 \u017emoni\u0173 pamin\u0117jo, kad galite tur\u0117ti problem\u0173 su klausa?<\/li>\n<\/ul>\n<\/div><\/div>\n\n\n\n<div class=\"wp-block-column is-vertically-aligned-center is-layout-flow wp-block-column-is-layout-flow\" style=\"flex-basis:33.33%\">\n<figure class=\"wp-block-image size-large\"><img decoding=\"async\" src=\"https:\/\/intl.phonak.com\/lt-lt\/wp-content\/uploads\/sites\/3\/2023\/12\/Hearing-loss_GenericIndoorsPC_01.jpg?w=329\" alt=\"Happy couple\" class=\"wp-image-7274\"\/><\/figure>\n\n\n\n<p><\/p>\n<\/div>\n<\/div>\n\n\n\n<div class=\"wp-block-group alignfull has-light-grey-background-color has-background is-layout-flow wp-block-group-is-layout-flow\">\n<div class=\"wp-block-group is-style-align-small is-layout-flow wp-block-group-is-layout-flow\">\n<p class=\"has-text-align-center\">Jei \u012f vien\u0105 ar kelis klausimus atsak\u0117te &#8220;<strong>taip<\/strong>&#8220;, patariame, kad j\u016bs\u0173 klausos geb\u0117jimus \u012fvertint\u0173 klausos specialistas. Galite rasti sertifikuot\u0105 audiolog\u0105, klausos specialist\u0105 ar klinik\u0105 savo vietov\u0117je naudodami m\u016bs\u0173 ekspert\u0173 ie\u0161kikl\u012f.<\/p>\n\n\n\n<p><\/p>\n\n\n\n<p class=\"has-text-align-center\">Nor\u0117dami i\u0161 karto su\u017einoti apie savo klausos geb\u0117jimus, taip pat galite i\u0161bandyti m\u016bs\u0173 internetin\u012f klausos test\u0105.<\/p>\n\n\n\n<div class=\"wp-block-buttons is-layout-flex wp-block-buttons-is-layout-flex\">\n<div class=\"wp-block-button aligncenter\"><a class=\"wp-block-button__link wp-element-button\" href=\"https:\/\/hearing-screener.beyondhearing.org\/H4ZdWK\/welcome\" target=\"_blank\" rel=\"noreferrer noopener\">Internetinis klausos testas<\/a><\/div>\n<\/div>\n<\/div>\n<\/div>\n\n\n\n<div style=\"height:55px\" aria-hidden=\"true\" class=\"wp-block-spacer\"><\/div>\n\n\n\n<p class=\"has-text-align-center\"><a href=\"https:\/\/intl.phonak.com\/lt-lt\/klausos-praradimas\/phonak-geras-girdejimas-yra-gerove\/\">Su\u017einokite, kod\u0117l gera klausa yra tokia svarbi j\u016bs\u0173 gerovei<\/a><\/p>\n\n\n\n<div style=\"height:55px\" aria-hidden=\"true\" class=\"wp-block-spacer\"><\/div>\n\n\n\n<div class=\"wp-block-media-text is-stacked-on-mobile cta-block\" style=\"grid-template-columns:35% auto\"><figure class=\"wp-block-media-text__media\"><img decoding=\"async\" src=\"https:\/\/intl.phonak.com\/main-english\/wp-content\/uploads\/sites\/3\/2021\/11\/cta-image.jpg?w=401\" alt=\"\" class=\"wp-image-6738 size-full\"\/><\/figure><div class=\"wp-block-media-text__content\">\n<div class=\"wp-block-create-block-icon-selector\"><i class=\"fal fa-map-marker-alt\"><\/i><\/div>   \n<h3 class=\"wp-block-heading\">Klausos specialistai netoli j\u016bs\u0173<\/h3>   <p>Klausos specialistai gali pad\u0117ti jums pasirinkti jums tinkamiausi\u0105 pasirinkim\u0105. Jie atsi\u017evelgs \u012f j\u016bs\u0173 klausos poreikius, biud\u017eet\u0105, gyvenimo b\u016bd\u0105 ir individualias klausos nuostatas. <\/p>   <div class=\"wp-block-buttons is-layout-flex wp-block-buttons-is-layout-flex\">\n<div class=\"wp-block-button is-style-marker-green\"><a class=\"wp-block-button__link wp-element-button\" href=\"https:\/\/intl.phonak.com\/lt-lt\/rasti-specialista\/\">Raskite specialist\u0105<\/a><\/div>\n<\/div>\n<\/div><\/div> ","protected":false},"excerpt":{"rendered":"<p>Kokie yra klausos praradimo po\u017eymiai ir simptomai? M\u016bs\u0173 ausys visada \u012fjungtos, kaip ir mus supantys garsai. Mobilieji telefonai skamba, \u017emon\u0117s&#8230;<\/p>\n","protected":false},"author":5,"featured_media":435,"parent":0,"menu_order":0,"comment_status":"closed","ping_status":"closed","template":"","meta":{"_acf_changed":false,"inline_featured_image":false,"footnotes":""},"class_list":["post-316","page","type-page","status-publish","has-post-thumbnail","hentry"],"acf":[],"yoast_head":"<!-- This site is optimized with the Yoast SEO plugin v26.9 - https:\/\/yoast.com\/product\/yoast-seo-wordpress\/ -->\n<title>Klausos praradimas - Phonak - Lietuva<\/title>\n<meta name=\"robots\" content=\"index, follow, max-snippet:-1, max-image-preview:large, max-video-preview:-1\" \/>\n<link rel=\"canonical\" href=\"https:\/\/intl.phonak.com\/main-english\/hearing-loss\/\" \/>\n<meta property=\"og:locale\" content=\"lt_LT\" \/>\n<meta property=\"og:type\" content=\"article\" \/>\n<meta property=\"og:title\" content=\"Klausos praradimas - Phonak - Lietuva\" \/>\n<meta property=\"og:description\" content=\"Kokie yra klausos praradimo po\u017eymiai ir simptomai? M\u016bs\u0173 ausys visada \u012fjungtos, kaip ir mus supantys garsai. Mobilieji telefonai skamba, \u017emon\u0117s...\" \/>\n<meta property=\"og:url\" content=\"https:\/\/intl.phonak.com\/lt-lt\/klausos-praradimas\/\" \/>\n<meta property=\"og:site_name\" content=\"Phonak - Lietuva\" \/>\n<meta property=\"article:modified_time\" content=\"2025-09-17T15:33:13+00:00\" \/>\n<meta property=\"og:image\" content=\"https:\/\/intl.phonak.com\/lt-lt\/wp-content\/uploads\/sites\/72\/2021\/11\/PH_Packshot_Audeo-I-Sphere-xReceiver_050-1029-P7_39523e.png\" \/>\n\t<meta property=\"og:image:width\" content=\"600\" \/>\n\t<meta property=\"og:image:height\" content=\"600\" \/>\n\t<meta property=\"og:image:type\" content=\"image\/png\" \/>\n<meta name=\"twitter:card\" content=\"summary_large_image\" \/>\n<meta name=\"twitter:label1\" content=\"Est. reading time\" \/>\n\t<meta name=\"twitter:data1\" content=\"5 minutes\" \/>\n<script type=\"application\/ld+json\" class=\"yoast-schema-graph\">{\"@context\":\"https:\/\/schema.org\",\"@graph\":[{\"@type\":\"WebPage\",\"@id\":\"https:\/\/intl.phonak.com\/lt-lt\/klausos-praradimas\/\",\"url\":\"https:\/\/intl.phonak.com\/lt-lt\/klausos-praradimas\/\",\"name\":\"Klausos praradimas - Phonak - Lietuva\",\"isPartOf\":{\"@id\":\"https:\/\/intl.phonak.com\/lt-lt\/#website\"},\"primaryImageOfPage\":{\"@id\":\"https:\/\/intl.phonak.com\/lt-lt\/klausos-praradimas\/#primaryimage\"},\"image\":{\"@id\":\"https:\/\/intl.phonak.com\/lt-lt\/klausos-praradimas\/#primaryimage\"},\"thumbnailUrl\":\"https:\/\/intl.phonak.com\/lt-lt\/wp-content\/uploads\/sites\/72\/2021\/11\/PH_Packshot_Audeo-I-Sphere-xReceiver_050-1029-P7_39523e.png\",\"datePublished\":\"2021-11-18T15:12:00+00:00\",\"dateModified\":\"2025-09-17T15:33:13+00:00\",\"breadcrumb\":{\"@id\":\"https:\/\/intl.phonak.com\/lt-lt\/klausos-praradimas\/#breadcrumb\"},\"inLanguage\":\"lt-LT\",\"potentialAction\":[{\"@type\":\"ReadAction\",\"target\":[\"https:\/\/intl.phonak.com\/lt-lt\/klausos-praradimas\/\"]}]},{\"@type\":\"ImageObject\",\"inLanguage\":\"lt-LT\",\"@id\":\"https:\/\/intl.phonak.com\/lt-lt\/klausos-praradimas\/#primaryimage\",\"url\":\"https:\/\/intl.phonak.com\/lt-lt\/wp-content\/uploads\/sites\/72\/2021\/11\/PH_Packshot_Audeo-I-Sphere-xReceiver_050-1029-P7_39523e.png\",\"contentUrl\":\"https:\/\/intl.phonak.com\/lt-lt\/wp-content\/uploads\/sites\/72\/2021\/11\/PH_Packshot_Audeo-I-Sphere-xReceiver_050-1029-P7_39523e.png\",\"width\":600,\"height\":600,\"caption\":\"Phonak Aud\u00e9o Sphere Infinio\"},{\"@type\":\"BreadcrumbList\",\"@id\":\"https:\/\/intl.phonak.com\/lt-lt\/klausos-praradimas\/#breadcrumb\",\"itemListElement\":[{\"@type\":\"ListItem\",\"position\":1,\"name\":\"Home\",\"item\":\"https:\/\/intl.phonak.com\/lt-lt\/\"},{\"@type\":\"ListItem\",\"position\":2,\"name\":\"Klausos praradimas\"}]},{\"@type\":\"WebSite\",\"@id\":\"https:\/\/intl.phonak.com\/lt-lt\/#website\",\"url\":\"https:\/\/intl.phonak.com\/lt-lt\/\",\"name\":\"Phonak - Lietuva\",\"description\":\"Pasiry\u017e\u0119 keisti gyvenimus\",\"publisher\":{\"@id\":\"https:\/\/intl.phonak.com\/lt-lt\/#organization\"},\"potentialAction\":[{\"@type\":\"SearchAction\",\"target\":{\"@type\":\"EntryPoint\",\"urlTemplate\":\"https:\/\/intl.phonak.com\/lt-lt\/?s={search_term_string}\"},\"query-input\":{\"@type\":\"PropertyValueSpecification\",\"valueRequired\":true,\"valueName\":\"search_term_string\"}}],\"inLanguage\":\"lt-LT\"},{\"@type\":\"Organization\",\"@id\":\"https:\/\/intl.phonak.com\/lt-lt\/#organization\",\"name\":\"Phonak - Lietuva\",\"url\":\"https:\/\/intl.phonak.com\/lt-lt\/\",\"logo\":{\"@type\":\"ImageObject\",\"inLanguage\":\"lt-LT\",\"@id\":\"https:\/\/intl.phonak.com\/lt-lt\/#\/schema\/logo\/image\/\",\"url\":\"https:\/\/intl.phonak.com\/lt-lt\/wp-content\/uploads\/sites\/72\/2025\/07\/logo-phonak.svg\",\"contentUrl\":\"https:\/\/intl.phonak.com\/lt-lt\/wp-content\/uploads\/sites\/72\/2025\/07\/logo-phonak.svg\",\"caption\":\"Phonak -  Lietuva\"},\"image\":{\"@id\":\"https:\/\/intl.phonak.com\/lt-lt\/#\/schema\/logo\/image\/\"}}]}<\/script>\n<!-- \/ Yoast SEO plugin. -->","yoast_head_json":{"title":"Klausos praradimas - Phonak - Lietuva","robots":{"index":"index","follow":"follow","max-snippet":"max-snippet:-1","max-image-preview":"max-image-preview:large","max-video-preview":"max-video-preview:-1"},"canonical":"https:\/\/intl.phonak.com\/main-english\/hearing-loss\/","og_locale":"lt_LT","og_type":"article","og_title":"Klausos praradimas - Phonak - Lietuva","og_description":"Kokie yra klausos praradimo po\u017eymiai ir simptomai? M\u016bs\u0173 ausys visada \u012fjungtos, kaip ir mus supantys garsai. Mobilieji telefonai skamba, \u017emon\u0117s...","og_url":"https:\/\/intl.phonak.com\/lt-lt\/klausos-praradimas\/","og_site_name":"Phonak - Lietuva","article_modified_time":"2025-09-17T15:33:13+00:00","og_image":[{"width":600,"height":600,"url":"https:\/\/intl.phonak.com\/lt-lt\/wp-content\/uploads\/sites\/72\/2021\/11\/PH_Packshot_Audeo-I-Sphere-xReceiver_050-1029-P7_39523e.png","type":"image\/png"}],"twitter_card":"summary_large_image","twitter_misc":{"Est. reading time":"5 minutes"},"schema":{"@context":"https:\/\/schema.org","@graph":[{"@type":"WebPage","@id":"https:\/\/intl.phonak.com\/lt-lt\/klausos-praradimas\/","url":"https:\/\/intl.phonak.com\/lt-lt\/klausos-praradimas\/","name":"Klausos praradimas - Phonak - Lietuva","isPartOf":{"@id":"https:\/\/intl.phonak.com\/lt-lt\/#website"},"primaryImageOfPage":{"@id":"https:\/\/intl.phonak.com\/lt-lt\/klausos-praradimas\/#primaryimage"},"image":{"@id":"https:\/\/intl.phonak.com\/lt-lt\/klausos-praradimas\/#primaryimage"},"thumbnailUrl":"https:\/\/intl.phonak.com\/lt-lt\/wp-content\/uploads\/sites\/72\/2021\/11\/PH_Packshot_Audeo-I-Sphere-xReceiver_050-1029-P7_39523e.png","datePublished":"2021-11-18T15:12:00+00:00","dateModified":"2025-09-17T15:33:13+00:00","breadcrumb":{"@id":"https:\/\/intl.phonak.com\/lt-lt\/klausos-praradimas\/#breadcrumb"},"inLanguage":"lt-LT","potentialAction":[{"@type":"ReadAction","target":["https:\/\/intl.phonak.com\/lt-lt\/klausos-praradimas\/"]}]},{"@type":"ImageObject","inLanguage":"lt-LT","@id":"https:\/\/intl.phonak.com\/lt-lt\/klausos-praradimas\/#primaryimage","url":"https:\/\/intl.phonak.com\/lt-lt\/wp-content\/uploads\/sites\/72\/2021\/11\/PH_Packshot_Audeo-I-Sphere-xReceiver_050-1029-P7_39523e.png","contentUrl":"https:\/\/intl.phonak.com\/lt-lt\/wp-content\/uploads\/sites\/72\/2021\/11\/PH_Packshot_Audeo-I-Sphere-xReceiver_050-1029-P7_39523e.png","width":600,"height":600,"caption":"Phonak Aud\u00e9o Sphere Infinio"},{"@type":"BreadcrumbList","@id":"https:\/\/intl.phonak.com\/lt-lt\/klausos-praradimas\/#breadcrumb","itemListElement":[{"@type":"ListItem","position":1,"name":"Home","item":"https:\/\/intl.phonak.com\/lt-lt\/"},{"@type":"ListItem","position":2,"name":"Klausos praradimas"}]},{"@type":"WebSite","@id":"https:\/\/intl.phonak.com\/lt-lt\/#website","url":"https:\/\/intl.phonak.com\/lt-lt\/","name":"Phonak - Lietuva","description":"Pasiry\u017e\u0119 keisti gyvenimus","publisher":{"@id":"https:\/\/intl.phonak.com\/lt-lt\/#organization"},"potentialAction":[{"@type":"SearchAction","target":{"@type":"EntryPoint","urlTemplate":"https:\/\/intl.phonak.com\/lt-lt\/?s={search_term_string}"},"query-input":{"@type":"PropertyValueSpecification","valueRequired":true,"valueName":"search_term_string"}}],"inLanguage":"lt-LT"},{"@type":"Organization","@id":"https:\/\/intl.phonak.com\/lt-lt\/#organization","name":"Phonak - Lietuva","url":"https:\/\/intl.phonak.com\/lt-lt\/","logo":{"@type":"ImageObject","inLanguage":"lt-LT","@id":"https:\/\/intl.phonak.com\/lt-lt\/#\/schema\/logo\/image\/","url":"https:\/\/intl.phonak.com\/lt-lt\/wp-content\/uploads\/sites\/72\/2025\/07\/logo-phonak.svg","contentUrl":"https:\/\/intl.phonak.com\/lt-lt\/wp-content\/uploads\/sites\/72\/2025\/07\/logo-phonak.svg","caption":"Phonak -  Lietuva"},"image":{"@id":"https:\/\/intl.phonak.com\/lt-lt\/#\/schema\/logo\/image\/"}}]}},"jetpack_sharing_enabled":true,"distributor_meta":false,"distributor_terms":false,"distributor_media":false,"distributor_original_site_name":"Phonak -  Lietuva","distributor_original_site_url":"https:\/\/intl.phonak.com\/lt-lt","push-errors":false,"_links":{"self":[{"href":"https:\/\/intl.phonak.com\/lt-lt\/wp-json\/wp\/v2\/pages\/316","targetHints":{"allow":["GET"]}}],"collection":[{"href":"https:\/\/intl.phonak.com\/lt-lt\/wp-json\/wp\/v2\/pages"}],"about":[{"href":"https:\/\/intl.phonak.com\/lt-lt\/wp-json\/wp\/v2\/types\/page"}],"author":[{"embeddable":true,"href":"https:\/\/intl.phonak.com\/lt-lt\/wp-json\/wp\/v2\/users\/5"}],"replies":[{"embeddable":true,"href":"https:\/\/intl.phonak.com\/lt-lt\/wp-json\/wp\/v2\/comments?post=316"}],"version-history":[{"count":8,"href":"https:\/\/intl.phonak.com\/lt-lt\/wp-json\/wp\/v2\/pages\/316\/revisions"}],"predecessor-version":[{"id":858,"href":"https:\/\/intl.phonak.com\/lt-lt\/wp-json\/wp\/v2\/pages\/316\/revisions\/858"}],"wp:featuredmedia":[{"embeddable":true,"href":"https:\/\/intl.phonak.com\/lt-lt\/wp-json\/wp\/v2\/media\/435"}],"wp:attachment":[{"href":"https:\/\/intl.phonak.com\/lt-lt\/wp-json\/wp\/v2\/media?parent=316"}],"curies":[{"name":"wp","href":"https:\/\/api.w.org\/{rel}","templated":true}]}}