{"id":312,"date":"2021-11-30T14:36:50","date_gmt":"2021-11-30T14:36:50","guid":{"rendered":"https:\/\/intl.phonak.com\/lt-lt\/hearing-aid-customization\/"},"modified":"2025-09-17T15:52:10","modified_gmt":"2025-09-17T15:52:10","slug":"klausos-aparato-pritaikymas","status":"publish","type":"page","link":"https:\/\/intl.phonak.com\/lt-lt\/klausos-praradimas\/klausos-aparato-pritaikymas\/","title":{"rendered":"Klausos aparat\u0173 pritaikymas"},"content":{"rendered":"\n<div class=\"wp-block-cover alignfull is-light\"><img decoding=\"async\" class=\"wp-block-cover__image-background wp-image-5329\" alt=\"\" src=\"https:\/\/intl.phonak.com\/lt-lt\/wp-content\/uploads\/sites\/3\/2022\/03\/Banner-01.jpg\" style=\"object-position:16% 56%\" data-object-fit=\"cover\" data-object-position=\"16% 56%\"\/><span aria-hidden=\"true\" class=\"wp-block-cover__background has-light-grey-background-color has-background-dim\"><\/span><div class=\"wp-block-cover__inner-container is-layout-flow wp-block-cover-is-layout-flow\">\n<h1 class=\"wp-block-heading has-text-align-center has-dark-grey-color has-text-color\" id=\"your-personal-hearing-aid\">J\u016bs\u0173 asmeninis klausos aparatas<\/h1>\n\n\n\n<p class=\"has-text-align-center margin-bottom-0 is-style-default has-dark-grey-color has-text-color has-lead-font-size\">Klausos aparatas reguliuojamas keliais etapais, kad atitikt\u0173 klausos praradim\u0105, ausies form\u0105 ir klausos \u012fpro\u010dius.<\/p>\n<\/div><\/div>\n\n\n\n<div class=\"wp-block-group is-style-align-small is-layout-flow wp-block-group-is-layout-flow\" style=\"padding-top:0px\">\n<h3 class=\"wp-block-heading has-text-align-center has-blue-color has-text-color\" id=\"get-to-know-your-hearing-aid\">Susipa\u017einkite su savo klausos aparatu<\/h3>\n\n\n\n<p class=\"has-text-align-center\">Klausos specialistas pateiks i\u0161samias instrukcijas: kaip \u012fd\u0117ti prietais\u0105, kaip juo naudotis ir kaip valdyti garsum\u0105. Jis taip pat paai\u0161kins jums technin\u0119 prie\u017ei\u016br\u0105, kaip pakeisti baterijas, valyti ir d\u017eiovinti prietaisus. Galiausiai su\u017einosite daugiau, kaip j\u016bs\u0173 klausos aparatas reaguoja skirtingose klausos situacijose. Dabar galite pasiimti naujus klausos aparatus namo.<\/p>\n<\/div>\n\n\n\n<div class=\"wp-block-group alignfull has-light-grey-background-color has-background is-layout-flow wp-block-group-is-layout-flow\">\n<div class=\"wp-block-group is-style-align-small is-layout-flow wp-block-group-is-layout-flow\">\n<h3 class=\"wp-block-heading has-text-align-center has-blue-color has-text-color\" id=\"first-days-with-your-new-hearing-aid\">Pirmosios dienos su naujuoju klausos aparatu<\/h3>\n\n\n\n<p class=\"has-text-align-center\">Pirmosiomis dienomis tur\u0117tum\u0117te susipa\u017einti su naujuoju klausos aparatu. I\u0161 prad\u017ei\u0173 tur\u0117tum\u0117te ne\u0161ioti kelias valandas per dien\u0105 pa\u017e\u012fstamoje aplinkoje. Kai kurie dalykai \u0161iuo metu jums gali atrodyti keisti. Geriausias b\u016bdas i\u0161tirti nauj\u0105 klausos poj\u016bt\u012f yra kalb\u0117tis su \u017emon\u0117mis arba \u017ei\u016br\u0117ti televizori\u0173. J\u016bs\u0173 balsas jums gali skamb\u0117ti keistai arba per garsiai, nes galb\u016bt i\u0161siugd\u0117te \u012fprot\u012f kalb\u0117ti per garsiai, kad i\u0161girstum\u0117te savo bals\u0105. Praktikuokite kalb\u0117ti tyliau. U\u017esira\u0161ykite savo patirt\u012f \u2013 tai pad\u0117s j\u016bs\u0173 klausos specialistui tiksliai sureguliuoti j\u016bs\u0173 klausos aparat\u0105.<\/p>\n\n\n\n<p class=\"has-text-align-center\"><a href=\"https:\/\/intl.phonak.com\/lt-lt\/klausos-praradimas\/klausos-aparatu-prieziura\/\">Gaukite papildomos pagalbos i\u0161 m\u016bs\u0173 klausos aparat\u0173 prie\u017ei\u016bros vaizdo \u012fra\u0161\u0173<\/a><\/p>\n<\/div>\n<\/div>\n\n\n\n<div class=\"wp-block-group is-style-align-small is-layout-flow wp-block-group-is-layout-flow\">\n<h3 class=\"wp-block-heading has-text-align-center has-blue-color has-text-color\" id=\"final-adjustment-by-your-hearing-care-professional\">Galutinis klausos specialisto reguliavimas<\/h3>\n\n\n\n<p class=\"has-text-align-center\">Dabar tur\u0117site galimyb\u0119 aptarti savo pirm\u0105j\u0105 patirt\u012f su klausos specialistu. Tada j\u016bs\u0173 klausos aparatas bus pritaikytas pagal j\u016bs\u0173 konkre\u010dius poreikius. Specialistas atsakys \u012f visus j\u016bs\u0173 klausimus ir suteiks bendr\u0173 patarim\u0173. J\u016bs\u0173 klausos aparatas gali b\u016bti sureguliuotas \u0161io susitikimo metu, kad dar labiau pagerint\u0173 j\u016bs\u0173 komfort\u0105 ir kalbos supratim\u0105.<\/p>\n\n\n\n<p class=\"has-text-align-center\">Dabar \u012f\u017eengsite \u012f etap\u0105, kuriame gal\u0117site atgauti \u0161iek tiek gyvenimo kokyb\u0117s kiekvien\u0105 dien\u0105. Naudokite klausos aparat\u0105 vis\u0105 dien\u0105. Neskub\u0117kite. Su\u017einosite, kaip geriausiai i\u0161naudoti klausos aparat\u0105, ir netrukus gal\u0117site m\u0117gautis visais jo teikiamais privalumais.<\/p>\n\n\n\n<div class=\"wp-block-buttons is-horizontal is-content-justification-center is-layout-flex wp-container-core-buttons-is-layout-499968f5 wp-block-buttons-is-layout-flex\">\n<div class=\"wp-block-button is-style-download\"><a class=\"wp-block-button__link wp-element-button\" href=\"https:\/\/intl.phonak.com\/lt-lt\/wp-content\/uploads\/sites\/3\/2024\/10\/PH_Pamphlet_ReviveYourHearingPreviewIntl_94x210_EN_028-0776-02.pdf\" target=\"_blank\" rel=\"noreferrer noopener\">Atgaivinkite klaus\u0105<\/a><\/div>\n<\/div>\n<\/div>\n\n\n\n<p class=\"has-text-align-center\"><a href=\"https:\/\/intl.phonak.com\/lt-lt\/sprendimai\/\">Su\u017einokite apie klausos sprendimus<\/a><\/p>\n\n\n\n<div class=\"wp-block-media-text is-stacked-on-mobile cta-block\" style=\"grid-template-columns:35% auto\"><figure class=\"wp-block-media-text__media\"><img decoding=\"async\" src=\"https:\/\/intl.phonak.com\/main-english\/wp-content\/uploads\/sites\/3\/2021\/11\/cta-image.jpg?w=401\" alt=\"\" class=\"wp-image-6738 size-full\"\/><\/figure><div class=\"wp-block-media-text__content\">\n<div class=\"wp-block-create-block-icon-selector\"><i class=\"fal fa-map-marker-alt\"><\/i><\/div>   \n<h3 class=\"wp-block-heading\">Klausos specialistai netoli j\u016bs\u0173<\/h3>   <p>Klausos specialistai gali pad\u0117ti jums pasirinkti jums tinkamiausi\u0105 pasirinkim\u0105. Jie atsi\u017evelgs \u012f j\u016bs\u0173 klausos poreikius, biud\u017eet\u0105, gyvenimo b\u016bd\u0105 ir individualias klausos nuostatas. <\/p>   <div class=\"wp-block-buttons is-layout-flex wp-block-buttons-is-layout-flex\">\n<div class=\"wp-block-button is-style-marker-green\"><a class=\"wp-block-button__link wp-element-button\" href=\"https:\/\/intl.phonak.com\/lt-lt\/rasti-specialista\/\">Raskite specialist\u0105<\/a><\/div>\n<\/div>\n<\/div><\/div> ","protected":false},"excerpt":{"rendered":"<p>Susipa\u017einkite su savo klausos aparatu Klausos specialistas pateiks i\u0161samias instrukcijas: kaip \u012fd\u0117ti prietais\u0105, kaip juo naudotis ir kaip valdyti garsum\u0105&#8230;.<\/p>\n","protected":false},"author":5,"featured_media":447,"parent":316,"menu_order":0,"comment_status":"closed","ping_status":"closed","template":"","meta":{"_acf_changed":false,"inline_featured_image":false,"footnotes":""},"class_list":["post-312","page","type-page","status-publish","has-post-thumbnail","hentry"],"acf":[],"yoast_head":"<!-- This site is optimized with the Yoast SEO plugin v26.9 - https:\/\/yoast.com\/product\/yoast-seo-wordpress\/ -->\n<title>Klausos aparat\u0173 pritaikymas - Phonak - Lietuva<\/title>\n<meta name=\"robots\" content=\"index, follow, max-snippet:-1, max-image-preview:large, max-video-preview:-1\" \/>\n<link rel=\"canonical\" href=\"https:\/\/intl.phonak.com\/main-english\/hearing-loss\/hearing-aid-customization\/\" \/>\n<meta property=\"og:locale\" content=\"lt_LT\" \/>\n<meta property=\"og:type\" content=\"article\" \/>\n<meta property=\"og:title\" content=\"Klausos aparat\u0173 pritaikymas - Phonak - Lietuva\" \/>\n<meta property=\"og:description\" content=\"Susipa\u017einkite su savo klausos aparatu Klausos specialistas pateiks i\u0161samias instrukcijas: kaip \u012fd\u0117ti prietais\u0105, kaip juo naudotis ir kaip valdyti garsum\u0105....\" \/>\n<meta property=\"og:url\" content=\"https:\/\/intl.phonak.com\/lt-lt\/klausos-praradimas\/klausos-aparato-pritaikymas\/\" \/>\n<meta property=\"og:site_name\" content=\"Phonak - Lietuva\" \/>\n<meta property=\"article:modified_time\" content=\"2025-09-17T15:52:10+00:00\" \/>\n<meta property=\"og:image\" content=\"https:\/\/intl.phonak.com\/lt-lt\/wp-content\/uploads\/sites\/72\/2021\/11\/PH_Packshot_Audeo-I-Sphere-xReceiver_050-1029-P7_50f48d.png\" \/>\n\t<meta property=\"og:image:width\" content=\"600\" \/>\n\t<meta property=\"og:image:height\" content=\"600\" \/>\n\t<meta property=\"og:image:type\" content=\"image\/png\" \/>\n<meta name=\"twitter:card\" content=\"summary_large_image\" \/>\n<meta name=\"twitter:label1\" content=\"Est. reading time\" \/>\n\t<meta name=\"twitter:data1\" content=\"3 minutes\" \/>\n<script type=\"application\/ld+json\" class=\"yoast-schema-graph\">{\"@context\":\"https:\/\/schema.org\",\"@graph\":[{\"@type\":\"WebPage\",\"@id\":\"https:\/\/intl.phonak.com\/lt-lt\/klausos-praradimas\/klausos-aparato-pritaikymas\/\",\"url\":\"https:\/\/intl.phonak.com\/lt-lt\/klausos-praradimas\/klausos-aparato-pritaikymas\/\",\"name\":\"Klausos aparat\u0173 pritaikymas - Phonak - Lietuva\",\"isPartOf\":{\"@id\":\"https:\/\/intl.phonak.com\/lt-lt\/#website\"},\"primaryImageOfPage\":{\"@id\":\"https:\/\/intl.phonak.com\/lt-lt\/klausos-praradimas\/klausos-aparato-pritaikymas\/#primaryimage\"},\"image\":{\"@id\":\"https:\/\/intl.phonak.com\/lt-lt\/klausos-praradimas\/klausos-aparato-pritaikymas\/#primaryimage\"},\"thumbnailUrl\":\"https:\/\/intl.phonak.com\/lt-lt\/wp-content\/uploads\/sites\/72\/2021\/11\/PH_Packshot_Audeo-I-Sphere-xReceiver_050-1029-P7_50f48d.png\",\"datePublished\":\"2021-11-30T14:36:50+00:00\",\"dateModified\":\"2025-09-17T15:52:10+00:00\",\"breadcrumb\":{\"@id\":\"https:\/\/intl.phonak.com\/lt-lt\/klausos-praradimas\/klausos-aparato-pritaikymas\/#breadcrumb\"},\"inLanguage\":\"lt-LT\",\"potentialAction\":[{\"@type\":\"ReadAction\",\"target\":[\"https:\/\/intl.phonak.com\/lt-lt\/klausos-praradimas\/klausos-aparato-pritaikymas\/\"]}]},{\"@type\":\"ImageObject\",\"inLanguage\":\"lt-LT\",\"@id\":\"https:\/\/intl.phonak.com\/lt-lt\/klausos-praradimas\/klausos-aparato-pritaikymas\/#primaryimage\",\"url\":\"https:\/\/intl.phonak.com\/lt-lt\/wp-content\/uploads\/sites\/72\/2021\/11\/PH_Packshot_Audeo-I-Sphere-xReceiver_050-1029-P7_50f48d.png\",\"contentUrl\":\"https:\/\/intl.phonak.com\/lt-lt\/wp-content\/uploads\/sites\/72\/2021\/11\/PH_Packshot_Audeo-I-Sphere-xReceiver_050-1029-P7_50f48d.png\",\"width\":600,\"height\":600,\"caption\":\"Phonak Aud\u00e9o Sphere Infinio\"},{\"@type\":\"BreadcrumbList\",\"@id\":\"https:\/\/intl.phonak.com\/lt-lt\/klausos-praradimas\/klausos-aparato-pritaikymas\/#breadcrumb\",\"itemListElement\":[{\"@type\":\"ListItem\",\"position\":1,\"name\":\"Home\",\"item\":\"https:\/\/intl.phonak.com\/lt-lt\/\"},{\"@type\":\"ListItem\",\"position\":2,\"name\":\"Klausos praradimas\",\"item\":\"https:\/\/intl.phonak.com\/lt-lt\/klausos-praradimas\/\"},{\"@type\":\"ListItem\",\"position\":3,\"name\":\"Klausos aparat\u0173 pritaikymas\"}]},{\"@type\":\"WebSite\",\"@id\":\"https:\/\/intl.phonak.com\/lt-lt\/#website\",\"url\":\"https:\/\/intl.phonak.com\/lt-lt\/\",\"name\":\"Phonak - Lietuva\",\"description\":\"Pasiry\u017e\u0119 keisti gyvenimus\",\"publisher\":{\"@id\":\"https:\/\/intl.phonak.com\/lt-lt\/#organization\"},\"potentialAction\":[{\"@type\":\"SearchAction\",\"target\":{\"@type\":\"EntryPoint\",\"urlTemplate\":\"https:\/\/intl.phonak.com\/lt-lt\/?s={search_term_string}\"},\"query-input\":{\"@type\":\"PropertyValueSpecification\",\"valueRequired\":true,\"valueName\":\"search_term_string\"}}],\"inLanguage\":\"lt-LT\"},{\"@type\":\"Organization\",\"@id\":\"https:\/\/intl.phonak.com\/lt-lt\/#organization\",\"name\":\"Phonak - Lietuva\",\"url\":\"https:\/\/intl.phonak.com\/lt-lt\/\",\"logo\":{\"@type\":\"ImageObject\",\"inLanguage\":\"lt-LT\",\"@id\":\"https:\/\/intl.phonak.com\/lt-lt\/#\/schema\/logo\/image\/\",\"url\":\"https:\/\/intl.phonak.com\/lt-lt\/wp-content\/uploads\/sites\/72\/2025\/07\/logo-phonak.svg\",\"contentUrl\":\"https:\/\/intl.phonak.com\/lt-lt\/wp-content\/uploads\/sites\/72\/2025\/07\/logo-phonak.svg\",\"caption\":\"Phonak -  Lietuva\"},\"image\":{\"@id\":\"https:\/\/intl.phonak.com\/lt-lt\/#\/schema\/logo\/image\/\"}}]}<\/script>\n<!-- \/ Yoast SEO plugin. -->","yoast_head_json":{"title":"Klausos aparat\u0173 pritaikymas - Phonak - Lietuva","robots":{"index":"index","follow":"follow","max-snippet":"max-snippet:-1","max-image-preview":"max-image-preview:large","max-video-preview":"max-video-preview:-1"},"canonical":"https:\/\/intl.phonak.com\/main-english\/hearing-loss\/hearing-aid-customization\/","og_locale":"lt_LT","og_type":"article","og_title":"Klausos aparat\u0173 pritaikymas - Phonak - Lietuva","og_description":"Susipa\u017einkite su savo klausos aparatu Klausos specialistas pateiks i\u0161samias instrukcijas: kaip \u012fd\u0117ti prietais\u0105, kaip juo naudotis ir kaip valdyti garsum\u0105....","og_url":"https:\/\/intl.phonak.com\/lt-lt\/klausos-praradimas\/klausos-aparato-pritaikymas\/","og_site_name":"Phonak - Lietuva","article_modified_time":"2025-09-17T15:52:10+00:00","og_image":[{"width":600,"height":600,"url":"https:\/\/intl.phonak.com\/lt-lt\/wp-content\/uploads\/sites\/72\/2021\/11\/PH_Packshot_Audeo-I-Sphere-xReceiver_050-1029-P7_50f48d.png","type":"image\/png"}],"twitter_card":"summary_large_image","twitter_misc":{"Est. reading time":"3 minutes"},"schema":{"@context":"https:\/\/schema.org","@graph":[{"@type":"WebPage","@id":"https:\/\/intl.phonak.com\/lt-lt\/klausos-praradimas\/klausos-aparato-pritaikymas\/","url":"https:\/\/intl.phonak.com\/lt-lt\/klausos-praradimas\/klausos-aparato-pritaikymas\/","name":"Klausos aparat\u0173 pritaikymas - Phonak - Lietuva","isPartOf":{"@id":"https:\/\/intl.phonak.com\/lt-lt\/#website"},"primaryImageOfPage":{"@id":"https:\/\/intl.phonak.com\/lt-lt\/klausos-praradimas\/klausos-aparato-pritaikymas\/#primaryimage"},"image":{"@id":"https:\/\/intl.phonak.com\/lt-lt\/klausos-praradimas\/klausos-aparato-pritaikymas\/#primaryimage"},"thumbnailUrl":"https:\/\/intl.phonak.com\/lt-lt\/wp-content\/uploads\/sites\/72\/2021\/11\/PH_Packshot_Audeo-I-Sphere-xReceiver_050-1029-P7_50f48d.png","datePublished":"2021-11-30T14:36:50+00:00","dateModified":"2025-09-17T15:52:10+00:00","breadcrumb":{"@id":"https:\/\/intl.phonak.com\/lt-lt\/klausos-praradimas\/klausos-aparato-pritaikymas\/#breadcrumb"},"inLanguage":"lt-LT","potentialAction":[{"@type":"ReadAction","target":["https:\/\/intl.phonak.com\/lt-lt\/klausos-praradimas\/klausos-aparato-pritaikymas\/"]}]},{"@type":"ImageObject","inLanguage":"lt-LT","@id":"https:\/\/intl.phonak.com\/lt-lt\/klausos-praradimas\/klausos-aparato-pritaikymas\/#primaryimage","url":"https:\/\/intl.phonak.com\/lt-lt\/wp-content\/uploads\/sites\/72\/2021\/11\/PH_Packshot_Audeo-I-Sphere-xReceiver_050-1029-P7_50f48d.png","contentUrl":"https:\/\/intl.phonak.com\/lt-lt\/wp-content\/uploads\/sites\/72\/2021\/11\/PH_Packshot_Audeo-I-Sphere-xReceiver_050-1029-P7_50f48d.png","width":600,"height":600,"caption":"Phonak Aud\u00e9o Sphere Infinio"},{"@type":"BreadcrumbList","@id":"https:\/\/intl.phonak.com\/lt-lt\/klausos-praradimas\/klausos-aparato-pritaikymas\/#breadcrumb","itemListElement":[{"@type":"ListItem","position":1,"name":"Home","item":"https:\/\/intl.phonak.com\/lt-lt\/"},{"@type":"ListItem","position":2,"name":"Klausos praradimas","item":"https:\/\/intl.phonak.com\/lt-lt\/klausos-praradimas\/"},{"@type":"ListItem","position":3,"name":"Klausos aparat\u0173 pritaikymas"}]},{"@type":"WebSite","@id":"https:\/\/intl.phonak.com\/lt-lt\/#website","url":"https:\/\/intl.phonak.com\/lt-lt\/","name":"Phonak - Lietuva","description":"Pasiry\u017e\u0119 keisti gyvenimus","publisher":{"@id":"https:\/\/intl.phonak.com\/lt-lt\/#organization"},"potentialAction":[{"@type":"SearchAction","target":{"@type":"EntryPoint","urlTemplate":"https:\/\/intl.phonak.com\/lt-lt\/?s={search_term_string}"},"query-input":{"@type":"PropertyValueSpecification","valueRequired":true,"valueName":"search_term_string"}}],"inLanguage":"lt-LT"},{"@type":"Organization","@id":"https:\/\/intl.phonak.com\/lt-lt\/#organization","name":"Phonak - Lietuva","url":"https:\/\/intl.phonak.com\/lt-lt\/","logo":{"@type":"ImageObject","inLanguage":"lt-LT","@id":"https:\/\/intl.phonak.com\/lt-lt\/#\/schema\/logo\/image\/","url":"https:\/\/intl.phonak.com\/lt-lt\/wp-content\/uploads\/sites\/72\/2025\/07\/logo-phonak.svg","contentUrl":"https:\/\/intl.phonak.com\/lt-lt\/wp-content\/uploads\/sites\/72\/2025\/07\/logo-phonak.svg","caption":"Phonak -  Lietuva"},"image":{"@id":"https:\/\/intl.phonak.com\/lt-lt\/#\/schema\/logo\/image\/"}}]}},"jetpack_sharing_enabled":true,"distributor_meta":false,"distributor_terms":false,"distributor_media":false,"distributor_original_site_name":"Phonak -  Lietuva","distributor_original_site_url":"https:\/\/intl.phonak.com\/lt-lt","push-errors":false,"_links":{"self":[{"href":"https:\/\/intl.phonak.com\/lt-lt\/wp-json\/wp\/v2\/pages\/312","targetHints":{"allow":["GET"]}}],"collection":[{"href":"https:\/\/intl.phonak.com\/lt-lt\/wp-json\/wp\/v2\/pages"}],"about":[{"href":"https:\/\/intl.phonak.com\/lt-lt\/wp-json\/wp\/v2\/types\/page"}],"author":[{"embeddable":true,"href":"https:\/\/intl.phonak.com\/lt-lt\/wp-json\/wp\/v2\/users\/5"}],"replies":[{"embeddable":true,"href":"https:\/\/intl.phonak.com\/lt-lt\/wp-json\/wp\/v2\/comments?post=312"}],"version-history":[{"count":9,"href":"https:\/\/intl.phonak.com\/lt-lt\/wp-json\/wp\/v2\/pages\/312\/revisions"}],"predecessor-version":[{"id":867,"href":"https:\/\/intl.phonak.com\/lt-lt\/wp-json\/wp\/v2\/pages\/312\/revisions\/867"}],"up":[{"embeddable":true,"href":"https:\/\/intl.phonak.com\/lt-lt\/wp-json\/wp\/v2\/pages\/316"}],"wp:featuredmedia":[{"embeddable":true,"href":"https:\/\/intl.phonak.com\/lt-lt\/wp-json\/wp\/v2\/media\/447"}],"wp:attachment":[{"href":"https:\/\/intl.phonak.com\/lt-lt\/wp-json\/wp\/v2\/media?parent=312"}],"curies":[{"name":"wp","href":"https:\/\/api.w.org\/{rel}","templated":true}]}}