{"id":447,"date":"2021-11-18T16:56:57","date_gmt":"2021-11-18T16:56:57","guid":{"rendered":"https:\/\/intl.phonak.com\/hr-hr\/pediatric-solutions\/"},"modified":"2025-11-05T15:18:22","modified_gmt":"2025-11-05T15:18:22","slug":"pedijatrijska-rjesenja","status":"publish","type":"page","link":"https:\/\/intl.phonak.com\/hr-hr\/rjesenja\/pedijatrijska-rjesenja\/","title":{"rendered":"Pedijatrijska rje\u0161enja"},"content":{"rendered":"\n<div class=\"wp-block-cover alignfull is-light\"><img decoding=\"async\" class=\"wp-block-cover__image-background wp-image-6552\" alt=\"\" src=\"https:\/\/intl.phonak.com\/hr-hr\/wp-content\/uploads\/sites\/3\/2023\/02\/PH_Pic_generic_kids_01.png\" data-object-fit=\"cover\"\/><span aria-hidden=\"true\" class=\"wp-block-cover__background has-white-background-color has-background-dim\"><\/span><div class=\"wp-block-cover__inner-container is-layout-flow wp-block-cover-is-layout-flow\">\n<h1 class=\"wp-block-heading has-text-align-center has-dark-grey-color has-text-color\" id=\"discover-your-child-s-hearing\">Otkrijte sluh svog djeteta<\/h1>\n\n\n\n<p class=\"has-text-align-center has-dark-grey-color has-text-color has-lead-font-size\">Pedijatrijska rje\u0161enja za sluh za svaku dob<\/p>\n<\/div><\/div>\n\n\n\n<div style=\"height:21px\" aria-hidden=\"true\" class=\"wp-block-spacer\"><\/div>\n\n\n\n<h2 class=\"wp-block-heading has-text-align-center\">Rje\u0161enja za sluh za djecu i tinejd\u017eere<\/h2>\n\n\n\n<p class=\"has-text-align-center is-style-default\">Svako dijete je jedinstveno, kao i njihove potrebe za slu\u0161anjem. Uz \u0161irok izbor Phonak slu\u0161nih pomagala i be\u017ei\u010dnih komunikacijskih dodataka, postoji tehnolo\u0161ko rje\u0161enje za svaku dob djeteta.<\/p>\n\n\n\n<p class=\"has-text-align-center\">Pristup rije\u010dima i razgovorima je klju\u010dan u razvoju djece i tinejd\u017eera. Razgovori s voljenima \u2014 za ve\u010derom, u parku, u autu \u2014 me\u0111u najva\u017enijim su sastojcima u oblikovanju razvoja jezika.<\/p>\n\n\n\n<p class=\"has-text-align-center\">Izgradnja okru\u017eenja bogatog jezikom za djecu s gubitkom sluha zna\u010di maksimalno iskori\u0161tavanje svake prilike za interakciju, a slu\u0161ni aparati za djecu dizajnirani da se nose udobno cijeli dan poma\u017eu djeci i tinejd\u017eerima s gubitkom sluha da maksimalno iskoriste interakcije &#8220;poslu\u017ei i vrati&#8221; dostupne kroz niz stalno promjenjivih situacija.<\/p>\n\n\n\n<div style=\"height:53px\" aria-hidden=\"true\" class=\"wp-block-spacer\"><\/div>\n\n\n\n<div class=\"wp-block-media-text has-media-on-the-right is-stacked-on-mobile\"><div class=\"wp-block-media-text__content\">\n<h3 class=\"wp-block-heading has-blue-color has-text-color\">Dojen\u010dad i mala djeca<\/h3>\n\n\n\n<p>Za ovu dobnu skupinu va\u017eno je osigurati stimulaciju sluha i da dijete nosi slu\u0161ne aparate \u0161to je vi\u0161e mogu\u0107e. Dojen\u010dad i mala djeca obi\u010dno nose slu\u0161na pomagala iza uha jer pru\u017eaju najbolju udobnost, stabilnost i sigurnost za ovu dobnu skupinu.<\/p>\n\n\n\n<h5 class=\"wp-block-heading\">Pregledi sluha za djecu     <\/h5>\n\n\n\n<p>Sposobnost sluha mo\u017ee se testirati kod novoro\u0111en\u010dadi ubrzo nakon ro\u0111enja. \u0160to se prije otkrije gubitak sluha, to je bolje, jer je odgovaraju\u0107a intervencija vrlo va\u017ena za razvoj govora i jezika va\u0161eg djeteta.<\/p>\n<\/div><figure class=\"wp-block-media-text__media\"><img decoding=\"async\" src=\"https:\/\/intl.phonak.com\/hr-hr\/wp-content\/uploads\/sites\/3\/2023\/12\/Visual_Sky-L-PR_ChildAndMomExhibitionBackdropCropped.jpg?w=592\" alt=\"Mom and daughter \" class=\"wp-image-7305 size-full\"\/><\/figure><\/div>\n\n\n\n<div class=\"wp-block-media-text is-stacked-on-mobile\"><figure class=\"wp-block-media-text__media\"><img decoding=\"async\" src=\"https:\/\/intl.phonak.com\/hr-hr\/wp-content\/uploads\/sites\/3\/2023\/12\/Visual_Sky-L-UP_Kid.jpg?w=592\" alt=\"Kids\" class=\"wp-image-7308 size-full\"\/><\/figure><div class=\"wp-block-media-text__content\">\n<h3 class=\"wp-block-heading has-blue-color has-text-color\">Djeca \u0161kolske dobi<\/h3>\n\n\n\n<p>Djeca po\u010dinju biti samostalnija i izlo\u017eena su slo\u017eenijim komunikacijskim situacijama u ovoj dobi. Kako bi va\u0161em djetetu bilo lak\u0161e razumjeti \u0161to u\u010ditelj govori ili vas \u010duti kada ga zovete, postoje be\u017ei\u010dni komunikacijski alati koji poma\u017eu. Razli\u010dite kombinacije boja \u010dine no\u0161enje slu\u0161nih pomagala zabavnim za va\u0161e dijete.<\/p>\n<\/div><\/div>\n\n\n\n<div class=\"wp-block-media-text has-media-on-the-right is-stacked-on-mobile\"><div class=\"wp-block-media-text__content\">\n<h3 class=\"wp-block-heading has-blue-color has-text-color\">Tinejd\u017eeri<\/h3>\n\n\n\n<p>Va\u0161 tinejd\u017eer \u017eeli biti kao i svaki drugi tinejd\u017eer: baviti se sportom, slu\u0161ati glazbu, dru\u017eiti se s prijateljima, pokazati svoju jedinstvenost kroz modu ili frizure itd. Va\u0161 tinejd\u017eer mo\u017ee sve to zahvaljuju\u0107i be\u017ei\u010dnim dodacima koji povezuju slu\u0161na pomagala s mp3-playerom, mobitelom, tabletom ili TV-om. \u010cuti trenera ili prijatelje, \u010dak i na daljinu ili u bu\u010dnim okru\u017eenjima, bit \u0107e lako.<\/p>\n<\/div><figure class=\"wp-block-media-text__media\"><img decoding=\"async\" src=\"https:\/\/intl.phonak.com\/hr-hr\/wp-content\/uploads\/sites\/3\/2023\/12\/Visual_Audeo-L-RL_Teen-1-1-Converstations-in-Loud-1.jpg?w=592\" alt=\"Teenagers\" class=\"wp-image-7310 size-full\"\/><\/figure><\/div>\n\n\n\n<div style=\"height:39px\" aria-hidden=\"true\" class=\"wp-block-spacer\"><\/div>\n\n\n\n<div class=\"wp-block-media-text is-stacked-on-mobile\"><figure class=\"wp-block-media-text__media\"><img decoding=\"async\" src=\"https:\/\/intl.phonak.com\/hr-hr\/wp-content\/uploads\/sites\/3\/2022\/03\/Roger-Ped-accessories-RGB.jpg?w=1024\" alt=\"\" class=\"wp-image-5309 size-full\"\/><\/figure><div class=\"wp-block-media-text__content\">\n<h3 class=\"wp-block-heading has-blue-color has-text-color\" id=\"meet-roger\">Upoznajte Roger za obrazovanje<\/h3>\n\n\n\n<p>Mnoge situacije mogu predstavljati izazov za slu\u0161anje, tako da ponekad \u010dak i najnaprednija tehnologija slu\u0161nih pomagala treba poja\u010danje. S na\u0161im be\u017ei\u010dnim dodacima, va\u0161e dijete mo\u017ee lak\u0161e komunicirati i povezati se s dana\u0161njom audio tehnologijom, kao \u0161to su pametni telefoni, Bluetooth\u00ae ure\u0111aji, MP3 playeri i televizori.<\/p>\n\n\n\n<p><a href=\"https:\/\/intl.phonak.com\/hr-hr\/rjesenja\/roger-tehnologija\/\">Pro\u010ditajte vi\u0161e o Roger za obrazovanje<\/a><\/p>\n<\/div><\/div>\n\n\n\n<div class=\"wp-block-group alignfull has-light-grey-background-color has-background is-layout-flow wp-block-group-is-layout-flow\">\n\t<div class=\"wp-block-pho-product-selection \">\n\t\t<div class=\"grid-x grid-padding-x grid-padding-y\">\n\n\t\t\t\n\t\t\t\t<div class=\"cell medium-6 large-4 flex-container\">\n\t\t\t\t\t\n<article id=\"post-132\" class=\"product-card post-132 pho_products type-pho_products status-publish has-post-thumbnail hentry pho_product_type-roger pho_product_platforms-roger\">\n\t\t<a class=\"flex-container flex-dir-column align-justify align-top\" href=\"https:\/\/intl.phonak.com\/hr-hr\/proizvodi\/roger-on\/\">\n\t\t<div class=\"product-card-content-wrapper\">\n\t\t\t\n\t\t\t\t<div class=\"product-image-wrapper\">\n\t\t\t\t\t<img loading=\"lazy\" decoding=\"async\" width=\"600\" height=\"600\" src=\"https:\/\/intl.phonak.com\/hr-hr\/wp-content\/uploads\/sites\/67\/2025\/06\/PH_Packshot_Roger_On_front_perspective_056-3010-P7.png?w=600\" class=\"attachment-post-thumbnail size-post-thumbnail wp-post-image\" alt=\"Roger On\" srcset=\"https:\/\/intl.phonak.com\/hr-hr\/wp-content\/uploads\/sites\/67\/2025\/06\/PH_Packshot_Roger_On_front_perspective_056-3010-P7.png 600w, https:\/\/intl.phonak.com\/hr-hr\/wp-content\/uploads\/sites\/67\/2025\/06\/PH_Packshot_Roger_On_front_perspective_056-3010-P7.png?resize=150,150 150w, https:\/\/intl.phonak.com\/hr-hr\/wp-content\/uploads\/sites\/67\/2025\/06\/PH_Packshot_Roger_On_front_perspective_056-3010-P7.png?resize=300,300 300w\" sizes=\"auto, (max-width: 600px) 100vw, 600px\" \/>\t\t\t\t<\/div>\n\n\t\t\t\t<h3 class=\"entry-title\">Roger On\u2122<\/h3><p>Ovaj svestrani mikrofon za slu\u0161no pomagalo dizajniran je tako da razgovore u\u010dini jasnijima \u010dak i u zahtjevnim slu\u0161nim situacijama. Prepoznaje dolazi li govor s lijeve ili desne strane i automatski se prebacuje izme\u0111u razli\u010ditih na\u010dina rada mikrofona, ovisno o tome koristi li se na stolu, pri\u010dvr\u0161\u0107en na odje\u0107u ili dr\u017ei u ruci. <\/p>\n\t\t<\/div>\n\t\t<div class=\"wp-block-button\">\n\t\t\t<div class=\"wp-block-button__link\">Pro\u010ditaj vi\u0161e<\/div>\n\t\t<\/div>\n\t<\/a>\n<\/article><!-- #post-132 -->\n\t\t\t\t<\/div>\n\n\t\t\t\t\n\t\t\t\t<div class=\"cell medium-6 large-4 flex-container\">\n\t\t\t\t\t\n<article id=\"post-136\" class=\"product-card post-136 pho_products type-pho_products status-publish has-post-thumbnail hentry pho_product_type-roger pho_product_platforms-roger\">\n\t\t<a class=\"flex-container flex-dir-column align-justify align-top\" href=\"https:\/\/intl.phonak.com\/hr-hr\/proizvodi\/roger-select\/\">\n\t\t<div class=\"product-card-content-wrapper\">\n\t\t\t\n\t\t\t\t<div class=\"product-image-wrapper\">\n\t\t\t\t\t<img loading=\"lazy\" decoding=\"async\" width=\"600\" height=\"600\" src=\"https:\/\/intl.phonak.com\/hr-hr\/wp-content\/uploads\/sites\/67\/2021\/11\/FEATURED_Packshot_Roger_Select_family_02-1.png?w=600\" class=\"attachment-post-thumbnail size-post-thumbnail wp-post-image\" alt=\"Roger Select\" srcset=\"https:\/\/intl.phonak.com\/hr-hr\/wp-content\/uploads\/sites\/67\/2021\/11\/FEATURED_Packshot_Roger_Select_family_02-1.png 600w, https:\/\/intl.phonak.com\/hr-hr\/wp-content\/uploads\/sites\/67\/2021\/11\/FEATURED_Packshot_Roger_Select_family_02-1.png?resize=150,150 150w, https:\/\/intl.phonak.com\/hr-hr\/wp-content\/uploads\/sites\/67\/2021\/11\/FEATURED_Packshot_Roger_Select_family_02-1.png?resize=300,300 300w\" sizes=\"auto, (max-width: 600px) 100vw, 600px\" \/>\t\t\t\t<\/div>\n\n\t\t\t\t<h3 class=\"entry-title\">Roger Select\u2122<\/h3><p>Kada se postavi na stol, ovaj ure\u0111aj automatski odabire osobu koja govori. Kada se istovremeno odvijaju vi\u0161e razgovora, korisnik mo\u017ee ru\u010dno odabrati koga \u017eeli slu\u0161ati.<\/p>\n\t\t<\/div>\n\t\t<div class=\"wp-block-button\">\n\t\t\t<div class=\"wp-block-button__link\">Pro\u010ditaj vi\u0161e<\/div>\n\t\t<\/div>\n\t<\/a>\n<\/article><!-- #post-136 -->\n\t\t\t\t<\/div>\n\n\t\t\t\t\n\t\t\t\t<div class=\"cell medium-6 large-4 flex-container\">\n\t\t\t\t\t\n<article id=\"post-140\" class=\"product-card post-140 pho_products type-pho_products status-publish has-post-thumbnail hentry pho_product_type-roger pho_product_platforms-roger\">\n\t\t<a class=\"flex-container flex-dir-column align-justify align-top\" href=\"https:\/\/intl.phonak.com\/hr-hr\/proizvodi\/roger-table-mic\/\">\n\t\t<div class=\"product-card-content-wrapper\">\n\t\t\t\n\t\t\t\t<div class=\"product-image-wrapper\">\n\t\t\t\t\t<img loading=\"lazy\" decoding=\"async\" width=\"600\" height=\"600\" src=\"https:\/\/intl.phonak.com\/hr-hr\/wp-content\/uploads\/sites\/67\/2021\/11\/FEATURED_Packshot_Roger_Table_Mic_II_x2_lying_perspective_052-4119-000P5.png?w=600\" class=\"attachment-post-thumbnail size-post-thumbnail wp-post-image\" alt=\"\" srcset=\"https:\/\/intl.phonak.com\/hr-hr\/wp-content\/uploads\/sites\/67\/2021\/11\/FEATURED_Packshot_Roger_Table_Mic_II_x2_lying_perspective_052-4119-000P5.png 600w, https:\/\/intl.phonak.com\/hr-hr\/wp-content\/uploads\/sites\/67\/2021\/11\/FEATURED_Packshot_Roger_Table_Mic_II_x2_lying_perspective_052-4119-000P5.png?resize=150,150 150w, https:\/\/intl.phonak.com\/hr-hr\/wp-content\/uploads\/sites\/67\/2021\/11\/FEATURED_Packshot_Roger_Table_Mic_II_x2_lying_perspective_052-4119-000P5.png?resize=300,300 300w\" sizes=\"auto, (max-width: 600px) 100vw, 600px\" \/>\t\t\t\t<\/div>\n\n\t\t\t\t<h3 class=\"entry-title\">Roger Table Mic<\/h3><p>Dizajnirano za zaposlene odrasle koji sudjeluju na sastancima; mogu se povezati u MultiTalker mre\u017eu koja povezuje vi\u0161e Roger mikrofona, omogu\u0107uju\u0107i korisnicima slu\u0161nih pomagala da \u010duju sve sudionike. <\/p>\n\t\t<\/div>\n\t\t<div class=\"wp-block-button\">\n\t\t\t<div class=\"wp-block-button__link\">Pro\u010ditaj vi\u0161e<\/div>\n\t\t<\/div>\n\t<\/a>\n<\/article><!-- #post-140 -->\n\t\t\t\t<\/div>\n\n\t\t\t\t\n\t\t<\/div>\n\t<\/div>\n\n\t\n\n\n<div class=\"wp-block-buttons is-content-justification-center is-layout-flex wp-container-core-buttons-is-layout-16018d1d wp-block-buttons-is-layout-flex\">\n<div class=\"wp-block-button\"><a class=\"wp-block-button__link wp-element-button\" href=\"https:\/\/intl.phonak.com\/hr-hr\/rjesenja\/proizvodi\/\">Svi proizvodi<\/a><\/div>\n<\/div>\n<\/div>\n\n\n\n<div class=\"wp-block-media-text is-stacked-on-mobile cta-block\" style=\"grid-template-columns:35% auto\"><figure class=\"wp-block-media-text__media\"><img decoding=\"async\" src=\"https:\/\/intl.phonak.com\/main-english\/wp-content\/uploads\/sites\/3\/2021\/11\/cta-image.jpg?w=401\" alt=\"\" class=\"wp-image-6738 size-full\"\/><\/figure><div class=\"wp-block-media-text__content\">\n<div class=\"wp-block-create-block-icon-selector\"><i class=\"fal fa-map-marker-alt\"><\/i><\/div>   \n<h3 class=\"wp-block-heading\">Stru\u010dnjaci za sluh u va\u0161oj blizini<\/h3>   <p>Stru\u010dnjaci za slu\u0161na pomagala mogu vam pomo\u0107i da napravite izbor koji je savr\u0161en za vas. Razmotrit \u0107e va\u0161e potrebe za sluhom, va\u0161 prora\u010dun, va\u0161 \u017eivotni stil i va\u0161e individualne preferencije sluha. <\/p>   <div class=\"wp-block-buttons is-layout-flex wp-block-buttons-is-layout-flex\">\n<div class=\"wp-block-button is-style-marker-green\"><a class=\"wp-block-button__link wp-element-button\" href=\"https:\/\/intl.phonak.com\/hr-hr\/pronadite-strucnjaka\/\">Prona\u0111ite stru\u010dnjaka<\/a><\/div>\n<\/div>\n<\/div><\/div> ","protected":false},"excerpt":{"rendered":"<p>Rje\u0161enja za sluh za djecu i tinejd\u017eere Svako dijete je jedinstveno, kao i njihove potrebe za slu\u0161anjem. Uz \u0161irok izbor&#8230;<\/p>\n","protected":false},"author":5,"featured_media":0,"parent":410,"menu_order":0,"comment_status":"closed","ping_status":"closed","template":"","meta":{"_acf_changed":false,"inline_featured_image":false,"footnotes":""},"class_list":["post-447","page","type-page","status-publish","hentry"],"acf":[],"yoast_head":"<!-- This site is optimized with the Yoast SEO plugin v26.9 - https:\/\/yoast.com\/product\/yoast-seo-wordpress\/ -->\n<title>Pedijatrijska rje\u0161enja - Phonak - Hrvatska<\/title>\n<meta name=\"robots\" content=\"index, follow, max-snippet:-1, max-image-preview:large, max-video-preview:-1\" \/>\n<link rel=\"canonical\" href=\"https:\/\/intl.phonak.com\/main-english\/solutions\/pediatric-solutions\/\" \/>\n<meta property=\"og:locale\" content=\"hr_HR\" \/>\n<meta property=\"og:type\" content=\"article\" \/>\n<meta property=\"og:title\" content=\"Pedijatrijska rje\u0161enja - Phonak - Hrvatska\" \/>\n<meta property=\"og:description\" content=\"Rje\u0161enja za sluh za djecu i tinejd\u017eere Svako dijete je jedinstveno, kao i njihove potrebe za slu\u0161anjem. Uz \u0161irok izbor...\" \/>\n<meta property=\"og:url\" content=\"https:\/\/intl.phonak.com\/hr-hr\/rjesenja\/pedijatrijska-rjesenja\/\" \/>\n<meta property=\"og:site_name\" content=\"Phonak - Hrvatska\" \/>\n<meta property=\"article:modified_time\" content=\"2025-11-05T15:18:22+00:00\" \/>\n<meta name=\"twitter:card\" content=\"summary_large_image\" \/>\n<meta name=\"twitter:label1\" content=\"Est. reading time\" \/>\n\t<meta name=\"twitter:data1\" content=\"4 minutes\" \/>\n<script type=\"application\/ld+json\" class=\"yoast-schema-graph\">{\"@context\":\"https:\/\/schema.org\",\"@graph\":[{\"@type\":\"WebPage\",\"@id\":\"https:\/\/intl.phonak.com\/hr-hr\/rjesenja\/pedijatrijska-rjesenja\/\",\"url\":\"https:\/\/intl.phonak.com\/hr-hr\/rjesenja\/pedijatrijska-rjesenja\/\",\"name\":\"Pedijatrijska rje\u0161enja - Phonak - Hrvatska\",\"isPartOf\":{\"@id\":\"https:\/\/intl.phonak.com\/hr-hr\/#website\"},\"primaryImageOfPage\":{\"@id\":\"https:\/\/intl.phonak.com\/hr-hr\/rjesenja\/pedijatrijska-rjesenja\/#primaryimage\"},\"image\":{\"@id\":\"https:\/\/intl.phonak.com\/hr-hr\/rjesenja\/pedijatrijska-rjesenja\/#primaryimage\"},\"thumbnailUrl\":\"https:\/\/intl.phonak.com\/hr-hr\/wp-content\/uploads\/sites\/3\/2023\/02\/PH_Pic_generic_kids_01.png\",\"datePublished\":\"2021-11-18T16:56:57+00:00\",\"dateModified\":\"2025-11-05T15:18:22+00:00\",\"breadcrumb\":{\"@id\":\"https:\/\/intl.phonak.com\/hr-hr\/rjesenja\/pedijatrijska-rjesenja\/#breadcrumb\"},\"inLanguage\":\"hr-HR\",\"potentialAction\":[{\"@type\":\"ReadAction\",\"target\":[\"https:\/\/intl.phonak.com\/hr-hr\/rjesenja\/pedijatrijska-rjesenja\/\"]}]},{\"@type\":\"ImageObject\",\"inLanguage\":\"hr-HR\",\"@id\":\"https:\/\/intl.phonak.com\/hr-hr\/rjesenja\/pedijatrijska-rjesenja\/#primaryimage\",\"url\":\"\",\"contentUrl\":\"\"},{\"@type\":\"BreadcrumbList\",\"@id\":\"https:\/\/intl.phonak.com\/hr-hr\/rjesenja\/pedijatrijska-rjesenja\/#breadcrumb\",\"itemListElement\":[{\"@type\":\"ListItem\",\"position\":1,\"name\":\"Home\",\"item\":\"https:\/\/intl.phonak.com\/hr-hr\/\"},{\"@type\":\"ListItem\",\"position\":2,\"name\":\"Rje\u0161enja\",\"item\":\"https:\/\/intl.phonak.com\/hr-hr\/rjesenja\/\"},{\"@type\":\"ListItem\",\"position\":3,\"name\":\"Pedijatrijska rje\u0161enja\"}]},{\"@type\":\"WebSite\",\"@id\":\"https:\/\/intl.phonak.com\/hr-hr\/#website\",\"url\":\"https:\/\/intl.phonak.com\/hr-hr\/\",\"name\":\"Phonak - Hrvatska\",\"description\":\"Posve\u0107eni promjeni \u017eivota\",\"publisher\":{\"@id\":\"https:\/\/intl.phonak.com\/hr-hr\/#organization\"},\"potentialAction\":[{\"@type\":\"SearchAction\",\"target\":{\"@type\":\"EntryPoint\",\"urlTemplate\":\"https:\/\/intl.phonak.com\/hr-hr\/?s={search_term_string}\"},\"query-input\":{\"@type\":\"PropertyValueSpecification\",\"valueRequired\":true,\"valueName\":\"search_term_string\"}}],\"inLanguage\":\"hr-HR\"},{\"@type\":\"Organization\",\"@id\":\"https:\/\/intl.phonak.com\/hr-hr\/#organization\",\"name\":\"Phonak - Hrvatska\",\"url\":\"https:\/\/intl.phonak.com\/hr-hr\/\",\"logo\":{\"@type\":\"ImageObject\",\"inLanguage\":\"hr-HR\",\"@id\":\"https:\/\/intl.phonak.com\/hr-hr\/#\/schema\/logo\/image\/\",\"url\":\"https:\/\/intl.phonak.com\/hr-hr\/wp-content\/uploads\/sites\/67\/2025\/06\/logo-phonak.svg\",\"contentUrl\":\"https:\/\/intl.phonak.com\/hr-hr\/wp-content\/uploads\/sites\/67\/2025\/06\/logo-phonak.svg\",\"caption\":\"Phonak - Hrvatska\"},\"image\":{\"@id\":\"https:\/\/intl.phonak.com\/hr-hr\/#\/schema\/logo\/image\/\"}}]}<\/script>\n<!-- \/ Yoast SEO plugin. -->","yoast_head_json":{"title":"Pedijatrijska rje\u0161enja - Phonak - Hrvatska","robots":{"index":"index","follow":"follow","max-snippet":"max-snippet:-1","max-image-preview":"max-image-preview:large","max-video-preview":"max-video-preview:-1"},"canonical":"https:\/\/intl.phonak.com\/main-english\/solutions\/pediatric-solutions\/","og_locale":"hr_HR","og_type":"article","og_title":"Pedijatrijska rje\u0161enja - Phonak - Hrvatska","og_description":"Rje\u0161enja za sluh za djecu i tinejd\u017eere Svako dijete je jedinstveno, kao i njihove potrebe za slu\u0161anjem. Uz \u0161irok izbor...","og_url":"https:\/\/intl.phonak.com\/hr-hr\/rjesenja\/pedijatrijska-rjesenja\/","og_site_name":"Phonak - Hrvatska","article_modified_time":"2025-11-05T15:18:22+00:00","twitter_card":"summary_large_image","twitter_misc":{"Est. reading time":"4 minutes"},"schema":{"@context":"https:\/\/schema.org","@graph":[{"@type":"WebPage","@id":"https:\/\/intl.phonak.com\/hr-hr\/rjesenja\/pedijatrijska-rjesenja\/","url":"https:\/\/intl.phonak.com\/hr-hr\/rjesenja\/pedijatrijska-rjesenja\/","name":"Pedijatrijska rje\u0161enja - Phonak - Hrvatska","isPartOf":{"@id":"https:\/\/intl.phonak.com\/hr-hr\/#website"},"primaryImageOfPage":{"@id":"https:\/\/intl.phonak.com\/hr-hr\/rjesenja\/pedijatrijska-rjesenja\/#primaryimage"},"image":{"@id":"https:\/\/intl.phonak.com\/hr-hr\/rjesenja\/pedijatrijska-rjesenja\/#primaryimage"},"thumbnailUrl":"https:\/\/intl.phonak.com\/hr-hr\/wp-content\/uploads\/sites\/3\/2023\/02\/PH_Pic_generic_kids_01.png","datePublished":"2021-11-18T16:56:57+00:00","dateModified":"2025-11-05T15:18:22+00:00","breadcrumb":{"@id":"https:\/\/intl.phonak.com\/hr-hr\/rjesenja\/pedijatrijska-rjesenja\/#breadcrumb"},"inLanguage":"hr-HR","potentialAction":[{"@type":"ReadAction","target":["https:\/\/intl.phonak.com\/hr-hr\/rjesenja\/pedijatrijska-rjesenja\/"]}]},{"@type":"ImageObject","inLanguage":"hr-HR","@id":"https:\/\/intl.phonak.com\/hr-hr\/rjesenja\/pedijatrijska-rjesenja\/#primaryimage","url":"","contentUrl":""},{"@type":"BreadcrumbList","@id":"https:\/\/intl.phonak.com\/hr-hr\/rjesenja\/pedijatrijska-rjesenja\/#breadcrumb","itemListElement":[{"@type":"ListItem","position":1,"name":"Home","item":"https:\/\/intl.phonak.com\/hr-hr\/"},{"@type":"ListItem","position":2,"name":"Rje\u0161enja","item":"https:\/\/intl.phonak.com\/hr-hr\/rjesenja\/"},{"@type":"ListItem","position":3,"name":"Pedijatrijska rje\u0161enja"}]},{"@type":"WebSite","@id":"https:\/\/intl.phonak.com\/hr-hr\/#website","url":"https:\/\/intl.phonak.com\/hr-hr\/","name":"Phonak - Hrvatska","description":"Posve\u0107eni promjeni \u017eivota","publisher":{"@id":"https:\/\/intl.phonak.com\/hr-hr\/#organization"},"potentialAction":[{"@type":"SearchAction","target":{"@type":"EntryPoint","urlTemplate":"https:\/\/intl.phonak.com\/hr-hr\/?s={search_term_string}"},"query-input":{"@type":"PropertyValueSpecification","valueRequired":true,"valueName":"search_term_string"}}],"inLanguage":"hr-HR"},{"@type":"Organization","@id":"https:\/\/intl.phonak.com\/hr-hr\/#organization","name":"Phonak - Hrvatska","url":"https:\/\/intl.phonak.com\/hr-hr\/","logo":{"@type":"ImageObject","inLanguage":"hr-HR","@id":"https:\/\/intl.phonak.com\/hr-hr\/#\/schema\/logo\/image\/","url":"https:\/\/intl.phonak.com\/hr-hr\/wp-content\/uploads\/sites\/67\/2025\/06\/logo-phonak.svg","contentUrl":"https:\/\/intl.phonak.com\/hr-hr\/wp-content\/uploads\/sites\/67\/2025\/06\/logo-phonak.svg","caption":"Phonak - Hrvatska"},"image":{"@id":"https:\/\/intl.phonak.com\/hr-hr\/#\/schema\/logo\/image\/"}}]}},"jetpack_sharing_enabled":true,"distributor_meta":false,"distributor_terms":false,"distributor_media":false,"distributor_original_site_name":"Phonak - Hrvatska","distributor_original_site_url":"https:\/\/intl.phonak.com\/hr-hr","push-errors":false,"_links":{"self":[{"href":"https:\/\/intl.phonak.com\/hr-hr\/wp-json\/wp\/v2\/pages\/447","targetHints":{"allow":["GET"]}}],"collection":[{"href":"https:\/\/intl.phonak.com\/hr-hr\/wp-json\/wp\/v2\/pages"}],"about":[{"href":"https:\/\/intl.phonak.com\/hr-hr\/wp-json\/wp\/v2\/types\/page"}],"author":[{"embeddable":true,"href":"https:\/\/intl.phonak.com\/hr-hr\/wp-json\/wp\/v2\/users\/5"}],"replies":[{"embeddable":true,"href":"https:\/\/intl.phonak.com\/hr-hr\/wp-json\/wp\/v2\/comments?post=447"}],"version-history":[{"count":18,"href":"https:\/\/intl.phonak.com\/hr-hr\/wp-json\/wp\/v2\/pages\/447\/revisions"}],"predecessor-version":[{"id":1524,"href":"https:\/\/intl.phonak.com\/hr-hr\/wp-json\/wp\/v2\/pages\/447\/revisions\/1524"}],"up":[{"embeddable":true,"href":"https:\/\/intl.phonak.com\/hr-hr\/wp-json\/wp\/v2\/pages\/410"}],"wp:attachment":[{"href":"https:\/\/intl.phonak.com\/hr-hr\/wp-json\/wp\/v2\/media?parent=447"}],"curies":[{"name":"wp","href":"https:\/\/api.w.org\/{rel}","templated":true}]}}