{"id":444,"date":"2021-11-29T20:47:45","date_gmt":"2021-11-29T20:47:45","guid":{"rendered":"https:\/\/intl.phonak.com\/hr-hr\/causes-of-hearing-loss\/"},"modified":"2025-09-08T14:21:56","modified_gmt":"2025-09-08T14:21:56","slug":"uzroci-gubitka-sluha","status":"publish","type":"page","link":"https:\/\/intl.phonak.com\/hr-hr\/gubitak-sluha\/uzroci-gubitka-sluha\/","title":{"rendered":"Uzroci gubitka sluha"},"content":{"rendered":"\n<div class=\"wp-block-cover alignfull is-light\"><img decoding=\"async\" class=\"wp-block-cover__image-background wp-image-4482\" alt=\"Signs of hearing loss\" src=\"https:\/\/intl.phonak.com\/hr-hr\/wp-content\/uploads\/sites\/3\/2022\/02\/Banner_ways-to-better-hearing.jpg\" style=\"object-position:15% 88%\" data-object-fit=\"cover\" data-object-position=\"15% 88%\"\/><span aria-hidden=\"true\" class=\"wp-block-cover__background has-white-background-color has-background-dim-40 has-background-dim\"><\/span><div class=\"wp-block-cover__inner-container is-layout-flow wp-block-cover-is-layout-flow\">\n<h1 class=\"wp-block-heading has-text-align-center has-dark-grey-color has-text-color\" id=\"causes-of-hearing-loss\">Uzroci gubitka sluha<\/h1>\n\n\n\n<p class=\"has-text-align-center has-dark-grey-color has-text-color has-lead-font-size\">Brzi pogled na to za\u0161to vi ili va\u0161a voljena osoba mo\u017eda imate gubitak sluha<\/p>\n<\/div><\/div>\n\n\n\n<h2 class=\"wp-block-heading has-text-align-center\" id=\"listen-to-your-hearing\">Slu\u0161ajte svoj sluh<\/h2>\n\n\n\n<p class=\"has-text-align-center\">U kona\u010dnici, mo\u017eete \u010duti samo ono \u0161to \u010dujete. Zato vam se stvari koje \u010dujete jo\u0161 uvijek mogu \u010diniti ispravnima, iako mo\u017eda ve\u0107 imate blagi gubitak sluha. Istina je da se va\u0161 mozak jednostavno prilago\u0111ava novoj situaciji i nadokna\u0111uje oslabljene signale koji dolaze iz u\u0161iju. Nakon nekog vremena va\u0161 mozak doslovno zaboravlja kako \u010duti, jer se ne sje\u0107a zvuka rije\u010di.<br><\/p>\n\n\n\n<p class=\"has-text-align-center\">Gubitak sluha mo\u017ee biti posljedica o\u0161te\u0107enja bilo kojeg od ovih odjeljaka:<\/p>\n\n\n\n<div style=\"height:62px\" aria-hidden=\"true\" class=\"wp-block-spacer\"><\/div>\n\n\n\n<figure class=\"wp-block-image aligncenter size-large\"><img decoding=\"async\" src=\"https:\/\/intl.phonak.com\/hr-hr\/wp-content\/uploads\/sites\/3\/2024\/05\/Anatomy_Ear-neutral.jpg?w=809\" alt=\"\" class=\"wp-image-8161\"\/><\/figure>\n\n\n\n<div style=\"height:53px\" aria-hidden=\"true\" class=\"wp-block-spacer\"><\/div>\n\n\n\n<div class=\"wp-block-columns is-layout-flex wp-container-core-columns-is-layout-9d6595d7 wp-block-columns-is-layout-flex\">\n<div class=\"wp-block-column is-layout-flow wp-block-column-is-layout-flow\">\n<h4 class=\"wp-block-heading has-text-align-center has-blue-color has-text-color\" id=\"causes-in-the-outer-ear\">1. Uzroci u vanjskom uhu<\/h4>\n\n\n\n<p class=\"has-text-align-center\">Tipi\u010dni problemi s vanjskim uhom uklju\u010duju \u010depove u\u0161nog voska i infekcije slu\u0161nog kanala. Obi\u010dno je rje\u0161avanje ovih problema vrlo jednostavno. Ali va\u017eno je djelovati brzo kako biste izbjegli o\u0161te\u0107enje sluha.<\/p>\n<\/div>\n\n\n\n<div class=\"wp-block-column is-layout-flow wp-block-column-is-layout-flow\">\n<h4 class=\"wp-block-heading has-text-align-center has-blue-color has-text-color\" id=\"causes-in-the-middle-ear\">2. Uzroci u srednjem uhu<\/h4>\n\n\n\n<p class=\"has-text-align-center\">Upala, teku\u0107ina iza bubnji\u0107a, perforacije bubnji\u0107a i otoskleroza (uko\u010denost kostiju u srednjem uhu) naj\u010de\u0161\u0107i su problemi koji ometaju rad srednjeg uha. Ve\u0107ina problema s vanjskim i srednjim uhom mo\u017ee se u\u010dinkovito rije\u0161iti lijekovima ili operacijom. Ako to nije mogu\u0107e, trajni gubitak sluha u ve\u0107ini slu\u010dajeva mo\u017ee se nadoknaditi slu\u0161nim aparatom.<\/p>\n<\/div>\n\n\n\n<div class=\"wp-block-column is-layout-flow wp-block-column-is-layout-flow\">\n<h4 class=\"wp-block-heading has-text-align-center has-blue-color has-text-color\" id=\"causes-in-the-inner-ear\">3. Uzroci u unutarnjem uhu<\/h4>\n\n\n\n<p class=\"has-text-align-center\">Ve\u0107ina problema sa sluhom odnosi se na unutarnje uho. Naj\u010de\u0161\u0107i uzrok je prirodni proces starenja. Ali glasna buka, uzimanje nekih vrsta lijekova ili prijelomi lubanje tako\u0111er mogu imati negativan utjecaj na sposobnost sluha osobe. Ti utjecaji o\u0161te\u0107uju fine stanice dla\u010dica i utje\u010du na prijenos signala slu\u0161nim \u017eivcima. Obi\u010dno se gubitak sluha unutarnjeg uha ne mo\u017ee medicinski rije\u0161iti. Me\u0111utim, ova vrsta gubitka sluha u ve\u0107ini slu\u010dajeva mo\u017ee se ispraviti slu\u0161nim aparatom.<\/p>\n<\/div>\n<\/div>\n\n\n\n<p><\/p>\n\n\n\n<p class=\"has-text-align-center\">Gubitak sluha uzrokovan o\u0161te\u0107enjem vanjskog ili srednjeg uha naziva se konduktivni gubitak sluha. O\u0161te\u0107enje unutarnjeg uha naziva se senzorineuralni gubitak sluha. Ako se obje vrste javljaju zajedno, stanje se naziva mje\u0161oviti gubitak sluha.<\/p>\n\n\n\n<div style=\"height:26px\" aria-hidden=\"true\" class=\"wp-block-spacer\"><\/div>\n\n\n\n<div class=\"wp-block-group alignfull has-light-grey-background-color has-background is-layout-flow wp-block-group-is-layout-flow\">\n<div class=\"wp-block-group is-style-align-small is-layout-flow wp-block-group-is-layout-flow\">\n<h3 class=\"wp-block-heading has-text-align-center has-blue-color has-text-color\" id=\"get-professional-help\">Zatra\u017eite stru\u010dnu pomo\u0107<\/h3>\n\n\n\n<p class=\"has-text-align-center\">Va\u0161 stru\u010dnjak za slu\u0161na pomagala pomo\u0107i \u0107e vam da napravite izbor koji je savr\u0161en za vas. Razmotrit \u0107e va\u0161e potrebe za sluhom, va\u0161 prora\u010dun, va\u0161 \u017eivotni stil i va\u0161e individualne preferencije sluha.<\/p>\n\n\n\n<p class=\"has-text-align-center\"><a href=\"https:\/\/intl.phonak.com\/hr-hr\/hearing-loss\/idi-kod-strucnjaka-za-sluh\/\">Saznajte \u0161to mo\u017eete o\u010dekivati na prvom terminu<\/a><\/p>\n<\/div>\n<\/div>\n\n\n\n<div class=\"wp-block-media-text is-stacked-on-mobile cta-block\" style=\"grid-template-columns:35% auto\"><figure class=\"wp-block-media-text__media\"><img decoding=\"async\" src=\"https:\/\/intl.phonak.com\/main-english\/wp-content\/uploads\/sites\/3\/2021\/11\/cta-image.jpg?w=401\" alt=\"\" class=\"wp-image-6738 size-full\"\/><\/figure><div class=\"wp-block-media-text__content\">\n<div class=\"wp-block-create-block-icon-selector\"><i class=\"fal fa-map-marker-alt\"><\/i><\/div>   \n<h3 class=\"wp-block-heading\">Stru\u010dnjaci za sluh u va\u0161oj blizini<\/h3>   <p>Stru\u010dnjaci za slu\u0161na pomagala mogu vam pomo\u0107i da napravite izbor koji je savr\u0161en za vas. Razmotrit \u0107e va\u0161e potrebe za sluhom, va\u0161 prora\u010dun, va\u0161 \u017eivotni stil i va\u0161e individualne preferencije sluha. <\/p>   <div class=\"wp-block-buttons is-layout-flex wp-block-buttons-is-layout-flex\">\n<div class=\"wp-block-button is-style-marker-green\"><a class=\"wp-block-button__link wp-element-button\" href=\"https:\/\/intl.phonak.com\/hr-hr\/pronadite-strucnjaka\/\">Prona\u0111ite stru\u010dnjaka<\/a><\/div>\n<\/div>\n<\/div><\/div> \n\n\n<p><\/p>\n","protected":false},"excerpt":{"rendered":"<p>Slu\u0161ajte svoj sluh U kona\u010dnici, mo\u017eete \u010duti samo ono \u0161to \u010dujete. Zato vam se stvari koje \u010dujete jo\u0161 uvijek mogu&#8230;<\/p>\n","protected":false},"author":5,"featured_media":1100,"parent":393,"menu_order":0,"comment_status":"closed","ping_status":"closed","template":"","meta":{"_acf_changed":false,"inline_featured_image":false,"footnotes":""},"class_list":["post-444","page","type-page","status-publish","has-post-thumbnail","hentry"],"acf":[],"yoast_head":"<!-- This site is optimized with the Yoast SEO plugin v26.9 - https:\/\/yoast.com\/product\/yoast-seo-wordpress\/ -->\n<title>Uzroci gubitka sluha - Phonak - Hrvatska<\/title>\n<meta name=\"robots\" content=\"index, follow, max-snippet:-1, max-image-preview:large, max-video-preview:-1\" \/>\n<link rel=\"canonical\" href=\"https:\/\/intl.phonak.com\/main-english\/hearing-loss\/causes-of-hearing-loss\/\" \/>\n<meta property=\"og:locale\" content=\"hr_HR\" \/>\n<meta property=\"og:type\" content=\"article\" \/>\n<meta property=\"og:title\" content=\"Uzroci gubitka sluha - Phonak - Hrvatska\" \/>\n<meta property=\"og:description\" content=\"Slu\u0161ajte svoj sluh U kona\u010dnici, mo\u017eete \u010duti samo ono \u0161to \u010dujete. Zato vam se stvari koje \u010dujete jo\u0161 uvijek mogu...\" \/>\n<meta property=\"og:url\" content=\"https:\/\/intl.phonak.com\/hr-hr\/gubitak-sluha\/uzroci-gubitka-sluha\/\" \/>\n<meta property=\"og:site_name\" content=\"Phonak - Hrvatska\" \/>\n<meta property=\"article:modified_time\" content=\"2025-09-08T14:21:56+00:00\" \/>\n<meta property=\"og:image\" content=\"https:\/\/intl.phonak.com\/hr-hr\/wp-content\/uploads\/sites\/67\/2021\/11\/PH_Packshot_Audeo-I-Sphere-xReceiver_050-1029-P7.png\" \/>\n\t<meta property=\"og:image:width\" content=\"600\" \/>\n\t<meta property=\"og:image:height\" content=\"600\" \/>\n\t<meta property=\"og:image:type\" content=\"image\/png\" \/>\n<meta name=\"twitter:card\" content=\"summary_large_image\" \/>\n<meta name=\"twitter:label1\" content=\"Est. reading time\" \/>\n\t<meta name=\"twitter:data1\" content=\"3 minutes\" \/>\n<script type=\"application\/ld+json\" class=\"yoast-schema-graph\">{\"@context\":\"https:\/\/schema.org\",\"@graph\":[{\"@type\":\"WebPage\",\"@id\":\"https:\/\/intl.phonak.com\/hr-hr\/gubitak-sluha\/uzroci-gubitka-sluha\/\",\"url\":\"https:\/\/intl.phonak.com\/hr-hr\/gubitak-sluha\/uzroci-gubitka-sluha\/\",\"name\":\"Uzroci gubitka sluha - Phonak - Hrvatska\",\"isPartOf\":{\"@id\":\"https:\/\/intl.phonak.com\/hr-hr\/#website\"},\"primaryImageOfPage\":{\"@id\":\"https:\/\/intl.phonak.com\/hr-hr\/gubitak-sluha\/uzroci-gubitka-sluha\/#primaryimage\"},\"image\":{\"@id\":\"https:\/\/intl.phonak.com\/hr-hr\/gubitak-sluha\/uzroci-gubitka-sluha\/#primaryimage\"},\"thumbnailUrl\":\"https:\/\/intl.phonak.com\/hr-hr\/wp-content\/uploads\/sites\/67\/2021\/11\/PH_Packshot_Audeo-I-Sphere-xReceiver_050-1029-P7.png\",\"datePublished\":\"2021-11-29T20:47:45+00:00\",\"dateModified\":\"2025-09-08T14:21:56+00:00\",\"breadcrumb\":{\"@id\":\"https:\/\/intl.phonak.com\/hr-hr\/gubitak-sluha\/uzroci-gubitka-sluha\/#breadcrumb\"},\"inLanguage\":\"hr-HR\",\"potentialAction\":[{\"@type\":\"ReadAction\",\"target\":[\"https:\/\/intl.phonak.com\/hr-hr\/gubitak-sluha\/uzroci-gubitka-sluha\/\"]}]},{\"@type\":\"ImageObject\",\"inLanguage\":\"hr-HR\",\"@id\":\"https:\/\/intl.phonak.com\/hr-hr\/gubitak-sluha\/uzroci-gubitka-sluha\/#primaryimage\",\"url\":\"https:\/\/intl.phonak.com\/hr-hr\/wp-content\/uploads\/sites\/67\/2021\/11\/PH_Packshot_Audeo-I-Sphere-xReceiver_050-1029-P7.png\",\"contentUrl\":\"https:\/\/intl.phonak.com\/hr-hr\/wp-content\/uploads\/sites\/67\/2021\/11\/PH_Packshot_Audeo-I-Sphere-xReceiver_050-1029-P7.png\",\"width\":600,\"height\":600,\"caption\":\"Phonak Aud\u00e9o Sphere Infinio\"},{\"@type\":\"BreadcrumbList\",\"@id\":\"https:\/\/intl.phonak.com\/hr-hr\/gubitak-sluha\/uzroci-gubitka-sluha\/#breadcrumb\",\"itemListElement\":[{\"@type\":\"ListItem\",\"position\":1,\"name\":\"Home\",\"item\":\"https:\/\/intl.phonak.com\/hr-hr\/\"},{\"@type\":\"ListItem\",\"position\":2,\"name\":\"Gubitak sluha\",\"item\":\"https:\/\/intl.phonak.com\/hr-hr\/gubitak-sluha\/\"},{\"@type\":\"ListItem\",\"position\":3,\"name\":\"Uzroci gubitka sluha\"}]},{\"@type\":\"WebSite\",\"@id\":\"https:\/\/intl.phonak.com\/hr-hr\/#website\",\"url\":\"https:\/\/intl.phonak.com\/hr-hr\/\",\"name\":\"Phonak - Hrvatska\",\"description\":\"Posve\u0107eni promjeni \u017eivota\",\"publisher\":{\"@id\":\"https:\/\/intl.phonak.com\/hr-hr\/#organization\"},\"potentialAction\":[{\"@type\":\"SearchAction\",\"target\":{\"@type\":\"EntryPoint\",\"urlTemplate\":\"https:\/\/intl.phonak.com\/hr-hr\/?s={search_term_string}\"},\"query-input\":{\"@type\":\"PropertyValueSpecification\",\"valueRequired\":true,\"valueName\":\"search_term_string\"}}],\"inLanguage\":\"hr-HR\"},{\"@type\":\"Organization\",\"@id\":\"https:\/\/intl.phonak.com\/hr-hr\/#organization\",\"name\":\"Phonak - Hrvatska\",\"url\":\"https:\/\/intl.phonak.com\/hr-hr\/\",\"logo\":{\"@type\":\"ImageObject\",\"inLanguage\":\"hr-HR\",\"@id\":\"https:\/\/intl.phonak.com\/hr-hr\/#\/schema\/logo\/image\/\",\"url\":\"https:\/\/intl.phonak.com\/hr-hr\/wp-content\/uploads\/sites\/67\/2025\/06\/logo-phonak.svg\",\"contentUrl\":\"https:\/\/intl.phonak.com\/hr-hr\/wp-content\/uploads\/sites\/67\/2025\/06\/logo-phonak.svg\",\"caption\":\"Phonak - Hrvatska\"},\"image\":{\"@id\":\"https:\/\/intl.phonak.com\/hr-hr\/#\/schema\/logo\/image\/\"}}]}<\/script>\n<!-- \/ Yoast SEO plugin. -->","yoast_head_json":{"title":"Uzroci gubitka sluha - Phonak - Hrvatska","robots":{"index":"index","follow":"follow","max-snippet":"max-snippet:-1","max-image-preview":"max-image-preview:large","max-video-preview":"max-video-preview:-1"},"canonical":"https:\/\/intl.phonak.com\/main-english\/hearing-loss\/causes-of-hearing-loss\/","og_locale":"hr_HR","og_type":"article","og_title":"Uzroci gubitka sluha - Phonak - Hrvatska","og_description":"Slu\u0161ajte svoj sluh U kona\u010dnici, mo\u017eete \u010duti samo ono \u0161to \u010dujete. Zato vam se stvari koje \u010dujete jo\u0161 uvijek mogu...","og_url":"https:\/\/intl.phonak.com\/hr-hr\/gubitak-sluha\/uzroci-gubitka-sluha\/","og_site_name":"Phonak - Hrvatska","article_modified_time":"2025-09-08T14:21:56+00:00","og_image":[{"width":600,"height":600,"url":"https:\/\/intl.phonak.com\/hr-hr\/wp-content\/uploads\/sites\/67\/2021\/11\/PH_Packshot_Audeo-I-Sphere-xReceiver_050-1029-P7.png","type":"image\/png"}],"twitter_card":"summary_large_image","twitter_misc":{"Est. reading time":"3 minutes"},"schema":{"@context":"https:\/\/schema.org","@graph":[{"@type":"WebPage","@id":"https:\/\/intl.phonak.com\/hr-hr\/gubitak-sluha\/uzroci-gubitka-sluha\/","url":"https:\/\/intl.phonak.com\/hr-hr\/gubitak-sluha\/uzroci-gubitka-sluha\/","name":"Uzroci gubitka sluha - Phonak - Hrvatska","isPartOf":{"@id":"https:\/\/intl.phonak.com\/hr-hr\/#website"},"primaryImageOfPage":{"@id":"https:\/\/intl.phonak.com\/hr-hr\/gubitak-sluha\/uzroci-gubitka-sluha\/#primaryimage"},"image":{"@id":"https:\/\/intl.phonak.com\/hr-hr\/gubitak-sluha\/uzroci-gubitka-sluha\/#primaryimage"},"thumbnailUrl":"https:\/\/intl.phonak.com\/hr-hr\/wp-content\/uploads\/sites\/67\/2021\/11\/PH_Packshot_Audeo-I-Sphere-xReceiver_050-1029-P7.png","datePublished":"2021-11-29T20:47:45+00:00","dateModified":"2025-09-08T14:21:56+00:00","breadcrumb":{"@id":"https:\/\/intl.phonak.com\/hr-hr\/gubitak-sluha\/uzroci-gubitka-sluha\/#breadcrumb"},"inLanguage":"hr-HR","potentialAction":[{"@type":"ReadAction","target":["https:\/\/intl.phonak.com\/hr-hr\/gubitak-sluha\/uzroci-gubitka-sluha\/"]}]},{"@type":"ImageObject","inLanguage":"hr-HR","@id":"https:\/\/intl.phonak.com\/hr-hr\/gubitak-sluha\/uzroci-gubitka-sluha\/#primaryimage","url":"https:\/\/intl.phonak.com\/hr-hr\/wp-content\/uploads\/sites\/67\/2021\/11\/PH_Packshot_Audeo-I-Sphere-xReceiver_050-1029-P7.png","contentUrl":"https:\/\/intl.phonak.com\/hr-hr\/wp-content\/uploads\/sites\/67\/2021\/11\/PH_Packshot_Audeo-I-Sphere-xReceiver_050-1029-P7.png","width":600,"height":600,"caption":"Phonak Aud\u00e9o Sphere Infinio"},{"@type":"BreadcrumbList","@id":"https:\/\/intl.phonak.com\/hr-hr\/gubitak-sluha\/uzroci-gubitka-sluha\/#breadcrumb","itemListElement":[{"@type":"ListItem","position":1,"name":"Home","item":"https:\/\/intl.phonak.com\/hr-hr\/"},{"@type":"ListItem","position":2,"name":"Gubitak sluha","item":"https:\/\/intl.phonak.com\/hr-hr\/gubitak-sluha\/"},{"@type":"ListItem","position":3,"name":"Uzroci gubitka sluha"}]},{"@type":"WebSite","@id":"https:\/\/intl.phonak.com\/hr-hr\/#website","url":"https:\/\/intl.phonak.com\/hr-hr\/","name":"Phonak - Hrvatska","description":"Posve\u0107eni promjeni \u017eivota","publisher":{"@id":"https:\/\/intl.phonak.com\/hr-hr\/#organization"},"potentialAction":[{"@type":"SearchAction","target":{"@type":"EntryPoint","urlTemplate":"https:\/\/intl.phonak.com\/hr-hr\/?s={search_term_string}"},"query-input":{"@type":"PropertyValueSpecification","valueRequired":true,"valueName":"search_term_string"}}],"inLanguage":"hr-HR"},{"@type":"Organization","@id":"https:\/\/intl.phonak.com\/hr-hr\/#organization","name":"Phonak - Hrvatska","url":"https:\/\/intl.phonak.com\/hr-hr\/","logo":{"@type":"ImageObject","inLanguage":"hr-HR","@id":"https:\/\/intl.phonak.com\/hr-hr\/#\/schema\/logo\/image\/","url":"https:\/\/intl.phonak.com\/hr-hr\/wp-content\/uploads\/sites\/67\/2025\/06\/logo-phonak.svg","contentUrl":"https:\/\/intl.phonak.com\/hr-hr\/wp-content\/uploads\/sites\/67\/2025\/06\/logo-phonak.svg","caption":"Phonak - Hrvatska"},"image":{"@id":"https:\/\/intl.phonak.com\/hr-hr\/#\/schema\/logo\/image\/"}}]}},"jetpack_sharing_enabled":true,"distributor_meta":false,"distributor_terms":false,"distributor_media":false,"distributor_original_site_name":"Phonak - Hrvatska","distributor_original_site_url":"https:\/\/intl.phonak.com\/hr-hr","push-errors":false,"_links":{"self":[{"href":"https:\/\/intl.phonak.com\/hr-hr\/wp-json\/wp\/v2\/pages\/444","targetHints":{"allow":["GET"]}}],"collection":[{"href":"https:\/\/intl.phonak.com\/hr-hr\/wp-json\/wp\/v2\/pages"}],"about":[{"href":"https:\/\/intl.phonak.com\/hr-hr\/wp-json\/wp\/v2\/types\/page"}],"author":[{"embeddable":true,"href":"https:\/\/intl.phonak.com\/hr-hr\/wp-json\/wp\/v2\/users\/5"}],"replies":[{"embeddable":true,"href":"https:\/\/intl.phonak.com\/hr-hr\/wp-json\/wp\/v2\/comments?post=444"}],"version-history":[{"count":11,"href":"https:\/\/intl.phonak.com\/hr-hr\/wp-json\/wp\/v2\/pages\/444\/revisions"}],"predecessor-version":[{"id":1368,"href":"https:\/\/intl.phonak.com\/hr-hr\/wp-json\/wp\/v2\/pages\/444\/revisions\/1368"}],"up":[{"embeddable":true,"href":"https:\/\/intl.phonak.com\/hr-hr\/wp-json\/wp\/v2\/pages\/393"}],"wp:featuredmedia":[{"embeddable":true,"href":"https:\/\/intl.phonak.com\/hr-hr\/wp-json\/wp\/v2\/media\/1100"}],"wp:attachment":[{"href":"https:\/\/intl.phonak.com\/hr-hr\/wp-json\/wp\/v2\/media?parent=444"}],"curies":[{"name":"wp","href":"https:\/\/api.w.org\/{rel}","templated":true}]}}