{"id":441,"date":"2021-11-29T21:39:57","date_gmt":"2021-11-29T21:39:57","guid":{"rendered":"https:\/\/intl.phonak.com\/hr-hr\/go-to-a-hearing-expert\/"},"modified":"2025-09-17T12:29:23","modified_gmt":"2025-09-17T12:29:23","slug":"idi-kod-strucnjaka-za-sluh","status":"publish","type":"page","link":"https:\/\/intl.phonak.com\/hr-hr\/gubitak-sluha\/idi-kod-strucnjaka-za-sluh\/","title":{"rendered":"Idite stru\u010dnjaku za sluh"},"content":{"rendered":"\n<div class=\"wp-block-cover alignfull\"><img decoding=\"async\" class=\"wp-block-cover__image-background wp-image-7280\" alt=\"HCP fitting a Client\" src=\"https:\/\/intl.phonak.com\/hr-hr\/wp-content\/uploads\/sites\/3\/2023\/12\/Hearing-banner_HCPFittingClient_01-1.jpg\" data-object-fit=\"cover\"\/><span aria-hidden=\"true\" class=\"wp-block-cover__background has-light-grey-background-color has-background-dim-60 has-background-dim\"><\/span><div class=\"wp-block-cover__inner-container is-layout-flow wp-block-cover-is-layout-flow\">\n<h1 class=\"wp-block-heading has-text-align-center has-grey-500-color has-text-color\" id=\"your-first-appointment-with-a-hearing-expert\">Va\u0161 prvi sastanak sa stru\u010dnjakom za sluh.<\/h1>\n\n\n\n<p class=\"has-text-align-center has-grey-500-color has-text-color has-lead-font-size\">Redoviti testovi sluha poma\u017eu vam da rano prepoznate gubitak sluha. <br>Kada ste zadnji put testirali sluh?<\/p>\n\n\n\n<div class=\"wp-block-buttons is-horizontal is-content-justification-center is-layout-flex wp-container-core-buttons-is-layout-499968f5 wp-block-buttons-is-layout-flex\">\n<div class=\"wp-block-button is-style-marker-green\"><a class=\"wp-block-button__link wp-element-button\" href=\"https:\/\/intl.phonak.com\/hr-hr\/pronadite-strucnjaka\/\">Prona\u0111ite stru\u010dnjaka<\/a><\/div>\n<\/div>\n<\/div><\/div>\n\n\n\n<div class=\"wp-block-group is-style-align-small is-layout-flow wp-block-group-is-layout-flow\" style=\"padding-top:0px\">\n<h2 class=\"wp-block-heading has-text-align-center\" id=\"what-to-expect\">\u0160to o\u010dekivati<\/h2>\n\n\n\n<p class=\"has-text-align-center\">Vjerojatno ste se ve\u0107 pitali \u0161to \u0107e se dogoditi tijekom stru\u010dnog savjetovanja. Dopustite nam da vas opustimo i damo vam ideju o tome \u0161to mo\u017eete o\u010dekivati na prvom terminu. <\/p>\n\n\n\n<h3 class=\"wp-block-heading has-blue-color has-text-color\" id=\"1-plan-enough-time\">1. Planirajte dovoljno vremena<\/h3>\n\n\n\n<p class=\"has-text-align-left\">Va\u0161 prvi posjet trajat \u0107e oko sat vremena. Ako \u017eelite, mo\u017eete zamoliti ro\u0111aka ili prijatelja da vam se pridru\u017ei. Mnogi se ljudi tako osje\u0107aju sigurnije. Prijateljsko lice uz vas posebno je korisno ako postoje problemi u komunikaciji.<\/p>\n\n\n\n<h3 class=\"wp-block-heading has-blue-color has-text-color\" id=\"2-ear-examination\">2. Pregled uha<\/h3>\n\n\n\n<p>Audiolog, dozator slu\u0161nih pomagala ili ORL specijalist pregledat \u0107e va\u0161e u\u0161i. Ovo je za provjeru problema poput prekomjernog voska ili infekcija uha.<\/p>\n\n\n\n<h3 class=\"wp-block-heading has-blue-color has-text-color\" id=\"3-hearing-test\">3. Test sluha<\/h3>\n\n\n\n<p>Nakon pregleda, audiolog, dozator slu\u0161nih pomagala ili ORL specijalist napravit \u0107e test sluha. Dobit \u0107ete slu\u0161alice i stru\u010dnjak \u0107e pustiti niz tonova, neki od tih tonova bit \u0107e glasni i lako ih se \u010duti, a neki \u0107e biti tihi i malo te\u017ee za \u010duti. Jedino \u0161to trebate u\u010diniti je obavijestiti stru\u010dnjaka ili pritisnuti gumb kada \u010dujete ton. Nakon pregleda i ispitivanja sluha stru\u010dnjak \u0107e vam mo\u0107i re\u0107i vi\u0161e o va\u0161em sluhu i gubitku sluha.<\/p>\n\n\n\n<h3 class=\"wp-block-heading has-blue-color has-text-color\" id=\"selection-of-hearing-solutions-1\">4. Odabir slu\u0161nih rje\u0161enja<\/h3>\n\n\n\n<p>Na kraju savjetovanja stru\u010dnjak \u0107e vam objasniti sve mogu\u0107nosti koje su vam na raspolaganju kako biste povratili svoj sluh. Prikazat \u0107e vam se izbor slu\u0161nih pomagala koja su prikladna za va\u0161 gubitak sluha. Objasnit \u0107e vam se razlike i prednosti proizvoda.<\/p>\n\n\n\n<p>Sada je pravo vrijeme da postavite sva pitanja koja biste mogli imati i da stru\u010dnjaku date \u0161to vi\u0161e informacija. \u0160to vi\u0161e zna o vama, to \u0107ete bolju pomo\u0107 dobiti. Stoga je preporu\u010dljivo razmi\u0161ljati o situacijama u kojima imate problema sa sluhom (tijekom obiteljskih okupljanja, tijekom sastanaka, u glasnom okru\u017eenju, dok gledate televiziju, razgovarate telefonom, slu\u0161ate glazbu itd.) &nbsp; prije nego \u0161to do\u0111ete na sastanak.<\/p>\n\n\n\n<div style=\"height:35px\" aria-hidden=\"true\" class=\"wp-block-spacer\"><\/div>\n<\/div>\n\n\n\n<div class=\"wp-block-group alignfull has-light-grey-background-color has-background is-layout-flow wp-block-group-is-layout-flow\">\n<div class=\"wp-block-group is-style-align-small is-layout-flow wp-block-group-is-layout-flow\">\n<p class=\"has-text-align-center is-style-default\"><strong>SLJEDE\u0106I KORAK:<\/strong><\/p>\n\n\n\n<h3 class=\"wp-block-heading has-text-align-center\" id=\"customization-of-your-new-hearing-aid-1\">Prilagodba va\u0161eg novog slu\u0161nog aparata<\/h3>\n\n\n\n<p class=\"has-text-align-center is-style-default\">Phonak je globalni lider u razvoju slu\u0161nih rje\u0161enja. Kontinuiranim naporima u pronala\u017eenju novih rje\u0161enja uspijevamo posti\u0107i jednu od najvi\u0161ih stopa inovacija u industriji. <\/p>\n\n\n\n<p class=\"has-text-align-center\"><a href=\"https:\/\/intl.phonak.com\/hr-hr\/rjesenja\/slusni-aparati\/\">Saznajte vi\u0161e o Phonak slu\u0161nim pomagalima<\/a><\/p>\n\n\n\n<p class=\"has-text-align-center is-style-default\">Phonak&nbsp; Slu\u0161ni aparati su prilagodljivi kako bi odgovarali va\u0161im potrebama, no moraju biti optimizirani kako biste bili sigurni da ostanete s nama, bez obzira na to gdje se nalazite.<\/p>\n\n\n\n<p class=\"has-text-align-center\"><a href=\"https:\/\/intl.phonak.com\/hr-hr\/gubitak-sluha\/prilagodba-slusnih-aparata\/\">Saznajte vi\u0161e o prilagodbi slu\u0161nih pomagala<\/a><\/p>\n<\/div>\n<\/div>\n\n\n\n<div class=\"wp-block-media-text is-stacked-on-mobile cta-block\" style=\"grid-template-columns:35% auto\"><figure class=\"wp-block-media-text__media\"><img decoding=\"async\" src=\"https:\/\/intl.phonak.com\/main-english\/wp-content\/uploads\/sites\/3\/2021\/11\/cta-image.jpg?w=401\" alt=\"\" class=\"wp-image-6738 size-full\"\/><\/figure><div class=\"wp-block-media-text__content\">\n<div class=\"wp-block-create-block-icon-selector\"><i class=\"fal fa-map-marker-alt\"><\/i><\/div>   \n<h3 class=\"wp-block-heading\">Stru\u010dnjaci za sluh u va\u0161oj blizini<\/h3>   <p>Stru\u010dnjaci za slu\u0161na pomagala mogu vam pomo\u0107i da napravite izbor koji je savr\u0161en za vas. Razmotrit \u0107e va\u0161e potrebe za sluhom, va\u0161 prora\u010dun, va\u0161 \u017eivotni stil i va\u0161e individualne preferencije sluha. <\/p>   <div class=\"wp-block-buttons is-layout-flex wp-block-buttons-is-layout-flex\">\n<div class=\"wp-block-button is-style-marker-green\"><a class=\"wp-block-button__link wp-element-button\" href=\"https:\/\/intl.phonak.com\/hr-hr\/pronadite-strucnjaka\/\">Prona\u0111ite stru\u010dnjaka<\/a><\/div>\n<\/div>\n<\/div><\/div> ","protected":false},"excerpt":{"rendered":"<p>\u0160to o\u010dekivati Vjerojatno ste se ve\u0107 pitali \u0161to \u0107e se dogoditi tijekom stru\u010dnog savjetovanja. Dopustite nam da vas opustimo i&#8230;<\/p>\n","protected":false},"author":5,"featured_media":0,"parent":393,"menu_order":0,"comment_status":"closed","ping_status":"closed","template":"","meta":{"_acf_changed":false,"inline_featured_image":false,"footnotes":""},"class_list":["post-441","page","type-page","status-publish","hentry"],"acf":[],"yoast_head":"<!-- This site is optimized with the Yoast SEO plugin v26.9 - https:\/\/yoast.com\/product\/yoast-seo-wordpress\/ -->\n<title>Idite stru\u010dnjaku za sluh - Phonak - Hrvatska<\/title>\n<meta name=\"robots\" content=\"index, follow, max-snippet:-1, max-image-preview:large, max-video-preview:-1\" \/>\n<link rel=\"canonical\" href=\"https:\/\/intl.phonak.com\/main-english\/hearing-loss\/go-to-a-hearing-expert\/\" \/>\n<meta property=\"og:locale\" content=\"hr_HR\" \/>\n<meta property=\"og:type\" content=\"article\" \/>\n<meta property=\"og:title\" content=\"Idite stru\u010dnjaku za sluh - Phonak - Hrvatska\" \/>\n<meta property=\"og:description\" content=\"\u0160to o\u010dekivati Vjerojatno ste se ve\u0107 pitali \u0161to \u0107e se dogoditi tijekom stru\u010dnog savjetovanja. Dopustite nam da vas opustimo i...\" \/>\n<meta property=\"og:url\" content=\"https:\/\/intl.phonak.com\/hr-hr\/gubitak-sluha\/idi-kod-strucnjaka-za-sluh\/\" \/>\n<meta property=\"og:site_name\" content=\"Phonak - Hrvatska\" \/>\n<meta property=\"article:modified_time\" content=\"2025-09-17T12:29:23+00:00\" \/>\n<meta name=\"twitter:card\" content=\"summary_large_image\" \/>\n<meta name=\"twitter:label1\" content=\"Est. reading time\" \/>\n\t<meta name=\"twitter:data1\" content=\"5 minutes\" \/>\n<script type=\"application\/ld+json\" class=\"yoast-schema-graph\">{\"@context\":\"https:\/\/schema.org\",\"@graph\":[{\"@type\":\"WebPage\",\"@id\":\"https:\/\/intl.phonak.com\/hr-hr\/gubitak-sluha\/idi-kod-strucnjaka-za-sluh\/\",\"url\":\"https:\/\/intl.phonak.com\/hr-hr\/gubitak-sluha\/idi-kod-strucnjaka-za-sluh\/\",\"name\":\"Idite stru\u010dnjaku za sluh - Phonak - Hrvatska\",\"isPartOf\":{\"@id\":\"https:\/\/intl.phonak.com\/hr-hr\/#website\"},\"primaryImageOfPage\":{\"@id\":\"https:\/\/intl.phonak.com\/hr-hr\/gubitak-sluha\/idi-kod-strucnjaka-za-sluh\/#primaryimage\"},\"image\":{\"@id\":\"https:\/\/intl.phonak.com\/hr-hr\/gubitak-sluha\/idi-kod-strucnjaka-za-sluh\/#primaryimage\"},\"thumbnailUrl\":\"https:\/\/intl.phonak.com\/hr-hr\/wp-content\/uploads\/sites\/3\/2023\/12\/Hearing-banner_HCPFittingClient_01-1.jpg\",\"datePublished\":\"2021-11-29T21:39:57+00:00\",\"dateModified\":\"2025-09-17T12:29:23+00:00\",\"breadcrumb\":{\"@id\":\"https:\/\/intl.phonak.com\/hr-hr\/gubitak-sluha\/idi-kod-strucnjaka-za-sluh\/#breadcrumb\"},\"inLanguage\":\"hr-HR\",\"potentialAction\":[{\"@type\":\"ReadAction\",\"target\":[\"https:\/\/intl.phonak.com\/hr-hr\/gubitak-sluha\/idi-kod-strucnjaka-za-sluh\/\"]}]},{\"@type\":\"ImageObject\",\"inLanguage\":\"hr-HR\",\"@id\":\"https:\/\/intl.phonak.com\/hr-hr\/gubitak-sluha\/idi-kod-strucnjaka-za-sluh\/#primaryimage\",\"url\":\"\",\"contentUrl\":\"\"},{\"@type\":\"BreadcrumbList\",\"@id\":\"https:\/\/intl.phonak.com\/hr-hr\/gubitak-sluha\/idi-kod-strucnjaka-za-sluh\/#breadcrumb\",\"itemListElement\":[{\"@type\":\"ListItem\",\"position\":1,\"name\":\"Home\",\"item\":\"https:\/\/intl.phonak.com\/hr-hr\/\"},{\"@type\":\"ListItem\",\"position\":2,\"name\":\"Gubitak sluha\",\"item\":\"https:\/\/intl.phonak.com\/hr-hr\/gubitak-sluha\/\"},{\"@type\":\"ListItem\",\"position\":3,\"name\":\"Idite stru\u010dnjaku za sluh\"}]},{\"@type\":\"WebSite\",\"@id\":\"https:\/\/intl.phonak.com\/hr-hr\/#website\",\"url\":\"https:\/\/intl.phonak.com\/hr-hr\/\",\"name\":\"Phonak - Hrvatska\",\"description\":\"Posve\u0107eni promjeni \u017eivota\",\"publisher\":{\"@id\":\"https:\/\/intl.phonak.com\/hr-hr\/#organization\"},\"potentialAction\":[{\"@type\":\"SearchAction\",\"target\":{\"@type\":\"EntryPoint\",\"urlTemplate\":\"https:\/\/intl.phonak.com\/hr-hr\/?s={search_term_string}\"},\"query-input\":{\"@type\":\"PropertyValueSpecification\",\"valueRequired\":true,\"valueName\":\"search_term_string\"}}],\"inLanguage\":\"hr-HR\"},{\"@type\":\"Organization\",\"@id\":\"https:\/\/intl.phonak.com\/hr-hr\/#organization\",\"name\":\"Phonak - Hrvatska\",\"url\":\"https:\/\/intl.phonak.com\/hr-hr\/\",\"logo\":{\"@type\":\"ImageObject\",\"inLanguage\":\"hr-HR\",\"@id\":\"https:\/\/intl.phonak.com\/hr-hr\/#\/schema\/logo\/image\/\",\"url\":\"https:\/\/intl.phonak.com\/hr-hr\/wp-content\/uploads\/sites\/67\/2025\/06\/logo-phonak.svg\",\"contentUrl\":\"https:\/\/intl.phonak.com\/hr-hr\/wp-content\/uploads\/sites\/67\/2025\/06\/logo-phonak.svg\",\"caption\":\"Phonak - Hrvatska\"},\"image\":{\"@id\":\"https:\/\/intl.phonak.com\/hr-hr\/#\/schema\/logo\/image\/\"}}]}<\/script>\n<!-- \/ Yoast SEO plugin. -->","yoast_head_json":{"title":"Idite stru\u010dnjaku za sluh - Phonak - Hrvatska","robots":{"index":"index","follow":"follow","max-snippet":"max-snippet:-1","max-image-preview":"max-image-preview:large","max-video-preview":"max-video-preview:-1"},"canonical":"https:\/\/intl.phonak.com\/main-english\/hearing-loss\/go-to-a-hearing-expert\/","og_locale":"hr_HR","og_type":"article","og_title":"Idite stru\u010dnjaku za sluh - Phonak - Hrvatska","og_description":"\u0160to o\u010dekivati Vjerojatno ste se ve\u0107 pitali \u0161to \u0107e se dogoditi tijekom stru\u010dnog savjetovanja. Dopustite nam da vas opustimo i...","og_url":"https:\/\/intl.phonak.com\/hr-hr\/gubitak-sluha\/idi-kod-strucnjaka-za-sluh\/","og_site_name":"Phonak - Hrvatska","article_modified_time":"2025-09-17T12:29:23+00:00","twitter_card":"summary_large_image","twitter_misc":{"Est. reading time":"5 minutes"},"schema":{"@context":"https:\/\/schema.org","@graph":[{"@type":"WebPage","@id":"https:\/\/intl.phonak.com\/hr-hr\/gubitak-sluha\/idi-kod-strucnjaka-za-sluh\/","url":"https:\/\/intl.phonak.com\/hr-hr\/gubitak-sluha\/idi-kod-strucnjaka-za-sluh\/","name":"Idite stru\u010dnjaku za sluh - Phonak - Hrvatska","isPartOf":{"@id":"https:\/\/intl.phonak.com\/hr-hr\/#website"},"primaryImageOfPage":{"@id":"https:\/\/intl.phonak.com\/hr-hr\/gubitak-sluha\/idi-kod-strucnjaka-za-sluh\/#primaryimage"},"image":{"@id":"https:\/\/intl.phonak.com\/hr-hr\/gubitak-sluha\/idi-kod-strucnjaka-za-sluh\/#primaryimage"},"thumbnailUrl":"https:\/\/intl.phonak.com\/hr-hr\/wp-content\/uploads\/sites\/3\/2023\/12\/Hearing-banner_HCPFittingClient_01-1.jpg","datePublished":"2021-11-29T21:39:57+00:00","dateModified":"2025-09-17T12:29:23+00:00","breadcrumb":{"@id":"https:\/\/intl.phonak.com\/hr-hr\/gubitak-sluha\/idi-kod-strucnjaka-za-sluh\/#breadcrumb"},"inLanguage":"hr-HR","potentialAction":[{"@type":"ReadAction","target":["https:\/\/intl.phonak.com\/hr-hr\/gubitak-sluha\/idi-kod-strucnjaka-za-sluh\/"]}]},{"@type":"ImageObject","inLanguage":"hr-HR","@id":"https:\/\/intl.phonak.com\/hr-hr\/gubitak-sluha\/idi-kod-strucnjaka-za-sluh\/#primaryimage","url":"","contentUrl":""},{"@type":"BreadcrumbList","@id":"https:\/\/intl.phonak.com\/hr-hr\/gubitak-sluha\/idi-kod-strucnjaka-za-sluh\/#breadcrumb","itemListElement":[{"@type":"ListItem","position":1,"name":"Home","item":"https:\/\/intl.phonak.com\/hr-hr\/"},{"@type":"ListItem","position":2,"name":"Gubitak sluha","item":"https:\/\/intl.phonak.com\/hr-hr\/gubitak-sluha\/"},{"@type":"ListItem","position":3,"name":"Idite stru\u010dnjaku za sluh"}]},{"@type":"WebSite","@id":"https:\/\/intl.phonak.com\/hr-hr\/#website","url":"https:\/\/intl.phonak.com\/hr-hr\/","name":"Phonak - Hrvatska","description":"Posve\u0107eni promjeni \u017eivota","publisher":{"@id":"https:\/\/intl.phonak.com\/hr-hr\/#organization"},"potentialAction":[{"@type":"SearchAction","target":{"@type":"EntryPoint","urlTemplate":"https:\/\/intl.phonak.com\/hr-hr\/?s={search_term_string}"},"query-input":{"@type":"PropertyValueSpecification","valueRequired":true,"valueName":"search_term_string"}}],"inLanguage":"hr-HR"},{"@type":"Organization","@id":"https:\/\/intl.phonak.com\/hr-hr\/#organization","name":"Phonak - Hrvatska","url":"https:\/\/intl.phonak.com\/hr-hr\/","logo":{"@type":"ImageObject","inLanguage":"hr-HR","@id":"https:\/\/intl.phonak.com\/hr-hr\/#\/schema\/logo\/image\/","url":"https:\/\/intl.phonak.com\/hr-hr\/wp-content\/uploads\/sites\/67\/2025\/06\/logo-phonak.svg","contentUrl":"https:\/\/intl.phonak.com\/hr-hr\/wp-content\/uploads\/sites\/67\/2025\/06\/logo-phonak.svg","caption":"Phonak - Hrvatska"},"image":{"@id":"https:\/\/intl.phonak.com\/hr-hr\/#\/schema\/logo\/image\/"}}]}},"jetpack_sharing_enabled":true,"distributor_meta":false,"distributor_terms":false,"distributor_media":false,"distributor_original_site_name":"Phonak - Hrvatska","distributor_original_site_url":"https:\/\/intl.phonak.com\/hr-hr","push-errors":false,"_links":{"self":[{"href":"https:\/\/intl.phonak.com\/hr-hr\/wp-json\/wp\/v2\/pages\/441","targetHints":{"allow":["GET"]}}],"collection":[{"href":"https:\/\/intl.phonak.com\/hr-hr\/wp-json\/wp\/v2\/pages"}],"about":[{"href":"https:\/\/intl.phonak.com\/hr-hr\/wp-json\/wp\/v2\/types\/page"}],"author":[{"embeddable":true,"href":"https:\/\/intl.phonak.com\/hr-hr\/wp-json\/wp\/v2\/users\/5"}],"replies":[{"embeddable":true,"href":"https:\/\/intl.phonak.com\/hr-hr\/wp-json\/wp\/v2\/comments?post=441"}],"version-history":[{"count":9,"href":"https:\/\/intl.phonak.com\/hr-hr\/wp-json\/wp\/v2\/pages\/441\/revisions"}],"predecessor-version":[{"id":1423,"href":"https:\/\/intl.phonak.com\/hr-hr\/wp-json\/wp\/v2\/pages\/441\/revisions\/1423"}],"up":[{"embeddable":true,"href":"https:\/\/intl.phonak.com\/hr-hr\/wp-json\/wp\/v2\/pages\/393"}],"wp:attachment":[{"href":"https:\/\/intl.phonak.com\/hr-hr\/wp-json\/wp\/v2\/media?parent=441"}],"curies":[{"name":"wp","href":"https:\/\/api.w.org\/{rel}","templated":true}]}}