{"id":438,"date":"2021-11-30T14:36:50","date_gmt":"2021-11-30T14:36:50","guid":{"rendered":"https:\/\/intl.phonak.com\/hr-hr\/hearing-aid-customization\/"},"modified":"2025-09-08T14:09:06","modified_gmt":"2025-09-08T14:09:06","slug":"prilagodba-slusnih-aparata","status":"publish","type":"page","link":"https:\/\/intl.phonak.com\/hr-hr\/gubitak-sluha\/prilagodba-slusnih-aparata\/","title":{"rendered":"Prilagodba slu\u0161nog aparata"},"content":{"rendered":"\n<div class=\"wp-block-cover alignfull is-light\"><img decoding=\"async\" class=\"wp-block-cover__image-background wp-image-5329\" alt=\"\" src=\"https:\/\/intl.phonak.com\/hr-hr\/wp-content\/uploads\/sites\/3\/2022\/03\/Banner-01.jpg\" style=\"object-position:16% 56%\" data-object-fit=\"cover\" data-object-position=\"16% 56%\"\/><span aria-hidden=\"true\" class=\"wp-block-cover__background has-light-grey-background-color has-background-dim\"><\/span><div class=\"wp-block-cover__inner-container is-layout-flow wp-block-cover-is-layout-flow\">\n<h1 class=\"wp-block-heading has-text-align-center has-dark-grey-color has-text-color\" id=\"your-personal-hearing-aid\">Va\u0161 osobni slu\u0161ni aparat<\/h1>   \n<p class=\"has-text-align-center margin-bottom-0 is-style-default has-dark-grey-color has-text-color has-lead-font-size\">Pode\u0161avanje slu\u0161nog aparata vr\u0161i se u nekoliko koraka kako bi odgovarao va\u0161em gubitku sluha, obliku uha i va\u0161im slu\u0161nim navikama.<\/p>\n<\/div><\/div>   \n<div class=\"wp-block-group is-style-align-small is-layout-flow wp-block-group-is-layout-flow\" style=\"padding-top:0px\">\n<h3 class=\"wp-block-heading has-text-align-center has-blue-color has-text-color\" id=\"get-to-know-your-hearing-aid\">Upoznajte svoj slu\u0161ni aparat<\/h3>   \n<p class=\"has-text-align-center\">Stru\u010dnjak za slu\u0161na pomagala dat \u0107e vam detaljne upute: Kako umetnuti ure\u0111aj, kako ga koristiti i kako kontrolirati glasno\u0107u. Tako\u0111er \u0107e vam objasniti odr\u017eavanje, kako zamijeniti baterije, \u010di\u0161\u0107enje i su\u0161enje ure\u0111aja. Kona\u010dno, saznat \u0107ete vi\u0161e kako va\u0161 slu\u0161ni aparat reagira u razli\u010ditim situacijama sluha. Sada svoje nove slu\u0161ne aparate mo\u017eete ponijeti ku\u0107i.<\/p>\n<\/div>   \n<div class=\"wp-block-group alignfull has-light-grey-background-color has-background is-layout-flow wp-block-group-is-layout-flow\">\n<div class=\"wp-block-group is-style-align-small is-layout-flow wp-block-group-is-layout-flow\">\n<h3 class=\"wp-block-heading has-text-align-center has-blue-color has-text-color\" id=\"first-days-with-your-new-hearing-aid\">Prvi dani s novim slu\u0161nim aparatom<\/h3>   \n<p class=\"has-text-align-center\">Tijekom prvih nekoliko dana trebali biste se upoznati sa svojim novim slu\u0161nim aparatom. U po\u010detku biste ga trebali nositi nekoliko sati dnevno u poznatom okru\u017eenju. Neke stvari vam se mogu \u010diniti \u010dudnima tijekom ovog vremena. Najbolji na\u010din da istra\u017eite novi osje\u0107aj sluha je razgovor s ljudima ili gledanje televizije. Va\u0161 vlastiti glas mo\u017ee vam zvu\u010dati \u010dudno ili preglasno, jer ste mo\u017eda razvili naviku govoriti preglasno kako biste \u010duli vlastiti glas. Vje\u017ebajte ti\u0161i govor. Zapi\u0161ite svoja iskustva \u2013 to \u0107e pomo\u0107i va\u0161em stru\u010dnjaku za slu\u0161na pomagala u finom pode\u0161avanju va\u0161e pomo\u0107i.<\/p>   \n<p class=\"has-text-align-center\"><a href=\"https:\/\/intl.phonak.com\/hr-hr\/hearing-loss\/odrzavanje-slusnih-aparata\/\">Ostvarite dodatnu podr\u0161ku putem na\u0161ih videozapisa o odr\u017eavanju slu\u0161nih pomagala<\/a><\/p>\n<\/div>\n<\/div>   \n<div class=\"wp-block-group is-style-align-small is-layout-flow wp-block-group-is-layout-flow\">\n<h3 class=\"wp-block-heading has-text-align-center has-blue-color has-text-color\" id=\"final-adjustment-by-your-hearing-care-professional\">Kona\u010dna prilagodba od strane va\u0161eg stru\u010dnjaka za slu\u0161na pomagala<\/h3>   \n<p class=\"has-text-align-center\">Sada \u0107ete imati priliku razgovarati o svojim prvim iskustvima sa svojim stru\u010dnjakom za slu\u0161na pomagala. Va\u0161 slu\u0161ni aparat tada \u0107e biti prilago\u0111en va\u0161im vrlo specifi\u010dnim potrebama. Specijalist \u0107e odgovoriti na sva va\u0161a pitanja i dati vam op\u0107e savjete. Va\u0161 slu\u0161ni aparat mo\u017ee se prilagoditi na ovom sastanku kako bi se dodatno pobolj\u0161ala va\u0161a udobnost i razumijevanje govora.<\/p>   \n<p class=\"has-text-align-center\">Sada \u0107ete u\u0107i u fazu u kojoj \u0107ete svaki dan mo\u0107i povratiti malo kvalitete \u017eivota. Nastavite koristiti slu\u0161ni aparat nekoliko sati dnevno. Polako. Nau\u010dit \u0107ete kako najbolje iskoristiti svoj slu\u0161ni aparat i uskoro \u0107ete u\u017eivati u svim prednostima koje nudi.<\/p>   \n<div class=\"wp-block-buttons is-horizontal is-content-justification-center is-layout-flex wp-container-core-buttons-is-layout-499968f5 wp-block-buttons-is-layout-flex\">\n<div class=\"wp-block-button is-style-download\"><a class=\"wp-block-button__link wp-element-button\" href=\"https:\/\/intl.phonak.com\/hr-hr\/wp-content\/uploads\/sites\/3\/2024\/10\/PH_Pamphlet_ReviveYourHearingPreviewIntl_94x210_EN_028-0776-02.pdf\" target=\"_blank\" rel=\"noreferrer noopener\">O\u017eivite svoj sluh<\/a><\/div>\n<\/div>\n<\/div>   \n<p class=\"has-text-align-center\"><a href=\"https:\/\/intl.phonak.com\/hr-hr\/rjesenja\/\">Saznajte vi\u0161e o slu\u0161nim rje\u0161enjima<\/a><\/p>   \n<div class=\"wp-block-media-text is-stacked-on-mobile cta-block\" style=\"grid-template-columns:35% auto\"><figure class=\"wp-block-media-text__media\"><img decoding=\"async\" src=\"https:\/\/intl.phonak.com\/main-english\/wp-content\/uploads\/sites\/3\/2021\/11\/cta-image.jpg?w=401\" alt=\"\" class=\"wp-image-6738 size-full\"\/><\/figure><div class=\"wp-block-media-text__content\">\n<div class=\"wp-block-create-block-icon-selector\"><i class=\"fal fa-map-marker-alt\"><\/i><\/div>   \n<h3 class=\"wp-block-heading\">Stru\u010dnjaci za sluh u va\u0161oj blizini<\/h3>   <p>Stru\u010dnjaci za slu\u0161na pomagala mogu vam pomo\u0107i da napravite izbor koji je savr\u0161en za vas. Razmotrit \u0107e va\u0161e potrebe za sluhom, va\u0161 prora\u010dun, va\u0161 \u017eivotni stil i va\u0161e individualne preferencije sluha. <\/p>   <div class=\"wp-block-buttons is-layout-flex wp-block-buttons-is-layout-flex\">\n<div class=\"wp-block-button is-style-marker-green\"><a class=\"wp-block-button__link wp-element-button\" href=\"https:\/\/intl.phonak.com\/hr-hr\/pronadite-strucnjaka\/\">Prona\u0111ite stru\u010dnjaka<\/a><\/div>\n<\/div>\n<\/div><\/div> ","protected":false},"excerpt":{"rendered":"<p>Upoznajte svoj slu\u0161ni aparat Stru\u010dnjak za slu\u0161na pomagala dat \u0107e vam detaljne upute: Kako umetnuti ure\u0111aj, kako ga koristiti i&#8230;<\/p>\n","protected":false},"author":5,"featured_media":0,"parent":393,"menu_order":0,"comment_status":"closed","ping_status":"closed","template":"","meta":{"_acf_changed":false,"inline_featured_image":false,"footnotes":""},"class_list":["post-438","page","type-page","status-publish","hentry"],"acf":[],"yoast_head":"<!-- This site is optimized with the Yoast SEO plugin v26.9 - https:\/\/yoast.com\/product\/yoast-seo-wordpress\/ -->\n<title>Prilagodba slu\u0161nog aparata - Phonak - Hrvatska<\/title>\n<meta name=\"robots\" content=\"index, follow, max-snippet:-1, max-image-preview:large, max-video-preview:-1\" \/>\n<link rel=\"canonical\" href=\"https:\/\/intl.phonak.com\/main-english\/hearing-loss\/hearing-aid-customization\/\" \/>\n<meta property=\"og:locale\" content=\"hr_HR\" \/>\n<meta property=\"og:type\" content=\"article\" \/>\n<meta property=\"og:title\" content=\"Prilagodba slu\u0161nog aparata - Phonak - Hrvatska\" \/>\n<meta property=\"og:description\" content=\"Upoznajte svoj slu\u0161ni aparat Stru\u010dnjak za slu\u0161na pomagala dat \u0107e vam detaljne upute: Kako umetnuti ure\u0111aj, kako ga koristiti i...\" \/>\n<meta property=\"og:url\" content=\"https:\/\/intl.phonak.com\/hr-hr\/gubitak-sluha\/prilagodba-slusnih-aparata\/\" \/>\n<meta property=\"og:site_name\" content=\"Phonak - Hrvatska\" \/>\n<meta property=\"article:modified_time\" content=\"2025-09-08T14:09:06+00:00\" \/>\n<meta name=\"twitter:card\" content=\"summary_large_image\" \/>\n<meta name=\"twitter:label1\" content=\"Est. reading time\" \/>\n\t<meta name=\"twitter:data1\" content=\"4 minutes\" \/>\n<script type=\"application\/ld+json\" class=\"yoast-schema-graph\">{\"@context\":\"https:\/\/schema.org\",\"@graph\":[{\"@type\":\"WebPage\",\"@id\":\"https:\/\/intl.phonak.com\/hr-hr\/gubitak-sluha\/prilagodba-slusnih-aparata\/\",\"url\":\"https:\/\/intl.phonak.com\/hr-hr\/gubitak-sluha\/prilagodba-slusnih-aparata\/\",\"name\":\"Prilagodba slu\u0161nog aparata - Phonak - Hrvatska\",\"isPartOf\":{\"@id\":\"https:\/\/intl.phonak.com\/hr-hr\/#website\"},\"primaryImageOfPage\":{\"@id\":\"https:\/\/intl.phonak.com\/hr-hr\/gubitak-sluha\/prilagodba-slusnih-aparata\/#primaryimage\"},\"image\":{\"@id\":\"https:\/\/intl.phonak.com\/hr-hr\/gubitak-sluha\/prilagodba-slusnih-aparata\/#primaryimage\"},\"thumbnailUrl\":\"https:\/\/intl.phonak.com\/hr-hr\/wp-content\/uploads\/sites\/3\/2022\/03\/Banner-01.jpg\",\"datePublished\":\"2021-11-30T14:36:50+00:00\",\"dateModified\":\"2025-09-08T14:09:06+00:00\",\"breadcrumb\":{\"@id\":\"https:\/\/intl.phonak.com\/hr-hr\/gubitak-sluha\/prilagodba-slusnih-aparata\/#breadcrumb\"},\"inLanguage\":\"hr-HR\",\"potentialAction\":[{\"@type\":\"ReadAction\",\"target\":[\"https:\/\/intl.phonak.com\/hr-hr\/gubitak-sluha\/prilagodba-slusnih-aparata\/\"]}]},{\"@type\":\"ImageObject\",\"inLanguage\":\"hr-HR\",\"@id\":\"https:\/\/intl.phonak.com\/hr-hr\/gubitak-sluha\/prilagodba-slusnih-aparata\/#primaryimage\",\"url\":\"\",\"contentUrl\":\"\"},{\"@type\":\"BreadcrumbList\",\"@id\":\"https:\/\/intl.phonak.com\/hr-hr\/gubitak-sluha\/prilagodba-slusnih-aparata\/#breadcrumb\",\"itemListElement\":[{\"@type\":\"ListItem\",\"position\":1,\"name\":\"Home\",\"item\":\"https:\/\/intl.phonak.com\/hr-hr\/\"},{\"@type\":\"ListItem\",\"position\":2,\"name\":\"Gubitak sluha\",\"item\":\"https:\/\/intl.phonak.com\/hr-hr\/gubitak-sluha\/\"},{\"@type\":\"ListItem\",\"position\":3,\"name\":\"prilagodba-slu\u0161nih-aparata\"}]},{\"@type\":\"WebSite\",\"@id\":\"https:\/\/intl.phonak.com\/hr-hr\/#website\",\"url\":\"https:\/\/intl.phonak.com\/hr-hr\/\",\"name\":\"Phonak - Hrvatska\",\"description\":\"Posve\u0107eni promjeni \u017eivota\",\"publisher\":{\"@id\":\"https:\/\/intl.phonak.com\/hr-hr\/#organization\"},\"potentialAction\":[{\"@type\":\"SearchAction\",\"target\":{\"@type\":\"EntryPoint\",\"urlTemplate\":\"https:\/\/intl.phonak.com\/hr-hr\/?s={search_term_string}\"},\"query-input\":{\"@type\":\"PropertyValueSpecification\",\"valueRequired\":true,\"valueName\":\"search_term_string\"}}],\"inLanguage\":\"hr-HR\"},{\"@type\":\"Organization\",\"@id\":\"https:\/\/intl.phonak.com\/hr-hr\/#organization\",\"name\":\"Phonak - Hrvatska\",\"url\":\"https:\/\/intl.phonak.com\/hr-hr\/\",\"logo\":{\"@type\":\"ImageObject\",\"inLanguage\":\"hr-HR\",\"@id\":\"https:\/\/intl.phonak.com\/hr-hr\/#\/schema\/logo\/image\/\",\"url\":\"https:\/\/intl.phonak.com\/hr-hr\/wp-content\/uploads\/sites\/67\/2025\/06\/logo-phonak.svg\",\"contentUrl\":\"https:\/\/intl.phonak.com\/hr-hr\/wp-content\/uploads\/sites\/67\/2025\/06\/logo-phonak.svg\",\"caption\":\"Phonak - Hrvatska\"},\"image\":{\"@id\":\"https:\/\/intl.phonak.com\/hr-hr\/#\/schema\/logo\/image\/\"}}]}<\/script>\n<!-- \/ Yoast SEO plugin. -->","yoast_head_json":{"title":"Prilagodba slu\u0161nog aparata - Phonak - Hrvatska","robots":{"index":"index","follow":"follow","max-snippet":"max-snippet:-1","max-image-preview":"max-image-preview:large","max-video-preview":"max-video-preview:-1"},"canonical":"https:\/\/intl.phonak.com\/main-english\/hearing-loss\/hearing-aid-customization\/","og_locale":"hr_HR","og_type":"article","og_title":"Prilagodba slu\u0161nog aparata - Phonak - Hrvatska","og_description":"Upoznajte svoj slu\u0161ni aparat Stru\u010dnjak za slu\u0161na pomagala dat \u0107e vam detaljne upute: Kako umetnuti ure\u0111aj, kako ga koristiti i...","og_url":"https:\/\/intl.phonak.com\/hr-hr\/gubitak-sluha\/prilagodba-slusnih-aparata\/","og_site_name":"Phonak - Hrvatska","article_modified_time":"2025-09-08T14:09:06+00:00","twitter_card":"summary_large_image","twitter_misc":{"Est. reading time":"4 minutes"},"schema":{"@context":"https:\/\/schema.org","@graph":[{"@type":"WebPage","@id":"https:\/\/intl.phonak.com\/hr-hr\/gubitak-sluha\/prilagodba-slusnih-aparata\/","url":"https:\/\/intl.phonak.com\/hr-hr\/gubitak-sluha\/prilagodba-slusnih-aparata\/","name":"Prilagodba slu\u0161nog aparata - Phonak - Hrvatska","isPartOf":{"@id":"https:\/\/intl.phonak.com\/hr-hr\/#website"},"primaryImageOfPage":{"@id":"https:\/\/intl.phonak.com\/hr-hr\/gubitak-sluha\/prilagodba-slusnih-aparata\/#primaryimage"},"image":{"@id":"https:\/\/intl.phonak.com\/hr-hr\/gubitak-sluha\/prilagodba-slusnih-aparata\/#primaryimage"},"thumbnailUrl":"https:\/\/intl.phonak.com\/hr-hr\/wp-content\/uploads\/sites\/3\/2022\/03\/Banner-01.jpg","datePublished":"2021-11-30T14:36:50+00:00","dateModified":"2025-09-08T14:09:06+00:00","breadcrumb":{"@id":"https:\/\/intl.phonak.com\/hr-hr\/gubitak-sluha\/prilagodba-slusnih-aparata\/#breadcrumb"},"inLanguage":"hr-HR","potentialAction":[{"@type":"ReadAction","target":["https:\/\/intl.phonak.com\/hr-hr\/gubitak-sluha\/prilagodba-slusnih-aparata\/"]}]},{"@type":"ImageObject","inLanguage":"hr-HR","@id":"https:\/\/intl.phonak.com\/hr-hr\/gubitak-sluha\/prilagodba-slusnih-aparata\/#primaryimage","url":"","contentUrl":""},{"@type":"BreadcrumbList","@id":"https:\/\/intl.phonak.com\/hr-hr\/gubitak-sluha\/prilagodba-slusnih-aparata\/#breadcrumb","itemListElement":[{"@type":"ListItem","position":1,"name":"Home","item":"https:\/\/intl.phonak.com\/hr-hr\/"},{"@type":"ListItem","position":2,"name":"Gubitak sluha","item":"https:\/\/intl.phonak.com\/hr-hr\/gubitak-sluha\/"},{"@type":"ListItem","position":3,"name":"prilagodba-slu\u0161nih-aparata"}]},{"@type":"WebSite","@id":"https:\/\/intl.phonak.com\/hr-hr\/#website","url":"https:\/\/intl.phonak.com\/hr-hr\/","name":"Phonak - Hrvatska","description":"Posve\u0107eni promjeni \u017eivota","publisher":{"@id":"https:\/\/intl.phonak.com\/hr-hr\/#organization"},"potentialAction":[{"@type":"SearchAction","target":{"@type":"EntryPoint","urlTemplate":"https:\/\/intl.phonak.com\/hr-hr\/?s={search_term_string}"},"query-input":{"@type":"PropertyValueSpecification","valueRequired":true,"valueName":"search_term_string"}}],"inLanguage":"hr-HR"},{"@type":"Organization","@id":"https:\/\/intl.phonak.com\/hr-hr\/#organization","name":"Phonak - Hrvatska","url":"https:\/\/intl.phonak.com\/hr-hr\/","logo":{"@type":"ImageObject","inLanguage":"hr-HR","@id":"https:\/\/intl.phonak.com\/hr-hr\/#\/schema\/logo\/image\/","url":"https:\/\/intl.phonak.com\/hr-hr\/wp-content\/uploads\/sites\/67\/2025\/06\/logo-phonak.svg","contentUrl":"https:\/\/intl.phonak.com\/hr-hr\/wp-content\/uploads\/sites\/67\/2025\/06\/logo-phonak.svg","caption":"Phonak - Hrvatska"},"image":{"@id":"https:\/\/intl.phonak.com\/hr-hr\/#\/schema\/logo\/image\/"}}]}},"jetpack_sharing_enabled":true,"distributor_meta":false,"distributor_terms":false,"distributor_media":false,"distributor_original_site_name":"Phonak - Hrvatska","distributor_original_site_url":"https:\/\/intl.phonak.com\/hr-hr","push-errors":false,"_links":{"self":[{"href":"https:\/\/intl.phonak.com\/hr-hr\/wp-json\/wp\/v2\/pages\/438","targetHints":{"allow":["GET"]}}],"collection":[{"href":"https:\/\/intl.phonak.com\/hr-hr\/wp-json\/wp\/v2\/pages"}],"about":[{"href":"https:\/\/intl.phonak.com\/hr-hr\/wp-json\/wp\/v2\/types\/page"}],"author":[{"embeddable":true,"href":"https:\/\/intl.phonak.com\/hr-hr\/wp-json\/wp\/v2\/users\/5"}],"replies":[{"embeddable":true,"href":"https:\/\/intl.phonak.com\/hr-hr\/wp-json\/wp\/v2\/comments?post=438"}],"version-history":[{"count":7,"href":"https:\/\/intl.phonak.com\/hr-hr\/wp-json\/wp\/v2\/pages\/438\/revisions"}],"predecessor-version":[{"id":1363,"href":"https:\/\/intl.phonak.com\/hr-hr\/wp-json\/wp\/v2\/pages\/438\/revisions\/1363"}],"up":[{"embeddable":true,"href":"https:\/\/intl.phonak.com\/hr-hr\/wp-json\/wp\/v2\/pages\/393"}],"wp:attachment":[{"href":"https:\/\/intl.phonak.com\/hr-hr\/wp-json\/wp\/v2\/media?parent=438"}],"curies":[{"name":"wp","href":"https:\/\/api.w.org\/{rel}","templated":true}]}}