{"id":435,"date":"2021-11-30T15:12:48","date_gmt":"2021-11-30T15:12:48","guid":{"rendered":"https:\/\/intl.phonak.com\/hr-hr\/hearing-aid-styles\/"},"modified":"2026-02-16T13:26:34","modified_gmt":"2026-02-16T13:26:34","slug":"vrste-slusnih-aparata","status":"publish","type":"page","link":"https:\/\/intl.phonak.com\/hr-hr\/rjesenja\/vrste-slusnih-aparata\/","title":{"rendered":"Stilovi slu\u0161nih pomagala"},"content":{"rendered":"\n<div class=\"wp-block-cover alignfull is-light\"><img decoding=\"async\" class=\"wp-block-cover__image-background wp-image-4536\" alt=\"Hearing aid styles\" src=\"https:\/\/intl.phonak.com\/hr-hr\/wp-content\/uploads\/sites\/3\/2022\/02\/Banner-hearing-aid-styles.jpg\" data-object-fit=\"cover\"\/><span aria-hidden=\"true\" class=\"wp-block-cover__background has-white-background-color has-background-dim\"><\/span><div class=\"wp-block-cover__inner-container is-layout-flow wp-block-cover-is-layout-flow\">\n<h1 class=\"wp-block-heading has-text-align-center has-dark-grey-color has-text-color\" id=\"phonak-hearing-aid-styles\">Stilovi slu\u0161nih pomagala Phonak<\/h1>\n\n\n\n<p class=\"has-text-align-center margin-bottom-0 has-dark-grey-color has-text-color has-lead-font-size\">Udobno povezivanje<\/p>\n<\/div><\/div>\n\n\n\n<div class=\"wp-block-group is-style-align-small is-layout-flow wp-block-group-is-layout-flow\" style=\"padding-top:0px\">\n<h2 class=\"wp-block-heading has-text-align-center\" id=\"discover-the-style-that-fits-perfect-to-you\">Otkrijte stil koji vam savr\u0161eno odgovara<\/h2>\n\n\n\n<p class=\"has-text-align-center\">Moderni slu\u0161ni aparati nude \u0161irok raspon funkcija i raznolikost. Va\u0161 stru\u010dnjak za sluh pomo\u0107i \u0107e vam da donesete odluku koja je savr\u0161ena za vas. Razmotrit \u0107e va\u0161e potrebe za sluhom, va\u0161 prora\u010dun, va\u0161 \u017eivotni stil i va\u0161e individualne preferencije sluha.<\/p>\n<\/div>\n\n\n\n<div class=\"wp-block-columns is-layout-flex wp-container-core-columns-is-layout-9d6595d7 wp-block-columns-is-layout-flex\">\n<div class=\"wp-block-column is-layout-flow wp-block-column-is-layout-flow\">\n<figure class=\"wp-block-image size-large is-resized is-style-default\"><img decoding=\"async\" src=\"https:\/\/intl.phonak.com\/wp-content\/uploads\/2021\/11\/custom-products.jpeg?w=292\" alt=\"\" class=\"wp-image-2201\" style=\"width:289px;height:221px\"\/><\/figure>\n\n\n\n<h4 class=\"wp-block-heading\" id=\"custom-products-ite\">Kanalna slu\u0161na pomagala (ITE)<\/h4>\n\n\n\n<p>Ovi modeli su napravljeni posebno da odgovaraju obliku va\u0161eg u\u0161nog kanala za maksimalnu korist i najbolju mogu\u0107u udobnost. Dostupni su u mnogim tonovima ko\u017ee, nenametljivi su i vrlo u\u010dinkoviti. Najmanji modeli sjede u va\u0161em u\u0161nom kanalu i gotovo su nevidljivi. Ovi modeli su prikladni za blagi do te\u0161ki gubitak sluha.<\/p>\n\n\n\n<p class=\"has-text-align-left\"><strong>Dostupni slu\u0161ni aparati:<\/strong><\/p>\n\n\n\n<p><strong><a href=\"https:\/\/intl.phonak.com\/hr-hr\/proizvodi\/phonak-virto-infinio\/\">Virto<\/a><\/strong><\/p>\n<\/div>\n\n\n\n<div class=\"wp-block-column is-layout-flow wp-block-column-is-layout-flow\">\n<figure class=\"wp-block-image size-large is-style-not-rounded\"><img decoding=\"async\" src=\"https:\/\/intl.phonak.com\/wp-content\/uploads\/2021\/11\/receiver-in-canal.jpeg?w=292\" alt=\"\" class=\"wp-image-2202\"\/><\/figure>\n\n\n\n<h4 class=\"wp-block-heading\" id=\"receiver-in-canal-ric\">Slu\u0161alice u kanalu (RIC)<\/h4>\n\n\n\n<p>Ovi modeli su manji od standardnih BTE modela i dostupni su za blagi do te\u0161ki gubitak sluha. Mogu se udobno nositi iza uha. Ovi modeli dostupni su u mnogim razli\u010ditim bojama, stilovima i dizajnima.<\/p>\n\n\n\n<p><strong>Dostupni slu\u0161ni aparati:<\/strong><\/p>\n\n\n\n<p><strong><a href=\"https:\/\/intl.phonak.com\/hr-hr\/proizvodi\/phonak-audeo-infinio\/\">Aud\u00e9o<\/a><\/strong><\/p>\n<\/div>\n\n\n\n<div class=\"wp-block-column is-layout-flow wp-block-column-is-layout-flow\">\n<figure class=\"wp-block-image size-large is-style-not-rounded\"><img decoding=\"async\" src=\"https:\/\/intl.phonak.com\/wp-content\/uploads\/2021\/11\/behind-the-ear.jpeg?w=292\" alt=\"\" class=\"wp-image-2200\"\/><\/figure>\n\n\n\n<h4 class=\"wp-block-heading\" id=\"behind-the-ear-bte\">Zau\u0161na slu\u0161na pomagala (BTE)<\/h4>\n\n\n\n<p>BTE modeli dostupni su za sve stupnjeve gubitka sluha i, kao \u0161to naziv sugerira, mogu se udobno nositi iza uha. Ovi modeli dostupni su u mnogim razli\u010ditim bojama, stilovima i dizajnima.<\/p>\n\n\n\n<p><strong>Dostupni slu\u0161ni aparati:<\/strong><\/p>\n\n\n\n<p><strong><a href=\"https:\/\/intl.phonak.com\/hr-hr\/proizvodi\/phonak-naida-lumity\/\">Na\u00edda<\/a><\/strong> <strong>| <strong><a href=\"https:\/\/intl.phonak.com\/hr-hr\/proizvodi\/phonak-sky-lumity\/\">Sky<\/a> <\/strong><\/strong><\/p>\n<\/div>\n<\/div>\n\n\n\n<div class=\"wp-block-group alignfull has-light-grey-background-color has-background is-layout-flow wp-block-group-is-layout-flow\">\n<div class=\"wp-block-group is-style-align-small is-layout-flow wp-block-group-is-layout-flow\">\n<h3 class=\"wp-block-heading has-text-align-center\" id=\"get-professional-help-1\">Potra\u017eite profesionalnu pomo\u0107<\/h3>\n\n\n\n<p class=\"has-text-align-center\">Moderni slu\u0161ni aparati nude \u0161irok raspon funkcija i raznolikost. Va\u0161 stru\u010dnjak za sluh pomo\u0107i \u0107e vam da donesete odluku koja je savr\u0161ena za vas. Razmotrit \u0107e va\u0161e potrebe za sluhom, va\u0161 prora\u010dun, va\u0161 \u017eivotni stil i va\u0161e individualne preferencije sluha.<\/p>\n<\/div>\n<\/div>\n\n\n\n<div style=\"height:24px\" aria-hidden=\"true\" class=\"wp-block-spacer\"><\/div>\n\n\n\n<p class=\"has-text-align-center\"><a href=\"https:\/\/intl.phonak.com\/hr-hr\/rjesenja\/slusni-aparati\/\">Istra\u017eite opcije slu\u0161nih pomagala<\/a><\/p>\n\n\n\n<div style=\"height:28px\" aria-hidden=\"true\" class=\"wp-block-spacer\"><\/div>\n\n\n\n<div class=\"wp-block-media-text is-stacked-on-mobile cta-block\" style=\"grid-template-columns:35% auto\"><figure class=\"wp-block-media-text__media\"><img decoding=\"async\" src=\"https:\/\/intl.phonak.com\/main-english\/wp-content\/uploads\/sites\/3\/2021\/11\/cta-image.jpg?w=401\" alt=\"\" class=\"wp-image-6738 size-full\"\/><\/figure><div class=\"wp-block-media-text__content\">\n<div class=\"wp-block-create-block-icon-selector\"><i class=\"fal fa-map-marker-alt\"><\/i><\/div>   \n<h3 class=\"wp-block-heading\">Stru\u010dnjaci za sluh u va\u0161oj blizini<\/h3>   <p>Stru\u010dnjaci za slu\u0161na pomagala mogu vam pomo\u0107i da napravite izbor koji je savr\u0161en za vas. Razmotrit \u0107e va\u0161e potrebe za sluhom, va\u0161 prora\u010dun, va\u0161 \u017eivotni stil i va\u0161e individualne preferencije sluha. <\/p>   <div class=\"wp-block-buttons is-layout-flex wp-block-buttons-is-layout-flex\">\n<div class=\"wp-block-button is-style-marker-green\"><a class=\"wp-block-button__link wp-element-button\" href=\"https:\/\/intl.phonak.com\/hr-hr\/pronadite-strucnjaka\/\">Prona\u0111ite stru\u010dnjaka<\/a><\/div>\n<\/div>\n<\/div><\/div> ","protected":false},"excerpt":{"rendered":"<p>Otkrijte stil koji vam savr\u0161eno odgovara Moderni slu\u0161ni aparati nude \u0161irok raspon funkcija i raznolikost. Va\u0161 stru\u010dnjak za sluh pomo\u0107i&#8230;<\/p>\n","protected":false},"author":5,"featured_media":0,"parent":410,"menu_order":0,"comment_status":"closed","ping_status":"closed","template":"","meta":{"_acf_changed":false,"inline_featured_image":false,"footnotes":""},"class_list":["post-435","page","type-page","status-publish","hentry"],"acf":[],"yoast_head":"<!-- This site is optimized with the Yoast SEO plugin v26.9 - https:\/\/yoast.com\/product\/yoast-seo-wordpress\/ -->\n<title>Stilovi slu\u0161nih pomagala - Phonak - Hrvatska<\/title>\n<meta name=\"robots\" content=\"index, follow, max-snippet:-1, max-image-preview:large, max-video-preview:-1\" \/>\n<link rel=\"canonical\" href=\"https:\/\/intl.phonak.com\/main-english\/solutions\/hearing-aid-styles\/\" \/>\n<meta property=\"og:locale\" content=\"hr_HR\" \/>\n<meta property=\"og:type\" content=\"article\" \/>\n<meta property=\"og:title\" content=\"Stilovi slu\u0161nih pomagala - Phonak - Hrvatska\" \/>\n<meta property=\"og:description\" content=\"Otkrijte stil koji vam savr\u0161eno odgovara Moderni slu\u0161ni aparati nude \u0161irok raspon funkcija i raznolikost. Va\u0161 stru\u010dnjak za sluh pomo\u0107i...\" \/>\n<meta property=\"og:url\" content=\"https:\/\/intl.phonak.com\/hr-hr\/rjesenja\/vrste-slusnih-aparata\/\" \/>\n<meta property=\"og:site_name\" content=\"Phonak - Hrvatska\" \/>\n<meta property=\"article:modified_time\" content=\"2026-02-16T13:26:34+00:00\" \/>\n<meta name=\"twitter:card\" content=\"summary_large_image\" \/>\n<meta name=\"twitter:label1\" content=\"Est. reading time\" \/>\n\t<meta name=\"twitter:data1\" content=\"5 minutes\" \/>\n<script type=\"application\/ld+json\" class=\"yoast-schema-graph\">{\"@context\":\"https:\/\/schema.org\",\"@graph\":[{\"@type\":\"WebPage\",\"@id\":\"https:\/\/intl.phonak.com\/hr-hr\/rjesenja\/vrste-slusnih-aparata\/\",\"url\":\"https:\/\/intl.phonak.com\/hr-hr\/rjesenja\/vrste-slusnih-aparata\/\",\"name\":\"Stilovi slu\u0161nih pomagala - Phonak - Hrvatska\",\"isPartOf\":{\"@id\":\"https:\/\/intl.phonak.com\/hr-hr\/#website\"},\"primaryImageOfPage\":{\"@id\":\"https:\/\/intl.phonak.com\/hr-hr\/rjesenja\/vrste-slusnih-aparata\/#primaryimage\"},\"image\":{\"@id\":\"https:\/\/intl.phonak.com\/hr-hr\/rjesenja\/vrste-slusnih-aparata\/#primaryimage\"},\"thumbnailUrl\":\"https:\/\/intl.phonak.com\/hr-hr\/wp-content\/uploads\/sites\/3\/2022\/02\/Banner-hearing-aid-styles.jpg\",\"datePublished\":\"2021-11-30T15:12:48+00:00\",\"dateModified\":\"2026-02-16T13:26:34+00:00\",\"breadcrumb\":{\"@id\":\"https:\/\/intl.phonak.com\/hr-hr\/rjesenja\/vrste-slusnih-aparata\/#breadcrumb\"},\"inLanguage\":\"hr-HR\",\"potentialAction\":[{\"@type\":\"ReadAction\",\"target\":[\"https:\/\/intl.phonak.com\/hr-hr\/rjesenja\/vrste-slusnih-aparata\/\"]}]},{\"@type\":\"ImageObject\",\"inLanguage\":\"hr-HR\",\"@id\":\"https:\/\/intl.phonak.com\/hr-hr\/rjesenja\/vrste-slusnih-aparata\/#primaryimage\",\"url\":\"\",\"contentUrl\":\"\"},{\"@type\":\"BreadcrumbList\",\"@id\":\"https:\/\/intl.phonak.com\/hr-hr\/rjesenja\/vrste-slusnih-aparata\/#breadcrumb\",\"itemListElement\":[{\"@type\":\"ListItem\",\"position\":1,\"name\":\"Home\",\"item\":\"https:\/\/intl.phonak.com\/hr-hr\/\"},{\"@type\":\"ListItem\",\"position\":2,\"name\":\"Rje\u0161enja\",\"item\":\"https:\/\/intl.phonak.com\/hr-hr\/rjesenja\/\"},{\"@type\":\"ListItem\",\"position\":3,\"name\":\"Stilovi slu\u0161nih pomagala\"}]},{\"@type\":\"WebSite\",\"@id\":\"https:\/\/intl.phonak.com\/hr-hr\/#website\",\"url\":\"https:\/\/intl.phonak.com\/hr-hr\/\",\"name\":\"Phonak - Hrvatska\",\"description\":\"Posve\u0107eni promjeni \u017eivota\",\"publisher\":{\"@id\":\"https:\/\/intl.phonak.com\/hr-hr\/#organization\"},\"potentialAction\":[{\"@type\":\"SearchAction\",\"target\":{\"@type\":\"EntryPoint\",\"urlTemplate\":\"https:\/\/intl.phonak.com\/hr-hr\/?s={search_term_string}\"},\"query-input\":{\"@type\":\"PropertyValueSpecification\",\"valueRequired\":true,\"valueName\":\"search_term_string\"}}],\"inLanguage\":\"hr-HR\"},{\"@type\":\"Organization\",\"@id\":\"https:\/\/intl.phonak.com\/hr-hr\/#organization\",\"name\":\"Phonak - Hrvatska\",\"url\":\"https:\/\/intl.phonak.com\/hr-hr\/\",\"logo\":{\"@type\":\"ImageObject\",\"inLanguage\":\"hr-HR\",\"@id\":\"https:\/\/intl.phonak.com\/hr-hr\/#\/schema\/logo\/image\/\",\"url\":\"https:\/\/intl.phonak.com\/hr-hr\/wp-content\/uploads\/sites\/67\/2025\/06\/logo-phonak.svg\",\"contentUrl\":\"https:\/\/intl.phonak.com\/hr-hr\/wp-content\/uploads\/sites\/67\/2025\/06\/logo-phonak.svg\",\"caption\":\"Phonak - Hrvatska\"},\"image\":{\"@id\":\"https:\/\/intl.phonak.com\/hr-hr\/#\/schema\/logo\/image\/\"}}]}<\/script>\n<!-- \/ Yoast SEO plugin. -->","yoast_head_json":{"title":"Stilovi slu\u0161nih pomagala - Phonak - Hrvatska","robots":{"index":"index","follow":"follow","max-snippet":"max-snippet:-1","max-image-preview":"max-image-preview:large","max-video-preview":"max-video-preview:-1"},"canonical":"https:\/\/intl.phonak.com\/main-english\/solutions\/hearing-aid-styles\/","og_locale":"hr_HR","og_type":"article","og_title":"Stilovi slu\u0161nih pomagala - Phonak - Hrvatska","og_description":"Otkrijte stil koji vam savr\u0161eno odgovara Moderni slu\u0161ni aparati nude \u0161irok raspon funkcija i raznolikost. Va\u0161 stru\u010dnjak za sluh pomo\u0107i...","og_url":"https:\/\/intl.phonak.com\/hr-hr\/rjesenja\/vrste-slusnih-aparata\/","og_site_name":"Phonak - Hrvatska","article_modified_time":"2026-02-16T13:26:34+00:00","twitter_card":"summary_large_image","twitter_misc":{"Est. reading time":"5 minutes"},"schema":{"@context":"https:\/\/schema.org","@graph":[{"@type":"WebPage","@id":"https:\/\/intl.phonak.com\/hr-hr\/rjesenja\/vrste-slusnih-aparata\/","url":"https:\/\/intl.phonak.com\/hr-hr\/rjesenja\/vrste-slusnih-aparata\/","name":"Stilovi slu\u0161nih pomagala - Phonak - Hrvatska","isPartOf":{"@id":"https:\/\/intl.phonak.com\/hr-hr\/#website"},"primaryImageOfPage":{"@id":"https:\/\/intl.phonak.com\/hr-hr\/rjesenja\/vrste-slusnih-aparata\/#primaryimage"},"image":{"@id":"https:\/\/intl.phonak.com\/hr-hr\/rjesenja\/vrste-slusnih-aparata\/#primaryimage"},"thumbnailUrl":"https:\/\/intl.phonak.com\/hr-hr\/wp-content\/uploads\/sites\/3\/2022\/02\/Banner-hearing-aid-styles.jpg","datePublished":"2021-11-30T15:12:48+00:00","dateModified":"2026-02-16T13:26:34+00:00","breadcrumb":{"@id":"https:\/\/intl.phonak.com\/hr-hr\/rjesenja\/vrste-slusnih-aparata\/#breadcrumb"},"inLanguage":"hr-HR","potentialAction":[{"@type":"ReadAction","target":["https:\/\/intl.phonak.com\/hr-hr\/rjesenja\/vrste-slusnih-aparata\/"]}]},{"@type":"ImageObject","inLanguage":"hr-HR","@id":"https:\/\/intl.phonak.com\/hr-hr\/rjesenja\/vrste-slusnih-aparata\/#primaryimage","url":"","contentUrl":""},{"@type":"BreadcrumbList","@id":"https:\/\/intl.phonak.com\/hr-hr\/rjesenja\/vrste-slusnih-aparata\/#breadcrumb","itemListElement":[{"@type":"ListItem","position":1,"name":"Home","item":"https:\/\/intl.phonak.com\/hr-hr\/"},{"@type":"ListItem","position":2,"name":"Rje\u0161enja","item":"https:\/\/intl.phonak.com\/hr-hr\/rjesenja\/"},{"@type":"ListItem","position":3,"name":"Stilovi slu\u0161nih pomagala"}]},{"@type":"WebSite","@id":"https:\/\/intl.phonak.com\/hr-hr\/#website","url":"https:\/\/intl.phonak.com\/hr-hr\/","name":"Phonak - Hrvatska","description":"Posve\u0107eni promjeni \u017eivota","publisher":{"@id":"https:\/\/intl.phonak.com\/hr-hr\/#organization"},"potentialAction":[{"@type":"SearchAction","target":{"@type":"EntryPoint","urlTemplate":"https:\/\/intl.phonak.com\/hr-hr\/?s={search_term_string}"},"query-input":{"@type":"PropertyValueSpecification","valueRequired":true,"valueName":"search_term_string"}}],"inLanguage":"hr-HR"},{"@type":"Organization","@id":"https:\/\/intl.phonak.com\/hr-hr\/#organization","name":"Phonak - Hrvatska","url":"https:\/\/intl.phonak.com\/hr-hr\/","logo":{"@type":"ImageObject","inLanguage":"hr-HR","@id":"https:\/\/intl.phonak.com\/hr-hr\/#\/schema\/logo\/image\/","url":"https:\/\/intl.phonak.com\/hr-hr\/wp-content\/uploads\/sites\/67\/2025\/06\/logo-phonak.svg","contentUrl":"https:\/\/intl.phonak.com\/hr-hr\/wp-content\/uploads\/sites\/67\/2025\/06\/logo-phonak.svg","caption":"Phonak - Hrvatska"},"image":{"@id":"https:\/\/intl.phonak.com\/hr-hr\/#\/schema\/logo\/image\/"}}]}},"jetpack_sharing_enabled":true,"distributor_meta":false,"distributor_terms":false,"distributor_media":false,"distributor_original_site_name":"Phonak - Hrvatska","distributor_original_site_url":"https:\/\/intl.phonak.com\/hr-hr","push-errors":false,"_links":{"self":[{"href":"https:\/\/intl.phonak.com\/hr-hr\/wp-json\/wp\/v2\/pages\/435","targetHints":{"allow":["GET"]}}],"collection":[{"href":"https:\/\/intl.phonak.com\/hr-hr\/wp-json\/wp\/v2\/pages"}],"about":[{"href":"https:\/\/intl.phonak.com\/hr-hr\/wp-json\/wp\/v2\/types\/page"}],"author":[{"embeddable":true,"href":"https:\/\/intl.phonak.com\/hr-hr\/wp-json\/wp\/v2\/users\/5"}],"replies":[{"embeddable":true,"href":"https:\/\/intl.phonak.com\/hr-hr\/wp-json\/wp\/v2\/comments?post=435"}],"version-history":[{"count":9,"href":"https:\/\/intl.phonak.com\/hr-hr\/wp-json\/wp\/v2\/pages\/435\/revisions"}],"predecessor-version":[{"id":1573,"href":"https:\/\/intl.phonak.com\/hr-hr\/wp-json\/wp\/v2\/pages\/435\/revisions\/1573"}],"up":[{"embeddable":true,"href":"https:\/\/intl.phonak.com\/hr-hr\/wp-json\/wp\/v2\/pages\/410"}],"wp:attachment":[{"href":"https:\/\/intl.phonak.com\/hr-hr\/wp-json\/wp\/v2\/media?parent=435"}],"curies":[{"name":"wp","href":"https:\/\/api.w.org\/{rel}","templated":true}]}}